{"id":5,"date":"2017-02-27T05:02:38","date_gmt":"2017-02-27T05:02:38","guid":{"rendered":"https:\/\/www.spymasterpro.com\/it\/?page_id=5"},"modified":"2020-05-13T04:23:17","modified_gmt":"2020-05-13T04:23:17","slug":"home-page","status":"publish","type":"page","link":"https:\/\/www.spymasterpro.com\/nl\/","title":{"rendered":"Home Page"},"content":{"rendered":"<section id=\"feature\">\n<div class=\"container\">\n<div class=\"row\">\n<div class=\"col-lg-12 mobile_space\">\n<h4>SPYMASTER PRO FUNCTIES<\/h4>\n<div class=\"feature_full text-center\">\n<div class=\"col-xs-2-5 col-sm-1-5 col-md-1-5\">\n<h3>Phone Volgsysteem<\/h3>\n<p>&nbsp;<\/p>\n<\/div>\n<div class=\"col-xs-2-5 col-sm-1-5 col-md-1-5\">\n<h3>Sms Volgsysteem<\/h3>\n<p>&nbsp;<\/p>\n<\/div>\n<div class=\"col-xs-2-5 col-sm-1-5 col-md-1-5\">\n<h3>Call Logs Volgsysteem<\/h3>\n<p>&nbsp;<\/p>\n<\/div>\n<div class=\"col-xs-2-5 col-sm-1-5 col-md-1-5\">\n<h3>Whatsapp Volgsysteem<\/h3>\n<p>&nbsp;<\/p>\n<\/div>\n<div class=\"col-xs-2-5 col-sm-1-5 col-md-1-5\">\n<h3>Facebook Volgsysteem<\/h3>\n<p>&nbsp;<\/p>\n<\/div>\n<div class=\"col-xs-2-5 col-sm-1-5 col-md-1-5\">\n<h3>Snapchat Volgsysteem<\/h3>\n<p>&nbsp;<\/p>\n<\/div>\n<div class=\"col-xs-2-5 col-sm-1-5 col-md-1-5\">\n<h3>Instagram Volgsysteem<\/h3>\n<p>&nbsp;<\/p>\n<\/div>\n<div class=\"col-xs-2-5 col-sm-1-5 col-md-1-5\">\n<h3>Ge\u00efnstalleerde APP<\/h3>\n<p>&nbsp;<\/p>\n<\/div>\n<div class=\"col-xs-2-5 col-sm-1-5 col-md-1-5\">\n<h3>GPS Volgsysteem<\/h3>\n<p>&nbsp;<\/p>\n<\/div>\n<div class=\"col-xs-2-5 col-sm-1-5 col-md-1-5\">\n<h3>Multimedia Volgsysteem<\/h3>\n<p>&nbsp;<\/p>\n<\/div>\n<div class=\"col-xs-2-5 col-sm-1-5 col-md-1-5\">\n<h3>Web Browser History<\/h3>\n<p>&nbsp;<\/p>\n<\/div>\n<div class=\"col-xs-2-5 col-sm-1-5 col-md-1-5\">\n<h3>Email Volgsysteem<\/h3>\n<p>&nbsp;<\/p>\n<\/div>\n<div class=\"col-xs-2-5 col-sm-1-5 col-md-1-5\">\n<h3>Hangout Volgsysteem<\/h3>\n<p>&nbsp;<\/p>\n<\/div>\n<div class=\"col-xs-2-5 col-sm-1-5 col-md-1-5\">\n<h3>Viber Volgsysteem<\/h3>\n<p>&nbsp;<\/p>\n<\/div>\n<div class=\"col-xs-2-5 col-sm-1-5 col-md-1-5 sm-none\"><\/div>\n<div class=\"col-xs-2-5 col-sm-1-5 col-md-1-5 sm-none\"><\/div>\n<div class=\"col-xs-2-5 col-sm-1-5 col-md-1-5\">\n<h3>Tinder<br \/>\nTracking<\/h3>\n<p>&nbsp;<\/p>\n<\/div>\n<div class=\"col-xs-2-5 col-sm-1-5 col-md-1-5\">\n<h3>Telegram<br \/>\nTracking<\/h3>\n<p>&nbsp;<\/p>\n<\/div>\n<div class=\"col-xs-2-5 col-sm-1-5 col-md-1-5\"><a href=\"..\/nl\/kik-controle\/\"><i class=\"fa fa-kik\" aria-hidden=\"true\"><img decoding=\"async\" class=\"kik-blue\" src=\"https:\/\/www.spymasterpro.com\/nl\/wp-content\/uploads\/2019\/01\/kik.png\" \/><img decoding=\"async\" class=\"kik-white\" src=\"https:\/\/www.spymasterpro.com\/nl\/wp-content\/uploads\/2019\/01\/kik-white.png\" \/><br \/>\n<\/i><\/a><\/p>\n<h3>Kik<br \/>\nTracking<\/h3>\n<p>&nbsp;<\/p>\n<\/div>\n<\/div>\n<div class=\"text-xs-center add-new new-btn\"><a class=\"dark-btn\" href=\"https:\/\/www.spymasterpro.com\/nl\/koop-nu\/\">HAAL HET HIER<\/a><\/div>\n<\/div>\n<\/div>\n<\/div>\n<\/section>\n<section id=\"work\" class=\"\">\n<div class=\"container\">\n<div class=\"row\">\n<div class=\"work_content clearfix\">\n<div class=\"heading text-xs-center mrgn-botm\">\n<h4>HOE HET WERKT<\/h4>\n<div class=\"andriod-iphone-link\">\n<div class=\"andriod-iphone-icon\"><\/div>\n<\/div>\n<\/div>\n<div class=\"col-xl-4 col-lg-4 col-md-4 col-sm-4 col-xs-12 work_items text-xs-center wow slideInUp\">\n<div class=\"how-work-icon\"><\/div>\n<h5>KOOP SPYMASTER PRO<\/h5>\n<p>Klik op de knop Nu kopen of Nu kopen op onze website. Dien uw gegevens in. Nadat u de vereiste gegevens hebt ingevuld, gaat u verder met afrekenen.<\/p>\n<\/div>\n<div class=\"col-xl-4 col-lg-4 col-md-4 col-sm-4 col-xs-12 work_items text-xs-center slideInUp\">\n<div class=\"how-work-icon\"><\/div>\n<h5>INSTALLEER DE SOFTWARE<\/h5>\n<p>Download en installeer de software alleen in de doeltelefoon die u wilt bespioneren. Het duurt slechts 5 minuten. Volg de instructies die u per e-mail toegestuurd krijgt zorgvuldig.<\/p>\n<\/div>\n<div class=\"col-xl-4 col-lg-4 col-md-4 col-sm-4 col-xs-12 work_items text-xs-center wow slideInUp\">\n<div class=\"how-work-icon\"><\/div>\n<h5>BEGIN MET MONITOREN!!<\/h5>\n<p>Meld u aan bij uw Spionmaster Pro-configuratiescherm met behulp van de inloggegevens die u per e-mail zijn toegestuurd. Begin met het volgen van je naasten en dierbaren. Bescherm uw familie en bedrijf op afstand.<\/p>\n<\/div>\n<\/div>\n<div class=\"work_bottom text-xs-center slideInUp new-btn\"><a class=\"dark-btn\" href=\"https:\/\/www.spymasterpro.com\/nl\/koop-nu\/\">KOOP NU<\/a> <a class=\"dark-btn\" href=\"http:\/\/www.spymasterpro.com\/demo\/index.php\"><i class=\"fa fa-play\"><\/i> DEMO<\/a><\/div>\n<\/div>\n<\/div>\n<p>&nbsp;<\/p>\n<div style=\"color: #60ddff;\">\n<p>** Vereist geen installatie op iPhone<\/p>\n<p>Ontgrendel de iPhone-gegevens met Spymaster Pro (bijgewerkte versie)<\/p>\n<\/div>\n<p>&nbsp;<\/p>\n<\/section>\n<p><!--\n\n\n\n<section id=\"testimonial\">\n\n\n<div id=\"carousel2\" class=\"carousel fade-carousel slide\" data-ride=\"carousel\" data-interval=\"4000\">\n\n\n<h4>T\u00e9moignage<\/h4>\n\n\n\n\n<div class=\"carousel-inner\">\n\n\n<div class=\"carousel-item slides active\">\n\n\n<div class=\"row\">\n\n\n<div class=\"testimonial_txt text-xs-center\">\n\n\n<div class=\"profile-circle my-auto\"><img decoding=\"async\" src=\"https:\/\/www.spymasterpro.com\/fr\/wp-content\/themes\/spymaster\/images\/testmoinal_img1.png\" \/><\/div>\n\n\n\n\n<h5>BRYAN SIMMONS<\/h5>\n\n\nSpymaster Pro m'a \u00e9t\u00e9 r\u00e9f\u00e9r\u00e9 par mon ami Charles (ancien client de Spymaster). Je ne crois pas n\u2019importe qui facilement, mais, faites-moi confiance, j'ai vraiment aim\u00e9 ce logiciel. Je l'ai utilis\u00e9 pour surveiller mon fils car il a \u00e9t\u00e9 pi\u00e9g\u00e9 dans une mauvaise soci\u00e9t\u00e9 et maintenant, heureusement, il va bien\n\n<\/div>\n\n\n<\/div>\n\n\n<\/div>\n\n\n\n\n<div class=\"carousel-item slides\">\n\n\n<div class=\"row\">\n\n\n<div class=\"testimonial_txt text-xs-center\">\n\n\n<div class=\"profile-circle my-auto\"><img decoding=\"async\" src=\"https:\/\/www.spymasterpro.com\/fr\/wp-content\/themes\/spymaster\/images\/testmoinal_img2.png\" \/><\/div>\n\n\n\n\n<h5>STEVE BARNES<\/h5>\n\n\n\"J'ai eu un doute concernant mes 2 employ\u00e9s et je surfais sur Internet pour trouver une solution. Soudain, j'ai rencontr\u00e9 Spymaster Pro et lu \u00e0 propos de ses services. J'ai achet\u00e9 le logiciel et j\u2019ai commenc\u00e9 \u00e0 suivre leur t\u00e9l\u00e9phone portable. Malheureusement, ils avaient des informations confidentielles sur mon rival. J'ai pu r\u00e9soudre la situation intelligemment mais grand merci \u00e0 Spymaster Pro. \"\n\n<\/div>\n\n\n<\/div>\n\n\n<\/div>\n\n\n\n\n<div class=\"carousel-item slides\">\n\n\n<div class=\"row\">\n\n\n<div class=\"testimonial_txt text-xs-center\">\n\n\n<div class=\"profile-circle my-auto\"><img decoding=\"async\" src=\"https:\/\/www.spymasterpro.com\/fr\/wp-content\/themes\/spymaster\/images\/testmoinal_img3.png\" \/><\/div>\n\n\n\n\n<h5>TIM HUGHES<\/h5>\n\n\nCela pourrait sembler maladroit, mais ma femme \u00e9tait tr\u00e8s m\u00e9fiante ces jours-ci. Je lui ai demand\u00e9 plusieurs fois, mais en raison du manqu\u00e9 d\u2019information, j'ai pens\u00e9 \u00e0 acheter ce logiciel d'espionnage. \u00c0 l'aide de ce dernier, j'ai r\u00e9v\u00e9l\u00e9 qu'elle avait \u00e9t\u00e9 intimid\u00e9e par quelqu'un en ligne et ne pouvait pas partager cela avec moi. Ensuite, j'ai d\u00e9cid\u00e9 de l'aider sans lui faire savoir et, heureusement, j\u2019ai r\u00e9ussi. J'appr\u00e9cie vraiment Spymaster Pro pour leur aide car il fonctionne secr\u00e8tement\u201d\n\n<\/div>\n\n\n<\/div>\n\n\n<\/div>\n\n\n<\/div>\n\n\n<a class=\"left carousel-control\" href=\"#carousel2\" role=\"button\" data-slide=\"prev\">\n<i class=\"fa fa-angle-left\" aria-hidden=\"true\"><\/i>\n<\/a>\n<a class=\"right carousel-control\" href=\"#carousel2\" role=\"button\" data-slide=\"next\">\n<i class=\"fa fa-angle-right\" aria-hidden=\"true\"><\/i>\n<\/a><\/div>\n\n\n<\/section>\n\n--><\/p>\n","protected":false},"excerpt":{"rendered":"<p>SPYMASTER PRO FUNCTIES Phone Volgsysteem &nbsp; Sms Volgsysteem &nbsp; Call Logs Volgsysteem &nbsp; Whatsapp Volgsysteem &nbsp; Facebook Volgsysteem &nbsp; Snapchat Volgsysteem &nbsp; Instagram Volgsysteem &nbsp; Ge\u00efnstalleerde APP &nbsp; GPS Volgsysteem &nbsp; Multimedia Volgsysteem &nbsp; Web Browser History &nbsp; Email Volgsysteem &nbsp; Hangout Volgsysteem &nbsp; Viber Volgsysteem &nbsp; Tinder Tracking &nbsp; Telegram Tracking &nbsp; Kik Tracking &hellip; <a href=\"https:\/\/www.spymasterpro.com\/nl\/\" class=\"more-link\">Continue reading<span class=\"screen-reader-text\"> &#8220;Home Page&#8221;<\/span><\/a><\/p>\n","protected":false},"author":1,"featured_media":0,"parent":0,"menu_order":0,"comment_status":"closed","ping_status":"closed","template":"home-secure.php","meta":{"_acf_changed":false,"footnotes":""},"class_list":["post-5","page","type-page","status-publish","hentry"],"acf":[],"yoast_head":"<!-- This site is optimized with the Yoast SEO plugin v27.1.1 - https:\/\/yoast.com\/product\/yoast-seo-wordpress\/ -->\n<title>Software voor monitoring van mobiele telefoons | Mobiele bewakingsapp | Spymaster Pro<\/title>\n<meta name=\"description\" content=\"Spymaster Pro is een bewakingssoftware voor mobiele telefoons die wordt gebruikt om een smartphone-activiteit in realtime te volgen. U kunt in het geheim een telefoon volgen met onze app.\" \/>\n<meta name=\"robots\" content=\"index, follow, max-snippet:-1, max-image-preview:large, max-video-preview:-1\" \/>\n<link rel=\"canonical\" href=\"https:\/\/www.spymasterpro.com\/nl\/\" \/>\n<meta property=\"og:locale\" content=\"en_US\" \/>\n<meta property=\"og:type\" content=\"article\" \/>\n<meta property=\"og:title\" content=\"Software voor monitoring van mobiele telefoons | Mobiele bewakingsapp | Spymaster Pro\" \/>\n<meta property=\"og:description\" content=\"Spymaster Pro is een bewakingssoftware voor mobiele telefoons die wordt gebruikt om een smartphone-activiteit in realtime te volgen. U kunt in het geheim een telefoon volgen met onze app.\" \/>\n<meta property=\"og:url\" content=\"https:\/\/www.spymasterpro.com\/nl\/\" \/>\n<meta property=\"og:site_name\" content=\"Spymaster Pro\" \/>\n<meta property=\"article:modified_time\" content=\"2020-05-13T04:23:17+00:00\" \/>\n<meta property=\"og:image\" content=\"https:\/\/www.spymasterpro.com\/nl\/wp-content\/uploads\/2019\/01\/kik.png\" \/>\n<meta name=\"twitter:card\" content=\"summary_large_image\" \/>\n<meta name=\"twitter:label1\" content=\"Est. reading time\" \/>\n\t<meta name=\"twitter:data1\" content=\"1 minute\" \/>\n<script type=\"application\/ld+json\" class=\"yoast-schema-graph\">{\"@context\":\"https:\/\/schema.org\",\"@graph\":[{\"@type\":\"WebPage\",\"@id\":\"https:\/\/www.spymasterpro.com\/nl\/\",\"url\":\"https:\/\/www.spymasterpro.com\/nl\/\",\"name\":\"Software voor monitoring van mobiele telefoons | Mobiele bewakingsapp | Spymaster Pro\",\"isPartOf\":{\"@id\":\"https:\/\/www.spymasterpro.com\/nl\/#website\"},\"primaryImageOfPage\":{\"@id\":\"https:\/\/www.spymasterpro.com\/nl\/#primaryimage\"},\"image\":{\"@id\":\"https:\/\/www.spymasterpro.com\/nl\/#primaryimage\"},\"thumbnailUrl\":\"https:\/\/www.spymasterpro.com\/nl\/wp-content\/uploads\/2019\/01\/kik.png\",\"datePublished\":\"2017-02-27T05:02:38+00:00\",\"dateModified\":\"2020-05-13T04:23:17+00:00\",\"description\":\"Spymaster Pro is een bewakingssoftware voor mobiele telefoons die wordt gebruikt om een smartphone-activiteit in realtime te volgen. U kunt in het geheim een telefoon volgen met onze app.\",\"breadcrumb\":{\"@id\":\"https:\/\/www.spymasterpro.com\/nl\/#breadcrumb\"},\"inLanguage\":\"en-US\",\"potentialAction\":[{\"@type\":\"ReadAction\",\"target\":[\"https:\/\/www.spymasterpro.com\/nl\/\"]}]},{\"@type\":\"ImageObject\",\"inLanguage\":\"en-US\",\"@id\":\"https:\/\/www.spymasterpro.com\/nl\/#primaryimage\",\"url\":\"https:\/\/www.spymasterpro.com\/nl\/wp-content\/uploads\/2019\/01\/kik.png\",\"contentUrl\":\"https:\/\/www.spymasterpro.com\/nl\/wp-content\/uploads\/2019\/01\/kik.png\",\"width\":51,\"height\":29},{\"@type\":\"BreadcrumbList\",\"@id\":\"https:\/\/www.spymasterpro.com\/nl\/#breadcrumb\",\"itemListElement\":[{\"@type\":\"ListItem\",\"position\":1,\"name\":\"Home\",\"item\":\"https:\/\/www.spymasterpro.com\/nl\/\"},{\"@type\":\"ListItem\",\"position\":2,\"name\":\"Home Page\"}]},{\"@type\":\"WebSite\",\"@id\":\"https:\/\/www.spymasterpro.com\/nl\/#website\",\"url\":\"https:\/\/www.spymasterpro.com\/nl\/\",\"name\":\"Spymaster Pro\",\"description\":\"\",\"publisher\":{\"@id\":\"https:\/\/www.spymasterpro.com\/nl\/#organization\"},\"potentialAction\":[{\"@type\":\"SearchAction\",\"target\":{\"@type\":\"EntryPoint\",\"urlTemplate\":\"https:\/\/www.spymasterpro.com\/nl\/?s={search_term_string}\"},\"query-input\":{\"@type\":\"PropertyValueSpecification\",\"valueRequired\":true,\"valueName\":\"search_term_string\"}}],\"inLanguage\":\"en-US\"},{\"@type\":\"Organization\",\"@id\":\"https:\/\/www.spymasterpro.com\/nl\/#organization\",\"name\":\"Spymaster Pro\",\"url\":\"https:\/\/www.spymasterpro.com\/nl\/\",\"logo\":{\"@type\":\"ImageObject\",\"inLanguage\":\"en-US\",\"@id\":\"https:\/\/www.spymasterpro.com\/nl\/#\/schema\/logo\/image\/\",\"url\":\"https:\/\/www.spymasterpro.com\/nl\/wp-content\/uploads\/2017\/02\/footer_logo-1.png\",\"contentUrl\":\"https:\/\/www.spymasterpro.com\/nl\/wp-content\/uploads\/2017\/02\/footer_logo-1.png\",\"width\":188,\"height\":45,\"caption\":\"Spymaster Pro\"},\"image\":{\"@id\":\"https:\/\/www.spymasterpro.com\/nl\/#\/schema\/logo\/image\/\"}}]}<\/script>\n<!-- \/ Yoast SEO plugin. -->","yoast_head_json":{"title":"Software voor monitoring van mobiele telefoons | Mobiele bewakingsapp | Spymaster Pro","description":"Spymaster Pro is een bewakingssoftware voor mobiele telefoons die wordt gebruikt om een smartphone-activiteit in realtime te volgen. U kunt in het geheim een telefoon volgen met onze app.","robots":{"index":"index","follow":"follow","max-snippet":"max-snippet:-1","max-image-preview":"max-image-preview:large","max-video-preview":"max-video-preview:-1"},"canonical":"https:\/\/www.spymasterpro.com\/nl\/","og_locale":"en_US","og_type":"article","og_title":"Software voor monitoring van mobiele telefoons | Mobiele bewakingsapp | Spymaster Pro","og_description":"Spymaster Pro is een bewakingssoftware voor mobiele telefoons die wordt gebruikt om een smartphone-activiteit in realtime te volgen. U kunt in het geheim een telefoon volgen met onze app.","og_url":"https:\/\/www.spymasterpro.com\/nl\/","og_site_name":"Spymaster Pro","article_modified_time":"2020-05-13T04:23:17+00:00","og_image":[{"url":"https:\/\/www.spymasterpro.com\/nl\/wp-content\/uploads\/2019\/01\/kik.png","type":"","width":"","height":""}],"twitter_card":"summary_large_image","twitter_misc":{"Est. reading time":"1 minute"},"schema":{"@context":"https:\/\/schema.org","@graph":[{"@type":"WebPage","@id":"https:\/\/www.spymasterpro.com\/nl\/","url":"https:\/\/www.spymasterpro.com\/nl\/","name":"Software voor monitoring van mobiele telefoons | Mobiele bewakingsapp | Spymaster Pro","isPartOf":{"@id":"https:\/\/www.spymasterpro.com\/nl\/#website"},"primaryImageOfPage":{"@id":"https:\/\/www.spymasterpro.com\/nl\/#primaryimage"},"image":{"@id":"https:\/\/www.spymasterpro.com\/nl\/#primaryimage"},"thumbnailUrl":"https:\/\/www.spymasterpro.com\/nl\/wp-content\/uploads\/2019\/01\/kik.png","datePublished":"2017-02-27T05:02:38+00:00","dateModified":"2020-05-13T04:23:17+00:00","description":"Spymaster Pro is een bewakingssoftware voor mobiele telefoons die wordt gebruikt om een smartphone-activiteit in realtime te volgen. U kunt in het geheim een telefoon volgen met onze app.","breadcrumb":{"@id":"https:\/\/www.spymasterpro.com\/nl\/#breadcrumb"},"inLanguage":"en-US","potentialAction":[{"@type":"ReadAction","target":["https:\/\/www.spymasterpro.com\/nl\/"]}]},{"@type":"ImageObject","inLanguage":"en-US","@id":"https:\/\/www.spymasterpro.com\/nl\/#primaryimage","url":"https:\/\/www.spymasterpro.com\/nl\/wp-content\/uploads\/2019\/01\/kik.png","contentUrl":"https:\/\/www.spymasterpro.com\/nl\/wp-content\/uploads\/2019\/01\/kik.png","width":51,"height":29},{"@type":"BreadcrumbList","@id":"https:\/\/www.spymasterpro.com\/nl\/#breadcrumb","itemListElement":[{"@type":"ListItem","position":1,"name":"Home","item":"https:\/\/www.spymasterpro.com\/nl\/"},{"@type":"ListItem","position":2,"name":"Home Page"}]},{"@type":"WebSite","@id":"https:\/\/www.spymasterpro.com\/nl\/#website","url":"https:\/\/www.spymasterpro.com\/nl\/","name":"Spymaster Pro","description":"","publisher":{"@id":"https:\/\/www.spymasterpro.com\/nl\/#organization"},"potentialAction":[{"@type":"SearchAction","target":{"@type":"EntryPoint","urlTemplate":"https:\/\/www.spymasterpro.com\/nl\/?s={search_term_string}"},"query-input":{"@type":"PropertyValueSpecification","valueRequired":true,"valueName":"search_term_string"}}],"inLanguage":"en-US"},{"@type":"Organization","@id":"https:\/\/www.spymasterpro.com\/nl\/#organization","name":"Spymaster Pro","url":"https:\/\/www.spymasterpro.com\/nl\/","logo":{"@type":"ImageObject","inLanguage":"en-US","@id":"https:\/\/www.spymasterpro.com\/nl\/#\/schema\/logo\/image\/","url":"https:\/\/www.spymasterpro.com\/nl\/wp-content\/uploads\/2017\/02\/footer_logo-1.png","contentUrl":"https:\/\/www.spymasterpro.com\/nl\/wp-content\/uploads\/2017\/02\/footer_logo-1.png","width":188,"height":45,"caption":"Spymaster Pro"},"image":{"@id":"https:\/\/www.spymasterpro.com\/nl\/#\/schema\/logo\/image\/"}}]}},"_links":{"self":[{"href":"https:\/\/www.spymasterpro.com\/nl\/wp-json\/wp\/v2\/pages\/5","targetHints":{"allow":["GET"]}}],"collection":[{"href":"https:\/\/www.spymasterpro.com\/nl\/wp-json\/wp\/v2\/pages"}],"about":[{"href":"https:\/\/www.spymasterpro.com\/nl\/wp-json\/wp\/v2\/types\/page"}],"author":[{"embeddable":true,"href":"https:\/\/www.spymasterpro.com\/nl\/wp-json\/wp\/v2\/users\/1"}],"replies":[{"embeddable":true,"href":"https:\/\/www.spymasterpro.com\/nl\/wp-json\/wp\/v2\/comments?post=5"}],"version-history":[{"count":0,"href":"https:\/\/www.spymasterpro.com\/nl\/wp-json\/wp\/v2\/pages\/5\/revisions"}],"wp:attachment":[{"href":"https:\/\/www.spymasterpro.com\/nl\/wp-json\/wp\/v2\/media?parent=5"}],"curies":[{"name":"wp","href":"https:\/\/api.w.org\/{rel}","templated":true}]}}