{"id":223,"date":"2015-03-16T10:49:32","date_gmt":"2015-03-16T10:49:32","guid":{"rendered":"http:\/\/www.spymasterpro.com\/it\/?page_id=223"},"modified":"2019-05-27T08:11:49","modified_gmt":"2019-05-27T08:11:49","slug":"monitoraggio-del-cellulare-dei-figli","status":"publish","type":"page","link":"https:\/\/www.spymasterpro.com\/nl\/monitoraggio-del-cellulare-dei-figli\/","title":{"rendered":"Monitoraggio del Cellulare dei Figli"},"content":{"rendered":"<h2 style=\"color: black;\">Sapere Esattamente Dove Sono i Vostri Figli In Ogni Momento Del Giorno Grazie Al GPS Tracker.<\/h2>\n<div class=\"spy-viber-it-change\">\n<ul>\n<li>Controlla la rubrica cercando persone potenzialmente pericolose.<\/li>\n<li>Rimani aggiornato sui contenuti del cellulare di tuo figlio per scoprire se lui o lei ha alcun contenuto o MMS illegale.<\/li>\n<li>Proteggi il bambino da qualsiasi tipo di danno o bullismo andando alla radice dei problemi scoprendo come spiare SMS.<\/li>\n<li>Segui il log dei rapporti di tempo per sapere se tuo figlio sta usando il cellulare in momenti inopportuni, come durante la guida o troppo tardi la sera.<\/li>\n<li>Scopri il coinvolgimento di tuo figlio in attivit\u00e0 illegali o aspetti della vita pericolosi come il sexting.<\/li>\n<\/ul>\n<\/div>\n<p>Come genitori farete di tutto per mantenere vostro figlio lontano da qualsiasi tipo di attivit\u00e0 illegali. Ma nella maggior parte dei casi il giovane potrebbe nascondevi parti della sua vita. Ci\u00f2 rende estremamente difficile venire in soccorso del bambino quando affronta una situazione che ha il potenziale per rovinare la sua vita, spiare SMS pu\u00f2 essere un modo per essere informati.<\/p>\n<h4 class=\"heading01\"><b>Restate Informati Riguardo Alle Attivit\u00e0 di Vostro Figlio<\/b><\/h4>\n<p>Il vostro cuore sussulta ogni volta che vede o sente parlare di un bambino coinvolto in qualche circostanza sfortunata. Probabilmente il pensiero va alla possibilit\u00e0 che anche vostro figlio possa essere coinvolto nella stessa situazione e questo \u00e8 estremamente spaventoso. Per evitare tale evento iniziate a proteggere il vostro bambino scoprendo su tutte le attivit\u00e0 nelle quali \u00e8 coinvolto usando Spymaster Pro.<\/p>\n<h4 class=\"heading01\"><b>Proteggi Tuo Figlio In Ogni Momento<\/b><\/h4>\n<p>Le informazioni ottenute tramite il cellulare possono essere fonte di grande imbarazzo non solo per vostro figlio ma anche per tutta la famiglia. Le problematiche sono relative anche al fatto che i bambini possono diventare obiettivi di tentativi maliziosi e predatori sessuali. Prima di tutto e predatori divengono amici e poi rendono i ragazzi loro vittime attraverso l\u2019utilizzo del telefono. (sexting) Per riuscire a proteggere vostro figlio da comportamenti pericolosi e non adatti, dovreste utilizzare Spymaster Pro per tracciare in modo dinamico tutte le comunicazioni in entrata e uscita (come spiare SMS) dal cellulare di vostro figlio.<\/p>\n<h4 class=\"heading01\"><b>Introduzione Alla Nuova Soluzione Innovativa Per Il Monitoraggio Dei Figli<\/b><\/h4>\n<p>Grazie al nuovissimo Spymaster Pro potrete non semplicemente monitorare il cellulare di vostro figlio in ogni momento, ma potrete inoltre restare completamente nascosti mentre lo fate. Tutti i log delle chiamate e degli SMS vengono registrati inviati a un account sicuro spymaster creato specificatamente per voi in modo che possiate controllare ogni movimento in qualsiasi istante. Potrete controllare i log quante volte vorrete e scoprire se sono presenti delle potenziali minacce alla vita di vostro figlio e potrete di conseguenza agire immediatamente. Quello che rende unico questo software \u00e8 la incredibile interattivit\u00e0 dell\u2019interfaccia utente e la sua efficienza. Il nostro team R&amp;D lavora continuamente su aggiornamenti per rendere il software sempre pi\u00f9 user friendly.<\/p>\n<h4 class=\"heading01\"><b>Funzioni Fantastiche di Spymaster Pro<\/b><\/h4>\n<p>Spymaster Pro mette a disposizione un\u2019ampia variet\u00e0 di straordinarie funzioni che vi aiutano a controllare la vita di vostro figlio in diverse maniere, tra queste potrete sfruttare un localizzatore cellulare. Potrete scegliere tra la versione pro e basic a seconda delle funzioni che necessiterete.<\/p>\n<h2 style=\"color: black;margin-bottom: 20px;\">FUNZIONI DELLA VERSIONE BASIC<\/h2>\n<div class=\"content-1\">\n<p><!--\n\n\n<h2 class=\"tracking\"><span><img decoding=\"async\" src=\"http:\/\/www.spymasterpro.com\/wp-content\/uploads\/2015\/04\/call-tracking.png\" \/><\/span>Call Tracking<\/h2>\n\n\nThe first step to spy on your child, is to track who allyour child has been communicating to of late. Find out whoever your child is talking to with a detailed call log provided by the software.\n\n<\/div>\n\n\n\n\n<div class=\"content-1\">\n\n --><\/p>\n<h4 class=\"tracking\"><strong><i class=\"fa fa-hand-o-right\" aria-hidden=\"true\"><!--tr--><\/i>Tracciamento SMS<\/strong><\/h4>\n<p>Questa funzione \u00e8 particolarmente fondamentale per monitorare le attivit\u00e0 dei giovani d\u2019oggi visto che visualizza SMS. Spiare i messaggi sul cellulare \u00e8 un modo ideale di comprendere cosa stia facendo vostro figlio visto che i giovani moderni preferiscono questa forma di comunicazione alle chiamate vocali. Grazie al nostro software non sarete solamente in grado di ottenere i numeri dei contatti del mittente e destinatario, ma potrete inoltre leggere i messaggi cellulare parola per parola sia per quanto riguarda i messaggi inviati che quelli ricevuti. Spiare SMS Android e iPhone non sar\u00e0 mai stato cos\u00ec semplice.<\/p>\n<\/div>\n<div class=\"content-1\">\n<h4 class=\"tracking\"><strong><i class=\"fa fa-hand-o-right\" aria-hidden=\"true\"><!--tr--><\/i>Tracciare la Location tramite GPS<\/strong><\/h4>\n<p>Proibire a vostro figlio di andare in qualche luogo non funziona generalmente, vista l\u2019attitudine ribelle di molti giovani. Molto spesso mentiranno riguardo alle loro attivit\u00e0 e si recheranno in posti proibiti. Per assicurarsi che nulla di questo possa accadere potrete tenere una registrazione costante dei loro movimenti. Grazie al nostro GPS tracker sarete in grado di tracciare i movimenti di vostro figlio in ogni istante, spiare iPhone o qualsiasi altro smartphone grazie a questo localizzatore GPS integrato nel software.<\/p>\n<\/div>\n<div class=\"content-1\">\n<h4 class=\"tracking\"><strong><i class=\"fa fa-hand-o-right\" aria-hidden=\"true\"><!--tr--><\/i>Accesso alla rubrica dei numeri<\/strong><\/h4>\n<p>Scoprite l\u2019intera rete dei contratti di vostro figlio per comprendere con chi comunichi e agite in accordo se qualcosa di sospetto si verifichi.<\/p>\n<\/div>\n<div class=\"content-1\">\n<h4 class=\"tracking\"><strong><i class=\"fa fa-hand-o-right\" aria-hidden=\"true\"><!--tr--><\/i>Tracciamento Email e Foto<\/strong><\/h4>\n<p>Un\u2019altra modalit\u00e0 utilizzata per comunicare tra i giovani d\u2019oggi \u00e8 il servizio di e-mail. Grazie a questa funzione del software tutte le comunicazioni tramite e-mail saranno registrate all\u2019interno della vostra area membro e potrete controllarle quando desidererete. Tutte le foto che visioner\u00e0 vostro figlio attraverso il cellulare verranno inoltre caricate sul sito Web dal quale potrete controllare ogni visualizzazione di vostro figlio attraverso la vostra area membro.<\/p>\n<\/div>\n<div style=\"float: left; width: 100%;\">\n<div class=\"col-xl-12 col-xs-12 col-sm-12 col-md-12 strip_txt text-xs-center bigtext-red\" style=\"margin-bottom: 20px;\">Obtenha o Spymaster B\u00e1sico por Apenas $6.66 por m\u00eas<\/div>\n<div class=\"strip_btn feature_bottom text-xs-center\"><a class=\"hidden-sm-down blue_btn\" href=\"https:\/\/www.spymasterpro.com\/demo\/\">Demonstra\u00e7\u00e3o ao vivo<\/a> <a class=\"hidden-sm-down white_btn demo_btn\" href=\"https:\/\/www.spymasterpro.com\/it\/acquista-ora\/\"> Compre Agora<br \/>\n<\/a> <a class=\"white_btn demo_btn hidden-md-up\" href=\"http:\/\/www.spymasterpro.com\/como-spymaster-pro-funciona\/\">saiba mais<\/a> <a class=\"white_btn demo_btn hidden-md-up\" href=\"https:\/\/www.spymasterpro.com\/it\/acquista-ora\/\"> Compre Agora<br \/>\n<\/a><\/div>\n<p><!--p style=\"text-align:center; font-size:\"16px; float:\"left;\"><span style=\"font-size:18px; font-weight:bold; \">Atualmente apenas dispon\u00edvel para usu\u00e1rios Android!<\/span><\/p-->\n<\/div>\n<h2 style=\"color: black; margin-bottom: 20px;\">FUNZIONI DELLA VERSIONE PRO<\/h2>\n<div class=\"content-1\">\n<h4 class=\"tracking\"><strong><i class=\"fa fa-hand-o-right\" aria-hidden=\"true\"><!--tr--><\/i>Tracciamento WhatsApp<\/strong><\/h4>\n<p>Attraverso l\u2019aiuto di Spymaster Pro sarete in grado di leggere le intere conversazioni dei vostri figli adolescenti o del vostro coniuge che vi tradisce. Traccer\u00e0 inoltre le foto \u00a0condivisi correlati a data e ora, funzionando in modo similare all\u2019opzione SMS spia Android e iPhone. Una risorsa realmente preziosa<\/p>\n<\/div>\n<h4><strong><i class=\"fa fa-hand-o-right\" aria-hidden=\"true\"><!--tr--><\/i>Tracciamento Facebook Messenger<\/strong><\/h4>\n<div class=\"content-1\">\n<p>Spymaster Pro vi permette di tracciare tutto ci\u00f2 che succede su Facebook, spiare le conversazioni Facebook sar\u00e0 realmente un gioco da ragazzi, potrete inoltre scoprire password Facebook e vedere chat Facebook. Tutto questo con data e ora correlati. Spiare conversazioni Facebook altrui \u00e8 ormai una realt\u00e0 consolidata grazie a questo software.<\/p>\n<\/div>\n<p><!--\n\n\n<div class=\"content-1\">\n\n\n<h2 class=\"tracking\"><span><img decoding=\"async\" src=\"http:\/\/www.spymasterpro.com\/wp-content\/uploads\/2015\/04\/Call-listening.png\" \/><\/span>Listen To Calls<\/h2>\n\n\nThis is a new age feature which has revolutionized cell spying. With this spectacular feature you can listen to any of your child\u2019s conversation dynamically.\n\n<\/div>\n\n\n&nbsp;\n\n\n<div class=\"content-1\">\n\n\n<h2 class=\"tracking\"><span><img decoding=\"async\" src=\"http:\/\/www.spymasterpro.com\/wp-content\/uploads\/2015\/04\/Surround-listening.png\" \/><\/span>Environment Listening and Recording<\/h2>\n\n\nOnce you retrieve the identity of the person making the call to your child you can immediately call that person and listen to his\/her surroundings. You can also listen to the conversation that is going on, nearby the caller\n\n<\/div>\n\n\n--><\/p>\n<div style=\"float: left; width: 100%;\">\n<div class=\"col-xl-12 col-xs-12 col-sm-12 col-md-12 strip_txt text-xs-center bigtext-red\" style=\"margin-bottom: 20px;\">Obtenha o Spymaster por iPhone $9.99 por m\u00eas<\/div>\n<div class=\"strip_btn feature_bottom text-xs-center\"><a class=\"hidden-sm-down blue_btn\" href=\"https:\/\/www.spymasterpro.com\/demo\/\">Demonstra\u00e7\u00e3o ao vivo<\/a> <a class=\"hidden-sm-down white_btn demo_btn\" href=\"https:\/\/www.spymasterpro.com\/it\/acquista-ora\/\"> Compre Agora<br \/>\n<\/a> <a class=\"white_btn demo_btn hidden-md-up\" href=\"http:\/\/www.spymasterpro.com\/como-spymaster-pro-funciona\/\">saiba mais<\/a> <a class=\"white_btn demo_btn hidden-md-up\" href=\"https:\/\/www.spymasterpro.com\/it\/acquista-ora\/\"> Compre Agora<br \/>\n<\/a><\/div>\n<p><!--p style=\"text-align:center; font-size:\"16px; float:\"left;\"><span style=\"font-size:18px; font-weight:bold; \">Atualmente apenas dispon\u00edvel para usu\u00e1rios Android!<\/span><\/p-->\n<\/div>\n","protected":false},"excerpt":{"rendered":"<p>Sapere Esattamente Dove Sono i Vostri Figli In Ogni Momento Del Giorno Grazie Al GPS Tracker. Controlla la rubrica cercando persone potenzialmente pericolose. Rimani aggiornato sui contenuti del cellulare di tuo figlio per scoprire se lui o lei ha alcun contenuto o MMS illegale. Proteggi il bambino da qualsiasi tipo di danno o bullismo andando &hellip; <a href=\"https:\/\/www.spymasterpro.com\/nl\/monitoraggio-del-cellulare-dei-figli\/\" class=\"more-link\">Continue reading<span class=\"screen-reader-text\"> &#8220;Monitoraggio del Cellulare dei Figli&#8221;<\/span><\/a><\/p>\n","protected":false},"author":1,"featured_media":1761,"parent":0,"menu_order":0,"comment_status":"open","ping_status":"open","template":"","meta":{"_acf_changed":false,"footnotes":""},"class_list":["post-223","page","type-page","status-publish","has-post-thumbnail","hentry"],"acf":[],"yoast_head":"<!-- This site is optimized with the Yoast SEO plugin v27.1.1 - https:\/\/yoast.com\/product\/yoast-seo-wordpress\/ -->\n<title>Monitoraggio del cellulare dei figli\/ Software adatto per il controllo dei genitori-Spymaster Pro<\/title>\n<meta name=\"description\" content=\"Monitoraggio dei cellulari dei figli permette di monitorare qualsiasi attivit\u00e0 del cellulare di tuo figlio. Puoi tracciare le chiamate, messaggi, Whatsapp, messagi Facebook e l\u2019account Snapchat. Se stai cercando il miglior software adatto per il monitoraggio per i genitori, allora devi provare il nostro Spymaster Pro per i dispositivi Android e iPhone.\" \/>\n<meta name=\"robots\" content=\"index, follow, max-snippet:-1, max-image-preview:large, max-video-preview:-1\" \/>\n<link rel=\"canonical\" href=\"https:\/\/www.spymasterpro.com\/nl\/monitoraggio-del-cellulare-dei-figli\/\" \/>\n<meta property=\"og:locale\" content=\"en_US\" \/>\n<meta property=\"og:type\" content=\"article\" \/>\n<meta property=\"og:title\" content=\"Monitoraggio del cellulare dei figli\/ Software adatto per il controllo dei genitori-Spymaster Pro\" \/>\n<meta property=\"og:description\" content=\"Monitoraggio dei cellulari dei figli permette di monitorare qualsiasi attivit\u00e0 del cellulare di tuo figlio. Puoi tracciare le chiamate, messaggi, Whatsapp, messagi Facebook e l\u2019account Snapchat. Se stai cercando il miglior software adatto per il monitoraggio per i genitori, allora devi provare il nostro Spymaster Pro per i dispositivi Android e iPhone.\" \/>\n<meta property=\"og:url\" content=\"https:\/\/www.spymasterpro.com\/nl\/monitoraggio-del-cellulare-dei-figli\/\" \/>\n<meta property=\"og:site_name\" content=\"Spymaster Pro\" \/>\n<meta property=\"article:modified_time\" content=\"2019-05-27T08:11:49+00:00\" \/>\n<meta property=\"og:image\" content=\"https:\/\/www.spymasterpro.com\/nl\/wp-content\/uploads\/2018\/07\/Bambino-Monitoraggio-del-cellulare.jpg\" \/>\n\t<meta property=\"og:image:width\" content=\"650\" \/>\n\t<meta property=\"og:image:height\" content=\"350\" \/>\n\t<meta property=\"og:image:type\" content=\"image\/jpeg\" \/>\n<meta name=\"twitter:card\" content=\"summary_large_image\" \/>\n<meta name=\"twitter:label1\" content=\"Est. reading time\" \/>\n\t<meta name=\"twitter:data1\" content=\"5 minutes\" \/>\n<script type=\"application\/ld+json\" class=\"yoast-schema-graph\">{\"@context\":\"https:\/\/schema.org\",\"@graph\":[{\"@type\":\"WebPage\",\"@id\":\"https:\/\/www.spymasterpro.com\/nl\/monitoraggio-del-cellulare-dei-figli\/\",\"url\":\"https:\/\/www.spymasterpro.com\/nl\/monitoraggio-del-cellulare-dei-figli\/\",\"name\":\"Monitoraggio del cellulare dei figli\/ Software adatto per il controllo dei genitori-Spymaster Pro\",\"isPartOf\":{\"@id\":\"https:\/\/www.spymasterpro.com\/nl\/#website\"},\"primaryImageOfPage\":{\"@id\":\"https:\/\/www.spymasterpro.com\/nl\/monitoraggio-del-cellulare-dei-figli\/#primaryimage\"},\"image\":{\"@id\":\"https:\/\/www.spymasterpro.com\/nl\/monitoraggio-del-cellulare-dei-figli\/#primaryimage\"},\"thumbnailUrl\":\"https:\/\/www.spymasterpro.com\/nl\/wp-content\/uploads\/2018\/07\/Bambino-Monitoraggio-del-cellulare.jpg\",\"datePublished\":\"2015-03-16T10:49:32+00:00\",\"dateModified\":\"2019-05-27T08:11:49+00:00\",\"description\":\"Monitoraggio dei cellulari dei figli permette di monitorare qualsiasi attivit\u00e0 del cellulare di tuo figlio. Puoi tracciare le chiamate, messaggi, Whatsapp, messagi Facebook e l\u2019account Snapchat. Se stai cercando il miglior software adatto per il monitoraggio per i genitori, allora devi provare il nostro Spymaster Pro per i dispositivi Android e iPhone.\",\"breadcrumb\":{\"@id\":\"https:\/\/www.spymasterpro.com\/nl\/monitoraggio-del-cellulare-dei-figli\/#breadcrumb\"},\"inLanguage\":\"en-US\",\"potentialAction\":[{\"@type\":\"ReadAction\",\"target\":[\"https:\/\/www.spymasterpro.com\/nl\/monitoraggio-del-cellulare-dei-figli\/\"]}]},{\"@type\":\"ImageObject\",\"inLanguage\":\"en-US\",\"@id\":\"https:\/\/www.spymasterpro.com\/nl\/monitoraggio-del-cellulare-dei-figli\/#primaryimage\",\"url\":\"https:\/\/www.spymasterpro.com\/nl\/wp-content\/uploads\/2018\/07\/Bambino-Monitoraggio-del-cellulare.jpg\",\"contentUrl\":\"https:\/\/www.spymasterpro.com\/nl\/wp-content\/uploads\/2018\/07\/Bambino-Monitoraggio-del-cellulare.jpg\",\"width\":650,\"height\":350,\"caption\":\"Bambino Monitoraggio del cellulare\"},{\"@type\":\"BreadcrumbList\",\"@id\":\"https:\/\/www.spymasterpro.com\/nl\/monitoraggio-del-cellulare-dei-figli\/#breadcrumb\",\"itemListElement\":[{\"@type\":\"ListItem\",\"position\":1,\"name\":\"Home\",\"item\":\"https:\/\/www.spymasterpro.com\/nl\/\"},{\"@type\":\"ListItem\",\"position\":2,\"name\":\"Monitoraggio del Cellulare dei Figli\"}]},{\"@type\":\"WebSite\",\"@id\":\"https:\/\/www.spymasterpro.com\/nl\/#website\",\"url\":\"https:\/\/www.spymasterpro.com\/nl\/\",\"name\":\"Spymaster Pro\",\"description\":\"\",\"publisher\":{\"@id\":\"https:\/\/www.spymasterpro.com\/nl\/#organization\"},\"potentialAction\":[{\"@type\":\"SearchAction\",\"target\":{\"@type\":\"EntryPoint\",\"urlTemplate\":\"https:\/\/www.spymasterpro.com\/nl\/?s={search_term_string}\"},\"query-input\":{\"@type\":\"PropertyValueSpecification\",\"valueRequired\":true,\"valueName\":\"search_term_string\"}}],\"inLanguage\":\"en-US\"},{\"@type\":\"Organization\",\"@id\":\"https:\/\/www.spymasterpro.com\/nl\/#organization\",\"name\":\"Spymaster Pro\",\"url\":\"https:\/\/www.spymasterpro.com\/nl\/\",\"logo\":{\"@type\":\"ImageObject\",\"inLanguage\":\"en-US\",\"@id\":\"https:\/\/www.spymasterpro.com\/nl\/#\/schema\/logo\/image\/\",\"url\":\"https:\/\/www.spymasterpro.com\/nl\/wp-content\/uploads\/2017\/02\/footer_logo-1.png\",\"contentUrl\":\"https:\/\/www.spymasterpro.com\/nl\/wp-content\/uploads\/2017\/02\/footer_logo-1.png\",\"width\":188,\"height\":45,\"caption\":\"Spymaster Pro\"},\"image\":{\"@id\":\"https:\/\/www.spymasterpro.com\/nl\/#\/schema\/logo\/image\/\"}}]}<\/script>\n<!-- \/ Yoast SEO plugin. -->","yoast_head_json":{"title":"Monitoraggio del cellulare dei figli\/ Software adatto per il controllo dei genitori-Spymaster Pro","description":"Monitoraggio dei cellulari dei figli permette di monitorare qualsiasi attivit\u00e0 del cellulare di tuo figlio. Puoi tracciare le chiamate, messaggi, Whatsapp, messagi Facebook e l\u2019account Snapchat. Se stai cercando il miglior software adatto per il monitoraggio per i genitori, allora devi provare il nostro Spymaster Pro per i dispositivi Android e iPhone.","robots":{"index":"index","follow":"follow","max-snippet":"max-snippet:-1","max-image-preview":"max-image-preview:large","max-video-preview":"max-video-preview:-1"},"canonical":"https:\/\/www.spymasterpro.com\/nl\/monitoraggio-del-cellulare-dei-figli\/","og_locale":"en_US","og_type":"article","og_title":"Monitoraggio del cellulare dei figli\/ Software adatto per il controllo dei genitori-Spymaster Pro","og_description":"Monitoraggio dei cellulari dei figli permette di monitorare qualsiasi attivit\u00e0 del cellulare di tuo figlio. Puoi tracciare le chiamate, messaggi, Whatsapp, messagi Facebook e l\u2019account Snapchat. Se stai cercando il miglior software adatto per il monitoraggio per i genitori, allora devi provare il nostro Spymaster Pro per i dispositivi Android e iPhone.","og_url":"https:\/\/www.spymasterpro.com\/nl\/monitoraggio-del-cellulare-dei-figli\/","og_site_name":"Spymaster Pro","article_modified_time":"2019-05-27T08:11:49+00:00","og_image":[{"width":650,"height":350,"url":"https:\/\/www.spymasterpro.com\/nl\/wp-content\/uploads\/2018\/07\/Bambino-Monitoraggio-del-cellulare.jpg","type":"image\/jpeg"}],"twitter_card":"summary_large_image","twitter_misc":{"Est. reading time":"5 minutes"},"schema":{"@context":"https:\/\/schema.org","@graph":[{"@type":"WebPage","@id":"https:\/\/www.spymasterpro.com\/nl\/monitoraggio-del-cellulare-dei-figli\/","url":"https:\/\/www.spymasterpro.com\/nl\/monitoraggio-del-cellulare-dei-figli\/","name":"Monitoraggio del cellulare dei figli\/ Software adatto per il controllo dei genitori-Spymaster Pro","isPartOf":{"@id":"https:\/\/www.spymasterpro.com\/nl\/#website"},"primaryImageOfPage":{"@id":"https:\/\/www.spymasterpro.com\/nl\/monitoraggio-del-cellulare-dei-figli\/#primaryimage"},"image":{"@id":"https:\/\/www.spymasterpro.com\/nl\/monitoraggio-del-cellulare-dei-figli\/#primaryimage"},"thumbnailUrl":"https:\/\/www.spymasterpro.com\/nl\/wp-content\/uploads\/2018\/07\/Bambino-Monitoraggio-del-cellulare.jpg","datePublished":"2015-03-16T10:49:32+00:00","dateModified":"2019-05-27T08:11:49+00:00","description":"Monitoraggio dei cellulari dei figli permette di monitorare qualsiasi attivit\u00e0 del cellulare di tuo figlio. Puoi tracciare le chiamate, messaggi, Whatsapp, messagi Facebook e l\u2019account Snapchat. Se stai cercando il miglior software adatto per il monitoraggio per i genitori, allora devi provare il nostro Spymaster Pro per i dispositivi Android e iPhone.","breadcrumb":{"@id":"https:\/\/www.spymasterpro.com\/nl\/monitoraggio-del-cellulare-dei-figli\/#breadcrumb"},"inLanguage":"en-US","potentialAction":[{"@type":"ReadAction","target":["https:\/\/www.spymasterpro.com\/nl\/monitoraggio-del-cellulare-dei-figli\/"]}]},{"@type":"ImageObject","inLanguage":"en-US","@id":"https:\/\/www.spymasterpro.com\/nl\/monitoraggio-del-cellulare-dei-figli\/#primaryimage","url":"https:\/\/www.spymasterpro.com\/nl\/wp-content\/uploads\/2018\/07\/Bambino-Monitoraggio-del-cellulare.jpg","contentUrl":"https:\/\/www.spymasterpro.com\/nl\/wp-content\/uploads\/2018\/07\/Bambino-Monitoraggio-del-cellulare.jpg","width":650,"height":350,"caption":"Bambino Monitoraggio del cellulare"},{"@type":"BreadcrumbList","@id":"https:\/\/www.spymasterpro.com\/nl\/monitoraggio-del-cellulare-dei-figli\/#breadcrumb","itemListElement":[{"@type":"ListItem","position":1,"name":"Home","item":"https:\/\/www.spymasterpro.com\/nl\/"},{"@type":"ListItem","position":2,"name":"Monitoraggio del Cellulare dei Figli"}]},{"@type":"WebSite","@id":"https:\/\/www.spymasterpro.com\/nl\/#website","url":"https:\/\/www.spymasterpro.com\/nl\/","name":"Spymaster Pro","description":"","publisher":{"@id":"https:\/\/www.spymasterpro.com\/nl\/#organization"},"potentialAction":[{"@type":"SearchAction","target":{"@type":"EntryPoint","urlTemplate":"https:\/\/www.spymasterpro.com\/nl\/?s={search_term_string}"},"query-input":{"@type":"PropertyValueSpecification","valueRequired":true,"valueName":"search_term_string"}}],"inLanguage":"en-US"},{"@type":"Organization","@id":"https:\/\/www.spymasterpro.com\/nl\/#organization","name":"Spymaster Pro","url":"https:\/\/www.spymasterpro.com\/nl\/","logo":{"@type":"ImageObject","inLanguage":"en-US","@id":"https:\/\/www.spymasterpro.com\/nl\/#\/schema\/logo\/image\/","url":"https:\/\/www.spymasterpro.com\/nl\/wp-content\/uploads\/2017\/02\/footer_logo-1.png","contentUrl":"https:\/\/www.spymasterpro.com\/nl\/wp-content\/uploads\/2017\/02\/footer_logo-1.png","width":188,"height":45,"caption":"Spymaster Pro"},"image":{"@id":"https:\/\/www.spymasterpro.com\/nl\/#\/schema\/logo\/image\/"}}]}},"_links":{"self":[{"href":"https:\/\/www.spymasterpro.com\/nl\/wp-json\/wp\/v2\/pages\/223","targetHints":{"allow":["GET"]}}],"collection":[{"href":"https:\/\/www.spymasterpro.com\/nl\/wp-json\/wp\/v2\/pages"}],"about":[{"href":"https:\/\/www.spymasterpro.com\/nl\/wp-json\/wp\/v2\/types\/page"}],"author":[{"embeddable":true,"href":"https:\/\/www.spymasterpro.com\/nl\/wp-json\/wp\/v2\/users\/1"}],"replies":[{"embeddable":true,"href":"https:\/\/www.spymasterpro.com\/nl\/wp-json\/wp\/v2\/comments?post=223"}],"version-history":[{"count":0,"href":"https:\/\/www.spymasterpro.com\/nl\/wp-json\/wp\/v2\/pages\/223\/revisions"}],"wp:featuredmedia":[{"embeddable":true,"href":"https:\/\/www.spymasterpro.com\/nl\/wp-json\/wp\/v2\/media\/1761"}],"wp:attachment":[{"href":"https:\/\/www.spymasterpro.com\/nl\/wp-json\/wp\/v2\/media?parent=223"}],"curies":[{"name":"wp","href":"https:\/\/api.w.org\/{rel}","templated":true}]}}