{"id":214,"date":"2015-03-16T09:58:08","date_gmt":"2015-03-16T09:58:08","guid":{"rendered":"http:\/\/www.spymasterpro.com\/it\/?page_id=214"},"modified":"2019-05-27T07:59:36","modified_gmt":"2019-05-27T07:59:36","slug":"monitoraggio-dei-dipendenti","status":"publish","type":"page","link":"https:\/\/www.spymasterpro.com\/nl\/monitoraggio-dei-dipendenti\/","title":{"rendered":"Monitoraggio dei Dipendenti"},"content":{"rendered":"<h2 style=\"color: black;\">Monitora i Dipendenti con Spymaster Pro<\/h2>\n<div class=\"spy-viber-it-change\">\n<ul>\n<li>Traccia dove si recano i tuoi dipendenti e chi incontrano attraverso la funzione di tracciamento GPS. Si tratta di un software di monitoraggio delle attivit\u00e0 dei dipendenti facile da utilizzare.<\/li>\n<li>Ottieni l\u2019accesso a ogni comunicazione inviata dal telefono del tuo dipendente in modo legale. Un software di monitoraggio dei dipendenti completamente sicuro e brevettato.<\/li>\n<li>Measure the productivity of your employees by dynamically tracking their whereabouts.<\/li>\n<li>Calcola la produttivit\u00e0 dei tuoi dipendenti tracciando dinamicamente quello che fanno.<\/li>\n<li>Raccogli prove inerenti ai dipendenti che stiano cercando di danneggiare la tua compagnia. In questo caso il monitoraggio dei dipendenti \u00e8 fondamentale.<\/li>\n<li>Resta nascosto mentre spii i tuoi dipendenti.<\/li>\n<\/ul>\n<\/div>\n<p>Le attivit\u00e0 fraudolente dei dipendenti possono causare gravi danni e vergogna alla tua compagnia. Quindi come manager devi essere sempre attento riguardo a questa tipologia di attivit\u00e0 vigilando e monitorando costantemente anche utilizzando una app. Tenere una registrazione costante delle attivit\u00e0 dei dipendenti potrebbe essere difficile anche per un manager efficiente. Ecco perch\u00e9 \u00e8 possibile utilizzare un software per monitorare i dipendenti in modo da incrementare le prestazioni di limitare l\u2019inefficienza. Molte delle difficolt\u00e0 sono legate alla possibilit\u00e0 che dipendenti facciano trapelare informazioni importanti per la compagnia. Se si desidera tracciare esattamente quali informazioni vengano fatte trapelare potreste pensare di utilizzare un software come Spymaster Pro in modo da mantenere traccia di tutte le comunicazioni dei dipendenti.<br \/>\nScoprire Di Pi\u00f9 Riguardo Alle Attivit\u00e0 Dei Dipendenti Con Spymaster Pro<br \/>\nSpymaster Pro aiuta a tenere traccia di ogni conversazione in entrata e uscita dal telefono cellulare del dipendente in tempo reale. La costante ricerca e sviluppo effettuato dalla compagnia porta a nuove soluzioni continuamente aggiornate del software come per esempio il tracciamento in tempo reale delle persone che stanno effettuando delle chiamate al telefono monitorato. Ottenendo accesso a queste informazioni sar\u00e0 possibile risolvere velocemente i problemi di informazioni che trapelano dalla vostra compagnia mantenendo sempre sicure le informazioni confidenziali e inoltre prendendo le corrette misure per risolvere il problema. Una volta che il software venga installato sarete in grado di ottenere le informazioni delle quali necessitate direttamente sul vostro PC di casa.<br \/>\nPerch\u00e9 Optare per Spymaster Pro ?<br \/>\nSpymaster Pro si distingue dagli altri software spia per un\u2019ampia variet\u00e0 di funzionalit\u00e0 disponibili all\u2019utente. La semplicit\u00e0 di utilizzo del software attraverso la sua interfaccia utente \u00e8 probabilmente la ragione principale per la quale questo software \u00e8 diventato tra i favoriti degli utenti.<\/p>\n<h2 style=\"color: black;\">Funzionalit\u00e0<\/h2>\n<h4><span style=\"font-size: 20px; font-weight: bold;\">Tracciamento SMS<\/span><\/h4>\n<p>Il registro completo degli SMS provenienti dal telefono del vostro dipendente sar\u00e0 a vostra disposizione. Anche dopo che il dipendente abbia cancellato i messaggi dal suo cellulare riceverete registro degli SMS con il contenuto del messaggio.<\/p>\n<h4 class=\"tracking\"><i class=\"fa fa-hand-o-right\" aria-hidden=\"true\"><!--tr--><\/i> Tracciamento Location tramite GPS<\/h4>\n<p>Potrete scoprire dove si trovi esattamente il vostro dipendente in un certo momento utilizzando il GPS tracker. Questo potrebbe risultare estremamente utile per tracciare i rappresentanti e scoprire esattamente cosa stiano facendo in ogni istante. Rintracciare cellulare non sar\u00e0 mai stato cos\u00ec semplice. Il modo ideale per capire come controllare un cellulare.<\/p>\n<h4 class=\"tracking\"><i class=\"fa fa-hand-o-right\" aria-hidden=\"true\"><!--tr--><\/i> Accesso alla rubrica dei numeri<\/h4>\n<p>Ottenere l\u2019accesso completo alla rubrica dei numeri dei vostri dipendenti e scoprire quali siano i loro contatti. Questo potrebbe risultare fondamentale per la vostra compagnia.<\/p>\n<h4 class=\"tracking\"><i class=\"fa fa-hand-o-right\" aria-hidden=\"true\"><!--tr--><\/i> Tracciamento e-mail e telefono<\/h4>\n<p>Ottenere accesso ai contenuti di ogni e-mail inviata dal telefono del vostro dipendente. Lo stesso vale per le foto cliccate che verranno immagazzinate in una location sicura alla quale potrete accedere con facilit\u00e0.<\/p>\n<div class=\"col-xl-12 col-xs-12 col-sm-12 col-md-12 strip_txt text-xs-center bigtext-red\" style=\"margin-bottom: 20px;\">Obtenha o Spymaster B\u00e1sico por Apenas $6.66 por m\u00eas<\/div>\n<div class=\"strip_btn feature_bottom text-xs-center\"><a class=\"hidden-sm-down blue_btn\" href=\"https:\/\/www.spymasterpro.com\/demo\/\">Demonstra\u00e7\u00e3o ao vivo<\/a> <a class=\"hidden-sm-down white_btn demo_btn\" href=\"https:\/\/www.spymasterpro.com\/it\/acquista-ora\/\"> Compre Agora<br \/>\n<\/a> <a class=\"white_btn demo_btn hidden-md-up\" href=\"http:\/\/www.spymasterpro.com\/it\/como-spymaster-pro-funciona\/\">saiba mais<\/a> <a class=\"white_btn demo_btn hidden-md-up\" href=\"https:\/\/www.spymasterpro.com\/it\/acquista-ora\/\"> Compre Agora<br \/>\n<\/a><\/div>\n<h2 style=\"color: black; margin-top: 20px;\">Funzionalit\u00e0 Complete Grazie Alla Versione a Pagamento<\/h2>\n<h4 class=\"tracking\"><i class=\"fa fa-hand-o-right\" aria-hidden=\"true\"><!--tr--><\/i> Tracciamento WhatsApp<\/h4>\n<p>Grazie all\u2019aiuto di Spymaster Pro potrete leggere le conversazioni complete dei vostri figli adolescenti o il vostro coniuge che vi tradisce, lo stesso vale ovviamente per i vostri dipendenti. Traccer\u00e0 inoltre le foto condivise e che saranno messi a disposizione correlati con data e ora.<\/p>\n<h4 class=\"tracking\"><i class=\"fa fa-hand-o-right\" aria-hidden=\"true\"><!--tr--><\/i> Tracciamento Facebook Messenger<\/h4>\n<p>Spymaster Pro permette di tracciare tutto ci\u00f2 che succede nelle conversazioni chat Facebook in modo remoto e con data e ora correlati. Il modo ideale di monitorare le conversazioni Facebook. Spiare messaggi Facebook non \u00e8 pi\u00f9 un miraggio, ma una realt\u00e0 a portata di mano. Lo stesso vale per spiare messaggi whatsapp iPhone e spiare messaggi Whatsapp Android.<\/p>\n<h4 class=\"tracking\"><i class=\"fa fa-hand-o-right\" aria-hidden=\"true\"><!--tr--><\/i> SNAPCHAT puntamento<\/h4>\n<p>Con questa funzionalit\u00e0 \u00e8 possibile controllare in modo completo i messaggi di testo scambiati dal telefono di destinazione. Oltre a questo, puoi accedere a informazioni complete come la data e l\u2019ora esatti delle conversazioni.<\/p>\n<h4 class=\"tracking\"><i class=\"fa fa-hand-o-right\" aria-hidden=\"true\"><!--tr--><\/i> INSTAGRAM puntamento<\/h4>\n<p>Con Spymaster Pro \u00e8 possibile leggere i messaggi di chat e avere un controllo completo sui file multimediali (foto e video) scambiati dal Android\/iPhone.<\/p>\n<div class=\"col-xl-12 col-xs-12 col-sm-12 col-md-12 strip_txt text-xs-center bigtext-red\" style=\"margin-bottom: 20px;\">Obtenha o Spymaster por iPhone $9.99 por m\u00eas<\/div>\n<div class=\"strip_btn feature_bottom text-xs-center\"><a class=\"hidden-sm-down blue_btn\" href=\"https:\/\/www.spymasterpro.com\/demo\/\">Demonstra\u00e7\u00e3o ao vivo<\/a> <a class=\"hidden-sm-down white_btn demo_btn\" href=\"https:\/\/www.spymasterpro.com\/it\/acquista-ora\/\"> Compre Agora<br \/>\n<\/a> <a class=\"white_btn demo_btn hidden-md-up\" href=\"http:\/\/www.spymasterpro.com\/it\/como-spymaster-pro-funciona\/\">saiba mais<\/a> <a class=\"white_btn demo_btn hidden-md-up\" href=\"https:\/\/www.spymasterpro.com\/it\/acquista-ora\/\"> Compre Agora<br \/>\n<\/a><\/div>\n","protected":false},"excerpt":{"rendered":"<p>Monitora i Dipendenti con Spymaster Pro Traccia dove si recano i tuoi dipendenti e chi incontrano attraverso la funzione di tracciamento GPS. Si tratta di un software di monitoraggio delle attivit\u00e0 dei dipendenti facile da utilizzare. Ottieni l\u2019accesso a ogni comunicazione inviata dal telefono del tuo dipendente in modo legale. Un software di monitoraggio dei &hellip; <a href=\"https:\/\/www.spymasterpro.com\/nl\/monitoraggio-dei-dipendenti\/\" class=\"more-link\">Continue reading<span class=\"screen-reader-text\"> &#8220;Monitoraggio dei Dipendenti&#8221;<\/span><\/a><\/p>\n","protected":false},"author":1,"featured_media":1760,"parent":0,"menu_order":0,"comment_status":"open","ping_status":"open","template":"","meta":{"_acf_changed":false,"footnotes":""},"class_list":["post-214","page","type-page","status-publish","has-post-thumbnail","hentry"],"acf":[],"yoast_head":"<!-- This site is optimized with the Yoast SEO plugin v27.1.1 - https:\/\/yoast.com\/product\/yoast-seo-wordpress\/ -->\n<title>Software per monitoraggio degli impiegati-Traccia le attivit\u00e0 dei tuoi impiegati con Spymaster Pro<\/title>\n<meta name=\"description\" content=\"Vorresti tracciare le attivit\u00e0 dei tuoi impiegati? Stai cercando per il miglior software adatto per la sorveglianza e per il monitoraggio degli impiegati che in questo momento si trova sul mercato? Prova il nostro Spymaster Pro, il miglior software per tracciare gli impiegati e per memorizzare qualsiasi attivit\u00e0 mentre non sei presente in ufficio.\" \/>\n<meta name=\"robots\" content=\"index, follow, max-snippet:-1, max-image-preview:large, max-video-preview:-1\" \/>\n<link rel=\"canonical\" href=\"https:\/\/www.spymasterpro.com\/nl\/monitoraggio-dei-dipendenti\/\" \/>\n<meta property=\"og:locale\" content=\"en_US\" \/>\n<meta property=\"og:type\" content=\"article\" \/>\n<meta property=\"og:title\" content=\"Software per monitoraggio degli impiegati-Traccia le attivit\u00e0 dei tuoi impiegati con Spymaster Pro\" \/>\n<meta property=\"og:description\" content=\"Vorresti tracciare le attivit\u00e0 dei tuoi impiegati? Stai cercando per il miglior software adatto per la sorveglianza e per il monitoraggio degli impiegati che in questo momento si trova sul mercato? Prova il nostro Spymaster Pro, il miglior software per tracciare gli impiegati e per memorizzare qualsiasi attivit\u00e0 mentre non sei presente in ufficio.\" \/>\n<meta property=\"og:url\" content=\"https:\/\/www.spymasterpro.com\/nl\/monitoraggio-dei-dipendenti\/\" \/>\n<meta property=\"og:site_name\" content=\"Spymaster Pro\" \/>\n<meta property=\"article:modified_time\" content=\"2019-05-27T07:59:36+00:00\" \/>\n<meta property=\"og:image\" content=\"https:\/\/www.spymasterpro.com\/nl\/wp-content\/uploads\/2018\/07\/Monitoraggio-dei-Dipendenti-1.jpg\" \/>\n\t<meta property=\"og:image:width\" content=\"650\" \/>\n\t<meta property=\"og:image:height\" content=\"350\" \/>\n\t<meta property=\"og:image:type\" content=\"image\/jpeg\" \/>\n<meta name=\"twitter:card\" content=\"summary_large_image\" \/>\n<meta name=\"twitter:label1\" content=\"Est. reading time\" \/>\n\t<meta name=\"twitter:data1\" content=\"4 minutes\" \/>\n<script type=\"application\/ld+json\" class=\"yoast-schema-graph\">{\"@context\":\"https:\/\/schema.org\",\"@graph\":[{\"@type\":\"WebPage\",\"@id\":\"https:\/\/www.spymasterpro.com\/nl\/monitoraggio-dei-dipendenti\/\",\"url\":\"https:\/\/www.spymasterpro.com\/nl\/monitoraggio-dei-dipendenti\/\",\"name\":\"Software per monitoraggio degli impiegati-Traccia le attivit\u00e0 dei tuoi impiegati con Spymaster Pro\",\"isPartOf\":{\"@id\":\"https:\/\/www.spymasterpro.com\/nl\/#website\"},\"primaryImageOfPage\":{\"@id\":\"https:\/\/www.spymasterpro.com\/nl\/monitoraggio-dei-dipendenti\/#primaryimage\"},\"image\":{\"@id\":\"https:\/\/www.spymasterpro.com\/nl\/monitoraggio-dei-dipendenti\/#primaryimage\"},\"thumbnailUrl\":\"https:\/\/www.spymasterpro.com\/nl\/wp-content\/uploads\/2018\/07\/Monitoraggio-dei-Dipendenti-1.jpg\",\"datePublished\":\"2015-03-16T09:58:08+00:00\",\"dateModified\":\"2019-05-27T07:59:36+00:00\",\"description\":\"Vorresti tracciare le attivit\u00e0 dei tuoi impiegati? Stai cercando per il miglior software adatto per la sorveglianza e per il monitoraggio degli impiegati che in questo momento si trova sul mercato? Prova il nostro Spymaster Pro, il miglior software per tracciare gli impiegati e per memorizzare qualsiasi attivit\u00e0 mentre non sei presente in ufficio.\",\"breadcrumb\":{\"@id\":\"https:\/\/www.spymasterpro.com\/nl\/monitoraggio-dei-dipendenti\/#breadcrumb\"},\"inLanguage\":\"en-US\",\"potentialAction\":[{\"@type\":\"ReadAction\",\"target\":[\"https:\/\/www.spymasterpro.com\/nl\/monitoraggio-dei-dipendenti\/\"]}]},{\"@type\":\"ImageObject\",\"inLanguage\":\"en-US\",\"@id\":\"https:\/\/www.spymasterpro.com\/nl\/monitoraggio-dei-dipendenti\/#primaryimage\",\"url\":\"https:\/\/www.spymasterpro.com\/nl\/wp-content\/uploads\/2018\/07\/Monitoraggio-dei-Dipendenti-1.jpg\",\"contentUrl\":\"https:\/\/www.spymasterpro.com\/nl\/wp-content\/uploads\/2018\/07\/Monitoraggio-dei-Dipendenti-1.jpg\",\"width\":650,\"height\":350,\"caption\":\"Monitoraggio-dei-Dipendenti\"},{\"@type\":\"BreadcrumbList\",\"@id\":\"https:\/\/www.spymasterpro.com\/nl\/monitoraggio-dei-dipendenti\/#breadcrumb\",\"itemListElement\":[{\"@type\":\"ListItem\",\"position\":1,\"name\":\"Home\",\"item\":\"https:\/\/www.spymasterpro.com\/nl\/\"},{\"@type\":\"ListItem\",\"position\":2,\"name\":\"Monitoraggio dei Dipendenti\"}]},{\"@type\":\"WebSite\",\"@id\":\"https:\/\/www.spymasterpro.com\/nl\/#website\",\"url\":\"https:\/\/www.spymasterpro.com\/nl\/\",\"name\":\"Spymaster Pro\",\"description\":\"\",\"publisher\":{\"@id\":\"https:\/\/www.spymasterpro.com\/nl\/#organization\"},\"potentialAction\":[{\"@type\":\"SearchAction\",\"target\":{\"@type\":\"EntryPoint\",\"urlTemplate\":\"https:\/\/www.spymasterpro.com\/nl\/?s={search_term_string}\"},\"query-input\":{\"@type\":\"PropertyValueSpecification\",\"valueRequired\":true,\"valueName\":\"search_term_string\"}}],\"inLanguage\":\"en-US\"},{\"@type\":\"Organization\",\"@id\":\"https:\/\/www.spymasterpro.com\/nl\/#organization\",\"name\":\"Spymaster Pro\",\"url\":\"https:\/\/www.spymasterpro.com\/nl\/\",\"logo\":{\"@type\":\"ImageObject\",\"inLanguage\":\"en-US\",\"@id\":\"https:\/\/www.spymasterpro.com\/nl\/#\/schema\/logo\/image\/\",\"url\":\"https:\/\/www.spymasterpro.com\/nl\/wp-content\/uploads\/2017\/02\/footer_logo-1.png\",\"contentUrl\":\"https:\/\/www.spymasterpro.com\/nl\/wp-content\/uploads\/2017\/02\/footer_logo-1.png\",\"width\":188,\"height\":45,\"caption\":\"Spymaster Pro\"},\"image\":{\"@id\":\"https:\/\/www.spymasterpro.com\/nl\/#\/schema\/logo\/image\/\"}}]}<\/script>\n<!-- \/ Yoast SEO plugin. -->","yoast_head_json":{"title":"Software per monitoraggio degli impiegati-Traccia le attivit\u00e0 dei tuoi impiegati con Spymaster Pro","description":"Vorresti tracciare le attivit\u00e0 dei tuoi impiegati? Stai cercando per il miglior software adatto per la sorveglianza e per il monitoraggio degli impiegati che in questo momento si trova sul mercato? Prova il nostro Spymaster Pro, il miglior software per tracciare gli impiegati e per memorizzare qualsiasi attivit\u00e0 mentre non sei presente in ufficio.","robots":{"index":"index","follow":"follow","max-snippet":"max-snippet:-1","max-image-preview":"max-image-preview:large","max-video-preview":"max-video-preview:-1"},"canonical":"https:\/\/www.spymasterpro.com\/nl\/monitoraggio-dei-dipendenti\/","og_locale":"en_US","og_type":"article","og_title":"Software per monitoraggio degli impiegati-Traccia le attivit\u00e0 dei tuoi impiegati con Spymaster Pro","og_description":"Vorresti tracciare le attivit\u00e0 dei tuoi impiegati? Stai cercando per il miglior software adatto per la sorveglianza e per il monitoraggio degli impiegati che in questo momento si trova sul mercato? Prova il nostro Spymaster Pro, il miglior software per tracciare gli impiegati e per memorizzare qualsiasi attivit\u00e0 mentre non sei presente in ufficio.","og_url":"https:\/\/www.spymasterpro.com\/nl\/monitoraggio-dei-dipendenti\/","og_site_name":"Spymaster Pro","article_modified_time":"2019-05-27T07:59:36+00:00","og_image":[{"width":650,"height":350,"url":"https:\/\/www.spymasterpro.com\/nl\/wp-content\/uploads\/2018\/07\/Monitoraggio-dei-Dipendenti-1.jpg","type":"image\/jpeg"}],"twitter_card":"summary_large_image","twitter_misc":{"Est. reading time":"4 minutes"},"schema":{"@context":"https:\/\/schema.org","@graph":[{"@type":"WebPage","@id":"https:\/\/www.spymasterpro.com\/nl\/monitoraggio-dei-dipendenti\/","url":"https:\/\/www.spymasterpro.com\/nl\/monitoraggio-dei-dipendenti\/","name":"Software per monitoraggio degli impiegati-Traccia le attivit\u00e0 dei tuoi impiegati con Spymaster Pro","isPartOf":{"@id":"https:\/\/www.spymasterpro.com\/nl\/#website"},"primaryImageOfPage":{"@id":"https:\/\/www.spymasterpro.com\/nl\/monitoraggio-dei-dipendenti\/#primaryimage"},"image":{"@id":"https:\/\/www.spymasterpro.com\/nl\/monitoraggio-dei-dipendenti\/#primaryimage"},"thumbnailUrl":"https:\/\/www.spymasterpro.com\/nl\/wp-content\/uploads\/2018\/07\/Monitoraggio-dei-Dipendenti-1.jpg","datePublished":"2015-03-16T09:58:08+00:00","dateModified":"2019-05-27T07:59:36+00:00","description":"Vorresti tracciare le attivit\u00e0 dei tuoi impiegati? Stai cercando per il miglior software adatto per la sorveglianza e per il monitoraggio degli impiegati che in questo momento si trova sul mercato? Prova il nostro Spymaster Pro, il miglior software per tracciare gli impiegati e per memorizzare qualsiasi attivit\u00e0 mentre non sei presente in ufficio.","breadcrumb":{"@id":"https:\/\/www.spymasterpro.com\/nl\/monitoraggio-dei-dipendenti\/#breadcrumb"},"inLanguage":"en-US","potentialAction":[{"@type":"ReadAction","target":["https:\/\/www.spymasterpro.com\/nl\/monitoraggio-dei-dipendenti\/"]}]},{"@type":"ImageObject","inLanguage":"en-US","@id":"https:\/\/www.spymasterpro.com\/nl\/monitoraggio-dei-dipendenti\/#primaryimage","url":"https:\/\/www.spymasterpro.com\/nl\/wp-content\/uploads\/2018\/07\/Monitoraggio-dei-Dipendenti-1.jpg","contentUrl":"https:\/\/www.spymasterpro.com\/nl\/wp-content\/uploads\/2018\/07\/Monitoraggio-dei-Dipendenti-1.jpg","width":650,"height":350,"caption":"Monitoraggio-dei-Dipendenti"},{"@type":"BreadcrumbList","@id":"https:\/\/www.spymasterpro.com\/nl\/monitoraggio-dei-dipendenti\/#breadcrumb","itemListElement":[{"@type":"ListItem","position":1,"name":"Home","item":"https:\/\/www.spymasterpro.com\/nl\/"},{"@type":"ListItem","position":2,"name":"Monitoraggio dei Dipendenti"}]},{"@type":"WebSite","@id":"https:\/\/www.spymasterpro.com\/nl\/#website","url":"https:\/\/www.spymasterpro.com\/nl\/","name":"Spymaster Pro","description":"","publisher":{"@id":"https:\/\/www.spymasterpro.com\/nl\/#organization"},"potentialAction":[{"@type":"SearchAction","target":{"@type":"EntryPoint","urlTemplate":"https:\/\/www.spymasterpro.com\/nl\/?s={search_term_string}"},"query-input":{"@type":"PropertyValueSpecification","valueRequired":true,"valueName":"search_term_string"}}],"inLanguage":"en-US"},{"@type":"Organization","@id":"https:\/\/www.spymasterpro.com\/nl\/#organization","name":"Spymaster Pro","url":"https:\/\/www.spymasterpro.com\/nl\/","logo":{"@type":"ImageObject","inLanguage":"en-US","@id":"https:\/\/www.spymasterpro.com\/nl\/#\/schema\/logo\/image\/","url":"https:\/\/www.spymasterpro.com\/nl\/wp-content\/uploads\/2017\/02\/footer_logo-1.png","contentUrl":"https:\/\/www.spymasterpro.com\/nl\/wp-content\/uploads\/2017\/02\/footer_logo-1.png","width":188,"height":45,"caption":"Spymaster Pro"},"image":{"@id":"https:\/\/www.spymasterpro.com\/nl\/#\/schema\/logo\/image\/"}}]}},"_links":{"self":[{"href":"https:\/\/www.spymasterpro.com\/nl\/wp-json\/wp\/v2\/pages\/214","targetHints":{"allow":["GET"]}}],"collection":[{"href":"https:\/\/www.spymasterpro.com\/nl\/wp-json\/wp\/v2\/pages"}],"about":[{"href":"https:\/\/www.spymasterpro.com\/nl\/wp-json\/wp\/v2\/types\/page"}],"author":[{"embeddable":true,"href":"https:\/\/www.spymasterpro.com\/nl\/wp-json\/wp\/v2\/users\/1"}],"replies":[{"embeddable":true,"href":"https:\/\/www.spymasterpro.com\/nl\/wp-json\/wp\/v2\/comments?post=214"}],"version-history":[{"count":0,"href":"https:\/\/www.spymasterpro.com\/nl\/wp-json\/wp\/v2\/pages\/214\/revisions"}],"wp:featuredmedia":[{"embeddable":true,"href":"https:\/\/www.spymasterpro.com\/nl\/wp-json\/wp\/v2\/media\/1760"}],"wp:attachment":[{"href":"https:\/\/www.spymasterpro.com\/nl\/wp-json\/wp\/v2\/media?parent=214"}],"curies":[{"name":"wp","href":"https:\/\/api.w.org\/{rel}","templated":true}]}}