{"id":1661,"date":"2018-04-25T06:20:40","date_gmt":"2018-04-25T06:20:40","guid":{"rendered":"https:\/\/www.spymasterpro.com\/it\/?page_id=1661"},"modified":"2018-06-05T07:37:55","modified_gmt":"2018-06-05T07:37:55","slug":"hangout-spia","status":"publish","type":"page","link":"https:\/\/www.spymasterpro.com\/nl\/hangout-spia\/","title":{"rendered":"Hangout Spia"},"content":{"rendered":"<section id=\"snapchat_banner\">\n<div class=\"container\">\n<div class=\"row\">\n<div class=\"col-xl-8 col-lg-8 col-md-8 col-sm-12 iphone_right_point\">\n<h4>Come spiare sull\u2019account Google Hangout tramite Spymaster Pro!<\/h4>\n<h6>Senza lo sforzo puoi monitorare le conversazioni Hangout di qualsiasi persona e tutto questo usando Spymaster Pro!<\/h6>\n<ul>\n<li>Tracciare al modo segreto qualsiasi Hangout conversazioni di qualsiasi persona e tutto questo nel modo molto facile<\/li>\n<li>Accedere a qualsiasi conversazione che erano fatte sul tuo pannello di controllo del tuo account per spiare<\/li>\n<li>Tutte le informazioni sorvegliate possono essere visibili in ogni momento per il tuo piacere personale<\/li>\n<\/ul>\n<div class=\"slider_btn\">\n<a class=\"blue_btn demo_btn\" href=\"https:\/\/www.spymasterpro.com\/it\/acquista-ora\/\">Acqista Ora<\/a>\n<\/div>\n<\/div>\n<div class=\"col-xl-4 col-lg-4 col-md-4 hidden-sm-down iphone_left_img text-xs-center\">\n<img decoding=\"async\" src=\"https:\/\/www.spymasterpro.com\/it\/wp-content\/uploads\/2018\/04\/hangouts_mobile.png\" alt=\"img\"\/>\n<\/div>\n<\/div>\n<\/div>\n<\/section>\n<section id=\"snapchat_info\">\n<div class=\"container\">\n<div class=\"row\">\n<div class=\"col-xs-12 text-xs-center\">\n<img decoding=\"async\" src=\"https:\/\/www.spymasterpro.com\/it\/wp-content\/uploads\/2018\/04\/hangout_icon.png\" alt=\"img\"\/><\/p>\n<h6>Il monitoraggio delle conversazioni Hangout <\/h6>\n<p>La nuova caratteristica del Hangout di Spymaster Pro ti lascer\u00e0 di spiare su qualsiasi conversazione Hangout di qualsiasi persona in tal modo che tu puoi scoprire cosa stanno per fare su questo centro di messaggi<\/p>\n<\/div>\n<\/div>\n<\/div>\n<\/section>\n<section id=\"snapchat_feature\">\n<div class=\"container\">\n<div class=\"row\">\n<div class=\"col-xs-12 text-xs-center\">\n<h3>Funzioni Spymaster Pro<\/h3>\n<\/div>\n<div class=\"col-md-3 col-sm-6 col-xs-12 text-xs-center\">\n<a href=\"https:\/\/www.spymasterpro.com\/it\/whatsapp-spiare\/\"><\/p>\n<div class=\"snapchat_bx\">\n<i class=\"fa fa-whatsapp\" aria-hidden=\"true\"><\/i><\/p>\n<h6>Spiare WhatsApp<\/h6>\n<\/div>\n<p><\/a>\n<\/div>\n<div class=\"col-md-3 col-sm-6 col-xs-12 text-xs-center\">\n<a href=\"https:\/\/www.spymasterpro.com\/it\/spiare-conversazioni-facebook\/\"><\/p>\n<div class=\"snapchat_bx\">\n<i class=\"fa fa-facebook-square\" aria-hidden=\"true\"><\/i><\/p>\n<h6>Spiare Facebook<\/h6>\n<\/div>\n<p><\/a>\n<\/div>\n<div class=\"col-md-3 col-sm-6 col-xs-12 text-xs-center\">\n<a href=\"https:\/\/www.spymasterpro.com\/it\/tracciamento-gps-del-telefono\/\"><\/p>\n<div class=\"snapchat_bx\">\n<i class=\"fa fa-map-marker\" aria-hidden=\"true\"><\/i><\/p>\n<h6>Tracciamento GPS<\/h6>\n<\/div>\n<p><\/a>\n<\/div>\n<div class=\"col-md-3 col-sm-6 col-xs-12 text-xs-center\">\n<a href=\"https:\/\/www.spymasterpro.com\/it\/funzioni\/\"><\/p>\n<div class=\"snapchat_bx\">\n<i class=\"fa fa-commenting-o\" aria-hidden=\"true\"><\/i><\/p>\n<h6>Tracciamento SMS<\/h6>\n<\/div>\n<p><\/a>\n<\/div>\n<div class=\"col-md-3 col-sm-6 col-xs-12 text-xs-center\">\n<a href=\"https:\/\/www.spymasterpro.com\/it\/funzioni\/\"><\/p>\n<div class=\"snapchat_bx\">\n<i class=\"fa fa-picture-o\" aria-hidden=\"true\"><\/i><\/p>\n<h6>Monitoraggio Foto<\/h6>\n<\/div>\n<p><\/a>\n<\/div>\n<div class=\"col-md-3 col-sm-6 col-xs-12 text-xs-center\">\n<a href=\"https:\/\/www.spymasterpro.com\/it\/funzioni\/\"><\/p>\n<div class=\"snapchat_bx\">\n<i class=\"fa fa-phone\" aria-hidden=\"true\"><\/i><\/p>\n<h6>Tracciamento del registro chiamate<\/h6>\n<\/div>\n<p><\/a>\n<\/div>\n<div class=\"col-md-3 col-sm-6 col-xs-12 text-xs-center\">\n<a href=\"https:\/\/www.spymasterpro.com\/it\/funzioni\/\"><\/p>\n<div class=\"snapchat_bx\">\n<i class=\"fa fa-envelope-o\" aria-hidden=\"true\"><\/i><\/p>\n<h6>Tracciamento tramite e-mail<\/h6>\n<\/div>\n<p><\/a>\n<\/div>\n<div class=\"col-md-3 col-sm-6 col-xs-12 text-xs-center\">\n<a href=\"https:\/\/www.spymasterpro.com\/it\/spiare-instagram\/\"><\/p>\n<div class=\"snapchat_bx\">\n<i class=\"fa fa-instagram\" aria-hidden=\"true\"><\/i><\/p>\n<h6>Spiare Instagram<\/h6>\n<\/div>\n<p><\/a>\n<\/div>\n<\/div>\n<\/div>\n<\/section>\n<section id=\"iphone_spy_work\">\n<div class=\"container\">\n<div class=\"row\">\n<div class=\"feature_heading text-xs-center\">\n<h3>Come funziona<\/h3>\n<\/div>\n<div class=\"row iphone_spy_work_phone\">\n<div class=\"col-xl-4 col-lg-4 col-md-4 col-sm-4 text-xs-center\">\n<div class=\"iphone_spy_bx\">\n<p><img decoding=\"async\" src=\"https:\/\/spymasterpro.com\/wp-content\/uploads\/2017\/09\/new_icon1-1.png\"><\/p>\n<h5>Acquista Spymaster Pro<\/h5>\n<p>Software di monitoraggio per cellulari, premi il bottone Acquista Ora oppure dirigiti alla pagina Acquista Ora, da qualsiasi parte del nostro sito Web. Invia i tuoi dettagli. Dopo aver compilato i dettagli richiesti, potrai eseguire il pagamento.<\/p>\n<\/div>\n<\/div>\n<div class=\"col-xl-4 col-lg-4 col-md-4 col-sm-4 text-xs-center\">\n<div class=\"iphone_spy_bx\">\n<p><img decoding=\"async\" src=\"https:\/\/spymasterpro.com\/wp-content\/uploads\/2017\/09\/new_icon2-1.png\"><\/p>\n<h5>Installa il software<\/h5>\n<p>Scarica e installa il software all&#8217;interno del telefono da tenere sotto controllo. Segui attentamente le istruzioni che ti sono state inviate tramite email.<\/p>\n<\/div>\n<\/div>\n<div class=\"col-xl-4 col-lg-4 col-md-4 col-sm-4 text-xs-center\">\n<div class=\"iphone_spy_bx\">\n<p><img decoding=\"async\" src=\"https:\/\/spymasterpro.com\/wp-content\/uploads\/2017\/09\/new_icon3-1.png\"><\/p>\n<h5>Inizia il monitoraggio!!<\/h5>\n<p>Accedi al tuo pannello di controllo Spymaster Pro utilizzando i dettagli di login che ti sono stati inviati tramite email. Inizia subito a monitorare i tuoi cari. Proteggi in modo remoto la tua famiglia e il tuo giro d&#8217;affari.<\/p>\n<\/div>\n<\/div>\n<div class=\"text-xs-center col-xs-12\">\n<strong><\/p>\n<p style=\"padding: 22px 0 0; color:red;\">**Nessuna installazione necessaria su iPhone<\/p>\n<p><\/strong>\n<\/div>\n<div class=\"col-xl-12 col-xs-12 col-sm-12 col-md-12 text-xs-center\">\n<div class=\"strip_txt\">Obtenha o Spymaster por Apenas $8.33 por m\u00eas<\/div>\n<\/div>\n<\/div>\n<\/div>\n<\/section>\n<section id=\"snapchat_safe_use\">\n<div class=\"container\">\n<div class=\"row\">\n<div class=\"col-xs-12 text-xs-center\">\n<h2>Sicuro Da Utilizzare<\/h2>\n<\/div>\n<div class=\"col-md-6 col-xs-12 safe_box\">\n<div class=\"col-sm-3 no_padding\">\n<div class=\"safe_bx_icon text-xs-center\"><img decoding=\"async\" src=\"https:\/\/spymasterpro.com\/wp-content\/uploads\/2017\/02\/safe_icon.png\" alt=\"img\"><\/div>\n<\/div>\n<div class=\"col-sm-9\">\n<div class=\"safe_bx_info\">\n<h6>Nessuna icona apparir\u00e0 sul telefono di destinazione<\/h6>\n<p>Questo software \u00e8 progettato sapientemente da esperti che rendeva invisibile. Esso fa il suo lavoro in modalit\u00e0 nascosta che hanno come destinazione utente non verr\u00e0 mai a sapere della sua esistenza il suo telefono.<\/p>\n<\/div>\n<\/div>\n<\/div>\n<div class=\"col-md-6 col-xs-12 safe_box\">\n<div class=\"col-sm-3 no_padding\">\n<div class=\"safe_bx_icon text-xs-center\"><img decoding=\"async\" src=\"https:\/\/spymasterpro.com\/wp-content\/uploads\/2017\/02\/safe_icon2.png\" alt=\"img\"><\/div>\n<\/div>\n<div class=\"col-sm-9\">\n<div class=\"safe_bx_info\">\n<h6>Utente di destinazione non hanno alcun indizio<\/h6>\n<p>Persona di destinazione non pu\u00f2 mai rendersi conto che qualcuno sta avendo un occhio segreto su di loro. Ora, nessuna necessit\u00e0 di sbirciare nei loro cellulari o chiedere loro qualsiasi cosa.<\/p>\n<\/div>\n<\/div>\n<\/div>\n<div class=\"col-md-6 col-xs-12 safe_box\">\n<div class=\"col-sm-3 no_padding\">\n<div class=\"safe_bx_icon text-xs-center\"><img decoding=\"async\" src=\"https:\/\/spymasterpro.com\/wp-content\/uploads\/2017\/09\/safe_icon3.png\" alt=\"img\"><\/div>\n<\/div>\n<div class=\"col-sm-9\">\n<div class=\"safe_bx_info\">\n<h6>Il software funziona in modalit\u00e0 nascosta<\/h6>\n<p>Questo software silenziosamente copia ogni dettaglio del telefono target e inviarlo al tuo pannello di controllo. \u00c8 possibile accedere in qualsiasi momento al vostro spymaster pro conto<\/p>\n<\/div>\n<\/div>\n<\/div>\n<div class=\"col-md-6 col-xs-12 safe_box\">\n<div class=\"col-sm-3 no_padding\">\n<div class=\"safe_bx_icon text-xs-center\"><img decoding=\"async\" src=\"https:\/\/spymasterpro.com\/wp-content\/uploads\/2017\/02\/safe_icon4.png\" alt=\"img\"><\/div>\n<\/div>\n<div class=\"col-sm-9\">\n<div class=\"safe_bx_info\">\n<h6>Funziona in modalit\u00e0 remota<\/h6>\n<p>Persona di destinazione non pu\u00f2 mai rendersi conto che qualcuno sta avendo un occhio segreto su di loro. Ora, nessuna necessit\u00e0 di sbirciare nei loro cellulari o chiedere loro qualsiasi cosa.<\/p>\n<\/div>\n<\/div>\n<\/div>\n<\/div>\n<\/div>\n<\/section>\n<section id=\"iphone_spy_bottom\">\n<div class=\"container\">\n<div class=\"row\">\n<div class=\"col-xl-12 col-xs-12 col-sm-12 col-md-12 text-xs-center\">\n<div class=\"strip_txt\">Ottieni Spymaster Pro iPhone a solo $ 9.99 al mese<\/div>\n<\/div>\n<div class=\"col-xl-12 col-xs-12 col-sm-12 col-md-12 strip_btn spy_btn feature_bottom text-xs-center\">\n<a class=\"blue_btn\" href=\"https:\/\/www.spymasterpro.com\/it\/sicuro-da-utilizzare\/\">Sicuro Da Utilizzare<\/a> <a class=\"white_btn demo_btn hidden-sm-down\" href=\"https:\/\/www.spymasterpro.com\/it\/acquista-ora\/\">Acquista Ora<\/a>\n<\/div>\n<\/div>\n<\/div>\n<\/section>\n","protected":false},"excerpt":{"rendered":"<p>Come spiare sull\u2019account Google Hangout tramite Spymaster Pro! Senza lo sforzo puoi monitorare le conversazioni Hangout di qualsiasi persona e tutto questo usando Spymaster Pro! Tracciare al modo segreto qualsiasi Hangout conversazioni di qualsiasi persona e tutto questo nel modo molto facile Accedere a qualsiasi conversazione che erano fatte sul tuo pannello di controllo del &hellip; <a href=\"https:\/\/www.spymasterpro.com\/nl\/hangout-spia\/\" class=\"more-link\">Continue reading<span class=\"screen-reader-text\"> &#8220;Hangout Spia&#8221;<\/span><\/a><\/p>\n","protected":false},"author":1,"featured_media":0,"parent":0,"menu_order":0,"comment_status":"closed","ping_status":"closed","template":"page-full.php","meta":{"_acf_changed":false,"footnotes":""},"class_list":["post-1661","page","type-page","status-publish","hentry"],"acf":[],"yoast_head":"<!-- This site is optimized with the Yoast SEO plugin v27.1.1 - https:\/\/yoast.com\/product\/yoast-seo-wordpress\/ -->\n<title>Spia sull\u2019account Hangouts al modo segreto con Spymaster Pro<\/title>\n<meta name=\"description\" content=\"Adesso puoi Spiare sul Hangouts con le caratteristiche di Hangout Inseguitore di Spymaster Pro, puoi monitorare tutti i messaggi che erano inviati\/ricevuti dal cellulare che rappresenta l\u2019obiettivo\" \/>\n<meta name=\"robots\" content=\"index, follow, max-snippet:-1, max-image-preview:large, max-video-preview:-1\" \/>\n<link rel=\"canonical\" href=\"https:\/\/www.spymasterpro.com\/nl\/hangout-spia\/\" \/>\n<meta property=\"og:locale\" content=\"en_US\" \/>\n<meta property=\"og:type\" content=\"article\" \/>\n<meta property=\"og:title\" content=\"Spia sull\u2019account Hangouts al modo segreto con Spymaster Pro\" \/>\n<meta property=\"og:description\" content=\"Adesso puoi Spiare sul Hangouts con le caratteristiche di Hangout Inseguitore di Spymaster Pro, puoi monitorare tutti i messaggi che erano inviati\/ricevuti dal cellulare che rappresenta l\u2019obiettivo\" \/>\n<meta property=\"og:url\" content=\"https:\/\/www.spymasterpro.com\/nl\/hangout-spia\/\" \/>\n<meta property=\"og:site_name\" content=\"Spymaster Pro\" \/>\n<meta property=\"article:modified_time\" content=\"2018-06-05T07:37:55+00:00\" \/>\n<meta property=\"og:image\" content=\"https:\/\/www.spymasterpro.com\/it\/wp-content\/uploads\/2018\/04\/hangouts_mobile.png\" \/>\n<meta name=\"twitter:card\" content=\"summary_large_image\" \/>\n<meta name=\"twitter:label1\" content=\"Est. reading time\" \/>\n\t<meta name=\"twitter:data1\" content=\"2 minutes\" \/>\n<script type=\"application\/ld+json\" class=\"yoast-schema-graph\">{\"@context\":\"https:\/\/schema.org\",\"@graph\":[{\"@type\":\"WebPage\",\"@id\":\"https:\/\/www.spymasterpro.com\/nl\/hangout-spia\/\",\"url\":\"https:\/\/www.spymasterpro.com\/nl\/hangout-spia\/\",\"name\":\"Spia sull\u2019account Hangouts al modo segreto con Spymaster Pro\",\"isPartOf\":{\"@id\":\"https:\/\/www.spymasterpro.com\/nl\/#website\"},\"primaryImageOfPage\":{\"@id\":\"https:\/\/www.spymasterpro.com\/nl\/hangout-spia\/#primaryimage\"},\"image\":{\"@id\":\"https:\/\/www.spymasterpro.com\/nl\/hangout-spia\/#primaryimage\"},\"thumbnailUrl\":\"https:\/\/www.spymasterpro.com\/it\/wp-content\/uploads\/2018\/04\/hangouts_mobile.png\",\"datePublished\":\"2018-04-25T06:20:40+00:00\",\"dateModified\":\"2018-06-05T07:37:55+00:00\",\"description\":\"Adesso puoi Spiare sul Hangouts con le caratteristiche di Hangout Inseguitore di Spymaster Pro, puoi monitorare tutti i messaggi che erano inviati\/ricevuti dal cellulare che rappresenta l\u2019obiettivo\",\"breadcrumb\":{\"@id\":\"https:\/\/www.spymasterpro.com\/nl\/hangout-spia\/#breadcrumb\"},\"inLanguage\":\"en-US\",\"potentialAction\":[{\"@type\":\"ReadAction\",\"target\":[\"https:\/\/www.spymasterpro.com\/nl\/hangout-spia\/\"]}]},{\"@type\":\"ImageObject\",\"inLanguage\":\"en-US\",\"@id\":\"https:\/\/www.spymasterpro.com\/nl\/hangout-spia\/#primaryimage\",\"url\":\"https:\/\/www.spymasterpro.com\/it\/wp-content\/uploads\/2018\/04\/hangouts_mobile.png\",\"contentUrl\":\"https:\/\/www.spymasterpro.com\/it\/wp-content\/uploads\/2018\/04\/hangouts_mobile.png\"},{\"@type\":\"BreadcrumbList\",\"@id\":\"https:\/\/www.spymasterpro.com\/nl\/hangout-spia\/#breadcrumb\",\"itemListElement\":[{\"@type\":\"ListItem\",\"position\":1,\"name\":\"Home\",\"item\":\"https:\/\/www.spymasterpro.com\/nl\/\"},{\"@type\":\"ListItem\",\"position\":2,\"name\":\"Hangout Spia\"}]},{\"@type\":\"WebSite\",\"@id\":\"https:\/\/www.spymasterpro.com\/nl\/#website\",\"url\":\"https:\/\/www.spymasterpro.com\/nl\/\",\"name\":\"Spymaster Pro\",\"description\":\"\",\"publisher\":{\"@id\":\"https:\/\/www.spymasterpro.com\/nl\/#organization\"},\"potentialAction\":[{\"@type\":\"SearchAction\",\"target\":{\"@type\":\"EntryPoint\",\"urlTemplate\":\"https:\/\/www.spymasterpro.com\/nl\/?s={search_term_string}\"},\"query-input\":{\"@type\":\"PropertyValueSpecification\",\"valueRequired\":true,\"valueName\":\"search_term_string\"}}],\"inLanguage\":\"en-US\"},{\"@type\":\"Organization\",\"@id\":\"https:\/\/www.spymasterpro.com\/nl\/#organization\",\"name\":\"Spymaster Pro\",\"url\":\"https:\/\/www.spymasterpro.com\/nl\/\",\"logo\":{\"@type\":\"ImageObject\",\"inLanguage\":\"en-US\",\"@id\":\"https:\/\/www.spymasterpro.com\/nl\/#\/schema\/logo\/image\/\",\"url\":\"https:\/\/www.spymasterpro.com\/nl\/wp-content\/uploads\/2017\/02\/footer_logo-1.png\",\"contentUrl\":\"https:\/\/www.spymasterpro.com\/nl\/wp-content\/uploads\/2017\/02\/footer_logo-1.png\",\"width\":188,\"height\":45,\"caption\":\"Spymaster Pro\"},\"image\":{\"@id\":\"https:\/\/www.spymasterpro.com\/nl\/#\/schema\/logo\/image\/\"}}]}<\/script>\n<!-- \/ Yoast SEO plugin. -->","yoast_head_json":{"title":"Spia sull\u2019account Hangouts al modo segreto con Spymaster Pro","description":"Adesso puoi Spiare sul Hangouts con le caratteristiche di Hangout Inseguitore di Spymaster Pro, puoi monitorare tutti i messaggi che erano inviati\/ricevuti dal cellulare che rappresenta l\u2019obiettivo","robots":{"index":"index","follow":"follow","max-snippet":"max-snippet:-1","max-image-preview":"max-image-preview:large","max-video-preview":"max-video-preview:-1"},"canonical":"https:\/\/www.spymasterpro.com\/nl\/hangout-spia\/","og_locale":"en_US","og_type":"article","og_title":"Spia sull\u2019account Hangouts al modo segreto con Spymaster Pro","og_description":"Adesso puoi Spiare sul Hangouts con le caratteristiche di Hangout Inseguitore di Spymaster Pro, puoi monitorare tutti i messaggi che erano inviati\/ricevuti dal cellulare che rappresenta l\u2019obiettivo","og_url":"https:\/\/www.spymasterpro.com\/nl\/hangout-spia\/","og_site_name":"Spymaster Pro","article_modified_time":"2018-06-05T07:37:55+00:00","og_image":[{"url":"https:\/\/www.spymasterpro.com\/it\/wp-content\/uploads\/2018\/04\/hangouts_mobile.png","type":"","width":"","height":""}],"twitter_card":"summary_large_image","twitter_misc":{"Est. reading time":"2 minutes"},"schema":{"@context":"https:\/\/schema.org","@graph":[{"@type":"WebPage","@id":"https:\/\/www.spymasterpro.com\/nl\/hangout-spia\/","url":"https:\/\/www.spymasterpro.com\/nl\/hangout-spia\/","name":"Spia sull\u2019account Hangouts al modo segreto con Spymaster Pro","isPartOf":{"@id":"https:\/\/www.spymasterpro.com\/nl\/#website"},"primaryImageOfPage":{"@id":"https:\/\/www.spymasterpro.com\/nl\/hangout-spia\/#primaryimage"},"image":{"@id":"https:\/\/www.spymasterpro.com\/nl\/hangout-spia\/#primaryimage"},"thumbnailUrl":"https:\/\/www.spymasterpro.com\/it\/wp-content\/uploads\/2018\/04\/hangouts_mobile.png","datePublished":"2018-04-25T06:20:40+00:00","dateModified":"2018-06-05T07:37:55+00:00","description":"Adesso puoi Spiare sul Hangouts con le caratteristiche di Hangout Inseguitore di Spymaster Pro, puoi monitorare tutti i messaggi che erano inviati\/ricevuti dal cellulare che rappresenta l\u2019obiettivo","breadcrumb":{"@id":"https:\/\/www.spymasterpro.com\/nl\/hangout-spia\/#breadcrumb"},"inLanguage":"en-US","potentialAction":[{"@type":"ReadAction","target":["https:\/\/www.spymasterpro.com\/nl\/hangout-spia\/"]}]},{"@type":"ImageObject","inLanguage":"en-US","@id":"https:\/\/www.spymasterpro.com\/nl\/hangout-spia\/#primaryimage","url":"https:\/\/www.spymasterpro.com\/it\/wp-content\/uploads\/2018\/04\/hangouts_mobile.png","contentUrl":"https:\/\/www.spymasterpro.com\/it\/wp-content\/uploads\/2018\/04\/hangouts_mobile.png"},{"@type":"BreadcrumbList","@id":"https:\/\/www.spymasterpro.com\/nl\/hangout-spia\/#breadcrumb","itemListElement":[{"@type":"ListItem","position":1,"name":"Home","item":"https:\/\/www.spymasterpro.com\/nl\/"},{"@type":"ListItem","position":2,"name":"Hangout Spia"}]},{"@type":"WebSite","@id":"https:\/\/www.spymasterpro.com\/nl\/#website","url":"https:\/\/www.spymasterpro.com\/nl\/","name":"Spymaster Pro","description":"","publisher":{"@id":"https:\/\/www.spymasterpro.com\/nl\/#organization"},"potentialAction":[{"@type":"SearchAction","target":{"@type":"EntryPoint","urlTemplate":"https:\/\/www.spymasterpro.com\/nl\/?s={search_term_string}"},"query-input":{"@type":"PropertyValueSpecification","valueRequired":true,"valueName":"search_term_string"}}],"inLanguage":"en-US"},{"@type":"Organization","@id":"https:\/\/www.spymasterpro.com\/nl\/#organization","name":"Spymaster Pro","url":"https:\/\/www.spymasterpro.com\/nl\/","logo":{"@type":"ImageObject","inLanguage":"en-US","@id":"https:\/\/www.spymasterpro.com\/nl\/#\/schema\/logo\/image\/","url":"https:\/\/www.spymasterpro.com\/nl\/wp-content\/uploads\/2017\/02\/footer_logo-1.png","contentUrl":"https:\/\/www.spymasterpro.com\/nl\/wp-content\/uploads\/2017\/02\/footer_logo-1.png","width":188,"height":45,"caption":"Spymaster Pro"},"image":{"@id":"https:\/\/www.spymasterpro.com\/nl\/#\/schema\/logo\/image\/"}}]}},"_links":{"self":[{"href":"https:\/\/www.spymasterpro.com\/nl\/wp-json\/wp\/v2\/pages\/1661","targetHints":{"allow":["GET"]}}],"collection":[{"href":"https:\/\/www.spymasterpro.com\/nl\/wp-json\/wp\/v2\/pages"}],"about":[{"href":"https:\/\/www.spymasterpro.com\/nl\/wp-json\/wp\/v2\/types\/page"}],"author":[{"embeddable":true,"href":"https:\/\/www.spymasterpro.com\/nl\/wp-json\/wp\/v2\/users\/1"}],"replies":[{"embeddable":true,"href":"https:\/\/www.spymasterpro.com\/nl\/wp-json\/wp\/v2\/comments?post=1661"}],"version-history":[{"count":0,"href":"https:\/\/www.spymasterpro.com\/nl\/wp-json\/wp\/v2\/pages\/1661\/revisions"}],"wp:attachment":[{"href":"https:\/\/www.spymasterpro.com\/nl\/wp-json\/wp\/v2\/media?parent=1661"}],"curies":[{"name":"wp","href":"https:\/\/api.w.org\/{rel}","templated":true}]}}