{"id":899,"date":"2017-01-19T06:07:24","date_gmt":"2017-01-19T06:07:24","guid":{"rendered":"http:\/\/it.spymasterpro.com\/?page_id=899"},"modified":"2020-10-22T06:25:06","modified_gmt":"2020-10-22T06:25:06","slug":"android-spia","status":"publish","type":"page","link":"https:\/\/www.spymasterpro.com\/it\/android-spia\/","title":{"rendered":"Android spia"},"content":{"rendered":"<div id=\"pl-899\" class=\"panel-layout\">\r\n<div id=\"pg-899-0\" class=\"panel-grid panel-no-style\">\r\n<div id=\"pgc-899-0-0\" class=\"panel-grid-cell\" data-weight=\"1\">\r\n<div id=\"panel-899-0-0-0\" class=\"so-panel widget widget_text panel-first-child\" data-index=\"0\" data-style=\"{&quot;background_display&quot;:&quot;tile&quot;}\">\r\n<h3 class=\"widget-title\">Banner<\/h3>\r\n<div class=\"textwidget\"><section id=\"android_spy_banner\">\r\n<div class=\"container\">\r\n<div class=\"row\">\r\n<div class=\"col-xl-8 col-lg-8 col-md-8 col-sm-12 iphone_right_point\">\r\n<h1>Monitoraggio Android<\/h1>\r\n<h6>Monitoraggio Android ora \u00e8 abbastanza accessibile<\/h6>\r\n<ul>\r\n \t<li>Esaminare i messaggi eliminati, Whatsapp, Facebook Chat, GPS e molti altri&#8230;<\/li>\r\n \t<li>Essential features at Guaranteed minimum Price<\/li>\r\n \t<li>Caratteristiche essenziali a prezzo minimo garantito<\/li>\r\n \t<li>Accessibile da qualsiasi Browser Web<\/li>\r\n \t<li>100% sicuro e di successo<\/li>\r\n \t<li>24\/7 supporto multi-lingua<\/li>\r\n<\/ul>\r\n<div class=\"slider_btn\">\r\n\r\n<a class=\"blue_btn\" href=\"https:\/\/www.spymasterpro.com\/demo\/\"><i class=\"fa fa-play\"><\/i> Live Demo<\/a> <a class=\"blue_btn demo_btn\" href=\"https:\/\/www.spymasterpro.com\/it\/acquista-ora\/\">Acquista adesso<\/a>\r\n\r\n<\/div>\r\n<\/div>\r\n<div class=\"col-xl-4 col-lg-4 col-md-4 hidden-sm-down iphone_left_img\">\r\n\r\n<img loading=\"lazy\" decoding=\"async\" class=\"alignnone\" title=\"Android Spia\" src=\"..\/wp-content\/uploads\/2017\/02\/android_spy_phone_img.png\" alt=\"Android Spia\" width=\"340\" height=\"377\" \/>\r\n\r\n<\/div>\r\n<\/div>\r\n<\/div>\r\n<\/section><section id=\"android_spy\">\r\n<div class=\"container\">\r\n<div class=\"row\">\r\n<div class=\"col-xs-12\">\r\n<h2>Spia un cellulare Android con Spymaster Pro!<\/h2>\r\n&nbsp;\r\n<div class=\"col-xl-5 col-lg-5 col-sm-5 col-md-5 col-xs-12\">\r\n\r\n<img loading=\"lazy\" decoding=\"async\" class=\"alignnone\" title=\"Spia un cellulare Android con Spymaster Pro\" src=\"..\/wp-content\/uploads\/2017\/02\/androind_spy_img.png\" alt=\"Spia un cellulare Android con Spymaster Pro\" width=\"477\" height=\"241\" \/>\r\n\r\n<\/div>\r\n<div class=\"col-xl-7 col-lg-7 col-sm-7 col-md-7 col-xs-12\">\r\n\r\nSpymaster Pro ti aiuta a tenere sotto controllo tutto quello che succede in un telefono Android sorvegliato. Non sar\u00e0 necessario toccare il telefono e potrai accedere a tutte le informazioni in modo remoto. Baster\u00e0 comprare questo <strong>android spia software <\/strong>e potrai iniziare a monitorare i tuoi cari o i dipendenti dei quali non ti fidi. Questo software spia \u00e8 molto semplice da utilizzare e pu\u00f2 essere gestito da qualsiasi luogo. \u00c8 sicuro al 100% e la persona sorvegliata non si accorger\u00e0 mai della presenza del Software.\r\n\r\n<\/div>\r\n<\/div>\r\n<\/div>\r\n<\/div>\r\n<\/section><\/div>\r\n<\/div>\r\n<div id=\"panel-899-0-0-1\" class=\"so-panel widget widget_text panel-last-child\" data-index=\"1\" data-style=\"{&quot;background_image_attachment&quot;:false,&quot;background_display&quot;:&quot;tile&quot;}\">\r\n<h3 class=\"widget-title\">Features<\/h3>\r\n<div class=\"textwidget\"><section id=\"android_spy_feature\">\r\n<div class=\"container\">\r\n<div class=\"row\">\r\n<div class=\"col-xs-12 feature_heading text-xs-center\">\r\n<h3>Funzioni di Spymaster Pro<\/h3>\r\n<\/div>\r\n<div class=\"clearfix\">\r\n<div class=\"col-xl-6 col-lg-6 col-sm-6 col-md-6 col-xs-6 android_spy_points\">\r\n<h5><img loading=\"lazy\" decoding=\"async\" class=\"alignnone\" title=\"Registrazione delle chiamate\" src=\"..\/wp-content\/uploads\/2017\/02\/android_icon.png\" alt=\"Registrazione delle chiamate\" width=\"31\" height=\"25\" \/> Registrazione delle chiamate<\/h5>\r\nIl software spia Android ha chiamata rilevamento dando accesso ai numeri di telefono sono composti e ricevano anche la durata delle chiamate.\r\n\r\n<\/div>\r\n<div class=\"col-xl-6 col-lg-6 col-sm-6 col-md-6 col-xs-6 android_spy_points\">\r\n<h5><img loading=\"lazy\" decoding=\"async\" class=\"alignnone\" title=\"Tracciamento SMS\" src=\"..\/wp-content\/uploads\/2017\/02\/feature_icon2.png\" alt=\"Tracciamento SMS\" width=\"48\" height=\"38\" \/> Tracciamento SMS<\/h5>\r\nIl tracciamento SMS vi aiuta a monitorare i messaggi inviati e ricevuti con i dettagli di data e orario.\r\n\r\n<\/div>\r\n<div class=\"col-xl-6 col-lg-6 col-sm-6 col-md-6 col-xs-6 android_spy_points\">\r\n<h5><img loading=\"lazy\" decoding=\"async\" class=\"alignnone\" title=\"Tracciamento GPS\" src=\"..\/wp-content\/uploads\/2017\/02\/feature_icon3.png\" alt=\"Tracciamento GPS\" width=\"45\" height=\"56\" \/> Tracciamento GPS<\/h5>\r\nLa funzione di tracciamento GPS vi permetter\u00e0 di sapere tutto quello che fa l\u2019utente sotto controllo utilizzando una mappa, in modo da essere conoscenza esattamente delle sue posizioni.\r\n\r\n<\/div>\r\n<div class=\"col-xl-6 col-lg-6 col-sm-6 col-md-6 col-xs-6 android_spy_points\">\r\n<h5><img loading=\"lazy\" decoding=\"async\" class=\"alignnone\" title=\"Tracciamento delle foto\" src=\"..\/wp-content\/uploads\/2017\/02\/feature_icon10.png\" alt=\"Tracciamento delle foto\" width=\"52\" height=\"42\" \/>Tracciamento delle foto<\/h5>\r\nIl tracciamento delle foto \u00e8 un\u2019altra funzione che viene aggiunta a questo software, permettendovi di controllare le foto che sono immagazzinate nel telefono Android. Sicuramente potrete ottenere molte informazioni anche solo da queste foto.\r\n\r\n<\/div>\r\n<div class=\"col-xl-6 col-lg-6 col-sm-6 col-md-6 col-xs-6 android_spy_points\">\r\n<h5><img loading=\"lazy\" decoding=\"async\" class=\"alignnone\" title=\"Tracciamento URL\" src=\"..\/wp-content\/uploads\/2017\/02\/android_icon2.png\" alt=\"Tracciamento URL\" width=\"27\" height=\"27\" \/> Tracciamento URL<\/h5>\r\nIl tracciamento URL vi permette di controllare i siti Web che sono stati visitati e utilizzati dal telefono cellulare prescelto.\r\n\r\n<\/div>\r\n<div class=\"col-xl-6 col-lg-6 col-sm-6 col-md-6 col-xs-6 android_spy_points\">\r\n<h5><img loading=\"lazy\" decoding=\"async\" class=\"alignnone\" title=\"Spiare Conversazioni\" src=\"..\/wp-content\/uploads\/2017\/02\/feature_icon6.png\" alt=\"Spiare Conversazioni\" width=\"48\" height=\"43\" \/> Spiare Conversazioni<\/h5>\r\nControllate le chiamate di vostro figlio tramite cellulari spia, dipendenti scoprendo da che numeri hanno ricevuto le chiamate\r\n\r\n<\/div>\r\n<div class=\"col-xl-6 col-lg-6 col-sm-6 col-md-6 col-xs-6 android_spy_points\">\r\n<h5><img loading=\"lazy\" decoding=\"async\" class=\"alignnone\" title=\"Spiare Snapchat\" src=\"https:\/\/www.spymasterpro.com\/it\/wp-content\/uploads\/2017\/08\/snapchat_icon.png\" alt=\"Spiare Snapchat\" width=\"19\" height=\"17\" \/> Spiare Snapchat<\/h5>\r\nCon questa funzionalit\u00e0 \u00e8 possibile controllare in modo completo i messaggi di testo scambiati dal telefono di destinazione. Oltre a questo, puoi accedere a informazioni complete come la data e l&#8217;ora esatti delle conversazioni.\r\n\r\n<\/div>\r\n<div class=\"col-xl-6 col-lg-6 col-sm-6 col-md-6 col-xs-6 android_spy_points\">\r\n<h5><img loading=\"lazy\" decoding=\"async\" class=\"alignnone\" title=\"Spiare Instagram\" src=\"https:\/\/www.spymasterpro.com\/it\/wp-content\/uploads\/2017\/08\/instagram_icon.png\" alt=\"Spiare Instagram\" width=\"19\" height=\"17\" \/> Spiare Instagram<\/h5>\r\nCon Spymaster Pro \u00e8 possibile leggere i messaggi di chat e avere un controllo completo sui file multimediali (foto e video) scambiati dal dispositivo iOS \/ Android di destinazione.\r\n\r\n<\/div>\r\n<\/div>\r\n<div class=\"col-xl-12 col-xs-12 col-sm-12 col-md-12 strip_txt text-xs-center web_strip\">\r\n\r\nOra acquista Spymaster Pro Android premio con uno sconto del 50% a soli $ 5,29\/ mese\r\n\r\n<\/div>\r\n<div class=\"col-xl-12 col-xs-12 col-sm-12 col-md-12 strip_btn feature_bottom spy_btn text-xs-center hidden-md-up\">\r\n\r\n<a class=\"blue_btn\" href=\"https:\/\/www.spymasterpro.com\/demo hidden-md-down\">Demo<\/a>\r\n\r\n<a class=\"white_btn demo_btn\" href=\"https:\/\/www.spymasterpro.com\/it\/acquista-ora\/\">SCARICALO QUI<\/a>\r\n\r\n<\/div>\r\n<div class=\"col-xl-6 col-lg-6 col-sm-6 col-md-6 col-xs-6 android_spy_points\">\r\n<h5><img loading=\"lazy\" decoding=\"async\" class=\"alignnone\" title=\"Spiare WhatsApp\" src=\"..\/wp-content\/uploads\/2017\/02\/feature_icon8.png\" alt=\"Spiare WhatsApp\" width=\"50\" height=\"50\" \/> Spiare WhatsApp<\/h5>\r\nAttraverso l\u2019aiuto di Spymaster Pro, \u00e8 possibile leggere l\u2019intera conversazione dei figli adolescenti o il vostro coniuge che tradisce e quindi spiare Whatsapp.\r\n\r\n<\/div>\r\n<div class=\"col-xl-6 col-lg-6 col-sm-6 col-md-6 col-xs-6 android_spy_points\">\r\n<h5><img loading=\"lazy\" decoding=\"async\" class=\"alignnone\" title=\"Tracciamento Facebook Messenger\" src=\"..\/wp-content\/uploads\/2017\/02\/feature_icon9.png\" alt=\"Tracciamento Facebook Messenger\" width=\"44\" height=\"44\" \/> Tracciamento Facebook Messenger<\/h5>\r\nSpymaster Pro ti permette di tracciare tutte le conversazioni delle chat Facebook in modo remoto avendo a disposizione l\u2019ora e la data esatte.\r\n\r\n<\/div>\r\n<div class=\"col-xl-12 col-xs-12 col-sm-12 col-md-12 strip_txt text-xs-center\">\r\n\r\nIl prezzo parte da $ 4,4\/ mese al 50% di sconto\r\n\r\n<\/div>\r\n<div class=\"col-xl-12 col-xs-12 col-sm-12 col-md-12 strip_btn spy_btn feature_bottom text-xs-center\">\r\n\r\n<a class=\"white_btn demo_btn hidden-md-up\" href=\"#\">sicuro da usare<\/a> <a class=\"blue_btn hidden-sm-down\" href=\"https:\/\/www.spymasterpro.com\/it\/rapido-giro\/\">Rapido Giro<\/a> <a class=\"white_btn demo_btn\" href=\"https:\/\/www.spymasterpro.com\/it\/acquista-ora\/\">ACQUISTA ORA<\/a>\r\n\r\n<\/div>\r\n<\/div>\r\n<\/div>\r\n<\/section><\/div>\r\n<\/div>\r\n<\/div>\r\n<\/div>\r\n<\/div>\r\n<script type=\"application\/ld+json\">\r\n    {\r\n      \"@context\": \"https:\/\/schema.org\",\r\n      \"@type\": \"SoftwareApplication\",\r\n      \"name\" : \"Spymaster Pro\",\r\n  \t  \"image\" : \"https:\/\/www.spymasterpro.com\/it\/wp-content\/uploads\/2017\/02\/android_spy_phone_img.png\",\r\n  \t  \"operatingSystem\": \"Windows 7, OSX 10.6, Android 1.6\",\r\n      \"applicationCategory\": \"BusinessApplication\",\r\n      \"featureList\": \"WhatsApp, Facebook, Instagram\",\r\n      \"aggregateRating\": {\r\n        \"@type\": \"AggregateRating\",\r\n        \"ratingValue\": \"4.9\",\r\n        \"ratingCount\": \"23265\"\r\n      },\r\n      \"offers\": {\r\n        \"@type\": \"Offer\",\r\n        \"price\": \"5.99\",\r\n        \"priceCurrency\": \"USD\"\r\n      }\r\n    }\r\n    <\/script>","protected":false},"excerpt":{"rendered":"<p>Banner Monitoraggio Android Monitoraggio Android ora \u00e8 abbastanza accessibile Esaminare i messaggi eliminati, Whatsapp, Facebook Chat, GPS e molti altri&#8230; Essential features at Guaranteed minimum Price Caratteristiche essenziali a prezzo minimo garantito Accessibile da qualsiasi Browser Web 100% sicuro e di successo 24\/7 supporto multi-lingua Live Demo Acquista adesso Spia un cellulare Android con Spymaster &hellip; <a href=\"https:\/\/www.spymasterpro.com\/it\/android-spia\/\" class=\"more-link\">Continue reading<span class=\"screen-reader-text\"> &#8220;Android spia&#8221;<\/span><\/a><\/p>\n","protected":false},"author":1,"featured_media":0,"parent":0,"menu_order":0,"comment_status":"closed","ping_status":"closed","template":"page-full.php","meta":{"_acf_changed":false,"footnotes":""},"class_list":["post-899","page","type-page","status-publish","hentry"],"acf":[],"yoast_head":"<!-- This site is optimized with the Yoast SEO plugin v27.1.1 - https:\/\/yoast.com\/product\/yoast-seo-wordpress\/ -->\n<title>Android spia | Software Spia Cellulari Android<\/title>\n<meta name=\"description\" content=\"Spymaster Pro \u00e8 un software spia cellulari android che ti aiuta a monitorare i telefoni Android. Traccia le attivit\u00e0 mobili come: chiamanti, SMS, GPS, Whatsapp e molte altre cose.\" \/>\n<meta name=\"robots\" content=\"index, follow, max-snippet:-1, max-image-preview:large, max-video-preview:-1\" \/>\n<link rel=\"canonical\" href=\"https:\/\/www.spymasterpro.com\/it\/android-spia\/\" \/>\n<meta property=\"og:locale\" content=\"en_US\" \/>\n<meta property=\"og:type\" content=\"article\" \/>\n<meta property=\"og:title\" content=\"Android spia | Software Spia Cellulari Android\" \/>\n<meta property=\"og:description\" content=\"Spymaster Pro \u00e8 un software spia cellulari android che ti aiuta a monitorare i telefoni Android. Traccia le attivit\u00e0 mobili come: chiamanti, SMS, GPS, Whatsapp e molte altre cose.\" \/>\n<meta property=\"og:url\" content=\"https:\/\/www.spymasterpro.com\/it\/android-spia\/\" \/>\n<meta property=\"og:site_name\" content=\"SpymasterPro\" \/>\n<meta property=\"article:modified_time\" content=\"2020-10-22T06:25:06+00:00\" \/>\n<meta property=\"og:image\" content=\"https:\/\/www.spymasterpro.com\/it\/wp-content\/uploads\/2017\/08\/snapchat_icon.png\" \/>\n<meta name=\"twitter:card\" content=\"summary_large_image\" \/>\n<meta name=\"twitter:label1\" content=\"Est. reading time\" \/>\n\t<meta name=\"twitter:data1\" content=\"2 minutes\" \/>\n<script type=\"application\/ld+json\" class=\"yoast-schema-graph\">{\"@context\":\"https:\/\/schema.org\",\"@graph\":[{\"@type\":\"WebPage\",\"@id\":\"https:\/\/www.spymasterpro.com\/it\/android-spia\/\",\"url\":\"https:\/\/www.spymasterpro.com\/it\/android-spia\/\",\"name\":\"Android spia | Software Spia Cellulari Android\",\"isPartOf\":{\"@id\":\"https:\/\/www.spymasterpro.com\/it\/#website\"},\"primaryImageOfPage\":{\"@id\":\"https:\/\/www.spymasterpro.com\/it\/android-spia\/#primaryimage\"},\"image\":{\"@id\":\"https:\/\/www.spymasterpro.com\/it\/android-spia\/#primaryimage\"},\"thumbnailUrl\":\"https:\/\/www.spymasterpro.com\/it\/wp-content\/uploads\/2017\/08\/snapchat_icon.png\",\"datePublished\":\"2017-01-19T06:07:24+00:00\",\"dateModified\":\"2020-10-22T06:25:06+00:00\",\"description\":\"Spymaster Pro \u00e8 un software spia cellulari android che ti aiuta a monitorare i telefoni Android. Traccia le attivit\u00e0 mobili come: chiamanti, SMS, GPS, Whatsapp e molte altre cose.\",\"breadcrumb\":{\"@id\":\"https:\/\/www.spymasterpro.com\/it\/android-spia\/#breadcrumb\"},\"inLanguage\":\"en-US\",\"potentialAction\":[{\"@type\":\"ReadAction\",\"target\":[\"https:\/\/www.spymasterpro.com\/it\/android-spia\/\"]}]},{\"@type\":\"ImageObject\",\"inLanguage\":\"en-US\",\"@id\":\"https:\/\/www.spymasterpro.com\/it\/android-spia\/#primaryimage\",\"url\":\"https:\/\/www.spymasterpro.com\/it\/wp-content\/uploads\/2017\/08\/snapchat_icon.png\",\"contentUrl\":\"https:\/\/www.spymasterpro.com\/it\/wp-content\/uploads\/2017\/08\/snapchat_icon.png\",\"width\":19,\"height\":17},{\"@type\":\"BreadcrumbList\",\"@id\":\"https:\/\/www.spymasterpro.com\/it\/android-spia\/#breadcrumb\",\"itemListElement\":[{\"@type\":\"ListItem\",\"position\":1,\"name\":\"Home\",\"item\":\"https:\/\/www.spymasterpro.com\/it\/\"},{\"@type\":\"ListItem\",\"position\":2,\"name\":\"Android spia\"}]},{\"@type\":\"WebSite\",\"@id\":\"https:\/\/www.spymasterpro.com\/it\/#website\",\"url\":\"https:\/\/www.spymasterpro.com\/it\/\",\"name\":\"SpymasterPro\",\"description\":\"\",\"potentialAction\":[{\"@type\":\"SearchAction\",\"target\":{\"@type\":\"EntryPoint\",\"urlTemplate\":\"https:\/\/www.spymasterpro.com\/it\/?s={search_term_string}\"},\"query-input\":{\"@type\":\"PropertyValueSpecification\",\"valueRequired\":true,\"valueName\":\"search_term_string\"}}],\"inLanguage\":\"en-US\"}]}<\/script>\n<!-- \/ Yoast SEO plugin. -->","yoast_head_json":{"title":"Android spia | Software Spia Cellulari Android","description":"Spymaster Pro \u00e8 un software spia cellulari android che ti aiuta a monitorare i telefoni Android. Traccia le attivit\u00e0 mobili come: chiamanti, SMS, GPS, Whatsapp e molte altre cose.","robots":{"index":"index","follow":"follow","max-snippet":"max-snippet:-1","max-image-preview":"max-image-preview:large","max-video-preview":"max-video-preview:-1"},"canonical":"https:\/\/www.spymasterpro.com\/it\/android-spia\/","og_locale":"en_US","og_type":"article","og_title":"Android spia | Software Spia Cellulari Android","og_description":"Spymaster Pro \u00e8 un software spia cellulari android che ti aiuta a monitorare i telefoni Android. Traccia le attivit\u00e0 mobili come: chiamanti, SMS, GPS, Whatsapp e molte altre cose.","og_url":"https:\/\/www.spymasterpro.com\/it\/android-spia\/","og_site_name":"SpymasterPro","article_modified_time":"2020-10-22T06:25:06+00:00","og_image":[{"url":"https:\/\/www.spymasterpro.com\/it\/wp-content\/uploads\/2017\/08\/snapchat_icon.png","type":"","width":"","height":""}],"twitter_card":"summary_large_image","twitter_misc":{"Est. reading time":"2 minutes"},"schema":{"@context":"https:\/\/schema.org","@graph":[{"@type":"WebPage","@id":"https:\/\/www.spymasterpro.com\/it\/android-spia\/","url":"https:\/\/www.spymasterpro.com\/it\/android-spia\/","name":"Android spia | Software Spia Cellulari Android","isPartOf":{"@id":"https:\/\/www.spymasterpro.com\/it\/#website"},"primaryImageOfPage":{"@id":"https:\/\/www.spymasterpro.com\/it\/android-spia\/#primaryimage"},"image":{"@id":"https:\/\/www.spymasterpro.com\/it\/android-spia\/#primaryimage"},"thumbnailUrl":"https:\/\/www.spymasterpro.com\/it\/wp-content\/uploads\/2017\/08\/snapchat_icon.png","datePublished":"2017-01-19T06:07:24+00:00","dateModified":"2020-10-22T06:25:06+00:00","description":"Spymaster Pro \u00e8 un software spia cellulari android che ti aiuta a monitorare i telefoni Android. Traccia le attivit\u00e0 mobili come: chiamanti, SMS, GPS, Whatsapp e molte altre cose.","breadcrumb":{"@id":"https:\/\/www.spymasterpro.com\/it\/android-spia\/#breadcrumb"},"inLanguage":"en-US","potentialAction":[{"@type":"ReadAction","target":["https:\/\/www.spymasterpro.com\/it\/android-spia\/"]}]},{"@type":"ImageObject","inLanguage":"en-US","@id":"https:\/\/www.spymasterpro.com\/it\/android-spia\/#primaryimage","url":"https:\/\/www.spymasterpro.com\/it\/wp-content\/uploads\/2017\/08\/snapchat_icon.png","contentUrl":"https:\/\/www.spymasterpro.com\/it\/wp-content\/uploads\/2017\/08\/snapchat_icon.png","width":19,"height":17},{"@type":"BreadcrumbList","@id":"https:\/\/www.spymasterpro.com\/it\/android-spia\/#breadcrumb","itemListElement":[{"@type":"ListItem","position":1,"name":"Home","item":"https:\/\/www.spymasterpro.com\/it\/"},{"@type":"ListItem","position":2,"name":"Android spia"}]},{"@type":"WebSite","@id":"https:\/\/www.spymasterpro.com\/it\/#website","url":"https:\/\/www.spymasterpro.com\/it\/","name":"SpymasterPro","description":"","potentialAction":[{"@type":"SearchAction","target":{"@type":"EntryPoint","urlTemplate":"https:\/\/www.spymasterpro.com\/it\/?s={search_term_string}"},"query-input":{"@type":"PropertyValueSpecification","valueRequired":true,"valueName":"search_term_string"}}],"inLanguage":"en-US"}]}},"_links":{"self":[{"href":"https:\/\/www.spymasterpro.com\/it\/wp-json\/wp\/v2\/pages\/899","targetHints":{"allow":["GET"]}}],"collection":[{"href":"https:\/\/www.spymasterpro.com\/it\/wp-json\/wp\/v2\/pages"}],"about":[{"href":"https:\/\/www.spymasterpro.com\/it\/wp-json\/wp\/v2\/types\/page"}],"author":[{"embeddable":true,"href":"https:\/\/www.spymasterpro.com\/it\/wp-json\/wp\/v2\/users\/1"}],"replies":[{"embeddable":true,"href":"https:\/\/www.spymasterpro.com\/it\/wp-json\/wp\/v2\/comments?post=899"}],"version-history":[{"count":0,"href":"https:\/\/www.spymasterpro.com\/it\/wp-json\/wp\/v2\/pages\/899\/revisions"}],"wp:attachment":[{"href":"https:\/\/www.spymasterpro.com\/it\/wp-json\/wp\/v2\/media?parent=899"}],"curies":[{"name":"wp","href":"https:\/\/api.w.org\/{rel}","templated":true}]}}