{"id":897,"date":"2017-01-19T06:06:43","date_gmt":"2017-01-19T06:06:43","guid":{"rendered":"http:\/\/it.spymasterpro.com\/?page_id=897"},"modified":"2020-02-28T07:08:17","modified_gmt":"2020-02-28T07:08:17","slug":"iphone-spia","status":"publish","type":"page","link":"https:\/\/www.spymasterpro.com\/it\/iphone-spia\/","title":{"rendered":"IPhone spia"},"content":{"rendered":"<section id=\"iphone_spy_banner\">\r\n<div class=\"container\">\r\n<div class=\"row\">\r\n<div class=\"col-xl-3 col-lg-3 col-md-3 hidden-sm-down iphone_left_img\"><img loading=\"lazy\" decoding=\"async\" class=\"alignnone\" title=\"IPhone spia\" src=\"..\/wp-content\/uploads\/2017\/02\/iphone_spy_phone_img.png\" alt=\"IPhone spia\" width=\"236\" height=\"295\" \/><\/div>\r\n<div class=\"col-xl-9 col-lg-9 col-md-9 col-sm-12 iphone_right_point\">\r\n<h4>iPhone Spia Software<\/h4>\r\n<h6>Spia al modo remoto sull\u2019iPhone di chiunque usando Spymaster Pro<\/h6>\r\n<ul>\r\n \t<li>Sorveglia tuo figlio o una persona per te molto importante e le loro attivit\u00e0 al modo remoto<\/li>\r\n \t<li>Dai un\u2019occhiata ai messaggi delle conversazioni che sono stati cancellati: Whatsapp, Facebook, Instagram, Snapchat e tante altre..<\/li>\r\n \t<li>Non c\u2019\u00e8 nessun bisogno dell\u2019accesso fisico del iPhone che rappresenta il tuo obiettivo<\/li>\r\n \t<li>Funziona al modo segreto<\/li>\r\n \t<li>100% della sicurezza garantita<\/li>\r\n \t<li>Accessibile da tutti Browser Web<\/li>\r\n<\/ul>\r\n<div class=\"slider_btn\"><a class=\"blue_btn\" href=\"https:\/\/www.spymasterpro.com\/demo\/\"><i class=\"fa fa-play\"><\/i> Live Demo<\/a> <a class=\"blue_btn demo_btn\" href=\" https:\/\/www.spymasterpro.com\/it\/acquista-ora\/\">Acquista Ora <\/a><\/div>\r\n<\/div>\r\n<\/div>\r\n<\/div>\r\n<\/section><section class=\"iphone_spy_feature\">\r\n<div class=\"container\">\r\n<div class=\"row\">\r\n<div class=\"col-xs-12\">\r\n<h2>Spia sull\u2019iPhone con Spymaster Pro!<\/h2>\r\n&nbsp;\r\n<div class=\"col-xl-5 col-lg-5 col-sm-5 col-md-5 col-xs-12\"><img loading=\"lazy\" decoding=\"async\" class=\"alignnone\" title=\"Spia sull\u2019iPhone con Spymaster Pro\" src=\"..\/wp-content\/uploads\/2018\/07\/iphone-spia.png\" alt=\"Spia sull\u2019iPhone con Spymaster Pro\" width=\"477\" height=\"241\" \/><\/div>\r\n<div class=\"col-xl-7 col-lg-7 col-sm-7 col-md-7 col-xs-12\">\r\n\r\nSpymaster Pro \u00e8 progettato nel modo intelligente ed rappresenta iPhone spia software che con tanta facilit\u00e0 traccia tutte le attivit\u00e0 del cellulare che rappresenta il tuo obiettivo. Spia al modo remoto per ottenere le informazioni precise che stai cercando. Non c\u2019\u00e8 nessun bisogno per l\u2019accesso fisico del cellulare iPhone che rappresenta l\u2019obiettivo. Solamente ottieni questo affidabile iPhone spia Software e comincia a spiare sulla persona sospettosa.\r\n\r\n<\/div>\r\n<\/div>\r\n<\/div>\r\n<\/div>\r\n<\/section><section id=\"android_spy_feature\" class=\"iphone_spy_feature\">\r\n<div class=\"container\">\r\n<div class=\"row\">\r\n<div class=\"feature_heading text-xs-center\">\r\n<h3>Prova piacere delle seguenti caratteristiche dell\u2019iPhone Spia di Spymaster Pro<\/h3>\r\n<\/div>\r\n<div class=\"clearfix\">\r\n<div class=\"col-xl-6 col-lg-6 col-sm-6 col-md-6 col-xs-6 android_spy_points\">\r\n<h5><img loading=\"lazy\" decoding=\"async\" class=\"alignnone\" title=\"Tracciamento della rubrica telefonica\" src=\"..\/wp-content\/uploads\/2017\/02\/android_icon.png\" alt=\"Tracciamento della rubrica telefonica\" width=\"31\" height=\"25\" \/> Tracciamento della rubrica telefonica<\/h5>\r\nSpymaster Pro arriva anche con la possibilit\u00e0 di tutte le caratteristiche del tracciamento della rubrica telefonica che fa il trasferimento di tutti i contatti che erano memorizzati nel cellulare iPhone che rappresenta il tuo obiettivo.\r\n\r\n<\/div>\r\n<div class=\"col-xl-6 col-lg-6 col-sm-6 col-md-6 col-xs-6 android_spy_points\">\r\n<h5><img loading=\"lazy\" decoding=\"async\" class=\"alignnone\" title=\"Registro delle chiamate\" src=\"..\/wp-content\/uploads\/2017\/02\/iphone_spy_icon.png\" alt=\"Registro delle chiamate\" width=\"27\" height=\"27\" \/> Registro delle chiamate<\/h5>\r\nGrazie a questo software intelligente, avrai nelle tue mani il potere di tenere sotto controllo tutte le chiamate di un iPhone che desideri tenere sotto controllo. Ora non dovrai ascoltarle di nascosto, potrai utilizzare questo strumento intelligente. Scopri con chi stia parlando e per quanto tempo.\r\n\r\n<\/div>\r\n<div class=\"col-xl-6 col-lg-6 col-sm-6 col-md-6 col-xs-6 android_spy_points\">\r\n<h5><img loading=\"lazy\" decoding=\"async\" class=\"alignnone\" title=\"Tracciamento SMS\" src=\"..\/wp-content\/uploads\/2017\/02\/feature_icon2.png\" alt=\"Tracciamento SMS\" width=\"48\" height=\"38\" \/> Tracciamento SMS<\/h5>\r\nS\u00ec, tracciamento SMS \u00e8 anche possibile con questo spia software meraviglioso. Adesso puoi monitorare al modo remoto tutti i messaggi inviati e ricevuti dal cellulare che rappresenta l\u2019obiettivo. Riceverai anche il numero di telefono che inviava e riceveva i messaggi, entrambi.\r\n\r\n<\/div>\r\n<div class=\"col-xl-6 col-lg-6 col-sm-6 col-md-6 col-xs-6 android_spy_points\">\r\n<h5><img loading=\"lazy\" decoding=\"async\" class=\"alignnone\" title=\"Tracciamento delle foto\" src=\"..\/wp-content\/uploads\/2017\/02\/feature_icon10.png\" alt=\"Tracciamento delle foto\" width=\"52\" height=\"42\" \/> Tracciamento delle foto<\/h5>\r\nIl posto segreto in cellulare di chiunque \u00e8 la galleria multimediale. Foto oppure il tracciamento multimediale ti lascia a tracciare tutte le immagini che erano memorizzati nel cellulare iPhone che rappresenta il tuo obiettivo. Certamente puoi ottenere tantissime informazioni dalla galleria multimediale che rappresenta il tuo obiettivo di qualsiasi persona.\r\n\r\n<\/div>\r\n<div class=\"col-xl-6 col-lg-6 col-sm-6 col-md-6 col-xs-6 android_spy_points\">\r\n<h5><img loading=\"lazy\" decoding=\"async\" class=\"alignnone\" title=\"Tracciamento di Facebook Messenger\" src=\"..\/wp-content\/uploads\/2017\/02\/feature_icon9.png\" alt=\"Tracciamento di Facebook Messenger\" width=\"44\" height=\"44\" \/> Tracciamento di Facebook Messenger<\/h5>\r\nSpymaster Pro \u00e8 la potente iPhone spia software che ti lascia a spiare segretamente sul cellulare della persona che rappresnta il tuo obiettivo e adesso puoi spiare anche Facebook messenger, al modo remoto con la precisa data e il tempo preciso della conversazione fatta.\r\n\r\n<\/div>\r\n<div class=\"col-xl-6 col-lg-6 col-sm-6 col-md-6 col-xs-6 android_spy_points\">\r\n<h5><img loading=\"lazy\" decoding=\"async\" class=\"alignnone\" title=\"Tracciamento Instagram\" src=\"..\/wp-content\/uploads\/2017\/08\/instagram_icon.png\" alt=\"Tracciamento Instagram\" width=\"19\" height=\"17\" \/> Tracciamento Instagram<\/h5>\r\nPer aggiungere le possibilit\u00e0 aggiuntive all\u2019aria di spionaggio qui abbiamo un\u2019altra caratteristica spia di Spymaster Pro che fornisce le informazioni precise delle conversazioni Instagram. Puoi leggere e salvare l\u2019evidenza e la prova anche se la conversazione chat \u00e8 stata cancellata dal cellulare iPhone che rappresenta il tuo obiettivo.\r\n\r\n<\/div>\r\n<div class=\"col-xl-6 col-lg-6 col-sm-6 col-md-6 col-xs-6 android_spy_points\">\r\n<h5><img loading=\"lazy\" decoding=\"async\" class=\"alignnone\" title=\"Tracciamento di Snapchat\" src=\"..\/wp-content\/uploads\/2017\/08\/snapchat_icon.png\" alt=\"Tracciamento di Snapchat\" width=\"19\" height=\"17\" \/> Tracciamento di Snapchat<\/h5>\r\nLe caratteristiche di tracciamento Snapchat di Spymaster Pro ti lascia l\u2019accesso a tutte le conversazioni chat che la persona fa. Con questo iPhone spia software, puoi avere l\u2019accesso a tutte le informazioni complete come ad esempio la data e il tempo preciso quando le conversazioni erano scambiate.\r\n\r\n<\/div>\r\n<div class=\"col-xl-6 col-lg-6 col-sm-6 col-md-6 col-xs-6 android_spy_points\">\r\n<h5><img loading=\"lazy\" decoding=\"async\" class=\"alignnone\" title=\"Tracciamento di WhatsApp\" src=\"..\/wp-content\/uploads\/2017\/02\/feature_icon8.png\" alt=\"Tracciamento di WhatsApp\" width=\"50\" height=\"50\" \/> Tracciamento di WhatsApp<\/h5>\r\nSpymaster Pro fa trasferimenti efficaci al tuo Spymaster Pro account personale di tutte le conversazioni Whatsapp del cellulare iPhone che rappresenta l\u2019obiettivo. Adesso puoi leggere al modo segreto tutte le conversazioni Whatsapp della persona sospettosa.\r\n\r\n<\/div>\r\n<\/div>\r\n<div class=\"iphone_note col-xs-12\">\r\n\r\n<strong> Nota: <\/strong>Le credenziali i\u0421loud sono richieste per monitorare i dispositivi iOS senza jailbreak.\r\n\r\n<\/div>\r\n<div class=\"col-xl-12 col-xs-12 col-sm-12 col-md-12 strip_btn spy_btn feature_bottom text-xs-center hidden-md-up\"><a class=\"white_btn\" href=\"https:\/\/www.spymasterpro.com\/it\/rapido-giro\/\">Rapido Giro<\/a> <a class=\"blue_btn\" href=\"https:\/\/www.spymasterpro.com\/it\/acquista-ora\/\">Acquista Ora<\/a><\/div>\r\n<\/div>\r\n<\/div>\r\n<\/section><section id=\"iphone_spy_work\">\r\n<div class=\"container\">\r\n<div class=\"row\">\r\n<div class=\"feature_heading text-xs-center\">\r\n<h3>Come funzione<\/h3>\r\n<\/div>\r\n<div class=\"row iphone_spy_work_phone\">\r\n<div class=\"col-xl-4 col-lg-4 col-md-4 col-sm-4 text-xs-center\">\r\n<div class=\"iphone_spy_bx\">\r\n\r\n<img loading=\"lazy\" decoding=\"async\" class=\"alignnone\" title=\"Come funzione\" src=\"..\/wp-content\/uploads\/2017\/02\/iphone_spy_img1.png\" alt=\"Come funzione\" width=\"152\" height=\"97\" \/>\r\n<h5>Ottieni le Credenziali iCloud<\/h5>\r\nEcco come ottenere in modo intelligente le credenziali iCloud di un dispositivo selezionato. Accedi al tuo account Spymaster e quando richiesto, nel corso del processo, invia queste credenziali.\r\n\r\n<\/div>\r\n<\/div>\r\n<div class=\"col-xl-4 col-lg-4 col-md-4 col-sm-4 text-xs-center\">\r\n<div class=\"iphone_spy_bx\">\r\n\r\n<img loading=\"lazy\" decoding=\"async\" class=\"alignnone\" title=\"Ottieni le Credenziali iCloud\" src=\"..\/wp-content\/uploads\/2017\/02\/iphone_spy_img2.png\" alt=\"Ottieni le Credenziali iCloud\" width=\"101\" height=\"101\" \/>\r\n<h5>Utilizza le funzioni<\/h5>\r\nSeleziona le funzioni che desideri utilizzare per monitorare le informazioni di un persona prescelta. Per esempio Whatsapp, Facebook, registro delle chiamate, ecc.\r\n\r\n<\/div>\r\n<\/div>\r\n<div class=\"col-xl-4 col-lg-4 col-md-4 col-sm-4 text-xs-center\">\r\n<div class=\"iphone_spy_bx\">\r\n\r\n<img loading=\"lazy\" decoding=\"async\" class=\"alignnone\" title=\"Utilizza le funzioni\" src=\"..\/wp-content\/uploads\/2017\/02\/iphone_spy_img3.jpg\" alt=\"Utilizza le funzioni\" width=\"97\" height=\"97\" \/>\r\n<h5>Traccia ogni informazione in modo remoto<\/h5>\r\nInizia a tracciare in modo remoto un iPhone selezionato, senza toccarlo. Tutte le informazioni saranno visibile all&#8217;interno del tuo pannello di controllo. Tieni sott&#8217;occhio qualsiasi aspetto, in ogni momento e da qualsiasi luogo.\r\n\r\n<\/div>\r\n<\/div>\r\n<\/div>\r\n<\/div>\r\n<\/div>\r\n<\/section><section id=\"iphone_spy_bottom\">\r\n<div class=\"container\">\r\n<div class=\"row\">\r\n<div class=\"col-xl-12 col-xs-12 col-sm-12 col-md-12 strip_txt text-xs-center\">\r\n\r\nOra acquista Spymaster Pro iPhone con uno sconto del 50% a soli $ 7.05\/ mese\r\n\r\n<\/div>\r\n<div class=\"col-xl-12 col-xs-12 col-sm-12 col-md-12 strip_btn spy_btn feature_bottom text-xs-center\"><a class=\"blue_btn\" href=\"https:\/\/www.spymasterpro.com\/it\/sicuro-da-utilizzare\/\">Sicuro da utilizzare<\/a> <a class=\"white_btn demo_btn hidden-sm-down\" href=\"https:\/\/www.spymasterpro.com\/it\/acquista-ora\/\">Cons\u00edguelo aqu\u00ed<\/a> <a class=\"white_btn demo_btn hidden-md-up\" href=\"https:\/\/www.spymasterpro.com\/it\/acquista-ora\/\">Acquista Ora<\/a><\/div>\r\n<\/div>\r\n<\/div>\r\n<\/section>","protected":false},"excerpt":{"rendered":"<p>iPhone Spia Software Spia al modo remoto sull\u2019iPhone di chiunque usando Spymaster Pro Sorveglia tuo figlio o una persona per te molto importante e le loro attivit\u00e0 al modo remoto Dai un\u2019occhiata ai messaggi delle conversazioni che sono stati cancellati: Whatsapp, Facebook, Instagram, Snapchat e tante altre.. Non c\u2019\u00e8 nessun bisogno dell\u2019accesso fisico del iPhone &hellip; <a href=\"https:\/\/www.spymasterpro.com\/it\/iphone-spia\/\" class=\"more-link\">Continue reading<span class=\"screen-reader-text\"> &#8220;IPhone spia&#8221;<\/span><\/a><\/p>\n","protected":false},"author":1,"featured_media":0,"parent":0,"menu_order":0,"comment_status":"closed","ping_status":"closed","template":"page-full.php","meta":{"_acf_changed":false,"footnotes":""},"class_list":["post-897","page","type-page","status-publish","hentry"],"acf":[],"yoast_head":"<!-- This site is optimized with the Yoast SEO plugin v27.1.1 - https:\/\/yoast.com\/product\/yoast-seo-wordpress\/ -->\n<title>IPhone spia - iPhone Spia Software<\/title>\n<meta name=\"description\" content=\"Il software spia numero 1 del mondo ti consente di spiare l&#039;iPhone e monitorare l&#039;iPhone di qualcuno senza fuggire. Tieni traccia di posizione GPS, SMS, Instagram, Snapchat, Whatsapp e molto altro.\" \/>\n<meta name=\"robots\" content=\"index, follow, max-snippet:-1, max-image-preview:large, max-video-preview:-1\" \/>\n<link rel=\"canonical\" href=\"https:\/\/www.spymasterpro.com\/it\/iphone-spia\/\" \/>\n<meta property=\"og:locale\" content=\"en_US\" \/>\n<meta property=\"og:type\" content=\"article\" \/>\n<meta property=\"og:title\" content=\"IPhone spia - iPhone Spia Software\" \/>\n<meta property=\"og:description\" content=\"Il software spia numero 1 del mondo ti consente di spiare l&#039;iPhone e monitorare l&#039;iPhone di qualcuno senza fuggire. Tieni traccia di posizione GPS, SMS, Instagram, Snapchat, Whatsapp e molto altro.\" \/>\n<meta property=\"og:url\" content=\"https:\/\/www.spymasterpro.com\/it\/iphone-spia\/\" \/>\n<meta property=\"og:site_name\" content=\"SpymasterPro\" \/>\n<meta property=\"article:modified_time\" content=\"2020-02-28T07:08:17+00:00\" \/>\n<meta name=\"twitter:card\" content=\"summary_large_image\" \/>\n<meta name=\"twitter:label1\" content=\"Est. reading time\" \/>\n\t<meta name=\"twitter:data1\" content=\"3 minutes\" \/>\n<script type=\"application\/ld+json\" class=\"yoast-schema-graph\">{\"@context\":\"https:\/\/schema.org\",\"@graph\":[{\"@type\":\"WebPage\",\"@id\":\"https:\/\/www.spymasterpro.com\/it\/iphone-spia\/\",\"url\":\"https:\/\/www.spymasterpro.com\/it\/iphone-spia\/\",\"name\":\"IPhone spia - iPhone Spia Software\",\"isPartOf\":{\"@id\":\"https:\/\/www.spymasterpro.com\/it\/#website\"},\"datePublished\":\"2017-01-19T06:06:43+00:00\",\"dateModified\":\"2020-02-28T07:08:17+00:00\",\"description\":\"Il software spia numero 1 del mondo ti consente di spiare l'iPhone e monitorare l'iPhone di qualcuno senza fuggire. Tieni traccia di posizione GPS, SMS, Instagram, Snapchat, Whatsapp e molto altro.\",\"breadcrumb\":{\"@id\":\"https:\/\/www.spymasterpro.com\/it\/iphone-spia\/#breadcrumb\"},\"inLanguage\":\"en-US\",\"potentialAction\":[{\"@type\":\"ReadAction\",\"target\":[\"https:\/\/www.spymasterpro.com\/it\/iphone-spia\/\"]}]},{\"@type\":\"BreadcrumbList\",\"@id\":\"https:\/\/www.spymasterpro.com\/it\/iphone-spia\/#breadcrumb\",\"itemListElement\":[{\"@type\":\"ListItem\",\"position\":1,\"name\":\"Home\",\"item\":\"https:\/\/www.spymasterpro.com\/it\/\"},{\"@type\":\"ListItem\",\"position\":2,\"name\":\"IPhone spia\"}]},{\"@type\":\"WebSite\",\"@id\":\"https:\/\/www.spymasterpro.com\/it\/#website\",\"url\":\"https:\/\/www.spymasterpro.com\/it\/\",\"name\":\"SpymasterPro\",\"description\":\"\",\"potentialAction\":[{\"@type\":\"SearchAction\",\"target\":{\"@type\":\"EntryPoint\",\"urlTemplate\":\"https:\/\/www.spymasterpro.com\/it\/?s={search_term_string}\"},\"query-input\":{\"@type\":\"PropertyValueSpecification\",\"valueRequired\":true,\"valueName\":\"search_term_string\"}}],\"inLanguage\":\"en-US\"}]}<\/script>\n<!-- \/ Yoast SEO plugin. -->","yoast_head_json":{"title":"IPhone spia - iPhone Spia Software","description":"Il software spia numero 1 del mondo ti consente di spiare l'iPhone e monitorare l'iPhone di qualcuno senza fuggire. Tieni traccia di posizione GPS, SMS, Instagram, Snapchat, Whatsapp e molto altro.","robots":{"index":"index","follow":"follow","max-snippet":"max-snippet:-1","max-image-preview":"max-image-preview:large","max-video-preview":"max-video-preview:-1"},"canonical":"https:\/\/www.spymasterpro.com\/it\/iphone-spia\/","og_locale":"en_US","og_type":"article","og_title":"IPhone spia - iPhone Spia Software","og_description":"Il software spia numero 1 del mondo ti consente di spiare l'iPhone e monitorare l'iPhone di qualcuno senza fuggire. Tieni traccia di posizione GPS, SMS, Instagram, Snapchat, Whatsapp e molto altro.","og_url":"https:\/\/www.spymasterpro.com\/it\/iphone-spia\/","og_site_name":"SpymasterPro","article_modified_time":"2020-02-28T07:08:17+00:00","twitter_card":"summary_large_image","twitter_misc":{"Est. reading time":"3 minutes"},"schema":{"@context":"https:\/\/schema.org","@graph":[{"@type":"WebPage","@id":"https:\/\/www.spymasterpro.com\/it\/iphone-spia\/","url":"https:\/\/www.spymasterpro.com\/it\/iphone-spia\/","name":"IPhone spia - iPhone Spia Software","isPartOf":{"@id":"https:\/\/www.spymasterpro.com\/it\/#website"},"datePublished":"2017-01-19T06:06:43+00:00","dateModified":"2020-02-28T07:08:17+00:00","description":"Il software spia numero 1 del mondo ti consente di spiare l'iPhone e monitorare l'iPhone di qualcuno senza fuggire. Tieni traccia di posizione GPS, SMS, Instagram, Snapchat, Whatsapp e molto altro.","breadcrumb":{"@id":"https:\/\/www.spymasterpro.com\/it\/iphone-spia\/#breadcrumb"},"inLanguage":"en-US","potentialAction":[{"@type":"ReadAction","target":["https:\/\/www.spymasterpro.com\/it\/iphone-spia\/"]}]},{"@type":"BreadcrumbList","@id":"https:\/\/www.spymasterpro.com\/it\/iphone-spia\/#breadcrumb","itemListElement":[{"@type":"ListItem","position":1,"name":"Home","item":"https:\/\/www.spymasterpro.com\/it\/"},{"@type":"ListItem","position":2,"name":"IPhone spia"}]},{"@type":"WebSite","@id":"https:\/\/www.spymasterpro.com\/it\/#website","url":"https:\/\/www.spymasterpro.com\/it\/","name":"SpymasterPro","description":"","potentialAction":[{"@type":"SearchAction","target":{"@type":"EntryPoint","urlTemplate":"https:\/\/www.spymasterpro.com\/it\/?s={search_term_string}"},"query-input":{"@type":"PropertyValueSpecification","valueRequired":true,"valueName":"search_term_string"}}],"inLanguage":"en-US"}]}},"_links":{"self":[{"href":"https:\/\/www.spymasterpro.com\/it\/wp-json\/wp\/v2\/pages\/897","targetHints":{"allow":["GET"]}}],"collection":[{"href":"https:\/\/www.spymasterpro.com\/it\/wp-json\/wp\/v2\/pages"}],"about":[{"href":"https:\/\/www.spymasterpro.com\/it\/wp-json\/wp\/v2\/types\/page"}],"author":[{"embeddable":true,"href":"https:\/\/www.spymasterpro.com\/it\/wp-json\/wp\/v2\/users\/1"}],"replies":[{"embeddable":true,"href":"https:\/\/www.spymasterpro.com\/it\/wp-json\/wp\/v2\/comments?post=897"}],"version-history":[{"count":0,"href":"https:\/\/www.spymasterpro.com\/it\/wp-json\/wp\/v2\/pages\/897\/revisions"}],"wp:attachment":[{"href":"https:\/\/www.spymasterpro.com\/it\/wp-json\/wp\/v2\/media?parent=897"}],"curies":[{"name":"wp","href":"https:\/\/api.w.org\/{rel}","templated":true}]}}