{"id":863,"date":"2016-11-30T13:01:12","date_gmt":"2016-11-30T13:01:12","guid":{"rendered":"https:\/\/www.spymasterpro.com\/it\/?page_id=863"},"modified":"2019-05-02T12:19:49","modified_gmt":"2019-05-02T12:19:49","slug":"guida-al-download-deo-software-spia-whatsapp","status":"publish","type":"page","link":"https:\/\/www.spymasterpro.com\/it\/guida-al-download-deo-software-spia-whatsapp\/","title":{"rendered":"Guida al download de\u00f2 software spia Whatsapp"},"content":{"rendered":"<p style=\"text-align: center;\"><img loading=\"lazy\" decoding=\"async\" class=\"aligncenter wp-image-719 size-full\" src=\"https:\/\/www.spymasterpro.com\/it\/wp-content\/uploads\/2016\/11\/whats-app-android-download.jpg\" alt=\"iphone whatsapp spy\" width=\"605\" height=\"287\" \/><\/p>\r\n\r\n<strong>Hai acquistato il software? Nel caso tu non lo abbia fatto, Acquistalo ora.<\/strong>\r\n<p>Dopo aver acquistato il software spia Whatsapp dal sito Web Spymaster Pro, avrai il diritto di scaricare e installare il software all&#8217;interno del telefono Android selezionato. Ricordati, non \u00e8 necessario installare il software nel caso tu voglia spiare un dispositivo iPhone. Questo processo \u00e8 differente tra Android e iPhone. Ora \u00e8 il momento di seguire attentamente la guida.<\/p>\r\n<b>Nel caso tu voglia spiare Whatsapp su Android:<\/b>\r\n<div class=\"spy-viber-it-change\">\r\n<ul>\r\n<li>Acquista il software sul sito Web.<\/li>\r\n<li>Apri la e-mail che ti \u00e8 stata inviata da Spymaster, questa include il link per scaricare il software spia Whatsapp, il codice unico di registrazione e i dettagli di login per accedere al tuo account Spymaster.<\/li>\r\n<li>Il passo successivo \u00e8 scaricare il software all&#8217;interno del telefono Android da tenere sotto controllo utilizzando il link di download che ti \u00e8 stato inviato.<\/li>\r\n<li>Il download e l&#8217;installazione necessitavano appena cinque minuti. Successivamente potrai lasciare il telefono. Dai uno sguardo ai passi per installare Spymaster Pro su telefoni Android.<\/li>\r\n<li>Ora potrai tornare sul tuo dispositivo-cellulare o PC e accedere al tuo account Spymaster, utilizzando i dettagli di accesso che ti sono stati inviati.<\/li>\r\n<li>Potrai cos\u00ec visualizzare un pannello di controllo che ti mostrer\u00e0 tutti i dettagli del cellulare della persona tenuta sotto controllo: chat WhatsApp, registri delle chiamate, messaggi Facebook, messaggi di testo, ecc.<\/li>\r\n<\/ul>\r\n<\/div>\r\n<b>Spia WhatsApp su Android<\/b>\r\n<b>Nel caso tu voglia spiare Whatsapp su iPhone<\/b>\r\n<div class=\"spy-viber-it-change\">\r\n<ul>\r\n<li>La prima cosa da fare \u00e8 acquistare il software Spia Spymaster Pro &#8211; iPhone.<\/li>\r\n<li>Apri la e-mail che ti \u00e8 stata inviata da Spymaster, questa include i dettagli di login per accedere al tuo account Spymaster.<\/li>\r\n<li>Apri il tuo account Spymaster Pro da qualsiasi dispositivo, utilizzando i dettagli di accesso.<\/li>\r\n<li>Durante il processo, ti verr\u00e0 richiesto di inserire le credenziali iCloud del telefono iPhone da tenere sotto controllo.<\/li>\r\n<\/ul>\r\n<\/div>\r\n<p>Nota: sono necessarie le credenziali iCloud del telefono iPhone da tenere sotto controllo\r\nSpia WhatsAppsu iPhone<\/p>\r\n<div class=\"big-button\">\r\n<a class=\"blue_btnandroid\" href=\"https:\/\/www.spymasterpro.com\/it\/buynow\/\">Acquista ora<\/a>\r\n<\/div>","protected":false},"excerpt":{"rendered":"<p>Hai acquistato il software? Nel caso tu non lo abbia fatto, Acquistalo ora. Dopo aver acquistato il software spia Whatsapp dal sito Web Spymaster Pro, avrai il diritto di scaricare e installare il software all&#8217;interno del telefono Android selezionato. Ricordati, non \u00e8 necessario installare il software nel caso tu voglia spiare un dispositivo iPhone. Questo &hellip; <a href=\"https:\/\/www.spymasterpro.com\/it\/guida-al-download-deo-software-spia-whatsapp\/\" class=\"more-link\">Continue reading<span class=\"screen-reader-text\"> &#8220;Guida al download de\u00f2 software spia Whatsapp&#8221;<\/span><\/a><\/p>\n","protected":false},"author":1,"featured_media":0,"parent":0,"menu_order":0,"comment_status":"closed","ping_status":"closed","template":"","meta":{"_acf_changed":false,"footnotes":""},"class_list":["post-863","page","type-page","status-publish","hentry"],"acf":[],"yoast_head":"<!-- This site is optimized with the Yoast SEO plugin v27.1.1 - https:\/\/yoast.com\/product\/yoast-seo-wordpress\/ -->\n<title>Guida al download de\u00f2 software spia Whatsapp - SpymasterPro<\/title>\n<meta name=\"robots\" content=\"index, follow, max-snippet:-1, max-image-preview:large, max-video-preview:-1\" \/>\n<link rel=\"canonical\" href=\"https:\/\/www.spymasterpro.com\/it\/guida-al-download-deo-software-spia-whatsapp\/\" \/>\n<meta property=\"og:locale\" content=\"en_US\" \/>\n<meta property=\"og:type\" content=\"article\" \/>\n<meta property=\"og:title\" content=\"Guida al download de\u00f2 software spia Whatsapp - SpymasterPro\" \/>\n<meta property=\"og:description\" content=\"Hai acquistato il software? Nel caso tu non lo abbia fatto, Acquistalo ora. Dopo aver acquistato il software spia Whatsapp dal sito Web Spymaster Pro, avrai il diritto di scaricare e installare il software all&#8217;interno del telefono Android selezionato. Ricordati, non \u00e8 necessario installare il software nel caso tu voglia spiare un dispositivo iPhone. Questo &hellip; Continue reading &quot;Guida al download de\u00f2 software spia Whatsapp&quot;\" \/>\n<meta property=\"og:url\" content=\"https:\/\/www.spymasterpro.com\/it\/guida-al-download-deo-software-spia-whatsapp\/\" \/>\n<meta property=\"og:site_name\" content=\"SpymasterPro\" \/>\n<meta property=\"article:modified_time\" content=\"2019-05-02T12:19:49+00:00\" \/>\n<meta property=\"og:image\" content=\"https:\/\/www.spymasterpro.com\/it\/wp-content\/uploads\/2016\/11\/whats-app-android-download.jpg\" \/>\n<meta name=\"twitter:card\" content=\"summary_large_image\" \/>\n<meta name=\"twitter:label1\" content=\"Est. reading time\" \/>\n\t<meta name=\"twitter:data1\" content=\"2 minutes\" \/>\n<script type=\"application\/ld+json\" class=\"yoast-schema-graph\">{\"@context\":\"https:\/\/schema.org\",\"@graph\":[{\"@type\":\"WebPage\",\"@id\":\"https:\/\/www.spymasterpro.com\/it\/guida-al-download-deo-software-spia-whatsapp\/\",\"url\":\"https:\/\/www.spymasterpro.com\/it\/guida-al-download-deo-software-spia-whatsapp\/\",\"name\":\"Guida al download de\u00f2 software spia Whatsapp - SpymasterPro\",\"isPartOf\":{\"@id\":\"https:\/\/www.spymasterpro.com\/it\/#website\"},\"primaryImageOfPage\":{\"@id\":\"https:\/\/www.spymasterpro.com\/it\/guida-al-download-deo-software-spia-whatsapp\/#primaryimage\"},\"image\":{\"@id\":\"https:\/\/www.spymasterpro.com\/it\/guida-al-download-deo-software-spia-whatsapp\/#primaryimage\"},\"thumbnailUrl\":\"https:\/\/www.spymasterpro.com\/it\/wp-content\/uploads\/2016\/11\/whats-app-android-download.jpg\",\"datePublished\":\"2016-11-30T13:01:12+00:00\",\"dateModified\":\"2019-05-02T12:19:49+00:00\",\"breadcrumb\":{\"@id\":\"https:\/\/www.spymasterpro.com\/it\/guida-al-download-deo-software-spia-whatsapp\/#breadcrumb\"},\"inLanguage\":\"en-US\",\"potentialAction\":[{\"@type\":\"ReadAction\",\"target\":[\"https:\/\/www.spymasterpro.com\/it\/guida-al-download-deo-software-spia-whatsapp\/\"]}]},{\"@type\":\"ImageObject\",\"inLanguage\":\"en-US\",\"@id\":\"https:\/\/www.spymasterpro.com\/it\/guida-al-download-deo-software-spia-whatsapp\/#primaryimage\",\"url\":\"https:\/\/www.spymasterpro.com\/it\/wp-content\/uploads\/2016\/11\/whats-app-android-download.jpg\",\"contentUrl\":\"https:\/\/www.spymasterpro.com\/it\/wp-content\/uploads\/2016\/11\/whats-app-android-download.jpg\",\"width\":604,\"height\":270},{\"@type\":\"BreadcrumbList\",\"@id\":\"https:\/\/www.spymasterpro.com\/it\/guida-al-download-deo-software-spia-whatsapp\/#breadcrumb\",\"itemListElement\":[{\"@type\":\"ListItem\",\"position\":1,\"name\":\"Home\",\"item\":\"https:\/\/www.spymasterpro.com\/it\/\"},{\"@type\":\"ListItem\",\"position\":2,\"name\":\"Guida al download de\u00f2 software spia Whatsapp\"}]},{\"@type\":\"WebSite\",\"@id\":\"https:\/\/www.spymasterpro.com\/it\/#website\",\"url\":\"https:\/\/www.spymasterpro.com\/it\/\",\"name\":\"SpymasterPro\",\"description\":\"\",\"potentialAction\":[{\"@type\":\"SearchAction\",\"target\":{\"@type\":\"EntryPoint\",\"urlTemplate\":\"https:\/\/www.spymasterpro.com\/it\/?s={search_term_string}\"},\"query-input\":{\"@type\":\"PropertyValueSpecification\",\"valueRequired\":true,\"valueName\":\"search_term_string\"}}],\"inLanguage\":\"en-US\"}]}<\/script>\n<!-- \/ Yoast SEO plugin. -->","yoast_head_json":{"title":"Guida al download de\u00f2 software spia Whatsapp - SpymasterPro","robots":{"index":"index","follow":"follow","max-snippet":"max-snippet:-1","max-image-preview":"max-image-preview:large","max-video-preview":"max-video-preview:-1"},"canonical":"https:\/\/www.spymasterpro.com\/it\/guida-al-download-deo-software-spia-whatsapp\/","og_locale":"en_US","og_type":"article","og_title":"Guida al download de\u00f2 software spia Whatsapp - SpymasterPro","og_description":"Hai acquistato il software? Nel caso tu non lo abbia fatto, Acquistalo ora. Dopo aver acquistato il software spia Whatsapp dal sito Web Spymaster Pro, avrai il diritto di scaricare e installare il software all&#8217;interno del telefono Android selezionato. Ricordati, non \u00e8 necessario installare il software nel caso tu voglia spiare un dispositivo iPhone. Questo &hellip; Continue reading \"Guida al download de\u00f2 software spia Whatsapp\"","og_url":"https:\/\/www.spymasterpro.com\/it\/guida-al-download-deo-software-spia-whatsapp\/","og_site_name":"SpymasterPro","article_modified_time":"2019-05-02T12:19:49+00:00","og_image":[{"url":"https:\/\/www.spymasterpro.com\/it\/wp-content\/uploads\/2016\/11\/whats-app-android-download.jpg","type":"","width":"","height":""}],"twitter_card":"summary_large_image","twitter_misc":{"Est. reading time":"2 minutes"},"schema":{"@context":"https:\/\/schema.org","@graph":[{"@type":"WebPage","@id":"https:\/\/www.spymasterpro.com\/it\/guida-al-download-deo-software-spia-whatsapp\/","url":"https:\/\/www.spymasterpro.com\/it\/guida-al-download-deo-software-spia-whatsapp\/","name":"Guida al download de\u00f2 software spia Whatsapp - SpymasterPro","isPartOf":{"@id":"https:\/\/www.spymasterpro.com\/it\/#website"},"primaryImageOfPage":{"@id":"https:\/\/www.spymasterpro.com\/it\/guida-al-download-deo-software-spia-whatsapp\/#primaryimage"},"image":{"@id":"https:\/\/www.spymasterpro.com\/it\/guida-al-download-deo-software-spia-whatsapp\/#primaryimage"},"thumbnailUrl":"https:\/\/www.spymasterpro.com\/it\/wp-content\/uploads\/2016\/11\/whats-app-android-download.jpg","datePublished":"2016-11-30T13:01:12+00:00","dateModified":"2019-05-02T12:19:49+00:00","breadcrumb":{"@id":"https:\/\/www.spymasterpro.com\/it\/guida-al-download-deo-software-spia-whatsapp\/#breadcrumb"},"inLanguage":"en-US","potentialAction":[{"@type":"ReadAction","target":["https:\/\/www.spymasterpro.com\/it\/guida-al-download-deo-software-spia-whatsapp\/"]}]},{"@type":"ImageObject","inLanguage":"en-US","@id":"https:\/\/www.spymasterpro.com\/it\/guida-al-download-deo-software-spia-whatsapp\/#primaryimage","url":"https:\/\/www.spymasterpro.com\/it\/wp-content\/uploads\/2016\/11\/whats-app-android-download.jpg","contentUrl":"https:\/\/www.spymasterpro.com\/it\/wp-content\/uploads\/2016\/11\/whats-app-android-download.jpg","width":604,"height":270},{"@type":"BreadcrumbList","@id":"https:\/\/www.spymasterpro.com\/it\/guida-al-download-deo-software-spia-whatsapp\/#breadcrumb","itemListElement":[{"@type":"ListItem","position":1,"name":"Home","item":"https:\/\/www.spymasterpro.com\/it\/"},{"@type":"ListItem","position":2,"name":"Guida al download de\u00f2 software spia Whatsapp"}]},{"@type":"WebSite","@id":"https:\/\/www.spymasterpro.com\/it\/#website","url":"https:\/\/www.spymasterpro.com\/it\/","name":"SpymasterPro","description":"","potentialAction":[{"@type":"SearchAction","target":{"@type":"EntryPoint","urlTemplate":"https:\/\/www.spymasterpro.com\/it\/?s={search_term_string}"},"query-input":{"@type":"PropertyValueSpecification","valueRequired":true,"valueName":"search_term_string"}}],"inLanguage":"en-US"}]}},"_links":{"self":[{"href":"https:\/\/www.spymasterpro.com\/it\/wp-json\/wp\/v2\/pages\/863","targetHints":{"allow":["GET"]}}],"collection":[{"href":"https:\/\/www.spymasterpro.com\/it\/wp-json\/wp\/v2\/pages"}],"about":[{"href":"https:\/\/www.spymasterpro.com\/it\/wp-json\/wp\/v2\/types\/page"}],"author":[{"embeddable":true,"href":"https:\/\/www.spymasterpro.com\/it\/wp-json\/wp\/v2\/users\/1"}],"replies":[{"embeddable":true,"href":"https:\/\/www.spymasterpro.com\/it\/wp-json\/wp\/v2\/comments?post=863"}],"version-history":[{"count":0,"href":"https:\/\/www.spymasterpro.com\/it\/wp-json\/wp\/v2\/pages\/863\/revisions"}],"wp:attachment":[{"href":"https:\/\/www.spymasterpro.com\/it\/wp-json\/wp\/v2\/media?parent=863"}],"curies":[{"name":"wp","href":"https:\/\/api.w.org\/{rel}","templated":true}]}}