{"id":84,"date":"2014-11-10T06:19:53","date_gmt":"2014-11-10T06:19:53","guid":{"rendered":"https:\/\/www.spymasterpro.com\/it\/?page_id=84"},"modified":"2019-05-02T10:37:06","modified_gmt":"2019-05-02T10:37:06","slug":"come-funziona-spymaster-pro","status":"publish","type":"page","link":"https:\/\/www.spymasterpro.com\/it\/come-funziona-spymaster-pro\/","title":{"rendered":"Come funziona Spymaster Pro?"},"content":{"rendered":"<p>Non \u00e8 impossibile continuare a controllare qualcuno? Ma se ci fosse la necessit\u00e0 di tale controllo uno dovrebbe dare uno sguardo al opzioni che sono elencate qui sotto:<\/p>\r\n<div class=\"spy-viber-it-change\">\r\n<ul>\r\n\t<li>Consultare i propri amici<\/li>\r\n\t<li>Controllare le cose delle persone delle quali si dubita<\/li>\r\n\t<li>Scegliere gli strumenti che permettono la sorveglianza<\/li>\r\n<\/ul>\r\n<\/div>\r\n<p>Il problema inerente ai metodi sopra menzionati \u00e8 che non assicurano i migliori risultati. Il modo migliore \u00e8 quello di controllare completamente il telefono di una persona della quale sospettate. Per evitare di essere colti in flagrante spiando i loro telefoni, necessiterete un modo pi\u00f9 intelligente. Anche se di primo acchito potrebbe sembrare totalmente impossibile, con l\u2019aiuto di certi software \u00e8 possibile spiare un telefono che si desidera. Con l\u2019aiuto di uno spyware \u00e8 possibile avere l\u2019accesso a molte informazioni che vi vengono deliberatamente nascoste. Potrete scorrere ognuno dei dettagli del telefono che avrete selezionato mentre vi godrete un caff\u00e8 seduti nel vostro salotto. In questo mondo guidato dalla tecnologia, uno strumento come questo vi pu\u00f2 svelare molte sorprese!<\/p>\r\n<strong><span style=\"font-size: 19px; font-family: bold;\">1. Come Iniziare Con Questo<\/span><\/strong>\r\n<p>Prima di tutto assicurasi di della compatibilit\u00e0 del telefono sul quale volete utilizzare il software. In ogni caso non c\u2019\u00e8 necessit\u00e0 di preoccuparsi se lo si desidera utilizzare su qualsiasi modello di iPhone, Blackberry e Android. Sono inoltre sopportati tutti i network per l\u2019utilizzo di questo software.<\/p>\r\n<p>Se qualcuno volesse controllare la compatibilit\u00e0 del telefono con il software, sar\u00e0 possibile visitare la pagina dei\u00a0<strong><a href=\"https:\/\/www.spymasterpro.com\/it\/compatibilita\/\" target=\"_blank\" rel=\"noopener noreferrer\">compatibilit\u00e0<\/a><\/strong>\u00a0per avere una migliore comprensione di questo aspetto.<\/p>\r\n<p>Una volta che abbiate risolto i vostri dubbi riguardo la compatibilit\u00e0 potrete procedere con l&#8217;acquisto del software. Cliccate ora qualsiasi.Acquista orabn  Per comprare il software Spymaster Pro.<\/p>\r\n<p>Una volta che il software \u00e8 stato acquistato potrete iniziare l\u2019installazione dello stesso sul telefono che volete monitorare.<\/p>\r\n<p>Seguite la procedura d&#8217;installazione indicata la pagina d <a href=\"https:\/\/www.spymasterpro.com\/it\/installazione-android\/\" target=\"_blank\" rel=\"noopener noreferrer\"><strong>How to Install (come installare) Spymaster Pro<\/strong><\/a><b>.<\/b><\/p>\r\n<strong><span style=\"font-size: 19px; font-family: bold;\">2. Come funziona<\/span><\/strong>\r\n<div class=\"spy-viber-it-change\">\r\n<ul>\r\n<li>La installazione di Spymaster Pro sul telefono selezionato \u00e8 seguita dal caricamento dei dati sui server Spymaster Pro. Questo necessita alcuni minuti.<\/li>\r\n<li>In aggiunta a tutti i dati immagazzinati nei telefoni, le vostre impostazioni preferite dei telefoni verranno salvate il server di Spymaster Pro. Ogni nuova attivit\u00e0 che avr\u00e0 luogo sul telefono selezionato verr\u00e0 immagazzinata in tempo reale dei suddetti server.<\/li>\r\n<li>Sar\u00e0 possibile accedere a tutti i dettagli dei dati sotto controllo del telefono selezionato effettuando l&#8217;accesso al pannello di controllo.<\/li>\r\n<\/ul>\r\n<\/div><br>\r\n\r\n<strong><span style=\"font-size: 19px; font-family: bold;\">3. Login al Spymaster Pro come questo<\/span><\/strong><br>\r\n<p align=\"justify\">Per tracciare tutti i dati sono necessari nome utente e password per il. <a title=\"Login\" href=\"https:\/\/www.spymasterpro.com\/main_admin\/login.php\"><strong>Login<\/strong><\/a>.<\/p>\r\n<i class=\"fa fa-hand-o-right\" aria-hidden=\"true\"><\/i>\r\n<strong><span style=\"font-size: 19px; font-family: bold;\">Bacheca:<\/span><\/strong>\r\n<p align=\"justify\">Tutte le tab come: Log Sms, E-Mail, Rubrica Telefonica, Posizione Gps, Tracciamento Url, Tracciamento Foto E Log Delle Chiamate sono disponibili nella bacheca. Ogni tab rappresenta delle informazioni tracciate che sono state caricate dal telefono cellulare sotto controllo in tempo reale, in relazione con le funzioni offerte.<\/p>\r\n<i class=\"fa fa-hand-o-right\" aria-hidden=\"true\"><\/i>\r\n<strong><span style=\"font-size: 19px; font-family: bold;\">Log delle chiamate:<\/span><\/strong>\r\n<p align=\"justify\">Cliccando Log delle Chiamate otterrete le registrazioni delle chiamate di ogni contatto con inclusi anche tutti i dettagli.<\/p>\r\n<i class=\"fa fa-hand-o-right\" aria-hidden=\"true\"><\/i>\r\n<strong><span style=\"font-size: 19px; font-family: bold;\">Log SMS:<\/span><\/strong>\r\n<p align=\"justify\">\u00c8 possibile accedere ai Log SMS semplicemente cliccando sulla tab inerente. Ne seguiranno tutti i dettagli assieme ai testi scambiati anche se l\u2019utente ha provato a cancellati.<\/p>\r\n<i class=\"fa fa-hand-o-right\" aria-hidden=\"true\"><\/i>\r\n<strong><span style=\"font-size: 19px; font-family: bold;\">WhatsApp :<\/span><\/strong>\r\n<p align=\"justify\">Spymaster Pro traccia tutte le conversazioni nelle chat <a title=\"Whatsapp\" href=\"https:\/\/www.spymasterpro.com\/it\/whatsapp-spiare\/\" target=\"_blank\" rel=\"noopener noreferrer\"><strong>WhatsApp<\/strong><\/a> sar\u00e0 possibile accedere ai messaggi di testo in entrata e uscita, le immagini e i video condivisi con i nomi delle persone, i numeri di telefono cellulare, includendo inoltre la data dell&#8217;orario.<\/p>\r\n<i class=\"fa fa-hand-o-right\" aria-hidden=\"true\"><\/i>\r\n<strong><span style=\"font-size: 19px; font-family: bold;\">Log Email:<\/span><\/strong>\r\n<p align=\"justify\">Le e-mail vengono evidenziate con un formato che permette di controllare in modo intelligente dettagli come: data, orario, nome, soggetto e il contenuto, includendo gli allegati alla e-mail, se presenti.<\/p>\r\n<i class=\"fa fa-hand-o-right\" aria-hidden=\"true\"><\/i>\r\n<strong><span style=\"font-size: 19px; font-family: bold;\">Contatti:<\/span><\/strong>\r\n<p align=\"justify\">Tutti i contatti presenti nella \u201cLista dei Contatti\u201d sono a disposizione con ogni dettaglio individuale relazionato con i contatti medesimi in aggiunta a tutti i numeri addizionali situati all\u2019interno del telefono sotto controllo.<\/p>\r\n<i class=\"fa fa-hand-o-right\" aria-hidden=\"true\"><\/i>\r\n<strong><span style=\"font-size: 19px; font-family: bold;\">Cronologia URL:<\/span><\/strong>\r\n\r\n<p>C\u2019\u00e8 una remota possibilit\u00e0 che la cronologia venga persa o non sia mantenuta. Ogni dettaglio individuale della navigazione effettuata attraverso il telefono sotto controllo raggiunger\u00e0 l\u2019account cos\u00ec come il numero di visite e la registrazione della data.<\/p>\r\n<i class=\"fa fa-hand-o-right\" aria-hidden=\"true\"><\/i>\r\n<strong><span style=\"font-size: 19px; font-family: bold;\">Foto:<\/span><\/strong>\r\n<p>Le foto di qualsiasi dimensione e formato che saranno scambiate attraverso il telefono sotto controllo saranno messe a vostra disposizione come informazioni.<\/p>\r\n<i class=\"fa fa-hand-o-right\" aria-hidden=\"true\"><\/i>\r\n<strong><span style=\"font-size: 19px; font-family: bold;\">Geo Localizzazione e Geo Tracciamento:<\/span><\/strong>\r\n<p>Tutti gli indirizzi dei luoghi e della cronologia delle posizioni nelle quali si \u00e8 recato il telefono sotto controllo saranno disponibili attraverso la funzione di localizzazione GPS su <b>Spymaster Pro<\/b>. Inoltre sar\u00e0 disponibile la posizione attuale.<\/p>\r\n<p><img loading=\"lazy\" decoding=\"async\" class=\"alignright wp-image-559 size-large\" src=\"https:\/\/www.spymasterpro.com\/it\/wp-content\/uploads\/2014\/11\/^3FAC83535F7A588B33180E65878F6F9345DC357D1F5AF27E98^pimgpsh_fullsize_distr-1024x827.png\" alt=\"^3FAC83535F7A588B33180E65878F6F9345DC357D1F5AF27E98^pimgpsh_fullsize_distr\" width=\"604\" height=\"488\" srcset=\"https:\/\/www.spymasterpro.com\/it\/wp-content\/uploads\/2014\/11\/^3FAC83535F7A588B33180E65878F6F9345DC357D1F5AF27E98^pimgpsh_fullsize_distr-1024x827.png 1024w, https:\/\/www.spymasterpro.com\/it\/wp-content\/uploads\/2014\/11\/^3FAC83535F7A588B33180E65878F6F9345DC357D1F5AF27E98^pimgpsh_fullsize_distr-600x485.png 600w, https:\/\/www.spymasterpro.com\/it\/wp-content\/uploads\/2014\/11\/^3FAC83535F7A588B33180E65878F6F9345DC357D1F5AF27E98^pimgpsh_fullsize_distr-300x242.png 300w, https:\/\/www.spymasterpro.com\/it\/wp-content\/uploads\/2014\/11\/^3FAC83535F7A588B33180E65878F6F9345DC357D1F5AF27E98^pimgpsh_fullsize_distr-768x621.png 768w, https:\/\/www.spymasterpro.com\/it\/wp-content\/uploads\/2014\/11\/^3FAC83535F7A588B33180E65878F6F9345DC357D1F5AF27E98^pimgpsh_fullsize_distr-1200x970.png 1200w, https:\/\/www.spymasterpro.com\/it\/wp-content\/uploads\/2014\/11\/^3FAC83535F7A588B33180E65878F6F9345DC357D1F5AF27E98^pimgpsh_fullsize_distr.png 1287w\" sizes=\"auto, (max-width: 604px) 85vw, 604px\" \/><\/p>\r\n<i class=\"fa fa-hand-o-right\" aria-hidden=\"true\"><\/i>\r\n<strong><span style=\"font-size: 19px; font-family: bold;\">Facebook:<\/span><\/strong>\r\n\r\n<p>Se vostro figlio \u00e8 un avido utente Facebook e volete farlo smettere, non c\u2019\u00e8 bisogno di preoccuparsi. Ora Spymaster Pro traccia anche il Facebook messenger del telefono cellulare sotto controllo offrendovi tutti dettagli.<\/p>\r\n\r\n<p><img loading=\"lazy\" decoding=\"async\" class=\"alignright wp-image-587 size-large\" src=\"https:\/\/www.spymasterpro.com\/it\/wp-content\/uploads\/2014\/11\/facebook-1024x667.png\" alt=\"facebook\" width=\"604\" height=\"393\" srcset=\"https:\/\/www.spymasterpro.com\/it\/wp-content\/uploads\/2014\/11\/facebook-1024x667.png 1024w, https:\/\/www.spymasterpro.com\/it\/wp-content\/uploads\/2014\/11\/facebook-600x391.png 600w, https:\/\/www.spymasterpro.com\/it\/wp-content\/uploads\/2014\/11\/facebook-300x195.png 300w, https:\/\/www.spymasterpro.com\/it\/wp-content\/uploads\/2014\/11\/facebook-768x500.png 768w, https:\/\/www.spymasterpro.com\/it\/wp-content\/uploads\/2014\/11\/facebook-1200x781.png 1200w, https:\/\/www.spymasterpro.com\/it\/wp-content\/uploads\/2014\/11\/facebook.png 1287w\" sizes=\"auto, (max-width: 604px) 85vw, 604px\" \/><\/p>\r\n<i class=\"fa fa-hand-o-right\" aria-hidden=\"true\"><\/i>\r\n<strong><span style=\"font-size: 19px; font-family: bold;\">Viber:<\/span><\/strong>\r\n\r\n<strong><span style=\"font-size: 19px; font-family: bold;\">Supporto al cliente:<\/span><\/strong>\r\n\r\nPer qualsiasi domanda potrete inviarci una e-mail a support@spymasterpro.com.\r\n\r\n<p><img loading=\"lazy\" decoding=\"async\" class=\"size-medium wp-image-639 aligncenter\" src=\"https:\/\/www.spymasterpro.com\/it\/wp-content\/uploads\/2014\/11\/image17-229x300.jpg\" alt=\"image17\" width=\"229\" height=\"300\" srcset=\"https:\/\/www.spymasterpro.com\/it\/wp-content\/uploads\/2014\/11\/image17-229x300.jpg 229w, https:\/\/www.spymasterpro.com\/it\/wp-content\/uploads\/2014\/11\/image17.jpg 394w\" sizes=\"auto, (max-width: 229px) 85vw, 229px\" \/><\/p>\r\n\r\n<strong><span style=\"font-size: 19px; font-family: bold;\">Perch\u00e9 Vi Serve Questa Funzione<\/span><\/strong>\r\n<div class=\"spy-viber-it-change\">\r\n<ul>\r\n\t<li>Tale necessit\u00e0 si verifica quando scoprite che vostro figlio non si sente a suo agio parlando al telefono davanti a voi.<\/li>\r\n\t<li>Potreste sentire la necessit\u00e0 di sapere di che cosa stia parlando.<\/li>\r\n\t<li>Potreste dubitare riguardo al tipo di utilizzo dei telefoni che avete dato ai vostri dipendenti con scopi lavorativi.<\/li>\r\n\t<li>In tali casi quando li vedrete parlare al telefono, non dovete fare altro che digitare il numero e scoprire che cosa stia succedendo!<\/li>\r\n<\/ul>\r\n<\/div>\r\nAdisponibile per:\r\n\r\n<img loading=\"lazy\" decoding=\"async\" class=\"size-medium wp-image-640 aligncenter\" src=\"https:\/\/www.spymasterpro.com\/it\/wp-content\/uploads\/2014\/11\/image18-300x75.jpg\" alt=\"image18\" width=\"300\" height=\"75\" srcset=\"https:\/\/www.spymasterpro.com\/it\/wp-content\/uploads\/2014\/11\/image18-300x75.jpg 300w, https:\/\/www.spymasterpro.com\/it\/wp-content\/uploads\/2014\/11\/image18.jpg 335w\" sizes=\"auto, (max-width: 300px) 85vw, 300px\" \/>","protected":false},"excerpt":{"rendered":"<p>Non \u00e8 impossibile continuare a controllare qualcuno? Ma se ci fosse la necessit\u00e0 di tale controllo uno dovrebbe dare uno sguardo al opzioni che sono elencate qui sotto: Consultare i propri amici Controllare le cose delle persone delle quali si dubita Scegliere gli strumenti che permettono la sorveglianza Il problema inerente ai metodi sopra menzionati &hellip; <a href=\"https:\/\/www.spymasterpro.com\/it\/come-funziona-spymaster-pro\/\" class=\"more-link\">Continue reading<span class=\"screen-reader-text\"> &#8220;Come funziona Spymaster Pro?&#8221;<\/span><\/a><\/p>\n","protected":false},"author":1,"featured_media":0,"parent":0,"menu_order":0,"comment_status":"open","ping_status":"open","template":"","meta":{"_acf_changed":false,"footnotes":""},"class_list":["post-84","page","type-page","status-publish","hentry"],"acf":[],"yoast_head":"<!-- This site is optimized with the Yoast SEO plugin v27.1.1 - https:\/\/yoast.com\/product\/yoast-seo-wordpress\/ -->\n<title>Come funziona Spymaster Pro?<\/title>\n<meta name=\"description\" content=\"Con l\u2019aiuto di uno spyware \u00e8 possibile avere l\u2019accesso a molte informazioni che vi vengono deliberatamente nascoste.\" \/>\n<meta name=\"robots\" content=\"index, follow, max-snippet:-1, max-image-preview:large, max-video-preview:-1\" \/>\n<link rel=\"canonical\" href=\"https:\/\/www.spymasterpro.com\/it\/come-funziona-spymaster-pro\/\" \/>\n<meta property=\"og:locale\" content=\"en_US\" \/>\n<meta property=\"og:type\" content=\"article\" \/>\n<meta property=\"og:title\" content=\"Come funziona Spymaster Pro?\" \/>\n<meta property=\"og:description\" content=\"Con l\u2019aiuto di uno spyware \u00e8 possibile avere l\u2019accesso a molte informazioni che vi vengono deliberatamente nascoste.\" \/>\n<meta property=\"og:url\" content=\"https:\/\/www.spymasterpro.com\/it\/come-funziona-spymaster-pro\/\" \/>\n<meta property=\"og:site_name\" content=\"SpymasterPro\" \/>\n<meta property=\"article:modified_time\" content=\"2019-05-02T10:37:06+00:00\" \/>\n<meta property=\"og:image\" content=\"https:\/\/www.spymasterpro.com\/it\/wp-content\/uploads\/2014\/11\/3FAC83535F7A588B33180E65878F6F9345DC357D1F5AF27E98pimgpsh_fullsize_distr-1024x827.png\" \/>\n<meta name=\"twitter:card\" content=\"summary_large_image\" \/>\n<meta name=\"twitter:label1\" content=\"Est. reading time\" \/>\n\t<meta name=\"twitter:data1\" content=\"4 minutes\" \/>\n<script type=\"application\/ld+json\" class=\"yoast-schema-graph\">{\"@context\":\"https:\/\/schema.org\",\"@graph\":[{\"@type\":\"WebPage\",\"@id\":\"https:\/\/www.spymasterpro.com\/it\/come-funziona-spymaster-pro\/\",\"url\":\"https:\/\/www.spymasterpro.com\/it\/come-funziona-spymaster-pro\/\",\"name\":\"Come funziona Spymaster Pro?\",\"isPartOf\":{\"@id\":\"https:\/\/www.spymasterpro.com\/it\/#website\"},\"primaryImageOfPage\":{\"@id\":\"https:\/\/www.spymasterpro.com\/it\/come-funziona-spymaster-pro\/#primaryimage\"},\"image\":{\"@id\":\"https:\/\/www.spymasterpro.com\/it\/come-funziona-spymaster-pro\/#primaryimage\"},\"thumbnailUrl\":\"https:\/\/www.spymasterpro.com\/it\/wp-content\/uploads\/2014\/11\/^3FAC83535F7A588B33180E65878F6F9345DC357D1F5AF27E98^pimgpsh_fullsize_distr-1024x827.png\",\"datePublished\":\"2014-11-10T06:19:53+00:00\",\"dateModified\":\"2019-05-02T10:37:06+00:00\",\"description\":\"Con l\u2019aiuto di uno spyware \u00e8 possibile avere l\u2019accesso a molte informazioni che vi vengono deliberatamente nascoste.\",\"breadcrumb\":{\"@id\":\"https:\/\/www.spymasterpro.com\/it\/come-funziona-spymaster-pro\/#breadcrumb\"},\"inLanguage\":\"en-US\",\"potentialAction\":[{\"@type\":\"ReadAction\",\"target\":[\"https:\/\/www.spymasterpro.com\/it\/come-funziona-spymaster-pro\/\"]}]},{\"@type\":\"ImageObject\",\"inLanguage\":\"en-US\",\"@id\":\"https:\/\/www.spymasterpro.com\/it\/come-funziona-spymaster-pro\/#primaryimage\",\"url\":\"https:\/\/www.spymasterpro.com\/it\/wp-content\/uploads\/2014\/11\/^3FAC83535F7A588B33180E65878F6F9345DC357D1F5AF27E98^pimgpsh_fullsize_distr.png\",\"contentUrl\":\"https:\/\/www.spymasterpro.com\/it\/wp-content\/uploads\/2014\/11\/^3FAC83535F7A588B33180E65878F6F9345DC357D1F5AF27E98^pimgpsh_fullsize_distr.png\",\"width\":1287,\"height\":1040},{\"@type\":\"BreadcrumbList\",\"@id\":\"https:\/\/www.spymasterpro.com\/it\/come-funziona-spymaster-pro\/#breadcrumb\",\"itemListElement\":[{\"@type\":\"ListItem\",\"position\":1,\"name\":\"Home\",\"item\":\"https:\/\/www.spymasterpro.com\/it\/\"},{\"@type\":\"ListItem\",\"position\":2,\"name\":\"Come funziona Spymaster Pro?\"}]},{\"@type\":\"WebSite\",\"@id\":\"https:\/\/www.spymasterpro.com\/it\/#website\",\"url\":\"https:\/\/www.spymasterpro.com\/it\/\",\"name\":\"SpymasterPro\",\"description\":\"\",\"potentialAction\":[{\"@type\":\"SearchAction\",\"target\":{\"@type\":\"EntryPoint\",\"urlTemplate\":\"https:\/\/www.spymasterpro.com\/it\/?s={search_term_string}\"},\"query-input\":{\"@type\":\"PropertyValueSpecification\",\"valueRequired\":true,\"valueName\":\"search_term_string\"}}],\"inLanguage\":\"en-US\"}]}<\/script>\n<!-- \/ Yoast SEO plugin. -->","yoast_head_json":{"title":"Come funziona Spymaster Pro?","description":"Con l\u2019aiuto di uno spyware \u00e8 possibile avere l\u2019accesso a molte informazioni che vi vengono deliberatamente nascoste.","robots":{"index":"index","follow":"follow","max-snippet":"max-snippet:-1","max-image-preview":"max-image-preview:large","max-video-preview":"max-video-preview:-1"},"canonical":"https:\/\/www.spymasterpro.com\/it\/come-funziona-spymaster-pro\/","og_locale":"en_US","og_type":"article","og_title":"Come funziona Spymaster Pro?","og_description":"Con l\u2019aiuto di uno spyware \u00e8 possibile avere l\u2019accesso a molte informazioni che vi vengono deliberatamente nascoste.","og_url":"https:\/\/www.spymasterpro.com\/it\/come-funziona-spymaster-pro\/","og_site_name":"SpymasterPro","article_modified_time":"2019-05-02T10:37:06+00:00","og_image":[{"url":"https:\/\/www.spymasterpro.com\/it\/wp-content\/uploads\/2014\/11\/^3FAC83535F7A588B33180E65878F6F9345DC357D1F5AF27E98^pimgpsh_fullsize_distr-1024x827.png","type":"","width":"","height":""}],"twitter_card":"summary_large_image","twitter_misc":{"Est. reading time":"4 minutes"},"schema":{"@context":"https:\/\/schema.org","@graph":[{"@type":"WebPage","@id":"https:\/\/www.spymasterpro.com\/it\/come-funziona-spymaster-pro\/","url":"https:\/\/www.spymasterpro.com\/it\/come-funziona-spymaster-pro\/","name":"Come funziona Spymaster Pro?","isPartOf":{"@id":"https:\/\/www.spymasterpro.com\/it\/#website"},"primaryImageOfPage":{"@id":"https:\/\/www.spymasterpro.com\/it\/come-funziona-spymaster-pro\/#primaryimage"},"image":{"@id":"https:\/\/www.spymasterpro.com\/it\/come-funziona-spymaster-pro\/#primaryimage"},"thumbnailUrl":"https:\/\/www.spymasterpro.com\/it\/wp-content\/uploads\/2014\/11\/^3FAC83535F7A588B33180E65878F6F9345DC357D1F5AF27E98^pimgpsh_fullsize_distr-1024x827.png","datePublished":"2014-11-10T06:19:53+00:00","dateModified":"2019-05-02T10:37:06+00:00","description":"Con l\u2019aiuto di uno spyware \u00e8 possibile avere l\u2019accesso a molte informazioni che vi vengono deliberatamente nascoste.","breadcrumb":{"@id":"https:\/\/www.spymasterpro.com\/it\/come-funziona-spymaster-pro\/#breadcrumb"},"inLanguage":"en-US","potentialAction":[{"@type":"ReadAction","target":["https:\/\/www.spymasterpro.com\/it\/come-funziona-spymaster-pro\/"]}]},{"@type":"ImageObject","inLanguage":"en-US","@id":"https:\/\/www.spymasterpro.com\/it\/come-funziona-spymaster-pro\/#primaryimage","url":"https:\/\/www.spymasterpro.com\/it\/wp-content\/uploads\/2014\/11\/^3FAC83535F7A588B33180E65878F6F9345DC357D1F5AF27E98^pimgpsh_fullsize_distr.png","contentUrl":"https:\/\/www.spymasterpro.com\/it\/wp-content\/uploads\/2014\/11\/^3FAC83535F7A588B33180E65878F6F9345DC357D1F5AF27E98^pimgpsh_fullsize_distr.png","width":1287,"height":1040},{"@type":"BreadcrumbList","@id":"https:\/\/www.spymasterpro.com\/it\/come-funziona-spymaster-pro\/#breadcrumb","itemListElement":[{"@type":"ListItem","position":1,"name":"Home","item":"https:\/\/www.spymasterpro.com\/it\/"},{"@type":"ListItem","position":2,"name":"Come funziona Spymaster Pro?"}]},{"@type":"WebSite","@id":"https:\/\/www.spymasterpro.com\/it\/#website","url":"https:\/\/www.spymasterpro.com\/it\/","name":"SpymasterPro","description":"","potentialAction":[{"@type":"SearchAction","target":{"@type":"EntryPoint","urlTemplate":"https:\/\/www.spymasterpro.com\/it\/?s={search_term_string}"},"query-input":{"@type":"PropertyValueSpecification","valueRequired":true,"valueName":"search_term_string"}}],"inLanguage":"en-US"}]}},"_links":{"self":[{"href":"https:\/\/www.spymasterpro.com\/it\/wp-json\/wp\/v2\/pages\/84","targetHints":{"allow":["GET"]}}],"collection":[{"href":"https:\/\/www.spymasterpro.com\/it\/wp-json\/wp\/v2\/pages"}],"about":[{"href":"https:\/\/www.spymasterpro.com\/it\/wp-json\/wp\/v2\/types\/page"}],"author":[{"embeddable":true,"href":"https:\/\/www.spymasterpro.com\/it\/wp-json\/wp\/v2\/users\/1"}],"replies":[{"embeddable":true,"href":"https:\/\/www.spymasterpro.com\/it\/wp-json\/wp\/v2\/comments?post=84"}],"version-history":[{"count":0,"href":"https:\/\/www.spymasterpro.com\/it\/wp-json\/wp\/v2\/pages\/84\/revisions"}],"wp:attachment":[{"href":"https:\/\/www.spymasterpro.com\/it\/wp-json\/wp\/v2\/media?parent=84"}],"curies":[{"name":"wp","href":"https:\/\/api.w.org\/{rel}","templated":true}]}}