{"id":563,"date":"2016-01-15T04:55:50","date_gmt":"2016-01-15T04:55:50","guid":{"rendered":"https:\/\/www.spymasterpro.com\/it\/?page_id=563"},"modified":"2016-01-15T04:55:50","modified_gmt":"2016-01-15T04:55:50","slug":"informativa-sulla-privacy","status":"publish","type":"page","link":"https:\/\/www.spymasterpro.com\/it\/informativa-sulla-privacy\/","title":{"rendered":"Informativa sulla Privacy"},"content":{"rendered":"<p style=\"text-align: justify;\">Ci impegniamo a mantenere sicure e controllate in ogni momento tutte le informazioni in nostro possesso inerenti ai nostri clienti. Il nostro impegno \u00e8 totale e garantiamo che tutte le informazioni private, quali numeri di carte di credito e i dettagli di contatto non verranno mai svelati a terze parti. La vostra identit\u00e0 sar\u00e0 sempre mantenuta riservata e al sicuro, visto che per noi il vostro anonimato \u00e8 di fondamentale importanza. Le informazioni relative al vostro account non verranno mai condivise, vendute o noleggiate a terze parti. Siamo consapevoli dell&#8217;importanza della privacy e la tuteliamo per evitare qualsiasi tipo di danneggiamento. Tutti i dati personali dei nostri clienti sono crittografati utilizzando la tecnologia SSL Encryption (secure server) e implementiamo misure di sicurezza per l&#8217;archiviazione delle informazioni all&#8217;interno dei nostri server.<\/p>\n<p style=\"text-align: justify;\"><strong>La nostra politica rispetto alle spedizioni<\/strong><\/p>\n<p style=\"text-align: justify;\">Offriamo la possibilit\u00e0 di spedizione in tutto il mondo per questo prodotto, garantendo inoltre l&#8217;assicurazione sulla consegna. Bisogna essere consapevoli che i prodotti digitali che \u00e8 possibile ottenere solamente tramite il download NON verranno spediti. Dopo aver pagato il vostro prodotto, avrete la possibilit\u00e0 di scaricarlo immediatamente. Si prega di notare che non \u00e8 possibile ritirare il prodotto nel negozio.<\/p>\n<p style=\"text-align: justify;\"><strong>Politica di restituzione del software scaricato<\/strong><\/p>\n<p style=\"text-align: justify;\">Nel caso si verificasse un problema relativo al download del software, sentitevi liberi di contattarci in qualsiasi momento attraverso il servizio e-mail e risolveremo la problematica nel pi\u00f9 breve tempo possibile. Una volta effettuato l&#8217;acquisto questo \u00e8 da considerarsi definitivo e verr\u00e0 quindi considerato solamente il credito in-store.<\/p>","protected":false},"excerpt":{"rendered":"<p>Ci impegniamo a mantenere sicure e controllate in ogni momento tutte le informazioni in nostro possesso inerenti ai nostri clienti. Il nostro impegno \u00e8 totale e garantiamo che tutte le informazioni private, quali numeri di carte di credito e i dettagli di contatto non verranno mai svelati a terze parti. La vostra identit\u00e0 sar\u00e0 sempre &hellip; <a href=\"https:\/\/www.spymasterpro.com\/it\/informativa-sulla-privacy\/\" class=\"more-link\">Continue reading<span class=\"screen-reader-text\"> &#8220;Informativa sulla Privacy&#8221;<\/span><\/a><\/p>\n","protected":false},"author":1,"featured_media":0,"parent":0,"menu_order":0,"comment_status":"closed","ping_status":"closed","template":"","meta":{"_acf_changed":false,"footnotes":""},"class_list":["post-563","page","type-page","status-publish","hentry"],"acf":[],"yoast_head":"<!-- This site is optimized with the Yoast SEO plugin v27.1.1 - https:\/\/yoast.com\/product\/yoast-seo-wordpress\/ -->\n<title>Informativa sulla Privacy<\/title>\n<meta name=\"description\" content=\"Ci impegniamo a mantenere sicure e controllate in ogni momento tutte le informazioni in nostro possesso inerenti ai nostri clienti.\" \/>\n<meta name=\"robots\" content=\"index, follow, max-snippet:-1, max-image-preview:large, max-video-preview:-1\" \/>\n<link rel=\"canonical\" href=\"https:\/\/www.spymasterpro.com\/it\/informativa-sulla-privacy\/\" \/>\n<meta property=\"og:locale\" content=\"en_US\" \/>\n<meta property=\"og:type\" content=\"article\" \/>\n<meta property=\"og:title\" content=\"Informativa sulla Privacy\" \/>\n<meta property=\"og:description\" content=\"Ci impegniamo a mantenere sicure e controllate in ogni momento tutte le informazioni in nostro possesso inerenti ai nostri clienti.\" \/>\n<meta property=\"og:url\" content=\"https:\/\/www.spymasterpro.com\/it\/informativa-sulla-privacy\/\" \/>\n<meta property=\"og:site_name\" content=\"SpymasterPro\" \/>\n<meta name=\"twitter:card\" content=\"summary_large_image\" \/>\n<meta name=\"twitter:label1\" content=\"Est. reading time\" \/>\n\t<meta name=\"twitter:data1\" content=\"1 minute\" \/>\n<script type=\"application\/ld+json\" class=\"yoast-schema-graph\">{\"@context\":\"https:\/\/schema.org\",\"@graph\":[{\"@type\":\"WebPage\",\"@id\":\"https:\/\/www.spymasterpro.com\/it\/informativa-sulla-privacy\/\",\"url\":\"https:\/\/www.spymasterpro.com\/it\/informativa-sulla-privacy\/\",\"name\":\"Informativa sulla Privacy\",\"isPartOf\":{\"@id\":\"https:\/\/www.spymasterpro.com\/it\/#website\"},\"datePublished\":\"2016-01-15T04:55:50+00:00\",\"description\":\"Ci impegniamo a mantenere sicure e controllate in ogni momento tutte le informazioni in nostro possesso inerenti ai nostri clienti.\",\"breadcrumb\":{\"@id\":\"https:\/\/www.spymasterpro.com\/it\/informativa-sulla-privacy\/#breadcrumb\"},\"inLanguage\":\"en-US\",\"potentialAction\":[{\"@type\":\"ReadAction\",\"target\":[\"https:\/\/www.spymasterpro.com\/it\/informativa-sulla-privacy\/\"]}]},{\"@type\":\"BreadcrumbList\",\"@id\":\"https:\/\/www.spymasterpro.com\/it\/informativa-sulla-privacy\/#breadcrumb\",\"itemListElement\":[{\"@type\":\"ListItem\",\"position\":1,\"name\":\"Home\",\"item\":\"https:\/\/www.spymasterpro.com\/it\/\"},{\"@type\":\"ListItem\",\"position\":2,\"name\":\"Informativa sulla Privacy\"}]},{\"@type\":\"WebSite\",\"@id\":\"https:\/\/www.spymasterpro.com\/it\/#website\",\"url\":\"https:\/\/www.spymasterpro.com\/it\/\",\"name\":\"SpymasterPro\",\"description\":\"\",\"potentialAction\":[{\"@type\":\"SearchAction\",\"target\":{\"@type\":\"EntryPoint\",\"urlTemplate\":\"https:\/\/www.spymasterpro.com\/it\/?s={search_term_string}\"},\"query-input\":{\"@type\":\"PropertyValueSpecification\",\"valueRequired\":true,\"valueName\":\"search_term_string\"}}],\"inLanguage\":\"en-US\"}]}<\/script>\n<!-- \/ Yoast SEO plugin. -->","yoast_head_json":{"title":"Informativa sulla Privacy","description":"Ci impegniamo a mantenere sicure e controllate in ogni momento tutte le informazioni in nostro possesso inerenti ai nostri clienti.","robots":{"index":"index","follow":"follow","max-snippet":"max-snippet:-1","max-image-preview":"max-image-preview:large","max-video-preview":"max-video-preview:-1"},"canonical":"https:\/\/www.spymasterpro.com\/it\/informativa-sulla-privacy\/","og_locale":"en_US","og_type":"article","og_title":"Informativa sulla Privacy","og_description":"Ci impegniamo a mantenere sicure e controllate in ogni momento tutte le informazioni in nostro possesso inerenti ai nostri clienti.","og_url":"https:\/\/www.spymasterpro.com\/it\/informativa-sulla-privacy\/","og_site_name":"SpymasterPro","twitter_card":"summary_large_image","twitter_misc":{"Est. reading time":"1 minute"},"schema":{"@context":"https:\/\/schema.org","@graph":[{"@type":"WebPage","@id":"https:\/\/www.spymasterpro.com\/it\/informativa-sulla-privacy\/","url":"https:\/\/www.spymasterpro.com\/it\/informativa-sulla-privacy\/","name":"Informativa sulla Privacy","isPartOf":{"@id":"https:\/\/www.spymasterpro.com\/it\/#website"},"datePublished":"2016-01-15T04:55:50+00:00","description":"Ci impegniamo a mantenere sicure e controllate in ogni momento tutte le informazioni in nostro possesso inerenti ai nostri clienti.","breadcrumb":{"@id":"https:\/\/www.spymasterpro.com\/it\/informativa-sulla-privacy\/#breadcrumb"},"inLanguage":"en-US","potentialAction":[{"@type":"ReadAction","target":["https:\/\/www.spymasterpro.com\/it\/informativa-sulla-privacy\/"]}]},{"@type":"BreadcrumbList","@id":"https:\/\/www.spymasterpro.com\/it\/informativa-sulla-privacy\/#breadcrumb","itemListElement":[{"@type":"ListItem","position":1,"name":"Home","item":"https:\/\/www.spymasterpro.com\/it\/"},{"@type":"ListItem","position":2,"name":"Informativa sulla Privacy"}]},{"@type":"WebSite","@id":"https:\/\/www.spymasterpro.com\/it\/#website","url":"https:\/\/www.spymasterpro.com\/it\/","name":"SpymasterPro","description":"","potentialAction":[{"@type":"SearchAction","target":{"@type":"EntryPoint","urlTemplate":"https:\/\/www.spymasterpro.com\/it\/?s={search_term_string}"},"query-input":{"@type":"PropertyValueSpecification","valueRequired":true,"valueName":"search_term_string"}}],"inLanguage":"en-US"}]}},"_links":{"self":[{"href":"https:\/\/www.spymasterpro.com\/it\/wp-json\/wp\/v2\/pages\/563","targetHints":{"allow":["GET"]}}],"collection":[{"href":"https:\/\/www.spymasterpro.com\/it\/wp-json\/wp\/v2\/pages"}],"about":[{"href":"https:\/\/www.spymasterpro.com\/it\/wp-json\/wp\/v2\/types\/page"}],"author":[{"embeddable":true,"href":"https:\/\/www.spymasterpro.com\/it\/wp-json\/wp\/v2\/users\/1"}],"replies":[{"embeddable":true,"href":"https:\/\/www.spymasterpro.com\/it\/wp-json\/wp\/v2\/comments?post=563"}],"version-history":[{"count":0,"href":"https:\/\/www.spymasterpro.com\/it\/wp-json\/wp\/v2\/pages\/563\/revisions"}],"wp:attachment":[{"href":"https:\/\/www.spymasterpro.com\/it\/wp-json\/wp\/v2\/media?parent=563"}],"curies":[{"name":"wp","href":"https:\/\/api.w.org\/{rel}","templated":true}]}}