{"id":299,"date":"2015-06-10T09:40:09","date_gmt":"2015-06-10T09:40:09","guid":{"rendered":"https:\/\/www.spymasterpro.com\/it\/?page_id=299"},"modified":"2020-01-08T09:20:47","modified_gmt":"2020-01-08T09:20:47","slug":"samsung-spia","status":"publish","type":"page","link":"https:\/\/www.spymasterpro.com\/it\/samsung-spia\/","title":{"rendered":"Samsung Spia"},"content":{"rendered":"<h2>Spia qualsiasi telefono Samsung con il software d\u2019avanguardia Spymaster Pro!<\/h2>\r\n<img loading=\"lazy\" decoding=\"async\" class=\"aligncenter wp-image-743 size-full\" title=\"Samsung Spia\" src=\"https:\/\/www.spymasterpro.com\/it\/wp-content\/uploads\/2015\/06\/uyo.png\" alt=\"Samsung Spia\" width=\"400\" height=\"310\" srcset=\"https:\/\/www.spymasterpro.com\/it\/wp-content\/uploads\/2015\/06\/uyo.png 400w, https:\/\/www.spymasterpro.com\/it\/wp-content\/uploads\/2015\/06\/uyo-300x233.png 300w\" sizes=\"auto, (max-width: 400px) 85vw, 400px\" \/>\r\n\r\nSpymaster\u00a0Pro\u00a0\u00e8\u00a0un\u00a0potente\u00a0software\u00a0spia\u00a0che\u00a0ti\u00a0permette\u00a0di\u00a0tracciare\u00a0tutte\u00a0le\u00a0informazioni\u00a0presenti\u00a0in\u00a0un\u00a0telefonoselezionato,\u00a0non\u00a0importa\u00a0che\u00a0questo\u00a0sia\u00a0Android\u00a0o\u00a0iOS.\u00a0Potrai\u00a0accedere\u00a0a\u00a0tutti\u00a0i\u00a0dati\u00a0importanti\u00a0senza\u00a0che\u00a0tu\u00a0debbatoccare\u00a0il\u00a0telefono.\u00a0Avrai\u00a0la\u00a0possibilit\u00e0\u00a0di\u00a0accedere\u00a0ad\u00a0ogni\u00a0dato\u00a0in\u00a0modo\u00a0remoto,\u00a0stando\u00a0tranquillamente\u00a0seduto a\u00a0casa\u00a0tua.\u00a0Dovrai\u00a0solo\u00a0comparare\u00a0il\u00a0software\u00a0e\u00a0potrai\u00a0iniziare\u00a0a\u00a0controllare\u00a0le\u00a0chat\u00a0Whatsapp,\u00a0i\u00a0messaggi\u00a0Facebook,l&#8217;elenco\u00a0delle\u00a0chiamate,\u00a0le\u00a0foto\u00a0e\u00a0moltissimi\u00a0altri\u00a0dettagli.\u00a0Il\u00a0tutto\u00a0semplicemente\u00a0con\u00a0un\u00a0click.\r\n<h3 class=\"pro_version_only\" style=\"color: black; font-size: 22px; margin-top: 15px; margin-bottom: 15px;\"><strong>Funzione del software spia Samsung Galaxy S 3 Note Tab<\/strong><\/h3>\r\n<div class=\"content-1\">\r\n<h4 class=\"tracking\"><img decoding=\"async\" src=\"https:\/\/www.spymasterpro.com\/wp-content\/uploads\/2015\/04\/call-tracking.png\" alt=\"\" \/>Scoprire tutti i dettagli delle chiamate<\/h4>\r\n\u00c8 possibile studiare tutte le attivit\u00e0 di chiamata con semplicit\u00e0 utilizzando software per tracciare Samsung Galaxy, una volta che si sia installato il prodotto sul telefono. Sar\u00e0 possibile visionare tutte le chiamate che sono state effettuate da un telefono selezionato, cos\u00ec come le chiamate ricevute dal telefono stesso.\r\n\r\n<\/div>\r\n<div class=\"content-1\">\r\n<h4 class=\"tracking\"><!--span class=\"tracking1\"--><img decoding=\"async\" src=\"https:\/\/www.spymasterpro.com\/wp-content\/uploads\/2015\/04\/contact.png\" alt=\"\" \/><!--\/span-->Accesso alla rubrica telefonica<\/h4>\r\nSar\u00e0 possibile tracciare tutti gli indirizzi della rubrica telefonica di un telefono selezionato e scoprire che tipologie di persone frequenta l\u2019utente del telefono selezionato e quali sono i numeri all\u2019interno della sezione dei contatti del suo telefono.\r\n\r\n<\/div>\r\n<div class=\"content-1\">\r\n<h4 class=\"tracking\"><img decoding=\"async\" src=\"https:\/\/www.spymasterpro.com\/wp-content\/uploads\/2015\/04\/sms.png\" alt=\"\" \/>Leggere i messaggi di testo<\/h4>\r\nUtilizzando un software spia per telefoni cellulari Samsung Galaxy permetter\u00e0 l\u2019accesso a tutti i messaggi di testo sono stati ricevuti e inviati dal telefono selezionato, cos\u00ec come i dettagli completi inerenti ai messaggi. Sar\u00e0 quindi possibile leggere le conversazioni che si sono svolte nel telefono tramite messaggi di testo con ogni dettaglio e senza alcun problema.\r\n\r\n<\/div>\r\n<div class=\"content-1\">\r\n<h4 class=\"tracking\"><img decoding=\"async\" src=\"https:\/\/www.spymasterpro.com\/wp-content\/uploads\/2015\/04\/gps-tracking.png\" alt=\"\" \/>Tracciamento della posizione GPS del telefono Samsung<\/h4>\r\nLa funzione di tracciamento GPS del software spia per cellulare rende possibile inoltre tracciare la posizione fisica di un telefono selezionato. Il risultato di questa funzione specifica permetter\u00e0 di scoprire dove si trovi l\u2019utente del telefono selezionato.\r\n\r\n<\/div>\r\n<div class=\"content-1\">\r\n<h4 class=\"tracking\"><img decoding=\"async\" src=\"https:\/\/www.spymasterpro.com\/wp-content\/uploads\/2015\/04\/photo-tracking1.png\" alt=\"\" \/>Tracciamento delle foto<\/h4>\r\nTenere traccia di tutte le foto che vengono cliccare su di un cellulare Samsung specifico. Tutti i dati verranno inviati al vostro pannello di controllo all\u2019interno della sezione delle foto, in modo che possiate scaricare le foto sul vostro Pc\/laptop.\r\n\r\n<\/div>\r\n<div class=\"bigtext-red\" style=\"font-size: 19px;\">Ora acquista Spymaster Pro Android Di base con uno sconto del 50% a soli $ 4,4\/ mese<\/div>\r\n<div class=\"strip_btn feature_bottom text-xs-center\"><a class=\"hidden-sm-down blue_btn\" href=\"https:\/\/www.spymasterpro.com\/demo\/\">Demonstra\u00e7\u00e3o ao vivo<\/a> <a class=\"hidden-sm-down white_btn demo_btn\" href=\"https:\/\/www.spymasterpro.com\/it\/acquista-ora\/\"> Compre Agora\r\n<\/a><\/div>\r\n<h3 class=\"pro_version_only\" style=\"color: black; font-size: 22px; margin-top: 15px; margin-bottom: 15px;\"><strong>Spymaster Pro (Funzioni Versione Pro)<\/strong><\/h3>\r\n<div class=\"content-1\">\r\n<h4 class=\"tracking\"><img decoding=\"async\" src=\"https:\/\/www.spymasterpro.com\/wp-content\/uploads\/2015\/04\/whatsApp.png\" alt=\"\" \/>Tracciamento WhatsApp<\/h4>\r\nCon l\u2019aiuto di Spymaster Pro sarete in grado di leggere tutte le conversazioni dei vostri figli adolescenti, o del vostro sposo infedele. Traccer\u00e0 inoltre le foto \u00a0condivisi con data e ora.\r\n\r\n<\/div>\r\n<div class=\"content-1\">\r\n<h4 class=\"tracking\"><img decoding=\"async\" src=\"https:\/\/www.spymasterpro.com\/wp-content\/uploads\/2015\/04\/fb.png\" alt=\"\" \/>Tracciamento Facebook Messenger<\/h4>\r\nSpymaster Pro permette di tracciare in modo remoto i dettagli delle conversazioni chat Facebook con tutte le date e gli orari. Spia con semplicit\u00e0 qualsiasi cellulare Samsung Galaxy. \u00c8 possibile farlo in modo semplice spiando tutte le attivit\u00e0 grazie all\u2019aiuto di questo software installato sul vostro Samsung Galaxy e scoprirete cos\u00ec cosa stiano facendo i vostri cari in ogni momento, svelando se i vostri sospetti siano o meno fondati riguardo ai loro comportamenti.\r\n\r\n<\/div>\r\n<!--\r\n<div class=\"content-1\">\r\n<h2 class=\"tracking\"><img decoding=\"async\" src=\"https:\/\/www.spymasterpro.com\/wp-content\/uploads\/2015\/04\/Call-listening.png\" alt=\"\" \/>Call Listening<\/h2>\r\nTrack Live calls (dialed\/received) from the targeted phone .All the live calls details will be uploaded to your spymaster pro account so you can download them and keep it as a cold hard proof.\r\n\r\n<\/div>\r\n<div class=\"content-1\">\r\n<h2 class=\"tracking\"><img decoding=\"async\" src=\"https:\/\/www.spymasterpro.com\/wp-content\/uploads\/2015\/04\/Surround-listening.png\" alt=\"\" \/>Surround Listening<\/h2>\r\nWith Spymaster pro Surround listening feature you can Spy when two or more people are talking in person .Eg if your boyfriend is sitting with some X girl and discussing about your obnoxious behavior these days. Spymaster pro will record that ans upload every voice on your personal account so you can download it to your PC.\r\n\r\n<\/div>\r\n-->\r\n<div class=\"bigtext-red\" style=\"font-size: 19px;\">Ora acquista Spymaster Pro iPhone con uno sconto del 50% a soli $ 7,05\/ mese<\/div>\r\n<div class=\"strip_btn feature_bottom text-xs-center\"><a class=\"hidden-sm-down blue_btn\" href=\"https:\/\/www.spymasterpro.com\/demo\/\">Demonstra\u00e7\u00e3o ao vivo<\/a> <a class=\"hidden-sm-down white_btn demo_btn\" href=\"https:\/\/www.spymasterpro.com\/it\/acquista-ora\/\"> Compre Agora\r\n<\/a><\/div>","protected":false},"excerpt":{"rendered":"<p>Spia qualsiasi telefono Samsung con il software d\u2019avanguardia Spymaster Pro! Spymaster\u00a0Pro\u00a0\u00e8\u00a0un\u00a0potente\u00a0software\u00a0spia\u00a0che\u00a0ti\u00a0permette\u00a0di\u00a0tracciare\u00a0tutte\u00a0le\u00a0informazioni\u00a0presenti\u00a0in\u00a0un\u00a0telefonoselezionato,\u00a0non\u00a0importa\u00a0che\u00a0questo\u00a0sia\u00a0Android\u00a0o\u00a0iOS.\u00a0Potrai\u00a0accedere\u00a0a\u00a0tutti\u00a0i\u00a0dati\u00a0importanti\u00a0senza\u00a0che\u00a0tu\u00a0debbatoccare\u00a0il\u00a0telefono.\u00a0Avrai\u00a0la\u00a0possibilit\u00e0\u00a0di\u00a0accedere\u00a0ad\u00a0ogni\u00a0dato\u00a0in\u00a0modo\u00a0remoto,\u00a0stando\u00a0tranquillamente\u00a0seduto a\u00a0casa\u00a0tua.\u00a0Dovrai\u00a0solo\u00a0comparare\u00a0il\u00a0software\u00a0e\u00a0potrai\u00a0iniziare\u00a0a\u00a0controllare\u00a0le\u00a0chat\u00a0Whatsapp,\u00a0i\u00a0messaggi\u00a0Facebook,l&#8217;elenco\u00a0delle\u00a0chiamate,\u00a0le\u00a0foto\u00a0e\u00a0moltissimi\u00a0altri\u00a0dettagli.\u00a0Il\u00a0tutto\u00a0semplicemente\u00a0con\u00a0un\u00a0click. Funzione del software spia Samsung Galaxy S 3 Note Tab Scoprire tutti i dettagli delle chiamate \u00c8 possibile studiare tutte le attivit\u00e0 di chiamata con semplicit\u00e0 utilizzando software per tracciare Samsung Galaxy, una volta che si sia installato il prodotto sul telefono. Sar\u00e0 &hellip; <a href=\"https:\/\/www.spymasterpro.com\/it\/samsung-spia\/\" class=\"more-link\">Continue reading<span class=\"screen-reader-text\"> &#8220;Samsung Spia&#8221;<\/span><\/a><\/p>\n","protected":false},"author":1,"featured_media":0,"parent":0,"menu_order":0,"comment_status":"open","ping_status":"open","template":"","meta":{"_acf_changed":false,"footnotes":""},"class_list":["post-299","page","type-page","status-publish","hentry"],"acf":[],"yoast_head":"<!-- This site is optimized with the Yoast SEO plugin v27.1.1 - https:\/\/yoast.com\/product\/yoast-seo-wordpress\/ -->\n<title>Samsung Spia | Spia sul cellulare Samsung<\/title>\n<meta name=\"description\" content=\"Spymaster Pro \u00e8 uno dei migliori software spia per Samsung che ti permette di spiare. Ora puoi monitorare segretamente tutte le chiamate, i file multimediali, la posizione e molte altre cose.\" \/>\n<meta name=\"robots\" content=\"index, follow, max-snippet:-1, max-image-preview:large, max-video-preview:-1\" \/>\n<link rel=\"canonical\" href=\"https:\/\/www.spymasterpro.com\/it\/samsung-spia\/\" \/>\n<meta property=\"og:locale\" content=\"en_US\" \/>\n<meta property=\"og:type\" content=\"article\" \/>\n<meta property=\"og:title\" content=\"Samsung Spia | Spia sul cellulare Samsung\" \/>\n<meta property=\"og:description\" content=\"Spymaster Pro \u00e8 uno dei migliori software spia per Samsung che ti permette di spiare. Ora puoi monitorare segretamente tutte le chiamate, i file multimediali, la posizione e molte altre cose.\" \/>\n<meta property=\"og:url\" content=\"https:\/\/www.spymasterpro.com\/it\/samsung-spia\/\" \/>\n<meta property=\"og:site_name\" content=\"SpymasterPro\" \/>\n<meta property=\"article:modified_time\" content=\"2020-01-08T09:20:47+00:00\" \/>\n<meta property=\"og:image\" content=\"https:\/\/www.spymasterpro.com\/it\/wp-content\/uploads\/2015\/06\/uyo.png\" \/>\n<meta name=\"twitter:card\" content=\"summary_large_image\" \/>\n<meta name=\"twitter:label1\" content=\"Est. reading time\" \/>\n\t<meta name=\"twitter:data1\" content=\"3 minutes\" \/>\n<script type=\"application\/ld+json\" class=\"yoast-schema-graph\">{\"@context\":\"https:\/\/schema.org\",\"@graph\":[{\"@type\":\"WebPage\",\"@id\":\"https:\/\/www.spymasterpro.com\/it\/samsung-spia\/\",\"url\":\"https:\/\/www.spymasterpro.com\/it\/samsung-spia\/\",\"name\":\"Samsung Spia | Spia sul cellulare Samsung\",\"isPartOf\":{\"@id\":\"https:\/\/www.spymasterpro.com\/it\/#website\"},\"primaryImageOfPage\":{\"@id\":\"https:\/\/www.spymasterpro.com\/it\/samsung-spia\/#primaryimage\"},\"image\":{\"@id\":\"https:\/\/www.spymasterpro.com\/it\/samsung-spia\/#primaryimage\"},\"thumbnailUrl\":\"https:\/\/www.spymasterpro.com\/it\/wp-content\/uploads\/2015\/06\/uyo.png\",\"datePublished\":\"2015-06-10T09:40:09+00:00\",\"dateModified\":\"2020-01-08T09:20:47+00:00\",\"description\":\"Spymaster Pro \u00e8 uno dei migliori software spia per Samsung che ti permette di spiare. Ora puoi monitorare segretamente tutte le chiamate, i file multimediali, la posizione e molte altre cose.\",\"breadcrumb\":{\"@id\":\"https:\/\/www.spymasterpro.com\/it\/samsung-spia\/#breadcrumb\"},\"inLanguage\":\"en-US\",\"potentialAction\":[{\"@type\":\"ReadAction\",\"target\":[\"https:\/\/www.spymasterpro.com\/it\/samsung-spia\/\"]}]},{\"@type\":\"ImageObject\",\"inLanguage\":\"en-US\",\"@id\":\"https:\/\/www.spymasterpro.com\/it\/samsung-spia\/#primaryimage\",\"url\":\"https:\/\/www.spymasterpro.com\/it\/wp-content\/uploads\/2015\/06\/uyo.png\",\"contentUrl\":\"https:\/\/www.spymasterpro.com\/it\/wp-content\/uploads\/2015\/06\/uyo.png\",\"width\":400,\"height\":310},{\"@type\":\"BreadcrumbList\",\"@id\":\"https:\/\/www.spymasterpro.com\/it\/samsung-spia\/#breadcrumb\",\"itemListElement\":[{\"@type\":\"ListItem\",\"position\":1,\"name\":\"Home\",\"item\":\"https:\/\/www.spymasterpro.com\/it\/\"},{\"@type\":\"ListItem\",\"position\":2,\"name\":\"Samsung Spia\"}]},{\"@type\":\"WebSite\",\"@id\":\"https:\/\/www.spymasterpro.com\/it\/#website\",\"url\":\"https:\/\/www.spymasterpro.com\/it\/\",\"name\":\"SpymasterPro\",\"description\":\"\",\"potentialAction\":[{\"@type\":\"SearchAction\",\"target\":{\"@type\":\"EntryPoint\",\"urlTemplate\":\"https:\/\/www.spymasterpro.com\/it\/?s={search_term_string}\"},\"query-input\":{\"@type\":\"PropertyValueSpecification\",\"valueRequired\":true,\"valueName\":\"search_term_string\"}}],\"inLanguage\":\"en-US\"}]}<\/script>\n<!-- \/ Yoast SEO plugin. -->","yoast_head_json":{"title":"Samsung Spia | Spia sul cellulare Samsung","description":"Spymaster Pro \u00e8 uno dei migliori software spia per Samsung che ti permette di spiare. Ora puoi monitorare segretamente tutte le chiamate, i file multimediali, la posizione e molte altre cose.","robots":{"index":"index","follow":"follow","max-snippet":"max-snippet:-1","max-image-preview":"max-image-preview:large","max-video-preview":"max-video-preview:-1"},"canonical":"https:\/\/www.spymasterpro.com\/it\/samsung-spia\/","og_locale":"en_US","og_type":"article","og_title":"Samsung Spia | Spia sul cellulare Samsung","og_description":"Spymaster Pro \u00e8 uno dei migliori software spia per Samsung che ti permette di spiare. Ora puoi monitorare segretamente tutte le chiamate, i file multimediali, la posizione e molte altre cose.","og_url":"https:\/\/www.spymasterpro.com\/it\/samsung-spia\/","og_site_name":"SpymasterPro","article_modified_time":"2020-01-08T09:20:47+00:00","og_image":[{"url":"https:\/\/www.spymasterpro.com\/it\/wp-content\/uploads\/2015\/06\/uyo.png","type":"","width":"","height":""}],"twitter_card":"summary_large_image","twitter_misc":{"Est. reading time":"3 minutes"},"schema":{"@context":"https:\/\/schema.org","@graph":[{"@type":"WebPage","@id":"https:\/\/www.spymasterpro.com\/it\/samsung-spia\/","url":"https:\/\/www.spymasterpro.com\/it\/samsung-spia\/","name":"Samsung Spia | Spia sul cellulare Samsung","isPartOf":{"@id":"https:\/\/www.spymasterpro.com\/it\/#website"},"primaryImageOfPage":{"@id":"https:\/\/www.spymasterpro.com\/it\/samsung-spia\/#primaryimage"},"image":{"@id":"https:\/\/www.spymasterpro.com\/it\/samsung-spia\/#primaryimage"},"thumbnailUrl":"https:\/\/www.spymasterpro.com\/it\/wp-content\/uploads\/2015\/06\/uyo.png","datePublished":"2015-06-10T09:40:09+00:00","dateModified":"2020-01-08T09:20:47+00:00","description":"Spymaster Pro \u00e8 uno dei migliori software spia per Samsung che ti permette di spiare. Ora puoi monitorare segretamente tutte le chiamate, i file multimediali, la posizione e molte altre cose.","breadcrumb":{"@id":"https:\/\/www.spymasterpro.com\/it\/samsung-spia\/#breadcrumb"},"inLanguage":"en-US","potentialAction":[{"@type":"ReadAction","target":["https:\/\/www.spymasterpro.com\/it\/samsung-spia\/"]}]},{"@type":"ImageObject","inLanguage":"en-US","@id":"https:\/\/www.spymasterpro.com\/it\/samsung-spia\/#primaryimage","url":"https:\/\/www.spymasterpro.com\/it\/wp-content\/uploads\/2015\/06\/uyo.png","contentUrl":"https:\/\/www.spymasterpro.com\/it\/wp-content\/uploads\/2015\/06\/uyo.png","width":400,"height":310},{"@type":"BreadcrumbList","@id":"https:\/\/www.spymasterpro.com\/it\/samsung-spia\/#breadcrumb","itemListElement":[{"@type":"ListItem","position":1,"name":"Home","item":"https:\/\/www.spymasterpro.com\/it\/"},{"@type":"ListItem","position":2,"name":"Samsung Spia"}]},{"@type":"WebSite","@id":"https:\/\/www.spymasterpro.com\/it\/#website","url":"https:\/\/www.spymasterpro.com\/it\/","name":"SpymasterPro","description":"","potentialAction":[{"@type":"SearchAction","target":{"@type":"EntryPoint","urlTemplate":"https:\/\/www.spymasterpro.com\/it\/?s={search_term_string}"},"query-input":{"@type":"PropertyValueSpecification","valueRequired":true,"valueName":"search_term_string"}}],"inLanguage":"en-US"}]}},"_links":{"self":[{"href":"https:\/\/www.spymasterpro.com\/it\/wp-json\/wp\/v2\/pages\/299","targetHints":{"allow":["GET"]}}],"collection":[{"href":"https:\/\/www.spymasterpro.com\/it\/wp-json\/wp\/v2\/pages"}],"about":[{"href":"https:\/\/www.spymasterpro.com\/it\/wp-json\/wp\/v2\/types\/page"}],"author":[{"embeddable":true,"href":"https:\/\/www.spymasterpro.com\/it\/wp-json\/wp\/v2\/users\/1"}],"replies":[{"embeddable":true,"href":"https:\/\/www.spymasterpro.com\/it\/wp-json\/wp\/v2\/comments?post=299"}],"version-history":[{"count":0,"href":"https:\/\/www.spymasterpro.com\/it\/wp-json\/wp\/v2\/pages\/299\/revisions"}],"wp:attachment":[{"href":"https:\/\/www.spymasterpro.com\/it\/wp-json\/wp\/v2\/media?parent=299"}],"curies":[{"name":"wp","href":"https:\/\/api.w.org\/{rel}","templated":true}]}}