{"id":223,"date":"2015-03-16T10:49:32","date_gmt":"2015-03-16T10:49:32","guid":{"rendered":"https:\/\/www.spymasterpro.com\/it\/?page_id=223"},"modified":"2020-10-03T09:36:29","modified_gmt":"2020-10-03T09:36:29","slug":"monitoraggio-del-cellulare-dei-figli","status":"publish","type":"page","link":"https:\/\/www.spymasterpro.com\/it\/monitoraggio-del-cellulare-dei-figli\/","title":{"rendered":"Monitoraggio del Cellulare dei Figli"},"content":{"rendered":"<h2>Sapere Esattamente Dove Sono i Vostri Figli In Ogni Momento Del Giorno Grazie Al GPS Localizzatore.<\/h2>\r\n<ul>\r\n \t<li>Controlla la rubrica cercando persone potenzialmente pericolose.<\/li>\r\n \t<li>Rimani aggiornato sui contenuti del cellulare di tuo figlio per scoprire se lui o lei ha alcun contenuto o MMS illegale.<\/li>\r\n \t<li>Proteggi il bambino da qualsiasi tipo di danno o bullismo andando alla radice dei problemi scoprendo come spiare SMS.<\/li>\r\n \t<li>Segui il log dei rapporti di tempo per sapere se tuo figlio sta usando il cellulare in momenti inopportuni, come durante la guida o troppo tardi la sera.<\/li>\r\n \t<li>Scopri il coinvolgimento di tuo figlio in attivit\u00e0 illegali o aspetti della vita pericolosi come il sexting.<\/li>\r\n<\/ul>\r\nCome genitori farete di tutto per mantenere vostro figlio lontano da qualsiasi tipo di attivit\u00e0 illegali. Ma nella maggior parte dei casi il giovane potrebbe nascondevi parti della sua vita. Ci\u00f2 rende estremamente difficile venire in soccorso del bambino quando affronta una situazione che ha il potenziale per rovinare la sua vita, spiare SMS pu\u00f2 essere un modo per essere informati.\r\n<div class=\"heading01\"><b>Restate Informati Riguardo Alle Attivit\u00e0 di Vostro Figlio<\/b><\/div>\r\nIl vostro cuore sussulta ogni volta che vede o sente parlare di un bambino coinvolto in qualche circostanza sfortunata. Probabilmente il pensiero va alla possibilit\u00e0 che anche vostro figlio possa essere coinvolto nella stessa situazione e questo \u00e8 estremamente spaventoso. Per evitare tale evento iniziate a proteggere il vostro bambino scoprendo su tutte le attivit\u00e0 nelle quali \u00e8 coinvolto usando Spymaster Pro.\r\n<div class=\"heading01\"><b>Proteggi Tuo Figlio In Ogni Momento<\/b><\/div>\r\nLe informazioni ottenute tramite il cellulare possono essere fonte di grande imbarazzo non solo per vostro figlio ma anche per tutta la famiglia. Le problematiche sono relative anche al fatto che i bambini possono diventare obiettivi di tentativi maliziosi e predatori sessuali. Prima di tutto e predatori divengono amici e poi rendono i ragazzi loro vittime attraverso l\u2019utilizzo del telefono. (sexting) Per riuscire a proteggere vostro figlio da comportamenti pericolosi e non adatti, dovreste utilizzare Spymaster Pro per tracciare in modo dinamico tutte le comunicazioni in entrata e uscita (come spiare SMS) dal cellulare di vostro figlio.\r\n<div class=\"heading01\"><b>Introduzione Alla Nuova Soluzione Innovativa Per Il Monitoraggio Dei Figli<\/b><\/div>\r\nGrazie al nuovissimo Spymaster Pro potrete non semplicemente monitorare il cellulare di vostro figlio in ogni momento, ma potrete inoltre restare completamente nascosti mentre lo fate. Tutti i log delle chiamate e degli SMS vengono registrati inviati a un account sicuro spymaster creato specificatamente per voi in modo che possiate controllare ogni movimento in qualsiasi istante. Potrete controllare i log quante volte vorrete e scoprire se sono presenti delle potenziali minacce alla vita di vostro figlio e potrete di conseguenza agire immediatamente. Quello che rende unico questo software \u00e8 la incredibile interattivit\u00e0 dell\u2019interfaccia utente e la sua efficienza. Il nostro team R&amp;D lavora continuamente su aggiornamenti per rendere il software sempre pi\u00f9 user friendly.\r\n<div class=\"heading01\"><b>Funzioni Fantastiche di Spymaster Pro<\/b><\/div>\r\nSpymaster Pro mette a disposizione un\u2019ampia variet\u00e0 di straordinarie funzioni che vi aiutano a controllare la vita di vostro figlio in diverse maniere, tra queste potrete sfruttare un localizzatore cellulare. Potrete scegliere tra la versione pro e basic a seconda delle funzioni che necessiterete.\r\n<h3 class=\"pro_version_only\" style=\"color: black; font-size: 22px; margin-top: 15px; margin-bottom: 15px;\"><b>FUNZIONI DELLA VERSIONE BASIC<\/b><\/h3>\r\n<div class=\"content-1\">\r\n\r\n<!--\r\n<h4 class=\"tracking\"><span><img decoding=\"async\" src=\"https:\/\/www.spymasterpro.com\/wp-content\/uploads\/2015\/04\/call-tracking.png\" \/><\/span>Call Tracking<\/h4>\r\nThe first step to spy on your child, is to track who allyour child has been communicating to of late. Find out whoever your child is talking to with a detailed call log provided by the software.\r\n\r\n<\/div>\r\n<div class=\"content-1\">\r\n\r\n -->\r\n<h4 class=\"tracking\"><img decoding=\"async\" src=\"https:\/\/www.spymasterpro.com\/wp-content\/uploads\/2015\/04\/sms.png\" alt=\"\" \/>Tracciamento SMS<\/h4>\r\nQuesta funzione \u00e8 particolarmente fondamentale per monitorare le attivit\u00e0 dei giovani d\u2019oggi visto che visualizza SMS. Spiare i messaggi sul cellulare \u00e8 un modo ideale di comprendere cosa stia facendo vostro figlio visto che i giovani moderni preferiscono questa forma di comunicazione alle chiamate vocali. Grazie al nostro software non sarete solamente in grado di ottenere i numeri dei contatti del mittente e destinatario, ma potrete inoltre leggere i messaggi cellulare parola per parola sia per quanto riguarda i messaggi inviati che quelli ricevuti. Spiare SMS Android e iPhone non sar\u00e0 mai stato cos\u00ec semplice.\r\n\r\n<\/div>\r\n<div class=\"content-1\">\r\n<h4 class=\"tracking\"><img decoding=\"async\" src=\"https:\/\/www.spymasterpro.com\/wp-content\/uploads\/2015\/04\/gps-tracking.png\" alt=\"\" \/>Tracciare la Location tramite GPS<\/h4>\r\nProibire a vostro figlio di andare in qualche luogo non funziona generalmente, vista l\u2019attitudine ribelle di molti giovani. Molto spesso mentiranno riguardo alle loro attivit\u00e0 e si recheranno in posti proibiti. Per assicurarsi che nulla di questo possa accadere potrete tenere una registrazione costante dei loro movimenti. Grazie al nostro <a href=\"https:\/\/www.spymasterpro.com\/it\/tracciamento-gps-del-telefono\/\" target=\"_blank\" rel=\"noopener noreferrer\"><strong>GPS Localizzatore<\/strong><\/a>\u00a0sarete in grado di tracciare i movimenti di vostro figlio in ogni istante, spiare iPhone o qualsiasi altro smartphone grazie a questo localizzatore GPS integrato nel software.\r\n\r\n<\/div>\r\n<div class=\"content-1\">\r\n<h4 class=\"tracking\"><img decoding=\"async\" src=\"https:\/\/www.spymasterpro.com\/wp-content\/uploads\/2015\/04\/contact.png\" alt=\"\" \/>Accesso alla rubrica dei numeri<\/h4>\r\nScoprite l\u2019intera rete dei contratti di vostro figlio per comprendere con chi comunichi e agite in accordo se qualcosa di sospetto si verifichi.\r\n\r\n<\/div>\r\n<div class=\"content-1\">\r\n<h4 class=\"tracking\"><img decoding=\"async\" src=\"https:\/\/www.spymasterpro.com\/wp-content\/uploads\/2015\/04\/photo-tracking1.png\" alt=\"\" \/>Tracciamento Email e Foto<\/h4>\r\nUn\u2019altra modalit\u00e0 utilizzata per comunicare tra i giovani d\u2019oggi \u00e8 il servizio di e-mail. Grazie a questa funzione del software tutte le comunicazioni tramite e-mail saranno registrate all\u2019interno della vostra area membro e potrete controllarle quando desidererete. Tutte le foto che visioner\u00e0 vostro figlio attraverso il cellulare verranno inoltre caricate sul sito Web dal quale potrete controllare ogni visualizzazione di vostro figlio attraverso la vostra area membro.\r\n\r\n<\/div>\r\n<div style=\"float: left; width: 100%;\">\r\n<div class=\"col-xl-12 col-xs-12 col-sm-12 col-md-12 strip_txt text-xs-center bigtext-red\">\r\n\r\nOra acquista Spymaster Pro Android Di base con uno sconto del 50% a soli $ 4,4\/ mese\r\n\r\n<\/div>\r\n<div class=\"strip_btn feature_bottom text-xs-center\"><a class=\"hidden-sm-down blue_btn\" href=\"https:\/\/www.spymasterpro.com\/demo\/\">Demonstra\u00e7\u00e3o ao vivo<\/a> <a class=\"hidden-sm-down white_btn demo_btn\" href=\"https:\/\/www.spymasterpro.com\/it\/acquista-ora\/\"> Compre Agora\r\n<\/a> <a class=\"white_btn demo_btn hidden-md-up\" href=\"https:\/\/www.spymasterpro.com\/como-spymaster-pro-funciona\/\">saiba mais<\/a> <a class=\"white_btn demo_btn hidden-md-up\" href=\"https:\/\/www.spymasterpro.com\/it\/acquista-ora\/\"> Compre Agora\r\n<\/a><\/div>\r\n<!--p style=\"text-align:center; font-size:\"16px; float:\"left;\"><span style=\"font-size:18px; font-weight:bold; \">Atualmente apenas dispon\u00edvel para usu\u00e1rios Android!<\/span><\/p-->\r\n\r\n<\/div>\r\n&nbsp;\r\n<h3 class=\"pro_version_only\" style=\"color: black; font-size: 22px; margin-top: 15px; margin-bottom: 15px;\"><b>FUNZIONI DELLA VERSIONE PRO<\/b><\/h3>\r\n<div class=\"content-1\">\r\n<h4 class=\"tracking\"><img decoding=\"async\" src=\"https:\/\/www.spymasterpro.com\/wp-content\/uploads\/2015\/04\/whatsApp.png\" alt=\"\" \/>Tracciamento WhatsApp<\/h4>\r\nAttraverso l\u2019aiuto di Spymaster Pro sarete in grado di leggere le intere conversazioni dei vostri figli adolescenti o del vostro coniuge che vi tradisce. Traccer\u00e0 inoltre le foto \u00a0condivisi correlati a data e ora, funzionando in modo similare all\u2019opzione SMS spia Android e iPhone. Una risorsa realmente preziosa\r\n\r\n<\/div>\r\n<h4 class=\"tracking\">Tracciamento Facebook Messenger<\/h4>\r\nSpymaster Pro vi permette di tracciare tutto ci\u00f2 che succede su Facebook, spiare le conversazioni Facebook sar\u00e0 realmente un gioco da ragazzi, potrete inoltre scoprire password Facebook e vedere chat Facebook. Tutto questo con data e ora correlati. Spiare conversazioni Facebook altrui \u00e8 ormai una realt\u00e0 consolidata grazie a questo software.\r\n\r\n<!--\r\n<div class=\"content-1\">\r\n<h4 class=\"tracking\"><span><img decoding=\"async\" src=\"https:\/\/www.spymasterpro.com\/wp-content\/uploads\/2015\/04\/Call-listening.png\" \/><\/span>Listen To Calls<\/h4>\r\nThis is a new age feature which has revolutionized cell spying. With this spectacular feature you can listen to any of your child\u2019s conversation dynamically.\r\n\r\n<\/div>\r\n&nbsp;\r\n<div class=\"content-1\">\r\n<h4 class=\"tracking\"><span><img decoding=\"async\" src=\"https:\/\/www.spymasterpro.com\/wp-content\/uploads\/2015\/04\/Surround-listening.png\" \/><\/span>Environment Listening and Recording<\/h4>\r\nOnce you retrieve the identity of the person making the call to your child you can immediately call that person and listen to his\/her surroundings. You can also listen to the conversation that is going on, nearby the caller\r\n\r\n<\/div>\r\n-->\r\n<div style=\"float: left; width: 100%;\">\r\n<div class=\"col-xl-12 col-xs-12 col-sm-12 col-md-12 strip_txt text-xs-center bigtext-red\">\r\n\r\nOra acquista Spymaster Pro iPhone con uno sconto del 50% a soli $ 7,05\/ mese\r\n\r\n<\/div>\r\n<div class=\"strip_btn feature_bottom text-xs-center\"><a class=\"hidden-sm-down blue_btn\" href=\"https:\/\/www.spymasterpro.com\/demo\/\">Demonstra\u00e7\u00e3o ao vivo<\/a> <a class=\"hidden-sm-down white_btn demo_btn\" href=\"https:\/\/www.spymasterpro.com\/it\/acquista-ora\/\"> Compre Agora\r\n<\/a> <a class=\"white_btn demo_btn hidden-md-up\" href=\"https:\/\/www.spymasterpro.com\/como-spymaster-pro-funciona\/\">saiba mais<\/a> <a class=\"white_btn demo_btn hidden-md-up\" href=\"https:\/\/www.spymasterpro.com\/it\/acquista-ora\/\"> Compre Agora\r\n<\/a><\/div>\r\n<!--p style=\"text-align:center; font-size:\"16px; float:\"left;\"><span style=\"font-size:18px; font-weight:bold; \">Atualmente apenas dispon\u00edvel para usu\u00e1rios Android!<\/span><\/p-->\r\n\r\n<\/div>","protected":false},"excerpt":{"rendered":"<p>Sapere Esattamente Dove Sono i Vostri Figli In Ogni Momento Del Giorno Grazie Al GPS Localizzatore. Controlla la rubrica cercando persone potenzialmente pericolose. Rimani aggiornato sui contenuti del cellulare di tuo figlio per scoprire se lui o lei ha alcun contenuto o MMS illegale. Proteggi il bambino da qualsiasi tipo di danno o bullismo andando &hellip; <a href=\"https:\/\/www.spymasterpro.com\/it\/monitoraggio-del-cellulare-dei-figli\/\" class=\"more-link\">Continue reading<span class=\"screen-reader-text\"> &#8220;Monitoraggio del Cellulare dei Figli&#8221;<\/span><\/a><\/p>\n","protected":false},"author":1,"featured_media":1761,"parent":0,"menu_order":0,"comment_status":"open","ping_status":"open","template":"","meta":{"_acf_changed":false,"footnotes":""},"class_list":["post-223","page","type-page","status-publish","has-post-thumbnail","hentry"],"acf":[],"yoast_head":"<!-- This site is optimized with the Yoast SEO plugin v27.1.1 - https:\/\/yoast.com\/product\/yoast-seo-wordpress\/ -->\n<title>Monitoraggio dei telefoni cellulari per bambini<\/title>\n<meta name=\"description\" content=\"Il monitoraggio dei telefoni cellulari per bambini consente di monitorare l&#039;attivit\u00e0 del telefono cellulare di tuo figlio. Puoi tenere traccia di chiamate, messaggi, Whatsapp e Facebook.\" \/>\n<meta name=\"robots\" content=\"index, follow, max-snippet:-1, max-image-preview:large, max-video-preview:-1\" \/>\n<link rel=\"canonical\" href=\"https:\/\/www.spymasterpro.com\/it\/monitoraggio-del-cellulare-dei-figli\/\" \/>\n<meta property=\"og:locale\" content=\"en_US\" \/>\n<meta property=\"og:type\" content=\"article\" \/>\n<meta property=\"og:title\" content=\"Monitoraggio dei telefoni cellulari per bambini\" \/>\n<meta property=\"og:description\" content=\"Il monitoraggio dei telefoni cellulari per bambini consente di monitorare l&#039;attivit\u00e0 del telefono cellulare di tuo figlio. Puoi tenere traccia di chiamate, messaggi, Whatsapp e Facebook.\" \/>\n<meta property=\"og:url\" content=\"https:\/\/www.spymasterpro.com\/it\/monitoraggio-del-cellulare-dei-figli\/\" \/>\n<meta property=\"og:site_name\" content=\"SpymasterPro\" \/>\n<meta property=\"article:modified_time\" content=\"2020-10-03T09:36:29+00:00\" \/>\n<meta property=\"og:image\" content=\"https:\/\/www.spymasterpro.com\/it\/wp-content\/uploads\/2018\/07\/Bambino-Monitoraggio-del-cellulare.jpg\" \/>\n\t<meta property=\"og:image:width\" content=\"650\" \/>\n\t<meta property=\"og:image:height\" content=\"350\" \/>\n\t<meta property=\"og:image:type\" content=\"image\/jpeg\" \/>\n<meta name=\"twitter:card\" content=\"summary_large_image\" \/>\n<meta name=\"twitter:label1\" content=\"Est. reading time\" \/>\n\t<meta name=\"twitter:data1\" content=\"5 minutes\" \/>\n<script type=\"application\/ld+json\" class=\"yoast-schema-graph\">{\"@context\":\"https:\/\/schema.org\",\"@graph\":[{\"@type\":\"WebPage\",\"@id\":\"https:\/\/www.spymasterpro.com\/it\/monitoraggio-del-cellulare-dei-figli\/\",\"url\":\"https:\/\/www.spymasterpro.com\/it\/monitoraggio-del-cellulare-dei-figli\/\",\"name\":\"Monitoraggio dei telefoni cellulari per bambini\",\"isPartOf\":{\"@id\":\"https:\/\/www.spymasterpro.com\/it\/#website\"},\"primaryImageOfPage\":{\"@id\":\"https:\/\/www.spymasterpro.com\/it\/monitoraggio-del-cellulare-dei-figli\/#primaryimage\"},\"image\":{\"@id\":\"https:\/\/www.spymasterpro.com\/it\/monitoraggio-del-cellulare-dei-figli\/#primaryimage\"},\"thumbnailUrl\":\"https:\/\/www.spymasterpro.com\/it\/wp-content\/uploads\/2018\/07\/Bambino-Monitoraggio-del-cellulare.jpg\",\"datePublished\":\"2015-03-16T10:49:32+00:00\",\"dateModified\":\"2020-10-03T09:36:29+00:00\",\"description\":\"Il monitoraggio dei telefoni cellulari per bambini consente di monitorare l&#039;attivit\u00e0 del telefono cellulare di tuo figlio. Puoi tenere traccia di chiamate, messaggi, Whatsapp e Facebook.\",\"breadcrumb\":{\"@id\":\"https:\/\/www.spymasterpro.com\/it\/monitoraggio-del-cellulare-dei-figli\/#breadcrumb\"},\"inLanguage\":\"en-US\",\"potentialAction\":[{\"@type\":\"ReadAction\",\"target\":[\"https:\/\/www.spymasterpro.com\/it\/monitoraggio-del-cellulare-dei-figli\/\"]}]},{\"@type\":\"ImageObject\",\"inLanguage\":\"en-US\",\"@id\":\"https:\/\/www.spymasterpro.com\/it\/monitoraggio-del-cellulare-dei-figli\/#primaryimage\",\"url\":\"https:\/\/www.spymasterpro.com\/it\/wp-content\/uploads\/2018\/07\/Bambino-Monitoraggio-del-cellulare.jpg\",\"contentUrl\":\"https:\/\/www.spymasterpro.com\/it\/wp-content\/uploads\/2018\/07\/Bambino-Monitoraggio-del-cellulare.jpg\",\"width\":650,\"height\":350,\"caption\":\"Monitoraggio del Cellulare dei Figli\"},{\"@type\":\"BreadcrumbList\",\"@id\":\"https:\/\/www.spymasterpro.com\/it\/monitoraggio-del-cellulare-dei-figli\/#breadcrumb\",\"itemListElement\":[{\"@type\":\"ListItem\",\"position\":1,\"name\":\"Home\",\"item\":\"https:\/\/www.spymasterpro.com\/it\/\"},{\"@type\":\"ListItem\",\"position\":2,\"name\":\"Monitoraggio del Cellulare dei Figli\"}]},{\"@type\":\"WebSite\",\"@id\":\"https:\/\/www.spymasterpro.com\/it\/#website\",\"url\":\"https:\/\/www.spymasterpro.com\/it\/\",\"name\":\"SpymasterPro\",\"description\":\"\",\"potentialAction\":[{\"@type\":\"SearchAction\",\"target\":{\"@type\":\"EntryPoint\",\"urlTemplate\":\"https:\/\/www.spymasterpro.com\/it\/?s={search_term_string}\"},\"query-input\":{\"@type\":\"PropertyValueSpecification\",\"valueRequired\":true,\"valueName\":\"search_term_string\"}}],\"inLanguage\":\"en-US\"}]}<\/script>\n<!-- \/ Yoast SEO plugin. -->","yoast_head_json":{"title":"Monitoraggio dei telefoni cellulari per bambini","description":"Il monitoraggio dei telefoni cellulari per bambini consente di monitorare l&#039;attivit\u00e0 del telefono cellulare di tuo figlio. Puoi tenere traccia di chiamate, messaggi, Whatsapp e Facebook.","robots":{"index":"index","follow":"follow","max-snippet":"max-snippet:-1","max-image-preview":"max-image-preview:large","max-video-preview":"max-video-preview:-1"},"canonical":"https:\/\/www.spymasterpro.com\/it\/monitoraggio-del-cellulare-dei-figli\/","og_locale":"en_US","og_type":"article","og_title":"Monitoraggio dei telefoni cellulari per bambini","og_description":"Il monitoraggio dei telefoni cellulari per bambini consente di monitorare l&#039;attivit\u00e0 del telefono cellulare di tuo figlio. Puoi tenere traccia di chiamate, messaggi, Whatsapp e Facebook.","og_url":"https:\/\/www.spymasterpro.com\/it\/monitoraggio-del-cellulare-dei-figli\/","og_site_name":"SpymasterPro","article_modified_time":"2020-10-03T09:36:29+00:00","og_image":[{"width":650,"height":350,"url":"https:\/\/www.spymasterpro.com\/it\/wp-content\/uploads\/2018\/07\/Bambino-Monitoraggio-del-cellulare.jpg","type":"image\/jpeg"}],"twitter_card":"summary_large_image","twitter_misc":{"Est. reading time":"5 minutes"},"schema":{"@context":"https:\/\/schema.org","@graph":[{"@type":"WebPage","@id":"https:\/\/www.spymasterpro.com\/it\/monitoraggio-del-cellulare-dei-figli\/","url":"https:\/\/www.spymasterpro.com\/it\/monitoraggio-del-cellulare-dei-figli\/","name":"Monitoraggio dei telefoni cellulari per bambini","isPartOf":{"@id":"https:\/\/www.spymasterpro.com\/it\/#website"},"primaryImageOfPage":{"@id":"https:\/\/www.spymasterpro.com\/it\/monitoraggio-del-cellulare-dei-figli\/#primaryimage"},"image":{"@id":"https:\/\/www.spymasterpro.com\/it\/monitoraggio-del-cellulare-dei-figli\/#primaryimage"},"thumbnailUrl":"https:\/\/www.spymasterpro.com\/it\/wp-content\/uploads\/2018\/07\/Bambino-Monitoraggio-del-cellulare.jpg","datePublished":"2015-03-16T10:49:32+00:00","dateModified":"2020-10-03T09:36:29+00:00","description":"Il monitoraggio dei telefoni cellulari per bambini consente di monitorare l&#039;attivit\u00e0 del telefono cellulare di tuo figlio. Puoi tenere traccia di chiamate, messaggi, Whatsapp e Facebook.","breadcrumb":{"@id":"https:\/\/www.spymasterpro.com\/it\/monitoraggio-del-cellulare-dei-figli\/#breadcrumb"},"inLanguage":"en-US","potentialAction":[{"@type":"ReadAction","target":["https:\/\/www.spymasterpro.com\/it\/monitoraggio-del-cellulare-dei-figli\/"]}]},{"@type":"ImageObject","inLanguage":"en-US","@id":"https:\/\/www.spymasterpro.com\/it\/monitoraggio-del-cellulare-dei-figli\/#primaryimage","url":"https:\/\/www.spymasterpro.com\/it\/wp-content\/uploads\/2018\/07\/Bambino-Monitoraggio-del-cellulare.jpg","contentUrl":"https:\/\/www.spymasterpro.com\/it\/wp-content\/uploads\/2018\/07\/Bambino-Monitoraggio-del-cellulare.jpg","width":650,"height":350,"caption":"Monitoraggio del Cellulare dei Figli"},{"@type":"BreadcrumbList","@id":"https:\/\/www.spymasterpro.com\/it\/monitoraggio-del-cellulare-dei-figli\/#breadcrumb","itemListElement":[{"@type":"ListItem","position":1,"name":"Home","item":"https:\/\/www.spymasterpro.com\/it\/"},{"@type":"ListItem","position":2,"name":"Monitoraggio del Cellulare dei Figli"}]},{"@type":"WebSite","@id":"https:\/\/www.spymasterpro.com\/it\/#website","url":"https:\/\/www.spymasterpro.com\/it\/","name":"SpymasterPro","description":"","potentialAction":[{"@type":"SearchAction","target":{"@type":"EntryPoint","urlTemplate":"https:\/\/www.spymasterpro.com\/it\/?s={search_term_string}"},"query-input":{"@type":"PropertyValueSpecification","valueRequired":true,"valueName":"search_term_string"}}],"inLanguage":"en-US"}]}},"_links":{"self":[{"href":"https:\/\/www.spymasterpro.com\/it\/wp-json\/wp\/v2\/pages\/223","targetHints":{"allow":["GET"]}}],"collection":[{"href":"https:\/\/www.spymasterpro.com\/it\/wp-json\/wp\/v2\/pages"}],"about":[{"href":"https:\/\/www.spymasterpro.com\/it\/wp-json\/wp\/v2\/types\/page"}],"author":[{"embeddable":true,"href":"https:\/\/www.spymasterpro.com\/it\/wp-json\/wp\/v2\/users\/1"}],"replies":[{"embeddable":true,"href":"https:\/\/www.spymasterpro.com\/it\/wp-json\/wp\/v2\/comments?post=223"}],"version-history":[{"count":0,"href":"https:\/\/www.spymasterpro.com\/it\/wp-json\/wp\/v2\/pages\/223\/revisions"}],"wp:featuredmedia":[{"embeddable":true,"href":"https:\/\/www.spymasterpro.com\/it\/wp-json\/wp\/v2\/media\/1761"}],"wp:attachment":[{"href":"https:\/\/www.spymasterpro.com\/it\/wp-json\/wp\/v2\/media?parent=223"}],"curies":[{"name":"wp","href":"https:\/\/api.w.org\/{rel}","templated":true}]}}