{"id":2218,"date":"2019-07-23T06:49:34","date_gmt":"2019-07-23T06:49:34","guid":{"rendered":"https:\/\/www.spymasterpro.com\/it\/?page_id=2218"},"modified":"2020-01-08T08:26:50","modified_gmt":"2020-01-08T08:26:50","slug":"monitoraggio-multimediale","status":"publish","type":"page","link":"https:\/\/www.spymasterpro.com\/it\/monitoraggio-multimediale\/","title":{"rendered":"Monitoraggio Multimediale"},"content":{"rendered":"<section id=\"multi_banner\">\r\n<div class=\"container\">\r\n<div class=\"row\">\r\n<div class=\"col-xl-8 col-lg-8 col-md-8 col-sm-12 iphone_right_point\">\r\n<h1>Monitoraggio Multimediale<\/h1>\r\n<h6>SPYMASTER PRO PERMETTE AGLI UTENTI DI VISUALIZZARE TUTTI I FILE MULTIMEDIALI CHE SONO MEMORIZZATI NEL MONITORAGGIO DEL TELEFONO.<\/h6>\r\n<ul>\r\n \t<li>Sfoglia tutte le immagini comprese quelle di download, clic della fotocamera, selfie, ecc. Che sono memorizzati nel monitoraggio del telefono.<\/li>\r\n \t<li>Accedi a queste foto direttamente dalla tua dashboard personalizzata.<\/li>\r\n<\/ul>\r\n<div class=\"slider_btn\"><a class=\"blue_btn demo_btn\" href=\"https:\/\/www.spymasterpro.com\/it\/acquista-ora\/\">Acquista Ora<\/a><\/div>\r\n<\/div>\r\n<div class=\"col-xl-4 col-lg-4 col-md-4 hidden-sm-down iphone_left_img text-xs-center\"><img loading=\"lazy\" decoding=\"async\" class=\"alignnone\" title=\"Monitoraggio Multimediale\" src=\"https:\/\/www.spymasterpro.com\/it\/wp-content\/uploads\/2019\/07\/Monitoraggio-Multimediale.png\" alt=\"Monitoraggio Multimediale\" width=\"217\" height=\"434\" \/><\/div>\r\n<\/div>\r\n<\/div>\r\n<\/section><section id=\"snapchat_info\">\r\n<div class=\"container\">\r\n<div class=\"row\">\r\n<div class=\"col-xs-12 insta_bx text-xs-center\">\r\n<div class=\"insta_icon text-xs-center\"><i class=\"fa fa-file-video-o\" aria-hidden=\"true\"><!--tr--><\/i><\/div>\r\n<h6>OTTIENI LA STORIA MULTIMEDIALE SULLA TUA DASHBOARD<\/h6>\r\nCon Spymaster Pro, puoi facilmente visualizzare tutte le foto sulla tua dashboard personalizzata e anche da remoto senza farlo sapere all&#8217;utente di destinazione.\r\n\r\n<\/div>\r\n<\/div>\r\n<\/div>\r\n<\/section><section id=\"snapchat_feature\">\r\n<div class=\"container\">\r\n<div class=\"row\">\r\n<div class=\"col-xs-12 text-xs-center\">\r\n<h3>Funzioni Spymaster Pro<\/h3>\r\n<\/div>\r\n<div class=\"col-md-3 col-sm-6 col-xs-12 text-xs-center\">\r\n<a href=\"https:\/\/www.spymasterpro.com\/it\/whatsapp-spiare\/\">\r\n<div class=\"snapchat_bx\">\r\n<i class=\"fa fa-whatsapp\" aria-hidden=\"true\"><!--tr--><\/i>\r\n<h6>Spiare WhatsApp<\/h6>\r\n<\/div>\r\n<\/a>\r\n<\/div>\r\n<div class=\"col-md-3 col-sm-6 col-xs-12 text-xs-center\">\r\n<a href=\"https:\/\/www.spymasterpro.com\/it\/spiare-conversazioni-facebook\/\">\r\n<div class=\"snapchat_bx\">\r\n<i class=\"fa fa-facebook-square\" aria-hidden=\"true\"><!--tr--><\/i>\r\n<h6>Spiare Facebook<\/h6>\r\n<\/div>\r\n<\/a>\r\n<\/div>\r\n<div class=\"col-md-3 col-sm-6 col-xs-12 text-xs-center\">\r\n<a href=\"https:\/\/www.spymasterpro.com\/it\/tracciamento-gps-del-telefono\/\">\r\n<div class=\"snapchat_bx\">\r\n<i class=\"fa fa-map-marker\" aria-hidden=\"true\"><!--tr--><\/i>\r\n<h6>Tracciamento GPS<\/h6>\r\n<\/div>\r\n<\/a>\r\n<\/div>\r\n<div class=\"col-md-3 col-sm-6 col-xs-12 text-xs-center\">\r\n<a href=\"https:\/\/www.spymasterpro.com\/it\/tracciamento-sms\/\">\r\n<div class=\"snapchat_bx\">\r\n<i class=\"fa fa-commenting-o\" aria-hidden=\"true\"><!--tr--><\/i>\r\n<h6>Tracciamento SMS<\/h6>\r\n<\/div>\r\n<\/a>\r\n<\/div>\r\n<div class=\"col-md-3 col-sm-6 col-xs-12 text-xs-center\">\r\n<a href=\"https:\/\/www.spymasterpro.com\/it\/monitoraggio-multimediale\/\">\r\n<div class=\"snapchat_bx\">\r\n<i class=\"fa fa-picture-o\" aria-hidden=\"true\"><!--tr--><\/i>\r\n<h6>Monitoraggio Foto<\/h6>\r\n<\/div>\r\n<\/a>\r\n<\/div>\r\n<div class=\"col-md-3 col-sm-6 col-xs-12 text-xs-center\">\r\n<a href=\"https:\/\/www.spymasterpro.com\/it\/tracker-registro-chiamate-mobile\/\">\r\n<div class=\"snapchat_bx\">\r\n<i class=\"fa fa-phone\" aria-hidden=\"true\"><!--tr--><\/i>\r\n<h6>Tracciamento del registro chiamate<\/h6>\r\n<\/div>\r\n<\/a>\r\n<\/div>\r\n<div class=\"col-md-3 col-sm-6 col-xs-12 text-xs-center\">\r\n<a href=\"https:\/\/www.spymasterpro.com\/it\/app-di-tracciamento-e-mail\/\">\r\n<div class=\"snapchat_bx\">\r\n<i class=\"fa fa-envelope-o\" aria-hidden=\"true\"><!--tr--><\/i>\r\n<h6>Tracciamento tramite e-mail<\/h6>\r\n<\/div>\r\n<\/a>\r\n<\/div>\r\n<div class=\"col-md-3 col-sm-6 col-xs-12 text-xs-center\">\r\n<a href=\"https:\/\/www.spymasterpro.com\/it\/spiare-snapchat\/\">\r\n<div class=\"snapchat_bx\">\r\n<i class=\"fa fa-snapchat-ghost\" aria-hidden=\"true\"><!--tr--><\/i>\r\n<h6>Spiare Snapchat<\/h6>\r\n<\/div>\r\n<\/a>\r\n<\/div>\r\n<\/div>\r\n<\/div>\r\n<\/section><section id=\"iphone_spy_work\">\r\n<div class=\"container\">\r\n<div class=\"row\">\r\n<div class=\"feature_heading text-xs-center\">\r\n<h3>Come funziona<\/h3>\r\n<\/div>\r\n<div class=\"row iphone_spy_work_phone\">\r\n<div class=\"col-xl-4 col-lg-4 col-md-4 col-sm-4 text-xs-center\">\r\n<div class=\"iphone_spy_bx\">\r\n\r\n<img decoding=\"async\" src=\"https:\/\/spymasterpro.com\/wp-content\/uploads\/2017\/09\/new_icon1-1.png\" \/>\r\n<h5>Acquista Spymaster Pro<\/h5>\r\nSoftware di monitoraggio per cellulari, premi il bottone Acquista Ora oppure dirigiti alla pagina Acquista Ora, da qualsiasi parte del nostro sito Web. Invia i tuoi dettagli. Dopo aver compilato i dettagli richiesti, potrai eseguire il pagamento.\r\n\r\n<\/div>\r\n<\/div>\r\n<div class=\"col-xl-4 col-lg-4 col-md-4 col-sm-4 text-xs-center\">\r\n<div class=\"iphone_spy_bx\">\r\n\r\n<img decoding=\"async\" src=\"https:\/\/spymasterpro.com\/wp-content\/uploads\/2017\/09\/new_icon2-1.png\" \/>\r\n<h5>Installa il software<\/h5>\r\nScarica e installa il software all&#8217;interno del telefono da tenere sotto controllo. Segui attentamente le istruzioni che ti sono state inviate tramite email.\r\n\r\n<\/div>\r\n<\/div>\r\n<div class=\"col-xl-4 col-lg-4 col-md-4 col-sm-4 text-xs-center\">\r\n<div class=\"iphone_spy_bx\">\r\n\r\n<img decoding=\"async\" src=\"https:\/\/spymasterpro.com\/wp-content\/uploads\/2017\/09\/new_icon3-1.png\" \/>\r\n<h5>Inizia il monitoraggio!!<\/h5>\r\nAccedi al tuo pannello di controllo Spymaster Pro utilizzando i dettagli di login che ti sono stati inviati tramite email. Inizia subito a monitorare i tuoi cari. Proteggi in modo remoto la tua famiglia e il tuo giro d&#8217;affari.\r\n\r\n<\/div>\r\n<\/div>\r\n<div class=\"text-xs-center col-xs-12\">\r\n<p style=\"padding: 22px 0 0; color: red;\">**Nessuna installazione necessaria su iPhone<\/p>\r\n&nbsp;\r\n\r\n<\/div>\r\n<div class=\"col-xl-12 col-xs-12 col-sm-12 col-md-12 text-xs-center\">\r\n<div class=\"strip_txt\">Obtenha o Spymaster por Apenas $8.33 por m\u00eas<\/div>\r\n<\/div>\r\n<\/div>\r\n<\/div>\r\n<\/div>\r\n<\/section><section id=\"snapchat_safe_use\">\r\n<div class=\"container\">\r\n<div class=\"row\">\r\n<div class=\"col-xs-12 text-xs-center\">\r\n<h2>Sicuro Da Utilizzare<\/h2>\r\n<\/div>\r\n<div class=\"col-md-6 col-xs-12 safe_box\">\r\n<div class=\"col-sm-3 no_padding\">\r\n<div class=\"safe_bx_icon text-xs-center\"><img decoding=\"async\" src=\"https:\/\/spymasterpro.com\/wp-content\/uploads\/2017\/02\/safe_icon.png\" alt=\"img\" \/><\/div>\r\n<\/div>\r\n<div class=\"col-sm-9\">\r\n<div class=\"safe_bx_info\">\r\n<h6>Nessuna icona apparir\u00e0 sul telefono di destinazione<\/h6>\r\nQuesto software \u00e8 progettato sapientemente da esperti che rendeva invisibile. Esso fa il suo lavoro in modalit\u00e0 nascosta che hanno come destinazione utente non verr\u00e0 mai a sapere della sua esistenza il suo telefono.\r\n\r\n<\/div>\r\n<\/div>\r\n<\/div>\r\n<div class=\"col-md-6 col-xs-12 safe_box\">\r\n<div class=\"col-sm-3 no_padding\">\r\n<div class=\"safe_bx_icon text-xs-center\"><img decoding=\"async\" src=\"https:\/\/spymasterpro.com\/wp-content\/uploads\/2017\/02\/safe_icon2.png\" alt=\"img\" \/><\/div>\r\n<\/div>\r\n<div class=\"col-sm-9\">\r\n<div class=\"safe_bx_info\">\r\n<h6>Utente di destinazione non hanno alcun indizio<\/h6>\r\nPersona di destinazione non pu\u00f2 mai rendersi conto che qualcuno sta avendo un occhio segreto su di loro. Ora, nessuna necessit\u00e0 di sbirciare nei loro cellulari o chiedere loro qualsiasi cosa.\r\n\r\n<\/div>\r\n<\/div>\r\n<\/div>\r\n<div class=\"col-md-6 col-xs-12 safe_box\">\r\n<div class=\"col-sm-3 no_padding\">\r\n<div class=\"safe_bx_icon text-xs-center\"><img decoding=\"async\" src=\"https:\/\/spymasterpro.com\/wp-content\/uploads\/2017\/09\/safe_icon3.png\" alt=\"img\" \/><\/div>\r\n<\/div>\r\n<div class=\"col-sm-9\">\r\n<div class=\"safe_bx_info\">\r\n<h6>Il software funziona in modalit\u00e0 nascosta<\/h6>\r\nQuesto software silenziosamente copia ogni dettaglio del telefono target e inviarlo al tuo pannello di controllo. \u00c8 possibile accedere in qualsiasi momento al vostro spymaster pro conto\r\n\r\n<\/div>\r\n<\/div>\r\n<\/div>\r\n<div class=\"col-md-6 col-xs-12 safe_box\">\r\n<div class=\"col-sm-3 no_padding\">\r\n<div class=\"safe_bx_icon text-xs-center\"><img decoding=\"async\" src=\"https:\/\/spymasterpro.com\/wp-content\/uploads\/2017\/02\/safe_icon4.png\" alt=\"img\" \/><\/div>\r\n<\/div>\r\n<div class=\"col-sm-9\">\r\n<div class=\"safe_bx_info\">\r\n<h6>Funziona in modalit\u00e0 remota<\/h6>\r\nPersona di destinazione non pu\u00f2 mai rendersi conto che qualcuno sta avendo un occhio segreto su di loro. Ora, nessuna necessit\u00e0 di sbirciare nei loro cellulari o chiedere loro qualsiasi cosa.\r\n\r\n<\/div>\r\n<\/div>\r\n<\/div>\r\n<\/div>\r\n<\/div>\r\n<\/section><section id=\"iphone_spy_bottom\">\r\n<div class=\"container\">\r\n<div class=\"row\">\r\n<div class=\"col-xl-12 col-xs-12 col-sm-12 col-md-12 text-xs-center\">\r\n<div class=\"strip_txt\">Ottieni Spymaster Pro iPhone a solo $ 9.99 al mese<\/div>\r\n<\/div>\r\n<div class=\"col-xl-12 col-xs-12 col-sm-12 col-md-12 strip_btn spy_btn feature_bottom text-xs-center\"><a class=\"blue_btn\" href=\"https:\/\/www.spymasterpro.com\/it\/sicuro-da-utilizzare\/\">Sicuro Da Utilizzare<\/a> <a class=\"white_btn demo_btn hidden-sm-down\" href=\"https:\/\/www.spymasterpro.com\/it\/acquista-ora\/\">Acquista Ora<\/a><\/div>\r\n<\/div>\r\n<\/div>","protected":false},"excerpt":{"rendered":"<p>Monitoraggio Multimediale SPYMASTER PRO PERMETTE AGLI UTENTI DI VISUALIZZARE TUTTI I FILE MULTIMEDIALI CHE SONO MEMORIZZATI NEL MONITORAGGIO DEL TELEFONO. Sfoglia tutte le immagini comprese quelle di download, clic della fotocamera, selfie, ecc. Che sono memorizzati nel monitoraggio del telefono. Accedi a queste foto direttamente dalla tua dashboard personalizzata. Acquista Ora OTTIENI LA STORIA MULTIMEDIALE &hellip; <a href=\"https:\/\/www.spymasterpro.com\/it\/monitoraggio-multimediale\/\" class=\"more-link\">Continue reading<span class=\"screen-reader-text\"> &#8220;Monitoraggio Multimediale&#8221;<\/span><\/a><\/p>\n","protected":false},"author":1,"featured_media":0,"parent":0,"menu_order":0,"comment_status":"closed","ping_status":"closed","template":"page-full.php","meta":{"_acf_changed":false,"footnotes":""},"class_list":["post-2218","page","type-page","status-publish","hentry"],"acf":[],"yoast_head":"<!-- This site is optimized with the Yoast SEO plugin v27.1.1 - https:\/\/yoast.com\/product\/yoast-seo-wordpress\/ -->\n<title>Tracciamento multimediale | Software spia di Monitoraggio Foto<\/title>\n<meta name=\"description\" content=\"Spymaster Pro offre funzionalit\u00e0 di monitoraggio multimediale. Puoi utilizzare questa app per il monitoraggio delle foto o per spiare i contenuti multimediali.\" \/>\n<meta name=\"robots\" content=\"index, follow, max-snippet:-1, max-image-preview:large, max-video-preview:-1\" \/>\n<link rel=\"canonical\" href=\"https:\/\/www.spymasterpro.com\/it\/monitoraggio-multimediale\/\" \/>\n<meta property=\"og:locale\" content=\"en_US\" \/>\n<meta property=\"og:type\" content=\"article\" \/>\n<meta property=\"og:title\" content=\"Tracciamento multimediale | Software spia di Monitoraggio Foto\" \/>\n<meta property=\"og:description\" content=\"Spymaster Pro offre funzionalit\u00e0 di monitoraggio multimediale. Puoi utilizzare questa app per il monitoraggio delle foto o per spiare i contenuti multimediali.\" \/>\n<meta property=\"og:url\" content=\"https:\/\/www.spymasterpro.com\/it\/monitoraggio-multimediale\/\" \/>\n<meta property=\"og:site_name\" content=\"SpymasterPro\" \/>\n<meta property=\"article:modified_time\" content=\"2020-01-08T08:26:50+00:00\" \/>\n<meta property=\"og:image\" content=\"https:\/\/www.spymasterpro.com\/it\/wp-content\/uploads\/2019\/07\/Monitoraggio-Multimediale.png\" \/>\n<meta name=\"twitter:card\" content=\"summary_large_image\" \/>\n<meta name=\"twitter:label1\" content=\"Est. reading time\" \/>\n\t<meta name=\"twitter:data1\" content=\"2 minutes\" \/>\n<script type=\"application\/ld+json\" class=\"yoast-schema-graph\">{\"@context\":\"https:\/\/schema.org\",\"@graph\":[{\"@type\":\"WebPage\",\"@id\":\"https:\/\/www.spymasterpro.com\/it\/monitoraggio-multimediale\/\",\"url\":\"https:\/\/www.spymasterpro.com\/it\/monitoraggio-multimediale\/\",\"name\":\"Tracciamento multimediale | Software spia di Monitoraggio Foto\",\"isPartOf\":{\"@id\":\"https:\/\/www.spymasterpro.com\/it\/#website\"},\"primaryImageOfPage\":{\"@id\":\"https:\/\/www.spymasterpro.com\/it\/monitoraggio-multimediale\/#primaryimage\"},\"image\":{\"@id\":\"https:\/\/www.spymasterpro.com\/it\/monitoraggio-multimediale\/#primaryimage\"},\"thumbnailUrl\":\"https:\/\/www.spymasterpro.com\/it\/wp-content\/uploads\/2019\/07\/Monitoraggio-Multimediale.png\",\"datePublished\":\"2019-07-23T06:49:34+00:00\",\"dateModified\":\"2020-01-08T08:26:50+00:00\",\"description\":\"Spymaster Pro offre funzionalit\u00e0 di monitoraggio multimediale. Puoi utilizzare questa app per il monitoraggio delle foto o per spiare i contenuti multimediali.\",\"breadcrumb\":{\"@id\":\"https:\/\/www.spymasterpro.com\/it\/monitoraggio-multimediale\/#breadcrumb\"},\"inLanguage\":\"en-US\",\"potentialAction\":[{\"@type\":\"ReadAction\",\"target\":[\"https:\/\/www.spymasterpro.com\/it\/monitoraggio-multimediale\/\"]}]},{\"@type\":\"ImageObject\",\"inLanguage\":\"en-US\",\"@id\":\"https:\/\/www.spymasterpro.com\/it\/monitoraggio-multimediale\/#primaryimage\",\"url\":\"https:\/\/www.spymasterpro.com\/it\/wp-content\/uploads\/2019\/07\/Monitoraggio-Multimediale.png\",\"contentUrl\":\"https:\/\/www.spymasterpro.com\/it\/wp-content\/uploads\/2019\/07\/Monitoraggio-Multimediale.png\",\"width\":195,\"height\":429},{\"@type\":\"BreadcrumbList\",\"@id\":\"https:\/\/www.spymasterpro.com\/it\/monitoraggio-multimediale\/#breadcrumb\",\"itemListElement\":[{\"@type\":\"ListItem\",\"position\":1,\"name\":\"Home\",\"item\":\"https:\/\/www.spymasterpro.com\/it\/\"},{\"@type\":\"ListItem\",\"position\":2,\"name\":\"Monitoraggio Multimediale\"}]},{\"@type\":\"WebSite\",\"@id\":\"https:\/\/www.spymasterpro.com\/it\/#website\",\"url\":\"https:\/\/www.spymasterpro.com\/it\/\",\"name\":\"SpymasterPro\",\"description\":\"\",\"potentialAction\":[{\"@type\":\"SearchAction\",\"target\":{\"@type\":\"EntryPoint\",\"urlTemplate\":\"https:\/\/www.spymasterpro.com\/it\/?s={search_term_string}\"},\"query-input\":{\"@type\":\"PropertyValueSpecification\",\"valueRequired\":true,\"valueName\":\"search_term_string\"}}],\"inLanguage\":\"en-US\"}]}<\/script>\n<!-- \/ Yoast SEO plugin. -->","yoast_head_json":{"title":"Tracciamento multimediale | Software spia di Monitoraggio Foto","description":"Spymaster Pro offre funzionalit\u00e0 di monitoraggio multimediale. Puoi utilizzare questa app per il monitoraggio delle foto o per spiare i contenuti multimediali.","robots":{"index":"index","follow":"follow","max-snippet":"max-snippet:-1","max-image-preview":"max-image-preview:large","max-video-preview":"max-video-preview:-1"},"canonical":"https:\/\/www.spymasterpro.com\/it\/monitoraggio-multimediale\/","og_locale":"en_US","og_type":"article","og_title":"Tracciamento multimediale | Software spia di Monitoraggio Foto","og_description":"Spymaster Pro offre funzionalit\u00e0 di monitoraggio multimediale. Puoi utilizzare questa app per il monitoraggio delle foto o per spiare i contenuti multimediali.","og_url":"https:\/\/www.spymasterpro.com\/it\/monitoraggio-multimediale\/","og_site_name":"SpymasterPro","article_modified_time":"2020-01-08T08:26:50+00:00","og_image":[{"url":"https:\/\/www.spymasterpro.com\/it\/wp-content\/uploads\/2019\/07\/Monitoraggio-Multimediale.png","type":"","width":"","height":""}],"twitter_card":"summary_large_image","twitter_misc":{"Est. reading time":"2 minutes"},"schema":{"@context":"https:\/\/schema.org","@graph":[{"@type":"WebPage","@id":"https:\/\/www.spymasterpro.com\/it\/monitoraggio-multimediale\/","url":"https:\/\/www.spymasterpro.com\/it\/monitoraggio-multimediale\/","name":"Tracciamento multimediale | Software spia di Monitoraggio Foto","isPartOf":{"@id":"https:\/\/www.spymasterpro.com\/it\/#website"},"primaryImageOfPage":{"@id":"https:\/\/www.spymasterpro.com\/it\/monitoraggio-multimediale\/#primaryimage"},"image":{"@id":"https:\/\/www.spymasterpro.com\/it\/monitoraggio-multimediale\/#primaryimage"},"thumbnailUrl":"https:\/\/www.spymasterpro.com\/it\/wp-content\/uploads\/2019\/07\/Monitoraggio-Multimediale.png","datePublished":"2019-07-23T06:49:34+00:00","dateModified":"2020-01-08T08:26:50+00:00","description":"Spymaster Pro offre funzionalit\u00e0 di monitoraggio multimediale. Puoi utilizzare questa app per il monitoraggio delle foto o per spiare i contenuti multimediali.","breadcrumb":{"@id":"https:\/\/www.spymasterpro.com\/it\/monitoraggio-multimediale\/#breadcrumb"},"inLanguage":"en-US","potentialAction":[{"@type":"ReadAction","target":["https:\/\/www.spymasterpro.com\/it\/monitoraggio-multimediale\/"]}]},{"@type":"ImageObject","inLanguage":"en-US","@id":"https:\/\/www.spymasterpro.com\/it\/monitoraggio-multimediale\/#primaryimage","url":"https:\/\/www.spymasterpro.com\/it\/wp-content\/uploads\/2019\/07\/Monitoraggio-Multimediale.png","contentUrl":"https:\/\/www.spymasterpro.com\/it\/wp-content\/uploads\/2019\/07\/Monitoraggio-Multimediale.png","width":195,"height":429},{"@type":"BreadcrumbList","@id":"https:\/\/www.spymasterpro.com\/it\/monitoraggio-multimediale\/#breadcrumb","itemListElement":[{"@type":"ListItem","position":1,"name":"Home","item":"https:\/\/www.spymasterpro.com\/it\/"},{"@type":"ListItem","position":2,"name":"Monitoraggio Multimediale"}]},{"@type":"WebSite","@id":"https:\/\/www.spymasterpro.com\/it\/#website","url":"https:\/\/www.spymasterpro.com\/it\/","name":"SpymasterPro","description":"","potentialAction":[{"@type":"SearchAction","target":{"@type":"EntryPoint","urlTemplate":"https:\/\/www.spymasterpro.com\/it\/?s={search_term_string}"},"query-input":{"@type":"PropertyValueSpecification","valueRequired":true,"valueName":"search_term_string"}}],"inLanguage":"en-US"}]}},"_links":{"self":[{"href":"https:\/\/www.spymasterpro.com\/it\/wp-json\/wp\/v2\/pages\/2218","targetHints":{"allow":["GET"]}}],"collection":[{"href":"https:\/\/www.spymasterpro.com\/it\/wp-json\/wp\/v2\/pages"}],"about":[{"href":"https:\/\/www.spymasterpro.com\/it\/wp-json\/wp\/v2\/types\/page"}],"author":[{"embeddable":true,"href":"https:\/\/www.spymasterpro.com\/it\/wp-json\/wp\/v2\/users\/1"}],"replies":[{"embeddable":true,"href":"https:\/\/www.spymasterpro.com\/it\/wp-json\/wp\/v2\/comments?post=2218"}],"version-history":[{"count":0,"href":"https:\/\/www.spymasterpro.com\/it\/wp-json\/wp\/v2\/pages\/2218\/revisions"}],"wp:attachment":[{"href":"https:\/\/www.spymasterpro.com\/it\/wp-json\/wp\/v2\/media?parent=2218"}],"curies":[{"name":"wp","href":"https:\/\/api.w.org\/{rel}","templated":true}]}}