{"id":20,"date":"2014-09-29T10:55:47","date_gmt":"2014-09-29T10:55:47","guid":{"rendered":"https:\/\/www.spymasterpro.com\/it\/?page_id=20"},"modified":"2025-03-02T00:23:58","modified_gmt":"2025-03-01T18:53:58","slug":"whatsapp-spiare","status":"publish","type":"page","link":"https:\/\/www.spymasterpro.com\/it\/whatsapp-spiare\/","title":{"rendered":"WhatsApp Spiare"},"content":{"rendered":"<section id=\"whatsapp_spy_banner\">\r\n\t<div class=\"container\">\r\n\t\t<div class=\"row\">\r\n\t\t\t<div class=\"col-xl-9 col-lg-9 col-md-9 col-sm-12 iphone_right_point\">\r\n\t\t\t\t<h1><img loading=\"lazy\" decoding=\"async\" class=\"alignnone\" title=\"WhatsApp Spiare\" src=\"..\/wp-content\/uploads\/2017\/02\/whatsapp_icon.png\" alt=\"WhatsApp Spiare\" width=\"47\" height=\"48\" \/> MONITORAGGIO DI WHATSAPP<\/h1>\r\n\t\t\t\t<h6>Utilizzare Whatsapp rilevamento caratteristica di spymasterpro per leggere tutte le chat segretamente.<\/h6>\r\n\t\t\t\t<ul>\r\n\t\t\t\t\t<li>Mostra dei registri delle chiamate, posizione, Whatsapp e molti altri.<\/li>\r\n\t\t\t\t\t<li>Compatible with Android Phone and iPhone.<\/li>\r\n\t\t\t\t\t<li>Compatibile con il telefono Android e iPhone.<\/li>\r\n\t\t\t\t\t<li>24\/7 supporto multi-lingua.<\/li>\r\n\t\t\t\t\t<li>100% sicuro e di successo.<\/li>\r\n\t\t\t\t<\/ul>\r\n\t\t\t\t<div class=\"slider_btn\"><a class=\"blue_btn\" href=\"https:\/\/www.spymasterpro.com\/it\/funzioni\/\">caratteristiche<\/a> <a class=\"blue_btn demo_btn\" href=\"https:\/\/www.spymasterpro.com\/demo\/\"><i class=\"fa fa-play\"><\/i> Demo<\/a><\/div>\r\n\t\t\t<\/div>\r\n\t\t\t<div class=\"col-xl-3 col-lg-3 col-md-3 hidden-sm-down iphone_left_img no_padding\"><img loading=\"lazy\" decoding=\"async\" class=\"alignnone\" title=\"MONITORAGGIO DI WHATSAPP\" src=\"..\/wp-content\/uploads\/2017\/02\/phone_banner.png\" alt=\"MONITORAGGIO DI WHATSAPP\" width=\"387\" height=\"442\" \/><\/div>\r\n\t\t<\/div>\r\n\t<\/div>\r\n<\/section>\r\n<section id=\"whatsapp_middel\">\r\n\t<div class=\"container\">\r\n\t\t<div class=\"row\">\r\n\t\t\t\t<div class=\"col-lg-3 col-md-3 col-sm-12 col-xs-12 text-xs-center about_img2\"><img loading=\"lazy\" decoding=\"async\" class=\"alignnone\" title=\"Monitoraggio Whatsapp per iPhone\" src=\"https:\/\/www.spymasterpro.com\/wp-content\/uploads\/2017\/02\/mobile_img.png\" alt=\"Monitoraggio Whatsapp per iPhone\" width=\"326\" height=\"515\" \/><\/div>\r\n\t\t\t\t<div class=\"col-lg-9 col-md-9 col-sm-12 col-xs-12 inner_txt\">\r\n\t\t\t\t\t<h2>Monitoraggio Whatsapp per iPhone<\/h2>\r\n\t\t\t\t\tPer monitorare le chat Whatsapp di un telefono iPhone, basta seguire pochi semplici passi:\r\n\t\t\t\t\t<ul>\r\n\t\t\t\t\t\t<li>Acquista il software e i dettagli di accesso ti verranno inviati tramite email<\/li>\r\n\t\t\t\t\t\t<li>Ottieni le credenziali iCloud dell\u2019iPhone da tenere sotto controllo<\/li>\r\n\t\t\t\t\t\t<li>Accedi al tuo account Spymaster Pro da qualunque luogo utilizzando i dettagli che ti sono stati inviati e aggiungendo le credenziali quando richiesto<\/li>\r\n\t\t\t\t\t\t<li>Inizia cos\u00ec a tracciare in modo remoto i messaggi WhatsApp della persona che vuoi monitorare<\/li>\r\n\t\t\t\t\t<\/ul>\r\n\t\t\t\t\t<strong>Nota: non \u00e8 necessario installare il software sull\u2019iPhone<\/strong>\r\n\t\t\t\t\t<h4><strong>Ora acquista Spymaster Pro iPhone con uno sconto del 50% a soli $ 7.05\/<\/strong> <strong>mese<\/strong><\/h4>\r\n\t\t\t\t\t<div class=\"whatsapp_btns text-xs-center\"><a class=\"blue_btn\" href=\"https:\/\/www.spymasterpro.com\/it\/iphone-spia\/\">Iphone Spia<\/a> <a class=\"blue_btn\" href=\"https:\/\/www.spymasterpro.com\/it\/acquista-ora\/\"> Acquista adesso <\/a><\/div>\r\n\t\t\t\t<\/div>\r\n\t\t<\/div>\r\n\t<\/div>\r\n<\/section>\r\n<section id=\"whatsapp_middel\">\r\n\t<div class=\"container\">\r\n\t\t<div class=\"row\">\t\t\t\t\r\n\t\t\t<div class=\"col-lg-9 col-md-9 col-sm-12 col-xs-12 inner_txt\">\r\n\t\t\t\t<h2>Monitoraggio Whatsapp per Android<\/h2>\r\n\t\t\t\tPer tracciare i messaggi WhatsApp di un telefono Android basta seguire i seguenti passi:\r\n\t\t\t\t<ul>\r\n\t\t\t\t\t<li>Acquista il software e i dettagli di accesso ti verranno inviati tramite email<\/li>\r\n\t\t\t\t\t<li><strong>Installa il software sul cellulare Android<\/strong> da tenere sotto controllo utilizzando il link fornito all\u2019interno dell\u2019e-mail<\/li>\r\n\t\t\t\t\t<li>Accedi al tuo account da qualsiasi dispositivo<\/li>\r\n\t\t\t\t\t<li>inizia a leggere i messaggi WhatsApp del telefono Android tenuto sotto controllo<\/li>\r\n\t\t\t\t<\/ul>\r\n\t\t\t\t<h4><strong>Ora acquista Spymaster Pro Android Di base con uno sconto del 50% a soli $ 4.4\/ mese<\/strong><\/h4>\r\n\t\t\t\t<div class=\"whatsapp_btns text-xs-center\"><a class=\"blue_btn\" href=\"https:\/\/www.spymasterpro.com\/it\/android-spia\/\">Android Spia<\/a> <a class=\"blue_btn\" href=\"https:\/\/www.spymasterpro.com\/it\/acquista-ora\/\">Acquista adesso<\/a><\/div>\r\n\t\t\t<\/div>\r\n\t\t\t<div class=\"col-lg-3 col-md-3 col-sm-3 col-xs-3 about_img2\"><img loading=\"lazy\" decoding=\"async\" class=\"alignnone\" title=\"Android Spia Acquista adesso\" src=\"..\/wp-content\/uploads\/2017\/02\/mobile_img2.png\" alt=\"Android Spia Acquista adesso\" width=\"185\" height=\"371\" \/><\/div>\r\n\t\t<\/div>\r\n\t<\/div>\r\n<\/section>\r\n<div class=\"container\">\r\n\t<div class=\"row inner_txt\">\r\n\t\t<div class=\"col-md-12 showmlcontent\">\r\n\t\t\t<h3>Ora puoi monitorare facilmente chi usa WhatsApp con l\u2019app spymaster pro<\/h3>\r\n\t\t\t<p>Con il progredire della tecnologia, le persone devono essere consapevoli dei fattori essenziali per ridurre i pericoli. Con l&#8217;invenzione di internet, dei social media e cos\u00ec via, ci sono pi\u00f9 modi che mai per gli estranei di approfittare di persone innocenti. Ecco perch\u00e9 \u00e8 necessario avere un <strong>software spia Whatsapp<\/strong> per tenere i tuoi cari al sicuro da tutto questo. Un&#8217;applicazione o un software di localizzazione di WhatsApp ti permette di monitorare, seguire e spiare le attivit\u00e0 di WhatsApp.<\/p>\r\n\t\t\t<div id=\"intro\" class=\"collapse\"> \r\n\t\t\t\t<h3>Cosa rende necessaria un&#8217;app di monitoraggio WhatsApp?<\/h3>\r\n\t\t\t\t<p>Ci sono numerosi motivi per cui potresti aver bisogno di un&#8217;app di localizzazione WhatsApp. I genitori possono controllare i propri figli e assicurarsi che non siano disturbati o che non stiano chattando con estranei. Le aziende possono utilizzare questa app WhatsApp per monitorare la produttivit\u00e0 dei dipendenti e assicurarsi che i segreti e i dati essenziali dell&#8217;azienda non vengano resi pubblici.<\/p>\r\n\t\t\t\t<h3>Quali sono le caratteristiche di un software spia Whatsapp?<\/h3>\r\n\t\t\t\t<ol>\r\n\t\t\t\t\t<li><strong>Monitoraggio delle chiamate<\/strong>: Puoi monitorare le chiamate delle persone utilizzando <strong>la funzione di registratore di chiamate spia di WhatsApp<\/strong> di questa applicazione.<\/li>\r\n\t\t\t\t\t<li><strong>Osserva le attivit\u00e0 degli altri<\/strong>: Il <strong>software di monitoraggio di Whatsapp<\/strong> ti permette di osservare cosa fanno le altre persone al telefono, di cosa si discute e in quale momento specifico.<\/li>\r\n\t\t\t\t\t<li><strong>Compatibilit\u00e0:<\/strong> Queste app di monitoraggio sono generalmente compatibili con tutti i dispositivi e non \u00e8 necessario effettuare il root o il jailbreak del telefono; puoi utilizzare <strong>l&#8217;app di spionaggio di WhatsApp per iOS<\/strong>, Android e persino su un tablet.<\/li>\r\n\t\t\t\t\t<li><strong>Spiare le chat di WhatsApp:<\/strong> Queste app ti permettono anche di <strong>controllare i messaggi di WhatsApp<\/strong>, visualizzando tutti i messaggi inviati e ricevuti con i relativi orari.<\/li>\r\n\t\t\t\t<\/ol>\r\n\t\t\t\tInfine, puoi prendere provvedimenti adeguati se vedi qualcosa che ti insospettisce durante la visualizzazione delle chat.\r\n\t\t\t\t<h3>Vantaggi dell&#8217;applicazione spymaster pro<\/h3>\r\n\t\t\t\tL&#8217;utilizzo dell&#8217;applicazione spymaster pro presenta numerosi vantaggi, che ti elenchiamo di seguito:\r\n\t\t\t\t<ol>\r\n\t\t\t\t\t<li><strong>Ricevi avvisi in tempo reale<\/strong>: Con questa applicazione di monitoraggio, riceverai avvisi ogni volta che viene effettuata una chat o una chiamata WhatsApp, consentendoti di intervenire immediatamente se necessario.<\/li>\r\n\t\t\t\t\t<li><strong>Visualizza i registri delle chiamate<\/strong>: Questa applicazione di tracciamento ti permette di visualizzare tutti i registri delle chiamate WhatsApp, consentendoti di vedere chi ha effettuato la chiamata, quando \u00e8 stata effettuata e quanto \u00e8 durata la conversazione.<\/li>\r\n\t\t\t\t\t<li><strong> Semplice da usare<\/strong>: Queste app di monitoraggio sono in genere semplici da configurare e da usare, quindi potrai iniziare a monitorare le attivit\u00e0 di WhatsApp in pochissimo tempo.<\/li>\r\n\t\t\t\t\t<li><strong>Informazioni sulla posizione:<\/strong> Con il tracciamento GPS e il Geo-Fencing \u00e8 possibile conoscere informazioni dettagliate sulla posizione.<\/li>\r\n\t\t\t\t<\/ol>\r\n\t\t\t\t<h3>Alcune cose da cercare nelle app di monitoraggio<\/h3>\r\n\t\t\t\tQualunque sia il motivo, ci sono alcune caratteristiche da ricercare in un&#8217;app tracker per WhatsApp prima di sceglierne una.\r\n\t\t\t\t<ul>\r\n\t\t\t\t\t<li>Innanzitutto, l&#8217;app deve essere semplice da usare. Non deve richiedere che tu sia un genio della tecnologia per funzionare.<\/li>\r\n\t\t\t\t\t<li>In secondo luogo, l&#8217;applicazione deve essere nascosta alla persona che viene rintracciata. L&#8217;altra persona non deve sapere che la stai spiando. In terzo luogo, l&#8217;applicazione deve monitorare tutte le attivit\u00e0 di WhatsApp, come chiamate, messaggi e persino foto e video inviati e ricevuti.<\/li>\r\n\t\t\t\t<\/ul>\r\n\t\t\t\t<h3>L&#8217;applicazione Spymaster pro include tutti gli aspetti essenziali che sono molto importanti nelle applicazioni tracker<\/h3>\r\n\t\t\t\t<p>D\u00ec no al cyberbullismo e proteggi i dispositivi dei tuoi figli da contenuti dannosi. Sbarazzati dei truffatori e tieni sempre sotto controllo le attivit\u00e0 online di tuo figlio. <a href=\"https:\/\/www.spymasterpro.com\/it\/\">Spymaster pro<\/a> \u00e8 la risposta a tutte le tue esigenze di tracciamento, acquistala oggi stesso.<\/p>\r\n\t\t\t<\/div>\r\n\t\t\t<button id=\"showbtn\" class=\"btnS blue_btn\" data-toggle=\"collapse\" data-target=\"#intro\">Mostra di pi\u00f9<\/button>\r\n\t\t<\/div>\r\n\t<\/div>\r\n<\/div>","protected":false},"excerpt":{"rendered":"<p>MONITORAGGIO DI WHATSAPP Utilizzare Whatsapp rilevamento caratteristica di spymasterpro per leggere tutte le chat segretamente. Mostra dei registri delle chiamate, posizione, Whatsapp e molti altri. Compatible with Android Phone and iPhone. Compatibile con il telefono Android e iPhone. 24\/7 supporto multi-lingua. 100% sicuro e di successo. caratteristiche Demo Monitoraggio Whatsapp per iPhone Per monitorare le &hellip; <a href=\"https:\/\/www.spymasterpro.com\/it\/whatsapp-spiare\/\" class=\"more-link\">Continue reading<span class=\"screen-reader-text\"> &#8220;WhatsApp Spiare&#8221;<\/span><\/a><\/p>\n","protected":false},"author":1,"featured_media":0,"parent":0,"menu_order":0,"comment_status":"open","ping_status":"open","template":"page-full.php","meta":{"_acf_changed":false,"footnotes":""},"class_list":["post-20","page","type-page","status-publish","hentry"],"acf":[],"yoast_head":"<!-- This site is optimized with the Yoast SEO plugin v27.1.1 - https:\/\/yoast.com\/product\/yoast-seo-wordpress\/ -->\n<title>Tracciare Whatsapp e il Software per Monitoraggio<\/title>\n<meta name=\"description\" content=\"Spymaster Pro \u00e8 un software adatto per il monitoraggio di Whatsapp, per Android e iPhone. Ti aiuta a spiare attivit\u00e0, immagini e file video di Whatsapp.\" \/>\n<meta name=\"robots\" content=\"index, follow, max-snippet:-1, max-image-preview:large, max-video-preview:-1\" \/>\n<link rel=\"canonical\" href=\"https:\/\/www.spymasterpro.com\/it\/whatsapp-spiare\/\" \/>\n<meta property=\"og:locale\" content=\"en_US\" \/>\n<meta property=\"og:type\" content=\"article\" \/>\n<meta property=\"og:title\" content=\"Tracciare Whatsapp e il Software per Monitoraggio\" \/>\n<meta property=\"og:description\" content=\"Spymaster Pro \u00e8 un software adatto per il monitoraggio di Whatsapp, per Android e iPhone. Ti aiuta a spiare attivit\u00e0, immagini e file video di Whatsapp.\" \/>\n<meta property=\"og:url\" content=\"https:\/\/www.spymasterpro.com\/it\/whatsapp-spiare\/\" \/>\n<meta property=\"og:site_name\" content=\"SpymasterPro\" \/>\n<meta property=\"article:modified_time\" content=\"2025-03-01T18:53:58+00:00\" \/>\n<meta property=\"og:image\" content=\"https:\/\/www.spymasterpro.com\/wp-content\/uploads\/2017\/02\/mobile_img.png\" \/>\n<meta name=\"twitter:card\" content=\"summary_large_image\" \/>\n<meta name=\"twitter:label1\" content=\"Est. reading time\" \/>\n\t<meta name=\"twitter:data1\" content=\"5 minutes\" \/>\n<script type=\"application\/ld+json\" class=\"yoast-schema-graph\">{\"@context\":\"https:\/\/schema.org\",\"@graph\":[{\"@type\":\"WebPage\",\"@id\":\"https:\/\/www.spymasterpro.com\/it\/whatsapp-spiare\/\",\"url\":\"https:\/\/www.spymasterpro.com\/it\/whatsapp-spiare\/\",\"name\":\"Tracciare Whatsapp e il Software per Monitoraggio\",\"isPartOf\":{\"@id\":\"https:\/\/www.spymasterpro.com\/it\/#website\"},\"primaryImageOfPage\":{\"@id\":\"https:\/\/www.spymasterpro.com\/it\/whatsapp-spiare\/#primaryimage\"},\"image\":{\"@id\":\"https:\/\/www.spymasterpro.com\/it\/whatsapp-spiare\/#primaryimage\"},\"thumbnailUrl\":\"https:\/\/www.spymasterpro.com\/wp-content\/uploads\/2017\/02\/mobile_img.png\",\"datePublished\":\"2014-09-29T10:55:47+00:00\",\"dateModified\":\"2025-03-01T18:53:58+00:00\",\"description\":\"Spymaster Pro \u00e8 un software adatto per il monitoraggio di Whatsapp, per Android e iPhone. Ti aiuta a spiare attivit\u00e0, immagini e file video di Whatsapp.\",\"breadcrumb\":{\"@id\":\"https:\/\/www.spymasterpro.com\/it\/whatsapp-spiare\/#breadcrumb\"},\"inLanguage\":\"en-US\",\"potentialAction\":[{\"@type\":\"ReadAction\",\"target\":[\"https:\/\/www.spymasterpro.com\/it\/whatsapp-spiare\/\"]}]},{\"@type\":\"ImageObject\",\"inLanguage\":\"en-US\",\"@id\":\"https:\/\/www.spymasterpro.com\/it\/whatsapp-spiare\/#primaryimage\",\"url\":\"https:\/\/www.spymasterpro.com\/wp-content\/uploads\/2017\/02\/mobile_img.png\",\"contentUrl\":\"https:\/\/www.spymasterpro.com\/wp-content\/uploads\/2017\/02\/mobile_img.png\"},{\"@type\":\"BreadcrumbList\",\"@id\":\"https:\/\/www.spymasterpro.com\/it\/whatsapp-spiare\/#breadcrumb\",\"itemListElement\":[{\"@type\":\"ListItem\",\"position\":1,\"name\":\"Home\",\"item\":\"https:\/\/www.spymasterpro.com\/it\/\"},{\"@type\":\"ListItem\",\"position\":2,\"name\":\"WhatsApp Spiare\"}]},{\"@type\":\"WebSite\",\"@id\":\"https:\/\/www.spymasterpro.com\/it\/#website\",\"url\":\"https:\/\/www.spymasterpro.com\/it\/\",\"name\":\"SpymasterPro\",\"description\":\"\",\"potentialAction\":[{\"@type\":\"SearchAction\",\"target\":{\"@type\":\"EntryPoint\",\"urlTemplate\":\"https:\/\/www.spymasterpro.com\/it\/?s={search_term_string}\"},\"query-input\":{\"@type\":\"PropertyValueSpecification\",\"valueRequired\":true,\"valueName\":\"search_term_string\"}}],\"inLanguage\":\"en-US\"}]}<\/script>\n<!-- \/ Yoast SEO plugin. -->","yoast_head_json":{"title":"Tracciare Whatsapp e il Software per Monitoraggio","description":"Spymaster Pro \u00e8 un software adatto per il monitoraggio di Whatsapp, per Android e iPhone. Ti aiuta a spiare attivit\u00e0, immagini e file video di Whatsapp.","robots":{"index":"index","follow":"follow","max-snippet":"max-snippet:-1","max-image-preview":"max-image-preview:large","max-video-preview":"max-video-preview:-1"},"canonical":"https:\/\/www.spymasterpro.com\/it\/whatsapp-spiare\/","og_locale":"en_US","og_type":"article","og_title":"Tracciare Whatsapp e il Software per Monitoraggio","og_description":"Spymaster Pro \u00e8 un software adatto per il monitoraggio di Whatsapp, per Android e iPhone. Ti aiuta a spiare attivit\u00e0, immagini e file video di Whatsapp.","og_url":"https:\/\/www.spymasterpro.com\/it\/whatsapp-spiare\/","og_site_name":"SpymasterPro","article_modified_time":"2025-03-01T18:53:58+00:00","og_image":[{"url":"https:\/\/www.spymasterpro.com\/wp-content\/uploads\/2017\/02\/mobile_img.png","type":"","width":"","height":""}],"twitter_card":"summary_large_image","twitter_misc":{"Est. reading time":"5 minutes"},"schema":{"@context":"https:\/\/schema.org","@graph":[{"@type":"WebPage","@id":"https:\/\/www.spymasterpro.com\/it\/whatsapp-spiare\/","url":"https:\/\/www.spymasterpro.com\/it\/whatsapp-spiare\/","name":"Tracciare Whatsapp e il Software per Monitoraggio","isPartOf":{"@id":"https:\/\/www.spymasterpro.com\/it\/#website"},"primaryImageOfPage":{"@id":"https:\/\/www.spymasterpro.com\/it\/whatsapp-spiare\/#primaryimage"},"image":{"@id":"https:\/\/www.spymasterpro.com\/it\/whatsapp-spiare\/#primaryimage"},"thumbnailUrl":"https:\/\/www.spymasterpro.com\/wp-content\/uploads\/2017\/02\/mobile_img.png","datePublished":"2014-09-29T10:55:47+00:00","dateModified":"2025-03-01T18:53:58+00:00","description":"Spymaster Pro \u00e8 un software adatto per il monitoraggio di Whatsapp, per Android e iPhone. Ti aiuta a spiare attivit\u00e0, immagini e file video di Whatsapp.","breadcrumb":{"@id":"https:\/\/www.spymasterpro.com\/it\/whatsapp-spiare\/#breadcrumb"},"inLanguage":"en-US","potentialAction":[{"@type":"ReadAction","target":["https:\/\/www.spymasterpro.com\/it\/whatsapp-spiare\/"]}]},{"@type":"ImageObject","inLanguage":"en-US","@id":"https:\/\/www.spymasterpro.com\/it\/whatsapp-spiare\/#primaryimage","url":"https:\/\/www.spymasterpro.com\/wp-content\/uploads\/2017\/02\/mobile_img.png","contentUrl":"https:\/\/www.spymasterpro.com\/wp-content\/uploads\/2017\/02\/mobile_img.png"},{"@type":"BreadcrumbList","@id":"https:\/\/www.spymasterpro.com\/it\/whatsapp-spiare\/#breadcrumb","itemListElement":[{"@type":"ListItem","position":1,"name":"Home","item":"https:\/\/www.spymasterpro.com\/it\/"},{"@type":"ListItem","position":2,"name":"WhatsApp Spiare"}]},{"@type":"WebSite","@id":"https:\/\/www.spymasterpro.com\/it\/#website","url":"https:\/\/www.spymasterpro.com\/it\/","name":"SpymasterPro","description":"","potentialAction":[{"@type":"SearchAction","target":{"@type":"EntryPoint","urlTemplate":"https:\/\/www.spymasterpro.com\/it\/?s={search_term_string}"},"query-input":{"@type":"PropertyValueSpecification","valueRequired":true,"valueName":"search_term_string"}}],"inLanguage":"en-US"}]}},"_links":{"self":[{"href":"https:\/\/www.spymasterpro.com\/it\/wp-json\/wp\/v2\/pages\/20","targetHints":{"allow":["GET"]}}],"collection":[{"href":"https:\/\/www.spymasterpro.com\/it\/wp-json\/wp\/v2\/pages"}],"about":[{"href":"https:\/\/www.spymasterpro.com\/it\/wp-json\/wp\/v2\/types\/page"}],"author":[{"embeddable":true,"href":"https:\/\/www.spymasterpro.com\/it\/wp-json\/wp\/v2\/users\/1"}],"replies":[{"embeddable":true,"href":"https:\/\/www.spymasterpro.com\/it\/wp-json\/wp\/v2\/comments?post=20"}],"version-history":[{"count":0,"href":"https:\/\/www.spymasterpro.com\/it\/wp-json\/wp\/v2\/pages\/20\/revisions"}],"wp:attachment":[{"href":"https:\/\/www.spymasterpro.com\/it\/wp-json\/wp\/v2\/media?parent=20"}],"curies":[{"name":"wp","href":"https:\/\/api.w.org\/{rel}","templated":true}]}}