{"id":1855,"date":"2019-01-15T07:13:46","date_gmt":"2019-01-15T07:13:46","guid":{"rendered":"https:\/\/www.spymasterpro.com\/it\/?page_id=1855"},"modified":"2023-02-10T18:26:04","modified_gmt":"2023-02-10T12:56:04","slug":"kik-monitoraggio","status":"publish","type":"page","link":"https:\/\/www.spymasterpro.com\/it\/kik-monitoraggio\/","title":{"rendered":"Kik monitoraggio"},"content":{"rendered":"<section id=\"Kik_spy_banner\">\r\n\t<div class=\"container\">\r\n\t\t<div class=\"row\">\r\n\t\t\t<div class=\"col-xl-9 col-lg-9 col-md-9 col-sm-12 iphone_right_point\">\r\n\t\t\t\t<h4><img loading=\"lazy\" decoding=\"async\" class=\"alignnone\" title=\"Kik monitoraggio\" src=\"https:\/\/www.spymasterpro.com\/it\/wp-content\/uploads\/2019\/01\/spy-kik-phone_03.png\" alt=\"Kik monitoraggio\" width=\"102\" height=\"65\" \/> Kik monitoraggio<\/h4>\r\n\t\t\t\t<h6>LEGGI DALLA TUA ZONA COMODA I KIK MESSAGGI DEL CELLULARE CHE RAPPRESENTA IL TARGET<\/h6>\r\n\t\t\t\t<ul>\r\n\t\t\t\t\t<li>Leggi i messaggi inviati e quelli ricevuti dell\u2019utente target sul Kik<\/li>\r\n\t\t\t\t\t<li>100% sicuro e facile per l\u2019uso<\/li>\r\n\t\t\t\t\t<li>Compatibile sia con l\u2019iPhone che con l\u2019Android<\/li>\r\n\t\t\t\t\t<li>Accessibile da qualsiasi Browser Web<\/li>\r\n\t\t\t\t\t<li>24\/7 supporto multilingue<\/li>\r\n\t\t\t\t<\/ul>\r\n\t\t\t\t<div class=\"slider_btn\"><a class=\"blue_btn\" href=\"https:\/\/www.spymasterpro.com\/it\/funzioni\/\">caratteristiche<\/a> <a class=\"blue_btn demo_btn\" href=\"https:\/\/www.spymasterpro.com\/demo\/\"><i class=\"fa fa-play\"><\/i> Demo<\/a><\/div>\r\n\t\t\t<\/div>\r\n\t\t\t<div class=\"col-xl-3 col-lg-3 col-md-3 hidden-sm-down iphone_left_img no_padding\"><img loading=\"lazy\" decoding=\"async\" class=\"alignnone\" title=\"Kik monitoraggio\" src=\"https:\/\/www.spymasterpro.com\/it\/wp-content\/uploads\/2019\/01\/spy-kik-phoness_06.png\" alt=\"Kik monitoraggio\" width=\"249\" height=\"336\" \/><\/div>\r\n\t\t<\/div>\r\n\t<\/div>\r\n<\/section>\r\n<section id=\"whatsapp_middel\">\r\n\t<div class=\"container\">\r\n\t\t<div class=\"row\">\r\n\t\t\t\t<div class=\"col-lg-3 col-md-3 col-sm-12 col-xs-12 text-xs-center about_img2\"><img loading=\"lazy\" decoding=\"async\" class=\"alignnone\" title=\"KIK MONITORAGGIO PER L\u2019IPHONE\" src=\"https:\/\/www.spymasterpro.com\/it\/wp-content\/uploads\/2019\/01\/kik-iphone.png\" alt=\"KIK MONITORAGGIO PER L\u2019IPHONE\" width=\"326\" height=\"515\" \/><\/div>\r\n\t\t\t\t<div class=\"col-lg-9 col-md-9 col-sm-12 col-xs-12 inner_txt\">\r\n\t\t\t\t\t<h2>KIK MONITORAGGIO PER L\u2019IPHONE<\/h2>\r\n\t\t\t\t\t<h6>Per leggere i messaggi Kik dall\u2019iPhone, semplicemente segui i passi successivi:<\/h6>\r\n\t\t\t\t\t<ul>\r\n\t\t\t\t\t\t<li>Acquista l\u2019applicazione spia Kik<\/li>\r\n\t\t\t\t\t\t<li>Ottieni le credenziali iCloud del cellulare target<\/li>\r\n\t\t\t\t\t\t<li>Controlla la tua casella della mail e accedi al tuo profilo e<\/li>\r\n\t\t\t\t\t\t<li>Guarda ogni singolo dettaglio dell\u2019iPhone target dalla tua zona comoda<\/li>\r\n\t\t\t\t\t<\/ul>\r\n\t\t\t\t\t<strong>Nota: Nessun\u2019installazione del software richiesta per l\u2019iPhone<\/strong>\r\n\t\t\t\t\t<div class=\"whatsapp_btns text-xs-center\"><a class=\"blue_btn\" href=\"https:\/\/www.spymasterpro.com\/it\/iphone-spia\/\">Iphone Spia<\/a> <a class=\"blue_btn\" href=\"https:\/\/www.spymasterpro.com\/it\/acquista-ora\/\"> Acquista adesso <\/a><\/div>\r\n\t\t\t\t<\/div>\r\n\t\t<\/div>\r\n\t<\/div>\r\n<\/section>\r\n<section id=\"whatsapp_middel\">\r\n\t<div class=\"container\">\r\n\t\t<div class=\"row\">\t\t\t\t\r\n\t\t\t\t<div class=\"col-lg-9 col-md-9 col-sm-12 col-xs-12 inner_txt\">\r\n\t\t\t\t\t<h2>Kik MONITORAGGIO PER L\u2019ANDROID<\/h2>\r\n\t\t\t\t\t<h6>Per leggere i messaggi Kik della persona sospettosa, segui il processo semplice:<\/h6>\r\n\t\t\t\t\t<ul>\r\n\t\t\t\t\t\t<li>Ottieni l\u2019applicazione spia Kik e riceverai una mail che contiene il nome utente e la password per accedere al profilo<\/li>\r\n\t\t\t\t\t\t<li>Installa il software sul cellulare Android che rappresenta l\u2019obiettivo. Questo \u00e8 un processo molto facile che richieder\u00e0 non pi\u00f9 di circa 5 minuti.<\/li>\r\n\t\t\t\t\t\t<li>Usa le credenziali per effettuare il login e per accedere al cellulare target in qualsiasi momento dal qualsiasi posto.<\/li>\r\n\t\t\t\t\t\t<li>Comincia a guardare tutti i messaggi Telegram del cellulare Android che rappresenta l\u2019obiettivo.<\/li>\r\n\t\t\t\t\t<\/ul>\r\n\t\t\t\t\t<div class=\"whatsapp_btns text-xs-center\"><a class=\"blue_btn\" href=\"https:\/\/www.spymasterpro.com\/it\/android-spia\/\">Android Spia<\/a> <a class=\"blue_btn\" href=\"https:\/\/www.spymasterpro.com\/it\/acquista-ora\/\">Acquista adesso<\/a><\/div>\r\n\t\t\t\t<\/div>\r\n\t\t\t\t<div class=\"col-lg-3 col-md-3 col-sm-3 col-xs-3 about_img2\"><img loading=\"lazy\" decoding=\"async\" class=\"alignnone\" title=\"Android Spia Acquista adesso\" src=\"https:\/\/www.spymasterpro.com\/it\/wp-content\/uploads\/2019\/01\/kik-android.png\" alt=\"Android Spia Acquista adesso\" width=\"185\" height=\"371\" \/><\/div>\r\n\t\t\t\r\n\t\t<\/div>\r\n\t<\/div>\r\n<\/section>","protected":false},"excerpt":{"rendered":"<p>Kik monitoraggio LEGGI DALLA TUA ZONA COMODA I KIK MESSAGGI DEL CELLULARE CHE RAPPRESENTA IL TARGET Leggi i messaggi inviati e quelli ricevuti dell\u2019utente target sul Kik 100% sicuro e facile per l\u2019uso Compatibile sia con l\u2019iPhone che con l\u2019Android Accessibile da qualsiasi Browser Web 24\/7 supporto multilingue caratteristiche Demo KIK MONITORAGGIO PER L\u2019IPHONE Per &hellip; <a href=\"https:\/\/www.spymasterpro.com\/it\/kik-monitoraggio\/\" class=\"more-link\">Continue reading<span class=\"screen-reader-text\"> &#8220;Kik monitoraggio&#8221;<\/span><\/a><\/p>\n","protected":false},"author":1,"featured_media":0,"parent":0,"menu_order":0,"comment_status":"closed","ping_status":"closed","template":"page-full.php","meta":{"_acf_changed":false,"footnotes":""},"class_list":["post-1855","page","type-page","status-publish","hentry"],"acf":[],"yoast_head":"<!-- This site is optimized with the Yoast SEO plugin v27.1.1 - https:\/\/yoast.com\/product\/yoast-seo-wordpress\/ -->\n<title>La Migliore App Per Spiare La Chat Di Kik<\/title>\n<meta name=\"description\" content=\"Spymaster Pro \u2013 l&#039;App Spia per Kik pi\u00f9 votata che ti permette di spiare da remoto la chat di Kik. Leggi i messaggi Kik, i messaggi, le chat dei social e molto altro.\" \/>\n<meta name=\"robots\" content=\"index, follow, max-snippet:-1, max-image-preview:large, max-video-preview:-1\" \/>\n<link rel=\"canonical\" href=\"https:\/\/www.spymasterpro.com\/it\/kik-monitoraggio\/\" \/>\n<meta property=\"og:locale\" content=\"en_US\" \/>\n<meta property=\"og:type\" content=\"article\" \/>\n<meta property=\"og:title\" content=\"La Migliore App Per Spiare La Chat Di Kik\" \/>\n<meta property=\"og:description\" content=\"Spymaster Pro \u2013 l&#039;App Spia per Kik pi\u00f9 votata che ti permette di spiare da remoto la chat di Kik. Leggi i messaggi Kik, i messaggi, le chat dei social e molto altro.\" \/>\n<meta property=\"og:url\" content=\"https:\/\/www.spymasterpro.com\/it\/kik-monitoraggio\/\" \/>\n<meta property=\"og:site_name\" content=\"SpymasterPro\" \/>\n<meta property=\"article:modified_time\" content=\"2023-02-10T12:56:04+00:00\" \/>\n<meta property=\"og:image\" content=\"https:\/\/www.spymasterpro.com\/it\/wp-content\/uploads\/2019\/01\/spy-kik-phone_03.png\" \/>\n<meta name=\"twitter:card\" content=\"summary_large_image\" \/>\n<meta name=\"twitter:label1\" content=\"Est. reading time\" \/>\n\t<meta name=\"twitter:data1\" content=\"1 minute\" \/>\n<script type=\"application\/ld+json\" class=\"yoast-schema-graph\">{\"@context\":\"https:\/\/schema.org\",\"@graph\":[{\"@type\":\"WebPage\",\"@id\":\"https:\/\/www.spymasterpro.com\/it\/kik-monitoraggio\/\",\"url\":\"https:\/\/www.spymasterpro.com\/it\/kik-monitoraggio\/\",\"name\":\"La Migliore App Per Spiare La Chat Di Kik\",\"isPartOf\":{\"@id\":\"https:\/\/www.spymasterpro.com\/it\/#website\"},\"primaryImageOfPage\":{\"@id\":\"https:\/\/www.spymasterpro.com\/it\/kik-monitoraggio\/#primaryimage\"},\"image\":{\"@id\":\"https:\/\/www.spymasterpro.com\/it\/kik-monitoraggio\/#primaryimage\"},\"thumbnailUrl\":\"https:\/\/www.spymasterpro.com\/it\/wp-content\/uploads\/2019\/01\/spy-kik-phone_03.png\",\"datePublished\":\"2019-01-15T07:13:46+00:00\",\"dateModified\":\"2023-02-10T12:56:04+00:00\",\"description\":\"Spymaster Pro \u2013 l'App Spia per Kik pi\u00f9 votata che ti permette di spiare da remoto la chat di Kik. Leggi i messaggi Kik, i messaggi, le chat dei social e molto altro.\",\"breadcrumb\":{\"@id\":\"https:\/\/www.spymasterpro.com\/it\/kik-monitoraggio\/#breadcrumb\"},\"inLanguage\":\"en-US\",\"potentialAction\":[{\"@type\":\"ReadAction\",\"target\":[\"https:\/\/www.spymasterpro.com\/it\/kik-monitoraggio\/\"]}]},{\"@type\":\"ImageObject\",\"inLanguage\":\"en-US\",\"@id\":\"https:\/\/www.spymasterpro.com\/it\/kik-monitoraggio\/#primaryimage\",\"url\":\"https:\/\/www.spymasterpro.com\/it\/wp-content\/uploads\/2019\/01\/spy-kik-phone_03.png\",\"contentUrl\":\"https:\/\/www.spymasterpro.com\/it\/wp-content\/uploads\/2019\/01\/spy-kik-phone_03.png\",\"width\":102,\"height\":65},{\"@type\":\"BreadcrumbList\",\"@id\":\"https:\/\/www.spymasterpro.com\/it\/kik-monitoraggio\/#breadcrumb\",\"itemListElement\":[{\"@type\":\"ListItem\",\"position\":1,\"name\":\"Home\",\"item\":\"https:\/\/www.spymasterpro.com\/it\/\"},{\"@type\":\"ListItem\",\"position\":2,\"name\":\"Kik monitoraggio\"}]},{\"@type\":\"WebSite\",\"@id\":\"https:\/\/www.spymasterpro.com\/it\/#website\",\"url\":\"https:\/\/www.spymasterpro.com\/it\/\",\"name\":\"SpymasterPro\",\"description\":\"\",\"potentialAction\":[{\"@type\":\"SearchAction\",\"target\":{\"@type\":\"EntryPoint\",\"urlTemplate\":\"https:\/\/www.spymasterpro.com\/it\/?s={search_term_string}\"},\"query-input\":{\"@type\":\"PropertyValueSpecification\",\"valueRequired\":true,\"valueName\":\"search_term_string\"}}],\"inLanguage\":\"en-US\"}]}<\/script>\n<!-- \/ Yoast SEO plugin. -->","yoast_head_json":{"title":"La Migliore App Per Spiare La Chat Di Kik","description":"Spymaster Pro \u2013 l'App Spia per Kik pi\u00f9 votata che ti permette di spiare da remoto la chat di Kik. Leggi i messaggi Kik, i messaggi, le chat dei social e molto altro.","robots":{"index":"index","follow":"follow","max-snippet":"max-snippet:-1","max-image-preview":"max-image-preview:large","max-video-preview":"max-video-preview:-1"},"canonical":"https:\/\/www.spymasterpro.com\/it\/kik-monitoraggio\/","og_locale":"en_US","og_type":"article","og_title":"La Migliore App Per Spiare La Chat Di Kik","og_description":"Spymaster Pro \u2013 l'App Spia per Kik pi\u00f9 votata che ti permette di spiare da remoto la chat di Kik. Leggi i messaggi Kik, i messaggi, le chat dei social e molto altro.","og_url":"https:\/\/www.spymasterpro.com\/it\/kik-monitoraggio\/","og_site_name":"SpymasterPro","article_modified_time":"2023-02-10T12:56:04+00:00","og_image":[{"url":"https:\/\/www.spymasterpro.com\/it\/wp-content\/uploads\/2019\/01\/spy-kik-phone_03.png","type":"","width":"","height":""}],"twitter_card":"summary_large_image","twitter_misc":{"Est. reading time":"1 minute"},"schema":{"@context":"https:\/\/schema.org","@graph":[{"@type":"WebPage","@id":"https:\/\/www.spymasterpro.com\/it\/kik-monitoraggio\/","url":"https:\/\/www.spymasterpro.com\/it\/kik-monitoraggio\/","name":"La Migliore App Per Spiare La Chat Di Kik","isPartOf":{"@id":"https:\/\/www.spymasterpro.com\/it\/#website"},"primaryImageOfPage":{"@id":"https:\/\/www.spymasterpro.com\/it\/kik-monitoraggio\/#primaryimage"},"image":{"@id":"https:\/\/www.spymasterpro.com\/it\/kik-monitoraggio\/#primaryimage"},"thumbnailUrl":"https:\/\/www.spymasterpro.com\/it\/wp-content\/uploads\/2019\/01\/spy-kik-phone_03.png","datePublished":"2019-01-15T07:13:46+00:00","dateModified":"2023-02-10T12:56:04+00:00","description":"Spymaster Pro \u2013 l'App Spia per Kik pi\u00f9 votata che ti permette di spiare da remoto la chat di Kik. Leggi i messaggi Kik, i messaggi, le chat dei social e molto altro.","breadcrumb":{"@id":"https:\/\/www.spymasterpro.com\/it\/kik-monitoraggio\/#breadcrumb"},"inLanguage":"en-US","potentialAction":[{"@type":"ReadAction","target":["https:\/\/www.spymasterpro.com\/it\/kik-monitoraggio\/"]}]},{"@type":"ImageObject","inLanguage":"en-US","@id":"https:\/\/www.spymasterpro.com\/it\/kik-monitoraggio\/#primaryimage","url":"https:\/\/www.spymasterpro.com\/it\/wp-content\/uploads\/2019\/01\/spy-kik-phone_03.png","contentUrl":"https:\/\/www.spymasterpro.com\/it\/wp-content\/uploads\/2019\/01\/spy-kik-phone_03.png","width":102,"height":65},{"@type":"BreadcrumbList","@id":"https:\/\/www.spymasterpro.com\/it\/kik-monitoraggio\/#breadcrumb","itemListElement":[{"@type":"ListItem","position":1,"name":"Home","item":"https:\/\/www.spymasterpro.com\/it\/"},{"@type":"ListItem","position":2,"name":"Kik monitoraggio"}]},{"@type":"WebSite","@id":"https:\/\/www.spymasterpro.com\/it\/#website","url":"https:\/\/www.spymasterpro.com\/it\/","name":"SpymasterPro","description":"","potentialAction":[{"@type":"SearchAction","target":{"@type":"EntryPoint","urlTemplate":"https:\/\/www.spymasterpro.com\/it\/?s={search_term_string}"},"query-input":{"@type":"PropertyValueSpecification","valueRequired":true,"valueName":"search_term_string"}}],"inLanguage":"en-US"}]}},"_links":{"self":[{"href":"https:\/\/www.spymasterpro.com\/it\/wp-json\/wp\/v2\/pages\/1855","targetHints":{"allow":["GET"]}}],"collection":[{"href":"https:\/\/www.spymasterpro.com\/it\/wp-json\/wp\/v2\/pages"}],"about":[{"href":"https:\/\/www.spymasterpro.com\/it\/wp-json\/wp\/v2\/types\/page"}],"author":[{"embeddable":true,"href":"https:\/\/www.spymasterpro.com\/it\/wp-json\/wp\/v2\/users\/1"}],"replies":[{"embeddable":true,"href":"https:\/\/www.spymasterpro.com\/it\/wp-json\/wp\/v2\/comments?post=1855"}],"version-history":[{"count":0,"href":"https:\/\/www.spymasterpro.com\/it\/wp-json\/wp\/v2\/pages\/1855\/revisions"}],"wp:attachment":[{"href":"https:\/\/www.spymasterpro.com\/it\/wp-json\/wp\/v2\/media?parent=1855"}],"curies":[{"name":"wp","href":"https:\/\/api.w.org\/{rel}","templated":true}]}}