{"id":179,"date":"2015-03-04T09:41:19","date_gmt":"2015-03-04T09:41:19","guid":{"rendered":"https:\/\/www.spymasterpro.com\/it\/?page_id=179"},"modified":"2019-04-29T09:27:35","modified_gmt":"2019-04-29T09:27:35","slug":"affiliates","status":"publish","type":"page","link":"https:\/\/www.spymasterpro.com\/it\/affiliates\/","title":{"rendered":"Affiliates"},"content":{"rendered":"<div id=\"pl-179\" class=\"panel-layout\">\r\n<div id=\"pg-179-0\" class=\"panel-grid panel-no-style\">\r\n<div id=\"pgc-179-0-0\" class=\"panel-grid-cell\" data-weight=\"1\">\r\n<div id=\"panel-179-0-0-0\" class=\"so-panel widget_text panel-first-child\" data-index=\"0\" data-style=\"{&quot;background_display&quot;:&quot;tile&quot;}\">\r\n<div class=\"textwidget\"><section id=\"affilate_program_banner\">\r\n<div class=\"container\">\r\n<div class=\"row\">\r\n<div class=\"col-xl-9 col-lg-9 col-md-9 col-sm-12 iphone_right_point\">\r\n<h4>UNISCITI al programma di affiliazione SPYMASTERPRO<\/h4>\r\n<h6>Costruisci il tuo guadagno utilizzando prodotti Premium<\/h6>\r\n<ul>\r\n \t<li>Vendita media 95,5$<\/li>\r\n \t<li>120 giorni di vita dei cookie<\/li>\r\n \t<li>Tasso di rimborso medio 1,5%<\/li>\r\n<\/ul>\r\n<div class=\"slider_btn\"><a class=\"blue_btn\" href=\"..\/it\/affiliates-process\/\">Diventa un partner<\/a> <a class=\"blue_btn\" href=\"http:\/\/spymasterpro.offerit.com\/\">Entra<\/a><\/div>\r\n<\/div>\r\n<\/div>\r\n<\/div>\r\n<\/section><\/div>\r\n<\/div>\r\n<div id=\"panel-179-0-0-1\" class=\"so-panel widget_text\" data-index=\"1\" data-style=\"{&quot;background_display&quot;:&quot;tile&quot;}\">\r\n<div class=\"textwidget\"><section id=\"affilate_program\">\r\n<div class=\"container\">\r\n<div class=\"row\">\r\n<div class=\"col-xs-12 text-xs-center affilate_txt\">\r\n<h4>Cos&#8217;\u00e8 il programma di affiliazione SPYMASTERPRO?<\/h4>\r\nSpymaster Pro \u00e8 un <a href=\"https:\/\/www.spymasterpro.com\/it\/\" target=\"_blank\" rel=\"noopener noreferrer\">software di monitoraggio mobile<\/a> molto conosciuto sul mercato. Unisciti al nostro programma di affiliazione e comincia a guadagnare denaro. Ti offriamo un profitto minimo del 50% su ogni vendita che ci procaccerai. Maggiori vendite porteranno a un aumento della percentuale di profitto. Potrai ottenere fino al 70% dei dividendi di ogni prodotto Spymaster Pro venduto. Quindi, inizia a vendere i nostri prodotti e potrai diventare ricco rapidamente.\r\n\r\n<\/div>\r\n<div class=\"col-xs-12\">\r\n<div class=\"feature_heading text-xs-center\">\r\n<h3>Le tue vendite aumentano<\/h3>\r\n<\/div>\r\n<div class=\"row\">\r\n<div class=\"col-xl-3 col-lg-3 col-md-3 col-sm-6 text-xs-center\">\r\n<div class=\"commision_bx\">\r\n<h3>$2,000<\/h3>\r\nGuadagno mensile dei nostri affiliati\r\n\r\n<\/div>\r\n<\/div>\r\n<div class=\"col-xl-3 col-lg-3 col-md-3 col-sm-6 text-xs-center\">\r\n<div class=\"commision_bx\">\r\n<h3>30<\/h3>\r\nVendite giornaliere tracciate da noi\r\n\r\n<\/div>\r\n<\/div>\r\n<div class=\"col-xl-3 col-lg-3 col-md-3 col-sm-6 text-xs-center\">\r\n<div class=\"commision_bx\">\r\n<h3>$50<\/h3>\r\nCommissione media per vendita\r\n\r\n<\/div>\r\n<\/div>\r\n<div class=\"col-xl-3 col-lg-3 col-md-3 col-sm-6 text-xs-center\">\r\n<div class=\"commision_bx\">\r\n<h3>200<\/h3>\r\nAffiliati che si sono gi\u00e0 uniti\r\n\r\n<\/div>\r\n<\/div>\r\n<\/div>\r\n<\/div>\r\n<div class=\"col-xs-12 text-xs-center affilate_txt\">\r\n<h4>Non sarai mai solo; cammineremo al tuo fianco per tutto il percorso<\/h4>\r\nSpymaster Pro non ti abbandoner\u00e0 mai dopo essersi unito al nostro programma di affiliazione. Una volta che sarai registrato come affiliato a Spymaster Pro, ti verr\u00e0 assegnato un dovizioso esperto professionista. Lavorer\u00e0 al tuo fianco durante tutto il processo, in modo da aiutarti a ottenere sempre pi\u00f9 vendite.\r\n\r\n<a class=\"blue_btn\" href=\"..\/affiliates-process\/\">Unisciti ora<\/a>\r\n\r\n<\/div>\r\n<div class=\"col-xs-12\">\r\n<div class=\"feature_heading text-xs-center\">\r\n<h3>Lavoriamo a stretto contatto in ogni commento<\/h3>\r\n<\/div>\r\n<div class=\"row\">\r\n<div class=\"col-xl-4 col-lg-4 col-md-4 text-xs-center\">\r\n<div class=\"affilate_work\">\r\n\r\n<img decoding=\"async\" src=\"..\/wp-content\/uploads\/2017\/02\/affilate_icon1.png\" alt=\"icon_img\" \/>\r\n<h5>Commissioni elevate<\/h5>\r\nDiventa un nostro affiliato e ottieni commissioni che possono arrivare al 50% su ogni vendita. Prendi al volo questa opportunit\u00e0 oggi e goditi i benefici di questa partnership.\r\n\r\n<a class=\"blue_btn\" href=\"..\/affiliates-process\/\">Diventa un partner<\/a>\r\n\r\n<\/div>\r\n<\/div>\r\n<div class=\"col-xl-4 col-lg-4 col-md-4 text-xs-center\">\r\n<div class=\"affilate_work\">\r\n\r\n<img decoding=\"async\" src=\"..\/wp-content\/uploads\/2017\/02\/affilate_icon2.png\" alt=\"icon_img\" \/>\r\n<h5>Software di alta qualit\u00e0<\/h5>\r\nIl nostro software \u00e8 compatibile con le ultime versioni iOS e Android ed \u00e8 utilizzabile su iPhone. Funziona in modo ideale offrendo numerose funzioni.\r\n\r\n<a class=\"blue_btn\" href=\"..\/affiliates-process\/\">Diventa un partner<\/a>\r\n\r\n<\/div>\r\n<\/div>\r\n<div class=\"col-xl-4 col-lg-4 col-md-4 text-xs-center\">\r\n<div class=\"affilate_work\">\r\n\r\n<img decoding=\"async\" src=\"..\/wp-content\/uploads\/2017\/02\/affilate_icon3.png\" alt=\"icon_img\" \/>\r\n<h5>Vendi una volta, ottieni guadagni<\/h5>\r\nS\u00ec, ogni vendita \u00e8 tenuta in grande considerazione e verrai pagato per ogni singola vendita! Crediamo in un giro di affari onesto e ogni alleanza viene considerata come un tesoro.\r\n\r\n<a class=\"blue_btn\" href=\"..\/affiliates-process\/\">Diventa un partner<\/a>\r\n\r\n<\/div>\r\n<\/div>\r\n<\/div>\r\n<\/div>\r\n<\/div>\r\n<\/div>\r\n<\/section><\/div>\r\n<\/div>\r\n<div id=\"panel-179-0-0-2\" class=\"so-panel widget_text panel-last-child\" data-index=\"2\" data-style=\"{&quot;background_image_attachment&quot;:false,&quot;background_display&quot;:&quot;tile&quot;}\">\r\n<div class=\"textwidget\"><section id=\"affilate_program\">\r\n<div class=\"container\">\r\n<div class=\"col-xs-12 affilate_faq\">\r\n<div class=\"feature_heading text-xs-center\">\r\n<h3>DOMANDE FREQUENTI<\/h3>\r\n<\/div>\r\n<div class=\"row\">\r\n<div id=\"bs-collapse\" class=\"panel-group wrap\">\r\n<div class=\"col-md-6 col-sm-12\">\r\n<div class=\"panel\">\r\n<div class=\"panel-heading\">\r\n<h4 class=\"panel-title\"><a href=\"#one\" data-toggle=\"collapse\" data-parent=\"#\">Come diventare un affiliato Spymaster Pro?<\/a><\/h4>\r\n<\/div>\r\n<div id=\"one\" class=\"panel-collapse collapse\">\r\n<div class=\"panel-body\">Compila il modulo per gli affiliati disponibile all&#8217;interno del nostro Sito Web: <a href=\"..\/affiliates-process\/\"><strong>https:\/\/www.spymasterpro.com\/it\/affiliates-process\/<\/strong><\/a><\/div>\r\n<\/div>\r\n<\/div>\r\n<!-- end of panel -->\r\n<div class=\"panel\">\r\n<div class=\"panel-heading\">\r\n<h4 class=\"panel-title\"><a href=\"#two\" data-toggle=\"collapse\" data-parent=\"#\">Devo pagare qualcosa per farlo?<\/a><\/h4>\r\n<\/div>\r\n<div id=\"two\" class=\"panel-collapse collapse\">\r\n<div class=\"panel-body\">No, non ci sono costi per divenire un affiliato, n\u00e9 spese da sostenere per divenire un affiliato Spymaster Pro. \u00c8 assolutamente gratuito. In aggiunta a questo, potrai generare denaro continuando a vendere utilizzando il tuo link.<\/div>\r\n<\/div>\r\n<\/div>\r\n<!-- end of panel -->\r\n<div class=\"panel\">\r\n<div class=\"panel-heading\">\r\n<h4 class=\"panel-title\"><a href=\"#three\" data-toggle=\"collapse\" data-parent=\"#\">Posso posizionare questo materiale promozionale all&#8217;interno del mio sito Web o blog?<\/a><\/h4>\r\n<\/div>\r\n<div id=\"three\" class=\"panel-collapse collapse\">\r\n<div class=\"panel-body\">Certamente! Una volta ottenuto il link, potrai inserire il materiale promozionale all&#8217;interno del tuo sito Web o blog.<\/div>\r\n<\/div>\r\n<\/div>\r\n<!-- end of panel -->\r\n<div class=\"panel\">\r\n<div class=\"panel-heading\">\r\n<h4 class=\"panel-title\"><a href=\"#four\" data-toggle=\"collapse\" data-parent=\"#\">\u00c8 necessario possedere un sito Web o un blog per diventare un affiliato?<\/a><\/h4>\r\n<\/div>\r\n<div id=\"four\" class=\"panel-collapse collapse\">\r\n<div class=\"panel-body\">No, non \u00e8 essenziale possedere un sito Web o blog per divenire un affiliato. Potrai utilizzare modalit\u00e0 differenti per promuovere le vendite, strumenti come PPC, marketing attraverso e-mail, ecc.<\/div>\r\n<\/div>\r\n<\/div>\r\n<!-- end of panel -->\r\n<div class=\"panel\">\r\n<div class=\"panel-heading\">\r\n<h4 class=\"panel-title\"><a href=\"#nine\" data-toggle=\"collapse\" data-parent=\"#\">Dove posso ottenere i link da posizionare nel mio sito?<\/a><\/h4>\r\n<\/div>\r\n<div id=\"nine\" class=\"panel-collapse collapse\">\r\n<div class=\"panel-body\">Una volta che avrai compilato il modulo <strong>https:\/\/www.spymasterpro.com\/it\/affiliates-process\/<\/strong>, diventerai un affiliato di Spymaster Pro e ti verranno assegnati un nome utente e una password. Verr\u00e0 generato automaticamente un link che potrai utilizzare. Successivamente sarai pronto a vendere i prodotti Spymaster Pro utilizzando questo link. Baster\u00e0 copiare e incollare questo link all&#8217;interno del tuo sito Web o blog. Il cliente che utilizzer\u00e0 questo link per visitare il sito di Spymaster Pro risulter\u00e0 presentato da te.<\/div>\r\n<\/div>\r\n<\/div>\r\n<!-- end of panel -->\r\n<div class=\"panel\">\r\n<div class=\"panel-heading\">\r\n<h4 class=\"panel-title\"><a href=\"#ten\" data-toggle=\"collapse\" data-parent=\"#\">Come posso sapere di aver effettuato una vendita?<\/a><\/h4>\r\n<\/div>\r\n<div id=\"ten\" class=\"panel-collapse collapse\">\r\n<div class=\"panel-body\">Quando un qualsiasi cliente visita il sito Web di Spymaster Pro utilizzando il tuo link di riferimento (generato attraverso il tuo ID di affiliato) e successivamente acquister\u00e0 il software,riceverai una e-mail inerente all&#8217;acquisto. Otterrai una percentuale fissa di profitto sul prezzo attuale del prodotto.<\/div>\r\n<\/div>\r\n<\/div>\r\n<\/div>\r\n<!-- end of #bs-collapse -->\r\n<div class=\"col-md-6 col-sm-12\">\r\n<div class=\"panel\">\r\n<div class=\"panel-heading\">\r\n<h4 class=\"panel-title\"><a href=\"#five\" data-toggle=\"collapse\" data-parent=\"#\">Come verr\u00f2 pagato?<\/a><\/h4>\r\n<\/div>\r\n<div id=\"five\" class=\"panel-collapse collapse\">\r\n<div class=\"panel-body\">Otterrai il tuo pagamento mensilmente.<\/div>\r\n<\/div>\r\n<\/div>\r\n<!-- end of panel -->\r\n<div class=\"panel\">\r\n<div class=\"panel-heading\">\r\n<h4 class=\"panel-title\"><a href=\"#six\" data-toggle=\"collapse\" data-parent=\"#\">Devo fornire assistenza dopo la vendita?<\/a><\/h4>\r\n<\/div>\r\n<div id=\"six\" class=\"panel-collapse collapse\">\r\n<div class=\"panel-body\">No, non dovrai preoccuparti del supporto di assistenza. Saremo noi a garantire l&#8217;assistenza necessaria. Dovrai semplicemente attrarre i visitatori verso il nostro sito e goderti il tuo guadagno dopo ogni vendita. Tutto il resto verr\u00e0 gestito dal team di Spymaster Pro.<\/div>\r\n<\/div>\r\n<\/div>\r\n<!-- end of panel -->\r\n<div class=\"panel\">\r\n<div class=\"panel-heading\">\r\n<h4 class=\"panel-title\"><a href=\"#seven\" data-toggle=\"collapse\" data-parent=\"#\">Posso promuovere utilizzando la mia newsletter o e-zine?<\/a><\/h4>\r\n<\/div>\r\n<div id=\"seven\" class=\"panel-collapse collapse\">\r\n<div class=\"panel-body\">Puoi utilizzare qualsiasi metodo o tecnica di marketing Internet avanzato per attrarre i visitatori verso il nostro sito e migliorare le nostre vendite.<\/div>\r\n<\/div>\r\n<\/div>\r\n<!-- end of panel -->\r\n<div class=\"panel\">\r\n<div class=\"panel-heading\">\r\n<h4 class=\"panel-title\"><a href=\"#eight\" data-toggle=\"collapse\" data-parent=\"#\">Qual \u00e8 il pubblico da incentivare?<\/a><\/h4>\r\n<\/div>\r\n<div id=\"eight\" class=\"panel-collapse collapse\">\r\n<div class=\"panel-body\">\r\n\r\nChiunque pu\u00f2 acquistare Spymaster Pro, ma esiste un mercato specifico per questo software:\r\n<ul>\r\n \t<li><strong>Genitori preoccupati:<\/strong> per tracciare e monitorare le attivit\u00e0 dei loro figli adolescenti sui cellulari<\/li>\r\n \t<li><strong>Famiglie:<\/strong> per tenersi controllo tra loro<\/li>\r\n \t<li><strong>Proprietari di aziende:<\/strong> per tenere sotto controllo segretamente i loro dipendenti<\/li>\r\n<\/ul>\r\n<\/div>\r\n<\/div>\r\n<\/div>\r\n<div class=\"panel\">\r\n<div class=\"panel-heading\">\r\n<h4 class=\"panel-title\"><a href=\"#eleven\" data-toggle=\"collapse\" data-parent=\"#\">Quali lingue e localit\u00e0 sono supportate da Spymaster Pro?<\/a><\/h4>\r\n<\/div>\r\n<div id=\"eleven\" class=\"panel-collapse collapse\">\r\n<div class=\"panel-body\">\r\n\r\nLavoriamo duramente per fornire un supporto completo ad ogni regione che utilizza Spymaster Pro. Siamo infatti considerati i leader mondiali nel mondo del monitoraggio. Offriamo i migliori servizi possibili ai nostri clienti e gli renderanno disponibili in tutto il mondo. Offriamo i nostri servizi nei seguenti linguaggi:\r\n<ul>\r\n \t<li>Italiano<\/li>\r\n \t<li>Portoghese<\/li>\r\n \t<li>Inglese<\/li>\r\n \t<li>Spagnolo<\/li>\r\n \t<li>Tedesco<\/li>\r\n \t<li>Arabo<\/li>\r\n \t<li>Francese<\/li>\r\n \t<li>Thai<\/li>\r\n \t<li>Turco<\/li>\r\n<\/ul>\r\n<\/div>\r\n<\/div>\r\n<\/div>\r\n<div class=\"panel\">\r\n<div class=\"panel-heading\">\r\n<h4 class=\"panel-title\"><a href=\"#twelve\" data-toggle=\"collapse\" data-parent=\"#\">Ho un&#8217;altra domanda alla quale non ho trovato risposta nelle FAQ.<\/a><\/h4>\r\n<\/div>\r\n<div id=\"twelve\" class=\"panel-collapse collapse\">\r\n<div class=\"panel-body\">Saremo felici di aiutarti in qualsiasi momento. Contattaci all&#8217;indirizzo <strong>affiliates@spymasterpro.com<\/strong> per maggiori informazioni.<\/div>\r\n<\/div>\r\n<\/div>\r\n<\/div>\r\n<\/div>\r\n<\/div>\r\n<\/div>\r\n<div class=\"col-xs-12 text-xs-center affilate_bottom\">\r\n\r\n<a class=\"blue_btn\" href=\"..\/affiliates-process\/\">ISCRIVITI ORA<\/a> <a class=\"blue_btn\" href=\"http:\/\/spymasterpro.offerit.com\/\">ACCOUNT DI ACCESSO<\/a>\r\n<h4>Hai ancora qualche domanda? Sentiti libero di contattarci all&#8217;indirizzo affiliates@spymasterpro.com<\/h4>\r\n<\/div>\r\n<\/div>\r\n<\/section><\/div>\r\n<\/div>\r\n<\/div>\r\n<\/div>\r\n<\/div>","protected":false},"excerpt":{"rendered":"<p>UNISCITI al programma di affiliazione SPYMASTERPRO Costruisci il tuo guadagno utilizzando prodotti Premium Vendita media 95,5$ 120 giorni di vita dei cookie Tasso di rimborso medio 1,5% Diventa un partner Entra Cos&#8217;\u00e8 il programma di affiliazione SPYMASTERPRO? Spymaster Pro \u00e8 un software di monitoraggio mobile molto conosciuto sul mercato. Unisciti al nostro programma di affiliazione &hellip; <a href=\"https:\/\/www.spymasterpro.com\/it\/affiliates\/\" class=\"more-link\">Continue reading<span class=\"screen-reader-text\"> &#8220;Affiliates&#8221;<\/span><\/a><\/p>\n","protected":false},"author":1,"featured_media":0,"parent":0,"menu_order":0,"comment_status":"open","ping_status":"open","template":"page-full.php","meta":{"_acf_changed":false,"footnotes":""},"class_list":["post-179","page","type-page","status-publish","hentry"],"acf":[],"yoast_head":"<!-- This site is optimized with the Yoast SEO plugin v27.1.1 - https:\/\/yoast.com\/product\/yoast-seo-wordpress\/ -->\n<title>Programma di affiliazione<\/title>\n<meta name=\"description\" content=\"Il programma di affiliazione Spymaster Pro \u00e8 stato progettato per attrarre affiliati. Vendi questa app di monitoraggio e ottieni grandi profitti.\" \/>\n<meta name=\"robots\" content=\"index, follow, max-snippet:-1, max-image-preview:large, max-video-preview:-1\" \/>\n<link rel=\"canonical\" href=\"https:\/\/www.spymasterpro.com\/it\/affiliates\/\" \/>\n<meta property=\"og:locale\" content=\"en_US\" \/>\n<meta property=\"og:type\" content=\"article\" \/>\n<meta property=\"og:title\" content=\"Programma di affiliazione\" \/>\n<meta property=\"og:description\" content=\"Il programma di affiliazione Spymaster Pro \u00e8 stato progettato per attrarre affiliati. Vendi questa app di monitoraggio e ottieni grandi profitti.\" \/>\n<meta property=\"og:url\" content=\"https:\/\/www.spymasterpro.com\/it\/affiliates\/\" \/>\n<meta property=\"og:site_name\" content=\"SpymasterPro\" \/>\n<meta property=\"article:modified_time\" content=\"2019-04-29T09:27:35+00:00\" \/>\n<meta name=\"twitter:card\" content=\"summary_large_image\" \/>\n<meta name=\"twitter:label1\" content=\"Est. reading time\" \/>\n\t<meta name=\"twitter:data1\" content=\"4 minutes\" \/>\n<script type=\"application\/ld+json\" class=\"yoast-schema-graph\">{\"@context\":\"https:\/\/schema.org\",\"@graph\":[{\"@type\":\"WebPage\",\"@id\":\"https:\/\/www.spymasterpro.com\/it\/affiliates\/\",\"url\":\"https:\/\/www.spymasterpro.com\/it\/affiliates\/\",\"name\":\"Programma di affiliazione\",\"isPartOf\":{\"@id\":\"https:\/\/www.spymasterpro.com\/it\/#website\"},\"datePublished\":\"2015-03-04T09:41:19+00:00\",\"dateModified\":\"2019-04-29T09:27:35+00:00\",\"description\":\"Il programma di affiliazione Spymaster Pro \u00e8 stato progettato per attrarre affiliati. Vendi questa app di monitoraggio e ottieni grandi profitti.\",\"breadcrumb\":{\"@id\":\"https:\/\/www.spymasterpro.com\/it\/affiliates\/#breadcrumb\"},\"inLanguage\":\"en-US\",\"potentialAction\":[{\"@type\":\"ReadAction\",\"target\":[\"https:\/\/www.spymasterpro.com\/it\/affiliates\/\"]}]},{\"@type\":\"BreadcrumbList\",\"@id\":\"https:\/\/www.spymasterpro.com\/it\/affiliates\/#breadcrumb\",\"itemListElement\":[{\"@type\":\"ListItem\",\"position\":1,\"name\":\"Home\",\"item\":\"https:\/\/www.spymasterpro.com\/it\/\"},{\"@type\":\"ListItem\",\"position\":2,\"name\":\"Affiliates\"}]},{\"@type\":\"WebSite\",\"@id\":\"https:\/\/www.spymasterpro.com\/it\/#website\",\"url\":\"https:\/\/www.spymasterpro.com\/it\/\",\"name\":\"SpymasterPro\",\"description\":\"\",\"potentialAction\":[{\"@type\":\"SearchAction\",\"target\":{\"@type\":\"EntryPoint\",\"urlTemplate\":\"https:\/\/www.spymasterpro.com\/it\/?s={search_term_string}\"},\"query-input\":{\"@type\":\"PropertyValueSpecification\",\"valueRequired\":true,\"valueName\":\"search_term_string\"}}],\"inLanguage\":\"en-US\"}]}<\/script>\n<!-- \/ Yoast SEO plugin. -->","yoast_head_json":{"title":"Programma di affiliazione","description":"Il programma di affiliazione Spymaster Pro \u00e8 stato progettato per attrarre affiliati. Vendi questa app di monitoraggio e ottieni grandi profitti.","robots":{"index":"index","follow":"follow","max-snippet":"max-snippet:-1","max-image-preview":"max-image-preview:large","max-video-preview":"max-video-preview:-1"},"canonical":"https:\/\/www.spymasterpro.com\/it\/affiliates\/","og_locale":"en_US","og_type":"article","og_title":"Programma di affiliazione","og_description":"Il programma di affiliazione Spymaster Pro \u00e8 stato progettato per attrarre affiliati. Vendi questa app di monitoraggio e ottieni grandi profitti.","og_url":"https:\/\/www.spymasterpro.com\/it\/affiliates\/","og_site_name":"SpymasterPro","article_modified_time":"2019-04-29T09:27:35+00:00","twitter_card":"summary_large_image","twitter_misc":{"Est. reading time":"4 minutes"},"schema":{"@context":"https:\/\/schema.org","@graph":[{"@type":"WebPage","@id":"https:\/\/www.spymasterpro.com\/it\/affiliates\/","url":"https:\/\/www.spymasterpro.com\/it\/affiliates\/","name":"Programma di affiliazione","isPartOf":{"@id":"https:\/\/www.spymasterpro.com\/it\/#website"},"datePublished":"2015-03-04T09:41:19+00:00","dateModified":"2019-04-29T09:27:35+00:00","description":"Il programma di affiliazione Spymaster Pro \u00e8 stato progettato per attrarre affiliati. Vendi questa app di monitoraggio e ottieni grandi profitti.","breadcrumb":{"@id":"https:\/\/www.spymasterpro.com\/it\/affiliates\/#breadcrumb"},"inLanguage":"en-US","potentialAction":[{"@type":"ReadAction","target":["https:\/\/www.spymasterpro.com\/it\/affiliates\/"]}]},{"@type":"BreadcrumbList","@id":"https:\/\/www.spymasterpro.com\/it\/affiliates\/#breadcrumb","itemListElement":[{"@type":"ListItem","position":1,"name":"Home","item":"https:\/\/www.spymasterpro.com\/it\/"},{"@type":"ListItem","position":2,"name":"Affiliates"}]},{"@type":"WebSite","@id":"https:\/\/www.spymasterpro.com\/it\/#website","url":"https:\/\/www.spymasterpro.com\/it\/","name":"SpymasterPro","description":"","potentialAction":[{"@type":"SearchAction","target":{"@type":"EntryPoint","urlTemplate":"https:\/\/www.spymasterpro.com\/it\/?s={search_term_string}"},"query-input":{"@type":"PropertyValueSpecification","valueRequired":true,"valueName":"search_term_string"}}],"inLanguage":"en-US"}]}},"_links":{"self":[{"href":"https:\/\/www.spymasterpro.com\/it\/wp-json\/wp\/v2\/pages\/179","targetHints":{"allow":["GET"]}}],"collection":[{"href":"https:\/\/www.spymasterpro.com\/it\/wp-json\/wp\/v2\/pages"}],"about":[{"href":"https:\/\/www.spymasterpro.com\/it\/wp-json\/wp\/v2\/types\/page"}],"author":[{"embeddable":true,"href":"https:\/\/www.spymasterpro.com\/it\/wp-json\/wp\/v2\/users\/1"}],"replies":[{"embeddable":true,"href":"https:\/\/www.spymasterpro.com\/it\/wp-json\/wp\/v2\/comments?post=179"}],"version-history":[{"count":0,"href":"https:\/\/www.spymasterpro.com\/it\/wp-json\/wp\/v2\/pages\/179\/revisions"}],"wp:attachment":[{"href":"https:\/\/www.spymasterpro.com\/it\/wp-json\/wp\/v2\/media?parent=179"}],"curies":[{"name":"wp","href":"https:\/\/api.w.org\/{rel}","templated":true}]}}