{"id":1778,"date":"2018-08-14T10:24:59","date_gmt":"2018-08-14T10:24:59","guid":{"rendered":"https:\/\/www.spymasterpro.com\/it\/?page_id=1778"},"modified":"2020-09-02T07:40:43","modified_gmt":"2020-09-02T07:40:43","slug":"espione-um-samsung-note-9-com-o-spymaster-pro","status":"publish","type":"page","link":"https:\/\/www.spymasterpro.com\/it\/espione-um-samsung-note-9-com-o-spymaster-pro\/","title":{"rendered":"Espione um Samsung Note 9 com o Spymaster Pro"},"content":{"rendered":"<p style=\"text-align: center;\"><img decoding=\"async\" src=\"https:\/\/www.spymasterpro.com\/it\/wp-content\/uploads\/2018\/08\/pt.png\" \/><\/p>\r\n<strong><b>Est\u00e1 se perguntando como espionar um Samsung Note 9? Parab\u00e9ns, voc\u00ea chegou no lugar certo! <\/b><\/strong>\r\n\r\nVivemos em um mundo onde a ado\u00e7\u00e3o de novas tecnologias acontece em um turbilh\u00e3o \u2013 onde a gratid\u00e3o derivada de uma tecnologia dura pouco. Estamos sempre esperando por novas inven\u00e7\u00f5es. Por isso, estamos destacando o novo lan\u00e7amento do Samsung Note 9 e uma forma infal\u00edvel de espion\u00e1-lo.\r\n\r\nRecentemente, a Samsung lan\u00e7ou seu smartphone futurista chamado Samsung Note 9. O lan\u00e7amento do Note 9 trouxe outro significado ao termo smartphone, com um design maravilhoso e elegante. N\u00e3o h\u00e1 d\u00favidas de que vai acabar com os concorrentes.\r\n\r\n<strong><em><b><i>Destaques do Samsung Note 9<\/i><\/b><\/em><\/strong>\r\n<ul>\r\n \t<li><b><\/b><strong><b>Design: O Note 9 vem com uma tela de 6,4 polegadas (16,24 cm) com 1440*2960 p\u00edxeis<\/b><\/strong><\/li>\r\n \t<li><b><\/b><strong><b>Sistema Operacional e chipset: O aparelho funciona em<\/b><\/strong><strong><b>Android 8.1 (Oreo), Processador <\/b><\/strong><strong><b>Qualcomm Snapdragon 845 SoC<\/b><\/strong><strong><b>.<\/b><\/strong><\/li>\r\n \t<li><b><\/b><strong><b>Bateria: 4000 mAh<\/b><\/strong><\/li>\r\n \t<li><b><\/b><strong><b>RAM: 6 GB<\/b><\/strong><\/li>\r\n \t<li><b><\/b><strong><b>Armazenamento:<\/b><\/strong><strong><b>128 GB e 512 GB de mem\u00f3ria interna, expans\u00edvel a at\u00e9 1 TB<\/b><\/strong><\/li>\r\n \t<li><b><\/b><strong><b>C\u00e2mera: C\u00e2mera traseira de 12 megap\u00edxeis, c\u00e2mera frontal de 8 megap\u00edxeis<\/b><\/strong><\/li>\r\n \t<li><b><\/b><strong><b>Outros Recursos: S Pen <\/b><\/strong><\/li>\r\n<\/ul>\r\n<strong><b>Espione um Samsung Note 9 com o Spymaster Pro<\/b><\/strong>\r\n\r\nEstamos sempre procurando novas tecnologias que possam facilitar nossas vidas. Sem d\u00favidas que os smartphones s\u00e3o os dispositivos mais importantes que podemos usar para ajudar nossas vidas. Infelizmente, eles tamb\u00e9m ajudam a atirar lenha na fogueira da infidelidade e a atrair ped\u00f3filos, o que \u00e9 catastr\u00f3fico para a humanidade. Por isso, \u00e9 essencial monitorar o celular dos nossos entes queridos.\r\n\r\nO Spymaster Pro, <strong><b>um aplicativo de monitoramento para celular<\/b><\/strong>, lhe permite espionar qualquer Android ou iPhone. \u00c9 completamente seguro e foi projetado para funcionar em modo oculto, para que o usu\u00e1rio que est\u00e1 sendo vigiado n\u00e3o saiba de nada.\r\n\r\nEsse aplicativo inteligente \u00e9 o melhor para espionar em segredo. Ele transfere todas as atividades do celular do usu\u00e1rio alvo sem mostrar nenhum \u00edcone no aparelho. Esse aplicativo pode ajudar a saber do paradeiro do usu\u00e1rio, os detalhes das chamadas telef\u00f4nicas, as conversas das redes sociais e muito mais.\r\n\r\n<strong><b>Recursos do Spymaster Pro para espionar um Samsung Note 9: \u00a0\u00a0<\/b><\/strong>\r\n<div class=\"textwidget\"><section id=\"feature\">\r\n<div class=\"container\">\r\n<div class=\"row\">\r\n<div class=\"col-lg-12 mobile_space\">\r\n<div class=\"feature_full text-center\">\r\n<div class=\"col-xs-2-5 col-sm-1-5 col-md-1-5\">\r\n<h3 style=\"font-size: 10px;\">MONITORAMENTO\r\nCELULAR<\/h3>\r\n<\/div>\r\n<div class=\"col-xs-2-5 col-sm-1-5 col-md-1-5\">\r\n<h3 style=\"font-size: 10px;\">MONITORAMENTO\r\nSMS<\/h3>\r\n<\/div>\r\n<div class=\"col-xs-2-5 col-sm-1-5 col-md-1-5\">\r\n<h3 style=\"font-size: 10px;\">REGISTRO\r\nCHAMADAS<\/h3>\r\n<\/div>\r\n<div class=\"col-xs-2-5 col-sm-1-5 col-md-1-5\">\r\n<h3 style=\"font-size: 10px;\">MONITORAMENTO\r\nWHATSAPP<\/h3>\r\n<\/div>\r\n<div class=\"col-xs-2-5 col-sm-1-5 col-md-1-5\">\r\n<h3 style=\"font-size: 10px;\">MONITORAMENTO\r\nFACEBOOK<\/h3>\r\n<\/div>\r\n<div class=\"col-xs-2-5 col-sm-1-5 col-md-1-5\">\r\n<h3 style=\"font-size: 10px;\">RASTREAMENTO\r\nSNAPCHAT<\/h3>\r\n<\/div>\r\n<div class=\"col-xs-2-5 col-sm-1-5 col-md-1-5\">\r\n<h3 style=\"font-size: 10px;\">RASTREAMENTO\r\nINSTAGRAM<\/h3>\r\n<\/div>\r\n<div class=\"col-xs-2-5 col-sm-1-5 col-md-1-5\">\r\n<h3 style=\"font-size: 10px;\">APPS\r\nINSTALADOS<\/h3>\r\n<\/div>\r\n<div class=\"col-xs-2-5 col-sm-1-5 col-md-1-5\">\r\n<h3 style=\"font-size: 10px;\">monitoramento DE\r\nGPS<\/h3>\r\n<\/div>\r\n<div class=\"col-xs-2-5 col-sm-1-5 col-md-1-5\">\r\n<h3 style=\"font-size: 10px;\">MONITORAMENTO DE\r\nMULTIM\u00cdDIA<\/h3>\r\n<\/div>\r\n<div class=\"col-xs-2-5 col-sm-1-5 col-md-1-5\">\r\n<h3 style=\"font-size: 10px;\">HIST\u00d3RICO DO\r\nNAVEGADOR DA WEB<\/h3>\r\n<\/div>\r\n<div class=\"col-xs-2-5 col-sm-1-5 col-md-1-5\">\r\n<h3 style=\"font-size: 10px;\">RASTREAMENTO DE\r\nEMAIL<\/h3>\r\n<\/div>\r\n<div class=\"col-xs-2-5 col-sm-1-5 col-md-1-5\">\r\n<h3 style=\"font-size: 10px;\">RASTREAMENTO DE\r\nHANGOUTS<\/h3>\r\n<\/div>\r\n<div class=\"col-xs-2-5 col-sm-1-5 col-md-1-5\">\r\n<h3 style=\"font-size: 10px;\">RASTREAMENTO DE\r\nVIBER<\/h3>\r\n<\/div>\r\n<\/div>\r\n<\/div>\r\n<\/div>\r\n<\/div>\r\n<\/section><\/div>\r\nNormalmente lemos nos jornais ou vemos nos notici\u00e1rios como os smartphones est\u00e3o virando uma maldi\u00e7\u00e3o para a humanidade. Mas agora, n\u00e3o h\u00e1 necessidade de se preocupar porque voc\u00ea tem o <strong><b>aplicativo de monitoramento para celular<\/b><\/strong>\u00a0mais confi\u00e1vel do mundo. <strong><b>Compre o Spymaster Pro hoje<\/b><\/strong>\u00a0para monitorar seus entes queridos e proteg\u00ea-los de qualquer perigo.","protected":false},"excerpt":{"rendered":"<p>Est\u00e1 se perguntando como espionar um Samsung Note 9? Parab\u00e9ns, voc\u00ea chegou no lugar certo! Vivemos em um mundo onde a ado\u00e7\u00e3o de novas tecnologias acontece em um turbilh\u00e3o \u2013 onde a gratid\u00e3o derivada de uma tecnologia dura pouco. Estamos sempre esperando por novas inven\u00e7\u00f5es. Por isso, estamos destacando o novo lan\u00e7amento do Samsung Note &hellip; <a href=\"https:\/\/www.spymasterpro.com\/it\/espione-um-samsung-note-9-com-o-spymaster-pro\/\" class=\"more-link\">Continue reading<span class=\"screen-reader-text\"> &#8220;Espione um Samsung Note 9 com o Spymaster Pro&#8221;<\/span><\/a><\/p>\n","protected":false},"author":1,"featured_media":0,"parent":0,"menu_order":0,"comment_status":"closed","ping_status":"closed","template":"","meta":{"_acf_changed":false,"footnotes":""},"class_list":["post-1778","page","type-page","status-publish","hentry"],"acf":[],"yoast_head":"<!-- This site is optimized with the Yoast SEO plugin v27.1.1 - https:\/\/yoast.com\/product\/yoast-seo-wordpress\/ -->\n<title>Espione um Samsung Note 9 com o Spymaster Pro - SpymasterPro<\/title>\n<meta name=\"robots\" content=\"index, follow, max-snippet:-1, max-image-preview:large, max-video-preview:-1\" \/>\n<link rel=\"canonical\" href=\"https:\/\/www.spymasterpro.com\/it\/espione-um-samsung-note-9-com-o-spymaster-pro\/\" \/>\n<meta property=\"og:locale\" content=\"en_US\" \/>\n<meta property=\"og:type\" content=\"article\" \/>\n<meta property=\"og:title\" content=\"Espione um Samsung Note 9 com o Spymaster Pro - SpymasterPro\" \/>\n<meta property=\"og:description\" content=\"Est\u00e1 se perguntando como espionar um Samsung Note 9? Parab\u00e9ns, voc\u00ea chegou no lugar certo! Vivemos em um mundo onde a ado\u00e7\u00e3o de novas tecnologias acontece em um turbilh\u00e3o \u2013 onde a gratid\u00e3o derivada de uma tecnologia dura pouco. Estamos sempre esperando por novas inven\u00e7\u00f5es. Por isso, estamos destacando o novo lan\u00e7amento do Samsung Note &hellip; Continue reading &quot;Espione um Samsung Note 9 com o Spymaster Pro&quot;\" \/>\n<meta property=\"og:url\" content=\"https:\/\/www.spymasterpro.com\/it\/espione-um-samsung-note-9-com-o-spymaster-pro\/\" \/>\n<meta property=\"og:site_name\" content=\"SpymasterPro\" \/>\n<meta property=\"article:modified_time\" content=\"2020-09-02T07:40:43+00:00\" \/>\n<meta property=\"og:image\" content=\"https:\/\/www.spymasterpro.com\/it\/wp-content\/uploads\/2018\/08\/pt.png\" \/>\n<meta name=\"twitter:card\" content=\"summary_large_image\" \/>\n<meta name=\"twitter:label1\" content=\"Est. reading time\" \/>\n\t<meta name=\"twitter:data1\" content=\"2 minutes\" \/>\n<script type=\"application\/ld+json\" class=\"yoast-schema-graph\">{\"@context\":\"https:\/\/schema.org\",\"@graph\":[{\"@type\":\"WebPage\",\"@id\":\"https:\/\/www.spymasterpro.com\/it\/espione-um-samsung-note-9-com-o-spymaster-pro\/\",\"url\":\"https:\/\/www.spymasterpro.com\/it\/espione-um-samsung-note-9-com-o-spymaster-pro\/\",\"name\":\"Espione um Samsung Note 9 com o Spymaster Pro - SpymasterPro\",\"isPartOf\":{\"@id\":\"https:\/\/www.spymasterpro.com\/it\/#website\"},\"primaryImageOfPage\":{\"@id\":\"https:\/\/www.spymasterpro.com\/it\/espione-um-samsung-note-9-com-o-spymaster-pro\/#primaryimage\"},\"image\":{\"@id\":\"https:\/\/www.spymasterpro.com\/it\/espione-um-samsung-note-9-com-o-spymaster-pro\/#primaryimage\"},\"thumbnailUrl\":\"https:\/\/www.spymasterpro.com\/it\/wp-content\/uploads\/2018\/08\/pt.png\",\"datePublished\":\"2018-08-14T10:24:59+00:00\",\"dateModified\":\"2020-09-02T07:40:43+00:00\",\"breadcrumb\":{\"@id\":\"https:\/\/www.spymasterpro.com\/it\/espione-um-samsung-note-9-com-o-spymaster-pro\/#breadcrumb\"},\"inLanguage\":\"en-US\",\"potentialAction\":[{\"@type\":\"ReadAction\",\"target\":[\"https:\/\/www.spymasterpro.com\/it\/espione-um-samsung-note-9-com-o-spymaster-pro\/\"]}]},{\"@type\":\"ImageObject\",\"inLanguage\":\"en-US\",\"@id\":\"https:\/\/www.spymasterpro.com\/it\/espione-um-samsung-note-9-com-o-spymaster-pro\/#primaryimage\",\"url\":\"https:\/\/www.spymasterpro.com\/it\/wp-content\/uploads\/2018\/08\/pt.png\",\"contentUrl\":\"https:\/\/www.spymasterpro.com\/it\/wp-content\/uploads\/2018\/08\/pt.png\",\"width\":650,\"height\":350},{\"@type\":\"BreadcrumbList\",\"@id\":\"https:\/\/www.spymasterpro.com\/it\/espione-um-samsung-note-9-com-o-spymaster-pro\/#breadcrumb\",\"itemListElement\":[{\"@type\":\"ListItem\",\"position\":1,\"name\":\"Home\",\"item\":\"https:\/\/www.spymasterpro.com\/it\/\"},{\"@type\":\"ListItem\",\"position\":2,\"name\":\"Espione um Samsung Note 9 com o Spymaster Pro\"}]},{\"@type\":\"WebSite\",\"@id\":\"https:\/\/www.spymasterpro.com\/it\/#website\",\"url\":\"https:\/\/www.spymasterpro.com\/it\/\",\"name\":\"SpymasterPro\",\"description\":\"\",\"potentialAction\":[{\"@type\":\"SearchAction\",\"target\":{\"@type\":\"EntryPoint\",\"urlTemplate\":\"https:\/\/www.spymasterpro.com\/it\/?s={search_term_string}\"},\"query-input\":{\"@type\":\"PropertyValueSpecification\",\"valueRequired\":true,\"valueName\":\"search_term_string\"}}],\"inLanguage\":\"en-US\"}]}<\/script>\n<!-- \/ Yoast SEO plugin. -->","yoast_head_json":{"title":"Espione um Samsung Note 9 com o Spymaster Pro - SpymasterPro","robots":{"index":"index","follow":"follow","max-snippet":"max-snippet:-1","max-image-preview":"max-image-preview:large","max-video-preview":"max-video-preview:-1"},"canonical":"https:\/\/www.spymasterpro.com\/it\/espione-um-samsung-note-9-com-o-spymaster-pro\/","og_locale":"en_US","og_type":"article","og_title":"Espione um Samsung Note 9 com o Spymaster Pro - SpymasterPro","og_description":"Est\u00e1 se perguntando como espionar um Samsung Note 9? Parab\u00e9ns, voc\u00ea chegou no lugar certo! Vivemos em um mundo onde a ado\u00e7\u00e3o de novas tecnologias acontece em um turbilh\u00e3o \u2013 onde a gratid\u00e3o derivada de uma tecnologia dura pouco. Estamos sempre esperando por novas inven\u00e7\u00f5es. Por isso, estamos destacando o novo lan\u00e7amento do Samsung Note &hellip; Continue reading \"Espione um Samsung Note 9 com o Spymaster Pro\"","og_url":"https:\/\/www.spymasterpro.com\/it\/espione-um-samsung-note-9-com-o-spymaster-pro\/","og_site_name":"SpymasterPro","article_modified_time":"2020-09-02T07:40:43+00:00","og_image":[{"url":"https:\/\/www.spymasterpro.com\/it\/wp-content\/uploads\/2018\/08\/pt.png","type":"","width":"","height":""}],"twitter_card":"summary_large_image","twitter_misc":{"Est. reading time":"2 minutes"},"schema":{"@context":"https:\/\/schema.org","@graph":[{"@type":"WebPage","@id":"https:\/\/www.spymasterpro.com\/it\/espione-um-samsung-note-9-com-o-spymaster-pro\/","url":"https:\/\/www.spymasterpro.com\/it\/espione-um-samsung-note-9-com-o-spymaster-pro\/","name":"Espione um Samsung Note 9 com o Spymaster Pro - SpymasterPro","isPartOf":{"@id":"https:\/\/www.spymasterpro.com\/it\/#website"},"primaryImageOfPage":{"@id":"https:\/\/www.spymasterpro.com\/it\/espione-um-samsung-note-9-com-o-spymaster-pro\/#primaryimage"},"image":{"@id":"https:\/\/www.spymasterpro.com\/it\/espione-um-samsung-note-9-com-o-spymaster-pro\/#primaryimage"},"thumbnailUrl":"https:\/\/www.spymasterpro.com\/it\/wp-content\/uploads\/2018\/08\/pt.png","datePublished":"2018-08-14T10:24:59+00:00","dateModified":"2020-09-02T07:40:43+00:00","breadcrumb":{"@id":"https:\/\/www.spymasterpro.com\/it\/espione-um-samsung-note-9-com-o-spymaster-pro\/#breadcrumb"},"inLanguage":"en-US","potentialAction":[{"@type":"ReadAction","target":["https:\/\/www.spymasterpro.com\/it\/espione-um-samsung-note-9-com-o-spymaster-pro\/"]}]},{"@type":"ImageObject","inLanguage":"en-US","@id":"https:\/\/www.spymasterpro.com\/it\/espione-um-samsung-note-9-com-o-spymaster-pro\/#primaryimage","url":"https:\/\/www.spymasterpro.com\/it\/wp-content\/uploads\/2018\/08\/pt.png","contentUrl":"https:\/\/www.spymasterpro.com\/it\/wp-content\/uploads\/2018\/08\/pt.png","width":650,"height":350},{"@type":"BreadcrumbList","@id":"https:\/\/www.spymasterpro.com\/it\/espione-um-samsung-note-9-com-o-spymaster-pro\/#breadcrumb","itemListElement":[{"@type":"ListItem","position":1,"name":"Home","item":"https:\/\/www.spymasterpro.com\/it\/"},{"@type":"ListItem","position":2,"name":"Espione um Samsung Note 9 com o Spymaster Pro"}]},{"@type":"WebSite","@id":"https:\/\/www.spymasterpro.com\/it\/#website","url":"https:\/\/www.spymasterpro.com\/it\/","name":"SpymasterPro","description":"","potentialAction":[{"@type":"SearchAction","target":{"@type":"EntryPoint","urlTemplate":"https:\/\/www.spymasterpro.com\/it\/?s={search_term_string}"},"query-input":{"@type":"PropertyValueSpecification","valueRequired":true,"valueName":"search_term_string"}}],"inLanguage":"en-US"}]}},"_links":{"self":[{"href":"https:\/\/www.spymasterpro.com\/it\/wp-json\/wp\/v2\/pages\/1778","targetHints":{"allow":["GET"]}}],"collection":[{"href":"https:\/\/www.spymasterpro.com\/it\/wp-json\/wp\/v2\/pages"}],"about":[{"href":"https:\/\/www.spymasterpro.com\/it\/wp-json\/wp\/v2\/types\/page"}],"author":[{"embeddable":true,"href":"https:\/\/www.spymasterpro.com\/it\/wp-json\/wp\/v2\/users\/1"}],"replies":[{"embeddable":true,"href":"https:\/\/www.spymasterpro.com\/it\/wp-json\/wp\/v2\/comments?post=1778"}],"version-history":[{"count":0,"href":"https:\/\/www.spymasterpro.com\/it\/wp-json\/wp\/v2\/pages\/1778\/revisions"}],"wp:attachment":[{"href":"https:\/\/www.spymasterpro.com\/it\/wp-json\/wp\/v2\/media?parent=1778"}],"curies":[{"name":"wp","href":"https:\/\/api.w.org\/{rel}","templated":true}]}}