{"id":1771,"date":"2018-08-14T10:09:01","date_gmt":"2018-08-14T10:09:01","guid":{"rendered":"https:\/\/www.spymasterpro.com\/it\/?page_id=1771"},"modified":"2019-05-02T12:11:40","modified_gmt":"2019-05-02T12:11:40","slug":"spia-sul-samsung-note-9-con-spymaster-pro","status":"publish","type":"page","link":"https:\/\/www.spymasterpro.com\/it\/spia-sul-samsung-note-9-con-spymaster-pro\/","title":{"rendered":"Spia sul Samsung Note 9 con Spymaster Pro"},"content":{"rendered":"<p style=\"text-align: center;\"><img decoding=\"async\" src=\"https:\/\/www.spymasterpro.com\/it\/wp-content\/uploads\/2018\/08\/it.png\"><\/p>\r\n<strong><b>Ti stai chiedendo come poter spiare sul Samsung Note 9? Congratulazioni per essendo sulla pagina giusta!<\/b><\/strong>\r\n\r\nNoi abitiamo nel mondo dove, gi\u00e0, l\u2019adozione di nuova tecnologia succede in mulinello-dove gratificazione derivata da uno tecnologico vive poco. Noi sempre stiamo cercando per le nuove innovazioni. Quindi, qui stiamo mettendo in luce la nuova versione di Samsung Note 9 e il modo infallibile come spiare sul Samsung Note 9.\r\n\r\nRecentemente, Samsung ha rilasciato un nuovo Samsung cos\u00ec detto futuristico, chiamato Samsung Note 9. La nuova versione di Note 9 ha comprato un nuovo significato al termine di Smartphone includendo un disegno molto bello ed elegante. Definitivamente sta per mettere in difficolt\u00e0 i suoi concorrenti.\r\n\r\n<strong><b>Le caratteristiche pi\u00f9 importanti di Samsung Note 9<\/b><\/strong>\r\n<ul>\r\n \t<li><b><\/b><strong><b>Disegno: il Note 9 arriva con 6.4 (16.24 cm) schermo con 1440*2960 Pixel<\/b><\/strong><\/li>\r\n \t<li><b><\/b><strong><b>Il Sistema Operativo e chipset: Il portatile funziona su Android 8.1 (Oreo), alimentato da <\/b><\/strong><strong><b>Qualcomm Snapdragon 845 SoC\u00a0Processore<\/b><\/strong><\/li>\r\n \t<li><b><\/b><strong><b>Batteria: 4000 mAh<\/b><\/strong><\/li>\r\n \t<li><b><\/b><strong><b>RAM: 6 GB<\/b><\/strong><\/li>\r\n \t<li><b><\/b><strong><b>Memoria: 128 GB e 512 GB della memoria interna, espandibile fino a 1 TB<\/b><\/strong><\/li>\r\n \t<li><b><\/b><strong><b>Camera: 12 Megapixel videocamera posteriore, 8 Megapixel fotocamera frontale<\/b><\/strong><\/li>\r\n \t<li><b><\/b><strong><b>Altre Caratteristiche: S Pen<\/b><\/strong><\/li>\r\n<\/ul>\r\n<strong><b>Spia sul Samsung Note 9 con Spymaster Pro<\/b><\/strong>\r\n\r\nNoi stiamo sempre cercando per le nuove tecnologie che ci possono facilitare la vita. Nessun dubbio che i Smartphone sono uno dei pi\u00f9 importanti dispositivi che noi possiamo usare per farci vivere le nostre vite con meno fatica. Anche, \u00e8 il carburante aggiuntivo al fuoco e un invito ai pedofili che rappresenta un punto catastrofico all\u2019umanit\u00e0. Quindi, si considera essenzialmente importante a monitorare i cellulari delle persone a cui vogliamo bene.\r\n\r\nSpymaster Pro, <strong><b>\u00e8 un\u2019applicazione adatta per il monitoraggio dei cellulari<\/b><\/strong>, che ti permette a spiare sia sull\u2019Android sia sull\u2019iPhone. Come l\u2019applicazione \u00e8 completamente sicura per utilizzo ed \u00e8 disegnata per funzionare al modo segreto, cos\u00ec che la persona che si trova sotto la sorveglianza non avr\u00e0 nessun minima idea di ci\u00f2 che sta succedendo.\r\n\r\nQuest\u2019applicazione intelligente \u00e8 il modo migliore per il spionaggio. Funziona nel modo che fa il trasferimento di tutte le attivit\u00e0 del cellulare che rappresenta il tuo obiettivo senza lasciare nessuna traccia n\u00e8 icona sullo schermo del dispositivo. Quest\u2019applicazione pu\u00f2 aiutare a scoprire tutto che si trova sul cellulare che rappresenta il tuo obiettivo, tutto ci\u00f2 che la persona sta facendo, le chiamate, le conversazioni sul Social e tantissime altre cose in pi\u00f9.\r\n\r\n<strong><b>Spymaster Pro caratteristiche per Spiare Samsung Note 9: <\/b><\/strong>\r\n\r\n<div class=\"textwidget\" >\r\n<section id=\"feature\">\r\n<div class=\"container\">\r\n<div class=\"row\">\r\n<div class=\"col-lg-12 mobile_space\">\r\n<div class=\"feature_full text-center\">\r\n<div class=\"col-xs-2-5 col-sm-1-5 col-md-1-5\">\r\n<a href=\"#\"><i class=\"fa fa-mobile\" aria-hidden=\"true\"><\/i><p><\/p>\r\n<h3 style=\"font-size: 10px\">MONITORAMENTO<br>CELULAR<\/h3>\r\n<\/a><p><a href=\"#\"><\/a>\r\n<\/p><\/div>\r\n<div class=\"col-xs-2-5 col-sm-1-5 col-md-1-5\">\r\n<a href=\"#\"><i class=\"fa fa-comments\" aria-hidden=\"true\"><\/i><p><\/p>\r\n<h3 style=\"font-size: 10px\">MONITORAMENTO<br>SMS<\/h3>\r\n<\/a><p><a href=\"#\"><\/a>\r\n<\/p><\/div>\r\n<div class=\"col-xs-2-5 col-sm-1-5 col-md-1-5\">\r\n<a href=\"#\"><i class=\"fa fa-phone\" aria-hidden=\"true\"><\/i><p><\/p>\r\n<h3 style=\"font-size: 10px\">REGISTRO <br>CHAMADAS<\/h3>\r\n<\/a><p><a href=\"#\"><\/a>\r\n<\/p><\/div>\r\n<div class=\"col-xs-2-5 col-sm-1-5 col-md-1-5\">\r\n<a href=\"https:\/\/www.spymasterpro.com\/it\/whatsapp-spiare\/\"><i class=\"fa fa-whatsapp\" aria-hidden=\"true\"><\/i><p><\/p>\r\n<h3 style=\"font-size: 10px\">MONITORAMENTO <br>WHATSAPP<\/h3>\r\n<\/a><p><a href=\"..\/pt\/espiao-whatsapp\/\"><\/a>\r\n<\/p><\/div>\r\n<div class=\"col-xs-2-5 col-sm-1-5 col-md-1-5\">\r\n<a href=\"https:\/\/www.spymasterpro.com\/it\/spiare-conversazioni-facebook\/\"><i class=\"fa fa-facebook\" aria-hidden=\"true\"><\/i><p><\/p>\r\n<h3 style=\"font-size: 10px\">MONITORAMENTO<br>FACEBOOK<\/h3>\r\n<\/a><p><a href=\"..\/pt\/software-espiao-facebook\/\"><\/a>\r\n<\/p><\/div>\r\n<div class=\"col-xs-2-5 col-sm-1-5 col-md-1-5\">\r\n<a href=\"https:\/\/www.spymasterpro.com\/it\/spiare-snapchat\/\"><i class=\"fa fa-snapchat-ghost\" aria-hidden=\"true\"><\/i><p><\/p>\r\n<h3 style=\"font-size: 10px\">RASTREAMENTO <br>SNAPCHAT<\/h3>\r\n<\/a><p><a href=\"..\/pt\/espiao-snapchat\/\"><\/a>\r\n<\/p><\/div>\r\n<div class=\"col-xs-2-5 col-sm-1-5 col-md-1-5\">\r\n<a href=\"https:\/\/www.spymasterpro.com\/it\/spiare-instagram\/\"><i class=\"fa fa-instagram\" aria-hidden=\"true\"><\/i><p><\/p>\r\n<h3 style=\"font-size: 10px\">RASTREAMENTO <br>INSTAGRAM<\/h3>\r\n<\/a><p><a href=\"..\/pt\/espiao-instagram\/\"><\/a>\r\n<\/p><\/div>\r\n<div class=\"col-xs-2-5 col-sm-1-5 col-md-1-5\">\r\n<a href=\"#\"><i class=\"fa fa-download\" aria-hidden=\"true\"><\/i><p><\/p>\r\n<h3 style=\"font-size: 10px\">APPS <br>INSTALADOS<\/h3>\r\n<\/a><\/div>\r\n<div class=\"col-xs-2-5 col-sm-1-5 col-md-1-5\">\r\n<a href=\"https:\/\/www.spymasterpro.com\/it\/tracciamento-gps-del-telefono\/\"><i class=\"fa fa-map-marker\" aria-hidden=\"true\"><\/i><p><\/p>\r\n<h3 style=\"font-size: 10px\">MONITORAMENTO DE <br>GPS<\/h3>\r\n<\/a><\/div>\r\n<div class=\"col-xs-2-5 col-sm-1-5 col-md-1-5\">\r\n<a href=\"#\"><i class=\"fa fa-picture-o\" aria-hidden=\"true\"><\/i><p><\/p>\r\n<h3 style=\"font-size: 10px\">MONITORAMENTO DE <br>MULTIM\u00cdDIA<\/h3>\r\n<\/a><\/div>\r\n<div class=\"col-xs-2-5 col-sm-1-5 col-md-1-5\">\r\n<a href=\"#\"><i class=\"fa fa-chrome\" aria-hidden=\"true\"><\/i><p><\/p>\r\n<h3 style=\"font-size: 10px\">HIST\u00d3RICO DO <br>NAVEGADOR DA WEB<\/h3>\r\n<\/a><\/div>\r\n<div class=\"col-xs-2-5 col-sm-1-5 col-md-1-5\">\r\n<a href=\"#\"><i class=\"fa fa-envelope\" aria-hidden=\"true\"><\/i><p><\/p>\r\n<h3 style=\"font-size: 10px\">RASTREAMENTO DE <br>EMAIL<\/h3>\r\n<\/a><\/div>\r\n<div class=\"col-xs-2-5 col-sm-1-5 col-md-1-5\">\r\n<a href=\"https:\/\/www.spymasterpro.com\/it\/hangout-spia\/\"><i class=\"fa fa-quote-right\" aria-hidden=\"true\"><\/i><p><\/p>\r\n<h3 style=\"font-size: 10px\">RASTREAMENTO DE <br>HANGOUTS<\/h3>\r\n<\/a><\/div>\r\n<div class=\"col-xs-2-5 col-sm-1-5 col-md-1-5\">\r\n<a href=\"https:\/\/www.spymasterpro.com\/it\/viber-spia\/\"><i class=\"fa fa-volume-control-phone\" aria-hidden=\"true\"><\/i><p><\/p>\r\n<h3 style=\"font-size: 10px\">RASTREAMENTO DE <br>VIBER<\/h3>\r\n<\/a><\/div>\r\n<\/div>\r\n<\/div>\r\n<\/div>\r\n<\/div>\r\n<\/section>\r\n<\/div>\r\n\r\nNoi di solito leggiamo in giornali oppure ascoltiamo notizie notturne come gli Smartphone si stanno trasformando in una rovina per essere umani. Per\u00f2 adesso, non c\u2019\u00e8 il bisogno di preoccuparsi perch\u00e9 ce l\u2019hai l\u2019approccio <strong><b>verso l\u2019applicazione per il monitoraggio dei cellulari pi\u00f9 affidabile al mondo<\/b><\/strong>. <strong><b>Acquista Spymaster Pro oggi <\/b><\/strong>per monitorare le persone a cui vuoi bene e salvali da qualsiasi tipo del pericolo.\r\n","protected":false},"excerpt":{"rendered":"<p>Ti stai chiedendo come poter spiare sul Samsung Note 9? Congratulazioni per essendo sulla pagina giusta! Noi abitiamo nel mondo dove, gi\u00e0, l\u2019adozione di nuova tecnologia succede in mulinello-dove gratificazione derivata da uno tecnologico vive poco. Noi sempre stiamo cercando per le nuove innovazioni. Quindi, qui stiamo mettendo in luce la nuova versione di Samsung &hellip; <a href=\"https:\/\/www.spymasterpro.com\/it\/spia-sul-samsung-note-9-con-spymaster-pro\/\" class=\"more-link\">Continue reading<span class=\"screen-reader-text\"> &#8220;Spia sul Samsung Note 9 con Spymaster Pro&#8221;<\/span><\/a><\/p>\n","protected":false},"author":1,"featured_media":0,"parent":0,"menu_order":0,"comment_status":"closed","ping_status":"closed","template":"","meta":{"_acf_changed":false,"footnotes":""},"class_list":["post-1771","page","type-page","status-publish","hentry"],"acf":[],"yoast_head":"<!-- This site is optimized with the Yoast SEO plugin v27.1.1 - https:\/\/yoast.com\/product\/yoast-seo-wordpress\/ -->\n<title>Spia sul Samsung Note 9 con Spymaster Pro - SpymasterPro<\/title>\n<meta name=\"robots\" content=\"index, follow, max-snippet:-1, max-image-preview:large, max-video-preview:-1\" \/>\n<link rel=\"canonical\" href=\"https:\/\/www.spymasterpro.com\/it\/spia-sul-samsung-note-9-con-spymaster-pro\/\" \/>\n<meta property=\"og:locale\" content=\"en_US\" \/>\n<meta property=\"og:type\" content=\"article\" \/>\n<meta property=\"og:title\" content=\"Spia sul Samsung Note 9 con Spymaster Pro - SpymasterPro\" \/>\n<meta property=\"og:description\" content=\"Ti stai chiedendo come poter spiare sul Samsung Note 9? Congratulazioni per essendo sulla pagina giusta! Noi abitiamo nel mondo dove, gi\u00e0, l\u2019adozione di nuova tecnologia succede in mulinello-dove gratificazione derivata da uno tecnologico vive poco. Noi sempre stiamo cercando per le nuove innovazioni. Quindi, qui stiamo mettendo in luce la nuova versione di Samsung &hellip; Continue reading &quot;Spia sul Samsung Note 9 con Spymaster Pro&quot;\" \/>\n<meta property=\"og:url\" content=\"https:\/\/www.spymasterpro.com\/it\/spia-sul-samsung-note-9-con-spymaster-pro\/\" \/>\n<meta property=\"og:site_name\" content=\"SpymasterPro\" \/>\n<meta property=\"article:modified_time\" content=\"2019-05-02T12:11:40+00:00\" \/>\n<meta property=\"og:image\" content=\"https:\/\/www.spymasterpro.com\/it\/wp-content\/uploads\/2018\/08\/it.png\" \/>\n<meta name=\"twitter:card\" content=\"summary_large_image\" \/>\n<meta name=\"twitter:label1\" content=\"Est. reading time\" \/>\n\t<meta name=\"twitter:data1\" content=\"2 minutes\" \/>\n<script type=\"application\/ld+json\" class=\"yoast-schema-graph\">{\"@context\":\"https:\/\/schema.org\",\"@graph\":[{\"@type\":\"WebPage\",\"@id\":\"https:\/\/www.spymasterpro.com\/it\/spia-sul-samsung-note-9-con-spymaster-pro\/\",\"url\":\"https:\/\/www.spymasterpro.com\/it\/spia-sul-samsung-note-9-con-spymaster-pro\/\",\"name\":\"Spia sul Samsung Note 9 con Spymaster Pro - SpymasterPro\",\"isPartOf\":{\"@id\":\"https:\/\/www.spymasterpro.com\/it\/#website\"},\"primaryImageOfPage\":{\"@id\":\"https:\/\/www.spymasterpro.com\/it\/spia-sul-samsung-note-9-con-spymaster-pro\/#primaryimage\"},\"image\":{\"@id\":\"https:\/\/www.spymasterpro.com\/it\/spia-sul-samsung-note-9-con-spymaster-pro\/#primaryimage\"},\"thumbnailUrl\":\"https:\/\/www.spymasterpro.com\/it\/wp-content\/uploads\/2018\/08\/it.png\",\"datePublished\":\"2018-08-14T10:09:01+00:00\",\"dateModified\":\"2019-05-02T12:11:40+00:00\",\"breadcrumb\":{\"@id\":\"https:\/\/www.spymasterpro.com\/it\/spia-sul-samsung-note-9-con-spymaster-pro\/#breadcrumb\"},\"inLanguage\":\"en-US\",\"potentialAction\":[{\"@type\":\"ReadAction\",\"target\":[\"https:\/\/www.spymasterpro.com\/it\/spia-sul-samsung-note-9-con-spymaster-pro\/\"]}]},{\"@type\":\"ImageObject\",\"inLanguage\":\"en-US\",\"@id\":\"https:\/\/www.spymasterpro.com\/it\/spia-sul-samsung-note-9-con-spymaster-pro\/#primaryimage\",\"url\":\"https:\/\/www.spymasterpro.com\/it\/wp-content\/uploads\/2018\/08\/it.png\",\"contentUrl\":\"https:\/\/www.spymasterpro.com\/it\/wp-content\/uploads\/2018\/08\/it.png\",\"width\":650,\"height\":350},{\"@type\":\"BreadcrumbList\",\"@id\":\"https:\/\/www.spymasterpro.com\/it\/spia-sul-samsung-note-9-con-spymaster-pro\/#breadcrumb\",\"itemListElement\":[{\"@type\":\"ListItem\",\"position\":1,\"name\":\"Home\",\"item\":\"https:\/\/www.spymasterpro.com\/it\/\"},{\"@type\":\"ListItem\",\"position\":2,\"name\":\"Spia sul Samsung Note 9 con Spymaster Pro\"}]},{\"@type\":\"WebSite\",\"@id\":\"https:\/\/www.spymasterpro.com\/it\/#website\",\"url\":\"https:\/\/www.spymasterpro.com\/it\/\",\"name\":\"SpymasterPro\",\"description\":\"\",\"potentialAction\":[{\"@type\":\"SearchAction\",\"target\":{\"@type\":\"EntryPoint\",\"urlTemplate\":\"https:\/\/www.spymasterpro.com\/it\/?s={search_term_string}\"},\"query-input\":{\"@type\":\"PropertyValueSpecification\",\"valueRequired\":true,\"valueName\":\"search_term_string\"}}],\"inLanguage\":\"en-US\"}]}<\/script>\n<!-- \/ Yoast SEO plugin. -->","yoast_head_json":{"title":"Spia sul Samsung Note 9 con Spymaster Pro - SpymasterPro","robots":{"index":"index","follow":"follow","max-snippet":"max-snippet:-1","max-image-preview":"max-image-preview:large","max-video-preview":"max-video-preview:-1"},"canonical":"https:\/\/www.spymasterpro.com\/it\/spia-sul-samsung-note-9-con-spymaster-pro\/","og_locale":"en_US","og_type":"article","og_title":"Spia sul Samsung Note 9 con Spymaster Pro - SpymasterPro","og_description":"Ti stai chiedendo come poter spiare sul Samsung Note 9? Congratulazioni per essendo sulla pagina giusta! Noi abitiamo nel mondo dove, gi\u00e0, l\u2019adozione di nuova tecnologia succede in mulinello-dove gratificazione derivata da uno tecnologico vive poco. Noi sempre stiamo cercando per le nuove innovazioni. Quindi, qui stiamo mettendo in luce la nuova versione di Samsung &hellip; Continue reading \"Spia sul Samsung Note 9 con Spymaster Pro\"","og_url":"https:\/\/www.spymasterpro.com\/it\/spia-sul-samsung-note-9-con-spymaster-pro\/","og_site_name":"SpymasterPro","article_modified_time":"2019-05-02T12:11:40+00:00","og_image":[{"url":"https:\/\/www.spymasterpro.com\/it\/wp-content\/uploads\/2018\/08\/it.png","type":"","width":"","height":""}],"twitter_card":"summary_large_image","twitter_misc":{"Est. reading time":"2 minutes"},"schema":{"@context":"https:\/\/schema.org","@graph":[{"@type":"WebPage","@id":"https:\/\/www.spymasterpro.com\/it\/spia-sul-samsung-note-9-con-spymaster-pro\/","url":"https:\/\/www.spymasterpro.com\/it\/spia-sul-samsung-note-9-con-spymaster-pro\/","name":"Spia sul Samsung Note 9 con Spymaster Pro - SpymasterPro","isPartOf":{"@id":"https:\/\/www.spymasterpro.com\/it\/#website"},"primaryImageOfPage":{"@id":"https:\/\/www.spymasterpro.com\/it\/spia-sul-samsung-note-9-con-spymaster-pro\/#primaryimage"},"image":{"@id":"https:\/\/www.spymasterpro.com\/it\/spia-sul-samsung-note-9-con-spymaster-pro\/#primaryimage"},"thumbnailUrl":"https:\/\/www.spymasterpro.com\/it\/wp-content\/uploads\/2018\/08\/it.png","datePublished":"2018-08-14T10:09:01+00:00","dateModified":"2019-05-02T12:11:40+00:00","breadcrumb":{"@id":"https:\/\/www.spymasterpro.com\/it\/spia-sul-samsung-note-9-con-spymaster-pro\/#breadcrumb"},"inLanguage":"en-US","potentialAction":[{"@type":"ReadAction","target":["https:\/\/www.spymasterpro.com\/it\/spia-sul-samsung-note-9-con-spymaster-pro\/"]}]},{"@type":"ImageObject","inLanguage":"en-US","@id":"https:\/\/www.spymasterpro.com\/it\/spia-sul-samsung-note-9-con-spymaster-pro\/#primaryimage","url":"https:\/\/www.spymasterpro.com\/it\/wp-content\/uploads\/2018\/08\/it.png","contentUrl":"https:\/\/www.spymasterpro.com\/it\/wp-content\/uploads\/2018\/08\/it.png","width":650,"height":350},{"@type":"BreadcrumbList","@id":"https:\/\/www.spymasterpro.com\/it\/spia-sul-samsung-note-9-con-spymaster-pro\/#breadcrumb","itemListElement":[{"@type":"ListItem","position":1,"name":"Home","item":"https:\/\/www.spymasterpro.com\/it\/"},{"@type":"ListItem","position":2,"name":"Spia sul Samsung Note 9 con Spymaster Pro"}]},{"@type":"WebSite","@id":"https:\/\/www.spymasterpro.com\/it\/#website","url":"https:\/\/www.spymasterpro.com\/it\/","name":"SpymasterPro","description":"","potentialAction":[{"@type":"SearchAction","target":{"@type":"EntryPoint","urlTemplate":"https:\/\/www.spymasterpro.com\/it\/?s={search_term_string}"},"query-input":{"@type":"PropertyValueSpecification","valueRequired":true,"valueName":"search_term_string"}}],"inLanguage":"en-US"}]}},"_links":{"self":[{"href":"https:\/\/www.spymasterpro.com\/it\/wp-json\/wp\/v2\/pages\/1771","targetHints":{"allow":["GET"]}}],"collection":[{"href":"https:\/\/www.spymasterpro.com\/it\/wp-json\/wp\/v2\/pages"}],"about":[{"href":"https:\/\/www.spymasterpro.com\/it\/wp-json\/wp\/v2\/types\/page"}],"author":[{"embeddable":true,"href":"https:\/\/www.spymasterpro.com\/it\/wp-json\/wp\/v2\/users\/1"}],"replies":[{"embeddable":true,"href":"https:\/\/www.spymasterpro.com\/it\/wp-json\/wp\/v2\/comments?post=1771"}],"version-history":[{"count":0,"href":"https:\/\/www.spymasterpro.com\/it\/wp-json\/wp\/v2\/pages\/1771\/revisions"}],"wp:attachment":[{"href":"https:\/\/www.spymasterpro.com\/it\/wp-json\/wp\/v2\/media?parent=1771"}],"curies":[{"name":"wp","href":"https:\/\/api.w.org\/{rel}","templated":true}]}}