{"id":1661,"date":"2018-04-25T06:20:40","date_gmt":"2018-04-25T06:20:40","guid":{"rendered":"https:\/\/www.spymasterpro.com\/it\/?page_id=1661"},"modified":"2020-01-08T08:28:58","modified_gmt":"2020-01-08T08:28:58","slug":"hangout-spia","status":"publish","type":"page","link":"https:\/\/www.spymasterpro.com\/it\/hangout-spia\/","title":{"rendered":"Hangout Spia"},"content":{"rendered":"<section id=\"snapchat_banner\">\r\n<div class=\"container\">\r\n<div class=\"row\">\r\n<div class=\"col-xl-8 col-lg-8 col-md-8 col-sm-12 iphone_right_point\">\r\n<h4>Come spiare sull\u2019account Google Hangout tramite Spymaster Pro!<\/h4>\r\n<h6>Senza lo sforzo puoi monitorare le conversazioni Hangout di qualsiasi persona e tutto questo usando Spymaster Pro!<\/h6>\r\n<ul>\r\n \t<li>Tracciare al modo segreto qualsiasi Hangout conversazioni di qualsiasi persona e tutto questo nel modo molto facile<\/li>\r\n \t<li>Accedere a qualsiasi conversazione che erano fatte sul tuo pannello di controllo del tuo account per spiare<\/li>\r\n \t<li>Tutte le informazioni sorvegliate possono essere visibili in ogni momento per il tuo piacere personale<\/li>\r\n<\/ul>\r\n<div class=\"slider_btn\"><a class=\"blue_btn demo_btn\" href=\"https:\/\/www.spymasterpro.com\/it\/acquista-ora\/\">Acqista Ora<\/a><\/div>\r\n<\/div>\r\n<div class=\"col-xl-4 col-lg-4 col-md-4 hidden-sm-down iphone_left_img text-xs-center\"><img loading=\"lazy\" decoding=\"async\" class=\"alignnone\" title=\"Hangout Spia\" src=\"https:\/\/www.spymasterpro.com\/it\/wp-content\/uploads\/2018\/04\/hangouts_mobile.png\" alt=\"Hangout Spia\" width=\"217\" height=\"434\" \/><\/div>\r\n<\/div>\r\n<\/div>\r\n<\/section><section id=\"snapchat_info\">\r\n<div class=\"container\">\r\n<div class=\"row\">\r\n<div class=\"col-xs-12 text-xs-center\">\r\n\r\n<img decoding=\"async\" src=\"https:\/\/www.spymasterpro.com\/it\/wp-content\/uploads\/2018\/04\/hangout_icon.png\" alt=\"img\" \/>\r\n<h6>Il monitoraggio delle conversazioni Hangout<\/h6>\r\nLa nuova caratteristica del Hangout di Spymaster Pro ti lascer\u00e0 di spiare su qualsiasi conversazione Hangout di qualsiasi persona in tal modo che tu puoi scoprire cosa stanno per fare su questo centro di messaggi\r\n\r\n<\/div>\r\n<\/div>\r\n<\/div>\r\n<\/section><section id=\"snapchat_feature\">\r\n<div class=\"container\">\r\n<div class=\"row\">\r\n<div class=\"col-xs-12 text-xs-center\">\r\n<h3>Funzioni Spymaster Pro<\/h3>\r\n<\/div>\r\n<div class=\"col-md-3 col-sm-6 col-xs-12 text-xs-center\">\r\n<a href=\"https:\/\/www.spymasterpro.com\/it\/whatsapp-spiare\/\">\r\n<div class=\"snapchat_bx\">\r\n<i class=\"fa fa-whatsapp\" aria-hidden=\"true\"><!--tr--><\/i>\r\n<h6>Spiare WhatsApp<\/h6>\r\n<\/div>\r\n<\/a>\r\n<\/div>\r\n<div class=\"col-md-3 col-sm-6 col-xs-12 text-xs-center\">\r\n<a href=\"https:\/\/www.spymasterpro.com\/it\/spiare-conversazioni-facebook\/\">\r\n<div class=\"snapchat_bx\">\r\n<i class=\"fa fa-facebook-square\" aria-hidden=\"true\"><!--tr--><\/i>\r\n<h6>Spiare Facebook<\/h6>\r\n<\/div>\r\n<\/a>\r\n<\/div>\r\n<div class=\"col-md-3 col-sm-6 col-xs-12 text-xs-center\">\r\n<a href=\"https:\/\/www.spymasterpro.com\/it\/tracciamento-gps-del-telefono\/\">\r\n<div class=\"snapchat_bx\">\r\n<i class=\"fa fa-map-marker\" aria-hidden=\"true\"><!--tr--><\/i>\r\n<h6>Tracciamento GPS<\/h6>\r\n<\/div>\r\n<\/a>\r\n<\/div>\r\n<div class=\"col-md-3 col-sm-6 col-xs-12 text-xs-center\">\r\n<a href=\"https:\/\/www.spymasterpro.com\/it\/tracciamento-sms\/\">\r\n<div class=\"snapchat_bx\">\r\n<i class=\"fa fa-commenting-o\" aria-hidden=\"true\"><!--tr--><\/i>\r\n<h6>Tracciamento SMS<\/h6>\r\n<\/div>\r\n<\/a>\r\n<\/div>\r\n<div class=\"col-md-3 col-sm-6 col-xs-12 text-xs-center\">\r\n<a href=\"https:\/\/www.spymasterpro.com\/it\/monitoraggio-multimediale\/\">\r\n<div class=\"snapchat_bx\">\r\n<i class=\"fa fa-picture-o\" aria-hidden=\"true\"><!--tr--><\/i>\r\n<h6>Monitoraggio Foto<\/h6>\r\n<\/div>\r\n<\/a>\r\n<\/div>\r\n<div class=\"col-md-3 col-sm-6 col-xs-12 text-xs-center\">\r\n<a href=\"https:\/\/www.spymasterpro.com\/it\/tracker-registro-chiamate-mobile\/\">\r\n<div class=\"snapchat_bx\">\r\n<i class=\"fa fa-phone\" aria-hidden=\"true\"><!--tr--><\/i>\r\n<h6>Tracciamento del registro chiamate<\/h6>\r\n<\/div>\r\n<\/a>\r\n<\/div>\r\n<div class=\"col-md-3 col-sm-6 col-xs-12 text-xs-center\">\r\n<a href=\"https:\/\/www.spymasterpro.com\/it\/app-di-tracciamento-e-mail\/\">\r\n<div class=\"snapchat_bx\">\r\n<i class=\"fa fa-envelope-o\" aria-hidden=\"true\"><!--tr--><\/i>\r\n<h6>Tracciamento tramite e-mail<\/h6>\r\n<\/div>\r\n<\/a>\r\n<\/div>\r\n<div class=\"col-md-3 col-sm-6 col-xs-12 text-xs-center\">\r\n<a href=\"https:\/\/www.spymasterpro.com\/it\/spiare-snapchat\/\">\r\n<div class=\"snapchat_bx\">\r\n<i class=\"fa fa-snapchat-ghost\" aria-hidden=\"true\"><!--tr--><\/i>\r\n<h6>Spiare Snapchat<\/h6>\r\n<\/div>\r\n<\/a>\r\n<\/div>\r\n<\/div>\r\n<\/div>\r\n<\/section><section id=\"snapchat_safe_use\">\r\n<div class=\"container\">\r\n<div class=\"row\">\r\n<div class=\"col-xs-12 text-xs-center\">\r\n<h2>Sicuro Da Utilizzare<\/h2>\r\n<\/div>\r\n<div class=\"col-md-6 col-xs-12 safe_box\">\r\n<div class=\"col-sm-3 no_padding\">\r\n<div class=\"safe_bx_icon text-xs-center\"><img decoding=\"async\" src=\"https:\/\/spymasterpro.com\/wp-content\/uploads\/2017\/02\/safe_icon.png\" alt=\"img\" \/><\/div>\r\n<\/div>\r\n<div class=\"col-sm-9\">\r\n<div class=\"safe_bx_info\">\r\n<h6>Nessuna icona apparir\u00e0 sul telefono di destinazione<\/h6>\r\nQuesto software \u00e8 progettato sapientemente da esperti che rendeva invisibile. Esso fa il suo lavoro in modalit\u00e0 nascosta che hanno come destinazione utente non verr\u00e0 mai a sapere della sua esistenza il suo telefono.\r\n\r\n<\/div>\r\n<\/div>\r\n<\/div>\r\n<div class=\"col-md-6 col-xs-12 safe_box\">\r\n<div class=\"col-sm-3 no_padding\">\r\n<div class=\"safe_bx_icon text-xs-center\"><img decoding=\"async\" src=\"https:\/\/spymasterpro.com\/wp-content\/uploads\/2017\/02\/safe_icon2.png\" alt=\"img\" \/><\/div>\r\n<\/div>\r\n<div class=\"col-sm-9\">\r\n<div class=\"safe_bx_info\">\r\n<h6>Utente di destinazione non hanno alcun indizio<\/h6>\r\nPersona di destinazione non pu\u00f2 mai rendersi conto che qualcuno sta avendo un occhio segreto su di loro. Ora, nessuna necessit\u00e0 di sbirciare nei loro cellulari o chiedere loro qualsiasi cosa.\r\n\r\n<\/div>\r\n<\/div>\r\n<\/div>\r\n<div class=\"col-md-6 col-xs-12 safe_box\">\r\n<div class=\"col-sm-3 no_padding\">\r\n<div class=\"safe_bx_icon text-xs-center\"><img decoding=\"async\" src=\"https:\/\/spymasterpro.com\/wp-content\/uploads\/2017\/09\/safe_icon3.png\" alt=\"img\" \/><\/div>\r\n<\/div>\r\n<div class=\"col-sm-9\">\r\n<div class=\"safe_bx_info\">\r\n<h6>Il software funziona in modalit\u00e0 nascosta<\/h6>\r\nQuesto software silenziosamente copia ogni dettaglio del telefono target e inviarlo al tuo pannello di controllo. \u00c8 possibile accedere in qualsiasi momento al vostro spymaster pro conto\r\n\r\n<\/div>\r\n<\/div>\r\n<\/div>\r\n<div class=\"col-md-6 col-xs-12 safe_box\">\r\n<div class=\"col-sm-3 no_padding\">\r\n<div class=\"safe_bx_icon text-xs-center\"><img decoding=\"async\" src=\"https:\/\/spymasterpro.com\/wp-content\/uploads\/2017\/02\/safe_icon4.png\" alt=\"img\" \/><\/div>\r\n<\/div>\r\n<div class=\"col-sm-9\">\r\n<div class=\"safe_bx_info\">\r\n<h6>Funziona in modalit\u00e0 remota<\/h6>\r\nPersona di destinazione non pu\u00f2 mai rendersi conto che qualcuno sta avendo un occhio segreto su di loro. Ora, nessuna necessit\u00e0 di sbirciare nei loro cellulari o chiedere loro qualsiasi cosa.\r\n\r\n<\/div>\r\n<\/div>\r\n<\/div>\r\n<\/div>\r\n<\/div>\r\n<\/section><section id=\"iphone_spy_bottom\">\r\n<div class=\"container\">\r\n<div class=\"row\">\r\n<div class=\"col-xl-12 col-xs-12 col-sm-12 col-md-12 text-xs-center\">\r\n<div class=\"strip_txt\">\r\n\r\nOra acquista Spymaster Pro iPhone con uno sconto del 50% a soli $ 7,05\/ mese\r\n\r\n<\/div>\r\n<\/div>\r\n<div class=\"col-xl-12 col-xs-12 col-sm-12 col-md-12 strip_btn spy_btn feature_bottom text-xs-center\"><a class=\"blue_btn\" href=\"https:\/\/www.spymasterpro.com\/it\/sicuro-da-utilizzare\/\">Sicuro Da Utilizzare<\/a> <a class=\"white_btn demo_btn hidden-sm-down\" href=\"https:\/\/www.spymasterpro.com\/it\/acquista-ora\/\">Acquista Ora<\/a><\/div>\r\n<\/div>\r\n<\/div>","protected":false},"excerpt":{"rendered":"<p>Come spiare sull\u2019account Google Hangout tramite Spymaster Pro! Senza lo sforzo puoi monitorare le conversazioni Hangout di qualsiasi persona e tutto questo usando Spymaster Pro! Tracciare al modo segreto qualsiasi Hangout conversazioni di qualsiasi persona e tutto questo nel modo molto facile Accedere a qualsiasi conversazione che erano fatte sul tuo pannello di controllo del &hellip; <a href=\"https:\/\/www.spymasterpro.com\/it\/hangout-spia\/\" class=\"more-link\">Continue reading<span class=\"screen-reader-text\"> &#8220;Hangout Spia&#8221;<\/span><\/a><\/p>\n","protected":false},"author":1,"featured_media":0,"parent":0,"menu_order":0,"comment_status":"closed","ping_status":"closed","template":"page-full.php","meta":{"_acf_changed":false,"footnotes":""},"class_list":["post-1661","page","type-page","status-publish","hentry"],"acf":[],"yoast_head":"<!-- This site is optimized with the Yoast SEO plugin v27.1.1 - https:\/\/yoast.com\/product\/yoast-seo-wordpress\/ -->\n<title>Spia sull\u2019account Hangouts al modo segreto<\/title>\n<meta name=\"description\" content=\"Ora puoi Spiare i videoritrovi con le funzioni di Hangout Tracker di Spymaster Pro, puoi monitorare tutti i messaggi che sono stati inviati \/ ricevuti dal telefono cellulare.\" \/>\n<meta name=\"robots\" content=\"index, follow, max-snippet:-1, max-image-preview:large, max-video-preview:-1\" \/>\n<link rel=\"canonical\" href=\"https:\/\/www.spymasterpro.com\/it\/hangout-spia\/\" \/>\n<meta property=\"og:locale\" content=\"en_US\" \/>\n<meta property=\"og:type\" content=\"article\" \/>\n<meta property=\"og:title\" content=\"Spia sull\u2019account Hangouts al modo segreto\" \/>\n<meta property=\"og:description\" content=\"Ora puoi Spiare i videoritrovi con le funzioni di Hangout Tracker di Spymaster Pro, puoi monitorare tutti i messaggi che sono stati inviati \/ ricevuti dal telefono cellulare.\" \/>\n<meta property=\"og:url\" content=\"https:\/\/www.spymasterpro.com\/it\/hangout-spia\/\" \/>\n<meta property=\"og:site_name\" content=\"SpymasterPro\" \/>\n<meta property=\"article:modified_time\" content=\"2020-01-08T08:28:58+00:00\" \/>\n<meta property=\"og:image\" content=\"https:\/\/www.spymasterpro.com\/it\/wp-content\/uploads\/2018\/04\/hangouts_mobile.png\" \/>\n<meta name=\"twitter:card\" content=\"summary_large_image\" \/>\n<meta name=\"twitter:label1\" content=\"Est. reading time\" \/>\n\t<meta name=\"twitter:data1\" content=\"2 minutes\" \/>\n<script type=\"application\/ld+json\" class=\"yoast-schema-graph\">{\"@context\":\"https:\/\/schema.org\",\"@graph\":[{\"@type\":\"WebPage\",\"@id\":\"https:\/\/www.spymasterpro.com\/it\/hangout-spia\/\",\"url\":\"https:\/\/www.spymasterpro.com\/it\/hangout-spia\/\",\"name\":\"Spia sull\u2019account Hangouts al modo segreto\",\"isPartOf\":{\"@id\":\"https:\/\/www.spymasterpro.com\/it\/#website\"},\"primaryImageOfPage\":{\"@id\":\"https:\/\/www.spymasterpro.com\/it\/hangout-spia\/#primaryimage\"},\"image\":{\"@id\":\"https:\/\/www.spymasterpro.com\/it\/hangout-spia\/#primaryimage\"},\"thumbnailUrl\":\"https:\/\/www.spymasterpro.com\/it\/wp-content\/uploads\/2018\/04\/hangouts_mobile.png\",\"datePublished\":\"2018-04-25T06:20:40+00:00\",\"dateModified\":\"2020-01-08T08:28:58+00:00\",\"description\":\"Ora puoi Spiare i videoritrovi con le funzioni di Hangout Tracker di Spymaster Pro, puoi monitorare tutti i messaggi che sono stati inviati \/ ricevuti dal telefono cellulare.\",\"breadcrumb\":{\"@id\":\"https:\/\/www.spymasterpro.com\/it\/hangout-spia\/#breadcrumb\"},\"inLanguage\":\"en-US\",\"potentialAction\":[{\"@type\":\"ReadAction\",\"target\":[\"https:\/\/www.spymasterpro.com\/it\/hangout-spia\/\"]}]},{\"@type\":\"ImageObject\",\"inLanguage\":\"en-US\",\"@id\":\"https:\/\/www.spymasterpro.com\/it\/hangout-spia\/#primaryimage\",\"url\":\"https:\/\/www.spymasterpro.com\/it\/wp-content\/uploads\/2018\/04\/hangouts_mobile.png\",\"contentUrl\":\"https:\/\/www.spymasterpro.com\/it\/wp-content\/uploads\/2018\/04\/hangouts_mobile.png\",\"width\":217,\"height\":434},{\"@type\":\"BreadcrumbList\",\"@id\":\"https:\/\/www.spymasterpro.com\/it\/hangout-spia\/#breadcrumb\",\"itemListElement\":[{\"@type\":\"ListItem\",\"position\":1,\"name\":\"Home\",\"item\":\"https:\/\/www.spymasterpro.com\/it\/\"},{\"@type\":\"ListItem\",\"position\":2,\"name\":\"Hangout Spia\"}]},{\"@type\":\"WebSite\",\"@id\":\"https:\/\/www.spymasterpro.com\/it\/#website\",\"url\":\"https:\/\/www.spymasterpro.com\/it\/\",\"name\":\"SpymasterPro\",\"description\":\"\",\"potentialAction\":[{\"@type\":\"SearchAction\",\"target\":{\"@type\":\"EntryPoint\",\"urlTemplate\":\"https:\/\/www.spymasterpro.com\/it\/?s={search_term_string}\"},\"query-input\":{\"@type\":\"PropertyValueSpecification\",\"valueRequired\":true,\"valueName\":\"search_term_string\"}}],\"inLanguage\":\"en-US\"}]}<\/script>\n<!-- \/ Yoast SEO plugin. -->","yoast_head_json":{"title":"Spia sull\u2019account Hangouts al modo segreto","description":"Ora puoi Spiare i videoritrovi con le funzioni di Hangout Tracker di Spymaster Pro, puoi monitorare tutti i messaggi che sono stati inviati \/ ricevuti dal telefono cellulare.","robots":{"index":"index","follow":"follow","max-snippet":"max-snippet:-1","max-image-preview":"max-image-preview:large","max-video-preview":"max-video-preview:-1"},"canonical":"https:\/\/www.spymasterpro.com\/it\/hangout-spia\/","og_locale":"en_US","og_type":"article","og_title":"Spia sull\u2019account Hangouts al modo segreto","og_description":"Ora puoi Spiare i videoritrovi con le funzioni di Hangout Tracker di Spymaster Pro, puoi monitorare tutti i messaggi che sono stati inviati \/ ricevuti dal telefono cellulare.","og_url":"https:\/\/www.spymasterpro.com\/it\/hangout-spia\/","og_site_name":"SpymasterPro","article_modified_time":"2020-01-08T08:28:58+00:00","og_image":[{"url":"https:\/\/www.spymasterpro.com\/it\/wp-content\/uploads\/2018\/04\/hangouts_mobile.png","type":"","width":"","height":""}],"twitter_card":"summary_large_image","twitter_misc":{"Est. reading time":"2 minutes"},"schema":{"@context":"https:\/\/schema.org","@graph":[{"@type":"WebPage","@id":"https:\/\/www.spymasterpro.com\/it\/hangout-spia\/","url":"https:\/\/www.spymasterpro.com\/it\/hangout-spia\/","name":"Spia sull\u2019account Hangouts al modo segreto","isPartOf":{"@id":"https:\/\/www.spymasterpro.com\/it\/#website"},"primaryImageOfPage":{"@id":"https:\/\/www.spymasterpro.com\/it\/hangout-spia\/#primaryimage"},"image":{"@id":"https:\/\/www.spymasterpro.com\/it\/hangout-spia\/#primaryimage"},"thumbnailUrl":"https:\/\/www.spymasterpro.com\/it\/wp-content\/uploads\/2018\/04\/hangouts_mobile.png","datePublished":"2018-04-25T06:20:40+00:00","dateModified":"2020-01-08T08:28:58+00:00","description":"Ora puoi Spiare i videoritrovi con le funzioni di Hangout Tracker di Spymaster Pro, puoi monitorare tutti i messaggi che sono stati inviati \/ ricevuti dal telefono cellulare.","breadcrumb":{"@id":"https:\/\/www.spymasterpro.com\/it\/hangout-spia\/#breadcrumb"},"inLanguage":"en-US","potentialAction":[{"@type":"ReadAction","target":["https:\/\/www.spymasterpro.com\/it\/hangout-spia\/"]}]},{"@type":"ImageObject","inLanguage":"en-US","@id":"https:\/\/www.spymasterpro.com\/it\/hangout-spia\/#primaryimage","url":"https:\/\/www.spymasterpro.com\/it\/wp-content\/uploads\/2018\/04\/hangouts_mobile.png","contentUrl":"https:\/\/www.spymasterpro.com\/it\/wp-content\/uploads\/2018\/04\/hangouts_mobile.png","width":217,"height":434},{"@type":"BreadcrumbList","@id":"https:\/\/www.spymasterpro.com\/it\/hangout-spia\/#breadcrumb","itemListElement":[{"@type":"ListItem","position":1,"name":"Home","item":"https:\/\/www.spymasterpro.com\/it\/"},{"@type":"ListItem","position":2,"name":"Hangout Spia"}]},{"@type":"WebSite","@id":"https:\/\/www.spymasterpro.com\/it\/#website","url":"https:\/\/www.spymasterpro.com\/it\/","name":"SpymasterPro","description":"","potentialAction":[{"@type":"SearchAction","target":{"@type":"EntryPoint","urlTemplate":"https:\/\/www.spymasterpro.com\/it\/?s={search_term_string}"},"query-input":{"@type":"PropertyValueSpecification","valueRequired":true,"valueName":"search_term_string"}}],"inLanguage":"en-US"}]}},"_links":{"self":[{"href":"https:\/\/www.spymasterpro.com\/it\/wp-json\/wp\/v2\/pages\/1661","targetHints":{"allow":["GET"]}}],"collection":[{"href":"https:\/\/www.spymasterpro.com\/it\/wp-json\/wp\/v2\/pages"}],"about":[{"href":"https:\/\/www.spymasterpro.com\/it\/wp-json\/wp\/v2\/types\/page"}],"author":[{"embeddable":true,"href":"https:\/\/www.spymasterpro.com\/it\/wp-json\/wp\/v2\/users\/1"}],"replies":[{"embeddable":true,"href":"https:\/\/www.spymasterpro.com\/it\/wp-json\/wp\/v2\/comments?post=1661"}],"version-history":[{"count":0,"href":"https:\/\/www.spymasterpro.com\/it\/wp-json\/wp\/v2\/pages\/1661\/revisions"}],"wp:attachment":[{"href":"https:\/\/www.spymasterpro.com\/it\/wp-json\/wp\/v2\/media?parent=1661"}],"curies":[{"name":"wp","href":"https:\/\/api.w.org\/{rel}","templated":true}]}}