{"id":1639,"date":"2018-03-31T06:49:00","date_gmt":"2018-03-31T06:49:00","guid":{"rendered":"https:\/\/www.spymasterpro.com\/it\/?page_id=1639"},"modified":"2020-10-01T11:56:14","modified_gmt":"2020-10-01T11:56:14","slug":"spia-con-samsung-galaxy-s9-usando-spymaster-pro","status":"publish","type":"page","link":"https:\/\/www.spymasterpro.com\/it\/spia-con-samsung-galaxy-s9-usando-spymaster-pro\/","title":{"rendered":"Spia con Samsung Galaxy S9+ usando Spymaster Pro"},"content":{"rendered":"<center><img loading=\"lazy\" decoding=\"async\" class=\"aligncenter wp-image-1640 size-medium\" title=\"Spia con Samsung Galaxy S9+\" src=\"https:\/\/www.spymasterpro.com\/it\/wp-content\/uploads\/2018\/03\/Untitled-design9-300x162.png\" alt=\"Spia con Samsung Galaxy S9+\" width=\"300\" height=\"162\" srcset=\"https:\/\/www.spymasterpro.com\/it\/wp-content\/uploads\/2018\/03\/Untitled-design9-300x162.png 300w, https:\/\/www.spymasterpro.com\/it\/wp-content\/uploads\/2018\/03\/Untitled-design9-600x323.png 600w, https:\/\/www.spymasterpro.com\/it\/wp-content\/uploads\/2018\/03\/Untitled-design9.png 650w\" sizes=\"auto, (max-width: 300px) 85vw, 300px\" \/><\/center>Quando si deve scegliere quale cellulare \u00e8 perfetto per comprare, un nome che si accende nella mente dei consumatori sicuramente \u00e8 il cellulare Samsung. La marca senza nessun dubbio possiede il nome molto grande sul mercato dei cellulari, nel modo di presentare una forte competizione per Apple.\r\n\r\nRecentemente, ci sono state tantissime speculazioni in mercato per quanto riguarda del nuovo arrivo dei cellulari Samsung. Allora, per tutti quelli ammiratori di Samsung che sono curiosi di sapere di loro cellulari, possiamo dire che il momento giusto \u00e8 appena arrivato. Samsung ha svelato poco tempo fa la sua top lista di Samsung Galaxy S9 e S9+ cellulari in mercato. E con questo, la clientela sembra di essere molto entusiasta per quanto riguarda questo progetto. Perch\u00e9 no! Samsung non ha mai deluso i suoi clienti quando si tratta dell\u2019usabilit\u00e0, funzionalit\u00e0, le specificazioni, ecc.\r\n\r\n<strong>Samsung Galaxy S9 contro Samsung Galaxy S9+<\/strong>\r\n\r\nTutti e due, sia Samsung Galaxy S9 sia Samsung Galaxy S9+ non hanno tantissimi cambiamenti cruciali nel sistema dei loro cellulari, per\u00f2, s\u00ec, ci sono alcune variazioni in tutte e due cellulari che sono sopra menzionati:\r\n<div class=\"spy-viber-it-change\">\r\n<ul>\r\n \t<li><strong>La dimensione dello schermo:<\/strong> Samsung Galaxy S9+ offre lo schermo pi\u00f9 grande che \u00e8 6.2 in paragone con 5.8 che \u00e8 la dimensione di Samsung Galaxy S9<\/li>\r\n \t<li><strong>Batteria:<\/strong> Samsung Galaxy S9+ offre la riserva della batteria con 3500 mAh, mentre la versione S9 offre 3000 mAh per quanto riguarda la durata della batteria<\/li>\r\n \t<li><strong>RAM:<\/strong> Anche, quandi si parla di RAM del cellulare, Samsung Galaxy S9+ ha il RAM di 6 GB e invece Galaxy S9 consiste in 4 GB.<\/li>\r\n \t<li><strong>Larghezza:<\/strong> Infine, larghezza della variante di S9+ \u00e8 189gm, mentre quella di Samsung Galaxy S9 \u00e8 163 gm.<\/li>\r\n<\/ul>\r\n<\/div>\r\nQuindi, hai gi\u00e0 comprato il cellulare che vuoi regalare alle persone a cui vuoi bene oppure ancora non lo hai fatto ma stai pianificando? Allora, se questa \u00e8 la risposta, vai subito e compralo, perch\u00e9 il tuo preferito Spymaster Pro \u00e8 compatibile sia con Samsung Galaxy S9 Plus sia con S9.\r\n\r\nNella nostra precedente edizione di blog, abbiamo annunciato la compatibilit\u00e0 di Spymaster Pro con il cellulare Samsung Galaxy S9. E al momento, quando Samsung Galaxy \u00e8 stato lanciato al mercato, abbiamo pensato perch\u00e9 non condividere questa ottima notizia con voi.\r\n\r\n<strong>Quindi, senza sprecarvi tanto tempo, solamente vi aiuteremo con le istruzioni per quanto riguarda l\u2019installazione di Spymaster Pro in cellulare di Samsung Galaxy S9+:<\/strong>\r\n<div class=\"spy-viber-it-change\">\r\n<ul>\r\n \t<li>In modo da installare il software in cellulare di Samsung Galaxy S9+, ricevete la richiesta di avere l\u2019accesso al cellulare.<\/li>\r\n \t<li>Passo successivo \u00e8 di comprare il software visitanto questo link sul sito web: <a href=\"https:\/\/www.spymasterpro.com\/it\/\"><strong>www.spymasterpro.com\/it<\/strong><\/a>, comprare il software cliccando il bottone compra adesso e procedi di fare check-out.<\/li>\r\n \t<li>Dopodich\u00e8, riceverai la mail della registrazione sul tuo indirizzo email che devi aprire allo scopo di scaricare ed installare il software per il cellulare desiderato che vuoi che diventa sorvegliato.<\/li>\r\n \t<li>Una volta fatto, puoi tenere da parte il cellulare che rappresenta l\u2019obbiettivo e fai il monitoraggio di ogni attivit\u00e0 di quel cellulare dal tuo desktop oppure dal cellulare, qualsiasi aggeggio che vuoi usare.<\/li>\r\n<\/ul>\r\n<\/div>\r\nQuindi, senza perdere troppo tempo, comprate questo software oggi e fate la spia di ogni Samsung Galaxy S9+, al tempo remoto.\r\n<div class=\"strip_btn feature_bottom text-xs-center\"><a class=\"blue_btn\" href=\"https:\/\/www.spymasterpro.com\/it\/android-spia\/\">Android Spia<\/a> <a class=\"white_btn demo_btn\" href=\"https:\/\/www.spymasterpro.com\/it\/acquista-ora\/\">Acquista Ora<\/a><\/div>","protected":false},"excerpt":{"rendered":"<p>Quando si deve scegliere quale cellulare \u00e8 perfetto per comprare, un nome che si accende nella mente dei consumatori sicuramente \u00e8 il cellulare Samsung. La marca senza nessun dubbio possiede il nome molto grande sul mercato dei cellulari, nel modo di presentare una forte competizione per Apple. Recentemente, ci sono state tantissime speculazioni in mercato &hellip; <a href=\"https:\/\/www.spymasterpro.com\/it\/spia-con-samsung-galaxy-s9-usando-spymaster-pro\/\" class=\"more-link\">Continue reading<span class=\"screen-reader-text\"> &#8220;Spia con Samsung Galaxy S9+ usando Spymaster Pro&#8221;<\/span><\/a><\/p>\n","protected":false},"author":1,"featured_media":0,"parent":0,"menu_order":0,"comment_status":"closed","ping_status":"closed","template":"","meta":{"_acf_changed":false,"footnotes":""},"class_list":["post-1639","page","type-page","status-publish","hentry"],"acf":[],"yoast_head":"<!-- This site is optimized with the Yoast SEO plugin v27.1.1 - https:\/\/yoast.com\/product\/yoast-seo-wordpress\/ -->\n<title>Spia sul Samsung Galaxy S9 Plus<\/title>\n<meta name=\"description\" content=\"Stai cercando la migliore app per spiare i telefoni cellulari? Prova il nostro software Spymaster Pro per spiare il Samsung Galaxy S9 plus.\" \/>\n<meta name=\"robots\" content=\"index, follow, max-snippet:-1, max-image-preview:large, max-video-preview:-1\" \/>\n<link rel=\"canonical\" href=\"https:\/\/www.spymasterpro.com\/it\/spia-con-samsung-galaxy-s9-usando-spymaster-pro\/\" \/>\n<meta property=\"og:locale\" content=\"en_US\" \/>\n<meta property=\"og:type\" content=\"article\" \/>\n<meta property=\"og:title\" content=\"Spia sul Samsung Galaxy S9 Plus\" \/>\n<meta property=\"og:description\" content=\"Stai cercando la migliore app per spiare i telefoni cellulari? Prova il nostro software Spymaster Pro per spiare il Samsung Galaxy S9 plus.\" \/>\n<meta property=\"og:url\" content=\"https:\/\/www.spymasterpro.com\/it\/spia-con-samsung-galaxy-s9-usando-spymaster-pro\/\" \/>\n<meta property=\"og:site_name\" content=\"SpymasterPro\" \/>\n<meta property=\"article:modified_time\" content=\"2020-10-01T11:56:14+00:00\" \/>\n<meta property=\"og:image\" content=\"https:\/\/www.spymasterpro.com\/it\/wp-content\/uploads\/2018\/03\/Untitled-design9-300x162.png\" \/>\n<meta name=\"twitter:card\" content=\"summary_large_image\" \/>\n<meta name=\"twitter:label1\" content=\"Est. reading time\" \/>\n\t<meta name=\"twitter:data1\" content=\"3 minutes\" \/>\n<script type=\"application\/ld+json\" class=\"yoast-schema-graph\">{\"@context\":\"https:\/\/schema.org\",\"@graph\":[{\"@type\":\"WebPage\",\"@id\":\"https:\/\/www.spymasterpro.com\/it\/spia-con-samsung-galaxy-s9-usando-spymaster-pro\/\",\"url\":\"https:\/\/www.spymasterpro.com\/it\/spia-con-samsung-galaxy-s9-usando-spymaster-pro\/\",\"name\":\"Spia sul Samsung Galaxy S9 Plus\",\"isPartOf\":{\"@id\":\"https:\/\/www.spymasterpro.com\/it\/#website\"},\"primaryImageOfPage\":{\"@id\":\"https:\/\/www.spymasterpro.com\/it\/spia-con-samsung-galaxy-s9-usando-spymaster-pro\/#primaryimage\"},\"image\":{\"@id\":\"https:\/\/www.spymasterpro.com\/it\/spia-con-samsung-galaxy-s9-usando-spymaster-pro\/#primaryimage\"},\"thumbnailUrl\":\"https:\/\/www.spymasterpro.com\/it\/wp-content\/uploads\/2018\/03\/Untitled-design9-300x162.png\",\"datePublished\":\"2018-03-31T06:49:00+00:00\",\"dateModified\":\"2020-10-01T11:56:14+00:00\",\"description\":\"Stai cercando la migliore app per spiare i telefoni cellulari? Prova il nostro software Spymaster Pro per spiare il Samsung Galaxy S9 plus.\",\"breadcrumb\":{\"@id\":\"https:\/\/www.spymasterpro.com\/it\/spia-con-samsung-galaxy-s9-usando-spymaster-pro\/#breadcrumb\"},\"inLanguage\":\"en-US\",\"potentialAction\":[{\"@type\":\"ReadAction\",\"target\":[\"https:\/\/www.spymasterpro.com\/it\/spia-con-samsung-galaxy-s9-usando-spymaster-pro\/\"]}]},{\"@type\":\"ImageObject\",\"inLanguage\":\"en-US\",\"@id\":\"https:\/\/www.spymasterpro.com\/it\/spia-con-samsung-galaxy-s9-usando-spymaster-pro\/#primaryimage\",\"url\":\"https:\/\/www.spymasterpro.com\/it\/wp-content\/uploads\/2018\/03\/Untitled-design9.png\",\"contentUrl\":\"https:\/\/www.spymasterpro.com\/it\/wp-content\/uploads\/2018\/03\/Untitled-design9.png\",\"width\":650,\"height\":350,\"caption\":\"Samsung Galaxy s9+\"},{\"@type\":\"BreadcrumbList\",\"@id\":\"https:\/\/www.spymasterpro.com\/it\/spia-con-samsung-galaxy-s9-usando-spymaster-pro\/#breadcrumb\",\"itemListElement\":[{\"@type\":\"ListItem\",\"position\":1,\"name\":\"Home\",\"item\":\"https:\/\/www.spymasterpro.com\/it\/\"},{\"@type\":\"ListItem\",\"position\":2,\"name\":\"Spia con Samsung Galaxy S9+ usando Spymaster Pro\"}]},{\"@type\":\"WebSite\",\"@id\":\"https:\/\/www.spymasterpro.com\/it\/#website\",\"url\":\"https:\/\/www.spymasterpro.com\/it\/\",\"name\":\"SpymasterPro\",\"description\":\"\",\"potentialAction\":[{\"@type\":\"SearchAction\",\"target\":{\"@type\":\"EntryPoint\",\"urlTemplate\":\"https:\/\/www.spymasterpro.com\/it\/?s={search_term_string}\"},\"query-input\":{\"@type\":\"PropertyValueSpecification\",\"valueRequired\":true,\"valueName\":\"search_term_string\"}}],\"inLanguage\":\"en-US\"}]}<\/script>\n<!-- \/ Yoast SEO plugin. -->","yoast_head_json":{"title":"Spia sul Samsung Galaxy S9 Plus","description":"Stai cercando la migliore app per spiare i telefoni cellulari? Prova il nostro software Spymaster Pro per spiare il Samsung Galaxy S9 plus.","robots":{"index":"index","follow":"follow","max-snippet":"max-snippet:-1","max-image-preview":"max-image-preview:large","max-video-preview":"max-video-preview:-1"},"canonical":"https:\/\/www.spymasterpro.com\/it\/spia-con-samsung-galaxy-s9-usando-spymaster-pro\/","og_locale":"en_US","og_type":"article","og_title":"Spia sul Samsung Galaxy S9 Plus","og_description":"Stai cercando la migliore app per spiare i telefoni cellulari? Prova il nostro software Spymaster Pro per spiare il Samsung Galaxy S9 plus.","og_url":"https:\/\/www.spymasterpro.com\/it\/spia-con-samsung-galaxy-s9-usando-spymaster-pro\/","og_site_name":"SpymasterPro","article_modified_time":"2020-10-01T11:56:14+00:00","og_image":[{"url":"https:\/\/www.spymasterpro.com\/it\/wp-content\/uploads\/2018\/03\/Untitled-design9-300x162.png","type":"","width":"","height":""}],"twitter_card":"summary_large_image","twitter_misc":{"Est. reading time":"3 minutes"},"schema":{"@context":"https:\/\/schema.org","@graph":[{"@type":"WebPage","@id":"https:\/\/www.spymasterpro.com\/it\/spia-con-samsung-galaxy-s9-usando-spymaster-pro\/","url":"https:\/\/www.spymasterpro.com\/it\/spia-con-samsung-galaxy-s9-usando-spymaster-pro\/","name":"Spia sul Samsung Galaxy S9 Plus","isPartOf":{"@id":"https:\/\/www.spymasterpro.com\/it\/#website"},"primaryImageOfPage":{"@id":"https:\/\/www.spymasterpro.com\/it\/spia-con-samsung-galaxy-s9-usando-spymaster-pro\/#primaryimage"},"image":{"@id":"https:\/\/www.spymasterpro.com\/it\/spia-con-samsung-galaxy-s9-usando-spymaster-pro\/#primaryimage"},"thumbnailUrl":"https:\/\/www.spymasterpro.com\/it\/wp-content\/uploads\/2018\/03\/Untitled-design9-300x162.png","datePublished":"2018-03-31T06:49:00+00:00","dateModified":"2020-10-01T11:56:14+00:00","description":"Stai cercando la migliore app per spiare i telefoni cellulari? Prova il nostro software Spymaster Pro per spiare il Samsung Galaxy S9 plus.","breadcrumb":{"@id":"https:\/\/www.spymasterpro.com\/it\/spia-con-samsung-galaxy-s9-usando-spymaster-pro\/#breadcrumb"},"inLanguage":"en-US","potentialAction":[{"@type":"ReadAction","target":["https:\/\/www.spymasterpro.com\/it\/spia-con-samsung-galaxy-s9-usando-spymaster-pro\/"]}]},{"@type":"ImageObject","inLanguage":"en-US","@id":"https:\/\/www.spymasterpro.com\/it\/spia-con-samsung-galaxy-s9-usando-spymaster-pro\/#primaryimage","url":"https:\/\/www.spymasterpro.com\/it\/wp-content\/uploads\/2018\/03\/Untitled-design9.png","contentUrl":"https:\/\/www.spymasterpro.com\/it\/wp-content\/uploads\/2018\/03\/Untitled-design9.png","width":650,"height":350,"caption":"Samsung Galaxy s9+"},{"@type":"BreadcrumbList","@id":"https:\/\/www.spymasterpro.com\/it\/spia-con-samsung-galaxy-s9-usando-spymaster-pro\/#breadcrumb","itemListElement":[{"@type":"ListItem","position":1,"name":"Home","item":"https:\/\/www.spymasterpro.com\/it\/"},{"@type":"ListItem","position":2,"name":"Spia con Samsung Galaxy S9+ usando Spymaster Pro"}]},{"@type":"WebSite","@id":"https:\/\/www.spymasterpro.com\/it\/#website","url":"https:\/\/www.spymasterpro.com\/it\/","name":"SpymasterPro","description":"","potentialAction":[{"@type":"SearchAction","target":{"@type":"EntryPoint","urlTemplate":"https:\/\/www.spymasterpro.com\/it\/?s={search_term_string}"},"query-input":{"@type":"PropertyValueSpecification","valueRequired":true,"valueName":"search_term_string"}}],"inLanguage":"en-US"}]}},"_links":{"self":[{"href":"https:\/\/www.spymasterpro.com\/it\/wp-json\/wp\/v2\/pages\/1639","targetHints":{"allow":["GET"]}}],"collection":[{"href":"https:\/\/www.spymasterpro.com\/it\/wp-json\/wp\/v2\/pages"}],"about":[{"href":"https:\/\/www.spymasterpro.com\/it\/wp-json\/wp\/v2\/types\/page"}],"author":[{"embeddable":true,"href":"https:\/\/www.spymasterpro.com\/it\/wp-json\/wp\/v2\/users\/1"}],"replies":[{"embeddable":true,"href":"https:\/\/www.spymasterpro.com\/it\/wp-json\/wp\/v2\/comments?post=1639"}],"version-history":[{"count":0,"href":"https:\/\/www.spymasterpro.com\/it\/wp-json\/wp\/v2\/pages\/1639\/revisions"}],"wp:attachment":[{"href":"https:\/\/www.spymasterpro.com\/it\/wp-json\/wp\/v2\/media?parent=1639"}],"curies":[{"name":"wp","href":"https:\/\/api.w.org\/{rel}","templated":true}]}}