{"id":126,"date":"2015-01-02T10:48:21","date_gmt":"2015-01-02T10:48:21","guid":{"rendered":"https:\/\/www.spymasterpro.com\/it\/?page_id=126"},"modified":"2019-04-29T08:06:21","modified_gmt":"2019-04-29T08:06:21","slug":"domande-frequenti","status":"publish","type":"page","link":"https:\/\/www.spymasterpro.com\/it\/domande-frequenti\/","title":{"rendered":"Domande Frequenti"},"content":{"rendered":"<p style=\"text-align: justify;\"><b>1. Cosa \u00e8 Spymaster Pro?<\/b><\/p>\r\n<p style=\"text-align: justify;\">Spymaster Pro \u00e8 il pi\u00f9 avanzato software al mondo per spiare i telefonini, che vi permette di aver accesso a chiamate, messaggi, rubrica, mail, WhatsApp, Facebook, e molte altre cose, su qualsiasi telefono.<\/p>\r\n<p style=\"text-align: justify;\"><b>2. E&#8217; molto difficile installare Spymaster Pro?<\/b><\/p>\r\n<p style=\"text-align: justify;\">Installare Spymaster Pro \u00e8 molto facile e richiede solo pochi minuti, le istruzioni che spediamo sono molto chiare e vi seguono passo passo. Scoprite di pi\u00f9 nella sezione, <span style=\"text-decoration: underline; color: #0000ff;\"><span style=\"text-decoration: underline;\"><span style=\"text-decoration: underline;\"><a title=\"How to install\" href=\"https:\/\/www.spymasterpro.com\/it\/installazione-android\/\" target=\"_blank\" rel=\"noopener noreferrer\"><span style=\"text-decoration: underline; color: #0000ff;\">Come installare<\/span><\/a>.<\/span><\/span><\/span><\/p>\r\n<p style=\"text-align: justify;\"><b>3. Spymaster Pro funziona nel mio paese?<\/b><\/p>\r\n<p style=\"text-align: justify;\">Spymaster Pro funziona in tutti i paesi, tranne che nella Cina continentale<\/p>\r\n<p style=\"text-align: justify;\"><b>4. Come funziona Spymaster Pro<\/b><\/p>\r\n<p style=\"text-align: justify;\">Prima di tutto controllate che il telefono preso di mira sia compatibile con Spymaster Pro, nella nostra sezione\u00a0<strong><a href=\"https:\/\/www.spymasterpro.com\/it\/compatibilita\/\" target=\"_blank\" rel=\"noopener noreferrer\">compatibilit\u00e0<\/a><\/strong>.\u00a0Poi, visitate questa sezione <span style=\"text-decoration: underline; color: #0000ff;\"><span style=\"text-decoration: underline;\"><a title=\"Come funziona Spymaster Pro\" href=\"https:\/\/www.spymasterpro.com\/it\/come-funziona-spymaster-pro\/\" target=\"_blank\" rel=\"noopener noreferrer\"><span style=\"color: #0000ff; text-decoration: underline;\">Come funziona Spymaster Pro<\/span><\/a><\/span><\/span>.<\/p>\r\n<p style=\"text-align: justify;\"><b>5. Spymaster Pro \u00e8 in grado di spiare pi\u00f9 di un telefono ?<\/b><\/p>\r\n<p style=\"text-align: justify;\">Acquistando Spymaster Pro, \u00e8 possibile spiare solo un telefono per volta. E&#8217; necessario acquistare il software per ogni telefono che si vuole spiare.<\/p>\r\n<p style=\"text-align: justify;\"><b>6. Devo fare qualche cambiamento al mio telefono?<\/b><\/p>\r\n<p style=\"text-align: justify;\">No, il vostro telefono non necessita di alcuna modifica e il software non interferir\u00e0 con le altre attivit\u00e0 del telefono.<\/p>\r\n<p style=\"text-align: justify;\"><b>7. Qual \u00e8 la tecnologia dietro questo agente sotto copertura- il software Spymaster Pro?<\/b><\/p>\r\n<p style=\"text-align: justify;\">Il software funziona continuamente, senza alcuna interruzione, e memorizza ogni secondo su foglio XML sul server. Tramite questo foglio XML, le informazioni relative e necessarie vengono aggiornate sul vostro account, che potete controllare in ogni momento. Avrete i dettagli del vostro account, cio\u00e8: un numero di licenza unico, nome utente e password per gestire l&#8217;area utenti, dopo aver effettuato il pagamento. Quindi dovrete installare il software sul cellulare preso di mira e tenerlo d&#8217;occhio collegandovi al vostro account, tramite il vostro nome utente e la password, che vi manderemo via mail.<\/p>\r\n<p style=\"text-align: justify;\"><b>8. In caso avessi delle domande, come posso contattarvi ?<\/b><\/p>\r\n<p style=\"text-align: justify;\">Lavoriamo 24\/7 per voi, ci potete contattare qui : <span style=\"text-decoration: underline;\"><span style=\"color: #3366ff;\"><a href=\"mailto:support@spymasterpro.com\"><span style=\"color: #3366ff; text-decoration: underline;\">support@spymasterpro.com<\/span><\/a><\/span><\/span>.<\/p>\r\n<p style=\"text-align: justify;\"><b>9. Dopo aver fatto il pagamento, come ricever\u00f2 il software ?<\/b><\/p>\r\n<p style=\"text-align: justify;\">Fatto il pagamento, \u00e8 subito possibile scaricare Spymaster Pro. <a href=\"https:\/\/www.spymasterpro.com\/it\" target=\"_blank\" rel=\"noopener noreferrer\"><strong>Spymaster Pro<\/strong><\/a> \u00e8 un prodotto digitale, quindi non verr\u00e0 recapitato alla vostra porta in forma fisica come ogni altro prodotto, dovrete scaricarlo e installarlo.<\/p>\r\n<p style=\"text-align: justify;\"><b>10. Quanto costa fare l&#8217;upgrade del software ?<\/b><\/p>\r\n<p style=\"text-align: justify;\">Nel caso, in futuro, facessimo un upgrade del software, non chiederemo nessuna cifra per ottenerlo, dato che siete gi\u00e0 utenti .<\/p>\r\n<p style=\"text-align: justify;\"><b>11. Il telefono preso di mira, si accorger\u00e0 che ci ho installato del software ?<\/b><\/p>\r\n<p style=\"text-align: justify;\">No, il software \u00e8 assolutamente irrintracciabile, e non sar\u00e0 identificato dal possessore del telefono preso di mira. Il nostro software \u00e8 invisibile al 100%<\/p>\r\n<p style=\"text-align: justify;\"><b>12. Nel caso di un iPhone, se non \u00e8 stato ancora usato jail brake, sar\u00f2 in grado di installare il software ?<\/b><\/p>\r\n<p style=\"text-align: justify;\">S\u00ec, non c&#8217;\u00e8 bisogno che sul telefono preso di mira sia stato usato jail brake prima di installare il software.\u00a0Spymaster Pro \u00e8 compatibile con la versione <strong>di iOS 9 &#8211; 11.3\r\n<\/strong><\/p>\r\n<p style=\"text-align: justify;\"><b>13. posso cambiare le credenziali di iCloud nel mio account di iPhone SpyMaster?<\/b><b><\/b><\/p>\r\n<p style=\"text-align: justify;\">No, una volta che si compila eventuali credenziali di iCloud in un account, \u00e8 possibile modificarlo. Inoltre, se si desidera utilizzare altre credenziali di iCloud \u00e8 necessario acquistare nuovo abbonamento. Rimborso non pu\u00f2 essere elaborato per qualsiasi tale motivo come &#8220;Ho messo le mie proprie credenziali di iCloud in conto per sbaglio.&#8221; Devi comprare la nuova sottoscrizione se si desidera utilizzare le nuove credenziali di iCloud.<\/p>\r\n<p style=\"text-align: justify;\"><b>14. posso utilizzare account iPhone SpyMaster per monitorare pi\u00f9 iPhone?<\/b><\/p>\r\n<p style=\"text-align: justify;\">No, \u00e8 possibile monitorare un solo bersaglio iPhone con un iPhone account. Inoltre, si prega di essere prudenti durante l&#8217;immissione delle credenziali iCloud perch\u00e9 \u00e8 possibile utilizzare una sola credenziale iCloud che non pu\u00f2 essere successivamente modificata. Devi comprare il nuovo iPhone abbonamento per monitorare un altro account di iPhone.<\/p>\r\n<p style=\"text-align: justify;\"><b>15. Quanto tempo sar\u00e0 necessario per ricevere nel mio account le informazioni relative al dispositivo iPhone controllato?<\/b><\/p>\r\n<p style=\"text-align: justify;\">Una volta compilate le credenziali iCloud del dispositivo iPhone controllato, all&#8217;interno del tuo account, saranno necessarie circa 48-72 per ottenere le complete informazioni relative al dispositivo iPhone controllato.<\/p>\r\n<p style=\"text-align: justify;\"><b>16. Cosa succede se la verifica in due passaggi \u00e8 attivata nell&#8217;obiettivo iPhone?<\/b><\/p>\r\n<p style=\"text-align: justify;\">Nel caso in cui sia attivata la verifica in due passaggi per iPhone, i clienti devono disattivarli manualmente dalla loro fine.<\/p>\r\n<p style=\"text-align: justify;\"><b>17.Cosa succede se l&#8217;account iCloud dell&#8217;utente di destinazione viene bloccato?<\/b><\/p>\r\n<p style=\"text-align: justify;\">Se l&#8217;account iCloud dell&#8217;utente target \u00e8 bloccato, l&#8217;utente deve sbloccarlo manualmente per ottenere i dettagli<\/p>\r\n<p style=\"text-align: justify;\"><b>18. io sono ammissibili per il rimborso nel caso in cui si desidera monitorare iPhone ma ho acquistato Spymaster Pro per Android per errore?<\/b><\/p>\r\n<p style=\"text-align: justify;\">No, rimborso non verr\u00e0 elaborato in questo caso. Assicurati di che acquistare esattamente quello che vuoi. Prendete il vostro tempo pieno e se avete qualsiasi domanda si pu\u00f2 contattare il nostro team di supporto prima di ordinare. Ma una volta che hai acquistato il software non vi sar\u00e0 rimborsato. Pertanto, ora \u00e8 possibile collegare qualsiasi telefono Android di destinazione con il tuo abbonamento Android di avvalersi di tutte le funzionalit\u00e0 offerte da SpyMaster Pro.<\/p>\r\n<p style=\"text-align: justify;\"><b>19.Se non sono soddisfatto del software dopo averlo acquistato?<\/b><\/p>\r\n<p style=\"text-align: justify;\">Potete <span style=\"text-decoration: underline;\"><span style=\"color: #3366ff; text-decoration: underline;\"><a title=\"Contattaci\" href=\"https:\/\/www.spymasterpro.com\/it\/contattaci\/\" target=\"_blank\" rel=\"noopener noreferrer\"><span style=\"color: #3366ff; text-decoration: underline;\">mandarci una mail<\/span><\/a><\/span><\/span>, descrivendoci il vostro problema, e se non siamo in grado di risolverlo, oppure il software non funziona sul telefono preso di mira, allora vi restituiremo i soldi.<\/p>\r\n<p style=\"text-align: justify;\"><b>20. Spymaster Pro funziona con tutti i telefoni?<\/b><\/p>\r\n<p style=\"text-align: justify;\">S\u00ec, Spymaster Pro funziona con tutti i telefoni.\r\nPrima di acquistare Spymaster Pro, controllate le seguenti cose:-<\/p>\r\n<p style=\"text-align: justify;\">1.) Compatibilit\u00e0 del telefono con il software Spymaster Pro, Controllate <a href=\"https:\/\/www.spymasterpro.com\/it\/compatibilita\/\" target=\"_blank\" rel=\"noopener noreferrer\"><span style=\"text-decoration: underline;\"><span style=\"color: #3366ff; text-decoration: underline;\"><span style=\"color: #3366ff; text-decoration: underline;\"><span style=\"color: #0000ff;\"><span style=\"color: #0000ff; text-decoration: underline;\">qui<\/span><\/span>.<\/span><\/span><\/span><\/a><\/p>\r\n<p style=\"text-align: justify;\">2.) Accesso internet sul telefono preso di mira.<\/p>\r\n<p style=\"text-align: justify;\"><b>21. Quali tipi di pagamento sono accettati ?<\/b><\/p>\r\n<p style=\"text-align: justify;\">Accettiamo tutti i principali metodi di pagamento, come :-<\/p>\r\n<p style=\"text-align: justify;\">1.) American Visa Card<\/p>\r\n<p style=\"text-align: justify;\">2.) MasterCard<\/p>\r\n<p style=\"text-align: justify;\">3.) Discover Novan Express<\/p>\r\n<p style=\"text-align: justify;\">4.) PayPal<\/p>\r\n<p style=\"text-align: justify;\">5.) JCB<\/p>\r\n<p style=\"text-align: justify;\">6.) Fax<\/p>\r\n<p style=\"text-align: justify;\">7.) Diners Club<\/p>\r\n<p style=\"text-align: justify;\">8.) Bank Wire Transfer<\/p>\r\n<p style=\"text-align: justify;\"><b>22. Quali dati sar\u00f2 in grado di monitorare con la funzione WhatsApp per apparecchi Android?<\/b><\/p>\r\n<p style=\"text-align: justify;\">Spymaster Pro vi permette di vedere le immagini condivise e i video, le chat di gruppo e i messaggi ricevuti e spediti. Potete vedere tutti questi dettagli collegandovi alla sezione WhatsApp di Spymaster Pro.<\/p>\r\n<p style=\"text-align: justify;\"><b>23. Quali attivit\u00e0 di Facebook sar\u00f2 in grado di vedere con Spymaster Pro ?<\/b><\/p>\r\n<p style=\"text-align: justify;\">Spymaster Pro monitora tutti i messaggi spediti e ricevuti tramite Facebook Messenger.<\/p>\r\n<p style=\"text-align: justify;\"><b>24. Qual \u00e8 la vostra politica di rimborso?<\/b><\/p>\r\n<p style=\"text-align: justify;\">Leggete la nostra politica di rimborso e le condizioni cliccando <span style=\"text-decoration: underline;\"><span style=\"color: #3366ff; text-decoration: underline;\"><span style=\"color: #3366ff; text-decoration: underline;\"><span style=\"color: #0000ff;\"><a title=\"Refund Policy\" href=\"https:\/\/www.spymasterpro.com\/it\/politica-sul-rimborso\/\"><span style=\"color: #0000ff; text-decoration: underline;\">qui<\/span><\/a><\/span>.<\/span><\/span><\/span><\/p>\r\n<p style=\"text-align: justify;\"><b>25. Quanto dura l&#8217;iscrizione? Devo rinnovare l&#8217;iscrizione?<\/b><\/p>\r\n<p style=\"text-align: justify;\">Il software pu\u00f2 essere acquistato per un solo telefono alla volta, e il servizio funziona per 1 anno. Dopo, se si desidera continuare il servizio, \u00e8 necessario fare una nuova iscrizione,\u00a0<span id=\"ouHighlight__0_1TO0_0\" class=\"\">o<\/span><span id=\"noHighlight_0.7549880009610206\"> di <\/span><span id=\"ouHighlight__3_7TO5_11\" class=\"\">rinnovo.<\/span><\/p>\r\n<p style=\"text-align: justify;\">**Se\u00a0rinnovi\u00a0l&#8217;iscrizione\u00a0prima\u00a0che\u00a0scada,\u00a0non\u00a0dovrai\u00a0eseguire\u00a0nuovamente\u00a0l&#8217;installazione.\u00a0Nel\u00a0caso\u00a0tu\u00a0decida\u00a0di\u00a0rinnovare\u00a0l&#8217;iscrizione\u00a0dopo\u00a0la\u00a0sua\u00a0scadenza,\u00a0dovrai\u00a0installare\u00a0nuovamente\u00a0il\u00a0software.<\/p>\r\n<p style=\"text-align: justify;\">NOTA:\u00a0Puoi\u00a0cambiare\u00a0il\u00a0dispositivo\u00a0da\u00a0tenere\u00a0sotto\u00a0controllo\u00a0quante\u00a0volte\u00a0vorrai\u00a0SENZA\u00a0ALCUN\u00a0COSTO,\u00a0ma\u00a0potrai\u00a0controllare\u00a0un\u00a0solo\u00a0dispositivo\u00a0alla\u00a0volta.<\/p>\r\n<b>26. Qual \u00e8 il processo di installazione di Spymaster Pro su un altro smartphone ?<\/b>\r\n<p style=\"text-align: justify;\">Il processo \u00e8 simile a quello per Android per tutti gli smartphone. Date un&#8217;occhiata <span style=\"color: #0000ff;\"><a href=\"https:\/\/www.spymasterpro.com\/it\/installazione-android\/\" target=\"_blank\" rel=\"noopener noreferrer\"><span style=\"color: #0000ff;\">qui<\/span><\/a><\/span> per maggiori informazioni.<\/p>\r\n<p style=\"text-align: justify;\"><strong>27. Il software per spiare WhatsApp \u00e8 diverso dal vostro?<\/strong><\/p>\r\n<p style=\"text-align: justify;\">No, Spymaster Pro \u00e8 un pacchetto software, che comprende anche il monitoraggio di WhatsApp. Il monitoraggio di WhatsApp \u00e8 una delle funzioni dei nostri mezzi per spiare, quindi acquistando la versione avanzata Spymaster Pro potrete spiare non solo WhatsApp, ma anche altre app come Facebook.<\/p>\r\n<p style=\"text-align: justify;\"><strong>28. Cosa\u00a0succede\u00a0se\u00a0non\u00a0conosco\u00a0le\u00a0credenziali\u00a0iCloud?<\/strong><\/p>\r\n<p style=\"text-align: justify;\">Le\u00a0credenziali\u00a0iCloud\u00a0sono\u00a0necessarie.\u00a0Senza\u00a0le\u00a0informazioni\u00a0relative\u00a0alle\u00a0credenziali\u00a0iCloud\u00a0non\u00a0potrai\u00a0tracciare\u00a0le\u00a0informazioni\u00a0relative\u00a0a\u00a0un\u00a0iPhone.\u00a0Spymaster\u00a0Pro\u00a0raccoglie\u00a0tutte\u00a0le\u00a0informazioni\u00a0tramite\u00a0il\u00a0backup\u00a0su\u00a0iCloud\u00a0e\u00a0ti\u00a0permette\u00a0di\u00a0visualizzarle.<\/p>\r\n<p style=\"text-align: justify;\"><b>29.Cosa\u00a0dovrei\u00a0fare\u00a0nel\u00a0caso\u00a0il\u00a0backup\u00a0di\u00a0iCloud\u00a0non\u00a0fosse\u00a0abilitato\u00a0sull&#8217;iPhone\u00a0che\u00a0voglio\u00a0controllare?\u00a0<\/b><\/p>\r\n<p style=\"text-align: justify;\">Se\u00a0il\u00a0backup\u00a0iCloud\u00a0non\u00a0abilitato,\u00a0\u00e8\u00a0possibile\u00a0abilitarlo.\u00a0Basta\u00a0andare\u00a0a\u00a0iCloud&gt;&gt;\u00a0Backup\u00a0e\u00a0abilitarlo\u00a0sul\u00a0telefono\u00a0da\u00a0tenere\u00a0sotto\u00a0controllo.<\/p>\r\n<p style=\"text-align: justify;\"><b>30. Sar\u00e0\u00a0necessario\u00a0eseguire\u00a0il\u00a0root\u00a0del\u00a0telefono\u00a0Android\u00a0da\u00a0controllare?<\/b><\/p>\r\n<p style=\"text-align: justify;\">S\u00ec,\u00a0il\u00a0processo\u00a0di\u00a0rooting\u00a0\u00e8\u00a0necessario\u00a0sul\u00a0telefono\u00a0Android\u00a0da\u00a0tenere\u00a0sotto\u00a0controllo,\u00a0nel\u00a0caso\u00a0tu\u00a0voglia\u00a0accedere\u00a0alle\u00a0funzioni\u00a0avanzate\u00a0di\u00a0Spymaster\u00a0Pro.\u00a0\u00a0Il\u00a0processo\u00a0di\u00a0rooting\u00a0\u00e8\u00a0\u00a0molto\u00a0semplice\u00a0e\u00a0sicuro\u00a0da\u00a0portare\u00a0a\u00a0termine.\u00a0L&#8217;utente\u00a0del\u00a0telefono\u00a0da\u00a0tenere\u00a0sotto\u00a0controllo\u00a0non\u00a0sar\u00e0\u00a0in\u00a0grado\u00a0di\u00a0comprendere\u00a0che\u00a0il\u00a0suo\u00a0telefono\u00a0ha\u00a0subito\u00a0la\u00a0procedura\u00a0di\u00a0rooting.<\/p>\r\n<p style=\"text-align: justify;\"><b>31.posso cambiare le credenziali di iCloud nel mio account di iPhone SpyMaster?<\/b><\/p>\r\n<p style=\"text-align: justify;\">No, una volta che si compila eventuali credenziali di iCloud in un account, \u00e8 possibile mo<\/p>\r\n<p style=\"text-align: justify;\">dificarlo. Inoltre, se si desidera utilizzare altre credenziali di iCloud \u00e8 necessarioacquistare nuovo abbonamento. Rimborso non pu\u00f2 essere elaborato per qualsiasi tale motivo come \u201cHo messo le mie proprie credenziali di iCloud in conto per sbaglio.\u201d Devi comprare la nuova sottoscrizione se si desidera utilizzare le nuove credenziali di iCloud.<\/p>\r\n<p style=\"text-align: justify;\"><b>32. Quanto tempo sar\u00e0 necessario per ricevere nel mio account Spymaster Pro le informazioni di un cellulare Android tenuto sotto controllo?<\/b><\/p>\r\n<p style=\"text-align: justify;\">Trattandosi di un cellulare Android, saranno necessarie tra 24 e 48 ore per trasferire le informazioni dal telefono tenuto sotto controllo al tuo account Spymaster Pro.<\/p>\r\n<p style=\"text-align: justify;\"><b>33.posso usare account iPhone SpyMaster per monitorare pi\u00f9 iPhone?<\/b><\/p>\r\n<p style=\"text-align: justify;\">No, \u00e8 possibile monitorare un solo bersaglio iPhone con un iPhone account. Inoltre,si prega di essere prudenti durante l\u2019immissione delle credenziali iCloud perch\u00e9 \u00e8 possibile utilizzare una sola credenziale iCloud che non pu\u00f2 essere successivamentemodificata. Devi comprare il nuovo iPhone abbonamento per monitorare un altro account di iPhone.<\/p>\r\n<p style=\"text-align: justify;\"><b>Non hai ancora trovato ci\u00f2 che stavi cercando ? <a href=\"https:\/\/www.spymasterpro.com\/it\/contattaci\/\" target=\"_blank\" rel=\"noopener noreferrer\">Mandaci una richiesta!<\/a><\/b><\/p>","protected":false},"excerpt":{"rendered":"<p>1. Cosa \u00e8 Spymaster Pro? Spymaster Pro \u00e8 il pi\u00f9 avanzato software al mondo per spiare i telefonini, che vi permette di aver accesso a chiamate, messaggi, rubrica, mail, WhatsApp, Facebook, e molte altre cose, su qualsiasi telefono. 2. E&#8217; molto difficile installare Spymaster Pro? Installare Spymaster Pro \u00e8 molto facile e richiede solo pochi &hellip; <a href=\"https:\/\/www.spymasterpro.com\/it\/domande-frequenti\/\" class=\"more-link\">Continue reading<span class=\"screen-reader-text\"> &#8220;Domande Frequenti&#8221;<\/span><\/a><\/p>\n","protected":false},"author":1,"featured_media":0,"parent":0,"menu_order":0,"comment_status":"open","ping_status":"open","template":"","meta":{"_acf_changed":false,"footnotes":""},"class_list":["post-126","page","type-page","status-publish","hentry"],"acf":[],"yoast_head":"<!-- This site is optimized with the Yoast SEO plugin v27.1.1 - https:\/\/yoast.com\/product\/yoast-seo-wordpress\/ -->\n<title>Domande Frequenti<\/title>\n<meta name=\"description\" content=\"Date un&#039;occhiata alle domande pi\u00f9 frequenti riguardo a Spymaster Pro\" \/>\n<meta name=\"robots\" content=\"index, follow, max-snippet:-1, max-image-preview:large, max-video-preview:-1\" \/>\n<link rel=\"canonical\" href=\"https:\/\/www.spymasterpro.com\/it\/domande-frequenti\/\" \/>\n<meta property=\"og:locale\" content=\"en_US\" \/>\n<meta property=\"og:type\" content=\"article\" \/>\n<meta property=\"og:title\" content=\"Domande Frequenti\" \/>\n<meta property=\"og:description\" content=\"Date un&#039;occhiata alle domande pi\u00f9 frequenti riguardo a Spymaster Pro\" \/>\n<meta property=\"og:url\" content=\"https:\/\/www.spymasterpro.com\/it\/domande-frequenti\/\" \/>\n<meta property=\"og:site_name\" content=\"SpymasterPro\" \/>\n<meta property=\"article:modified_time\" content=\"2019-04-29T08:06:21+00:00\" \/>\n<meta name=\"twitter:card\" content=\"summary_large_image\" \/>\n<meta name=\"twitter:label1\" content=\"Est. reading time\" \/>\n\t<meta name=\"twitter:data1\" content=\"7 minutes\" \/>\n<script type=\"application\/ld+json\" class=\"yoast-schema-graph\">{\"@context\":\"https:\/\/schema.org\",\"@graph\":[{\"@type\":\"WebPage\",\"@id\":\"https:\/\/www.spymasterpro.com\/it\/domande-frequenti\/\",\"url\":\"https:\/\/www.spymasterpro.com\/it\/domande-frequenti\/\",\"name\":\"Domande Frequenti\",\"isPartOf\":{\"@id\":\"https:\/\/www.spymasterpro.com\/it\/#website\"},\"datePublished\":\"2015-01-02T10:48:21+00:00\",\"dateModified\":\"2019-04-29T08:06:21+00:00\",\"description\":\"Date un'occhiata alle domande pi\u00f9 frequenti riguardo a Spymaster Pro\",\"breadcrumb\":{\"@id\":\"https:\/\/www.spymasterpro.com\/it\/domande-frequenti\/#breadcrumb\"},\"inLanguage\":\"en-US\",\"potentialAction\":[{\"@type\":\"ReadAction\",\"target\":[\"https:\/\/www.spymasterpro.com\/it\/domande-frequenti\/\"]}]},{\"@type\":\"BreadcrumbList\",\"@id\":\"https:\/\/www.spymasterpro.com\/it\/domande-frequenti\/#breadcrumb\",\"itemListElement\":[{\"@type\":\"ListItem\",\"position\":1,\"name\":\"Home\",\"item\":\"https:\/\/www.spymasterpro.com\/it\/\"},{\"@type\":\"ListItem\",\"position\":2,\"name\":\"Domande Frequenti\"}]},{\"@type\":\"WebSite\",\"@id\":\"https:\/\/www.spymasterpro.com\/it\/#website\",\"url\":\"https:\/\/www.spymasterpro.com\/it\/\",\"name\":\"SpymasterPro\",\"description\":\"\",\"potentialAction\":[{\"@type\":\"SearchAction\",\"target\":{\"@type\":\"EntryPoint\",\"urlTemplate\":\"https:\/\/www.spymasterpro.com\/it\/?s={search_term_string}\"},\"query-input\":{\"@type\":\"PropertyValueSpecification\",\"valueRequired\":true,\"valueName\":\"search_term_string\"}}],\"inLanguage\":\"en-US\"}]}<\/script>\n<!-- \/ Yoast SEO plugin. -->","yoast_head_json":{"title":"Domande Frequenti","description":"Date un'occhiata alle domande pi\u00f9 frequenti riguardo a Spymaster Pro","robots":{"index":"index","follow":"follow","max-snippet":"max-snippet:-1","max-image-preview":"max-image-preview:large","max-video-preview":"max-video-preview:-1"},"canonical":"https:\/\/www.spymasterpro.com\/it\/domande-frequenti\/","og_locale":"en_US","og_type":"article","og_title":"Domande Frequenti","og_description":"Date un'occhiata alle domande pi\u00f9 frequenti riguardo a Spymaster Pro","og_url":"https:\/\/www.spymasterpro.com\/it\/domande-frequenti\/","og_site_name":"SpymasterPro","article_modified_time":"2019-04-29T08:06:21+00:00","twitter_card":"summary_large_image","twitter_misc":{"Est. reading time":"7 minutes"},"schema":{"@context":"https:\/\/schema.org","@graph":[{"@type":"WebPage","@id":"https:\/\/www.spymasterpro.com\/it\/domande-frequenti\/","url":"https:\/\/www.spymasterpro.com\/it\/domande-frequenti\/","name":"Domande Frequenti","isPartOf":{"@id":"https:\/\/www.spymasterpro.com\/it\/#website"},"datePublished":"2015-01-02T10:48:21+00:00","dateModified":"2019-04-29T08:06:21+00:00","description":"Date un'occhiata alle domande pi\u00f9 frequenti riguardo a Spymaster Pro","breadcrumb":{"@id":"https:\/\/www.spymasterpro.com\/it\/domande-frequenti\/#breadcrumb"},"inLanguage":"en-US","potentialAction":[{"@type":"ReadAction","target":["https:\/\/www.spymasterpro.com\/it\/domande-frequenti\/"]}]},{"@type":"BreadcrumbList","@id":"https:\/\/www.spymasterpro.com\/it\/domande-frequenti\/#breadcrumb","itemListElement":[{"@type":"ListItem","position":1,"name":"Home","item":"https:\/\/www.spymasterpro.com\/it\/"},{"@type":"ListItem","position":2,"name":"Domande Frequenti"}]},{"@type":"WebSite","@id":"https:\/\/www.spymasterpro.com\/it\/#website","url":"https:\/\/www.spymasterpro.com\/it\/","name":"SpymasterPro","description":"","potentialAction":[{"@type":"SearchAction","target":{"@type":"EntryPoint","urlTemplate":"https:\/\/www.spymasterpro.com\/it\/?s={search_term_string}"},"query-input":{"@type":"PropertyValueSpecification","valueRequired":true,"valueName":"search_term_string"}}],"inLanguage":"en-US"}]}},"_links":{"self":[{"href":"https:\/\/www.spymasterpro.com\/it\/wp-json\/wp\/v2\/pages\/126","targetHints":{"allow":["GET"]}}],"collection":[{"href":"https:\/\/www.spymasterpro.com\/it\/wp-json\/wp\/v2\/pages"}],"about":[{"href":"https:\/\/www.spymasterpro.com\/it\/wp-json\/wp\/v2\/types\/page"}],"author":[{"embeddable":true,"href":"https:\/\/www.spymasterpro.com\/it\/wp-json\/wp\/v2\/users\/1"}],"replies":[{"embeddable":true,"href":"https:\/\/www.spymasterpro.com\/it\/wp-json\/wp\/v2\/comments?post=126"}],"version-history":[{"count":0,"href":"https:\/\/www.spymasterpro.com\/it\/wp-json\/wp\/v2\/pages\/126\/revisions"}],"wp:attachment":[{"href":"https:\/\/www.spymasterpro.com\/it\/wp-json\/wp\/v2\/media?parent=126"}],"curies":[{"name":"wp","href":"https:\/\/api.w.org\/{rel}","templated":true}]}}