{"id":115,"date":"2015-01-02T07:03:34","date_gmt":"2015-01-02T07:03:34","guid":{"rendered":"https:\/\/www.spymasterpro.com\/it\/?page_id=115"},"modified":"2023-02-10T21:31:35","modified_gmt":"2023-02-10T16:01:35","slug":"funzioni","status":"publish","type":"page","link":"https:\/\/www.spymasterpro.com\/it\/funzioni\/","title":{"rendered":"Funzioni"},"content":{"rendered":"<div id=\"pl-115\" class=\"panel-layout\">\r\n<div id=\"pg-115-0\" class=\"panel-grid panel-no-style\">\r\n<div id=\"pgc-115-0-0\" class=\"panel-grid-cell\" data-weight=\"1\">\r\n<div id=\"panel-115-0-0-0\" class=\"so-panel widget widget_text panel-first-child\" data-index=\"0\" data-style=\"{&quot;background_display&quot;:&quot;tile&quot;}\">\r\n<h3 class=\"widget-title\">Banner<\/h3>\r\n<div class=\"textwidget\"><section id=\"new_feature_banner\">\r\n<div class=\"container\">\r\n<div class=\"row\">\r\n<div class=\"col-xl-8 col-lg-8 col-md-8 col-sm-12 iphone_right_point text-xs-center text-md-left\">\r\n<h6>SpymasterPro offerte\r\nCaratteristiche sorprendenti<\/h6>\r\n<div class=\"slider_btn\"><a class=\"blue_btn\" href=\"https:\/\/www.spymasterpro.com\/it\/android-spia\/\">Android<\/a> <a class=\"blue_btn demo_btn\" href=\"https:\/\/www.spymasterpro.com\/it\/iphone-spia\/\">iPhone<\/a><\/div>\r\n<\/div>\r\n\t<div class=\"col-xl-4 col-lg-4 col-md-4 hidden-sm-down iphone_left_img\">\r\n\t\t<img decoding=\"async\" src=\"..\/wp-content\/uploads\/2017\/02\/features_img.png\" alt=\"img\" \/>\r\n\t<\/div>\r\n<\/div>\r\n<\/div>\r\n<\/section><\/div>\r\n<\/div>\r\n\r\n<div id=\"panel-115-0-0-1\" class=\"so-panel widget widget_text panel-last-child\" data-index=\"1\" data-style=\"{&quot;background_image_attachment&quot;:false,&quot;background_display&quot;:&quot;tile&quot;}\">\r\n<h3 class=\"widget-title\">Features<\/h3>\r\n<div class=\"textwidget\"><section id=\"feature\">\r\n<div class=\"container\">\r\n\r\n\r\n<div class=\"new_feature_part row align-items-center\">\r\n\t<div class=\"col-12 col-md-3 text-center\">\r\n\t\t<img decoding=\"async\" src=\"https:\/\/www.spymasterpro.com\/it\/wp-content\/uploads\/2019\/02\/tinder-feature.png\" alt=\"img\" \/>\r\n\t<\/div>\r\n\t<div class=\"col-12 col-md-9 text-center text-md-start feature_new\">\r\n\t\t<h5>TINDER PUNTAMENTO<\/h5>\r\n\tQuesta parte del software ti permetter\u00e0 di avere pieno accesso a tutti i messaggi condivisi sul cellulare dell&#8217;utente di destinazione sul loro profilo Tinder. Ora e dettagli saranno disponibili per te con questa funzione.\r\n\r\n\t\t<img decoding=\"async\" class=\"feature_line2\" src=\"..\/wp-content\/uploads\/2017\/02\/feature_line.png\" alt=\"img\" \/>\r\n\t<\/div>\r\n<\/div>\r\n\r\n\r\n\r\n<div class=\"new_feature_part row flex-row-reverse align-items-center\">\r\n\t<div class=\"col-12 col-md-3 text-center\">\r\n\t\t<img decoding=\"async\" src=\"https:\/\/www.spymasterpro.com\/it\/wp-content\/uploads\/2019\/02\/kik-feature.png\" alt=\"img\" \/>\r\n\t<\/div>\r\n\t<div class=\"col-12 col-md-9 text-center text-md-start feature_new\">\r\n\t\t<h5>KIK PUNTAMENTO<\/h5>\r\n\t\tLe chat, le immagini e i video saranno direttamente disponibili sulla tua dashboard Spymaster Pro. La funzione di tracciamento dal vivo ti aiuter\u00e0 a rimanere vicino al profilo di Kik dell&#8217;utente di destinazione.\r\n\t\t<img decoding=\"async\" class=\"feature_line\" src=\"..\/wp-content\/uploads\/2017\/02\/feature_line.png\" alt=\"img\" \/>\r\n\t<\/div>\r\n<\/div>\r\n\r\n\r\n\r\n<div class=\"new_feature_part row align-items-center\">\r\n\t<div class=\"col-12 col-md-3 text-center\">\r\n\t\t<img decoding=\"async\" src=\"https:\/\/www.spymasterpro.com\/it\/wp-content\/uploads\/2019\/02\/telegram-feature.png\" alt=\"img\" \/>\r\n\t<\/div>\r\n\t<div class=\"col-12 col-md-9 text-center text-md-start feature_new\">\r\n\t<h5>TELEGRAMMA PUNTAMENTO<\/h5>\r\n\tPuoi vedere tutte le chat sul profilo Telegram dell&#8217;utente target tramite Spymaster Pro. \u00c8 semplicissimo e non avvisa mai l&#8217;utente dei dati inviati alla tua dashboard. Otterrete i dati con i dettagli di ora e data.\r\n\t<img decoding=\"async\" class=\"feature_line2\" src=\"..\/wp-content\/uploads\/2017\/02\/feature_line.png\" alt=\"img\" \/>\r\n\t<\/div>\r\n<\/div>\r\n\r\n\r\n\r\n<div class=\"new_feature_part row flex-row-reverse align-items-center\">\r\n\t<div class=\"col-12 col-md-3 text-center\">\r\n\t\t<img decoding=\"async\" src=\"..\/wp-content\/uploads\/2017\/02\/feature_newicon1.png\" alt=\"img\" \/>\r\n\t<\/div>\r\n\t\r\n\t<div class=\"col-12 col-md-9 text-center text-md-start feature_new\">\r\n\t\t<h5>Tracciatura SMS<\/h5>\r\n\t\tUna della funzioni uniche che si hanno con Spymaster Pro \u00e8 la tracciatura degli SMS Questo strumento permette di vedere tutti i messaggi di testo gestiti dal cellulare che si sta monitorando. In questa maniera \u00e8 possibile leggere tutti i messaggi: ricevuti, spediti, cancellati.\r\n\t\t<img decoding=\"async\" class=\"feature_line\" src=\"..\/wp-content\/uploads\/2017\/02\/feature_line.png\" alt=\"img\" \/>\r\n\t<\/div>\r\n<\/div>\r\n\r\n\r\n<div class=\"new_feature_part row align-items-center\">\r\n\t<div class=\"col-12 col-md-3 text-center\">\r\n\t\t<img decoding=\"async\" src=\"..\/wp-content\/uploads\/2017\/02\/feature_newicon3.png\" alt=\"img\" \/>\r\n\t<\/div>\r\n\t<div class=\"col-12 col-md-9 text-center text-md-start feature_new\">\r\n\t\t<h5>Tracciatura delle chiamate<\/h5>\r\n\t\tL\u2019utente pu\u00f2 facilmente vedere le chiamate fatte e ricevute dal cellulare monitorato. Le attivit\u00e0 del cellulare monitorato verranno registrate, e l\u2019utente pu\u00f2 vedere tutte le chiamate in arrivo e in uscita, data, ora, durata e molto altro.\r\n\r\n\t\t<img decoding=\"async\" class=\"feature_line2\" src=\"..\/wp-content\/uploads\/2017\/02\/feature_line.png\" alt=\"img\" \/>\r\n\t<\/div>\r\n<\/div>\r\n\r\n<div class=\"new_feature_part row flex-row-reverse align-items-center\">\r\n\t<div class=\"col-12 col-md-3 text-center\">\r\n\t\t<img decoding=\"async\" src=\"..\/wp-content\/uploads\/2017\/02\/feature_newicon4.png\" alt=\"img\" \/>\r\n\t<\/div>\r\n\t<div class=\"col-12 col-md-9 text-center text-md-start feature_new\">\r\n\t\t<h5>GPSLocalizzazione GPS<\/h5>\r\n\t\tSpymaster Pro ti permette di vedere il luogo nel quale si trova il cellulare monitorato mostrandolo sulla cartina. In questa maniera \u00e8 facilmente possibile vedere tutti i posti in cui il telefono si ferma!\r\n\t\t<img decoding=\"async\" class=\"feature_line\" src=\"..\/wp-content\/uploads\/2017\/02\/feature_line.png\" alt=\"img\" \/>\r\n\t<\/div>\r\n<\/div>\r\n\r\n<div class=\"col-xl-12 strip_txt text-xs-center\">\r\n\tIl prezzo parte da $ 4,4 \/ mese al 50% di sconto\r\n<\/div>\r\n\r\n<div class=\"strip_btn feature_bottom text-xs-center\">\r\n\t<a class=\"white_btn demo_btn\" href=\"https:\/\/www.spymasterpro.com\/it\/android-spia\/\">Android spia<\/a> <a class=\"blue_btn\" href=\"https:\/\/www.spymasterpro.com\/it\/acquista-ora\/\">Acquista adesso<\/a>\r\n<\/div>\r\n\r\n\r\n<div class=\"new_feature_part row align-items-center\">\r\n\t<div class=\"col-12 col-md-3 text-center\">\r\n\t\t<img decoding=\"async\" src=\"..\/wp-content\/uploads\/2017\/02\/feature_newicon6.png\" alt=\"img\" \/>\r\n\t<\/div>\r\n\t<div class=\"col-12 col-md-9 text-center text-md-start feature_new\">\r\n\t\t<h5>Tracciatura delle email<\/h5>\r\n\t\tSpymaster Pro \u00e8 un asso quando si tratta di intercettare messaggi e chiamate, allo stesso modo lo \u00e8 anche quando si tratta di monitorare le email! L\u2019utente \u00e8 in grado di leggere tutte le mail, e vederne il contenuto.\r\n\t\t<img decoding=\"async\" class=\"feature_line2\" src=\"..\/wp-content\/uploads\/2017\/02\/feature_line.png\" alt=\"img\" \/>\r\n\t<\/div>\r\n<\/div>\r\n\r\n\r\n<div class=\"new_feature_part row flex-row-reverse align-items-center\">\r\n\t<div class=\"col-12 col-md-3 text-center\">\r\n\t\t<img decoding=\"async\" src=\"..\/wp-content\/uploads\/2017\/02\/feature_newicon7.png\" alt=\"img\" \/>\r\n\t<\/div>\r\n\t<div class=\"col-12 col-md-9 text-center text-md-start feature_new\">\r\n\t\t<h5>Spiare le chat<\/h5>\r\n\t\tSpymaster Pro \u00e8 efficiente nell\u2019intercettare i messaggi, e allo stesso modo copia tutte le chat su WhatsApp, e le carica direttamente sul pannello di controllo dell\u2019utente. In questo modo potete leggere tutte le chat.\r\n\t\t<img decoding=\"async\" class=\"feature_line\" src=\"..\/wp-content\/uploads\/2017\/02\/feature_line.png\" alt=\"img\" \/>\r\n\t<\/div>\r\n<\/div>\r\n\r\n\r\n<div class=\"new_feature_part row align-items-center\">\r\n\t<div class=\"col-12 col-md-3 text-center\">\r\n\t\t<img decoding=\"async\" src=\"..\/wp-content\/uploads\/2017\/02\/feature_newicon8.jpg\" alt=\"img\" \/>\r\n\t<\/div>\r\n\t<div class=\"col-12 col-md-9 text-center text-md-start feature_new\">\r\n\t\t<h5>Spiare Facebook<\/h5>\r\n\t\tSpymaster Pro consente di tenere traccia dell\u2019intera conversazione chat di Facebook. Una volta installato il software \u00e8 possibile controllare in remoto i messaggi che vengono memorizzati con l\u2019ora esatta e la data nel pannello di controllo.\r\n\t\t<img decoding=\"async\" class=\"feature_line2\" src=\"..\/wp-content\/uploads\/2017\/02\/feature_line.png\" alt=\"img\" \/>\r\n\t<\/div>\r\n<\/div>\r\n\r\n<div class=\"new_feature_part row flex-row-reverse align-items-center\">\r\n\t<div class=\"col-12 col-md-3 text-center\">\r\n\t\t<img decoding=\"async\" src=\"..\/wp-content\/uploads\/2017\/02\/feature_newicon10.png\" alt=\"img\" \/>\r\n\t<\/div>\r\n\t<div class=\"col-12 col-md-9 text-center text-md-start feature_new\">\r\n\t\t<h5>Accesso alla rubrica e al calendario<\/h5>\r\n\t\tCon l\u2019aiuto di Spymaster Pro potete facilmente controllare tutti i contatti del cellulare monitorato. Tutti i dettagli sono forniti insieme ai contatti, in questo modo \u00e8 possibile controllarli con pi\u00f9 facilit\u00e0. Allo stesso modo, sarete in grado di vedere le attivit\u00e0 del calendario.\r\n\t\t<img decoding=\"async\" class=\"feature_line\" src=\"..\/wp-content\/uploads\/2017\/02\/feature_line.png\" alt=\"img\" \/>\r\n\t<\/div>\r\n<\/div>\r\n\r\n<div class=\"new_feature_part row align-items-center\">\r\n\t<div class=\"col-12 col-md-3 text-center\">\r\n\t\t<img decoding=\"async\" src=\"..\/wp-content\/uploads\/2017\/02\/feature_newicon11.png\" alt=\"img\" \/>\r\n\t<\/div>\r\n\t\r\n\t<div class=\"col-12 col-md-9 text-center text-md-start feature_new\">\r\n\t\t<h5>Tracciatura delle foto, o Multimedia<\/h5>\r\n\t\tSpymaster Pro ti permette di tracciare tutti i file multimediali all\u2019interno di un cellulare monitorato. Questo ti garantisce l\u2019accesso diretto alle informazioni e potrai cos\u00ec consultare tutte le immagini immagazzinati al suo interno.\r\n\t\t<img decoding=\"async\" class=\"feature_line2\" src=\"..\/wp-content\/uploads\/2017\/02\/feature_line.png\" alt=\"img\" \/>\r\n\t<\/div>\r\n<\/div>\r\n\r\n<div class=\"new_feature_part row flex-row-reverse align-items-center\">\r\n\t<div class=\"col-12 col-md-3 text-center\">\r\n\t\t<img decoding=\"async\" src=\"https:\/\/www.spymasterpro.com\/it\/wp-content\/uploads\/2015\/01\/feature_1.png\" alt=\"img\" \/>\r\n\t<\/div>\r\n\t<div class=\"col-12 col-md-9 text-center text-md-start feature_new\">\r\n\t\t<h5>SNAPCHAT puntamento<\/h5>\r\n\t\tCon questa funzionalit\u00e0 \u00e8 possibile controllare in modo completo i messaggi di testo scambiati dal telefono di destinazione. Oltre a questo, puoi accedere a informazioni complete come la data e l\u2019ora esatti delle conversazioni\r\n\t\t<img decoding=\"async\" class=\"feature_line\" src=\"..\/wp-content\/uploads\/2017\/02\/feature_line.png\" alt=\"img\" \/>\r\n\t<\/div>\r\n<\/div>\r\n\r\n\r\n\r\n<div class=\"new_feature_part row align-items-center\">\r\n\t<div class=\"col-12 col-md-3 text-center\">\r\n\t\t<img decoding=\"async\" src=\"https:\/\/www.spymasterpro.com\/it\/wp-content\/uploads\/2015\/01\/feature_2.png\" alt=\"img\" \/>\r\n\t<\/div>\r\n\t\r\n\t<div class=\"col-12 col-md-9 text-center text-md-start feature_new\">\r\n\t\t<h5>INSTAGRAM puntamento<\/h5>\r\n\t\tCon Spymaster Pro \u00e8 possibile leggere i messaggi di chat e avere un controllo completo sui file multimediali (foto e video) scambiati dal Android\/iPhone.\r\n\t\t<img decoding=\"async\" class=\"feature_line2\" src=\"..\/wp-content\/uploads\/2017\/02\/feature_line.png\" alt=\"img\" \/>\r\n\t<\/div>\r\n<\/div>\r\n\r\n\r\n<div class=\"col-xl-12 strip_txt text-xs-center\">\r\n\r\nOra acquista Spymaster Pro Android premium con uno sconto del 50% a soli $ 5,29\/ mese\r\n\r\n<\/div>\r\n<div class=\"strip_btn feature_bottom text-xs-center\">\r\n\r\n<a class=\"white_btn demo_btn\" href=\"https:\/\/www.spymasterpro.com\/it\/android-spia\/\">Iphone spia<\/a> <a class=\"blue_btn\" href=\"https:\/\/www.spymasterpro.com\/it\/acquista-ora\/\">Acquista adesso<\/a>\r\n\r\n<\/div>\r\n<\/div>\r\n<\/section><\/div>\r\n<\/div>\r\n<\/div>\r\n<\/div>\r\n<\/div>","protected":false},"excerpt":{"rendered":"<p>Banner SpymasterPro offerte Caratteristiche sorprendenti Android iPhone Features TINDER PUNTAMENTO Questa parte del software ti permetter\u00e0 di avere pieno accesso a tutti i messaggi condivisi sul cellulare dell&#8217;utente di destinazione sul loro profilo Tinder. Ora e dettagli saranno disponibili per te con questa funzione. KIK PUNTAMENTO Le chat, le immagini e i video saranno direttamente &hellip; <a href=\"https:\/\/www.spymasterpro.com\/it\/funzioni\/\" class=\"more-link\">Continue reading<span class=\"screen-reader-text\"> &#8220;Funzioni&#8221;<\/span><\/a><\/p>\n","protected":false},"author":1,"featured_media":0,"parent":0,"menu_order":0,"comment_status":"open","ping_status":"open","template":"page-full.php","meta":{"_acf_changed":false,"footnotes":""},"class_list":["post-115","page","type-page","status-publish","hentry"],"acf":[],"yoast_head":"<!-- This site is optimized with the Yoast SEO plugin v27.1.1 - https:\/\/yoast.com\/product\/yoast-seo-wordpress\/ -->\n<title>Caratteristiche di Spymaster Pro<\/title>\n<meta name=\"description\" content=\"Dai un\u2019occhiata alle caratteristiche di Spymaster Pro per l\u2019Android e per l\u2019Iphone. Il nostro software aiuta a tracciare Whatsapp, Facebook, SMS, GPS posizione, ecc.\" \/>\n<meta name=\"robots\" content=\"index, follow, max-snippet:-1, max-image-preview:large, max-video-preview:-1\" \/>\n<link rel=\"canonical\" href=\"https:\/\/www.spymasterpro.com\/it\/funzioni\/\" \/>\n<meta property=\"og:locale\" content=\"en_US\" \/>\n<meta property=\"og:type\" content=\"article\" \/>\n<meta property=\"og:title\" content=\"Caratteristiche di Spymaster Pro\" \/>\n<meta property=\"og:description\" content=\"Dai un\u2019occhiata alle caratteristiche di Spymaster Pro per l\u2019Android e per l\u2019Iphone. Il nostro software aiuta a tracciare Whatsapp, Facebook, SMS, GPS posizione, ecc.\" \/>\n<meta property=\"og:url\" content=\"https:\/\/www.spymasterpro.com\/it\/funzioni\/\" \/>\n<meta property=\"og:site_name\" content=\"SpymasterPro\" \/>\n<meta property=\"article:modified_time\" content=\"2023-02-10T16:01:35+00:00\" \/>\n<meta property=\"og:image\" content=\"https:\/\/www.spymasterpro.com\/it\/wp-content\/uploads\/2019\/02\/tinder-feature.png\" \/>\n<meta name=\"twitter:card\" content=\"summary_large_image\" \/>\n<meta name=\"twitter:label1\" content=\"Est. reading time\" \/>\n\t<meta name=\"twitter:data1\" content=\"3 minutes\" \/>\n<script type=\"application\/ld+json\" class=\"yoast-schema-graph\">{\"@context\":\"https:\/\/schema.org\",\"@graph\":[{\"@type\":\"WebPage\",\"@id\":\"https:\/\/www.spymasterpro.com\/it\/funzioni\/\",\"url\":\"https:\/\/www.spymasterpro.com\/it\/funzioni\/\",\"name\":\"Caratteristiche di Spymaster Pro\",\"isPartOf\":{\"@id\":\"https:\/\/www.spymasterpro.com\/it\/#website\"},\"primaryImageOfPage\":{\"@id\":\"https:\/\/www.spymasterpro.com\/it\/funzioni\/#primaryimage\"},\"image\":{\"@id\":\"https:\/\/www.spymasterpro.com\/it\/funzioni\/#primaryimage\"},\"thumbnailUrl\":\"https:\/\/www.spymasterpro.com\/it\/wp-content\/uploads\/2019\/02\/tinder-feature.png\",\"datePublished\":\"2015-01-02T07:03:34+00:00\",\"dateModified\":\"2023-02-10T16:01:35+00:00\",\"description\":\"Dai un\u2019occhiata alle caratteristiche di Spymaster Pro per l\u2019Android e per l\u2019Iphone. Il nostro software aiuta a tracciare Whatsapp, Facebook, SMS, GPS posizione, ecc.\",\"breadcrumb\":{\"@id\":\"https:\/\/www.spymasterpro.com\/it\/funzioni\/#breadcrumb\"},\"inLanguage\":\"en-US\",\"potentialAction\":[{\"@type\":\"ReadAction\",\"target\":[\"https:\/\/www.spymasterpro.com\/it\/funzioni\/\"]}]},{\"@type\":\"ImageObject\",\"inLanguage\":\"en-US\",\"@id\":\"https:\/\/www.spymasterpro.com\/it\/funzioni\/#primaryimage\",\"url\":\"https:\/\/www.spymasterpro.com\/it\/wp-content\/uploads\/2019\/02\/tinder-feature.png\",\"contentUrl\":\"https:\/\/www.spymasterpro.com\/it\/wp-content\/uploads\/2019\/02\/tinder-feature.png\",\"width\":136,\"height\":134},{\"@type\":\"BreadcrumbList\",\"@id\":\"https:\/\/www.spymasterpro.com\/it\/funzioni\/#breadcrumb\",\"itemListElement\":[{\"@type\":\"ListItem\",\"position\":1,\"name\":\"Home\",\"item\":\"https:\/\/www.spymasterpro.com\/it\/\"},{\"@type\":\"ListItem\",\"position\":2,\"name\":\"Funzioni\"}]},{\"@type\":\"WebSite\",\"@id\":\"https:\/\/www.spymasterpro.com\/it\/#website\",\"url\":\"https:\/\/www.spymasterpro.com\/it\/\",\"name\":\"SpymasterPro\",\"description\":\"\",\"potentialAction\":[{\"@type\":\"SearchAction\",\"target\":{\"@type\":\"EntryPoint\",\"urlTemplate\":\"https:\/\/www.spymasterpro.com\/it\/?s={search_term_string}\"},\"query-input\":{\"@type\":\"PropertyValueSpecification\",\"valueRequired\":true,\"valueName\":\"search_term_string\"}}],\"inLanguage\":\"en-US\"}]}<\/script>\n<!-- \/ Yoast SEO plugin. -->","yoast_head_json":{"title":"Caratteristiche di Spymaster Pro","description":"Dai un\u2019occhiata alle caratteristiche di Spymaster Pro per l\u2019Android e per l\u2019Iphone. Il nostro software aiuta a tracciare Whatsapp, Facebook, SMS, GPS posizione, ecc.","robots":{"index":"index","follow":"follow","max-snippet":"max-snippet:-1","max-image-preview":"max-image-preview:large","max-video-preview":"max-video-preview:-1"},"canonical":"https:\/\/www.spymasterpro.com\/it\/funzioni\/","og_locale":"en_US","og_type":"article","og_title":"Caratteristiche di Spymaster Pro","og_description":"Dai un\u2019occhiata alle caratteristiche di Spymaster Pro per l\u2019Android e per l\u2019Iphone. Il nostro software aiuta a tracciare Whatsapp, Facebook, SMS, GPS posizione, ecc.","og_url":"https:\/\/www.spymasterpro.com\/it\/funzioni\/","og_site_name":"SpymasterPro","article_modified_time":"2023-02-10T16:01:35+00:00","og_image":[{"url":"https:\/\/www.spymasterpro.com\/it\/wp-content\/uploads\/2019\/02\/tinder-feature.png","type":"","width":"","height":""}],"twitter_card":"summary_large_image","twitter_misc":{"Est. reading time":"3 minutes"},"schema":{"@context":"https:\/\/schema.org","@graph":[{"@type":"WebPage","@id":"https:\/\/www.spymasterpro.com\/it\/funzioni\/","url":"https:\/\/www.spymasterpro.com\/it\/funzioni\/","name":"Caratteristiche di Spymaster Pro","isPartOf":{"@id":"https:\/\/www.spymasterpro.com\/it\/#website"},"primaryImageOfPage":{"@id":"https:\/\/www.spymasterpro.com\/it\/funzioni\/#primaryimage"},"image":{"@id":"https:\/\/www.spymasterpro.com\/it\/funzioni\/#primaryimage"},"thumbnailUrl":"https:\/\/www.spymasterpro.com\/it\/wp-content\/uploads\/2019\/02\/tinder-feature.png","datePublished":"2015-01-02T07:03:34+00:00","dateModified":"2023-02-10T16:01:35+00:00","description":"Dai un\u2019occhiata alle caratteristiche di Spymaster Pro per l\u2019Android e per l\u2019Iphone. Il nostro software aiuta a tracciare Whatsapp, Facebook, SMS, GPS posizione, ecc.","breadcrumb":{"@id":"https:\/\/www.spymasterpro.com\/it\/funzioni\/#breadcrumb"},"inLanguage":"en-US","potentialAction":[{"@type":"ReadAction","target":["https:\/\/www.spymasterpro.com\/it\/funzioni\/"]}]},{"@type":"ImageObject","inLanguage":"en-US","@id":"https:\/\/www.spymasterpro.com\/it\/funzioni\/#primaryimage","url":"https:\/\/www.spymasterpro.com\/it\/wp-content\/uploads\/2019\/02\/tinder-feature.png","contentUrl":"https:\/\/www.spymasterpro.com\/it\/wp-content\/uploads\/2019\/02\/tinder-feature.png","width":136,"height":134},{"@type":"BreadcrumbList","@id":"https:\/\/www.spymasterpro.com\/it\/funzioni\/#breadcrumb","itemListElement":[{"@type":"ListItem","position":1,"name":"Home","item":"https:\/\/www.spymasterpro.com\/it\/"},{"@type":"ListItem","position":2,"name":"Funzioni"}]},{"@type":"WebSite","@id":"https:\/\/www.spymasterpro.com\/it\/#website","url":"https:\/\/www.spymasterpro.com\/it\/","name":"SpymasterPro","description":"","potentialAction":[{"@type":"SearchAction","target":{"@type":"EntryPoint","urlTemplate":"https:\/\/www.spymasterpro.com\/it\/?s={search_term_string}"},"query-input":{"@type":"PropertyValueSpecification","valueRequired":true,"valueName":"search_term_string"}}],"inLanguage":"en-US"}]}},"_links":{"self":[{"href":"https:\/\/www.spymasterpro.com\/it\/wp-json\/wp\/v2\/pages\/115","targetHints":{"allow":["GET"]}}],"collection":[{"href":"https:\/\/www.spymasterpro.com\/it\/wp-json\/wp\/v2\/pages"}],"about":[{"href":"https:\/\/www.spymasterpro.com\/it\/wp-json\/wp\/v2\/types\/page"}],"author":[{"embeddable":true,"href":"https:\/\/www.spymasterpro.com\/it\/wp-json\/wp\/v2\/users\/1"}],"replies":[{"embeddable":true,"href":"https:\/\/www.spymasterpro.com\/it\/wp-json\/wp\/v2\/comments?post=115"}],"version-history":[{"count":0,"href":"https:\/\/www.spymasterpro.com\/it\/wp-json\/wp\/v2\/pages\/115\/revisions"}],"wp:attachment":[{"href":"https:\/\/www.spymasterpro.com\/it\/wp-json\/wp\/v2\/media?parent=115"}],"curies":[{"name":"wp","href":"https:\/\/api.w.org\/{rel}","templated":true}]}}