{"id":1059,"date":"2017-02-27T09:47:47","date_gmt":"2017-02-27T09:47:47","guid":{"rendered":"https:\/\/www.spymasterpro.com\/it\/?page_id=1059"},"modified":"2019-09-16T10:06:55","modified_gmt":"2019-09-16T10:06:55","slug":"rapido-giro","status":"publish","type":"page","link":"https:\/\/www.spymasterpro.com\/it\/rapido-giro\/","title":{"rendered":"Rapido Giro"},"content":{"rendered":"<section id=\"qick_tour_banner\">\r\n<div class=\"container\">\r\n<div class=\"row\">\r\n<div class=\"col-xl-8 col-lg-8 col-md-8 col-sm-12 iphone_right_point text-xs-center\">\r\n<h1>Come funziona?<\/h1>\r\n<img decoding=\"async\" src=\"..\/wp-content\/uploads\/2017\/02\/points_img.png\" alt=\"point_img\" \/>\r\n<h6>** Nessuna installazione richiesta in iPhone<\/h6>\r\n<\/div>\r\n<div class=\"col-xl-4 col-lg-4 col-md-4 hidden-sm-down iphone_left_img text-xs-center\"><img loading=\"lazy\" decoding=\"async\" class=\"alignnone\" title=\"Come funziona SPYMASTER PRO SU IPHONE\" src=\"https:\/\/www.spymasterpro.com\/wp-content\/uploads\/2017\/02\/quik_side_img-1-1.png\" alt=\"Come funziona SPYMASTER PRO SU IPHONE\" width=\"284\" height=\"353\" \/><\/div>\r\n<\/div>\r\n<\/div>\r\n<\/section><section id=\"quick_works\">\r\n<div class=\"container\">\r\n<div class=\"row\">\r\n<div class=\"col-xs-12 text-xs-center iphone_wrk\">\r\n<h3>Come funziona SPYMASTER PRO SU IPHONE<\/h3>\r\nDesideri tenere sotto controllo qualsiasi iPhone in modo segreto e senza nuocere alla tua relazione? Sei nel posto giusto. Tenere sotto controllo continuamente una persona sospetta non \u00e8 sempre possibile, ma se questo \u00e8 necessario allora bisogner\u00e0 trovare una soluzione rapida e semplice. La tecnica pi\u00f9 intelligente \u00e8 quella di utilizzare un moderno software spia per tenere sotto controllo i dispositivi iPhone. \u00c8 infatti possibile spiare chiunque in modo segreto senza dover toccare l&#8217;iPhone. Non \u00e8 necessaria alcuna installazione n\u00e9 tanto meno la procedura di jailbreak.\r\n\r\n<\/div>\r\n<div class=\"col-xl-4 col-lg-4 col-md-4 col-sm-4 col-xs-12 text-xs-center\">\r\n<div class=\"box_part\">\r\n<h5>Acquista Spymaster Pro<\/h5>\r\nSoftware di monitoraggio per cellulari, premi il bottone Acquista Ora oppure dirigiti alla pagina Acquista Ora, da qualsiasi parte del nostro sito Web. Invia i tuoi dettagli. Dopo aver compilato i dettagli richiesti, potrai eseguire il pagamento.\r\n\r\n<\/div>\r\n<\/div>\r\n<div class=\"col-xl-4 col-lg-4 col-md-4 col-sm-4 col-xs-12 text-xs-center\">\r\n<div class=\"box_part\">\r\n<h5>Utilizza le credenziali iCloud<\/h5>\r\nNon \u00e8 necessario installare il software sul dispositivo iPhone che desideri spiare. Puoi semplicemente utilizzare (quanto richiesto durante il processo) le credenziali iCloud del telefono iPhone che desideri tenere sotto controllo. Successivamente segui attentamente le istruzioni che ti sono state inviate tramite email.\r\n\r\n<\/div>\r\n<\/div>\r\n<div class=\"col-xl-4 col-lg-4 col-md-4 col-sm-4 col-xs-12 text-xs-center\">\r\n<div class=\"box_part\">\r\n<h5>Inizia subito il monitoraggio!!<\/h5>\r\nAccedi al tuo pannello di controllo Spymaster Pro utilizzando i dettagli di login che ti sono stati inviati tramite email. Inizia subito a monitorare i tuoi cari. Proteggi remotamente la tua famiglia e il tuo giro d&#8217;affari.\r\n\r\n<\/div>\r\n<\/div>\r\n<div class=\"col-xl-12 col-xs-12 col-sm-12 col-md-12 strip_btn spy_btn feature_bottom text-xs-center\"><a class=\"blue_btn\" href=\"https:\/\/www.spymasterpro.com\/it\/iphone-spia\/\">Iphone spia<\/a> <a class=\"blue_btn demo_btn\" href=\"https:\/\/www.spymasterpro.com\/it\/acquista-ora\/\">Acquista adesso<\/a><\/div>\r\n<\/div>\r\n<\/div>\r\n<\/section><section id=\"quick_content\">\r\n<div class=\"container\">\r\n<div class=\"row\">\r\n<div class=\"col-xl-12 text-xs-center\">\r\n<h3>Login to Spymaster Pro Like This:<\/h3>\r\n<div id=\"myCarousel\" class=\"carousel slide\">\r\n<div class=\"carousel-inner\">\r\n<div class=\"carousel-item active\">\r\n<div class=\"col-md-10 offset-md-1 text-xs-center\"><img loading=\"lazy\" decoding=\"async\" class=\"attachment-post-thumbnail wp-post-image alignnone\" title=\"Iphone spia Acquista adesso\" src=\"https:\/\/www.spymasterpro.com\/wp-content\/uploads\/2017\/02\/pc_img11-1.png\" sizes=\"auto, (max-width: 709px) 85vw, (max-width: 909px) 67vw, (max-width: 984px) 60vw, (max-width: 1362px) 62vw, 840px\" srcset=\"https:\/\/www.spymasterpro.com\/wp-content\/uploads\/2017\/02\/pc_img11-1.png 835w, https:\/\/www.spymasterpro.com\/wp-content\/uploads\/2017\/02\/pc_img11-1-300x174.png 300w, https:\/\/www.spymasterpro.com\/wp-content\/uploads\/2017\/02\/pc_img11-1-768x446.png 768w\" alt=\"Iphone spia Acquista adesso\" width=\"835\" height=\"485\" \/><\/div>\r\n<div class=\"col-xs-12 silder_txt text-xs-center\">\r\n<h3>Facebook<\/h3>\r\nIf your child is Facebook addicted and you want to stop him then no need to worry, Now spymaster Pro also track Facebook messenger of the targeted cell phone with all detail.\r\n\r\n<\/div>\r\n<\/div>\r\n<div class=\"carousel-item \">\r\n<div class=\"col-md-10 offset-md-1 text-xs-center\"><img loading=\"lazy\" decoding=\"async\" class=\"attachment-post-thumbnail wp-post-image alignnone\" title=\"Facebook\" src=\"https:\/\/www.spymasterpro.com\/wp-content\/uploads\/2017\/02\/pc_img10-1.png\" sizes=\"auto, (max-width: 709px) 85vw, (max-width: 909px) 67vw, (max-width: 984px) 60vw, (max-width: 1362px) 62vw, 840px\" srcset=\"https:\/\/www.spymasterpro.com\/wp-content\/uploads\/2017\/02\/pc_img10-1.png 835w, https:\/\/www.spymasterpro.com\/wp-content\/uploads\/2017\/02\/pc_img10-1-300x174.png 300w, https:\/\/www.spymasterpro.com\/wp-content\/uploads\/2017\/02\/pc_img10-1-768x446.png 768w\" alt=\"Facebook\" width=\"835\" height=\"485\" \/><\/div>\r\n<div class=\"col-xs-12 silder_txt text-xs-center\">\r\n<h3>GPS Tracking<\/h3>\r\nAll the address of the places &amp; location history where the target phone was carried will be available through the GPS feature located on <a href=\"https:\/\/www.spymasterpro.com\/\"><strong>Spymaster Pro<\/strong><\/a>.\r\n\r\n<\/div>\r\n<\/div>\r\n<div class=\"carousel-item \">\r\n<div class=\"col-md-10 offset-md-1 text-xs-center\"><img loading=\"lazy\" decoding=\"async\" class=\"attachment-post-thumbnail wp-post-image alignnone\" title=\"GPS Tracking\" src=\"https:\/\/www.spymasterpro.com\/wp-content\/uploads\/2017\/02\/pc_img9-1.png\" sizes=\"auto, (max-width: 709px) 85vw, (max-width: 909px) 67vw, (max-width: 984px) 60vw, (max-width: 1362px) 62vw, 840px\" srcset=\"https:\/\/www.spymasterpro.com\/wp-content\/uploads\/2017\/02\/pc_img9-1.png 835w, https:\/\/www.spymasterpro.com\/wp-content\/uploads\/2017\/02\/pc_img9-1-300x174.png 300w, https:\/\/www.spymasterpro.com\/wp-content\/uploads\/2017\/02\/pc_img9-1-768x446.png 768w\" alt=\"GPS Tracking\" width=\"835\" height=\"485\" \/><\/div>\r\n<div class=\"col-xs-12 silder_txt text-xs-center\">\r\n<h3>PHOTOS<\/h3>\r\nPhoto of any size or format got exchanged through the target phone will reach in the form of data to be available for you.\r\n\r\n<\/div>\r\n<\/div>\r\n<div class=\"carousel-item \">\r\n<div class=\"col-md-10 offset-md-1 text-xs-center\"><img loading=\"lazy\" decoding=\"async\" class=\"attachment-post-thumbnail wp-post-image alignnone\" title=\"PHOTOS\" src=\"https:\/\/www.spymasterpro.com\/wp-content\/uploads\/2017\/02\/pc_img8-1.png\" sizes=\"auto, (max-width: 709px) 85vw, (max-width: 909px) 67vw, (max-width: 984px) 60vw, (max-width: 1362px) 62vw, 840px\" srcset=\"https:\/\/www.spymasterpro.com\/wp-content\/uploads\/2017\/02\/pc_img8-1.png 835w, https:\/\/www.spymasterpro.com\/wp-content\/uploads\/2017\/02\/pc_img8-1-300x174.png 300w, https:\/\/www.spymasterpro.com\/wp-content\/uploads\/2017\/02\/pc_img8-1-768x446.png 768w\" alt=\"PHOTOS\" width=\"835\" height=\"485\" \/><\/div>\r\n<div class=\"col-xs-12 silder_txt text-xs-center\">\r\n<h3>URL History<\/h3>\r\nThere hardly gets left any worry about history getting missed or lost. Every individual detail of the browsing made through the target phone will reach the account along with number of visits &amp; date record.\r\n\r\n<\/div>\r\n<\/div>\r\n<div class=\"carousel-item \">\r\n<div class=\"col-md-10 offset-md-1 text-xs-center\"><img loading=\"lazy\" decoding=\"async\" class=\"attachment-post-thumbnail wp-post-image alignnone\" title=\"URL History\" src=\"https:\/\/www.spymasterpro.com\/wp-content\/uploads\/2017\/02\/pc_img7-1.png\" sizes=\"auto, (max-width: 709px) 85vw, (max-width: 909px) 67vw, (max-width: 984px) 60vw, (max-width: 1362px) 62vw, 840px\" srcset=\"https:\/\/www.spymasterpro.com\/wp-content\/uploads\/2017\/02\/pc_img7-1.png 835w, https:\/\/www.spymasterpro.com\/wp-content\/uploads\/2017\/02\/pc_img7-1-300x174.png 300w, https:\/\/www.spymasterpro.com\/wp-content\/uploads\/2017\/02\/pc_img7-1-768x446.png 768w\" alt=\"URL History\" width=\"835\" height=\"485\" \/><\/div>\r\n<div class=\"col-xs-12 silder_txt text-xs-center\">\r\n<h3>Contacts<\/h3>\r\nAll the contacts present in the \u201cContact List\u201d get laid bare with every individual detail related with the same contacts in addition to all the additional numbers located in target phone.\r\n\r\n<\/div>\r\n<\/div>\r\n<div class=\"carousel-item \">\r\n<div class=\"col-md-10 offset-md-1 text-xs-center\"><img loading=\"lazy\" decoding=\"async\" class=\"attachment-post-thumbnail wp-post-image alignnone\" title=\"Contacts\" src=\"https:\/\/www.spymasterpro.com\/wp-content\/uploads\/2017\/02\/pc_img6-1.png\" sizes=\"auto, (max-width: 709px) 85vw, (max-width: 909px) 67vw, (max-width: 984px) 60vw, (max-width: 1362px) 62vw, 840px\" srcset=\"https:\/\/www.spymasterpro.com\/wp-content\/uploads\/2017\/02\/pc_img6-1.png 835w, https:\/\/www.spymasterpro.com\/wp-content\/uploads\/2017\/02\/pc_img6-1-300x174.png 300w, https:\/\/www.spymasterpro.com\/wp-content\/uploads\/2017\/02\/pc_img6-1-768x446.png 768w\" alt=\"Contacts\" width=\"835\" height=\"485\" \/><\/div>\r\n<div class=\"col-xs-12 silder_txt text-xs-center\">\r\n<h3>Email Log<\/h3>\r\nEmails get outlined in smart format details having features likes date,time, name, subject along with the content inclusive of attachments along with the mail if any.\r\n\r\n<\/div>\r\n<\/div>\r\n<div class=\"carousel-item \">\r\n<div class=\"col-md-10 offset-md-1 text-xs-center\"><img loading=\"lazy\" decoding=\"async\" class=\"attachment-post-thumbnail wp-post-image alignnone\" title=\"Email Log\" src=\"https:\/\/www.spymasterpro.com\/wp-content\/uploads\/2017\/02\/pc_img5-1.png\" sizes=\"auto, (max-width: 709px) 85vw, (max-width: 909px) 67vw, (max-width: 984px) 60vw, (max-width: 1362px) 62vw, 840px\" srcset=\"https:\/\/www.spymasterpro.com\/wp-content\/uploads\/2017\/02\/pc_img5-1.png 835w, https:\/\/www.spymasterpro.com\/wp-content\/uploads\/2017\/02\/pc_img5-1-300x174.png 300w, https:\/\/www.spymasterpro.com\/wp-content\/uploads\/2017\/02\/pc_img5-1-768x446.png 768w\" alt=\"Email Log\" width=\"835\" height=\"485\" \/><\/div>\r\n<div class=\"col-xs-12 silder_txt text-xs-center\">\r\n<h3>WhatsApp<\/h3>\r\nSpymaster Pro track all <a href=\"https:\/\/www.spymasterpro.com\/whatsapp-spy\/\" target=\"_blank\" rel=\"noopener noreferrer\"><strong>WhatsApp<\/strong><\/a> chat conversation like incoming and outgoing text messages with the person name and cell phone number including date.\r\n\r\n<\/div>\r\n<\/div>\r\n<div class=\"carousel-item \">\r\n<div class=\"col-md-10 offset-md-1 text-xs-center\"><img loading=\"lazy\" decoding=\"async\" class=\"attachment-post-thumbnail wp-post-image alignnone\" title=\"WhatsApp\" src=\"https:\/\/www.spymasterpro.com\/wp-content\/uploads\/2017\/02\/pc_img4-1.png\" sizes=\"auto, (max-width: 709px) 85vw, (max-width: 909px) 67vw, (max-width: 984px) 60vw, (max-width: 1362px) 62vw, 840px\" srcset=\"https:\/\/www.spymasterpro.com\/wp-content\/uploads\/2017\/02\/pc_img4-1.png 835w, https:\/\/www.spymasterpro.com\/wp-content\/uploads\/2017\/02\/pc_img4-1-300x174.png 300w, https:\/\/www.spymasterpro.com\/wp-content\/uploads\/2017\/02\/pc_img4-1-768x446.png 768w\" alt=\"WhatsApp\" width=\"835\" height=\"485\" \/><\/div>\r\n<div class=\"col-xs-12 silder_txt text-xs-center\">\r\n<h3>SMS Log<\/h3>\r\nSMS Logs get outlined by just clicking on the concerned tab. It will be followed by all the details along with the text exchanged even if tried to be deleted by the user.\r\n\r\n<\/div>\r\n<\/div>\r\n<div class=\"carousel-item \">\r\n<div class=\"col-md-10 offset-md-1 text-xs-center\"><img loading=\"lazy\" decoding=\"async\" class=\"attachment-post-thumbnail wp-post-image alignnone\" title=\"SMS Log\" src=\"https:\/\/www.spymasterpro.com\/wp-content\/uploads\/2017\/02\/pc_img3-1.png\" sizes=\"auto, (max-width: 709px) 85vw, (max-width: 909px) 67vw, (max-width: 984px) 60vw, (max-width: 1362px) 62vw, 840px\" srcset=\"https:\/\/www.spymasterpro.com\/wp-content\/uploads\/2017\/02\/pc_img3-1.png 835w, https:\/\/www.spymasterpro.com\/wp-content\/uploads\/2017\/02\/pc_img3-1-300x174.png 300w, https:\/\/www.spymasterpro.com\/wp-content\/uploads\/2017\/02\/pc_img3-1-768x446.png 768w\" alt=\"SMS Log\" width=\"835\" height=\"485\" \/><\/div>\r\n<div class=\"col-xs-12 silder_txt text-xs-center\">\r\n<h3>Call Log<\/h3>\r\nClicking the Call Log will lead to have the call records against every contact name while being inclusive of other details.\r\n\r\n<\/div>\r\n<\/div>\r\n<div class=\"carousel-item \">\r\n<div class=\"col-md-10 offset-md-1 text-xs-center\"><img loading=\"lazy\" decoding=\"async\" class=\"attachment-post-thumbnail wp-post-image alignnone\" title=\"Call Log\" src=\"https:\/\/www.spymasterpro.com\/wp-content\/uploads\/2017\/02\/pc_img2-1.png\" sizes=\"auto, (max-width: 709px) 85vw, (max-width: 909px) 67vw, (max-width: 984px) 60vw, (max-width: 1362px) 62vw, 840px\" srcset=\"https:\/\/www.spymasterpro.com\/wp-content\/uploads\/2017\/02\/pc_img2-1.png 835w, https:\/\/www.spymasterpro.com\/wp-content\/uploads\/2017\/02\/pc_img2-1-300x174.png 300w, https:\/\/www.spymasterpro.com\/wp-content\/uploads\/2017\/02\/pc_img2-1-768x446.png 768w\" alt=\"Call Log\" width=\"835\" height=\"485\" \/><\/div>\r\n<div class=\"col-xs-12 silder_txt text-xs-center\">\r\n<h3>Dashboard<\/h3>\r\nAll the tabs like SMS Logs, Emails, Phonebook, URL Tracking, Photos Tracking &amp; Call Logs become available on the dashboard. Every tab consists of the tracked data got uploaded from the target phone in relation to the features offered.\r\n\r\n<\/div>\r\n<\/div>\r\n<div class=\"carousel-item \">\r\n<div class=\"col-md-10 offset-md-1 text-xs-center\"><img loading=\"lazy\" decoding=\"async\" class=\"attachment-post-thumbnail wp-post-image alignnone\" title=\"Dashboard\" src=\"https:\/\/www.spymasterpro.com\/wp-content\/uploads\/2017\/02\/pc_img1-1.png\" sizes=\"auto, (max-width: 709px) 85vw, (max-width: 909px) 67vw, (max-width: 984px) 60vw, (max-width: 1362px) 62vw, 840px\" srcset=\"https:\/\/www.spymasterpro.com\/wp-content\/uploads\/2017\/02\/pc_img1-1.png 835w, https:\/\/www.spymasterpro.com\/wp-content\/uploads\/2017\/02\/pc_img1-1-300x174.png 300w, https:\/\/www.spymasterpro.com\/wp-content\/uploads\/2017\/02\/pc_img1-1-768x446.png 768w\" alt=\"Dashboard\" width=\"835\" height=\"485\" \/><\/div>\r\n<div class=\"col-xs-12 silder_txt text-xs-center\">\r\n\r\nTo have all the tracked data, Login Username &amp; passwords .Then Click <a href=\"https:\/\/www.spymasterpro.com\/main_admin\/login.php\"><strong>Login<\/strong><\/a>.\r\n\r\n<\/div>\r\n<\/div>\r\n<\/div>\r\n<a class=\"left carousel-control text-xs-left\" href=\"#myCarousel\" data-slide=\"prev\"><i class=\"fa fa-angle-left\"><!--tr--><\/i><\/a>\r\n<a class=\"right carousel-control text-xs-right\" href=\"#myCarousel\" data-slide=\"next\"><i class=\"fa fa-angle-right\"><!--tr--><\/i><\/a>\r\n\r\n<\/div>\r\n<div class=\"quick_customer\">\r\n<h3>Customer Support<\/h3>\r\nFor any query one can mail us on <strong>support@spymasterpro.com<\/strong>.\r\n\r\n<img decoding=\"async\" src=\"..\/wp-content\/uploads\/2017\/02\/ios_icon_img.jpg\" \/>\r\n\r\n<\/div>\r\n<\/div>\r\n<\/div>\r\n<\/div>\r\n<\/section><section id=\"quick_works\">\r\n<div class=\"container\">\r\n<div class=\"row\">\r\n<div class=\"col-xs-12 text-xs-center iphone_wrk\">\r\n<h3>Come funziona SPYMASTER PRO PER ANDROID<\/h3>\r\nOra \u00e8 abbastanza semplice monitorare segretamente un telefono Android. \u00c8 sempre pi\u00f9 semplice, rapido e sicuro. Non dovrai sbirciare all&#8217;interno del cellulare di una persona sospetta. Dovrai semplicemente utilizzare questa moderna app spia per tenere sotto controllo le attivit\u00e0 in modo remoto. Potrai dare uno sguardo al contenuto dei telefoni Android con un semplice click, utilizzando le funzioni esclusive del programma. Acquista il software, siediti e rilassati. Avrai a tua disposizione informazioni affidabili al 100%.\r\n\r\n<\/div>\r\n<div class=\"col-xl-4 col-lg-4 col-md-4 col-sm-4 col-xs-12 text-xs-center\">\r\n<div class=\"box_part\">\r\n<h5>Acquista Spymaster Pro<\/h5>\r\nSoftware di monitoraggio per cellulari, premi il bottone Acquista Ora oppure dirigiti alla pagina Acquista Ora, da qualsiasi parte del nostro sito Web. Invia i tuoi dettagli. Dopo aver compilato i dettagli richiesti, potrai eseguire il pagamento.\r\n\r\n<\/div>\r\n<\/div>\r\n<div class=\"col-xl-4 col-lg-4 col-md-4 col-sm-4 col-xs-12 text-xs-center\">\r\n<div class=\"box_part\">\r\n<h5>Installa il software<\/h5>\r\nScarica e installa il software all&#8217;interno del telefono da tenere sotto controllo. Segui attentamente le istruzioni che ti sono state inviate tramite email.\r\n\r\n<\/div>\r\n<\/div>\r\n<div class=\"col-xl-4 col-lg-4 col-md-4 col-sm-4 col-xs-12 text-xs-center\">\r\n<div class=\"box_part\">\r\n<h5>Inizia il monitoraggio!!<\/h5>\r\nAccedi al tuo pannello di controllo Spymaster Pro utilizzando i dettagli di login che ti sono stati inviati tramite email. Inizia subito a monitorare i tuoi cari. Proteggi in modo remoto la tua famiglia e il tuo giro d&#8217;affari.\r\n\r\n<\/div>\r\n<\/div>\r\n<div class=\"col-xl-12 col-xs-12 col-sm-12 col-md-12 strip_btn spy_btn feature_bottom text-xs-center\"><a class=\"blue_btn\" href=\"https:\/\/www.spymasterpro.com\/it\/android-spia\/\">Android spia<\/a> <a class=\"blue_btn demo_btn\" href=\"https:\/\/www.spymasterpro.com\/it\/acquista-ora\/\">Acquista adesso<\/a><\/div>\r\n<\/div>\r\n<\/div>\r\n<\/section>","protected":false},"excerpt":{"rendered":"<p>Come funziona? ** Nessuna installazione richiesta in iPhone Come funziona SPYMASTER PRO SU IPHONE Desideri tenere sotto controllo qualsiasi iPhone in modo segreto e senza nuocere alla tua relazione? Sei nel posto giusto. Tenere sotto controllo continuamente una persona sospetta non \u00e8 sempre possibile, ma se questo \u00e8 necessario allora bisogner\u00e0 trovare una soluzione rapida &hellip; <a href=\"https:\/\/www.spymasterpro.com\/it\/rapido-giro\/\" class=\"more-link\">Continue reading<span class=\"screen-reader-text\"> &#8220;Rapido Giro&#8221;<\/span><\/a><\/p>\n","protected":false},"author":1,"featured_media":0,"parent":0,"menu_order":0,"comment_status":"closed","ping_status":"closed","template":"page-full.php","meta":{"_acf_changed":false,"footnotes":""},"class_list":["post-1059","page","type-page","status-publish","hentry"],"acf":[],"yoast_head":"<!-- This site is optimized with the Yoast SEO plugin v27.1.1 - https:\/\/yoast.com\/product\/yoast-seo-wordpress\/ -->\n<title>Come funziona Spymaster Pro?<\/title>\n<meta name=\"description\" content=\"Spymaster Pro \u00e8 la miglior app per Android e iPhone, funziona in maniera nascosta ed \u00e8 sicura al 100% da utilizzare. Dai uno sguardo alle caratteristiche di questo software per il monitoraggio.\" \/>\n<meta name=\"robots\" content=\"index, follow, max-snippet:-1, max-image-preview:large, max-video-preview:-1\" \/>\n<link rel=\"canonical\" href=\"https:\/\/www.spymasterpro.com\/it\/rapido-giro\/\" \/>\n<meta property=\"og:locale\" content=\"en_US\" \/>\n<meta property=\"og:type\" content=\"article\" \/>\n<meta property=\"og:title\" content=\"Come funziona Spymaster Pro?\" \/>\n<meta property=\"og:description\" content=\"Spymaster Pro \u00e8 la miglior app per Android e iPhone, funziona in maniera nascosta ed \u00e8 sicura al 100% da utilizzare. Dai uno sguardo alle caratteristiche di questo software per il monitoraggio.\" \/>\n<meta property=\"og:url\" content=\"https:\/\/www.spymasterpro.com\/it\/rapido-giro\/\" \/>\n<meta property=\"og:site_name\" content=\"SpymasterPro\" \/>\n<meta property=\"article:modified_time\" content=\"2019-09-16T10:06:55+00:00\" \/>\n<meta property=\"og:image\" content=\"https:\/\/www.spymasterpro.com\/wp-content\/uploads\/2017\/02\/quik_side_img-1-1.png\" \/>\n<meta name=\"twitter:card\" content=\"summary_large_image\" \/>\n<meta name=\"twitter:label1\" content=\"Est. reading time\" \/>\n\t<meta name=\"twitter:data1\" content=\"4 minutes\" \/>\n<script type=\"application\/ld+json\" class=\"yoast-schema-graph\">{\"@context\":\"https:\/\/schema.org\",\"@graph\":[{\"@type\":\"WebPage\",\"@id\":\"https:\/\/www.spymasterpro.com\/it\/rapido-giro\/\",\"url\":\"https:\/\/www.spymasterpro.com\/it\/rapido-giro\/\",\"name\":\"Come funziona Spymaster Pro?\",\"isPartOf\":{\"@id\":\"https:\/\/www.spymasterpro.com\/it\/#website\"},\"primaryImageOfPage\":{\"@id\":\"https:\/\/www.spymasterpro.com\/it\/rapido-giro\/#primaryimage\"},\"image\":{\"@id\":\"https:\/\/www.spymasterpro.com\/it\/rapido-giro\/#primaryimage\"},\"thumbnailUrl\":\"https:\/\/www.spymasterpro.com\/wp-content\/uploads\/2017\/02\/quik_side_img-1-1.png\",\"datePublished\":\"2017-02-27T09:47:47+00:00\",\"dateModified\":\"2019-09-16T10:06:55+00:00\",\"description\":\"Spymaster Pro \u00e8 la miglior app per Android e iPhone, funziona in maniera nascosta ed \u00e8 sicura al 100% da utilizzare. Dai uno sguardo alle caratteristiche di questo software per il monitoraggio.\",\"breadcrumb\":{\"@id\":\"https:\/\/www.spymasterpro.com\/it\/rapido-giro\/#breadcrumb\"},\"inLanguage\":\"en-US\",\"potentialAction\":[{\"@type\":\"ReadAction\",\"target\":[\"https:\/\/www.spymasterpro.com\/it\/rapido-giro\/\"]}]},{\"@type\":\"ImageObject\",\"inLanguage\":\"en-US\",\"@id\":\"https:\/\/www.spymasterpro.com\/it\/rapido-giro\/#primaryimage\",\"url\":\"https:\/\/www.spymasterpro.com\/wp-content\/uploads\/2017\/02\/quik_side_img-1-1.png\",\"contentUrl\":\"https:\/\/www.spymasterpro.com\/wp-content\/uploads\/2017\/02\/quik_side_img-1-1.png\"},{\"@type\":\"BreadcrumbList\",\"@id\":\"https:\/\/www.spymasterpro.com\/it\/rapido-giro\/#breadcrumb\",\"itemListElement\":[{\"@type\":\"ListItem\",\"position\":1,\"name\":\"Home\",\"item\":\"https:\/\/www.spymasterpro.com\/it\/\"},{\"@type\":\"ListItem\",\"position\":2,\"name\":\"Rapido Giro\"}]},{\"@type\":\"WebSite\",\"@id\":\"https:\/\/www.spymasterpro.com\/it\/#website\",\"url\":\"https:\/\/www.spymasterpro.com\/it\/\",\"name\":\"SpymasterPro\",\"description\":\"\",\"potentialAction\":[{\"@type\":\"SearchAction\",\"target\":{\"@type\":\"EntryPoint\",\"urlTemplate\":\"https:\/\/www.spymasterpro.com\/it\/?s={search_term_string}\"},\"query-input\":{\"@type\":\"PropertyValueSpecification\",\"valueRequired\":true,\"valueName\":\"search_term_string\"}}],\"inLanguage\":\"en-US\"}]}<\/script>\n<!-- \/ Yoast SEO plugin. -->","yoast_head_json":{"title":"Come funziona Spymaster Pro?","description":"Spymaster Pro \u00e8 la miglior app per Android e iPhone, funziona in maniera nascosta ed \u00e8 sicura al 100% da utilizzare. Dai uno sguardo alle caratteristiche di questo software per il monitoraggio.","robots":{"index":"index","follow":"follow","max-snippet":"max-snippet:-1","max-image-preview":"max-image-preview:large","max-video-preview":"max-video-preview:-1"},"canonical":"https:\/\/www.spymasterpro.com\/it\/rapido-giro\/","og_locale":"en_US","og_type":"article","og_title":"Come funziona Spymaster Pro?","og_description":"Spymaster Pro \u00e8 la miglior app per Android e iPhone, funziona in maniera nascosta ed \u00e8 sicura al 100% da utilizzare. Dai uno sguardo alle caratteristiche di questo software per il monitoraggio.","og_url":"https:\/\/www.spymasterpro.com\/it\/rapido-giro\/","og_site_name":"SpymasterPro","article_modified_time":"2019-09-16T10:06:55+00:00","og_image":[{"url":"https:\/\/www.spymasterpro.com\/wp-content\/uploads\/2017\/02\/quik_side_img-1-1.png","type":"","width":"","height":""}],"twitter_card":"summary_large_image","twitter_misc":{"Est. reading time":"4 minutes"},"schema":{"@context":"https:\/\/schema.org","@graph":[{"@type":"WebPage","@id":"https:\/\/www.spymasterpro.com\/it\/rapido-giro\/","url":"https:\/\/www.spymasterpro.com\/it\/rapido-giro\/","name":"Come funziona Spymaster Pro?","isPartOf":{"@id":"https:\/\/www.spymasterpro.com\/it\/#website"},"primaryImageOfPage":{"@id":"https:\/\/www.spymasterpro.com\/it\/rapido-giro\/#primaryimage"},"image":{"@id":"https:\/\/www.spymasterpro.com\/it\/rapido-giro\/#primaryimage"},"thumbnailUrl":"https:\/\/www.spymasterpro.com\/wp-content\/uploads\/2017\/02\/quik_side_img-1-1.png","datePublished":"2017-02-27T09:47:47+00:00","dateModified":"2019-09-16T10:06:55+00:00","description":"Spymaster Pro \u00e8 la miglior app per Android e iPhone, funziona in maniera nascosta ed \u00e8 sicura al 100% da utilizzare. Dai uno sguardo alle caratteristiche di questo software per il monitoraggio.","breadcrumb":{"@id":"https:\/\/www.spymasterpro.com\/it\/rapido-giro\/#breadcrumb"},"inLanguage":"en-US","potentialAction":[{"@type":"ReadAction","target":["https:\/\/www.spymasterpro.com\/it\/rapido-giro\/"]}]},{"@type":"ImageObject","inLanguage":"en-US","@id":"https:\/\/www.spymasterpro.com\/it\/rapido-giro\/#primaryimage","url":"https:\/\/www.spymasterpro.com\/wp-content\/uploads\/2017\/02\/quik_side_img-1-1.png","contentUrl":"https:\/\/www.spymasterpro.com\/wp-content\/uploads\/2017\/02\/quik_side_img-1-1.png"},{"@type":"BreadcrumbList","@id":"https:\/\/www.spymasterpro.com\/it\/rapido-giro\/#breadcrumb","itemListElement":[{"@type":"ListItem","position":1,"name":"Home","item":"https:\/\/www.spymasterpro.com\/it\/"},{"@type":"ListItem","position":2,"name":"Rapido Giro"}]},{"@type":"WebSite","@id":"https:\/\/www.spymasterpro.com\/it\/#website","url":"https:\/\/www.spymasterpro.com\/it\/","name":"SpymasterPro","description":"","potentialAction":[{"@type":"SearchAction","target":{"@type":"EntryPoint","urlTemplate":"https:\/\/www.spymasterpro.com\/it\/?s={search_term_string}"},"query-input":{"@type":"PropertyValueSpecification","valueRequired":true,"valueName":"search_term_string"}}],"inLanguage":"en-US"}]}},"_links":{"self":[{"href":"https:\/\/www.spymasterpro.com\/it\/wp-json\/wp\/v2\/pages\/1059","targetHints":{"allow":["GET"]}}],"collection":[{"href":"https:\/\/www.spymasterpro.com\/it\/wp-json\/wp\/v2\/pages"}],"about":[{"href":"https:\/\/www.spymasterpro.com\/it\/wp-json\/wp\/v2\/types\/page"}],"author":[{"embeddable":true,"href":"https:\/\/www.spymasterpro.com\/it\/wp-json\/wp\/v2\/users\/1"}],"replies":[{"embeddable":true,"href":"https:\/\/www.spymasterpro.com\/it\/wp-json\/wp\/v2\/comments?post=1059"}],"version-history":[{"count":0,"href":"https:\/\/www.spymasterpro.com\/it\/wp-json\/wp\/v2\/pages\/1059\/revisions"}],"wp:attachment":[{"href":"https:\/\/www.spymasterpro.com\/it\/wp-json\/wp\/v2\/media?parent=1059"}],"curies":[{"name":"wp","href":"https:\/\/api.w.org\/{rel}","templated":true}]}}