{"id":795,"date":"2015-02-28T05:50:45","date_gmt":"2015-02-28T05:50:45","guid":{"rendered":"https:\/\/www.spymasterpro.com\/fr\/?page_id=795"},"modified":"2015-02-28T05:50:45","modified_gmt":"2015-02-28T05:50:45","slug":"affiliates","status":"publish","type":"page","link":"https:\/\/www.spymasterpro.com\/fr\/affiliates\/","title":{"rendered":"Affiliates"},"content":{"rendered":"<div id=\"pl-95\" class=\"panel-layout\">\n<div id=\"pg-95-0\" class=\"panel-grid panel-no-style\">\n<div id=\"pgc-95-0-0\" class=\"panel-grid-cell\" data-weight=\"1\">\n<div id=\"panel-95-0-0-0\" class=\"so-panel widget_text panel-first-child\" data-index=\"0\" data-style=\"{&quot;background_display&quot;:&quot;tile&quot;}\">\n<div class=\"textwidget\">\n<section id=\"affilate_program_banner\">\n<div class=\"container\">\n<div class=\"row\">\n<div class=\"col-xl-9 col-lg-9 col-md-9 col-sm-12 iphone_right_point\">\n<h4>REJOIGNEZ LE PROGRAMME D\u2019AFFILIATION DE SPYMASTERPRO<\/h4>\n<h6>D\u00c9VELOPPEZ VOTRE REVENU AVEC DES PRODUITS HAUT DE GAMME<\/h6>\n<ul>\n<li>Ventes moyennes de 95,5 $<\/li>\n<li>Dur\u00e9e de vie des cookies de 120 jours<\/li>\n<li>Taux moyen de remboursement de 1,5%<\/li>\n<\/ul>\n<div class=\"slider_btn\"><a class=\"blue_btn\" href=\"..\/affiliate\/affiliates-process\/\">Devenez un partenaire<\/a> <a class=\"blue_btn\" href=\"http:\/\/spymasterpro.offerit.com\/\">Login<\/a><\/div>\n<\/div>\n<\/div>\n<\/div>\n<\/section>\n<\/div>\n<\/div>\n<div id=\"panel-95-0-0-1\" class=\"so-panel widget_text\" data-index=\"1\" data-style=\"{&quot;background_display&quot;:&quot;tile&quot;}\">\n<div class=\"textwidget\">\n<section id=\"affilate_program\">\n<div class=\"container\">\n<div class=\"row\">\n<div class=\"col-xs-12 text-xs-center affilate_txt\">\n<h4>Qu\u2019est-ce que le programme d\u2019affiliation de SPYMASTERPRO?<\/h4>\n<p>Spymaster Pro est un logiciel de surveillance tr\u00e8s r\u00e9put\u00e9 sur le march\u00e9. Rejoignez notre programme d\u2019affiliation et commencez \u00e0 gagner de l\u2019argent. Nous vous offrons un minimum de 50% de profit sur chaque vente que vous nous redirigez. Plus de ventes implique une augmentation du pourcentage de profit. Vous pouvez r\u00e9aliser jusqu\u2019\u00e0 70% de profit sur chaque vente d\u2019un produit Spymaster Pro. Alors, commencez \u00e0 vendre nos produits et devenez riche rapidement.<\/p>\n<\/div>\n<div class=\"col-xs-12\">\n<div class=\"feature_heading text-xs-center\">\n<h3>Le pourcentage de vos commissions augmente au fur et \u00e0 mesure que Vos ventes augmentent<\/h3>\n<\/div>\n<div class=\"row\">\n<div class=\"col-xl-3 col-lg-3 col-md-3 col-sm-6 text-xs-center\">\n<div class=\"commision_bx\">\n<h3>$2,000<\/h3>\n<p>Est le montant gagn\u00e9 mensuellement par nos affili\u00e9s<\/p>\n<\/div>\n<\/div>\n<div class=\"col-xl-3 col-lg-3 col-md-3 col-sm-6 text-xs-center\">\n<div class=\"commision_bx\">\n<h3>30<\/h3>\n<p>Jours d\u2019assistance et de suivi des ventes<\/p>\n<\/div>\n<\/div>\n<div class=\"col-xl-3 col-lg-3 col-md-3 col-sm-6 text-xs-center\">\n<div class=\"commision_bx\">\n<h3>$50<\/h3>\n<p>Commission moyenne par vente<\/p>\n<\/div>\n<\/div>\n<div class=\"col-xl-3 col-lg-3 col-md-3 col-sm-6 text-xs-center\">\n<div class=\"commision_bx\">\n<h3>200<\/h3>\n<p>Affili\u00e9s nous ont d\u00e9j\u00e0 rejoint<\/p>\n<\/div>\n<\/div>\n<\/div>\n<\/div>\n<div class=\"col-xs-12 text-xs-center affilate_txt\">\n<h4>Vous n\u2019\u00eates pas laiss\u00e9s seuls; Nous vous accompagnons tout au long du chemin<\/h4>\n<p>Spymaster Pro ne vous abandonnera jamais apr\u00e8s votre adh\u00e9sion \u00e0 notre programme d\u2019affiliation. Une fois que vous \u00eates inscrit comme affili\u00e9 de Spymaster Pro, un expert professionnel et engag\u00e9 vous sera assign\u00e9. Il travaillera avec vous pendant tout le processus pour vous aider \u00e0 faire de plus en plus de ventes.<\/p>\n<p><a class=\"blue_btn\" href=\"..\/affiliate\/\">Adh\u00e9rez maintenant<\/a><\/p>\n<\/div>\n<div class=\"col-xs-12\">\n<div class=\"feature_heading text-xs-center\">\n<h3>Nous travaillons \u00e9troitement avec vous<\/h3>\n<\/div>\n<div class=\"row\">\n<div class=\"col-xl-4 col-lg-4 col-md-4 text-xs-center\">\n<div class=\"affilate_work\">\n<p><img decoding=\"async\" src=\"..\/wp-content\/uploads\/2017\/02\/affilate_icon1.png\" alt=\"icon_img\" \/><\/p>\n<h5>Commissions \u00e9lev\u00e9es<\/h5>\n<p>Devenez notre affili\u00e9 et obtenez la commission la plus \u00e9lev\u00e9e de 50% sur chaque vente. Profitez de cette occasion aujourd\u2019hui et profitez de tous les avantages de ce partenariat.<\/p>\n<p><a class=\"blue_btn\" href=\"..\/affiliate\/\">Devenez un partenaire<\/a><\/p>\n<\/div>\n<\/div>\n<div class=\"col-xl-4 col-lg-4 col-md-4 text-xs-center\">\n<div class=\"affilate_work\">\n<p><img decoding=\"async\" src=\"..\/wp-content\/uploads\/2017\/02\/affilate_icon2.png\" alt=\"icon_img\" \/><\/p>\n<h5>Logiciel de qualit\u00e9 sup\u00e9rieure<\/h5>\n<p>Notre logiciel est compatible avec les derni\u00e8res versions d\u2019OS mobiles d\u2019Android et d\u2019iPhone. Il fonctionne parfaitement bien et offre de nombreuses fonctionnalit\u00e9s.<\/p>\n<p><a class=\"blue_btn\" href=\"..\/affiliate\/\">Devenez un partenaire<\/a><\/p>\n<\/div>\n<\/div>\n<div class=\"col-xl-4 col-lg-4 col-md-4 text-xs-center\">\n<div class=\"affilate_work\">\n<p><img decoding=\"async\" src=\"..\/wp-content\/uploads\/2017\/02\/affilate_icon3.png\" alt=\"icon_img\" \/><\/p>\n<h5>Vendez, Soyez pay\u00e9s<\/h5>\n<p>Oui, chaque vente est \u00e9valu\u00e9e par nous et vous serez pay\u00e9 pour chacune r\u00e9alis\u00e9e! Nous croyons en une pratique commerciale \u00e9quitable et chaque alliance est pr\u00e9cieuse.<\/p>\n<p><a class=\"blue_btn\" href=\"..\/affiliate\/\">Devenez un partenaire<\/a><\/p>\n<\/div>\n<\/div>\n<\/div>\n<\/div>\n<\/div>\n<\/div>\n<\/section>\n<\/div>\n<\/div>\n<div id=\"panel-95-0-0-2\" class=\"so-panel widget_text panel-last-child\" data-index=\"2\" data-style=\"{&quot;background_image_attachment&quot;:false,&quot;background_display&quot;:&quot;tile&quot;}\">\n<div class=\"textwidget\">\n<section id=\"affilate_program\">\n<div class=\"container\">\n<div class=\"col-xs-12 affilate_faq\">\n<div class=\"feature_heading text-xs-center\">\n<h3>Questions fr\u00e9quentes<\/h3>\n<\/div>\n<div class=\"row\">\n<div id=\"bs-collapse\" class=\"panel-group wrap\">\n<div class=\"col-md-6 col-sm-12\">\n<div class=\"panel\">\n<div class=\"panel-heading\">\n<h4 class=\"panel-title\"><a href=\"#one\" data-toggle=\"collapse\" data-parent=\"#\"><br \/>\nComment devenir un affili\u00e9 Spymaster Pro?<br \/>\n<\/a><\/h4>\n<\/div>\n<div id=\"one\" class=\"panel-collapse collapse\">\n<div class=\"panel-body\">Remplissez le formulaire d\u2019affiliation disponible sur notre site web: <a href=\"..\/affiliate\/\"><strong>..\/fr\/affiliates-process\/<\/strong><\/a><\/div>\n<\/div>\n<\/div>\n<p><!-- end of panel --><\/p>\n<div class=\"panel\">\n<div class=\"panel-heading\">\n<h4 class=\"panel-title\"><a href=\"#two\" data-toggle=\"collapse\" data-parent=\"#\"><br \/>\nDois-je payer quelque chose pour cela?<br \/>\n<\/a><\/h4>\n<\/div>\n<div id=\"two\" class=\"panel-collapse collapse\">\n<div class=\"panel-body\">Non, il n\u2019y a pas de frais d\u2019affiliation ou d\u2019autres frais pour devenir un affili\u00e9 de Spymaster Pro. Cela est absolument gratuit. En plus, vous pouvez gagner plus d\u2019argent en g\u00e9n\u00e9rant plus de ventes par le biais de votre lien.<\/div>\n<\/div>\n<\/div>\n<p><!-- end of panel --><\/p>\n<div class=\"panel\">\n<div class=\"panel-heading\">\n<h4 class=\"panel-title\"><a href=\"#three\" data-toggle=\"collapse\" data-parent=\"#\"><br \/>\nPuis-je placer des liens promotionnels sur mon site web ou mon blog?<br \/>\n<\/a><\/h4>\n<\/div>\n<div id=\"three\" class=\"panel-collapse collapse\">\n<div class=\"panel-body\">Certainement, cela est encourag\u00e9! Pour obtenir plus de ventes, vous pouvez mettre le mat\u00e9riel promotionnel sur votre site Web ou blog.<\/div>\n<\/div>\n<\/div>\n<p><!-- end of panel --><\/p>\n<div class=\"panel\">\n<div class=\"panel-heading\">\n<h4 class=\"panel-title\"><a href=\"#four\" data-toggle=\"collapse\" data-parent=\"#\"><br \/>\nEst-ce n\u00e9cessaire d\u2019avoir un site web ou un blog pour devenir affili\u00e9?<br \/>\n<\/a><\/h4>\n<\/div>\n<div id=\"four\" class=\"panel-collapse collapse\">\n<div class=\"panel-body\">Non, il n\u2019est pas essential d\u2019avoir son propre site web ou blog pour devenir affili\u00e9. Vous pouvez utiliser d\u2019autres moyens de promotion comme le PPC (pay per click), le email marketing, etc et gagner de l\u2019argent.<\/div>\n<\/div>\n<\/div>\n<p><!-- end of panel --><\/p>\n<p><!-- end of panel --><\/p>\n<div class=\"panel\">\n<div class=\"panel-heading\">\n<h4 class=\"panel-title\"><a href=\"#nine\" data-toggle=\"collapse\" data-parent=\"#\"><br \/>\nO\u00f9 puis-je obtenir les liens \u00e0 mettre sur mon site?<br \/>\n<\/a><\/h4>\n<\/div>\n<div id=\"nine\" class=\"panel-collapse collapse\">\n<div class=\"panel-body\">Une fois que vous remplissez le formulaire <a href=\"..\/affiliate\/\"><strong>..\/fr\/affiliates-process\/<\/strong><\/a>, vous devenez un affili\u00e9 de Spymaster Pro avec votre propre nom d\u2019utilisateur et mot de passe. Un lien automatique sera g\u00e9n\u00e9r\u00e9 pour vous. Maintenant, vous \u00eates pr\u00eat \u00e0 vendre les produits de Spymaster Pro en utilisant ce lien. Il suffit de copier et de coller ce lien sur votre site Web ou votre blog. Le client va cliquer sur ce lien pour visiter sur le site Web Spymaster Pro via votre r\u00e9f\u00e9rence.<\/div>\n<\/div>\n<\/div>\n<p><!-- end of panel --><\/p>\n<p><!-- end of panel --><\/p>\n<div class=\"panel\">\n<div class=\"panel-heading\">\n<h4 class=\"panel-title\"><a href=\"#ten\" data-toggle=\"collapse\" data-parent=\"#\"><br \/>\nComment vais-je me rendre compte que j\u2019ai fait une vente?<br \/>\n<\/a><\/h4>\n<\/div>\n<div id=\"ten\" class=\"panel-collapse collapse\">\n<div class=\"panel-body\">Quand un client visite le site Spymaster Pro via votre lien de parrainage (g\u00e9n\u00e9r\u00e9 avec votre ID d\u2019affili\u00e9) et ach\u00e8te le logiciel, vous recevrez un courriel concernant cet achat. Vous obtiendrez votre pourcentage de profit fixe sur le prix r\u00e9el du produit.<\/div>\n<\/div>\n<\/div>\n<p><!-- end of panel --><\/p>\n<\/div>\n<p><!-- end of #bs-collapse --><\/p>\n<div class=\"col-md-6 col-sm-12\">\n<div class=\"panel\">\n<div class=\"panel-heading\">\n<h4 class=\"panel-title\"><a href=\"#five\" data-toggle=\"collapse\" data-parent=\"#\"><br \/>\nComment serai-je pay\u00e9?<br \/>\n<\/a><\/h4>\n<\/div>\n<div id=\"five\" class=\"panel-collapse collapse\">\n<div class=\"panel-body\">Vous recevrez votre paiement sur une base mensuelle.<\/div>\n<\/div>\n<\/div>\n<p><!-- end of panel --><\/p>\n<div class=\"panel\">\n<div class=\"panel-heading\">\n<h4 class=\"panel-title\"><a href=\"#six\" data-toggle=\"collapse\" data-parent=\"#\"><br \/>\nDois-je fournir un soutien ou support client apr\u00e8s une vente?<br \/>\n<\/a><\/h4>\n<\/div>\n<div id=\"six\" class=\"panel-collapse collapse\">\n<div class=\"panel-body\">Non, vous n\u2019avez pas \u00e0 vous soucier du support client. On s\u2019en occupera. Il vous suffit d\u2019attirer le visiteur sur notre site et de profiter de votre revenu apr\u00e8s la vente. Tout le reste sera g\u00e9r\u00e9 par l\u2019\u00e9quipe Spymaster Pro.<\/div>\n<\/div>\n<\/div>\n<p><!-- end of panel --><\/p>\n<div class=\"panel\">\n<div class=\"panel-heading\">\n<h4 class=\"panel-title\"><a href=\"#seven\" data-toggle=\"collapse\" data-parent=\"#\"><br \/>\nPuis-je faire de la promotion via mon bulletin ou e-zine?<br \/>\n<\/a><\/h4>\n<\/div>\n<div id=\"seven\" class=\"panel-collapse collapse\">\n<div class=\"panel-body\">Vous pouvez utiliser toute m\u00e9thode ou technique de marketing Internet avanc\u00e9 pour attirer les visiteurs vers notre site et am\u00e9liorer nos ventes.<\/div>\n<\/div>\n<\/div>\n<p><!-- end of panel --><\/p>\n<div class=\"panel\">\n<div class=\"panel-heading\">\n<h4 class=\"panel-title\"><a href=\"#eight\" data-toggle=\"collapse\" data-parent=\"#\"><br \/>\nQuels sont vos publics cibles?<br \/>\n<\/a><\/h4>\n<\/div>\n<div id=\"eight\" class=\"panel-collapse collapse\">\n<div class=\"panel-body\">\nN\u2019importe qui peut acheter Spymaster Pro mais il ya toujours un march\u00e9 cible pour ce logiciel:<\/p>\n<ul>\n<li><strong>Les parents inquiets:<\/strong> pour suivre ou surveiller les activit\u00e9s de leurs adolescents<\/li>\n<li><strong>Les familles:<\/strong> pour s\u2019occuper les uns des autres<\/li>\n<li><strong>Les propri\u00e9taires d\u2019entreprise:<\/strong> pour surveiller secr\u00e8tement leurs employ\u00e9s<\/li>\n<\/ul>\n<\/div>\n<\/div>\n<\/div>\n<div class=\"panel\">\n<div class=\"panel-heading\">\n<h4 class=\"panel-title\"><a href=\"#eleven\" data-toggle=\"collapse\" data-parent=\"#\"><br \/>\nQuelles langues et localit\u00e9s sont prises en charge par Spymaster Pro?<br \/>\n<\/a><\/h4>\n<\/div>\n<div id=\"eleven\" class=\"panel-collapse collapse\">\n<div class=\"panel-body\">\nNous travaillons fort pour fournir un support complet dans chaque r\u00e9gion g\u00e9ographique utilisant Spymaster Pro. Il est consid\u00e9r\u00e9 comme un chef de file mondial dans le monde de la surveillance \u00e9lectronique. Nous offrons les meilleurs services possibles \u00e0 nos clients r\u00e9partis partout dans le monde. Nous offrons nos services dans les langues suivantes:<\/p>\n<ul>\n<li>Italien<\/li>\n<li>Portuguais<\/li>\n<li>Anglais<\/li>\n<li>Espagnol<\/li>\n<li>Allemand<\/li>\n<li>Arabe<\/li>\n<li>Fran\u00e7ais<\/li>\n<li>Thai<\/li>\n<li>Turque<\/li>\n<\/ul>\n<\/div>\n<\/div>\n<\/div>\n<div class=\"panel\">\n<div class=\"panel-heading\">\n<h4 class=\"panel-title\"><a href=\"#twelve\" data-toggle=\"collapse\" data-parent=\"#\"><br \/>\nJ\u2019ai une autre question qui n\u2019a pas eu de r\u00e9ponse dans cette rubrique..<br \/>\n<\/a><\/h4>\n<\/div>\n<div id=\"twelve\" class=\"panel-collapse collapse\">\n<div class=\"panel-body\">Nous serons heureux de vous servir \u00e0 tout moment. Contactez-nous \u00e0 <strong>affiliates@spymasterpro.com<\/strong> pour plus d\u2019informations.<\/div>\n<\/div>\n<\/div>\n<\/div>\n<p><!-- end of wrap --><\/p>\n<\/div>\n<p><!-- end of container --><\/p>\n<\/div>\n<\/div>\n<div class=\"col-xs-12 text-xs-center affilate_bottom\">\n<p><a class=\"blue_btn\" href=\"..\/affiliate\/\">Inscrivez-vous maintenant<\/a> <a class=\"blue_btn\" href=\"http:\/\/spymasterpro.offerit.com\/\">Login<\/a><\/p>\n<h4>Vous avez d\u2019autres questions? N\u2019h\u00e9sitez pas \u00e0 nous contacter \u00e0 <span>affiliates@spymasterpro.com<\/span><\/h4>\n<\/div>\n<\/div>\n<\/section>\n<\/div>\n<\/div>\n<\/div>\n<\/div>\n<\/div>\n","protected":false},"excerpt":{"rendered":"<p>REJOIGNEZ LE PROGRAMME D\u2019AFFILIATION DE SPYMASTERPRO D\u00c9VELOPPEZ VOTRE REVENU AVEC DES PRODUITS HAUT DE GAMME Ventes moyennes de 95,5 $ Dur\u00e9e de vie des cookies de 120 jours Taux moyen de remboursement de 1,5% Devenez un partenaire Login Qu\u2019est-ce que le programme d\u2019affiliation de SPYMASTERPRO? Spymaster Pro est un logiciel de surveillance tr\u00e8s r\u00e9put\u00e9 sur &hellip; <a href=\"https:\/\/www.spymasterpro.com\/fr\/affiliates\/\" class=\"more-link\">Continue reading<span class=\"screen-reader-text\"> &#8220;Affiliates&#8221;<\/span><\/a><\/p>\n","protected":false},"author":1,"featured_media":0,"parent":0,"menu_order":0,"comment_status":"open","ping_status":"open","template":"page-full.php","meta":{"_acf_changed":false,"footnotes":""},"class_list":["post-795","page","type-page","status-publish","hentry"],"acf":[],"aioseo_notices":[],"_links":{"self":[{"href":"https:\/\/www.spymasterpro.com\/fr\/wp-json\/wp\/v2\/pages\/795","targetHints":{"allow":["GET"]}}],"collection":[{"href":"https:\/\/www.spymasterpro.com\/fr\/wp-json\/wp\/v2\/pages"}],"about":[{"href":"https:\/\/www.spymasterpro.com\/fr\/wp-json\/wp\/v2\/types\/page"}],"author":[{"embeddable":true,"href":"https:\/\/www.spymasterpro.com\/fr\/wp-json\/wp\/v2\/users\/1"}],"replies":[{"embeddable":true,"href":"https:\/\/www.spymasterpro.com\/fr\/wp-json\/wp\/v2\/comments?post=795"}],"version-history":[{"count":0,"href":"https:\/\/www.spymasterpro.com\/fr\/wp-json\/wp\/v2\/pages\/795\/revisions"}],"wp:attachment":[{"href":"https:\/\/www.spymasterpro.com\/fr\/wp-json\/wp\/v2\/media?parent=795"}],"curies":[{"name":"wp","href":"https:\/\/api.w.org\/{rel}","templated":true}]}}