{"id":764,"date":"2014-12-20T12:25:11","date_gmt":"2014-12-20T12:25:11","guid":{"rendered":"https:\/\/www.spymasterpro.com\/fr\/?page_id=764"},"modified":"2021-04-06T09:23:28","modified_gmt":"2021-04-06T09:23:28","slug":"surveillance-enfant","status":"publish","type":"page","link":"https:\/\/www.spymasterpro.com\/fr\/surveillance-enfant\/","title":{"rendered":"Surveillance enfants"},"content":{"rendered":"<h2><img loading=\"lazy\" decoding=\"async\" class=\"alignnone wp-image-2130 size-full\" title=\"surveillance de t\u00e9l\u00e9phone portable enfant\" src=\"https:\/\/www.spymasterpro.com\/fr\/wp-content\/uploads\/2019\/06\/Monitorizaci\u00f3n-Del-Tel\u00e9fono-De-Los-Ni\u00f1os.jpg\" alt=\"surveillance de t\u00e9l\u00e9phone portable enfant\" width=\"650\" height=\"350\" srcset=\"https:\/\/www.spymasterpro.com\/fr\/wp-content\/uploads\/2019\/06\/Monitorizaci\u00f3n-Del-Tel\u00e9fono-De-Los-Ni\u00f1os.jpg 650w, https:\/\/www.spymasterpro.com\/fr\/wp-content\/uploads\/2019\/06\/Monitorizaci\u00f3n-Del-Tel\u00e9fono-De-Los-Ni\u00f1os-600x323.jpg 600w, https:\/\/www.spymasterpro.com\/fr\/wp-content\/uploads\/2019\/06\/Monitorizaci\u00f3n-Del-Tel\u00e9fono-De-Los-Ni\u00f1os-300x162.jpg 300w\" sizes=\"auto, (max-width: 650px) 85vw, 650px\" \/><\/h2>\n<h2 style=\"color: black; text-align: justify;\">Savoir exactement o\u00f9 votre enfant se trouve \u00e0 tout moment de la journ\u00e9e avec le suivi GPS.<\/h2>\n<div class=\"spy-viber-it-change\" style=\"text-align: justify;\">\n<ul>\n<li>Consultez l&#8217;annuaire t\u00e9l\u00e9phonique pour les personnes potentiellement dangereuses<\/li>\n<li>Consulter le contenu du t\u00e9l\u00e9phone mobile de votre enfant pour voir s\u2019il y a du contenu ill\u00e9gal.<\/li>\n<li>Prot\u00e9ger votre enfant contre toute forme de pr\u00e9judice ou de cyber intimidation en consultant les SMS.<\/li>\n<li>FSuivre le rapport TimeLOG (journal de temps) pour savoir si votre enfant utilise son cellulaire \u00e0 des moments inopportuns comme pendant la conduite ou trop tard la nuit.<\/li>\n<li>Renseignez-vous sur la participation de votre enfant \u00e0 des activit\u00e9s ill\u00e9gales ou dangereuses comme les sextos.<\/li>\n<\/ul>\n<\/div>\n<p style=\"text-align: justify;\">En tant que parent, vous ferez tout pour garder votre enfant loin de tout type d\u2019activit\u00e9s ill\u00e9gales. Mais dans la plupart des cas, votre enfant pourrait vous cacher les faits inavouables de sa vie. Il est donc extr\u00eamement difficile de venir \u00e0 son secours m\u00eame quand il fait face \u00e0 une situation qui menace de ruiner sa carri\u00e8re.<\/p>\n<h4 style=\"text-align: justify;\">Restez inform\u00e9 de l\u2019activit\u00e9 de vos enfants<\/h4>\n<p style=\"text-align: justify;\">Votre c\u0153ur sursaute chaque fois que vous voyez ou entendez parler d\u2019un enfant emp\u00eatr\u00e9 dans quelque circonstance malheureuse. Probablement, la pens\u00e9e que votre enfant le soit aussi est extr\u00eamement effrayante. Pour se pr\u00e9munir contre une telle \u00e9ventualit\u00e9, commencez \u00e0 prot\u00e9ger votre enfant en d\u00e9couvrant toutes les activit\u00e9s dans lequel il s\u2019implique avec l\u2019aide de Spymaster Pro &#8211; Logiciel de contr\u00f4le parental.<\/p>\n<h4 style=\"text-align: justify;\">Prot\u00e9gez votre enfant en tout temps<\/h4>\n<p style=\"text-align: justify;\">Les fuites de donn\u00e9es depuis vos t\u00e9l\u00e9phones cellulaires peuvent \u00eatre une source de grand embarras non seulement pour votre enfant mais aussi pour toute votre famille. Le mal peut atteindre vos enfants s\u2019ils deviennent la cible de tentatives malveillantes de pr\u00e9dateurs sexuels. Tout d\u2019abord, ces pr\u00e9dateurs deviennent des amis de vos enfants avant d\u2019en faire des victimes par le biais du t\u00e9l\u00e9phone et du ph\u00e9nom\u00e8ne des sextos. Afin de prot\u00e9ger votre enfant contre ces comportements malsains, vous devez utiliser Spymaster Pro pour suivre activement toutes les communications entrantes et sortantes du t\u00e9l\u00e9phone mobile de votre enfant.<\/p>\n<h4 style=\"text-align: justify;\">Solution novatrice pour la surveillance des enfants<\/h4>\n<p style=\"text-align: justify;\">Avec l\u2019\u00e9tonnant Spymaster Pro vous pouvez non seulement contr\u00f4ler le cellulaire de votre enfant tout le temps mais \u00e9galement rester ind\u00e9tectable tout en le faisant. L\u2019int\u00e9gralit\u00e9 du journal d\u2019appel et de sms est enregistr\u00e9e et envoy\u00e9e \u00e0 un compte s\u00e9curis\u00e9 cr\u00e9\u00e9 selon vos sp\u00e9cifications pour vous permettre de faire des v\u00e9rifications chaque fois que vous le jugerez utile. Vous pouvez regarder le journal d\u2019appel pour vous renseigner sur les menaces potentielles auxquelles votre enfant pourrait \u00eatre confront\u00e9 de sorte que vous pouvez agir dessus imm\u00e9diatement<br \/>\nCe qui distingue vraiment ce logiciel est son interface utilisateur tr\u00e8s interactive et son efficacit\u00e9. Notre \u00e9quipe R&amp;D travaille \u00e9galement en permanence sur les mises \u00e0 jour appropri\u00e9es pour rendre le logiciel encore plus convivial.<\/p>\n<h4 style=\"text-align: justify;\">Caract\u00e9ristiques \u00e9tonnantes de Spymaster Pro<\/h4>\n<p style=\"text-align: justify;\">Spymaster Pro procure un large \u00e9ventail de caract\u00e9ristiques performantes pour vous aider \u00e0 veiller sur votre enfant de fa\u00e7on discr\u00e8te. Choisissez entre la version pro ou basique selon les fonctionnalit\u00e9s que vous souhaitez.<\/p>\n<h2 style=\"margin-top: 20px; margin-bottom: 20px; color: black; text-align: justify;\">Fonctionnalit\u00e9s de la version Basic<\/h2>\n<div class=\"content-1\" style=\"text-align: justify;\">\n<h4>Suivi des SMS<\/h4>\n<p>Cette fonctionnalit\u00e9 est particuli\u00e8rement essentielle vis-\u00e0-vis des jeunes d\u2019aujourd\u2019hui. La plupart d\u2019entre eux pr\u00e9f\u00e8re les messages plut\u00f4t que les appels vocaux pour communiquer. Avec notre logiciel, vous aurez non seulement les num\u00e9ros de l\u2019\u00e9metteur et du r\u00e9cepteur mais vous obtiendrez aussi le contenu d\u00e9taill\u00e9 mot par mot des messages envoy\u00e9s et re\u00e7us.<\/p>\n<h4>Suivi par GPS<\/h4>\n<p>Interdire \u00e0 votre enfant d\u2019aller quelque part ne fonctionne g\u00e9n\u00e9ralement pas puisque les jeunes ont souvent une attitude rebelle et mentent sur leurs all\u00e9es et venues. Afin de s\u2019assurer que rien de cela ne se produit, vous avez besoin de garder constamment un \u0153il sur leurs mouvements. Avec notre <a href=\"https:\/\/www.spymasterpro.com\/fr\/suivi-gps\/\" target=\"_blank\" rel=\"noopener noreferrer\"><strong>pisteur GPS<\/strong><\/a>, vous pouvez suivre votre enfant en tout temps.<\/p>\n<h4>Acc\u00e8s \u00e0 l\u2019annuaire<\/h4>\n<p>D\u00e9couvrez l\u2019ensemble du r\u00e9seau de personnes que votre enfant contacte et prenez des mesures en cons\u00e9quence si vous trouvez quelque chose de suspect.<\/p>\n<h4>Suivi d\u2019emails et de photos<\/h4>\n<p>Un autre mode privil\u00e9gi\u00e9 de communication pour les jeunes d\u2019aujourd\u2019hui est l\u2019email. Avec cette fonctionnalit\u00e9, toutes les communications de messagerie seront enregistr\u00e9es dans votre espace membre et vous pouvez les voir \u00e0 votre convenance. Toutes les photos consult\u00e9es sur le t\u00e9l\u00e9phone de votre enfant sont \u00e9galement t\u00e9l\u00e9charg\u00e9es sur le site et vous pouvez les consulter \u00e0 partir de l\u2019espace membre.<\/p>\n<div class=\"strip_space \">\n<div class=\"col-xl-12 col-xs-12 col-sm-12 col-md-12 strip_txt text-xs-center bigtext-red\">Recevez le Spymaster base de \u20ac6.66 par mois<\/div>\n<div class=\"strip_btn feature_bottom text-xs-center hidden-sm-down\"><a class=\"blue_btn\" href=\"https:\/\/www.spymasterpro.com\/demo\/\">D\u00e9mo<\/a> <a class=\"white_btn demo_btn\" href=\"https:\/\/www.spymasterpro.com\/fr\/buynow\/\">OBTENEZ-LE ICI<\/a><\/div>\n<div class=\"strip_btn feature_bottom text-xs-center hidden-md-up\"><a class=\"blue_btn\" href=\"https:\/\/www.spymasterpro.com\/fr\/comment-spymaster-pro-fonctionne-2\/\">Tour d\u2019horizon<\/a> <a class=\"white_btn demo_btn\" href=\"https:\/\/www.spymasterpro.com\/fr\/buynow\/\">OBTENEZ-LE ICI<\/a><\/div>\n<\/div>\n<\/div>\n<h2 style=\"margin-top: 20px; margin-bottom: 20px; color: black; text-align: justify;\">CARACT\u00c9RISTIQUES DE PRO VERSION<\/h2>\n<h4 style=\"text-align: justify;\">Suivi WhatsApp<\/h4>\n<p style=\"text-align: justify;\">Gr\u00e2ce \u00e0 l\u2019aide de Spymaster Pro, vous pouvez lire les fils de conversation entiers de vos ados ou de votre conjoint. Il permettra \u00e9galement de suivre les photos et vid\u00e9os partag\u00e9es avec leur date et heure.<\/p>\n<h4 style=\"text-align: justify;\">Suivi Facebook Messenger<\/h4>\n<p style=\"text-align: justify;\">Spymaster Pro vous permet de suivre et d\u2019enregistrer les conversations de chat sur Facebook avec l\u2019heure et la date exacte.<\/p>\n<div class=\"strip_space \" style=\"text-align: justify;\">\n<div class=\"col-xl-12 col-xs-12 col-sm-12 col-md-12 strip_space strip_txt text-xs-center bigtext-red\">Recevez le Spymaster Pro de \u20ac8.33 par mois<\/div>\n<div class=\"strip_btn feature_bottom text-xs-center hidden-sm-down\"><a class=\"blue_btn\" href=\"https:\/\/www.spymasterpro.com\/fr\/comment-spymaster-pro-fonctionne-2\/\">Tour d\u2019horizon<\/a> <a class=\"white_btn demo_btn\" href=\"https:\/\/www.spymasterpro.com\/fr\/buynow\/\">OBTENEZ-LE ICI<\/a><\/div>\n<div class=\"strip_btn feature_bottom text-xs-center hidden-md-up\"><a class=\"blue_btn\" href=\"https:\/\/www.spymasterpro.com\/fr\/comment-spymaster-pro-fonctionne-2\/\">Tour d\u2019horizon<\/a> <a class=\"white_btn demo_btn\" href=\"https:\/\/www.spymasterpro.com\/fr\/buynow\/\">OBTENEZ-LE ICI<\/a><\/div>\n<\/div>\n","protected":false},"excerpt":{"rendered":"<p>Savoir exactement o\u00f9 votre enfant se trouve \u00e0 tout moment de la journ\u00e9e avec le suivi GPS. Consultez l&#8217;annuaire t\u00e9l\u00e9phonique pour les personnes potentiellement dangereuses Consulter le contenu du t\u00e9l\u00e9phone mobile de votre enfant pour voir s\u2019il y a du contenu ill\u00e9gal. Prot\u00e9ger votre enfant contre toute forme de pr\u00e9judice ou de cyber intimidation en &hellip; <a href=\"https:\/\/www.spymasterpro.com\/fr\/surveillance-enfant\/\" class=\"more-link\">Continue reading<span class=\"screen-reader-text\"> &#8220;Surveillance enfants&#8221;<\/span><\/a><\/p>\n","protected":false},"author":1,"featured_media":0,"parent":0,"menu_order":0,"comment_status":"open","ping_status":"open","template":"","meta":{"_acf_changed":false,"footnotes":""},"class_list":["post-764","page","type-page","status-publish","hentry"],"acf":[],"aioseo_notices":[],"_links":{"self":[{"href":"https:\/\/www.spymasterpro.com\/fr\/wp-json\/wp\/v2\/pages\/764","targetHints":{"allow":["GET"]}}],"collection":[{"href":"https:\/\/www.spymasterpro.com\/fr\/wp-json\/wp\/v2\/pages"}],"about":[{"href":"https:\/\/www.spymasterpro.com\/fr\/wp-json\/wp\/v2\/types\/page"}],"author":[{"embeddable":true,"href":"https:\/\/www.spymasterpro.com\/fr\/wp-json\/wp\/v2\/users\/1"}],"replies":[{"embeddable":true,"href":"https:\/\/www.spymasterpro.com\/fr\/wp-json\/wp\/v2\/comments?post=764"}],"version-history":[{"count":0,"href":"https:\/\/www.spymasterpro.com\/fr\/wp-json\/wp\/v2\/pages\/764\/revisions"}],"wp:attachment":[{"href":"https:\/\/www.spymasterpro.com\/fr\/wp-json\/wp\/v2\/media?parent=764"}],"curies":[{"name":"wp","href":"https:\/\/api.w.org\/{rel}","templated":true}]}}