{"id":33,"date":"2012-11-06T10:16:13","date_gmt":"2012-11-06T10:16:13","guid":{"rendered":"https:\/\/www.spymasterpro.com\/pt\/?page_id=33"},"modified":"2023-02-21T17:25:22","modified_gmt":"2023-02-21T17:25:22","slug":"espion-android","status":"publish","type":"page","link":"https:\/\/www.spymasterpro.com\/fr\/espion-android\/","title":{"rendered":"Espion Android"},"content":{"rendered":"<div id=\"pl-33\" class=\"panel-layout\">\n<div id=\"pg-33-0\" class=\"panel-grid panel-no-style\">\n<div id=\"pgc-33-0-0\" class=\"panel-grid-cell\" data-weight=\"1\">\n<div id=\"panel-33-0-0-0\" class=\"so-panel widget_text panel-first-child\" data-index=\"0\" data-style=\"{&quot;background_image_attachment&quot;:false,&quot;background_display&quot;:&quot;tile&quot;}\">\n<div class=\"textwidget\">\n<section id=\"android_spy_banner\">\n<div class=\"container\">\n<div class=\"row\">\n<div class=\"col-xl-8 col-lg-8 col-md-8 col-sm-12 iphone_right_point\">\n<h4>Logiciel d&#8217;espionnage Android<\/h4>\n<h6>ESPIONNER LES APPAREILS ANDROID EST MAINTENANT ACCESSIBLE<\/h6>\n<ul>\n<li>Fouillez dans les messages supprim\u00e9s, WhatsApp, Facebook Chat, GPS et beaucoup plus<\/li>\n<li>Caract\u00e9ristiques essentielles \u00e0 prix minimum garanti<\/li>\n<li>Spymaster Pro EST D\u00e9sormais Compatible Avec Android 10, 11 ET 12<\/li>\n<li>Accessible \u00e0 partir de n&#8217;importe quel navigateur Web<\/li>\n<li>100% s\u00fbr et fiable<\/li>\n<li>Support multilingue 24\/7<\/li>\n<\/ul>\n<div class=\"slider_btn\">\n<p><a class=\"blue_btn\" href=\"https:\/\/www.spymasterpro.com\/demo\/index.php\"><i class=\"fa fa-play\"><\/i> Live Demo<\/a> <a class=\"blue_btn demo_btn\" href=\"https:\/\/www.spymasterpro.com\/fr\/buynow\/\">Acheter maintenant<\/a><\/p>\n<\/div>\n<\/div>\n<div class=\"col-xl-4 col-lg-4 col-md-4 hidden-sm-down iphone_left_img\">\n<p><img loading=\"lazy\" decoding=\"async\" class=\"alignnone\" title=\"Logiciel d'espionnage Android\" src=\"..\/wp-content\/uploads\/2017\/02\/android_spy_phone_img.png\" alt=\"Logiciel d'espionnage Android\" width=\"340\" height=\"377\" \/><\/p>\n<\/div>\n<\/div>\n<\/div>\n<\/section>\n<\/div>\n<\/div>\n<div id=\"panel-33-0-0-1\" class=\"so-panel widget_text panel-last-child\" data-index=\"1\" data-style=\"{&quot;background_display&quot;:&quot;tile&quot;}\">\n<h3 class=\"widget-title\">Espionnez les t\u00e9l\u00e9phones Android avec Spymaster Pro!<\/h3>\n<div class=\"textwidget\">\n<section id=\"android_spy\">\n<div class=\"container\">\n<div class=\"row\">\n<div class=\"col-12\">\n<h2>Espionnez les t\u00e9l\u00e9phones Android avec Spymaster Pro!<\/h2>\n<\/div>\n<div class=\"col-xl-5 col-lg-5 col-sm-5 col-md-5 col-sm-12 col-xs-12\">\n<p><img loading=\"lazy\" decoding=\"async\" class=\"alignnone\" title=\"Espionnez les t\u00e9l\u00e9phones Android avec Spymaster Pro!\" src=\"..\/wp-content\/uploads\/2017\/02\/androind_spy_img.png\" alt=\"Espionnez les t\u00e9l\u00e9phones Android avec Spymaster Pro!\" width=\"477\" height=\"241\" \/><\/p>\n<\/div>\n<div class=\"col-xl-7 col-lg-7 col-sm-7 col-md-7 col-sm-12 col-xs-12\">\n<p>Spymaster Pro vous aide \u00e0 suivre chaque enregistrement du t\u00e9l\u00e9phone android cible. Pas besoin de toucher le t\u00e9l\u00e9phone une fois que le logiciel a \u00e9t\u00e9 install\u00e9. Cette installation durera \u00e0 peine 5 minutes et par la suite, vous pouvez acc\u00e9der \u00e0 toutes les informations \u00e0 distance. Obtenez simplement le logiciel espion et commencez \u00e0 suivre vos proches ou employ\u00e9s douteux. <strong>Logiciel d&#8217;espionnage Android<\/strong> est vraiment facile \u00e0 utiliser et peut \u00eatre exploit\u00e9 \u00e0 partir de n&#8217;importe quel endroit. Il est 100% s\u00fbr \u00e0 utiliser puisque la personne cible ne connaitra jamais sa presence sur son t\u00e9l\u00e9phone.<\/p>\n<\/div>\n<\/div>\n<\/div>\n<\/section>\n<section id=\"android_spy_feature\">\n<div class=\"container\">\n<div class=\"row\">\n<div class=\"col-xs-12 feature_heading text-xs-center\">\n<h3>Caract\u00e9ristiques de Spymaster Pro<\/h3>\n<\/div>\n<div class=\"col-xl-6 col-lg-6 col-sm-6 col-md-6 col-xs-6 android_spy_points\">\n<h5><img decoding=\"async\" src=\"..\/wp-content\/uploads\/2017\/02\/android_icon.png\" \/> Suivi des appels<\/h5>\n<p>Le <strong>Logiciel d\u2019espionnage Android<\/strong> permet la surveillance d&#8217;appel et vous donne acc\u00e8s aux num\u00e9ros de t\u00e9l\u00e9phone qui sont compos\u00e9s et m\u00eame la dur\u00e9e des appels.<\/p>\n<\/div>\n<div class=\"col-xl-6 col-lg-6 col-sm-6 col-md-6 col-xs-6 android_spy_points\">\n<h5><img decoding=\"async\" src=\"..\/wp-content\/uploads\/2017\/02\/feature_icon2.png\" alt=\"icon_img\" \/> Suivi SMS<\/h5>\n<p>Ce logiciel espion est fourni avec la fonctionnalit\u00e9 de suivi des SMS qui vous aide \u00e0 surveiller tous les messages envoy\u00e9s et re\u00e7us. Vous pouvez lire tous les messages textes ainsi que le num\u00e9ro de l&#8217;exp\u00e9diteur ou du r\u00e9cepteur.<\/p>\n<\/div>\n<div class=\"col-xl-6 col-lg-6 col-sm-6 col-md-6 col-xs-6 android_spy_points\">\n<h5><img decoding=\"async\" src=\"..\/wp-content\/uploads\/2017\/02\/feature_icon10.png\" alt=\"icon_img\" \/> Suivi de photos<\/h5>\n<p>Le suivi des photos est \u00e9galement une autre fonctionnalit\u00e9 qui peut \u00eatre ajout\u00e9e sur ce logiciel et elle vous permettra de v\u00e9rifier les photos qui sont stock\u00e9es sur le t\u00e9l\u00e9phone Android. Sans doute, vous pouvez obtenir beaucoup d&#8217;informations \u00e0 partir de ces seules photos.<\/p>\n<\/div>\n<div class=\"col-xl-6 col-lg-6 col-sm-6 col-md-6 col-xs-6 android_spy_points\">\n<h5><img decoding=\"async\" src=\"..\/wp-content\/uploads\/2017\/02\/feature_icon3.png\" alt=\"icon_img\" \/> Suivi GPS<\/h5>\n<p>Cette fonctionnalit\u00e9 pour les t\u00e9l\u00e9phones Android sera \u00e9galement fournie gr\u00e2ce \u00e0 la <a href=\"https:\/\/www.spymasterpro.com\/fr\/suivi-gps\/\" target=\"_blank\" rel=\"noopener noreferrer\"><strong>localisation par GPS<\/strong><\/a> afin que vous sachiez o\u00f9 l&#8217;utilisateur se trouve. Avec cette fonctionnalit\u00e9, vous pouvez adjoindre une carte afin que vous puissiez exactement identifier leurs emplacements.<\/p>\n<\/div>\n<div class=\"col-xl-6 col-lg-6 col-sm-6 col-md-6 col-xs-6 android_spy_points\">\n<h5><img decoding=\"async\" src=\"..\/wp-content\/uploads\/2017\/02\/android_icon2.png\" \/> Suivi d&#8217;URL<\/h5>\n<p>Saviez-vous que le logiciel permet \u00e9galement le suivi d&#8217;URL? Vous pouvez maintenant consulter les sites que les personnes cibles consultent et visitent.<\/p>\n<\/div>\n<div class=\"col-xl-6 col-lg-6 col-sm-6 col-md-6 col-xs-6 android_spy_points\">\n<h5><img decoding=\"async\" src=\"..\/wp-content\/uploads\/2017\/02\/feature_icon6.png\" alt=\"icon_img\" \/>Suivi du r\u00e9pertoire<\/h5>\n<p>Le logiciel permet l\u2019acc\u00e8s au r\u00e9pertoire t\u00e9l\u00e9phonique.<\/p>\n<\/div>\n<div class=\"col-xl-6 col-lg-6 col-sm-6 col-md-6 col-xs-6 android_spy_points\">\n<h5><img decoding=\"async\" src=\"https:\/\/www.spymasterpro.com\/fr\/wp-content\/uploads\/2017\/08\/snapchat_icon.png\" alt=\"icon_img\" \/> Snapchat<\/h5>\n<p>Avec cette fonctionnalit\u00e9, vous pouvez avoir un contr\u00f4le total sur les messages texte \u00e9chang\u00e9s depuis le t\u00e9l\u00e9phone cible. En dehors de cela, vous pouvez acc\u00e9der \u00e0 des informations compl\u00e8tes telles que la date et l&#8217;heure exactes o\u00f9 les chats ont \u00e9t\u00e9 \u00e9chang\u00e9s.<\/p>\n<\/div>\n<div class=\"col-xl-6 col-lg-6 col-sm-6 col-md-6 col-xs-6 android_spy_points\">\n<h5><img decoding=\"async\" src=\"https:\/\/www.spymasterpro.com\/fr\/wp-content\/uploads\/2017\/08\/instagram_icon.png\" alt=\"icon_img\" \/>Instagram<\/h5>\n<p>Avec Spymaster Pro, vous pouvez lire les messages de discussion et avoir un contr\u00f4le total sur les fichiers multim\u00e9dias (photos et vid\u00e9os) \u00e9chang\u00e9s \u00e0 partir de l&#8217;appareil iOS \/ Android cible.<\/p>\n<\/div>\n<div class=\"col-xl-12 col-xs-12 col-sm-12 col-md-12 strip_txt text-xs-center web_strip\">Obtenez Spymaster Pro Android Basic pour $ 6.66 seulement \/ mois<\/div>\n<div class=\"col-xl-12 col-xs-12 col-sm-12 col-md-12 strip_btn feature_bottom spy_btn text-xs-center hidden-md-up\">\n<p><a class=\"blue_btn\" href=\"https:\/\/www.spymasterpro.com\/demo\/index.php\">Tour d\u2019horizon<\/a> <a class=\"white_btn demo_btn\" href=\"https:\/\/www.spymasterpro.com\/fr\/buynow\/\">OBTENEZ-LE ICI<\/a><\/p>\n<\/div>\n<div class=\"col-xl-6 col-lg-6 col-sm-6 col-md-6 col-xs-6 android_spy_points\">\n<h5><img decoding=\"async\" src=\"..\/wp-content\/uploads\/2017\/02\/feature_icon8.png\" alt=\"icon_img\" \/> Suivi de WhatsApp<\/h5>\n<p>Gr\u00e2ce \u00e0 l&#8217;aide de Spymaster pro, vous pouvez lire les conversations enti\u00e8res de vos adolescents ou de votre conjoint qui vous trompe. Il permet \u00e9galement le suivi des photos partag\u00e9es avec leur date et heure.<\/p>\n<\/div>\n<div class=\"col-xl-6 col-lg-6 col-sm-6 col-md-6 col-xs-6 android_spy_points\">\n<h5><img decoding=\"async\" src=\"..\/wp-content\/uploads\/2017\/02\/feature_icon9.png\" alt=\"icon_img\" \/> Suivi de Facebook Messenger<\/h5>\n<p>Spymaster Pro vous permet de suivre toutes les conversations de chat sur Facebook et les enregistre \u00e0 distance avec leur heure et date exactes.<\/p>\n<\/div>\n<div class=\"col-xl-12 col-xs-12 col-sm-12 col-md-12 strip_txt text-xs-center\">Obtenez Spymaster Pro Android Premium pour $ 8.33 seulement \/ mois<\/div>\n<div class=\"col-xl-12 col-xs-12 col-sm-12 col-md-12 strip_btn spy_btn feature_bottom text-xs-center\">\n<p><a class=\"white_btn demo_btn hidden-md-up\" href=\"https:\/\/www.spymasterpro.com\/fr\/sur-a-utiliser\/\">S\u00dbR \u00c0 UTILISER<\/a> <a class=\"blue_btn\" href=\"https:\/\/www.spymasterpro.com\/fr\/comment-spymaster-pro-fonctionne-2\/\">Tour d\u2019horizon <\/a> <a class=\"white_btn demo_btn\" href=\"https:\/\/www.spymasterpro.com\/fr\/buynow\/\">Acheter maintenant<\/a><\/p>\n<\/div>\n<\/div>\n<\/div>\n<\/section>\n<\/div>\n<\/div>\n<\/div>\n<\/div>\n<\/div>\n","protected":false},"excerpt":{"rendered":"<p>Logiciel d&#8217;espionnage Android ESPIONNER LES APPAREILS ANDROID EST MAINTENANT ACCESSIBLE Fouillez dans les messages supprim\u00e9s, WhatsApp, Facebook Chat, GPS et beaucoup plus Caract\u00e9ristiques essentielles \u00e0 prix minimum garanti Spymaster Pro EST D\u00e9sormais Compatible Avec Android 10, 11 ET 12 Accessible \u00e0 partir de n&#8217;importe quel navigateur Web 100% s\u00fbr et fiable Support multilingue 24\/7 Live &hellip; <a href=\"https:\/\/www.spymasterpro.com\/fr\/espion-android\/\" class=\"more-link\">Continue reading<span class=\"screen-reader-text\"> &#8220;Espion Android&#8221;<\/span><\/a><\/p>\n","protected":false},"author":1,"featured_media":0,"parent":0,"menu_order":0,"comment_status":"open","ping_status":"open","template":"page-full.php","meta":{"_acf_changed":false,"footnotes":""},"class_list":["post-33","page","type-page","status-publish","hentry"],"acf":[],"aioseo_notices":[],"_links":{"self":[{"href":"https:\/\/www.spymasterpro.com\/fr\/wp-json\/wp\/v2\/pages\/33","targetHints":{"allow":["GET"]}}],"collection":[{"href":"https:\/\/www.spymasterpro.com\/fr\/wp-json\/wp\/v2\/pages"}],"about":[{"href":"https:\/\/www.spymasterpro.com\/fr\/wp-json\/wp\/v2\/types\/page"}],"author":[{"embeddable":true,"href":"https:\/\/www.spymasterpro.com\/fr\/wp-json\/wp\/v2\/users\/1"}],"replies":[{"embeddable":true,"href":"https:\/\/www.spymasterpro.com\/fr\/wp-json\/wp\/v2\/comments?post=33"}],"version-history":[{"count":0,"href":"https:\/\/www.spymasterpro.com\/fr\/wp-json\/wp\/v2\/pages\/33\/revisions"}],"wp:attachment":[{"href":"https:\/\/www.spymasterpro.com\/fr\/wp-json\/wp\/v2\/media?parent=33"}],"curies":[{"name":"wp","href":"https:\/\/api.w.org\/{rel}","templated":true}]}}