{"id":289,"date":"2014-01-23T07:37:02","date_gmt":"2014-01-23T07:37:02","guid":{"rendered":"https:\/\/www.spymasterpro.com\/pt\/?page_id=142"},"modified":"2023-02-22T09:37:42","modified_gmt":"2023-02-22T09:37:42","slug":"espion-whatsapp","status":"publish","type":"page","link":"https:\/\/www.spymasterpro.com\/fr\/espion-whatsapp\/","title":{"rendered":"Espion WhatsApp"},"content":{"rendered":"<div id=\"pl-289\" class=\"panel-layout\">\n<div id=\"pg-289-0\" class=\"panel-grid panel-no-style\">\n<div id=\"pgc-289-0-0\" class=\"panel-grid-cell\" data-weight=\"1\">\n<div id=\"panel-289-0-0-0\" class=\"so-panel widget_text panel-first-child\" data-index=\"0\" data-style='{\"background_display\":\"tile\"}'>\n<div class=\"textwidget\">\n<section id=\"whatsapp_spy_banner\">\n<div class=\"container\">\n<div class=\"row\">\n<div class=\"col-xl-9 col-lg-9 col-md-9 col-sm-12 iphone_right_point\">\n<h4><img decoding=\"async\" src=\"..\/wp-content\/uploads\/2017\/02\/whatsapp_icon.png\" \/> Suivi de WhatsApp<\/h4>\n<h6>UTILISEZ LA FONCTION DE SUIVI WHATSAPP DE SPYMASTERPRO POUR LIRE TOUTES LES CHATS SECREMENT<\/h6>\n<ul>\n<li>Afficher les journaux d&#8217;appels, l&#8217;emplacement, WhatsApp et beaucoup plus.<\/li>\n<li>Compatible avec les t\u00e9l\u00e9phones Android et iPhone.<\/li>\n<li>Accessible \u00e0 partir de n&#8217;importe quel navigateur Web.<\/li>\n<li>Support multilingue 24\/7.<\/li>\n<li>100% s\u00fbr et r\u00e9ussi.<\/li>\n<\/ul>\n<div class=\"slider_btn\">\n                                        <a class=\"blue_btn\" href=\"https:\/\/www.spymasterpro.com\/fr\/caracteristiques\/\">VOIR TOUTES LES CARACT\u00c9RISTIQUES<\/a> <a class=\"blue_btn demo_btn\" href=\"https:\/\/www.spymasterpro.com\/demo\/index.php\"><i class=\"fa fa-play\"><\/i> Live Demo<\/a>\n                                    <\/div>\n<\/p><\/div>\n<div class=\"col-xl-3 col-lg-3 col-md-3 hidden-sm-down iphone_left_img no_padding\">\n                                    <img loading=\"lazy\" decoding=\"async\" class=\"alignnone\" title=\"Suivi de WhatsApp\" src=\"..\/wp-content\/uploads\/2017\/02\/phone_banner.png\" alt=\"Suivi de WhatsApp\" width=\"387\" height=\"442\" \/>\n                                <\/div>\n<\/p><\/div>\n<\/p><\/div>\n<\/section><\/div>\n<\/p><\/div>\n<div id=\"panel-73-0-0-1\" class=\"so-panel widget_text panel-last-child\" data-index=\"1\" data-style='{\"background_image_attachment\":false,\"background_display\":\"tile\"}'>\n<h3 class=\"widget-title\">WhatsApp Monitoring<\/h3>\n<div class=\"textwidget\">\n<section id=\"whatsapp_middel\">\n<div class=\"container\">\n<div class=\"row\">\n<div class=\"col-lg-3 col-md-3 col-sm-12 col-xs-12 text-xs-center about_img2\">\n                                        <img decoding=\"async\"\n                                            class=\"alignnone\"\n                                            title=\"Surveillance Whatsapp pour iPhone\"\n                                            src=\"https:\/\/www.spymasterpro.com\/fr\/wp-content\/uploads\/2017\/02\/mobile_img.png\"\n                                            alt=\"Surveillance Whatsapp pour iPhone\"\n                                            \n                                        \/>\n                                    <\/div>\n<div class=\"col-lg-9 col-md-9 col-sm-12 col-xs-12 inner_txt\">\n<h2>Surveillance Whatsapp pour iPhone<\/h2>\n<p>                                        Pour <strong>surveiller les conversations whatsapp<\/strong> de l&#8217;iPhone cible, suivez ces quelques \u00e9tapes simples:<\/p>\n<div class=\"spy-viber-it-change\">\n<ul>\n<li>Achetez le logiciel et vos informations de connexion vous seront envoy\u00e9es par e-mail Obtenez les informations d&#8217;identification iCloud de l&#8217;iPhone cible<\/li>\n<li>Utilisez les d\u00e9tails de connexion que vous avez re\u00e7us pour vous connecter \u00e0 votre compte Spymaster Pro et remplissez les informations d&#8217;identification lorsque demand\u00e9.<\/li>\n<li>Commencez le suivi des chats Whatsapp de la personne que vous voulez observer.<\/li>\n<\/ul><\/div>\n<p>                                        <strong>Note : Pas besoin d&#8217;installer le logiciel sur iPhone<\/strong><\/p>\n<h4>Obtenez Spymaster Pro iPhone pour 7,99 $ seulement \/ mois<\/h4>\n<div class=\"whatsapp_btns text-xs-center\">\n                                            <a class=\"blue_btn\" href=\"https:\/\/www.spymasterpro.com\/fr\/espion-iphone-sans-jailbreak\/\">ESPION IPHONE <\/a><a class=\"blue_btn\" href=\"https:\/\/www.spymasterpro.com\/fr\/buynow\/\">ACHETER MAINTENANT <\/a>\n                                        <\/div>\n<\/p><\/div>\n<\/p><\/div>\n<\/p><\/div>\n<\/section>\n<section id=\"whatsapp_middel\">\n<div class=\"container\">\n<div class=\"row\">\n<div class=\"col-lg-9 col-md-9 col-sm-12 col-xs-12 inner_txt\">\n<h2>Surveillance Whatsapp pour Android<\/h2>\n<p>                                        Pour <strong>suivre les messages Whatsapp<\/strong> du t\u00e9l\u00e9phone Android cible, compl\u00e9tez les points suivants:<\/p>\n<div class=\"spy-viber-it-change\">\n<ul>\n<li>Obtenez le logiciel et les d\u00e9tails de connexion vous seront envoy\u00e9s par e-mail. Installez le logiciel dans le<\/li>\n<li>t\u00e9l\u00e9phone Android cible en utilisant le lien indiqu\u00e9 dans l&#8217;e-mail (installation de 5 minutes) et laissez le telephone.<\/li>\n<li>Connectez-vous \u00e0 votre compte depuis n&#8217;importe quel appareil et commencez \u00e0 lire tous les messages Whatsapp du t\u00e9l\u00e9phone Android cibl\u00e9.<\/li>\n<\/ul><\/div>\n<h4>Obtenez Spymaster Pro Android Premium pour 7,99 $ seulement \/ mois<\/h4>\n<div class=\"whatsapp_btns text-xs-center\">\n                                            <a class=\"blue_btn\" href=\"https:\/\/www.spymasterpro.com\/fr\/espion-android\/\">ESPION ANDROID <\/a> <a class=\"blue_btn\" href=\"https:\/\/www.spymasterpro.com\/fr\/buynow\/\"> ACHETER MAINTENANT<\/a>\n                                        <\/div>\n<\/p><\/div>\n<div class=\"col-lg-3 col-md-3 col-sm-3 col-xs-3 text-xs-center about_img2\">\n                                        <img decoding=\"async\"\n                                            class=\"alignnone\"\n                                            title=\"Surveillance Whatsapp pour Android\"\n                                            src=\"https:\/\/www.spymasterpro.com\/fr\/wp-content\/uploads\/2017\/02\/mobile_img2.png\"\n                                            alt=\"Surveillance Whatsapp pour Android\"\n                                            \n                                        \/>\n                                    <\/div>\n<\/p><\/div>\n<\/p><\/div>\n<\/section><\/div>\n<\/p><\/div>\n<\/p><\/div>\n<\/p><\/div>\n<\/div>\n","protected":false},"excerpt":{"rendered":"<p>Suivi de WhatsApp UTILISEZ LA FONCTION DE SUIVI WHATSAPP DE SPYMASTERPRO POUR LIRE TOUTES LES CHATS SECREMENT Afficher les journaux d&#8217;appels, l&#8217;emplacement, WhatsApp et beaucoup plus. Compatible avec les t\u00e9l\u00e9phones Android et iPhone. Accessible \u00e0 partir de n&#8217;importe quel navigateur Web. Support multilingue 24\/7. 100% s\u00fbr et r\u00e9ussi. VOIR TOUTES LES CARACT\u00c9RISTIQUES Live Demo WhatsApp &hellip; <a href=\"https:\/\/www.spymasterpro.com\/fr\/espion-whatsapp\/\" class=\"more-link\">Continue reading<span class=\"screen-reader-text\"> &#8220;Espion WhatsApp&#8221;<\/span><\/a><\/p>\n","protected":false},"author":1,"featured_media":0,"parent":0,"menu_order":0,"comment_status":"open","ping_status":"closed","template":"page-full.php","meta":{"_acf_changed":false,"footnotes":""},"class_list":["post-289","page","type-page","status-publish","hentry"],"acf":[],"aioseo_notices":[],"_links":{"self":[{"href":"https:\/\/www.spymasterpro.com\/fr\/wp-json\/wp\/v2\/pages\/289","targetHints":{"allow":["GET"]}}],"collection":[{"href":"https:\/\/www.spymasterpro.com\/fr\/wp-json\/wp\/v2\/pages"}],"about":[{"href":"https:\/\/www.spymasterpro.com\/fr\/wp-json\/wp\/v2\/types\/page"}],"author":[{"embeddable":true,"href":"https:\/\/www.spymasterpro.com\/fr\/wp-json\/wp\/v2\/users\/1"}],"replies":[{"embeddable":true,"href":"https:\/\/www.spymasterpro.com\/fr\/wp-json\/wp\/v2\/comments?post=289"}],"version-history":[{"count":8,"href":"https:\/\/www.spymasterpro.com\/fr\/wp-json\/wp\/v2\/pages\/289\/revisions"}],"predecessor-version":[{"id":3910,"href":"https:\/\/www.spymasterpro.com\/fr\/wp-json\/wp\/v2\/pages\/289\/revisions\/3910"}],"wp:attachment":[{"href":"https:\/\/www.spymasterpro.com\/fr\/wp-json\/wp\/v2\/media?parent=289"}],"curies":[{"name":"wp","href":"https:\/\/api.w.org\/{rel}","templated":true}]}}