{"id":2175,"date":"2019-08-28T06:27:39","date_gmt":"2019-08-28T06:27:39","guid":{"rendered":"https:\/\/www.spymasterpro.com\/fr\/?page_id=2175"},"modified":"2022-07-26T11:56:22","modified_gmt":"2022-07-26T11:56:22","slug":"logiciel-de-suivi-multimedia","status":"publish","type":"page","link":"https:\/\/www.spymasterpro.com\/fr\/logiciel-de-suivi-multimedia\/","title":{"rendered":"Logiciel de suivi multim\u00e9dia"},"content":{"rendered":"<section id=\"media_banner\">\n<div class=\"container\">\n<div class=\"row\">\n<div class=\"col-xl-8 col-lg-8 col-md-8 col-sm-12 iphone_right_point\">\n<h1>Suivi multim\u00e9dia<\/h1>\n<h6>SPYMASTER PRO PERMET AUX UTILISATEURS DE VISUALISER DES FICHIERS MULTIM\u00c9DIA ENTIERS QUI SONT STOCK\u00c9S DANS LE T\u00c9L\u00c9PHONE DE SURVEILLANCE.<\/h6>\n<ul>\n<li>Parcourez toutes les photos, y compris celles qui ont \u00e9t\u00e9 t\u00e9l\u00e9charg\u00e9es, les clics de cam\u00e9ra, les selfies, etc. qui sont stock\u00e9es dans le t\u00e9l\u00e9phone de surveillance.<\/li>\n<li>Acc\u00e9dez \u00e0 ces photos directement sur votre tableau de bord personnalis\u00e9.<\/li>\n<\/ul>\n<div class=\"slider_btn\"><a class=\"blue_btn demo_btn\" href=\"https:\/\/www.spymasterpro.com\/demo\/index.php\"><i class=\"fa fa-play\"><\/i> D\u00e9mo<\/a> <a class=\"blue_btn demo_btn\" href=\"https:\/\/www.spymasterpro.com\/fr\/obtenez-li-ici\/\">Obtenez Li Ici<\/a><\/div>\n<\/div>\n<div class=\"col-xl-4 col-lg-4 col-md-4 hidden-sm-down iphone_left_img text-xs-center\"><img loading=\"lazy\" decoding=\"async\" class=\"alignnone\" title=\"Logiciel de suivi multim\u00e9dia\" src=\"https:\/\/www.spymasterpro.com\/fr\/wp-content\/uploads\/2019\/08\/Logiciel-de-suivi-multim\u00e9dia.png\" alt=\"Logiciel de suivi multim\u00e9dia\" width=\"217\" height=\"434\" \/><\/div>\n<\/div>\n<\/div>\n<\/section>\n<section id=\"snapchat_info\">\n<div class=\"container\">\n<div class=\"row\">\n<div class=\"col-xs-12 insta_bx text-xs-center\">\n<div class=\"insta_icon text-xs-center\"><i class=\"fa fa-file-video-o\" aria-hidden=\"true\"><\/i><\/div>\n<h2>OBTENIR L&#8217;HISTORIQUE MULTIM\u00c9DIA SUR VOTRE TABLEAU DE BORD<\/h2>\n<p>Avec Spymaster Pro, vous pouvez facilement visualiser toutes les photos sur votre tableau de bord personnalis\u00e9 et cela trop \u00e0 distance sans le dire \u00e0 l&#8217;utilisateur cible.<\/p>\n<\/div>\n<\/div>\n<\/div>\n<\/section>\n<section id=\"snapchat_feature\">\n<div class=\"container\">\n<div class=\"row\">\n<div class=\"col-xs-12 text-xs-center\">\n<h3>Caract\u00e9ristiques de Spymaster Pro<\/h3>\n<\/div>\n<div class=\"col-md-3 col-sm-6 col-xs-12 text-xs-center\">\n<a href=\"https:\/\/www.spymasterpro.com\/fr\/espion-whatsapp\/\"><\/p>\n<div class=\"snapchat_bx\">\n<i class=\"fa fa-whatsapp\" aria-hidden=\"true\"><!--tr--><\/i><\/p>\n<h6>Espion WhatsApp<\/h6>\n<\/div>\n<p><\/a>\n<\/div>\n<div class=\"col-md-3 col-sm-6 col-xs-12 text-xs-center\">\n<a href=\"https:\/\/www.spymasterpro.com\/fr\/le-meilleur-logiciel-espion-pour-facebook\/\"><\/p>\n<div class=\"snapchat_bx\">\n<i class=\"fa fa-facebook-square\" aria-hidden=\"true\"><!--tr--><\/i><\/p>\n<h6>Facebook Espion<\/h6>\n<\/div>\n<p><\/a>\n<\/div>\n<div class=\"col-md-3 col-sm-6 col-xs-12 text-xs-center\">\n<a href=\"https:\/\/www.spymasterpro.com\/fr\/suivi-gps\/\"><\/p>\n<div class=\"snapchat_bx\">\n<i class=\"fa fa-map-marker\" aria-hidden=\"true\"><!--tr--><\/i><\/p>\n<h6>Suivi de localisation GPS<\/h6>\n<\/div>\n<p><\/a>\n<\/div>\n<div class=\"col-md-3 col-sm-6 col-xs-12 text-xs-center\">\n<a href=\"https:\/\/www.spymasterpro.com\/fr\/suivi-par-sms\/\"><\/p>\n<div class=\"snapchat_bx\">\n<i class=\"fa fa-commenting-o\" aria-hidden=\"true\"><!--tr--><\/i><\/p>\n<h6>Espionner Sms<\/h6>\n<\/div>\n<p><\/a>\n<\/div>\n<div class=\"col-md-3 col-sm-6 col-xs-12 text-xs-center\">\n<a href=\"https:\/\/www.spymasterpro.com\/fr\/logiciel-de-suivi-multimedia\/\"><\/p>\n<div class=\"snapchat_bx\">\n<i class=\"fa fa-picture-o\" aria-hidden=\"true\"><!--tr--><\/i><\/p>\n<h6>Photo Suivi<\/h6>\n<\/div>\n<p><\/a>\n<\/div>\n<div class=\"col-md-3 col-sm-6 col-xs-12 text-xs-center\">\n<a href=\"https:\/\/www.spymasterpro.com\/fr\/traqueur-de-journal-dappels-mobile\/\"><\/p>\n<div class=\"snapchat_bx\">\n<i class=\"fa fa-phone\" aria-hidden=\"true\"><!--tr--><\/i><\/p>\n<h6>suivi du journal des appels<\/h6>\n<\/div>\n<p><\/a>\n<\/div>\n<div class=\"col-md-3 col-sm-6 col-xs-12 text-xs-center\">\n<a href=\"https:\/\/www.spymasterpro.com\/fr\/application-de-suivi-des-courriels\/\"><\/p>\n<div class=\"snapchat_bx\">\n<i class=\"fa fa-envelope-o\" aria-hidden=\"true\"><!--tr--><\/i><\/p>\n<h6>Email Suivi<\/h6>\n<\/div>\n<p><\/a>\n<\/div>\n<div class=\"col-md-3 col-sm-6 col-xs-12 text-xs-center\">\n<a href=\"https:\/\/www.spymasterpro.com\/fr\/snapchat-espion\/\"><\/p>\n<div class=\"snapchat_bx\">\n<i class=\"fa fa-snapchat-ghost\" aria-hidden=\"true\"><!--tr--><\/i><\/p>\n<h6>Snapchat Espion<\/h6>\n<\/div>\n<p><\/a>\n<\/div>\n<\/div>\n<\/div>\n<\/section>\n<section id=\"iphone_spy_work\">\n<div class=\"container\">\n<div class=\"row\">\n<div class=\"feature_heading text-xs-center\">\n<h3>COMMENT CA MARCHE<\/h3>\n<\/div>\n<div class=\"row iphone_spy_work_phone\">\n<div class=\"col-xl-4 col-lg-4 col-md-4 col-sm-4 text-xs-center\">\n<div class=\"iphone_spy_bx\">\n<p><img decoding=\"async\" src=\"https:\/\/spymasterpro.com\/wp-content\/uploads\/2017\/09\/new_icon1-1.png\" \/><\/p>\n<h5>Acheter Spymaster Pro<\/h5>\n<p>Logiciel de surveillance de t\u00e9l\u00e9phone cellulaire. Cliquez sur le bouton \u00ab Acheter maintenant \u00bb ou Acheter depuis \u00ab Page d\u2019achat \u00bb, accessible partout sur notre site Web. Saisissez vos coordonn\u00e9es. Apr\u00e8s avoir rempli les d\u00e9tails requis, passez \u00e0 la caisse.<\/p>\n<\/div>\n<\/div>\n<div class=\"col-xl-4 col-lg-4 col-md-4 col-sm-4 text-xs-center\">\n<div class=\"iphone_spy_bx\">\n<p><img decoding=\"async\" src=\"https:\/\/spymasterpro.com\/wp-content\/uploads\/2017\/09\/new_icon2-1.png\" \/><\/p>\n<h5>Installer le logiciel<\/h5>\n<p>T\u00e9l\u00e9charger et installer le logiciel sur le t\u00e9l\u00e9phone cible que vous souhaitez espionner. Suivez attentivement les instructions qui vous sont envoy\u00e9es par e-mail.<\/p>\n<\/div>\n<\/div>\n<div class=\"col-xl-4 col-lg-4 col-md-4 col-sm-4 text-xs-center\">\n<div class=\"iphone_spy_bx\">\n<p><img decoding=\"async\" src=\"https:\/\/spymasterpro.com\/wp-content\/uploads\/2017\/09\/new_icon3-1.png\" \/><\/p>\n<h5>D\u00e9marrer la surveillance!!<\/h5>\n<p>Connectez-vous \u00e0 votre panneau de configuration Spymaster Pro en utilisant les informations de connexion qui vous sont envoy\u00e9es par e-mail. Commencez \u00e0 surveiller vos proches. Prot\u00e9gez \u00e0 distance votre famille et votre entreprise.<\/p>\n<\/div>\n<\/div>\n<div class=\"text-xs-center col-xs-12\">\n<p style=\"padding: 22px 0 0; color: red;\">** Aucune installation n\u00e9cessaire sur iPhone<\/p>\n<p>&nbsp;<\/p>\n<\/div>\n<div class=\"col-xl-12 col-xs-12 col-sm-12 col-md-12 text-xs-center\">\n<div class=\"strip_txt\">Obtenez Spymaster Pro Android Basic pour $ 6.66 seulement \/ mois<\/div>\n<\/div>\n<\/div>\n<\/div>\n<\/div>\n<\/section>\n<section id=\"snapchat_safe_use\">\n<div class=\"container\">\n<div class=\"row\">\n<div class=\"col-xs-12 text-xs-center\">\n<h2>S\u00dbR \u00c0 UTILISER<\/h2>\n<\/div>\n<div class=\"col-md-6 col-xs-12 safe_box\">\n<div class=\"col-sm-3 no_padding\">\n<div class=\"safe_bx_icon text-xs-center\"><img decoding=\"async\" src=\"https:\/\/spymasterpro.com\/wp-content\/uploads\/2017\/02\/safe_icon.png\" alt=\"img\" \/><\/div>\n<\/div>\n<div class=\"col-sm-9\">\n<div class=\"safe_bx_info\">\n<h6>Aucune ic\u00f4ne n\u2019est affich\u00e9e sur le t\u00e9l\u00e9phone cible<\/h6>\n<p>Ce logiciel est intelligemment con\u00e7u par des experts qui l\u2019ont rendu invisible. Il fonctionne en mode cach\u00e9 de telle sorte que l\u2019utilisateur cible ne peut jamais conna\u00eetre son existence dans son t\u00e9l\u00e9phone<\/p>\n<\/div>\n<\/div>\n<\/div>\n<div class=\"col-md-6 col-xs-12 safe_box\">\n<div class=\"col-sm-3 no_padding\">\n<div class=\"safe_bx_icon text-xs-center\"><img decoding=\"async\" src=\"https:\/\/spymasterpro.com\/wp-content\/uploads\/2017\/02\/safe_icon2.png\" alt=\"img\" \/><\/div>\n<\/div>\n<div class=\"col-sm-9\">\n<div class=\"safe_bx_info\">\n<h6>Le logiciel fonctionne en mode cach\u00e9<\/h6>\n<p>La personne cible ne peut jamais se rendre compte que quelqu\u2019un la surveille secr\u00e8tement.<\/p>\n<\/div>\n<\/div>\n<\/div>\n<div class=\"col-md-6 col-xs-12 safe_box\">\n<div class=\"col-sm-3 no_padding\">\n<div class=\"safe_bx_icon text-xs-center\"><img decoding=\"async\" src=\"https:\/\/spymasterpro.com\/wp-content\/uploads\/2017\/09\/safe_icon3.png\" alt=\"img\" \/><\/div>\n<\/div>\n<div class=\"col-sm-9\">\n<div class=\"safe_bx_info\">\n<h6>Le logiciel fonctionne en mode cach\u00e9<\/h6>\n<p>Ce logiciel copie silencieusement chaque d\u00e9tail du t\u00e9l\u00e9phone cible et l\u2019envoie \u00e0 votre panneau de contr\u00f4le. Vous pouvez vous connecter \u00e0 tout moment sur votre compte Spymaster Pro<\/p>\n<\/div>\n<\/div>\n<\/div>\n<div class=\"col-md-6 col-xs-12 safe_box\">\n<div class=\"col-sm-3 no_padding\">\n<div class=\"safe_bx_icon text-xs-center\"><img decoding=\"async\" src=\"https:\/\/spymasterpro.com\/wp-content\/uploads\/2017\/02\/safe_icon4.png\" alt=\"img\" \/><\/div>\n<\/div>\n<div class=\"col-sm-9\">\n<div class=\"safe_bx_info\">\n<h6>Fonctionne \u00e0 distance<\/h6>\n<p>Ce logiciel de surveillance fonctionne \u00e0 distance et cela signifie que vous pouvez suivre votre cible depuis n\u2019importe o\u00f9 dans le monde qu\u2019elle soit en voyage d\u2019affaires, \u00e0 l\u2019\u00e9cole ou simplement assise dans la pi\u00e8ce voisine.<\/p>\n<\/div>\n<\/div>\n<\/div>\n<\/div>\n<\/div>\n<\/section>\n<section id=\"iphone_spy_bottom\">\n<div class=\"container\">\n<div class=\"row\">\n<div class=\"col-xl-12 col-xs-12 col-sm-12 col-md-12 text-xs-center\">\n<div class=\"strip_txt\">Obtenez Spymaster Pro iPhone pour 9.99 $ seulement \/ mois<\/div>\n<\/div>\n<div class=\"col-xl-12 col-xs-12 col-sm-12 col-md-12 strip_btn spy_btn feature_bottom text-xs-center\"><a class=\"blue_btn\" href=\"https:\/\/www.spymasterpro.com\/fr\/sur-a-utiliser\/\">S\u00dbR \u00c0 UTILISER<\/a> <a class=\"white_btn demo_btn\" href=\"https:\/\/www.spymasterpro.com\/fr\/obtenez-li-ici\/\">Obtenez Li Ici<\/a><\/div>\n<\/div>\n<\/div>\n<\/section>\n","protected":false},"excerpt":{"rendered":"<p>Suivi multim\u00e9dia SPYMASTER PRO PERMET AUX UTILISATEURS DE VISUALISER DES FICHIERS MULTIM\u00c9DIA ENTIERS QUI SONT STOCK\u00c9S DANS LE T\u00c9L\u00c9PHONE DE SURVEILLANCE. Parcourez toutes les photos, y compris celles qui ont \u00e9t\u00e9 t\u00e9l\u00e9charg\u00e9es, les clics de cam\u00e9ra, les selfies, etc. qui sont stock\u00e9es dans le t\u00e9l\u00e9phone de surveillance. Acc\u00e9dez \u00e0 ces photos directement sur votre tableau &hellip; <a href=\"https:\/\/www.spymasterpro.com\/fr\/logiciel-de-suivi-multimedia\/\" class=\"more-link\">Continue reading<span class=\"screen-reader-text\"> &#8220;Logiciel de suivi multim\u00e9dia&#8221;<\/span><\/a><\/p>\n","protected":false},"author":1,"featured_media":0,"parent":0,"menu_order":0,"comment_status":"closed","ping_status":"closed","template":"page-full.php","meta":{"_acf_changed":false,"footnotes":""},"class_list":["post-2175","page","type-page","status-publish","hentry"],"acf":[],"aioseo_notices":[],"_links":{"self":[{"href":"https:\/\/www.spymasterpro.com\/fr\/wp-json\/wp\/v2\/pages\/2175","targetHints":{"allow":["GET"]}}],"collection":[{"href":"https:\/\/www.spymasterpro.com\/fr\/wp-json\/wp\/v2\/pages"}],"about":[{"href":"https:\/\/www.spymasterpro.com\/fr\/wp-json\/wp\/v2\/types\/page"}],"author":[{"embeddable":true,"href":"https:\/\/www.spymasterpro.com\/fr\/wp-json\/wp\/v2\/users\/1"}],"replies":[{"embeddable":true,"href":"https:\/\/www.spymasterpro.com\/fr\/wp-json\/wp\/v2\/comments?post=2175"}],"version-history":[{"count":0,"href":"https:\/\/www.spymasterpro.com\/fr\/wp-json\/wp\/v2\/pages\/2175\/revisions"}],"wp:attachment":[{"href":"https:\/\/www.spymasterpro.com\/fr\/wp-json\/wp\/v2\/media?parent=2175"}],"curies":[{"name":"wp","href":"https:\/\/api.w.org\/{rel}","templated":true}]}}