{"id":2163,"date":"2019-08-28T05:41:11","date_gmt":"2019-08-28T05:41:11","guid":{"rendered":"https:\/\/www.spymasterpro.com\/fr\/?page_id=2163"},"modified":"2020-05-13T04:27:24","modified_gmt":"2020-05-13T04:27:24","slug":"suivi-par-sms","status":"publish","type":"page","link":"https:\/\/www.spymasterpro.com\/fr\/suivi-par-sms\/","title":{"rendered":"Suivi par SMS"},"content":{"rendered":"<p style=\"text-align: justify;\"><img loading=\"lazy\" decoding=\"async\" class=\"wp-image-2171 size-full\" title=\"Suivi par SMS\" src=\"https:\/\/www.spymasterpro.com\/fr\/wp-content\/uploads\/2019\/08\/spymaster-pro-sms-tracking-2.png\" alt=\"Suivi par SMS\" width=\"604\" height=\"387\" srcset=\"https:\/\/www.spymasterpro.com\/fr\/wp-content\/uploads\/2019\/08\/spymaster-pro-sms-tracking-2.png 604w, https:\/\/www.spymasterpro.com\/fr\/wp-content\/uploads\/2019\/08\/spymaster-pro-sms-tracking-2-600x384.png 600w, https:\/\/www.spymasterpro.com\/fr\/wp-content\/uploads\/2019\/08\/spymaster-pro-sms-tracking-2-300x192.png 300w\" sizes=\"auto, (max-width: 604px) 85vw, 604px\" \/><\/p>\n<p style=\"text-align: justify;\">Suivez les SMS de quelqu&#8217;un \u00e0 partir de votre propre appareil (ordinateur ou t\u00e9l\u00e9phone) \u00e0 l&#8217;aide de ce logiciel de surveillance SMS \u00e9tonnant, Spymaster Pro.<\/p>\n<p style=\"text-align: justify;\">Espionnez tous les messages texte d&#8217;autres personnes et lisez toutes les donn\u00e9es. V\u00e9rifiez \u00e9galement les coordonn\u00e9es de l&#8217;exp\u00e9diteur et du destinataire qui a envoy\u00e9 ou re\u00e7u les messages de la personne cible. La personne cible peut \u00eatre votre employ\u00e9 qui divulgue les informations de votre entreprise ou un \u00eatre cher qui a vraiment besoin d&#8217;une supervision secr\u00e8te.<\/p>\n<p style=\"text-align: justify;\">Vous pouvez suivre toutes les conversations, du t\u00e9l\u00e9phone cible, tenues par SMS, dans votre compte Spymaster Pro. Il fonctionnera parfaitement pour le suivi des SMS d&#8217;Android et d&#8217;iPhone. Chaque d\u00e9tail du t\u00e9l\u00e9phone cible sera refl\u00e9t\u00e9 dans votre tableau de bord.<\/p>\n","protected":false},"excerpt":{"rendered":"<p>Suivez les SMS de quelqu&#8217;un \u00e0 partir de votre propre appareil (ordinateur ou t\u00e9l\u00e9phone) \u00e0 l&#8217;aide de ce logiciel de surveillance SMS \u00e9tonnant, Spymaster Pro. Espionnez tous les messages texte d&#8217;autres personnes et lisez toutes les donn\u00e9es. V\u00e9rifiez \u00e9galement les coordonn\u00e9es de l&#8217;exp\u00e9diteur et du destinataire qui a envoy\u00e9 ou re\u00e7u les messages de la &hellip; <a href=\"https:\/\/www.spymasterpro.com\/fr\/suivi-par-sms\/\" class=\"more-link\">Continue reading<span class=\"screen-reader-text\"> &#8220;Suivi par SMS&#8221;<\/span><\/a><\/p>\n","protected":false},"author":1,"featured_media":0,"parent":0,"menu_order":0,"comment_status":"closed","ping_status":"closed","template":"","meta":{"_acf_changed":false,"footnotes":""},"class_list":["post-2163","page","type-page","status-publish","hentry"],"acf":[],"aioseo_notices":[],"_links":{"self":[{"href":"https:\/\/www.spymasterpro.com\/fr\/wp-json\/wp\/v2\/pages\/2163","targetHints":{"allow":["GET"]}}],"collection":[{"href":"https:\/\/www.spymasterpro.com\/fr\/wp-json\/wp\/v2\/pages"}],"about":[{"href":"https:\/\/www.spymasterpro.com\/fr\/wp-json\/wp\/v2\/types\/page"}],"author":[{"embeddable":true,"href":"https:\/\/www.spymasterpro.com\/fr\/wp-json\/wp\/v2\/users\/1"}],"replies":[{"embeddable":true,"href":"https:\/\/www.spymasterpro.com\/fr\/wp-json\/wp\/v2\/comments?post=2163"}],"version-history":[{"count":0,"href":"https:\/\/www.spymasterpro.com\/fr\/wp-json\/wp\/v2\/pages\/2163\/revisions"}],"wp:attachment":[{"href":"https:\/\/www.spymasterpro.com\/fr\/wp-json\/wp\/v2\/media?parent=2163"}],"curies":[{"name":"wp","href":"https:\/\/api.w.org\/{rel}","templated":true}]}}