{"id":1923,"date":"2019-01-09T08:07:17","date_gmt":"2019-01-09T08:07:17","guid":{"rendered":"https:\/\/www.spymasterpro.com\/fr\/?page_id=1923"},"modified":"2023-02-22T09:43:31","modified_gmt":"2023-02-22T09:43:31","slug":"surveillance-de-tinder","status":"publish","type":"page","link":"https:\/\/www.spymasterpro.com\/fr\/surveillance-de-tinder\/","title":{"rendered":"Surveillance de Tinder"},"content":{"rendered":"<div id=\"pl-289\" class=\"panel-layout\">\n<div id=\"pg-289-0\" class=\"panel-grid panel-no-style\">\n<div id=\"pgc-289-0-0\" class=\"panel-grid-cell\" data-weight=\"1\">\n<div id=\"panel-289-0-0-0\" class=\"so-panel widget_text panel-first-child\" data-index=\"0\" data-style=\"{&quot;background_display&quot;:&quot;tile&quot;}\">\n<div class=\"textwidget\">\n<section id=\"Tinder_spy_banner\">\n<div class=\"container\">\n<div class=\"row\">\n<div class=\"col-xl-9 col-lg-9 col-md-9 col-sm-12 iphone_right_point\">\n<h4><img decoding=\"async\" src=\"https:\/\/www.spymasterpro.com\/fr\/wp-content\/uploads\/2019\/01\/spy-tinder-logo_03.png\" \/> Surveillance de Tinder<\/h4>\n<h6>UTILISER L\u2019APPLICATION DE SURVEILLANCE TINDER POUR LIRE EN SECRET LES CHATS TINDER<\/h6>\n<ul>\n<li>Obtenir \u00e0 distance des messages complets sur le mobile cible<\/li>\n<li>Fonctionne en mode cach\u00e9<\/li>\n<li>Compatible avec Android et iPhone<\/li>\n<li>Support multilingue 24\/7<\/li>\n<li>100% s\u00fbr et facile \u00e0 utiliser<\/li>\n<\/ul>\n<div class=\"slider_btn\"><a class=\"blue_btn\" href=\"https:\/\/www.spymasterpro.com\/fr\/caracteristiques\/\">VOIR TOUTES LES CARACT\u00c9RISTIQUES<\/a> <a class=\"blue_btn demo_btn\" href=\"https:\/\/www.spymasterpro.com\/demo\/index.php\"><i class=\"fa fa-play\"><\/i> Live Demo<\/a><\/div>\n<\/div>\n<div class=\"col-xl-3 col-lg-3 col-md-3 hidden-sm-down iphone_left_img no_padding\"><img loading=\"lazy\" decoding=\"async\" class=\"alignnone\" title=\"Surveillance de Tinder\" src=\"https:\/\/www.spymasterpro.com\/fr\/wp-content\/uploads\/2019\/01\/spy-tinder-phone_03.png\" alt=\"Surveillance de Tinder\" width=\"286\" height=\"358\" \/><\/div>\n<\/div>\n<\/div>\n<\/section>\n<\/div>\n<\/div>\n<div id=\"panel-73-0-0-1\" class=\"so-panel widget_text panel-last-child\" data-index=\"1\" data-style=\"{&quot;background_image_attachment&quot;:false,&quot;background_display&quot;:&quot;tile&quot;}\">\n<h3 class=\"widget-title\">WhatsApp Monitoring<\/h3>\n<div class=\"textwidget\">\n<section id=\"whatsapp_middel\">\n<div class=\"container\">\n<div class=\"row\">\n<div class=\"col-lg-3 col-md-3 col-sm-12 col-xs-12 text-xs-center about_img2\"><img loading=\"lazy\" decoding=\"async\" class=\"alignnone\" title=\"Application de surveillance Tinder pour iPhone\" src=\"https:\/\/www.spymasterpro.com\/fr\/wp-content\/uploads\/2019\/01\/tinder-iphone.png\" alt=\"Application de surveillance Tinder pour iPhone\" width=\"326\" height=\"515\" \/><\/div>\n<div class=\"col-lg-9 col-md-9 col-sm-12 col-xs-12 inner_txt\">\n<h2>Application de surveillance Tinder pour iPhone<\/h2>\n<p>Pour espionner les discussions de l&#8217;iPhone cible sur votre ordinateur, proc\u00e9dez comme suit:<\/p>\n<div class=\"spy-viber-it-change\">\n<ul>\n<li>Obtenez l&#8217;application \u00e9minente de surveillance Tinder et connectez-vous en fournissant les<\/li>\n<li>informations d&#8217;identification qui vous sont envoy\u00e9es par courrier \u00e9lectronique.<\/li>\n<li>Obtenez les informations d&#8217;identification iCloud de l&#8217;iPhone cible<\/li>\n<li>Compl\u00e9tez le reste des formalit\u00e9s et<\/li>\n<li>Commencez \u00e0 espionner la personne sous surveillance<\/li>\n<\/ul>\n<\/div>\n<p><strong>Remarque: Aucune installation requise pour espionner sur iPhone<\/strong><\/p>\n<div class=\"whatsapp_btns text-xs-center\"><a class=\"blue_btn\" href=\"https:\/\/www.spymasterpro.com\/fr\/espion-iphone-sans-jailbreak\/\">ESPION IPHONE <\/a> <a class=\"blue_btn\" href=\"https:\/\/www.spymasterpro.com\/fr\/buynow\/\">ACHETER MAINTENANT <\/a><\/div>\n<\/div>\n<\/div>\n<\/div>\n<\/section>\n<section id=\"whatsapp_middel\">\n<div class=\"container\">\n<div class=\"row\">\n<div class=\"col-lg-9 col-md-9 col-sm-12 col-xs-12 inner_txt\">\n<h2>Application de surveillance Tinder pour Android<\/h2>\n<p>Pour espionner les messages de rappel du t\u00e9l\u00e9phone Android cible, suivez la proc\u00e9dure ci-dessous:<\/p>\n<div class=\"spy-viber-it-change\">\n<ul>\n<li>Effectuez un achat en ligne pour obtenir les informations d&#8217;identification de l&#8217;identifiant de connexion<\/li>\n<li>T\u00e9l\u00e9chargez et installez l&#8217;application sur le t\u00e9l\u00e9phone Android du suspect. Le processus est assez facile et prendra environ 5 minutes.<\/li>\n<li>Visitez le site Web et connectez-vous depuis n&#8217;importe quel navigateur<\/li>\n<li>Obtenez l&#8217;int\u00e9gralit\u00e9 des messages de discussion sur le t\u00e9l\u00e9phone Android que vous souhaitez espionner<\/li>\n<\/ul>\n<\/div>\n<div class=\"whatsapp_btns text-xs-center\"><a class=\"blue_btn\" href=\"https:\/\/www.spymasterpro.com\/fr\/espion-android\/\">ESPION ANDROID <\/a> <a class=\"blue_btn\" href=\"https:\/\/www.spymasterpro.com\/fr\/buynow\/\"> ACHETER MAINTENANT<\/a><\/div>\n<\/div>\n<div class=\"col-lg-3 col-md-3 col-sm-3 col-xs-3 text-xs-center about_img2\"><img loading=\"lazy\" decoding=\"async\" class=\"alignnone\" title=\"Application de surveillance Tinder pour Android\" src=\"https:\/\/www.spymasterpro.com\/fr\/wp-content\/uploads\/2019\/01\/tinder-android.png\" alt=\"Application de surveillance Tinder pour Android\" width=\"185\" height=\"371\" \/><\/div>\n<\/div>\n<\/div>\n<\/section>\n<\/div>\n<\/div>\n<\/div>\n<\/div>\n<\/div>\n","protected":false},"excerpt":{"rendered":"<p>Surveillance de Tinder UTILISER L\u2019APPLICATION DE SURVEILLANCE TINDER POUR LIRE EN SECRET LES CHATS TINDER Obtenir \u00e0 distance des messages complets sur le mobile cible Fonctionne en mode cach\u00e9 Compatible avec Android et iPhone Support multilingue 24\/7 100% s\u00fbr et facile \u00e0 utiliser VOIR TOUTES LES CARACT\u00c9RISTIQUES Live Demo WhatsApp Monitoring Application de surveillance Tinder &hellip; <a href=\"https:\/\/www.spymasterpro.com\/fr\/surveillance-de-tinder\/\" class=\"more-link\">Continue reading<span class=\"screen-reader-text\"> &#8220;Surveillance de Tinder&#8221;<\/span><\/a><\/p>\n","protected":false},"author":1,"featured_media":0,"parent":0,"menu_order":0,"comment_status":"closed","ping_status":"closed","template":"page-full.php","meta":{"_acf_changed":false,"footnotes":""},"class_list":["post-1923","page","type-page","status-publish","hentry"],"acf":[],"aioseo_notices":[],"_links":{"self":[{"href":"https:\/\/www.spymasterpro.com\/fr\/wp-json\/wp\/v2\/pages\/1923","targetHints":{"allow":["GET"]}}],"collection":[{"href":"https:\/\/www.spymasterpro.com\/fr\/wp-json\/wp\/v2\/pages"}],"about":[{"href":"https:\/\/www.spymasterpro.com\/fr\/wp-json\/wp\/v2\/types\/page"}],"author":[{"embeddable":true,"href":"https:\/\/www.spymasterpro.com\/fr\/wp-json\/wp\/v2\/users\/1"}],"replies":[{"embeddable":true,"href":"https:\/\/www.spymasterpro.com\/fr\/wp-json\/wp\/v2\/comments?post=1923"}],"version-history":[{"count":1,"href":"https:\/\/www.spymasterpro.com\/fr\/wp-json\/wp\/v2\/pages\/1923\/revisions"}],"predecessor-version":[{"id":3911,"href":"https:\/\/www.spymasterpro.com\/fr\/wp-json\/wp\/v2\/pages\/1923\/revisions\/3911"}],"wp:attachment":[{"href":"https:\/\/www.spymasterpro.com\/fr\/wp-json\/wp\/v2\/media?parent=1923"}],"curies":[{"name":"wp","href":"https:\/\/api.w.org\/{rel}","templated":true}]}}