{"id":1909,"date":"2019-01-09T07:24:17","date_gmt":"2019-01-09T07:24:17","guid":{"rendered":"https:\/\/www.spymasterpro.com\/fr\/?page_id=1909"},"modified":"2023-02-22T09:57:20","modified_gmt":"2023-02-22T09:57:20","slug":"kik-surveillance","status":"publish","type":"page","link":"https:\/\/www.spymasterpro.com\/fr\/kik-surveillance\/","title":{"rendered":"Kik Surveillance"},"content":{"rendered":"<div id=\"pl-289\" class=\"panel-layout\">\n<div id=\"pg-289-0\" class=\"panel-grid panel-no-style\">\n<div id=\"pgc-289-0-0\" class=\"panel-grid-cell\" data-weight=\"1\">\n<div id=\"panel-289-0-0-0\" class=\"so-panel widget_text panel-first-child\" data-index=\"0\" data-style=\"{&quot;background_display&quot;:&quot;tile&quot;}\">\n<div class=\"textwidget\">\n<section id=\"kik_spy_banner\">\n<div class=\"container\">\n<div class=\"row\">\n<div class=\"col-xl-9 col-lg-9 col-md-9 col-sm-12 iphone_right_point\">\n<h4><img decoding=\"async\" src=\"https:\/\/www.spymasterpro.com\/fr\/wp-content\/uploads\/2019\/01\/spy-kik-phone_03.png\" \/> Surveillance de Kik<\/h4>\n<h6>LISEZ LES MESSAGES KIK DE LA CIBLE MOBILE DANS LE CONFORT DE VOS LIEUX<\/h6>\n<ul>\n<li>Lire les messages envoy\u00e9s et re\u00e7us de l&#8217;utilisateur cible sur Kik<\/li>\n<li>100% s\u00fbr et facile \u00e0 utiliser<\/li>\n<li>Compatible avec iPhone et Android<\/li>\n<li>Accessible depuis n&#8217;importe quel navigateur Web<\/li>\n<li>Support multilingue 24\/7<\/li>\n<\/ul>\n<div class=\"slider_btn\"><a class=\"blue_btn\" href=\"https:\/\/www.spymasterpro.com\/fr\/caracteristiques\/\">VOIR TOUTES LES CARACT\u00c9RISTIQUES<\/a> <a class=\"blue_btn demo_btn\" href=\"https:\/\/www.spymasterpro.com\/demo\/index.php\"><i class=\"fa fa-play\"><\/i> Live Demo<\/a><\/div>\n<\/div>\n<div class=\"col-xl-3 col-lg-3 col-md-3 hidden-sm-down iphone_left_img no_padding\"><img loading=\"lazy\" decoding=\"async\" class=\"alignnone\" title=\"Surveillance de Kik\" src=\"https:\/\/www.spymasterpro.com\/fr\/wp-content\/uploads\/2019\/01\/spy-kik-phoness_06.png\" alt=\"Surveillance de Kik\" width=\"249\" height=\"336\" \/><\/div>\n<\/div>\n<\/div>\n<\/section>\n<\/div>\n<\/div>\n<div id=\"panel-73-0-0-1\" class=\"so-panel widget_text panel-last-child\" data-index=\"1\" data-style=\"{&quot;background_image_attachment&quot;:false,&quot;background_display&quot;:&quot;tile&quot;}\">\n<h3 class=\"widget-title\">WhatsApp Monitoring<\/h3>\n<div class=\"textwidget\">\n<section id=\"whatsapp_middel\">\n<div class=\"container\">\n<div class=\"row\">\n<div class=\"col-lg-3 col-md-3 col-sm-12 col-xs-12 text-xs-center about_img2\"><img loading=\"lazy\" decoding=\"async\" class=\"alignnone\" title=\"SURVEILLANCE de Kik POUR IPHONE\" src=\"https:\/\/www.spymasterpro.com\/fr\/wp-content\/uploads\/2019\/01\/kik-iphone.png\" alt=\"SURVEILLANCE de Kik POUR IPHONE\" width=\"326\" height=\"515\" \/><\/div>\n<div class=\"col-lg-9 col-md-9 col-sm-12 col-xs-12 inner_txt\">\n<h2>SURVEILLANCE de Kik POUR IPHONE<\/h2>\n<p>Pour lire les messages Kik de l&#8217;iPhone, suivez ces \u00e9tapes simples:<\/p>\n<div class=\"spy-viber-it-change\">\n<ul>\n<li>Achetez l&#8217;application espion Kik<\/li>\n<li>Obtenir les informations d&#8217;identification de l&#8217;iCloud mobile cible<\/li>\n<li>V\u00e9rifiez votre email et connectez-vous \u00e0 votre compte et<\/li>\n<li>Consultez tous les d\u00e9tails de l&#8217;iPhone cible dans le confort de votre lieu<\/li>\n<\/ul>\n<\/div>\n<p><strong>Remarque: pas besoin d&#8217;installer le logiciel sur iPhone<\/strong><\/p>\n<div class=\"whatsapp_btns text-xs-center\"><a class=\"blue_btn\" href=\"https:\/\/www.spymasterpro.com\/fr\/espion-iphone-sans-jailbreak\/\">ESPION IPHONE <\/a> <a class=\"blue_btn\" href=\"https:\/\/www.spymasterpro.com\/fr\/buynow\/\">ACHETER MAINTENANT <\/a><\/div>\n<\/div>\n<\/div>\n<\/div>\n<\/section>\n<section id=\"whatsapp_middel\">\n<div class=\"container\">\n<div class=\"row\">\n<div class=\"col-lg-9 col-md-9 col-sm-12 col-xs-12 inner_txt\">\n<h2>SURVEILLANCE de Kik POUR ANDROID<\/h2>\n<p>Um die Kik-Nachrichten des Verd\u00e4chtigen zu lesen, folgen Sie dem einfachen Prozess:<\/p>\n<div class=\"spy-viber-it-change\">\n<ul>\n<li>Obtenez l&#8217;application espion Kik et vous recevrez un email contenant le nom d&#8217;utilisateur et le mot de passe pour vous connecter au compte<\/li>\n<li>Installez le logiciel dans le t\u00e9l\u00e9phone Android cible. C&#8217;est un processus facile et cela prendra \u00e0 peine 5 minutes.<\/li>\n<li>Utilisez les informations d&#8217;identification pour vous connecter et acc\u00e9der au mobile cible de n&#8217;importe o\u00f9, \u00e0 tout moment.<\/li>\n<li>Commencez \u00e0 consulter l&#8217;ensemble des messages t\u00e9l\u00e9grammes du t\u00e9l\u00e9phone Android cible<\/li>\n<\/ul>\n<\/div>\n<div class=\"whatsapp_btns text-xs-center\"><a class=\"blue_btn\" href=\"https:\/\/www.spymasterpro.com\/fr\/espion-android\/\">ESPION ANDROID <\/a> <a class=\"blue_btn\" href=\"https:\/\/www.spymasterpro.com\/fr\/buynow\/\"> ACHETER MAINTENANT<\/a><\/div>\n<\/div>\n<div class=\"col-lg-3 col-md-3 col-sm-3 col-xs-3 text-xs-center about_img2\"><img loading=\"lazy\" decoding=\"async\" class=\"alignnone\" title=\"SURVEILLANCE de Kik POUR ANDROID\" src=\"https:\/\/www.spymasterpro.com\/fr\/wp-content\/uploads\/2019\/01\/kik-android.png\" alt=\"SURVEILLANCE de Kik POUR ANDROID\" width=\"185\" height=\"371\" \/><\/div>\n<\/div>\n<\/div>\n<\/section>\n<\/div>\n<\/div>\n<\/div>\n<\/div>\n<\/div>\n","protected":false},"excerpt":{"rendered":"<p>Surveillance de Kik LISEZ LES MESSAGES KIK DE LA CIBLE MOBILE DANS LE CONFORT DE VOS LIEUX Lire les messages envoy\u00e9s et re\u00e7us de l&#8217;utilisateur cible sur Kik 100% s\u00fbr et facile \u00e0 utiliser Compatible avec iPhone et Android Accessible depuis n&#8217;importe quel navigateur Web Support multilingue 24\/7 VOIR TOUTES LES CARACT\u00c9RISTIQUES Live Demo WhatsApp &hellip; <a href=\"https:\/\/www.spymasterpro.com\/fr\/kik-surveillance\/\" class=\"more-link\">Continue reading<span class=\"screen-reader-text\"> &#8220;Kik Surveillance&#8221;<\/span><\/a><\/p>\n","protected":false},"author":1,"featured_media":0,"parent":0,"menu_order":0,"comment_status":"closed","ping_status":"closed","template":"page-full.php","meta":{"_acf_changed":false,"footnotes":""},"class_list":["post-1909","page","type-page","status-publish","hentry"],"acf":[],"aioseo_notices":[],"_links":{"self":[{"href":"https:\/\/www.spymasterpro.com\/fr\/wp-json\/wp\/v2\/pages\/1909","targetHints":{"allow":["GET"]}}],"collection":[{"href":"https:\/\/www.spymasterpro.com\/fr\/wp-json\/wp\/v2\/pages"}],"about":[{"href":"https:\/\/www.spymasterpro.com\/fr\/wp-json\/wp\/v2\/types\/page"}],"author":[{"embeddable":true,"href":"https:\/\/www.spymasterpro.com\/fr\/wp-json\/wp\/v2\/users\/1"}],"replies":[{"embeddable":true,"href":"https:\/\/www.spymasterpro.com\/fr\/wp-json\/wp\/v2\/comments?post=1909"}],"version-history":[{"count":1,"href":"https:\/\/www.spymasterpro.com\/fr\/wp-json\/wp\/v2\/pages\/1909\/revisions"}],"predecessor-version":[{"id":3913,"href":"https:\/\/www.spymasterpro.com\/fr\/wp-json\/wp\/v2\/pages\/1909\/revisions\/3913"}],"wp:attachment":[{"href":"https:\/\/www.spymasterpro.com\/fr\/wp-json\/wp\/v2\/media?parent=1909"}],"curies":[{"name":"wp","href":"https:\/\/api.w.org\/{rel}","templated":true}]}}