{"id":1739,"date":"2018-03-31T08:02:43","date_gmt":"2018-03-31T08:02:43","guid":{"rendered":"https:\/\/www.spymasterpro.com\/fr\/?page_id=1739"},"modified":"2020-07-01T07:50:48","modified_gmt":"2020-07-01T07:50:48","slug":"espionner-samsung-galaxy-s9-avec-spymaster-pro","status":"publish","type":"page","link":"https:\/\/www.spymasterpro.com\/fr\/espionner-samsung-galaxy-s9-avec-spymaster-pro\/","title":{"rendered":"Espionner Samsung Galaxy S9+ avec Spymaster Pro"},"content":{"rendered":"<p><center><\/center><center><img loading=\"lazy\" decoding=\"async\" class=\"alignnone wp-image-2329 size-full\" src=\"https:\/\/www.spymasterpro.com\/fr\/wp-content\/uploads\/2020\/07\/Espionner-Samsung-Galaxy-S9-avec-Spymaster-Pro-1.png\" alt=\"Espionner-Samsung-Galaxy-S9+-avec-Spymaster-Pro\" width=\"650\" height=\"350\" srcset=\"https:\/\/www.spymasterpro.com\/fr\/wp-content\/uploads\/2020\/07\/Espionner-Samsung-Galaxy-S9-avec-Spymaster-Pro-1.png 650w, https:\/\/www.spymasterpro.com\/fr\/wp-content\/uploads\/2020\/07\/Espionner-Samsung-Galaxy-S9-avec-Spymaster-Pro-1-600x323.png 600w, https:\/\/www.spymasterpro.com\/fr\/wp-content\/uploads\/2020\/07\/Espionner-Samsung-Galaxy-S9-avec-Spymaster-Pro-1-300x162.png 300w\" sizes=\"auto, (max-width: 650px) 85vw, 650px\" \/><\/center>&nbsp;<\/p>\n<p>Lors du choix d&#8217;un t\u00e9l\u00e9phone mobile \u00e0 acheter, un nom qui revient dans l&#8217;esprit du client est Samsung. La marque poss\u00e8de sans aucun doute une grande renomm\u00e9e sur le march\u00e9 du mobile, faisant une forte concurrence \u00e0 Apple. R\u00e9cemment, il y a eu beaucoup de sp\u00e9culations sur le march\u00e9 concernant les prochains t\u00e9l\u00e9phones haut de gamme de Samsung.<\/p>\n<p>Eh bien, pour tous ces fans de Samsung qui sont curieux d\u2019en savoir plus sur ces t\u00e9l\u00e9phones, votre attente est termin\u00e9e. Samsung a r\u00e9cemment d\u00e9voil\u00e9 ses t\u00e9l\u00e9phones mobiles haut de gamme Samsung Galaxy S9 et S9+. Avec cela, les clients semblent \u00eatre vraiment excit\u00e9s par le produit. Pourquoi pas! Samsung ne d\u00e9\u00e7oit jamais ses clients en mati\u00e8re d&#8217;ergonomie, de fonctionnalit\u00e9, de sp\u00e9cifications et plus encore.<\/p>\n<p><strong>Samsung Galaxy S9 Vs Samsung Galaxy S9 +:<\/strong><\/p>\n<p><strong>Tous deux, Samsung Galaxy S9 et S9+, n&#8217;ont pas de grandes diff\u00e9rences, mais quelques variations dans les deux t\u00e9l\u00e9phones sont mentionn\u00e9es ci-dessous:<\/strong><\/p>\n<div class=\"spy-viber-it-change\">\n<ul>\n<li><strong>Taille de l&#8217;\u00e9cran<\/strong>: Le Samsung Galaxy S9+ est poss\u00e8de une taille d&#8217;\u00e9cran plus grande de 6,2 pouces par rapport \u00e0 la taille de 5,8 pouces du Samsung Galaxy S9<\/li>\n<li><strong>Batterie:<\/strong> Samsung Galaxy S9+ a une batterie de 3500 mAh tandis que la version S9 vient avec une autonomie de 3000 mAh<\/li>\n<li><strong>RAM:<\/strong> Pour ce qui est de la RAM du t\u00e9l\u00e9phone, le Samsung Galaxy S9+ dispose d&#8217;une RAM de 6 Go et celle du Galaxy S9 de 4 Go.<\/li>\n<li><strong>Poids:<\/strong> Enfin, le poids de la variante S9+ est de 189 g, alors que celui du Samsung Galaxy S9 est de 163 g<\/li>\n<\/ul>\n<\/div>\n<p>Alors, avez-vous achet\u00e9 le t\u00e9l\u00e9phone pour faire un cadeau \u00e0 un de vos proches ou avez-vous pr\u00e9vu de le faire? Eh bien, dans ce cas, allez-y et achetez-le, car votre logiciel pr\u00e9f\u00e9r\u00e9 Spymaster Pro est compatible avec Samsung Galaxy S9 Plus et S9.<\/p>\n<p>Dans notre pr\u00e9c\u00e9dente \u00e9dition de blog, nous avions annonc\u00e9 la compatibilit\u00e9 de Spymaster Pro avec le Samsung Galaxy S9. Et maintenant, puisque Samsung Galaxy est lanc\u00e9 sur le march\u00e9, nous avons pens\u00e9 partager cette bonne nouvelle avec vous.<\/p>\n<p><strong>Donc, sans perdre trop de temps, nous allons vous aider \u00e0 installer Spymaster Pro sur Samsung Galaxy S9+:<\/strong><\/p>\n<div class=\"spy-viber-it-change\">\n<ul>\n<li>Afin d&#8217;installer le logiciel sur Samsung Galaxy S9+, vous devrez avoir un acc\u00e8s au t\u00e9l\u00e9phone.<\/li>\n<li>La prochaine \u00e9tape consiste \u00e0 acheter le logiciel en visitant le site Web <a href=\"https:\/\/www.spymasterpro.com\/fr\/\"><strong>www.spymasterpro.com\/fr<\/strong><\/a>; achetez le logiciel en cliquant sur le bouton Acheter puis passez \u00e0 la caisse.<\/li>\n<li>Apr\u00e8s cela, vous recevrez un email d&#8217;enregistrement que vous devrez ouvrir pour t\u00e9l\u00e9charger et installer le logiciel dans le t\u00e9l\u00e9phone devant \u00eatre surveill\u00e9.<\/li>\n<li>Une fois termin\u00e9, vous pouvez laisser le t\u00e9l\u00e9phone cible de c\u00f4t\u00e9 et surveiller toutes les activit\u00e9s de ce t\u00e9l\u00e9phone \u00e0 partir de votre bureau ou de votre mobile selon votre convenance.<\/li>\n<\/ul>\n<\/div>\n<p>Donc, sans perdre plus de temps, achetez ce logiciel aujourd&#8217;hui et espionnez Samsung Galaxy S9+ \u00e0 distance.<\/p>\n<div class=\"strip_btn feature_bottom text-xs-center\"><a class=\"blue_btn\" href=\"https:\/\/www.spymasterpro.com\/fr\/espion-android\/\"> ESPION ANDROID <\/a> <a class=\"white_btn demo_btn\" href=\"https:\/\/www.spymasterpro.com\/fr\/obtenez-li-ici\/\"> OBTENEZ- LI ICI <\/a><\/div>\n","protected":false},"excerpt":{"rendered":"<p>&nbsp; Lors du choix d&#8217;un t\u00e9l\u00e9phone mobile \u00e0 acheter, un nom qui revient dans l&#8217;esprit du client est Samsung. La marque poss\u00e8de sans aucun doute une grande renomm\u00e9e sur le march\u00e9 du mobile, faisant une forte concurrence \u00e0 Apple. R\u00e9cemment, il y a eu beaucoup de sp\u00e9culations sur le march\u00e9 concernant les prochains t\u00e9l\u00e9phones haut &hellip; <a href=\"https:\/\/www.spymasterpro.com\/fr\/espionner-samsung-galaxy-s9-avec-spymaster-pro\/\" class=\"more-link\">Continue reading<span class=\"screen-reader-text\"> &#8220;Espionner Samsung Galaxy S9+ avec Spymaster Pro&#8221;<\/span><\/a><\/p>\n","protected":false},"author":1,"featured_media":0,"parent":0,"menu_order":0,"comment_status":"closed","ping_status":"closed","template":"","meta":{"_acf_changed":false,"footnotes":""},"class_list":["post-1739","page","type-page","status-publish","hentry"],"acf":[],"aioseo_notices":[],"_links":{"self":[{"href":"https:\/\/www.spymasterpro.com\/fr\/wp-json\/wp\/v2\/pages\/1739","targetHints":{"allow":["GET"]}}],"collection":[{"href":"https:\/\/www.spymasterpro.com\/fr\/wp-json\/wp\/v2\/pages"}],"about":[{"href":"https:\/\/www.spymasterpro.com\/fr\/wp-json\/wp\/v2\/types\/page"}],"author":[{"embeddable":true,"href":"https:\/\/www.spymasterpro.com\/fr\/wp-json\/wp\/v2\/users\/1"}],"replies":[{"embeddable":true,"href":"https:\/\/www.spymasterpro.com\/fr\/wp-json\/wp\/v2\/comments?post=1739"}],"version-history":[{"count":0,"href":"https:\/\/www.spymasterpro.com\/fr\/wp-json\/wp\/v2\/pages\/1739\/revisions"}],"wp:attachment":[{"href":"https:\/\/www.spymasterpro.com\/fr\/wp-json\/wp\/v2\/media?parent=1739"}],"curies":[{"name":"wp","href":"https:\/\/api.w.org\/{rel}","templated":true}]}}