{"id":1311,"date":"2016-08-16T12:35:12","date_gmt":"2016-08-16T12:35:12","guid":{"rendered":"https:\/\/www.spymasterpro.com\/fr\/?page_id=1311"},"modified":"2020-03-07T10:10:36","modified_gmt":"2020-03-07T10:10:36","slug":"sur-a-utiliser","status":"publish","type":"page","link":"https:\/\/www.spymasterpro.com\/fr\/sur-a-utiliser\/","title":{"rendered":"S\u00fbr \u00e0 utiliser"},"content":{"rendered":"<div id=\"pl-778\" class=\"panel-layout\" >\n<div id=\"pg-778-0\" class=\"panel-grid panel-no-style\" >\n<div id=\"pgc-778-0-0\" class=\"panel-grid-cell\" data-weight=\"1\" >\n<div id=\"panel-778-0-0-0\" class=\"so-panel widget_text panel-first-child panel-last-child\" data-index=\"0\" data-style=\"{&quot;background_image_attachment&quot;:false,&quot;background_display&quot;:&quot;tile&quot;}\" >\n<h3 class=\"widget-title\">S\u00dbR \u00c0 UTILISER<\/h3>\n<div class=\"textwidget\">\n<section id=\"inner_banner\">\n<div class=\"container\">\n<div class=\"row\">\n<div class=\"col-lg-6 col-md-6 col-sm-6 col-xs-7 text-xs-center spy_banner_txt\">\n<h2>S\u00dbR \u00c0 UTILISER<\/h2>\n<h1>100% <br \/>S\u00e9curit\u00e9 garantie<\/h1>\n<\/div>\n<div class=\"col-lg-6 col-md-6 col-sm-6 col-xs-5 \">\n<img decoding=\"async\" src=\"..\/wp-content\/uploads\/2017\/02\/spy_use_banner.png\" alt=\"banner img\">\n<\/div>\n<\/div>\n<\/div>\n<\/section>\n<p><!-- inner banner section end --> <\/p>\n<p><!-- spy text part start --><\/p>\n<section id=\"about_content\">\n<div class=\"container\">\n<div class=\"row\">\n<div class=\"main clearfix\">\n<div class=\"col-lg-9 col-md-9 col-sm-9 col-xs-9 about_para\">\n<h5><img decoding=\"async\" src=\"..\/wp-content\/uploads\/2017\/02\/safe_icon.png\" alt=\"icon1\">Aucune ic\u00f4ne n\u2019est affich\u00e9e sur le t\u00e9l\u00e9phone cible<\/h5>\n<p>Ce logiciel est intelligemment con\u00e7u par des experts qui l\u2019ont rendu invisible. Il fonctionne en mode cach\u00e9 de telle sorte que l\u2019utilisateur cible ne peut jamais conna\u00eetre son existence dans son t\u00e9l\u00e9phone<\/p>\n<\/div>\n<div class=\"col-lg-3 col-md-3 col-sm-3 col-xs-3 about_img\">\n<img decoding=\"async\" src=\"..\/wp-content\/uploads\/2017\/02\/side_img1.png\" alt=\"img\">\n<\/div>\n<p><img decoding=\"async\" src=\"..\/wp-content\/uploads\/2017\/02\/arrow_shape.png\" alt=\"img\" class=\"shape\">\n<\/div>\n<div class=\"main clearfix\">\n<div class=\"col-lg-3 col-md-3 col-sm-3 col-xs-3 about_img2\">\n<img decoding=\"async\" src=\"..\/wp-content\/uploads\/2017\/02\/side_img2.png\" alt=\"img\">\n<\/div>\n<div class=\"col-lg-9 col-md-9 col-sm-9 col-xs-9 about_para\">\n<h5><img decoding=\"async\" src=\"..\/wp-content\/uploads\/2017\/02\/safe_icon2.png\" alt=\"icon1\">Le logiciel fonctionne en mode cach\u00e9<\/h5>\n<p>La personne cible ne peut jamais se rendre compte que quelqu\u2019un la surveille secr\u00e8tement.<\/p>\n<\/div>\n<p><img decoding=\"async\" src=\"..\/wp-content\/uploads\/2017\/02\/arrow_shape2.png\" alt=\"img\" class=\"shape2\">\n<\/div>\n<div class=\"main clearfix\">\n<div class=\"col-lg-9 col-md-9 col-sm-9 col-xs-9 about_para\">\n<h5><img decoding=\"async\" src=\"..\/wp-content\/uploads\/2017\/02\/safe_icon3.png\" alt=\"icon1\">Le logiciel fonctionne en mode cach\u00e9<\/h5>\n<p>Ce logiciel copie silencieusement chaque d\u00e9tail du t\u00e9l\u00e9phone cible et l\u2019envoie \u00e0 votre panneau de contr\u00f4le. Vous pouvez vous connecter \u00e0 tout moment sur votre compte Spymaster Pro et voir tout ce qui a \u00e9t\u00e9 fait par votre cible sur son t\u00e9l\u00e9phone.<\/p>\n<\/div>\n<div class=\"col-lg-3 col-md-3 col-sm-3 col-xs-3 about_img\">\n<img decoding=\"async\" src=\"..\/wp-content\/uploads\/2017\/02\/side_img3.png\" alt=\"img\">\n<\/div>\n<p><img decoding=\"async\" src=\"..\/wp-content\/uploads\/2017\/02\/arrow_shape.png\" alt=\"img\" class=\"shape\">\n<\/div>\n<div class=\"main clearfix\">\n<div class=\"col-lg-3 col-md-3 col-sm-3 col-xs-3 about_img2\">\n<img decoding=\"async\" src=\"..\/wp-content\/uploads\/2017\/02\/side_img4.png\" alt=\"img\">\n<\/div>\n<div class=\"col-lg-9 col-md-9 col-sm-9 col-xs-9 about_para\">\n<h5><img decoding=\"async\" src=\"..\/wp-content\/uploads\/2017\/02\/safe_icon4.png\" alt=\"icon1\">Fonctionne \u00e0 distance <\/h5>\n<p>Ce logiciel de surveillance fonctionne \u00e0 distance et cela signifie que vous pouvez suivre votre cible depuis n\u2019importe o\u00f9 dans le monde qu\u2019elle soit en voyage d\u2019affaires, \u00e0 l\u2019\u00e9cole ou simplement assise dans la pi\u00e8ce voisine. Leurs activit\u00e9s de t\u00e9l\u00e9phonie cellulaire sont toujours visibles pour vous sur votre compte.<\/p>\n<\/div>\n<p><img decoding=\"async\" src=\"..\/wp-content\/uploads\/2017\/02\/arrow_shape2.png\" alt=\"img\" class=\"shape2\">\n<\/div>\n<\/div>\n<\/div>\n<\/section>\n<p><!-- spy text part end --><\/p>\n<p><!-- bottom button part start --><\/p>\n<section id=\"blue_strip\">\n<div class=\"container-fluid\">\n<div class=\"row\">\n<div class=\"col-xl-12 strip_txt text-xs-center\">\n<p>Obtenez-le maintenant et commencez \u00e0 surveiller votre cible !!<\/p>\n<\/div>\n<div class=\"col-lg-12\">\n<div class=\"strip_btn feature_bottom text-xs-center\">\n<a class=\"white_btn\" href=\"https:\/\/www.spymasterpro.com\/fr\/comment-spymaster-pro-fonctionne-2\/\">COMMENT CA MARCHE<\/a> <a class=\"white_btn demo_btn hidden-md-up\" href=\"https:\/\/www.spymasterpro.com\/fr\/buynow\/\">Acheter maintenant<\/a> <a class=\"white_btn demo_btn hidden-sm-down\" href=\"https:\/\/www.spymasterpro.com\/fr\/buynow\/\">Obtenez-le i\u00e7i<\/a>\n<\/div>\n<\/div>\n<\/div>\n<\/div>\n<\/section>\n<\/div>\n<\/div>\n<\/div>\n<\/div>\n<\/div>\n","protected":false},"excerpt":{"rendered":"<p>S\u00dbR \u00c0 UTILISER S\u00dbR \u00c0 UTILISER 100% S\u00e9curit\u00e9 garantie Aucune ic\u00f4ne n\u2019est affich\u00e9e sur le t\u00e9l\u00e9phone cible Ce logiciel est intelligemment con\u00e7u par des experts qui l\u2019ont rendu invisible. Il fonctionne en mode cach\u00e9 de telle sorte que l\u2019utilisateur cible ne peut jamais conna\u00eetre son existence dans son t\u00e9l\u00e9phone Le logiciel fonctionne en mode cach\u00e9 &hellip; <a href=\"https:\/\/www.spymasterpro.com\/fr\/sur-a-utiliser\/\" class=\"more-link\">Continue reading<span class=\"screen-reader-text\"> &#8220;S\u00fbr \u00e0 utiliser&#8221;<\/span><\/a><\/p>\n","protected":false},"author":1,"featured_media":0,"parent":0,"menu_order":0,"comment_status":"closed","ping_status":"closed","template":"page-full.php","meta":{"_acf_changed":false,"footnotes":""},"class_list":["post-1311","page","type-page","status-publish","hentry"],"acf":[],"aioseo_notices":[],"_links":{"self":[{"href":"https:\/\/www.spymasterpro.com\/fr\/wp-json\/wp\/v2\/pages\/1311","targetHints":{"allow":["GET"]}}],"collection":[{"href":"https:\/\/www.spymasterpro.com\/fr\/wp-json\/wp\/v2\/pages"}],"about":[{"href":"https:\/\/www.spymasterpro.com\/fr\/wp-json\/wp\/v2\/types\/page"}],"author":[{"embeddable":true,"href":"https:\/\/www.spymasterpro.com\/fr\/wp-json\/wp\/v2\/users\/1"}],"replies":[{"embeddable":true,"href":"https:\/\/www.spymasterpro.com\/fr\/wp-json\/wp\/v2\/comments?post=1311"}],"version-history":[{"count":0,"href":"https:\/\/www.spymasterpro.com\/fr\/wp-json\/wp\/v2\/pages\/1311\/revisions"}],"wp:attachment":[{"href":"https:\/\/www.spymasterpro.com\/fr\/wp-json\/wp\/v2\/media?parent=1311"}],"curies":[{"name":"wp","href":"https:\/\/api.w.org\/{rel}","templated":true}]}}