{"id":1120,"date":"2016-01-22T13:15:31","date_gmt":"2016-01-22T13:15:31","guid":{"rendered":"https:\/\/www.spymasterpro.com\/fr\/?page_id=1120"},"modified":"2020-03-07T10:21:39","modified_gmt":"2020-03-07T10:21:39","slug":"espionnage-sur-samsung","status":"publish","type":"page","link":"https:\/\/www.spymasterpro.com\/fr\/espionnage-sur-samsung\/","title":{"rendered":"Espionnage sur Samsung"},"content":{"rendered":"<h2 style=\"color: black; text-align: justify;\">Espionnez les t\u00e9l\u00e9phones Samsung avec le logiciel performant Spymaster Pro!<\/h2>\n<p style=\"text-align: justify;\"><img loading=\"lazy\" decoding=\"async\" class=\"wp-image-2270 size-large aligncenter\" title=\"Espionnage sur Samsung\" src=\"https:\/\/www.spymasterpro.com\/fr\/wp-content\/uploads\/2019\/12\/Esp\u00eda-Samsung-s-1024x536.jpg\" alt=\"Espionnage sur Samsung\" width=\"840\" height=\"440\" srcset=\"https:\/\/www.spymasterpro.com\/fr\/wp-content\/uploads\/2019\/12\/Esp\u00eda-Samsung-s-1024x536.jpg 1024w, https:\/\/www.spymasterpro.com\/fr\/wp-content\/uploads\/2019\/12\/Esp\u00eda-Samsung-s-600x314.jpg 600w, https:\/\/www.spymasterpro.com\/fr\/wp-content\/uploads\/2019\/12\/Esp\u00eda-Samsung-s-300x157.jpg 300w, https:\/\/www.spymasterpro.com\/fr\/wp-content\/uploads\/2019\/12\/Esp\u00eda-Samsung-s-768x402.jpg 768w, https:\/\/www.spymasterpro.com\/fr\/wp-content\/uploads\/2019\/12\/Esp\u00eda-Samsung-s.jpg 1200w\" sizes=\"auto, (max-width: 709px) 85vw, (max-width: 909px) 67vw, (max-width: 1362px) 62vw, 840px\" \/><\/p>\n<p style=\"text-align: justify;\">L\u2019espionnage des t\u00e9l\u00e9phones cellulaires est une activit\u00e9 qui prend de plus en plus d\u2019importance de nos jours en raison de la hausse de l\u2019infid\u00e9lit\u00e9. Maintenant, il est devenu tr\u00e8s facile de suivre le t\u00e9l\u00e9phone Samsung d\u2019une personne en qui vous avez des doutes, en utilisant ce logiciel espion intelligent. Il vous aide \u00e0 lire \u00e0 distance toutes les informations de la personne cible \u00e0 tout moment et depuis n\u2019importe quel endroit. Il est abordable et compatible avec tous les t\u00e9l\u00e9phones Samsung.<\/p>\n<div class=\"pro_version_only\" style=\"text-align: justify;\">\n<h2 style=\"color: black; margin-bottom: 20px;\">Fonctionnalit\u00e9s Du logiciel Espion pour cellulaires Samsung Galaxy<\/h2>\n<\/div>\n<div class=\"content-1\" style=\"text-align: justify;\">\n<div class=\"content-1\">\n<h4 class=\"tracking\"><i class=\"fa fa-hand-o-right\" aria-hidden=\"true\"><!--tr--><\/i>Voir les d\u00e9tails des appels<\/h4>\n<p>Espionner les appels est quelque chose que vous pouvez faire avec facilit\u00e9 quand vous avez un logiciel de surveillance pour Samsung Galaxy <a href=\"https:\/\/www.spymasterpro.com\/fr\/installation-android\/\" target=\"_blank\" rel=\"noopener noreferrer\"><strong>install\u00e9 sur votre t\u00e9l\u00e9phone<\/strong><\/a>. Vous pouvez voir tous les appels faits par le t\u00e9l\u00e9phone cible ainsi que tous les appels qui ont \u00e9t\u00e9 re\u00e7us par ce t\u00e9l\u00e9phone cible.<\/p>\n<\/div>\n<div class=\"content-1\">\n<h4 class=\"tracking\"><i class=\"fa fa-hand-o-right\" aria-hidden=\"true\"><!--tr--><\/i>Acc\u00e8s au r\u00e9pertoire du t\u00e9l\u00e9phone<\/h4>\n<p>Vous pouvez consulter le carnet d\u2019adresses du t\u00e9l\u00e9phone cible et vous renseigner sur le genre de personnes que l\u2019utilisateur du t\u00e9l\u00e9phone cible a enregistr\u00e9 dans la section \u00ab Contacts \u00bb de son t\u00e9l\u00e9phone.<\/p>\n<\/div>\n<div class=\"content-1\">\n<h4 class=\"tracking\"><i class=\"fa fa-hand-o-right\" aria-hidden=\"true\"><!--tr--><\/i>Lire les messages texte<\/h4>\n<p>En utilisant le logiciel espion pour les cellulaires Samsung Galaxy, vous pourrez visualiser les diff\u00e9rents messages texte qui ont \u00e9t\u00e9 envoy\u00e9s depuis le t\u00e9l\u00e9phone cible et cela dans les moindres d\u00e9tails. Vous pourrez lire les conversations textes qui ont eu lieu \u00e0 travers le t\u00e9l\u00e9phone et cela sans aucun probl\u00e8me.<\/p>\n<\/div>\n<div class=\"content-1\">\n<h4 class=\"tracking\"><i class=\"fa fa-hand-o-right\" aria-hidden=\"true\"><!--tr--><\/i>Localisation GPS du Samsung<\/h4>\n<p>La fonction de <a href=\"https:\/\/www.spymasterpro.com\/fr\/suivi-gps\/\" target=\"_blank\" rel=\"noopener noreferrer\"><strong>suivi GPS<\/strong><\/a> vous permet \u00e9galement de suivre l&#8217;emplacement physique du t\u00e9l\u00e9phone cible. Avec cette fonctionnalit\u00e9, vous pourrez savoir o\u00f9 se trouve l&#8217;utilisateur du t\u00e9l\u00e9phone cible.<\/p>\n<\/div>\n<div class=\"content-1\">\n<h4 class=\"tracking\"><i class=\"fa fa-hand-o-right\" aria-hidden=\"true\"><!--tr--><\/i>Surveillance des photos<\/h4>\n<p>Surveillez toutes les photos consult\u00e9es \u00e0 partir du t\u00e9l\u00e9phone Samsung cibl\u00e9. Toutes les donn\u00e9es seront envoy\u00e9es sur votre panneau de contr\u00f4le dans la section photos de sorte que vous puissiez t\u00e9l\u00e9charger les images sur votre PC\/ordinateur portable.<\/p>\n<\/div>\n<div class=\"strip_space\">\n<div class=\"col-xl-12 col-xs-12 col-sm-12 col-md-12 strip_txt text-xs-center bigtext-red\">Recevez le Spymaster base de \u20ac6.66 par mois<\/div>\n<div class=\"buy_panel text-xs-center\"><a class=\"blue_btn\" href=\"https:\/\/www.spymasterpro.com\/demo\/index.php\">D\u00e9mo<\/a> <a class=\"blue_btn demo_btn\" href=\"https:\/\/www.spymasterpro.com\/fr\/buynow\/\">OBTENEZ-LE ICI<\/a><\/div>\n<\/div>\n<\/div>\n<div class=\"pro_version_only\" style=\"text-align: justify;\"><\/div>\n<div class=\"content-1\" style=\"text-align: justify;\">\n<h4 class=\"tracking\"><i class=\"fa fa-hand-o-right\" aria-hidden=\"true\"><!--tr--><\/i>Suivi WhatsApp<\/h4>\n<p>Avec l\u2019aide de Spymaster Pro, vous pouvez lire les fils de conversation entiers de vos ados ou de votre conjoint fautif. Il permettra \u00e9galement de suivre les photos et vid\u00e9os partag\u00e9es avec les d\u00e9tails de date et heure.<\/p>\n<\/div>\n<div class=\"content-1\" style=\"text-align: justify;\">\n<h4 class=\"tracking\"><i class=\"fa fa-hand-o-right\" aria-hidden=\"true\"><!--tr--><\/i>Suivi Facebook Messenger<\/h4>\n<p>Spymaster Pro vous permet de suivre \u00e0 distance toutes les conversations chat Facebook et de les enregistrer avec les d\u00e9tails de l\u2019heure et de la date exacte.<\/p>\n<\/div>\n<div class=\"strip_space\" style=\"text-align: justify;\">\n<div class=\"col-xl-12 col-xs-12 col-sm-12 col-md-12 strip_txt text-xs-center bigtext-red\">Recevez le Spymaster Pro de \u20ac8.33 par mois<\/div>\n<div class=\"buy_panel text-xs-center hidden-sm-down\"><a class=\"blue_btn\" href=\"https:\/\/www.spymasterpro.com\/fr\/comment-spymaster-pro-fonctionne-2\/\">fonctionnalit\u00e9s<\/a> <a class=\"blue_btn demo_btn\" href=\"https:\/\/www.spymasterpro.com\/fr\/buynow\/\">OBTENEZ-LE ICI<\/a><\/div>\n<div class=\"buy_panel text-xs-center hidden-md-up\"><a class=\"blue_btn\" href=\"https:\/\/www.spymasterpro.com\/fr\/comment-spymaster-pro-fonctionne-2\/\">Tour d\u2019horizon<\/a> <a class=\"blue_btn demo_btn\" href=\"https:\/\/www.spymasterpro.com\/fr\/buynow\/\">OBTENEZ-LE ICI<\/a><\/div>\n<\/div>\n<p style=\"text-align: justify;\">\n","protected":false},"excerpt":{"rendered":"<p>Espionnez les t\u00e9l\u00e9phones Samsung avec le logiciel performant Spymaster Pro! L\u2019espionnage des t\u00e9l\u00e9phones cellulaires est une activit\u00e9 qui prend de plus en plus d\u2019importance de nos jours en raison de la hausse de l\u2019infid\u00e9lit\u00e9. Maintenant, il est devenu tr\u00e8s facile de suivre le t\u00e9l\u00e9phone Samsung d\u2019une personne en qui vous avez des doutes, en utilisant &hellip; <a href=\"https:\/\/www.spymasterpro.com\/fr\/espionnage-sur-samsung\/\" class=\"more-link\">Continue reading<span class=\"screen-reader-text\"> &#8220;Espionnage sur Samsung&#8221;<\/span><\/a><\/p>\n","protected":false},"author":1,"featured_media":0,"parent":0,"menu_order":0,"comment_status":"closed","ping_status":"closed","template":"","meta":{"_acf_changed":false,"footnotes":""},"class_list":["post-1120","page","type-page","status-publish","hentry"],"acf":[],"aioseo_notices":[],"_links":{"self":[{"href":"https:\/\/www.spymasterpro.com\/fr\/wp-json\/wp\/v2\/pages\/1120","targetHints":{"allow":["GET"]}}],"collection":[{"href":"https:\/\/www.spymasterpro.com\/fr\/wp-json\/wp\/v2\/pages"}],"about":[{"href":"https:\/\/www.spymasterpro.com\/fr\/wp-json\/wp\/v2\/types\/page"}],"author":[{"embeddable":true,"href":"https:\/\/www.spymasterpro.com\/fr\/wp-json\/wp\/v2\/users\/1"}],"replies":[{"embeddable":true,"href":"https:\/\/www.spymasterpro.com\/fr\/wp-json\/wp\/v2\/comments?post=1120"}],"version-history":[{"count":0,"href":"https:\/\/www.spymasterpro.com\/fr\/wp-json\/wp\/v2\/pages\/1120\/revisions"}],"wp:attachment":[{"href":"https:\/\/www.spymasterpro.com\/fr\/wp-json\/wp\/v2\/media?parent=1120"}],"curies":[{"name":"wp","href":"https:\/\/api.w.org\/{rel}","templated":true}]}}