{"id":1116,"date":"2016-01-21T12:07:03","date_gmt":"2016-01-21T12:07:03","guid":{"rendered":"https:\/\/www.spymasterpro.com\/fr\/?page_id=1116"},"modified":"2022-07-27T11:56:06","modified_gmt":"2022-07-27T11:56:06","slug":"politique-de-remboursement","status":"publish","type":"page","link":"https:\/\/www.spymasterpro.com\/fr\/politique-de-remboursement\/","title":{"rendered":"Politique De Remboursement"},"content":{"rendered":"<p>Selon\u00a0la politique de remboursement de Spymaster Pro et si les conditions suivantes sont remplies, l&#8217;utilisateur est en droit de recevoir un <strong>remboursement complet dans les 10 jours suivant<\/strong> l&#8217;achat uniquement si les raisons diff\u00e8rent des conditions mentionn\u00e9es dans la politique de remboursement.\u00a0S&#8217;il vous pla\u00eet, lisez les conditions suivantes:<br \/>\nUn utilisateur ne sera pas admissible \u00e0 obtenir le remboursement\u00a0apr\u00e8s\u00a010 jours suivant\u00a0l&#8217;achat de\u00a0logiciels.\u00a0Toutes les demandes doivent \u00eatre faites \u00e0 l\u2019int\u00e9rieur du d\u00e9lai de remboursement, soit 10 jours apr\u00e8s l&#8217;achat de Spymaster Pro.<\/p>\n<p>Le remboursement n\u2019est accord\u00e9 qu&#8217;une seule fois.\u00a0Si un utilisateur a d\u00e9j\u00e0 achet\u00e9 une autre licence Spymaster Pro et r\u00e9clamer un autre remboursement, la demande sera refus\u00e9e.<\/p>\n<p>Le client ne sera pas admissible \u00e0 un remboursement si le logiciel subit une mise \u00e0 niveau et le logiciel n\u2019est pas mis \u00e0 jour sur le t\u00e9l\u00e9phone cible.\u00a0Cela sera consid\u00e9r\u00e9 comme la faute du client.<\/p>\n<p><strong>Spymaster Pro ne traitera aucune demande de remboursement pour les conditions indiqu\u00e9es:<\/strong><\/p>\n<div class=\"spy-viber-it-change\">\n<ul>\n<li>Si le t\u00e9l\u00e9phone cellulaire cible ne dispose pas d&#8217;une connexion Internet active ou pas de connexion du tout pour une quelconque raison possible.<\/li>\n<li>Si l&#8217;utilisateur du t\u00e9l\u00e9phone cellulaire cible modifie le fournisseur de r\u00e9seau, interrompant ainsi la connexion Internet ce qui r\u00e9sulte en une perte de donn\u00e9es.<\/li>\n<li>Mise \u00e0 jour \u00e9ventuelle du syst\u00e8me d&#8217;exploitation du t\u00e9l\u00e9phone cellulaire cible.<\/li>\n<li>Restauration des\u00a0r\u00e9glages d&#8217;usine sur le t\u00e9l\u00e9phone cible.<\/li>\n<li>Une mauvaise installation du logiciel par le client.<\/li>\n<li>Indisponibilit\u00e9 du t\u00e9l\u00e9phone cible pour le client.<\/li>\n<li>Raisons personnelles indiquant que le client veut un remboursement d&#8217;imp\u00f4t parce que le logiciel a \u00e9t\u00e9 achet\u00e9 par erreur, etc.<\/li>\n<li>Aucun remboursement ne sera accord\u00e9 \u00e0 un utilisateur en cas d&#8217;expiration du compte de l&#8217;utilisateur.<\/li>\n<\/ul>\n<\/div>\n<p>Pour toutes vos requ\u00eates et questions, envoyez un mail \u00e0\u00a0<strong>support@spymasterpro.com<\/strong><\/p>\n<div class=\"big-button\">\n<a class=\"blue_btn\" href=\"https:\/\/www.spymasterpro.com\/fr\/sur-a-utiliser\/\">S\u00fbr \u00e0 Utiliser<\/a> <a class=\"blue_btn\" href=\"https:\/\/www.spymasterpro.com\/fr\/obtenez-li-ici\/\">Obtenez-Li Ici<\/a>\n<\/div>\n","protected":false},"excerpt":{"rendered":"<p>Selon\u00a0la politique de remboursement de Spymaster Pro et si les conditions suivantes sont remplies, l&#8217;utilisateur est en droit de recevoir un remboursement complet dans les 10 jours suivant l&#8217;achat uniquement si les raisons diff\u00e8rent des conditions mentionn\u00e9es dans la politique de remboursement.\u00a0S&#8217;il vous pla\u00eet, lisez les conditions suivantes: Un utilisateur ne sera pas admissible \u00e0 &hellip; <a href=\"https:\/\/www.spymasterpro.com\/fr\/politique-de-remboursement\/\" class=\"more-link\">Continue reading<span class=\"screen-reader-text\"> &#8220;Politique De Remboursement&#8221;<\/span><\/a><\/p>\n","protected":false},"author":1,"featured_media":0,"parent":0,"menu_order":0,"comment_status":"closed","ping_status":"closed","template":"","meta":{"_acf_changed":false,"footnotes":""},"class_list":["post-1116","page","type-page","status-publish","hentry"],"acf":[],"aioseo_notices":[],"_links":{"self":[{"href":"https:\/\/www.spymasterpro.com\/fr\/wp-json\/wp\/v2\/pages\/1116","targetHints":{"allow":["GET"]}}],"collection":[{"href":"https:\/\/www.spymasterpro.com\/fr\/wp-json\/wp\/v2\/pages"}],"about":[{"href":"https:\/\/www.spymasterpro.com\/fr\/wp-json\/wp\/v2\/types\/page"}],"author":[{"embeddable":true,"href":"https:\/\/www.spymasterpro.com\/fr\/wp-json\/wp\/v2\/users\/1"}],"replies":[{"embeddable":true,"href":"https:\/\/www.spymasterpro.com\/fr\/wp-json\/wp\/v2\/comments?post=1116"}],"version-history":[{"count":0,"href":"https:\/\/www.spymasterpro.com\/fr\/wp-json\/wp\/v2\/pages\/1116\/revisions"}],"wp:attachment":[{"href":"https:\/\/www.spymasterpro.com\/fr\/wp-json\/wp\/v2\/media?parent=1116"}],"curies":[{"name":"wp","href":"https:\/\/api.w.org\/{rel}","templated":true}]}}