{"id":1114,"date":"2016-01-21T12:03:02","date_gmt":"2016-01-21T12:03:02","guid":{"rendered":"https:\/\/www.spymasterpro.com\/fr\/?page_id=1114"},"modified":"2019-05-09T13:06:01","modified_gmt":"2019-05-09T13:06:01","slug":"politique-de-confidentialite","status":"publish","type":"page","link":"https:\/\/www.spymasterpro.com\/fr\/politique-de-confidentialite\/","title":{"rendered":"Politique de confidentialit\u00e9"},"content":{"rendered":"<p>Nous nous sommes engag\u00e9s \u00e0 maintenir votre information s\u00fbre et en s\u00e9curit\u00e9. Nous sommes enti\u00e8rement d\u00e9vou\u00e9s et garantissons que toutes vos informations priv\u00e9es comme votre carte de cr\u00e9dit et les coordonn\u00e9es ne seront jamais divulgu\u00e9es \u00e0 personne. Nous gardons votre identit\u00e9 s\u00e9curis\u00e9e et votre anonymat est d\u2019une importance primordiale pour nous. Dans le cas o\u00f9 vous avez besoin d\u2019informations relatives \u00e0 votre compte, nous garantissons qu\u2019elles ne seront jamais partag\u00e9es, vendues ou lou\u00e9es \u00e0 des tiers. Nous veillons au respect de votre vie priv\u00e9e et offrons une protection contre tout type de dommages. Toutes les donn\u00e9es personnelles de nos clients sont crypt\u00e9es gr\u00e2ce au protocole de chiffrement SSL (serveur s\u00e9curis\u00e9) et des mesures s\u00e9curitaires sont prises pour sauvegarder les informations dans nos dossiers.<br \/>\n<br \/>\n<strong>Notre politique de livraison<\/strong><br \/>\nCe produit est offert \u00e0 la livraison dans le monde entier et couvert par une garantie de livraison. Il est \u00e0 noter que les produits num\u00e9riques t\u00e9l\u00e9chargeables ne sont pas exp\u00e9di\u00e9s. Apr\u00e8s le paiement r\u00e9ussi pour le produit, vous \u00eates en mesure de le t\u00e9l\u00e9charger imm\u00e9diatement. Notez, SVP, que nous ne proposons pas de r\u00e9cup\u00e9ration ou de ramassage en magasin.<br \/>\n<br \/>\n<strong>T\u00e9l\u00e9chargement de logiciels et politique de retour<\/strong><br \/>\nAu cas o\u00f9 vous rencontrez un probl\u00e8me li\u00e9 au t\u00e9l\u00e9chargement du logiciel, vous pouvez nous contacter 24h\/24h et 7j\/7j par email. Nous allons r\u00e9soudre le probl\u00e8me d\u00e8s que possible. Les ventes sont d\u00e9finitives et seul un cr\u00e9dit en magasin peut \u00eatre consid\u00e9r\u00e9.<\/p>\n<p><script type=\"application\/ld+json\">\n{\n  \"@context\": \"https:\/\/schema.org\/\",\n  \"@type\": \"Brand\",\n  \"name\": \"politique de confidentialite\",\n  \"url\": \"https:\/\/www.spymasterpro.com\/fr\/politique-de-confidentialite\/\",\n  \"AggregateRating\": {\n    \"@type\": \"AggregateRating\",\n    \"ratingValue\": \"4.9\",\n    \"bestRating\": \"5\",\n    \"worstRating\": \"1\",\n    \"ratingCount\": \"4800\"\n  }\n}\n<\/script><\/p>\n","protected":false},"excerpt":{"rendered":"<p>Nous nous sommes engag\u00e9s \u00e0 maintenir votre information s\u00fbre et en s\u00e9curit\u00e9. Nous sommes enti\u00e8rement d\u00e9vou\u00e9s et garantissons que toutes vos informations priv\u00e9es comme votre carte de cr\u00e9dit et les coordonn\u00e9es ne seront jamais divulgu\u00e9es \u00e0 personne. Nous gardons votre identit\u00e9 s\u00e9curis\u00e9e et votre anonymat est d\u2019une importance primordiale pour nous. Dans le cas o\u00f9 &hellip; <a href=\"https:\/\/www.spymasterpro.com\/fr\/politique-de-confidentialite\/\" class=\"more-link\">Continue reading<span class=\"screen-reader-text\"> &#8220;Politique de confidentialit\u00e9&#8221;<\/span><\/a><\/p>\n","protected":false},"author":1,"featured_media":0,"parent":0,"menu_order":0,"comment_status":"closed","ping_status":"closed","template":"","meta":{"_acf_changed":false,"footnotes":""},"class_list":["post-1114","page","type-page","status-publish","hentry"],"acf":[],"aioseo_notices":[],"_links":{"self":[{"href":"https:\/\/www.spymasterpro.com\/fr\/wp-json\/wp\/v2\/pages\/1114","targetHints":{"allow":["GET"]}}],"collection":[{"href":"https:\/\/www.spymasterpro.com\/fr\/wp-json\/wp\/v2\/pages"}],"about":[{"href":"https:\/\/www.spymasterpro.com\/fr\/wp-json\/wp\/v2\/types\/page"}],"author":[{"embeddable":true,"href":"https:\/\/www.spymasterpro.com\/fr\/wp-json\/wp\/v2\/users\/1"}],"replies":[{"embeddable":true,"href":"https:\/\/www.spymasterpro.com\/fr\/wp-json\/wp\/v2\/comments?post=1114"}],"version-history":[{"count":0,"href":"https:\/\/www.spymasterpro.com\/fr\/wp-json\/wp\/v2\/pages\/1114\/revisions"}],"wp:attachment":[{"href":"https:\/\/www.spymasterpro.com\/fr\/wp-json\/wp\/v2\/media?parent=1114"}],"curies":[{"name":"wp","href":"https:\/\/api.w.org\/{rel}","templated":true}]}}