{"id":1111,"date":"2016-01-21T12:00:47","date_gmt":"2016-01-21T12:00:47","guid":{"rendered":"https:\/\/www.spymasterpro.com\/fr\/?page_id=1111"},"modified":"2019-12-24T10:31:59","modified_gmt":"2019-12-24T10:31:59","slug":"surveillance-des-employes","status":"publish","type":"page","link":"https:\/\/www.spymasterpro.com\/fr\/surveillance-des-employes\/","title":{"rendered":"Surveillance Des Employ\u00e9s"},"content":{"rendered":"<h2><img loading=\"lazy\" decoding=\"async\" class=\"aligncenter wp-image-2137 size-full\" title=\"Logiciel de surveillance des employ\u00e9s\" src=\"https:\/\/www.spymasterpro.com\/fr\/wp-content\/uploads\/2019\/06\/Logiciel-de-surveillance-des-employ\u00e9s.jpg\" alt=\"Logiciel de surveillance des employ\u00e9s\" width=\"650\" height=\"350\" srcset=\"https:\/\/www.spymasterpro.com\/fr\/wp-content\/uploads\/2019\/06\/Logiciel-de-surveillance-des-employ\u00e9s.jpg 650w, https:\/\/www.spymasterpro.com\/fr\/wp-content\/uploads\/2019\/06\/Logiciel-de-surveillance-des-employ\u00e9s-600x323.jpg 600w, https:\/\/www.spymasterpro.com\/fr\/wp-content\/uploads\/2019\/06\/Logiciel-de-surveillance-des-employ\u00e9s-300x162.jpg 300w\" sizes=\"auto, (max-width: 650px) 85vw, 650px\" \/><\/h2>\n<div class=\"spy-viber-it-change\" style=\"text-align: justify;\">\n<ul>\n<li>V\u00e9rifiez o\u00f9 vos employ\u00e9s vont et avec qui ils ont affaire avec l\u2019activation de la localisation GPS.<\/li>\n<li>Acc\u00e9dez \u00e0 toutes les communications envoy\u00e9es depuis le t\u00e9l\u00e9phone de votre employ\u00e9 de mani\u00e8re l\u00e9gale.<\/li>\n<li>Mesurez la productivit\u00e9 de vos employ\u00e9s par le suivi en temps r\u00e9el de leurs all\u00e9es et venues.<\/li>\n<li>Obtenez des preuves solides pour confronter votre employ\u00e9 qui tente de nuire \u00e0 votre entreprise.<\/li>\n<li>Restez ind\u00e9tectable en espionnant vos employ\u00e9s<\/li>\n<\/ul>\n<\/div>\n<p style=\"text-align: justify;\">Les activit\u00e9s frauduleuses des employ\u00e9s peuvent occasionner beaucoup de pr\u00e9judices et jeter le discr\u00e9dit sur \u200b\u200bune entreprise. Donc, en tant que gestionnaire, vous devez vous pr\u00e9munir contre l\u2019apparition d\u2019une telle activit\u00e9 par une vigilance et une surveillance constante. Le maintien d\u2019un suivi en continu de l\u2019activit\u00e9 d\u2019un employ\u00e9 pourrait \u00eatre difficile m\u00eame pour un gestionnaire efficace. Vous pouvez mettre en place des incitatifs bas\u00e9s sur la performance pour se pr\u00e9munir contre l\u2019inefficacit\u00e9 mais ce ne sera toujours pas suffisant face aux risques associ\u00e9s aux fuites d\u2019informations de la part de l\u2019employ\u00e9. Si vous souhaitez conna\u00eetre exactement quelles informations sont l\u2019objet de fuites, vous devriez envisager l\u2019utilisation d\u2019un logiciel comme Spymaster Pro pour garder la main sur \u200b\u200bleurs communications.<\/p>\n<h2 style=\"text-align: justify;\">Conna\u00eetre les activit\u00e9s de votre employ\u00e9 gr\u00e2ce \u00e0 Spymaster Pro<\/h2>\n<p style=\"text-align: justify;\">Spymaster Pro vous aide \u00e0 suivre toutes les conversations entrantes et sortantes sur le t\u00e9l\u00e9phone portable de votre employ\u00e9 en temps r\u00e9el. Il y a une recherche et un d\u00e9veloppement constant pour am\u00e9liorer d\u2019autres attributs importants du logiciel comme le suivi en temps r\u00e9el de la personne \u00e0 l\u2019autre bout du fil. En ayant acc\u00e8s \u00e0 toutes ces informations, vous pouvez imm\u00e9diatement vous pr\u00e9munir contre la fuite d\u2019informations sensibles et prendre les mesures ad\u00e9quates. Une fois le logiciel install\u00e9, vous pouvez r\u00e9cup\u00e9rer les informations confortablement depuis votre PC \u00e0 la maison.<\/p>\n<h3 style=\"text-align: justify;\"><strong>Pourquoi opter pour Spymaster Pro?<\/strong><\/h3>\n<p style=\"text-align: justify;\">Spymaster Pro se distingue des autres logiciels d\u2019espionnage par le large \u00e9ventail de fonctionnalit\u00e9s disponibles pour l\u2019utilisateur. La simplicit\u00e9 et la facilit\u00e9 d\u2019utilisation de l\u2019interface utilisateur est \u00e9galement l\u2019une des principales raisons pour lesquelles ce logiciel est devenu favori chez les utilisateurs finaux.<\/p>\n<h3 style=\"text-align: justify;\"><strong>Fonctionnalit\u00e9s<\/strong><\/h3>\n<p style=\"text-align: justify;\"><!--<\/p>\n\n\n\n\n\n<h2>Call Tracking<\/h2>\n\n\nWith Spymaster Pro you can record the outgoing numbers, incoming numbers and exact call duration from your employee\u2019s phone. With this feature you can find out if your employee is interacting with someone from a competitive company or not.\n\n--><\/p>\n<h4 style=\"text-align: justify;\">Suivi SMS<\/h4>\n<p style=\"text-align: justify;\">Tout le journal des SMS du t\u00e9l\u00e9phone de votre employ\u00e9 vous sera accessible. M\u00eame apr\u00e8s la suppression \u00e0 partir du t\u00e9l\u00e9phone de l\u2019employ\u00e9, vous recevrez le journal des SMS avec leur contenu.<\/p>\n<h4 style=\"text-align: justify;\">Localisation GPS<\/h4>\n<p style=\"text-align: justify;\">Vous pouvez savoir exactement o\u00f9 votre salari\u00e9 se trouve en utilisant la localisation GPS. Cela pourrait \u00eatre tr\u00e8s utile pour suivre un agent commercial.<\/p>\n<h4 style=\"text-align: justify;\">Acc\u00e8s \u00e0 l\u2019annuaire<\/h4>\n<p style=\"text-align: justify;\">Acc\u00e9dez sans restriction aux annuaires des t\u00e9l\u00e9phones de vos employ\u00e9s pour savoir s\u2019ils sont en contact avec quelqu\u2019un qui pourrait se r\u00e9v\u00e9ler pr\u00e9judiciable pour votre entreprise.<\/p>\n<h4 style=\"text-align: justify;\">Suivi d\u2019email<\/h4>\n<p style=\"text-align: justify;\">Acc\u00e9dez au contenu de chaque message envoy\u00e9 depuis le t\u00e9l\u00e9phone de votre employ\u00e9. Les photos consult\u00e9es par votre employ\u00e9 seront enregistr\u00e9es dans un endroit s\u00fbr, d\u2019o\u00f9 vous pourrez les r\u00e9cup\u00e9rer en cas de besoin.<\/p>\n<div class=\"strip_space\" style=\"text-align: justify;\">\n<div class=\"col-xl-12 col-xs-12 col-sm-12 col-md-12 strip_txt text-xs-center bigtext-red\">Recevez le Spymaster base de \u20ac6.66 par mois<\/div>\n<div class=\"strip_btn feature_bottom text-xs-center hidden-sm-down\"><a class=\"blue_btn\" href=\"https:\/\/www.spymasterpro.com\/demo\/\">D\u00e9mo<\/a> <a class=\"white_btn demo_btn\" href=\"https:\/\/www.spymasterpro.com\/fr\/buynow\/\">OBTENEZ-LE ICI<\/a><\/div>\n<div class=\"strip_btn feature_bottom text-xs-center hidden-md-up\"><a class=\"blue_btn\" href=\"https:\/\/www.spymasterpro.com\/fr\/caracteristiques\/\">Caract\u00e9ristiques<\/a> <a class=\"white_btn demo_btn\" href=\"https:\/\/www.spymasterpro.com\/fr\/buynow\/\">Obtenez-Li Ici<\/a><\/div>\n<\/div>\n<h3 style=\"text-align: justify;\">Fonctionnalit\u00e9s additionnelles avec la version payante<\/h3>\n<h4 style=\"text-align: justify;\">Suivi WhatsApp<\/h4>\n<p style=\"text-align: justify;\">Gr\u00e2ce \u00e0 l\u2019aide de Spymaster Pro, vous pouvez lire les fils de conversation entiers de vos ados ou de votre conjoint fautif. Il permet \u00e9galement de consulter les photos partag\u00e9es et les vid\u00e9os avec leur date et heure.<\/p>\n<h4 style=\"text-align: justify;\">Suivi Facebook Messenger<\/h4>\n<p style=\"text-align: justify;\">Spymaster Pro vous permet de suivre toutes les conversations Facebook et enregistre les conversations de chat \u00e0 distance avec la date et l\u2019heure exacte.<\/p>\n<div class=\"strip_space\" style=\"text-align: justify;\">\n<div class=\"col-xl-12 col-xs-12 col-sm-12 col-md-12 strip_txt text-xs-center bigtext-red\">Recevez le Spymaster Pro de \u20ac8.33 par mois<\/div>\n<div class=\"strip_btn feature_bottom text-xs-center hidden-sm-down\"><a class=\"blue_btn\" href=\"https:\/\/www.spymasterpro.com\/fr\/comment-spymaster-pro-fonctionne-2\/\">Tour d\u2019horizon<\/a> <a class=\"white_btn demo_btn\" href=\"https:\/\/www.spymasterpro.com\/fr\/buynow\/\">OBTENEZ-LE ICI<\/a><\/div>\n<div class=\"strip_btn feature_bottom text-xs-center hidden-md-up\"><a class=\"blue_btn\" href=\"https:\/\/www.spymasterpro.com\/fr\/caracteristiques\/\">Caract\u00e9ristiques<\/a> <a class=\"white_btn demo_btn\" href=\"https:\/\/www.spymasterpro.com\/fr\/buynow\/\">Obtenez-Li Ici<\/a><\/div>\n<\/div>\n","protected":false},"excerpt":{"rendered":"<p>V\u00e9rifiez o\u00f9 vos employ\u00e9s vont et avec qui ils ont affaire avec l\u2019activation de la localisation GPS. Acc\u00e9dez \u00e0 toutes les communications envoy\u00e9es depuis le t\u00e9l\u00e9phone de votre employ\u00e9 de mani\u00e8re l\u00e9gale. Mesurez la productivit\u00e9 de vos employ\u00e9s par le suivi en temps r\u00e9el de leurs all\u00e9es et venues. Obtenez des preuves solides pour confronter &hellip; <a href=\"https:\/\/www.spymasterpro.com\/fr\/surveillance-des-employes\/\" class=\"more-link\">Continue reading<span class=\"screen-reader-text\"> &#8220;Surveillance Des Employ\u00e9s&#8221;<\/span><\/a><\/p>\n","protected":false},"author":1,"featured_media":0,"parent":0,"menu_order":0,"comment_status":"closed","ping_status":"closed","template":"","meta":{"_acf_changed":false,"footnotes":""},"class_list":["post-1111","page","type-page","status-publish","hentry"],"acf":[],"aioseo_notices":[],"_links":{"self":[{"href":"https:\/\/www.spymasterpro.com\/fr\/wp-json\/wp\/v2\/pages\/1111","targetHints":{"allow":["GET"]}}],"collection":[{"href":"https:\/\/www.spymasterpro.com\/fr\/wp-json\/wp\/v2\/pages"}],"about":[{"href":"https:\/\/www.spymasterpro.com\/fr\/wp-json\/wp\/v2\/types\/page"}],"author":[{"embeddable":true,"href":"https:\/\/www.spymasterpro.com\/fr\/wp-json\/wp\/v2\/users\/1"}],"replies":[{"embeddable":true,"href":"https:\/\/www.spymasterpro.com\/fr\/wp-json\/wp\/v2\/comments?post=1111"}],"version-history":[{"count":0,"href":"https:\/\/www.spymasterpro.com\/fr\/wp-json\/wp\/v2\/pages\/1111\/revisions"}],"wp:attachment":[{"href":"https:\/\/www.spymasterpro.com\/fr\/wp-json\/wp\/v2\/media?parent=1111"}],"curies":[{"name":"wp","href":"https:\/\/api.w.org\/{rel}","templated":true}]}}