{"id":1094,"date":"2016-01-21T11:05:30","date_gmt":"2016-01-21T11:05:30","guid":{"rendered":"https:\/\/www.spymasterpro.com\/fr\/?page_id=1094"},"modified":"2020-08-19T07:10:57","modified_gmt":"2020-08-19T07:10:57","slug":"suivi-gps","status":"publish","type":"page","link":"https:\/\/www.spymasterpro.com\/fr\/suivi-gps\/","title":{"rendered":"Suivi GPS"},"content":{"rendered":"<p style=\"text-align: justify;\"><img loading=\"lazy\" decoding=\"async\" class=\"wp-image-2307 size-full\" title=\"GPS t\u00e9l\u00e9phone suivre App\" src=\"https:\/\/www.spymasterpro.com\/fr\/wp-content\/uploads\/2017\/04\/gps12.png\" alt=\"GPS t\u00e9l\u00e9phone suivre App\" width=\"546\" height=\"285\" \/><\/p>\n<h2 style=\"text-align: justify;\">POINTS DE LOCALISATION<\/h2>\n<p style=\"text-align: justify;\">Spymaster Pro &#8211; Traqueur GPS, est capable de suivre le point exact de l&#8217;emplacement du t\u00e9l\u00e9phone cellulaire cible. De cette fa\u00e7on, vous pouvez voir les endroits qu&#8217;il \/ elle visite \u00e0 un moment particulier de la journ\u00e9e. L&#8217;utilisateur peut:-<\/p>\n<div class=\"spy-viber-it-change\" style=\"margin-bottom: 20px; text-align: justify;\">\n<ul>\n<li><strong>Afficher le point de localisation.<\/strong><\/li>\n<li><strong>Obtenir des itin\u00e9raires \u00e0 cet endroit.<\/strong><\/li>\n<\/ul>\n<\/div>\n<h3 style=\"text-align: justify;\"><strong>Pourquoi en avez-vous besoin?<\/strong><\/h3>\n<p style=\"text-align: justify;\">Cette <a href=\"https:\/\/www.spymasterpro.com\/fr\/caracteristiques\/\" target=\"_blank\" rel=\"noopener noreferrer\"><strong>fonctionnalit\u00e9 de Spymaster Pro<\/strong><\/a> vous sauvera en particulier dans les cas o\u00f9 votre adolescent n&#8217;a pas \u00e9t\u00e9 en mesure de vous contacter et que vous voulez savoir o\u00f9 l&#8217;enfant se trouve. Il vous aide \u00e9galement \u00e0 garder un oeil sur vos employ\u00e9s, notamment lorsque vous savez qu&#8217;ils s\u2019absentent pendant les heures de bureau. Par cons\u00e9quent, si vous avez Spymaster Pro install\u00e9 sur les t\u00e9l\u00e9phones cellulaires que vous souhaitez suivre, alors vous pouvez facilement conna\u00eetre leur position GPS \u00e0 l&#8217;aide de cette fonctionnalit\u00e9!<\/p>\n<h3><strong>V\u00e9rifiez L&#8217;emplacement<\/strong><\/h3>\n<p style=\"text-align: justify;\">Spymaster Pro marque tous les emplacements du t\u00e9l\u00e9phone cellulaire surveill\u00e9 sur une carte, ce qui facilite la compr\u00e9hension sans se risqu\u00e9 d\u2019erreur. Tous les endroits sont pr\u00e9cis\u00e9ment \u00e9pingl\u00e9s sur la carte de l\u2019utilisateur. Vous pouvez:-<\/p>\n<div class=\"spy-viber-it-change\" style=\"margin-bottom: 20px; text-align: justify;\">\n<ul>\n<li><strong>Voir les informations pr\u00e9cises de l&#8217;emplacement.<\/strong><\/li>\n<li><strong>Voir les d\u00e9tails de l&#8217;heure et de la date.<\/strong><\/li>\n<\/ul>\n<\/div>\n<h3 style=\"text-align: justify;\"><strong>Pourquoi en avez-vous besoin?<\/strong><\/h3>\n<p style=\"text-align: justify;\">Ne vous laissez pas berner par les mensonges constants sur l&#8217;emplacement de votre conjoint! Ne mettez plus votre entreprise en danger en pensant \u00e0 tort que vos travailleurs sont sur le terrain. Profitez de cet avantage en utilisant le logiciel de suivi GPS Spymaster Pro pour conna\u00eetre tous les lieux o\u00f9 ils se rendent.<\/p>\n<div class=\"col-xl-12 col-xs-12 col-sm-12 col-md-12 strip_txt text-xs-center bigtext-red\" style=\"text-align: justify;\">Prix \u200b\u200b\u00e0 partir de 6.66 $ seulement \/ mois<\/div>\n<div class=\"strip_btn feature_bottom text-xs-center\" style=\"text-align: justify;\"><a class=\"hidden-sm-down blue_btn\" href=\"https:\/\/www.spymasterpro.com\/demo\/\"> D\u00e9mo<\/a> <a class=\"hidden-sm-down white_btn demo_btn\" href=\"https:\/\/www.spymasterpro.com\/fr\/buynow\">OBTENEZ-LE ICI<\/a> <a class=\"white_btn demo_btn hidden-md-up\" href=\"https:\/\/www.spymasterpro.com\/fr\/caracteristiques\/\">fonctionnalit\u00e9s<\/a> <a class=\"white_btn demo_btn hidden-md-up\" href=\"https:\/\/www.spymasterpro.com\/fr\/buynow\">Acheter maintenant<\/a><\/div>\n<p style=\"text-align: justify;\">\n","protected":false},"excerpt":{"rendered":"<p>POINTS DE LOCALISATION Spymaster Pro &#8211; Traqueur GPS, est capable de suivre le point exact de l&#8217;emplacement du t\u00e9l\u00e9phone cellulaire cible. De cette fa\u00e7on, vous pouvez voir les endroits qu&#8217;il \/ elle visite \u00e0 un moment particulier de la journ\u00e9e. L&#8217;utilisateur peut:- Afficher le point de localisation. Obtenir des itin\u00e9raires \u00e0 cet endroit. Pourquoi en &hellip; <a href=\"https:\/\/www.spymasterpro.com\/fr\/suivi-gps\/\" class=\"more-link\">Continue reading<span class=\"screen-reader-text\"> &#8220;Suivi GPS&#8221;<\/span><\/a><\/p>\n","protected":false},"author":1,"featured_media":0,"parent":0,"menu_order":0,"comment_status":"closed","ping_status":"closed","template":"","meta":{"_acf_changed":false,"footnotes":""},"class_list":["post-1094","page","type-page","status-publish","hentry"],"acf":[],"aioseo_notices":[],"_links":{"self":[{"href":"https:\/\/www.spymasterpro.com\/fr\/wp-json\/wp\/v2\/pages\/1094","targetHints":{"allow":["GET"]}}],"collection":[{"href":"https:\/\/www.spymasterpro.com\/fr\/wp-json\/wp\/v2\/pages"}],"about":[{"href":"https:\/\/www.spymasterpro.com\/fr\/wp-json\/wp\/v2\/types\/page"}],"author":[{"embeddable":true,"href":"https:\/\/www.spymasterpro.com\/fr\/wp-json\/wp\/v2\/users\/1"}],"replies":[{"embeddable":true,"href":"https:\/\/www.spymasterpro.com\/fr\/wp-json\/wp\/v2\/comments?post=1094"}],"version-history":[{"count":0,"href":"https:\/\/www.spymasterpro.com\/fr\/wp-json\/wp\/v2\/pages\/1094\/revisions"}],"wp:attachment":[{"href":"https:\/\/www.spymasterpro.com\/fr\/wp-json\/wp\/v2\/media?parent=1094"}],"curies":[{"name":"wp","href":"https:\/\/api.w.org\/{rel}","templated":true}]}}