{"id":1054,"date":"2016-01-06T12:27:26","date_gmt":"2016-01-06T12:27:26","guid":{"rendered":"https:\/\/www.spymasterpro.com\/fr\/?page_id=1054"},"modified":"2019-05-27T06:04:52","modified_gmt":"2019-05-27T06:04:52","slug":"georeperage","status":"publish","type":"page","link":"https:\/\/www.spymasterpro.com\/fr\/georeperage\/","title":{"rendered":"GEOREPERAGE"},"content":{"rendered":"<p>Le g\u00e9orep\u00e9rage vous permet de mettre une barri\u00e8re virtuelle autour du dispositif cible de sorte\u00a0que lorsqu\u2019il se trouve hors de la zone limite d\u00e9finie, vous recevez une notification. Vous pouvez fixer 5 emplacements avec zone de rayon 500 m comme 5 fronti\u00e8res diff\u00e9rentes pour localiser \u00a0le t\u00e9l\u00e9phone cible.<\/p>\n<p><img loading=\"lazy\" decoding=\"async\" class=\"alignnone wp-image-1479 size-full\" src=\"https:\/\/www.spymasterpro.com\/fr\/wp-content\/uploads\/2017\/04\/gps12.png\" alt=\"\" width=\"546\" height=\"285\" srcset=\"https:\/\/www.spymasterpro.com\/fr\/wp-content\/uploads\/2017\/04\/gps12.png 546w, https:\/\/www.spymasterpro.com\/fr\/wp-content\/uploads\/2017\/04\/gps12-300x157.png 300w\" sizes=\"auto, (max-width: 546px) 85vw, 546px\" \/><\/p>\n<h4><strong>Caract\u00e9ristiques<\/strong><\/h4>\n<div class=\"spy-viber-it-change\">\n<ul>\n<li>R\u00e9gler cinq emplacements d\u00e9finis pour le t\u00e9l\u00e9phone cible<\/li>\n<li>Permettre au dispositif de localiser \u00e0 l\u2019int\u00e9rieur d\u2019une zone de rayon 500 m autour de\u00a0l\u2019emplacement d\u00e9fini<\/li>\n<li>\u00eatre inform\u00e9 d\u00e8s que l&#8217;appareil sort de la zone autoris\u00e9e<\/li>\n<li>Le rooting n\u2019est pas n\u00e9cessaire<\/li>\n<li>Utilisation s\u00e9curitaire<\/li>\n<li>Utilis\u00e9 comme outil de protection<\/li>\n<\/ul>\n<\/div>\n<h4><strong>Pourquoi cette fonctionnalit\u00e9?\u00a0<\/strong><\/h4>\n<p>Cette fonction vous permet de surveiller les mouvements de l&#8217;utilisateur cible. Elle permet de suivre les all\u00e9es et venues de vos enfants et faire en sorte qu&#8217;ils ne p\u00e9n\u00e8trent pas dans des zones dangereuses. Elle contribue \u00e9galement \u00e0 v\u00e9rifier si un employ\u00e9 commet une infraction. Cette fonction vous avertit imm\u00e9diatement si le dispositif cible sort de la zone autoris\u00e9e vous permettant ainsi de prendre des mesures en temps opportun. C\u2019est un outil de protection pour assurer la s\u00e9curit\u00e9.<\/p>\n<div class=\"bigtext-red\">Recevez le Spymaster base de 6.66 $ par mois<\/div>\n<div class=\"big-button\"><a class=\"blue_btnandroid\" href=\"https:\/\/www.spymasterpro.com\/fr\/obtenez-li-ici\/\">Obtenez-Li Ici<\/a><\/div>\n<p><script type=\"application\/ld+json\">\n{\n  \"@context\": \"https:\/\/schema.org\/\",\n  \"@type\": \"Brand\",\n  \"name\": \"georeperage\",\n  \"url\": \"https:\/\/www.spymasterpro.com\/fr\/georeperage\/\",\n  \"AggregateRating\": {\n    \"@type\": \"AggregateRating\",\n    \"ratingValue\": \"4.9\",\n    \"bestRating\": \"5\",\n    \"worstRating\": \"1\",\n    \"ratingCount\": \"4800\"\n  }\n}\n<\/script><\/p>\n","protected":false},"excerpt":{"rendered":"<p>Le g\u00e9orep\u00e9rage vous permet de mettre une barri\u00e8re virtuelle autour du dispositif cible de sorte\u00a0que lorsqu\u2019il se trouve hors de la zone limite d\u00e9finie, vous recevez une notification. Vous pouvez fixer 5 emplacements avec zone de rayon 500 m comme 5 fronti\u00e8res diff\u00e9rentes pour localiser \u00a0le t\u00e9l\u00e9phone cible. Caract\u00e9ristiques R\u00e9gler cinq emplacements d\u00e9finis pour le &hellip; <a href=\"https:\/\/www.spymasterpro.com\/fr\/georeperage\/\" class=\"more-link\">Continue reading<span class=\"screen-reader-text\"> &#8220;GEOREPERAGE&#8221;<\/span><\/a><\/p>\n","protected":false},"author":1,"featured_media":0,"parent":0,"menu_order":0,"comment_status":"closed","ping_status":"closed","template":"","meta":{"_acf_changed":false,"footnotes":""},"class_list":["post-1054","page","type-page","status-publish","hentry"],"acf":[],"aioseo_notices":[],"_links":{"self":[{"href":"https:\/\/www.spymasterpro.com\/fr\/wp-json\/wp\/v2\/pages\/1054","targetHints":{"allow":["GET"]}}],"collection":[{"href":"https:\/\/www.spymasterpro.com\/fr\/wp-json\/wp\/v2\/pages"}],"about":[{"href":"https:\/\/www.spymasterpro.com\/fr\/wp-json\/wp\/v2\/types\/page"}],"author":[{"embeddable":true,"href":"https:\/\/www.spymasterpro.com\/fr\/wp-json\/wp\/v2\/users\/1"}],"replies":[{"embeddable":true,"href":"https:\/\/www.spymasterpro.com\/fr\/wp-json\/wp\/v2\/comments?post=1054"}],"version-history":[{"count":0,"href":"https:\/\/www.spymasterpro.com\/fr\/wp-json\/wp\/v2\/pages\/1054\/revisions"}],"wp:attachment":[{"href":"https:\/\/www.spymasterpro.com\/fr\/wp-json\/wp\/v2\/media?parent=1054"}],"curies":[{"name":"wp","href":"https:\/\/api.w.org\/{rel}","templated":true}]}}