{"id":960,"date":"2017-03-01T05:55:51","date_gmt":"2017-03-01T05:55:51","guid":{"rendered":"https:\/\/www.spymasterpro.com\/es\/?page_id=960"},"modified":"2020-03-07T11:22:10","modified_gmt":"2020-03-07T11:22:10","slug":"tour-rapido","status":"publish","type":"page","link":"https:\/\/www.spymasterpro.com\/es\/tour-rapido\/","title":{"rendered":"Tour R\u00e1pido"},"content":{"rendered":"<section id=\"qick_tour_banner\">\r\n<div class=\"container\">\r\n<div class=\"row\">\r\n<div class=\"col-xl-8 col-lg-8 col-md-8 col-sm-12 iphone_right_point text-xs-center\">\r\n<h4>C\u00d3MO FUNCIONA<\/h4>\r\n<img decoding=\"async\" src=\"..\/wp-content\/uploads\/2017\/02\/points_img.png\" alt=\"point_img\" \/>\r\n<h6>** No se necesita instalar en el iPhone<\/h6>\r\n<\/div>\r\n<div class=\"col-xl-4 col-lg-4 col-md-4 hidden-sm-down iphone_left_img text-xs-center\"><img loading=\"lazy\" decoding=\"async\" class=\"alignnone\" title=\"como spymaster pro trabajos\" src=\"..\/wp-content\/uploads\/2017\/02\/quik_side_img.png\" alt=\"como spymaster pro trabajos\" width=\"284\" height=\"353\" \/><\/div>\r\n<\/div>\r\n<\/div>\r\n<\/section><section id=\"quick_works\">\r\n<div class=\"container\">\r\n<div class=\"row\">\r\n<div class=\"col-xs-12 text-xs-center iphone_wrk\">\r\n<h3 style=\"text-align: center;\">\u00bfComo funciona SPYMASTER PRO en el IPHONE?<\/h3>\r\n<p style=\"text-align: center;\">Quieres realizar el seguimiento de cualquier iPhone, en secreto sin da\u00f1ar su relaci\u00f3n? Est\u00e1s en el lugar correcto. Mantener un ojo encima de la persona sospechosa no siempre es posible. Pero, si lo necesita, entonces tiene que encontrar una soluci\u00f3n f\u00e1cil y r\u00e1pida. La t\u00e9cnica inteligente es utilizar el moderno software esp\u00eda para el <span style=\"color: #00ccff;\"><strong><a style=\"color: #00ccff;\" href=\"https:\/\/www.spymasterpro.com\/es\/espia-iphone\/\">seguimiento de iPhone<\/a><\/strong>.<\/span> Espiar a alguien en secreto, sin tocar su iPhone. No requiere instalaci\u00f3n o jailbreak.<\/p>\r\n\r\n<\/div>\r\n<div class=\"col-xl-4 col-lg-4 col-md-4 col-sm-4 col-xs-12 text-xs-center\">\r\n<div class=\"box_part\">\r\n<h5>Compre Spymaster Pro<\/h5>\r\nEn el Software de Monitorizaci\u00f3n de tel\u00e9fonos m\u00f3viles haga clic en el bot\u00f3n Comprar ahora o en la misma p\u00e1gina en Comprar ahora, en cualquier parte de nuestro Sitio Web. Env\u00ede sus datos. Despu\u00e9s de rellenar los datos requeridos al pasar por caja.\r\n\r\n<\/div>\r\n<\/div>\r\n<div class=\"col-xl-4 col-lg-4 col-md-4 col-sm-4 col-xs-12 text-xs-center\">\r\n<div class=\"box_part\">\r\n<h5>Utilice las credenciales iCloud<\/h5>\r\nNo necesita instalar el software en el iPhone para espiar. Simplemente utilice las credenciales iCloud del iPhone deseado cuando sea requerido durante el proceso de instalaci\u00f3n. Siga las caracter\u00edsticas de forma cuidados, que le enviaremos a su email.\r\n\r\n<\/div>\r\n<\/div>\r\n<div class=\"col-xl-4 col-lg-4 col-md-4 col-sm-4 col-xs-12 text-xs-center\">\r\n<div class=\"box_part\">\r\n<h5>Comience a Monitorizar!!<\/h5>\r\nInicie sesi\u00f3n en el panel de Control de su Spymaster Pro, utilizando los detalles de acceso que le hemos enviado a su email. Comience a monitorizar y supervisar a sus seres queridos. Proteja su familia y negocio de forma remota.\r\n\r\n<\/div>\r\n<\/div>\r\n<div class=\"col-xl-12 col-xs-12 col-sm-12 col-md-12 strip_btn spy_btn feature_bottom text-xs-center\"><a class=\"blue_btn\" href=\"https:\/\/www.spymasterpro.com\/es\/espion-iphone-sans-jailbreak\/\">Esp\u00eda iPhone<\/a> <a class=\"white_btn demo_btn\" href=\"https:\/\/www.spymasterpro.com\/es\/buynow\/\">CONSIGALO AQU\u00cd<\/a><\/div>\r\n<\/div>\r\n<\/div>\r\n<\/section><section id=\"quick_content\">\r\n<div class=\"container\">\r\n<div class=\"row\">\r\n<div class=\"col-xl-12 text-xs-center\">\r\n<h3>Inicia sesi\u00f3n para spymaster Pro como esto:<\/h3>\r\n<div id=\"myCarousel\" class=\"carousel slide\">\r\n<div class=\"carousel-inner\">\r\n<div class=\"carousel-item active\">\r\n<div class=\"col-md-10 offset-md-1 text-xs-center\"><img loading=\"lazy\" decoding=\"async\" class=\"alignnone\" title=\"Inicia sesi\u00f3n en Spymaster Pro\" src=\"..\/wp-content\/uploads\/2017\/02\/pc_img1.png\" alt=\"Inicia sesi\u00f3n en Spymaster Pro\" width=\"835\" height=\"485\" \/><\/div>\r\n<div class=\"col-xs-12 silder_txt text-xs-center\">Para tener todos los datos de seguimiento, Conexi\u00f3n Nombre de usuario y contrase\u00f1as .A continuaci\u00f3n Haga clic<a href=\"https:\/\/www.spymasterpro.com\/main_admin\/login.php\"><strong>Login<\/strong><\/a>.<\/div>\r\n<\/div>\r\n<div class=\"carousel-item\">\r\n<div class=\"col-md-10 offset-md-1 text-xs-center\"><img decoding=\"async\" src=\"..\/wp-content\/uploads\/2017\/02\/pc_img2.png\" \/><\/div>\r\n<div class=\"col-xs-12 silder_txt text-xs-center\">\r\n<h3>Panel de Control<\/h3>\r\nTodas las pesta\u00f1as como registro de SMS, correos electr\u00f3nicos, agenda telef\u00f3nica, ubicaci\u00f3n geogr\u00e1fica, seguimiento de la URL, seguimiento de fotograf\u00edas y registros de llamadas est\u00e1n disponibles en el Panel de Control. Cada pesta\u00f1a muestra los datos de seguimiento que se subieron desde el tel\u00e9fono de destino en tiempo real en relaci\u00f3n con las funciones ofrecidas.\r\n\r\n<\/div>\r\n<\/div>\r\n<div class=\"carousel-item\">\r\n<div class=\"col-md-10 offset-md-1 text-xs-center\"><img decoding=\"async\" src=\"..\/wp-content\/uploads\/2017\/02\/pc_img3.png\" \/><\/div>\r\n<div class=\"col-xs-12 silder_txt text-xs-center\">\r\n<h3>Registro de Llamadas<\/h3>\r\nAl hacer clic en el registro de llamadas, los registros de llamadas se mostrar\u00e1n con cada nombre de contacto, al tiempo que incluir\u00e1n otros detalles.\r\n\r\n<\/div>\r\n<\/div>\r\n<div class=\"carousel-item\">\r\n<div class=\"col-md-10 offset-md-1 text-xs-center\"><img decoding=\"async\" src=\"..\/wp-content\/uploads\/2017\/02\/pc_img4.png\" \/><\/div>\r\n<div class=\"col-xs-12 silder_txt text-xs-center\">\r\n<h3>Registro de SMS<\/h3>\r\nLos registros de SMS se muestran haciendo clic en la pesta\u00f1a correspondiente. Ser\u00e1 seguido por todos los detalles junto con el texto intercambiado incluso si intent\u00f3 ser suprimido por el usuario.\r\n\r\n<\/div>\r\n<\/div>\r\n<div class=\"carousel-item\">\r\n<div class=\"col-md-10 offset-md-1 text-xs-center\"><img loading=\"lazy\" decoding=\"async\" class=\"alignnone\" title=\"Whatsapp-Seguimiento\" src=\"..\/wp-content\/uploads\/2017\/02\/pc_img5.png\" alt=\"Whatsapp-Seguimiento\" width=\"835\" height=\"485\" \/><\/div>\r\n<div class=\"col-xs-12 silder_txt text-xs-center\">\r\n<h3>WhatsApp<\/h3>\r\nSpymaster Pro sigue todas las conversaciones de chat de WhatsApp tanto mensajes de texto entrantes y salientes, im\u00e1genes y v\u00eddeos compartidos con el nombre de la persona y el n\u00famero de tel\u00e9fono m\u00f3vil, incluida la fecha.\r\n\r\n<\/div>\r\n<\/div>\r\n<div class=\"carousel-item\">\r\n<div class=\"col-md-10 offset-md-1 text-xs-center\"><img decoding=\"async\" src=\"..\/wp-content\/uploads\/2017\/02\/pc_img6.png\" \/><\/div>\r\n<div class=\"col-xs-12 silder_txt text-xs-center\">\r\n<h3>Reistro de Emails<\/h3>\r\nLos correos electr\u00f3nicos se muestran en detalles de formato inteligente con caracter\u00edsticas como fecha, hora, nombre, tema junto con el contenido incluido los adjuntos al correo, si lo hay.\r\n\r\n<\/div>\r\n<\/div>\r\n<div class=\"carousel-item\">\r\n<div class=\"col-md-10 offset-md-1 text-xs-center\"><img decoding=\"async\" src=\"..\/wp-content\/uploads\/2017\/02\/pc_img7.png\" \/><\/div>\r\n<div class=\"col-xs-12 silder_txt text-xs-center\">\r\n<h3>Contactos<\/h3>\r\nTodos los contactos presentes en la &#8220;Lista de Contactos&#8221; se ponen al descubierto con cada detalle individual relacionado con los mismos, adem\u00e1s de todos los n\u00fameros adicionales ubicados en el tel\u00e9fono de destino.\r\n\r\n<\/div>\r\n<\/div>\r\n<div class=\"carousel-item\">\r\n<div class=\"col-md-10 offset-md-1 text-xs-center\"><img decoding=\"async\" src=\"..\/wp-content\/uploads\/2017\/02\/pc_img8.png\" \/><\/div>\r\n<div class=\"col-xs-12 silder_txt text-xs-center\">\r\n<h3>Historial URL<\/h3>\r\nNo se preocupe acerca de la p\u00e9rdida del historial . Cada detalle individual de la navegaci\u00f3n realizada a trav\u00e9s del tel\u00e9fono llegar\u00e1 a la cuenta junto con el n\u00famero de visitas y registro de fecha.\r\n\r\n<\/div>\r\n<\/div>\r\n<div class=\"carousel-item\">\r\n<div class=\"col-md-10 offset-md-1 text-xs-center\"><img decoding=\"async\" src=\"..\/wp-content\/uploads\/2017\/02\/pc_img9.png\" \/><\/div>\r\n<div class=\"col-xs-12 silder_txt text-xs-center\">\r\n<h3>Fotos<\/h3>\r\nLa foto de cualquier tama\u00f1o o formato intercambiada a trav\u00e9s del tel\u00e9fono llegar\u00e1 en forma de datos que estar\u00e1n disponibles para usted.\r\n\r\n<\/div>\r\n<\/div>\r\n<div class=\"carousel-item\">\r\n<div class=\"col-md-10 offset-md-1 text-xs-center\"><img loading=\"lazy\" decoding=\"async\" class=\"alignnone\" title=\"GPS Seguimiento\" src=\"..\/wp-content\/uploads\/2017\/02\/pc_img10.png\" alt=\"GPS Seguimiento\" width=\"835\" height=\"485\" \/><\/div>\r\n<div class=\"col-xs-12 silder_txt text-xs-center\">\r\n<h3>Geolocalizaci\u00f3n y Geo Seguimiento<\/h3>\r\nTodas las direcciones de los lugares y el historial de ubicaciones donde se llev\u00f3 el tel\u00e9fono estar\u00e1 disponible a trav\u00e9s de la funci\u00f3n GPS que se encuentra en Spymaster Pro. Tambi\u00e9n puede encontrar la ubicaci\u00f3n en tiempo real o actual.\r\n\r\n<\/div>\r\n<\/div>\r\n<div class=\"carousel-item\">\r\n<div class=\"col-md-10 offset-md-1 text-xs-center\"><img loading=\"lazy\" decoding=\"async\" class=\"alignnone\" title=\"seguimiento de Facebook\" src=\"..\/wp-content\/uploads\/2017\/02\/pc_img11.png\" alt=\"seguimiento de Facebook\" width=\"835\" height=\"485\" \/><\/div>\r\n<div class=\"col-xs-12 silder_txt text-xs-center\">\r\n<h3>Facebook<\/h3>\r\nSi su hijo es adicto a Facebook y desea detenerlo, entonces no hay necesidad de preocuparse, Ahora Spymaster Pro tambi\u00e9n realiza seguimiento de Facebook en el tel\u00e9fono m\u00f3vil con todos los detalles.\r\n\r\n<\/div>\r\n<\/div>\r\n<\/div>\r\n<a class=\"left carousel-control text-xs-left\" href=\"#myCarousel\" data-slide=\"prev\"><i class=\"fa fa-angle-left\"><!--tr--><\/i><\/a>\r\n<a class=\"right carousel-control text-xs-right\" href=\"#myCarousel\" data-slide=\"next\"><i class=\"fa fa-angle-right\"><!--tr--><\/i><\/a>\r\n\r\n<\/div>\r\n<div class=\"quick_customer\">\r\n<h3>Atenci\u00f3n al cliente<\/h3>\r\nPara cualquier consulta nos puede enviar por correo electr\u00f3nico en<strong>support@spymasterpro.com<\/strong>.\r\n<img decoding=\"async\" src=\"..\/wp-content\/uploads\/2017\/02\/ios_icon_img.jpg\" \/>\r\n\r\n<\/div>\r\n<\/div>\r\n<\/div>\r\n<\/div>\r\n<\/section><section id=\"quick_works\">\r\n<div class=\"container\">\r\n<div class=\"row\">\r\n<div class=\"col-xs-12 text-xs-center iphone_wrk\">\r\n<h3>\u00bfComo Funciona SPYMASTER PRO WORKS en ANDROID?<\/h3>\r\n<p style=\"text-align: center;\">Ahora, es bastante f\u00e1cil <strong><a href=\"https:\/\/www.spymasterpro.com\/es\/android-espia\/\"><span style=\"color: #00ccff;\">rastrear tel\u00e9fono android<\/span><\/a><\/strong> en secreto. M\u00e1s f\u00e1cil, m\u00e1s seguro y m\u00e1s r\u00e1pido. No hay necesidad de espiar en el tel\u00e9fono de la persona sospechosa. Obtenga la aplicaci\u00f3n de rastreo m\u00e1s moderna y realice un seguimiento de sus actividades de forma remota. Puede mirar en todo el contenido del tel\u00e9fono Android con un solo clic, mediante las caracter\u00edsticas exclusivas asociadas con este<strong> <a href=\"https:\/\/www.spymasterpro.com\/es\/\">m\u00f3vil software de monitoreo<\/a><\/strong>. Obtenga el software, si\u00e9ntese y rel\u00e1jese. Se le ofrece el 100% de informaci\u00f3n fiable.<\/p>\r\n\r\n<\/div>\r\n<div class=\"col-xl-4 col-lg-4 col-md-4 col-sm-4 col-xs-12 text-xs-center\">\r\n<div class=\"box_part\">\r\n<h5>Compre Spymaster Pro<\/h5>\r\nEn el Software de Monitorizaci\u00f3n de tel\u00e9fonos m\u00f3viles haga clic en el bot\u00f3n Comprar ahora o en la misma p\u00e1gina en Comprar ahora. Introduzca sus datos. Despu\u00e9s de rellenar los datos requeridos, proceda a pasar por caja.\r\n\r\n<\/div>\r\n<\/div>\r\n<div class=\"col-xl-4 col-lg-4 col-md-4 col-sm-4 col-xs-12 text-xs-center\">\r\n<div class=\"box_part\">\r\n<h5>Instale el software<\/h5>\r\nDescargue e instale el software en el tel\u00e9fono deseado. Siga las instrucciones, enviadas a su email, de forma cuidadosa.\r\n\r\n<\/div>\r\n<\/div>\r\n<div class=\"col-xl-4 col-lg-4 col-md-4 col-sm-4 col-xs-12 text-xs-center\">\r\n<div class=\"box_part\">\r\n<h5>Comience a Monitorizar!!<\/h5>\r\nInicie sesi\u00f3n en el panel de Control de su Spymaster Pro, utilizando los detalles de acceso que le hemos enviado a su email. Comience a monitorizar y supervisar a sus seres queridos. Proteja su familia y negocio de forma remota.\r\n\r\n<\/div>\r\n<\/div>\r\n<div class=\"col-xl-12 col-xs-12 col-sm-12 col-md-12 strip_btn spy_btn feature_bottom text-xs-center\"><a class=\"blue_btn\" href=\"https:\/\/www.spymasterpro.com\/es\/espion-android\/\">Android Espia<\/a> <a class=\"white_btn demo_btn\" href=\"https:\/\/www.spymasterpro.com\/es\/buynow\/\">CONSIGALO AQU\u00cd<\/a><\/div>\r\n<\/div>\r\n<\/div>\r\n<\/section>","protected":false},"excerpt":{"rendered":"<p>C\u00d3MO FUNCIONA ** No se necesita instalar en el iPhone \u00bfComo funciona SPYMASTER PRO en el IPHONE? Quieres realizar el seguimiento de cualquier iPhone, en secreto sin da\u00f1ar su relaci\u00f3n? Est\u00e1s en el lugar correcto. Mantener un ojo encima de la persona sospechosa no siempre es posible. Pero, si lo necesita, entonces tiene que encontrar &hellip; <a href=\"https:\/\/www.spymasterpro.com\/es\/tour-rapido\/\" class=\"more-link\">Continue reading<span class=\"screen-reader-text\"> &#8220;Tour R\u00e1pido&#8221;<\/span><\/a><\/p>\n","protected":false},"author":1,"featured_media":0,"parent":0,"menu_order":0,"comment_status":"closed","ping_status":"closed","template":"page-full.php","meta":{"_acf_changed":false,"footnotes":""},"class_list":["post-960","page","type-page","status-publish","hentry"],"acf":[],"aioseo_notices":[],"_links":{"self":[{"href":"https:\/\/www.spymasterpro.com\/es\/wp-json\/wp\/v2\/pages\/960","targetHints":{"allow":["GET"]}}],"collection":[{"href":"https:\/\/www.spymasterpro.com\/es\/wp-json\/wp\/v2\/pages"}],"about":[{"href":"https:\/\/www.spymasterpro.com\/es\/wp-json\/wp\/v2\/types\/page"}],"author":[{"embeddable":true,"href":"https:\/\/www.spymasterpro.com\/es\/wp-json\/wp\/v2\/users\/1"}],"replies":[{"embeddable":true,"href":"https:\/\/www.spymasterpro.com\/es\/wp-json\/wp\/v2\/comments?post=960"}],"version-history":[{"count":0,"href":"https:\/\/www.spymasterpro.com\/es\/wp-json\/wp\/v2\/pages\/960\/revisions"}],"wp:attachment":[{"href":"https:\/\/www.spymasterpro.com\/es\/wp-json\/wp\/v2\/media?parent=960"}],"curies":[{"name":"wp","href":"https:\/\/api.w.org\/{rel}","templated":true}]}}