{"id":860,"date":"2016-08-03T11:18:30","date_gmt":"2016-08-03T11:18:30","guid":{"rendered":"https:\/\/www.spymasterpro.com\/es\/?page_id=860"},"modified":"2023-03-09T10:43:33","modified_gmt":"2023-03-09T10:43:33","slug":"seguro-de-usar","status":"publish","type":"page","link":"https:\/\/www.spymasterpro.com\/es\/seguro-de-usar\/","title":{"rendered":"Seguro de Usar"},"content":{"rendered":"<section id=\"inner_banner\">\r\n<div class=\"container\">\r\n<div class=\"row\">\r\n<div class=\"col-lg-6 col-md-6 col-sm-6 col-xs-7 text-xs-center spy_banner_txt\">\r\n<h2>SEGURO DE USAR<\/h2>\r\n<h1>100% <br>Seguridad garantizada<\/h1>\r\n<\/div>\r\n<div class=\"col-lg-6 col-md-6 col-sm-6 col-xs-5 \">\r\n<img decoding=\"async\" src=\"..\/wp-content\/uploads\/2017\/02\/spy_use_banner.png\" alt=\"banner img\">\r\n<\/div>\r\n<\/div>\r\n<\/div>\r\n<\/section>\r\n<!-- inner banner section end --> \r\n\r\n<!-- spy text part start -->\r\n<section id=\"about_content\">\r\n<div class=\"container\">\r\n<div class=\"row\">\r\n<div class=\"col-lg-9 col-md-9 col-sm-9 col-xs-9 about_para\">\r\n<h5><img decoding=\"async\" src=\"..\/wp-content\/uploads\/2017\/02\/safe_icon.png\" alt=\"icon1\">Ning\u00fan icono ser\u00e1 mostrado en el tel\u00e9fono<\/h5>\r\n<p>Este software est\u00e1 dise\u00f1ado inteligentemente por expertos que lo han dise\u00f1ado de forma invisible. Hace su trabajo en modo oculto, los usuarios nunca llegan a saber acerca de su existencia en su tel\u00e9fono.<\/p>\r\n<\/div>\r\n<div class=\"col-lg-3 col-md-3 col-sm-3 col-xs-3 about_img\">\r\n<img decoding=\"async\" src=\"..\/wp-content\/uploads\/2017\/02\/side_img1.png\" alt=\"img\">\r\n<\/div>\r\n<div class=\"col-lg-3 col-md-3 col-sm-3 col-xs-3 about_img2\">\r\n<img decoding=\"async\" src=\"..\/wp-content\/uploads\/2017\/02\/side_img2.png\" alt=\"img\">\r\n<\/div>\r\n<div class=\"col-lg-9 col-md-9 col-sm-9 col-xs-9 about_para\">\r\n<h5><img decoding=\"async\" src=\"..\/wp-content\/uploads\/2017\/02\/safe_icon2.png\" alt=\"icon1\">El usuario no lo sabr\u00e1 hasta que se lo diga<\/h5>\r\n<p>El usuario nunca sabr\u00e1 que alguien le est\u00e1 espiando en secreto.<\/p>\r\n<\/div>\r\n<div class=\"col-lg-9 col-md-9 col-sm-9 col-xs-9 about_para\">\r\n<h5><img decoding=\"async\" src=\"..\/wp-content\/uploads\/2017\/02\/safe_icon3.png\" alt=\"icon1\">El Software trabaja en modo oculto<\/h5>\r\n<p>Este software realiza de forma silenciosa copias de cada detalle del tel\u00e9fono deseado y son enviadas a su panel de control. Puede iniciar sesi\u00f3n en cualquier momento a su cuenta de Spymaster Pro y se puede ver todo lo que ha hecho la persona deseada.<\/p>\r\n<\/div>\r\n<div class=\"col-lg-3 col-md-3 col-sm-3 col-xs-3 about_img\">\r\n<img decoding=\"async\" src=\"..\/wp-content\/uploads\/2017\/02\/side_img3.png\" alt=\"img\">\r\n<\/div>\r\n<div class=\"col-lg-3 col-md-3 col-sm-3 col-xs-3 about_img2\">\r\n<img decoding=\"async\" src=\"..\/wp-content\/uploads\/2017\/02\/side_img4.png\" alt=\"img\">\r\n<\/div>\r\n<div class=\"col-lg-9 col-md-9 col-sm-9 col-xs-9 about_para\">\r\n<h5><img decoding=\"async\" src=\"..\/wp-content\/uploads\/2017\/02\/safe_icon4.png\" alt=\"icon1\"> Trabaja de forma Remota<\/h5>\r\n<p>Este software de monitorizaci\u00f3n funciona de forma remota lo que significa que puede rastrear su objetivo desde cualquier parte del mundo tanto si est\u00e1 de viaje de negocios, o asistiendo a la escuela o simplemente sentado en la habitaci\u00f3n de al lado. Sus actividades con el tel\u00e9fono son siempre visibles en su cuenta.<\/p>\r\n<\/div>\r\n<\/div>\r\n<\/div>\r\n<\/section>\r\n<!-- spy text part end -->\r\n\r\n<!-- bottom button part start -->\r\n<section id=\"blue_strip\">\r\n<div class=\"container-fluid\">\r\n<div class=\"row\">\r\n<div class=\"col-xl-12 strip_txt text-xs-center\">\r\n<p>As\u00ed pues. obtenga ahora e software y comience a monitorizar para solventar dudas!<\/p>\r\n<\/div>\r\n<div class=\"col-lg-12\">\r\n<div class=\"strip_btn feature_bottom text-xs-center\">\r\n<a class=\"white_btn\" href=\"https:\/\/www.spymasterpro.com\/es\/tour-rapido\/\">Tour Rapido<\/a> <a class=\"white_btn demo_btn hidden-md-up\" href=\"https:\/\/www.spymasterpro.com\/es\/comprar-ahora\/\">Comprar ahora<\/a> <a class=\"white_btn demo_btn hidden-sm-down\" href=\"https:\/\/www.spymasterpro.com\/es\/comprar-ahora\/\">Comprar ahora<\/a>\r\n<\/div>\r\n<\/div>\r\n<\/div>\r\n<\/div>\r\n<\/section>","protected":false},"excerpt":{"rendered":"<p>SEGURO DE USAR 100% Seguridad garantizada Ning\u00fan icono ser\u00e1 mostrado en el tel\u00e9fono Este software est\u00e1 dise\u00f1ado inteligentemente por expertos que lo han dise\u00f1ado de forma invisible. Hace su trabajo en modo oculto, los usuarios nunca llegan a saber acerca de su existencia en su tel\u00e9fono. El usuario no lo sabr\u00e1 hasta que se lo &hellip; <a href=\"https:\/\/www.spymasterpro.com\/es\/seguro-de-usar\/\" class=\"more-link\">Continue reading<span class=\"screen-reader-text\"> &#8220;Seguro de Usar&#8221;<\/span><\/a><\/p>\n","protected":false},"author":1,"featured_media":0,"parent":0,"menu_order":0,"comment_status":"closed","ping_status":"closed","template":"page-full.php","meta":{"_acf_changed":false,"footnotes":""},"class_list":["post-860","page","type-page","status-publish","hentry"],"acf":[],"aioseo_notices":[],"_links":{"self":[{"href":"https:\/\/www.spymasterpro.com\/es\/wp-json\/wp\/v2\/pages\/860","targetHints":{"allow":["GET"]}}],"collection":[{"href":"https:\/\/www.spymasterpro.com\/es\/wp-json\/wp\/v2\/pages"}],"about":[{"href":"https:\/\/www.spymasterpro.com\/es\/wp-json\/wp\/v2\/types\/page"}],"author":[{"embeddable":true,"href":"https:\/\/www.spymasterpro.com\/es\/wp-json\/wp\/v2\/users\/1"}],"replies":[{"embeddable":true,"href":"https:\/\/www.spymasterpro.com\/es\/wp-json\/wp\/v2\/comments?post=860"}],"version-history":[{"count":2,"href":"https:\/\/www.spymasterpro.com\/es\/wp-json\/wp\/v2\/pages\/860\/revisions"}],"predecessor-version":[{"id":3853,"href":"https:\/\/www.spymasterpro.com\/es\/wp-json\/wp\/v2\/pages\/860\/revisions\/3853"}],"wp:attachment":[{"href":"https:\/\/www.spymasterpro.com\/es\/wp-json\/wp\/v2\/media?parent=860"}],"curies":[{"name":"wp","href":"https:\/\/api.w.org\/{rel}","templated":true}]}}