{"id":80,"date":"2014-04-08T06:53:29","date_gmt":"2014-04-08T06:53:29","guid":{"rendered":"https:\/\/www.spymasterpro.com\/es\/?page_id=80"},"modified":"2020-03-07T11:01:14","modified_gmt":"2020-03-07T11:01:14","slug":"politica-de-devoluciones","status":"publish","type":"page","link":"https:\/\/www.spymasterpro.com\/es\/politica-de-devoluciones\/","title":{"rendered":"Pol\u00edtica de devoluciones"},"content":{"rendered":"Seg\u00fan nuestra pol\u00edtica, si se cumplen las condiciones a continuaci\u00f3n, un usuario tiene derecho a recibir un reembolso completo dentro de 10 d\u00edas despu\u00e9s de la compra, s\u00f3lo si las razones son diferentes a las condiciones especificadas en la pol\u00edtica de devoluciones. Por favor, lea las siguientes condiciones:\r\n\r\nUn usuario no tendr\u00e1 derecho a obtener un reembolso despu\u00e9s de 10 d\u00edas de la compra de software. Todas las reclamaciones tienen que hacerse en el plazo de reembolso, es decir, 10 d\u00edas despu\u00e9s de la compra de Spymaster Pro.\r\n\r\nEl reembolso ser\u00e1 iniciado una vez nada m\u00e1s.\r\n\r\nEl cliente no tendr\u00e1 derecho a reembolso alguno, sobre todo si el software se somete a una actualizaci\u00f3n y el software no se actualiza en el tel\u00e9fono de destino. Esto ser\u00eda considerado culpa del cliente.\r\n\r\n<b>Spymaster Pro would no procesar\u00e1 devoluciones por las siguientes razones:<\/b>\r\n<ul>\r\n \t<li>Si el tel\u00e9fono de destino no tiene conexi\u00f3n o acceso a internet por cualquier raz\u00f3n.<\/li>\r\n \t<li>Si el tel\u00e9fono de destino cambia al proveedor de internet y por tanto se pierden datos.<\/li>\r\n \t<li>Actualizaci\u00f3n del sistema operativo del tel\u00e9fono.<\/li>\r\n \t<li>Restauraci\u00f3n de los ajustes de f\u00e1brica en el tel\u00e9fono de destino.<\/li>\r\n \t<li>La instalaci\u00f3n incorrecta de software por parte del cliente.<\/li>\r\n \t<li>Falta de disponibilidad del tel\u00e9fono de destino por el cliente.<\/li>\r\n \t<li>Razones personales que indican que el cliente quiere un reembolso por haberlo comprado por error.<\/li>\r\n \t<li><strong>No se emitir\u00e1 ning\u00fan reembolso a un usuario en caso de que expire la cuenta del usuario.<\/strong><\/li>\r\n<\/ul>\r\n<p style=\"text-align: justify;\">Para todas sus preguntas y cuestiones env\u00edenos un mail a <b>support@spymasterpro.com<\/b><\/p>","protected":false},"excerpt":{"rendered":"<p>Seg\u00fan nuestra pol\u00edtica, si se cumplen las condiciones a continuaci\u00f3n, un usuario tiene derecho a recibir un reembolso completo dentro de 10 d\u00edas despu\u00e9s de la compra, s\u00f3lo si las razones son diferentes a las condiciones especificadas en la pol\u00edtica de devoluciones. Por favor, lea las siguientes condiciones: Un usuario no tendr\u00e1 derecho a obtener &hellip; <a href=\"https:\/\/www.spymasterpro.com\/es\/politica-de-devoluciones\/\" class=\"more-link\">Continue reading<span class=\"screen-reader-text\"> &#8220;Pol\u00edtica de devoluciones&#8221;<\/span><\/a><\/p>\n","protected":false},"author":1,"featured_media":0,"parent":0,"menu_order":0,"comment_status":"open","ping_status":"open","template":"","meta":{"_acf_changed":false,"footnotes":""},"class_list":["post-80","page","type-page","status-publish","hentry"],"acf":[],"aioseo_notices":[],"_links":{"self":[{"href":"https:\/\/www.spymasterpro.com\/es\/wp-json\/wp\/v2\/pages\/80","targetHints":{"allow":["GET"]}}],"collection":[{"href":"https:\/\/www.spymasterpro.com\/es\/wp-json\/wp\/v2\/pages"}],"about":[{"href":"https:\/\/www.spymasterpro.com\/es\/wp-json\/wp\/v2\/types\/page"}],"author":[{"embeddable":true,"href":"https:\/\/www.spymasterpro.com\/es\/wp-json\/wp\/v2\/users\/1"}],"replies":[{"embeddable":true,"href":"https:\/\/www.spymasterpro.com\/es\/wp-json\/wp\/v2\/comments?post=80"}],"version-history":[{"count":0,"href":"https:\/\/www.spymasterpro.com\/es\/wp-json\/wp\/v2\/pages\/80\/revisions"}],"wp:attachment":[{"href":"https:\/\/www.spymasterpro.com\/es\/wp-json\/wp\/v2\/media?parent=80"}],"curies":[{"name":"wp","href":"https:\/\/api.w.org\/{rel}","templated":true}]}}