{"id":73,"date":"2014-04-08T06:35:06","date_gmt":"2014-04-08T06:35:06","guid":{"rendered":"https:\/\/www.spymasterpro.com\/es\/?page_id=73"},"modified":"2020-03-07T11:07:00","modified_gmt":"2020-03-07T11:07:00","slug":"faq","status":"publish","type":"page","link":"https:\/\/www.spymasterpro.com\/es\/faq\/","title":{"rendered":"FAQ"},"content":{"rendered":"<p><strong>1 . \u00bfQu\u00e9 es Spymaster Pro?<\/strong>\r\nSpy Master Pro es el m\u00e1s avanzado software esp\u00eda de tel\u00e9fono celular en el mundo que le permitir\u00e1 realizar un seguimiento de las llamadas, mensajes, agenda, correos electr\u00f3nicos, WhatsApp, Facebook y mucho m\u00e1s de cualquier tel\u00e9fono celular.<\/p>\r\n\r\n<p><strong>2 . \u00bfC\u00f3mo de dif\u00edcil es instalar Spymaster Pro?<\/strong>\r\nLa instalaci\u00f3n Spymaster Pro es f\u00e1cil ya que s\u00f3lo toma unos pocos minutos y las instrucciones que le enviamos son muy claras acerca de <strong><a href=\"https:\/\/www.spymasterpro.com\/es\/instalacion-android\/\" target=\"_blank\" rel=\"noopener noreferrer\">c\u00f3mo instalarlo Paso por Paso<\/a><\/strong>.<\/p>\r\n\r\n<p><strong>3 . \u00bfFunciona en mi pa\u00eds?<\/strong>\r\nSpy Master Pro funcionar\u00e1 en cualquier pa\u00eds del mundo, excepto en China continental<\/p>\r\n\r\n<p><strong>4 . C\u00f3mo funciona.<\/strong>\r\nPrimero de todo compuebe que el tel\u00e9fono celular objetivo es compatible con la aplicaci\u00f3n en nuestra secci\u00f3n de <strong><a href=\"https:\/\/www.spymasterpro.com\/es\/moviles-compatibles\/\" target=\"_blank\" rel=\"noopener noreferrer\">tel\u00e9fonos compatibles<\/a><\/strong>. Despu\u00e9s vaya para ver <strong><a href=\"https:\/\/www.spymasterpro.com\/es\/como-funciona-spymaster-pro\/\" target=\"_blank\" rel=\"noopener noreferrer\">como funciona Spymaster Pro<\/a><\/strong>.<\/p>\r\n\r\n<p><strong>5 . \u00bfVale para m\u00e1s de un te\u00e9fono?<\/strong>\r\nCon la suscripci\u00f3n de Spymaster Pro s\u00f3lo se puede espiar un tel\u00e9fono a la vez. Usted tendr\u00e1 que comprar el software para cada tel\u00e9fono que desee espiar .<\/p>\r\n\r\n<p><strong>6 . \u00bfTengo que hacer alg\u00fan cambio en mi tel\u00e9fono celular ?<\/strong>\r\nNo, el conjunto m\u00f3vil no requerir\u00e1 ninguna modificaci\u00f3n y el software interrumpe el funcionamiento del tel\u00e9fono.<\/p>\r\n\r\n<p><strong>7 . \u00bfCu\u00e1l es la tecnolog\u00eda detr\u00e1s de Spymaster Pro?<\/strong>\r\nEl software funciona sin ning\u00fan tipo de interrupci\u00f3n y recoge datos cada segundo en una hoja de XML en el servidor. A trav\u00e9s de esta hoja de XML, la informaci\u00f3n necesaria y relacionada se actualiza en su cuenta y la puede comprobar en cualquier momento. Usted recibir\u00e1 informaci\u00f3n de su cuenta, es decir, un n\u00famero \u00fanico de licencia, nombre de usuario y contrase\u00f1a para administrar el \u00e1rea del usuario despu\u00e9s de hacer su pago. Entonces usted tiene que instalar el software en el tel\u00e9fono de la persona en cuesti\u00f3n.<\/p>\r\n\r\n<p><strong>8 . En caso de que tenga alguna duda \u00bfa qui\u00e9n contacto?<\/strong>\r\nEstamos trabajando 24 * 7 para usted , y usted puede ponerse en contacto con nosotros aqu\u00ed: <strong>support@spymasterpro.com<\/strong> .<\/p>\r\n\r\n<p><strong>9 . Despu\u00e9s de realizar el pago , \u00bfc\u00f3mo voy a conseguir el software ?<\/strong>\r\nUna vez que el pago se ha hecho, Spymaster pro puede ser instant\u00e1neamente descargado. Es un producto digital que est\u00e1 no va a ser entregado a su puerta como cualquier producto f\u00edsico; usted tendr\u00e1 que descargarlo e instalarlo.<\/p>\r\n\r\n<p><strong>10 . \u00bfCu\u00e1l es el costo de la actualizaci\u00f3n del software?<\/strong>\r\nEn caso de que actualizasemos el software en el futuro no se le cobrar\u00e1 nada.<\/p>\r\n\r\n<p><strong>11 . \u00bfEl tel\u00e9fono objetivo llegar a saber si tengo instalado el software en \u00e9l?<\/strong>\r\nNo, el software es completamente no rastreable e ir\u00e1 totalmente identificado por el tel\u00e9fono celular objetivo. Nuestro software es 100 % sigiloso.<\/p>\r\n\r\n<p><strong>12 . \u00bfEn caso que el tel\u00e9fono se iPhone puedo instalar el software sin jailbreak?<\/strong>\r\nS\u00ed. El tel\u00e9fono de destino no tiene que tener jailbreak antes de la instalaci\u00f3n del software .<span id=\"ouHighlight__0_8TO0_4\">Esp\u00eda<\/span><span id=\"noHighlight_0.02058305568061769\"> <\/span><span id=\"ouHighlight__10_12TO6_8\">Pro<\/span><span id=\"noHighlight_0.9926355546340346\"> <\/span><span id=\"ouHighlight__14_15TO10_11\">es<\/span><span id=\"noHighlight_0.1246408789884299\"> <\/span><span id=\"noHighlight_0.2963368396740407\"><strong>compatible con iOS versi\u00f3n 9 &#8211; 11.3\r\n<\/strong><\/span><\/p>\r\n\r\n<p><strong>13. \u00bfPuedo cambiar las credenciales de iCloud en mi cuenta de iPhone esp\u00eda?<\/strong>\r\n\r\nNo, una vez que usted llene ninguna credencial de iCloud en una cuenta, usted no puede cambiar. Tambi\u00e9n, si desea utilizar otras credenciales de iCloud entonces tienes que comprar nueva suscripci\u00f3n. Reembolso no puede ser procesado por tal motivo como &#8220;Pongo mis propias credenciales de iCloud en cuenta por error.&#8221; Tienes que comprar nueva suscripci\u00f3n si usted desea utilizar cualquier nuevas credenciales de iCloud.<\/p>\r\n\r\n<p><strong>14. \u00bfPuedo utilizar esp\u00eda iPhone cuenta para monitorear m\u00faltiples iPhone?<\/strong>\r\n\r\nNo, puede controlar s\u00f3lo un iPhone blanco con un iPhone cuenta. Tambi\u00e9n, por favor sea cuidadoso al ingresar credenciales de iCloud porque usted puede utilizar solamente una credencial de iCloud que no se puede cambiar m\u00e1s adelante. Tienes que comprar nueva suscripci\u00f3n de iPhone para controlar otra cuenta del iPhone.<\/p>\r\n\r\n<p><strong>15. \u00bfsoy elegible para reembolso en caso quieras controlar iPhone pero he comprado esp\u00eda Pro para Android por error?<\/strong>\r\n\r\nNo, reembolso no ser\u00e1 procesado en este caso. Aseg\u00farese de que usted compra lo que quiere. T\u00f3mese su tiempo completo y si tiene cualquier consulta puede contactar con nuestro equipo de soporte antes de colocar una orden. Pero una vez que compraste el software no ser\u00e1 reembolsado. Por lo tanto, ahora puede conectar cualquier tel\u00e9fono Android de destino con su suscripci\u00f3n a Android para aprovechar todas las caracter\u00edsticas ofrecidas por esp\u00eda Pro.<\/p>\r\n\r\n<p><strong>16. \u00bfQu\u00e9 pasa si la verificaci\u00f3n en dos pasos est\u00e1 habilitada en el iPhone de destino?<\/strong>\r\n\r\nEn caso de que la verificaci\u00f3n de 2 pasos del iPhone de destino est\u00e9 activada, los clientes tendr\u00e1n que deshabilitarla manualmente desde su final.<\/p>\r\n\r\n<p><strong>17. \u00bfQu\u00e9 pasa si la cuenta iCloud del usuario objetivo se bloquea?<\/strong>\r\n\r\nSi la cuenta iCloud del usuario objetivo est\u00e1 bloqueada, el usuario debe desbloquearla manualmente para obtener los detalles<\/p>\r\n\r\n<p><strong>18 . \u00bfQu\u00e9 pasa si no estoy contento con el software despu\u00e9s de que lo he comprado?<\/strong>\r\nUsted puede enviar por correo electr\u00f3nico su problema y si no somos capaces de resolver el asunto o el software no funciona en el tel\u00e9fono de destino en consecuencia, su dinero ser\u00e1 reembolsado .<\/p>\r\n\r\n<p><strong>19 . \u00bfFunciona con cualquier tipo de tel\u00e9fono celular ?<\/strong>\r\nS\u00ed, Spymaster Pro funciona con cualquier tipo de tel\u00e9fono celular. Compruebe los siguientes puntos antes de comprar Spymaster Pro:\r\n1 . ) La <strong><a href=\"https:\/\/www.spymasterpro.com\/es\/moviles-compatibles\/\" target=\"_blank\" rel=\"noopener noreferrer\">compatibilidad del tel\u00e9fono celular<\/a> <\/strong>con el software Spymaster Pro, consultelo aqu\u00ed.\r\n2 . ) El acceso a Internet en el tel\u00e9fono celular de destino.<\/p>\r\n\r\n<p><strong>20. \u00bfQu\u00e9 tipo de m\u00e9todos de pago se aceptan?<\/strong>\r\n1.) American Visa Card\r\n2.) MasterCard\r\n3.) Discover Novan Express\r\n4.) PayPal\r\n5.) JCB\r\n6.) Fax\r\n7.) Diners Club\r\n8.) Transferencia bancaria<\/p>\r\n\r\n<p><strong>21. \u00bfQu\u00e9 informaci\u00f3n voy a ser capaz de controlar con la funci\u00f3n de Whatsapp para dispositivos Android ?<\/strong>\r\nSpymaster Pro le permite ver las im\u00e1genes compartidas y videos, chats en grupo y los mensajes enviados y recibidos . Usted puede ver estos con todo detalle.<\/p>\r\n\r\n<p><strong>22. \u00bfQu\u00e9 actividades de Facebook ser\u00e9 capaz de ver por Spymaster Pro?<\/strong>\r\nSpymaster versi\u00f3n Pro rastrea todos los mensajes enviados y recibidos a trav\u00e9s de <strong><a href=\"https:\/\/www.spymasterpro.com\/es\/facebook-spia\/\" target=\"_blank\" rel=\"noopener noreferrer\">Facebook<\/a><\/strong>.<\/p>\r\n\r\n<p><strong>23. \u00bfCu\u00e1l es su pol\u00edtica de reembolso?<\/strong>\r\nPor favor, lea la pol\u00edtica y las condiciones de reembolso haciendo clic <strong><a href=\"https:\/\/www.spymasterpro.com\/es\/politica-de-devoluciones\/\">aqu\u00ed<\/a><\/strong>.<\/p>\r\n\r\n<p><strong>24 . \u00bfCu\u00e1l es la duraci\u00f3n de la suscripci\u00f3n? \u00bfEs necesario renovar la suscripci\u00f3n?<\/strong>\r\nEl software puede ser comprado por un tel\u00e9fono celular, y la duraci\u00f3n del servicio de seguimiento es de 1 a\u00f1o. Despu\u00e9s de eso, si usted todav\u00eda desea continuar con el servicio de seguimiento, usted tendr\u00e1 que comprar una nueva suscripci\u00f3n ,\u00a0<span id=\"ouHighlight__0_1TO0_0\">o<\/span><span id=\"noHighlight_0.3553612770047039\"> <\/span><span id=\"ouHighlight__3_7TO2_8\">renovar<\/span><span id=\"noHighlight_0.9661686383187771\"> <\/span><span id=\"ouHighlight__9_11TO10_11\" class=\"\">la<\/span><span id=\"noHighlight_0.8905405751429498\"> <\/span><span id=\"ouHighlight__13_24TO13_23\" class=\"\">suscripci\u00f3n.<\/span><\/p>\r\n\r\n**\u00a0Si\u00a0renueva\u00a0la\u00a0suscripci\u00f3n\u00a0antes\u00a0de\u00a0que\u00a0esta\u00a0haya\u00a0caducado,\u00a0entonces\u00a0no\u00a0necesitar\u00e1\u00a0instalarlo\u00a0de\u00a0nuevo.\u00a0Pero,\u00a0si\u00a0renueva\u00a0la\u00a0suscripci\u00f3n\u00a0despu\u00e9s\u00a0de\u00a0que\u00a0venza\u00a0esta\u00a0caducidad,\u00a0tendr\u00e1\u00a0que\u00a0instalar\u00a0el\u00a0software\u00a0de\u00a0nuevo.\r\n\r\n<b>NOTA:\u00a0Puede\u00a0cambiar\u00a0el\u00a0dispositivo\u00a0de\u00a0destino\u00a0tantas\u00a0veces\u00a0que\u00a0desee\u00a0de\u00a0forma\u00a0gratuita,\u00a0pero\u00a0a\u00a0la\u00a0vez\u00a0solo\u00a0puede\u00a0controlar\u00a0un\u00a0solo\u00a0dispositivo.<\/b>\r\n\r\n<p><strong>25 . \u00bfCu\u00e1l es el proceso de instalaci\u00f3n de Spymaster Pro en otros tel\u00e9fonos inteligentes?<\/strong>\r\nEl proceso para todos los tel\u00e9fonos inteligentes es similar a la de instalaci\u00f3n de Android, <strong><a href=\"https:\/\/www.spymasterpro.com\/es\/instalacion-android\/\" target=\"_blank\" rel=\"noopener noreferrer\">visite aqu\u00ed<\/a><\/strong> para obtener m\u00e1s informaci\u00f3n sobre la instalaci\u00f3n.<\/p>\r\n\r\n<p><strong>26 . Es WhatsApp Spy Software diferente de su software esp\u00eda ?<\/strong>\r\nNo, Spymaster Pro es un paquete de software, que incluye <strong>WhatsApp esp\u00eda<\/strong> tambi\u00e9n.Es una de las caracter\u00edsticas de nuestras herramientas de espionaje , por lo tanto, mediante la compra de la versi\u00f3n avanzada de Pro Spymaster se llega a espiar no s\u00f3lo WhatsApp, sino tambi\u00e9n otras aplicaciones como Facebook.<\/p>\r\n\r\n<p><strong>27. \u00bfQu\u00e9 pasa si desconozco las credenciales iCloud?<\/strong>\r\n\r\nLas credenciales iCloud son obligatorias. Sin la informaci\u00f3n de las credenciales de iCloud no se puede seguir la informaci\u00f3n iPhone. Spymaster Pro recoge toda la informaci\u00f3n de la copia de seguridad de iCloud y de esta manera se la muestra a usted.<\/p>\r\n\r\n<p><strong>28. \u00bfQu\u00e9 debo hacer si la copia de seguridad de iCloud del iPhone de destino no est\u00e1 activada?<\/strong>\r\n\r\nSi no est\u00e1 habilitada la copia de seguridad de iCloud, puede habilitarla de esta manera. Ir a iCloud &gt;&gt; Copia de seguridad y active esta opci\u00f3n.<\/p>\r\n\r\n<p><strong>29. \u00bfNecesito \u201crootear\u201del tel\u00e9fono de destino Android?<\/strong>\r\n\r\nS\u00ed, es necesario \u201crootear\u201d el tel\u00e9fono Android en caso de querer acceder a las funciones avanzadas de Spymaster Pro. \u201cRootear\u201d es un proceso muy f\u00e1cil y seguro de usar. El usuario del tel\u00e9fono de destino nunca se dar\u00e1 cuenta de ello.<\/p>\r\n\r\n<p><strong>30. \u00bfCu\u00e1nto tiempo se tarda en recibir informaci\u00f3n del tel\u00e9fono Android deseado en mi cuenta de Spymaster Pro?<\/strong>\r\n\r\nEn el caso de un tel\u00e9fono Android, tardar\u00e1 entre 24-48 horas en transferir la informaci\u00f3n del tel\u00e9fono deseado a su cuenta de Spymaster Pro.<\/p>\r\n\r\n<p><strong>31. \u00bfPuedo cambiar las credenciales de iCloud en mi cuenta de iPhone esp\u00eda?<\/strong>\r\n\r\nNo, una vez que usted llene ninguna credencial de iCloud en una cuenta, usted no puede cambiar. Tambi\u00e9n, si desea utilizar otras credenciales de iCloud entonces tienes que comprar nueva suscripci\u00f3n. Reembolso no puede ser procesado por tal motivo como &#8220;Pongo mis propias credenciales de iCloud en cuenta por error.&#8221; Tienes que comprar nueva suscripci\u00f3n si usted desea utilizar cualquier nuevas credenciales de iCloud.<\/p>\r\n\r\n<p><strong>32. \u00bfPuedo utilizar esp\u00eda iPhone cuenta para monitorear m\u00faltiples iPhone?<\/strong>\r\n\r\nNo, puede controlar s\u00f3lo un iPhone blanco con un iPhone cuenta. Tambi\u00e9n, por favor sea cuidadoso al ingresar credenciales de iCloud porque usted puede utilizar solamente una credencial de iCloud que no se puede cambiar m\u00e1s adelante. Tienes que comprar nueva suscripci\u00f3n de iPhone para controlar otra cuenta del iPhone.<\/p>\r\n\r\n<strong>\u00bfPiensa que no es lo que busca? D\u00e9jenos sus dudas aqu\u00ed.<\/strong>\r\n<div class=\"fancybox-hidden\" style=\"display: none; text-align: justify;\">\r\n<div id=\"contact_form_pop\">[contact-form 1 &#8220;Contact form 1&#8221;]<\/div>\r\n<\/div>\r\n&nbsp;","protected":false},"excerpt":{"rendered":"<p>1 . \u00bfQu\u00e9 es Spymaster Pro? Spy Master Pro es el m\u00e1s avanzado software esp\u00eda de tel\u00e9fono celular en el mundo que le permitir\u00e1 realizar un seguimiento de las llamadas, mensajes, agenda, correos electr\u00f3nicos, WhatsApp, Facebook y mucho m\u00e1s de cualquier tel\u00e9fono celular. 2 . \u00bfC\u00f3mo de dif\u00edcil es instalar Spymaster Pro? La instalaci\u00f3n Spymaster &hellip; <a href=\"https:\/\/www.spymasterpro.com\/es\/faq\/\" class=\"more-link\">Continue reading<span class=\"screen-reader-text\"> &#8220;FAQ&#8221;<\/span><\/a><\/p>\n","protected":false},"author":1,"featured_media":0,"parent":0,"menu_order":0,"comment_status":"open","ping_status":"open","template":"","meta":{"_acf_changed":false,"footnotes":""},"class_list":["post-73","page","type-page","status-publish","hentry"],"acf":[],"aioseo_notices":[],"_links":{"self":[{"href":"https:\/\/www.spymasterpro.com\/es\/wp-json\/wp\/v2\/pages\/73","targetHints":{"allow":["GET"]}}],"collection":[{"href":"https:\/\/www.spymasterpro.com\/es\/wp-json\/wp\/v2\/pages"}],"about":[{"href":"https:\/\/www.spymasterpro.com\/es\/wp-json\/wp\/v2\/types\/page"}],"author":[{"embeddable":true,"href":"https:\/\/www.spymasterpro.com\/es\/wp-json\/wp\/v2\/users\/1"}],"replies":[{"embeddable":true,"href":"https:\/\/www.spymasterpro.com\/es\/wp-json\/wp\/v2\/comments?post=73"}],"version-history":[{"count":0,"href":"https:\/\/www.spymasterpro.com\/es\/wp-json\/wp\/v2\/pages\/73\/revisions"}],"wp:attachment":[{"href":"https:\/\/www.spymasterpro.com\/es\/wp-json\/wp\/v2\/media?parent=73"}],"curies":[{"name":"wp","href":"https:\/\/api.w.org\/{rel}","templated":true}]}}