{"id":724,"date":"2016-01-30T05:11:14","date_gmt":"2016-01-30T05:11:14","guid":{"rendered":"https:\/\/www.spymasterpro.com\/es\/?page_id=724"},"modified":"2023-03-09T08:49:41","modified_gmt":"2023-03-09T08:49:41","slug":"espiar-whatsapp","status":"publish","type":"page","link":"https:\/\/www.spymasterpro.com\/es\/espiar-whatsapp\/","title":{"rendered":"Espiar WhatsApp"},"content":{"rendered":"<div id=\"pl-724\" class=\"panel-layout\">\r\n<div id=\"pg-724-0\" class=\"panel-grid panel-no-style\">\r\n<div id=\"pgc-724-0-0\" class=\"panel-grid-cell\" data-weight=\"1\">\r\n<div id=\"panel-724-0-0-0\" class=\"so-panel widget widget_text panel-first-child\" data-index=\"0\" data-style=\"{&quot;background_display&quot;:&quot;tile&quot;}\">\r\n<h3 class=\"widget-title\">Banner<\/h3>\r\n<div class=\"textwidget\"><section id=\"whatsapp_spy_banner\">\r\n<div class=\"container\">\r\n<div class=\"row\">\r\n<div class=\"col-xl-9 col-lg-9 col-md-9 col-sm-12 iphone_right_point\">\r\n<h4><img loading=\"lazy\" decoding=\"async\" class=\"alignnone\" title=\"WhatsApp\" src=\"..\/wp-content\/uploads\/2017\/02\/whatsapp_icon.png\" alt=\"WhatsApp\" width=\"47\" height=\"48\" \/>Monitoreo de WhatsApp<\/h4>\r\n<h6>Usar Whatsapp caracter\u00edstica de spymasterpro de seguimiento para leer chats todo secretamente.<\/h6>\r\n<ul>\r\n \t<li>Ver registros de llamada, localizaci\u00f3n, Whatsapp y muchos m\u00e1s.<\/li>\r\n \t<li>Compatible con tel\u00e9fono Android y iPhone.<\/li>\r\n \t<li>Accesible desde cualquier navegador Web<\/li>\r\n \t<li>Soporte multiling\u00fce 24\/7<\/li>\r\n \t<li>100% seguro y exitoso<\/li>\r\n<\/ul>\r\n<div class=\"slider_btn\"><a class=\"blue_btn\" href=\"https:\/\/www.spymasterpro.com\/es\/caracteristicas\/\">Caracteristicas<\/a>\r\n<a class=\"blue_btn demo_btn\" href=\"https:\/\/www.spymasterpro.com\/demo\/index.php\"><i class=\"fa fa-play\"><\/i> Demo <\/a><\/div>\r\n<\/div>\r\n<div class=\"col-xl-3 col-lg-3 col-md-3 hidden-sm-down iphone_left_img no_padding\"><img loading=\"lazy\" decoding=\"async\" class=\"alignnone\" title=\"WhatsApp Monitoreo\" src=\"..\/wp-content\/uploads\/2017\/02\/phone_banner.png\" alt=\"WhatsApp Monitoreo\" width=\"387\" height=\"442\" \/><\/div>\r\n<\/div>\r\n<\/div>\r\n<\/section><\/div>\r\n<\/div>\r\n<div id=\"panel-724-0-0-1\" class=\"so-panel widget widget_text panel-last-child\" data-index=\"1\" data-style=\"{&quot;background_display&quot;:&quot;tile&quot;}\">\r\n<h3 class=\"widget-title\">Whatsapp Monitoring<\/h3>\r\n<div class=\"textwidget\"><section id=\"whatsapp_middel\">\r\n<div class=\"container\">\r\n<div class=\"row\">\r\n<div class=\"col-lg-3 col-md-3 col-sm-12 col-xs-12 text-xs-center about_img2\"><img loading=\"lazy\" decoding=\"async\" class=\"alignnone\" title=\"Monitorice el WhatsApp para iPhone\" src=\"https:\/\/www.spymasterpro.com\/es\/wp-content\/uploads\/2017\/02\/mobile_img.png\" alt=\"Monitorice el WhatsApp para iPhone\" width=\"326\" height=\"515\" \/><\/div>\r\n<div class=\"col-lg-9 col-md-9 col-sm-12 col-xs-12 inner_txt\">\r\n<h2>Monitorice el WhatsApp para iPhone<\/h2>\r\nPara supervisar los chats de WhatsApp del iPhone deseado, siga estos sencillos pasos:\r\n\r\nCompre el software y los datos de acceso ser\u00e1n enviados a su correo electr\u00f3nico\r\nObtenga las credenciales de iCloud del iPhone deseado\r\nUse los detalles de login para iniciar sesi\u00f3n en su cuenta de Spymaster Pro e introduzca estas credenciales cuando sea necesario\r\nInicie el seguimiento de las conversaciones de WhatsApp de la persona deseada.\r\n\r\n<strong>Nota: No es necesario instalar el software en el iPhone<\/strong>\r\n<h4>Ahora Compre iPhone Spymaster Pro Con Un 50% De Descuento A Solo $ 7.05\/ Mes<\/h4>\r\n<div class=\"whatsapp_btns text-xs-center\"><a class=\"blue_btn\" href=\"https:\/\/www.spymasterpro.com\/es\/espia-iphone-sin-jailbreak\/\">Iphone Espia<\/a>\r\n<a class=\"blue_btn\" href=\"https:\/\/www.spymasterpro.com\/es\/comprar-ahora\/\">CONSIGALO AQU\u00cd<\/a><\/div>\r\n<\/div>\r\n<\/div>\r\n<\/div>\r\n<\/section><!-- whatsapp spy middel part end -->\r\n\r\n<!-- whatsapp spy end part start -->\r\n\r\n<section id=\"whatsapp_middel\">\r\n<div class=\"container\">\r\n<div class=\"row\">\r\n<div class=\"col-lg-9 col-md-9 col-sm-12 col-xs-12 inner_txt\">\r\n<h2>Monitorice el WhatsApp para Android<\/h2>\r\nPara realizar un seguimiento de los mensajes de WhatsApp del tel\u00e9fono Android, siga los siguientes puntos:\r\n\r\nObtenga el software y los datos de ingreso ser\u00e1n enviados a su correo electr\u00f3nico\r\nInstale el software en el tel\u00e9fono Android deseado mediante el enlace que figura en el correo electr\u00f3nico.\r\nIngrese en su cuenta desde cualquier dispositivo\r\nEmpiece a leer todos los mensajes de WhatsApp del tel\u00e9fono Android deseado\r\n<h4>Ahora Compre Spymaster Pro Android B\u00e1sico Con Un 50% De Descuento A Solo $ 4.4\/ Mes<\/h4>\r\n<div class=\"whatsapp_btns text-xs-center\"><a class=\"blue_btn\" href=\"https:\/\/www.spymasterpro.com\/es\/android-espia\/\">Android Espia<\/a>\r\n<a class=\"blue_btn\" href=\"https:\/\/www.spymasterpro.com\/es\/comprar-ahora\/\"> CONSIGALO AQU\u00cd<\/a><\/div>\r\n<\/div>\r\n<div class=\"col-lg-3 col-md-3 col-sm-3 col-xs-3 about_img2 text-xs-center\"><img loading=\"lazy\" decoding=\"async\" class=\"alignnone\" title=\"Monitorice el WhatsApp para Android\" src=\"https:\/\/www.spymasterpro.com\/es\/wp-content\/uploads\/2017\/02\/mobile_img2.png\" alt=\"Monitorice el WhatsApp para Android\" width=\"185\" height=\"371\" \/><\/div>\r\n\r\n<\/div>\r\n<\/div>\r\n<\/section><\/div>\r\n<\/div>\r\n<\/div>\r\n<\/div>\r\n<\/div>\r\n\r\n\r\n<div class=\"container\">\r\n\t<div class=\"row inner_txt\">\r\n\t\t<div class=\"col-md-12 showmlcontent\">\r\n\t\t\t<h3>Ahora vigila f\u00e1cilmente a alguien usando WhatsApp desde una App spymaster pro<\/h3>\r\n\t\t\t<p>La gente debe ser consciente de los pasos esenciales para mitigar los riesgos a medida que avanza la tecnolog\u00eda. Con la invenci\u00f3n de Internet, las redes sociales, etc., hay m\u00e1s formas que nunca para que los extra\u00f1os se aprovechen de personas inocentes. Por eso es necesario contar con un software esp\u00eda de Whatsapp para mantener a tus seres queridos a salvo de todo esto. Una aplicaci\u00f3n o software de rastreo de WhatsApp le permite monitorear, rastrear y espiar las actividades de WhatsApp.<\/p>\r\n\t\t\t\r\n\t\t\t<div id=\"boom\" class=\"collapse\">\r\n\t\t\t\t<h3>\u00bfQu\u00e9 hace necesaria la aplicaci\u00f3n de seguimiento de WhatsApp?<\/h3>\r\n\t\t\t\t<p>Hay numerosas razones por las que puede necesitar una aplicaci\u00f3n de seguimiento de WhatsApp. Permite a los padres vigilar a sus hijos y asegurarse de que no est\u00e1n siendo molestados o chateando con extra\u00f1os. Las empresas pueden utilizar este WhatsApp para supervisar la productividad de los empleados y asegurarse de que los secretos de la empresa y los datos esenciales no se hagan p\u00fablicos.<\/p>\r\n\r\n\t\t\t\t<h3>\u00bfQu\u00e9 caracter\u00edsticas incluye un software esp\u00eda de Whatsapp?<\/h3>\r\n\t\t\t\t<ol>\r\n\t\t\t\t\t<li><strong>Monitoreo de llamadas: <\/strong>Usted puede monitorear las llamadas de las personas mediante el uso de la funci\u00f3n de grabador de llamadas esp\u00eda de WhatsApp en esta aplicaci\u00f3n.<\/li>\r\n\t\t\t\t\t<li><strong>Observe la actividad de otras personas: <\/strong>El software de monitoreo de Whatsapp le permite observar lo que otras personas est\u00e1n haciendo en el tel\u00e9fono, lo que se est\u00e1 discutiendo y en qu\u00e9 momento espec\u00edfico.<\/li>\r\n\t\t\t\t\t<li><strong>Compatibilidad: <\/strong>Estas aplicaciones de rastreo suelen ser compatibles con todos los dispositivos, y no es necesario hacer root o jailbreak al tel\u00e9fono; se puede utilizar la aplicaci\u00f3n esp\u00eda de WhatsApp para ios, android, e incluso en una tableta.<\/li>\r\n\t\t\t\t\t<li><strong>Espiar los chats de WhatsApp: <\/strong>Estas aplicaciones tambi\u00e9n le permiten rastrear los mensajes de WhatsApp, observando todos los mensajes enviados y recibidos junto con sus marcas de tiempo.<\/li>\r\n\t\t\t\t<\/ol>\r\n\r\n\t\t\t\t<p>Por \u00faltimo, puedes tomar las medidas oportunas si ves algo que te haga sospechar mientras ves los chats.<\/p>\r\n\r\n\t\t\t\t<h3>Ventajas de la aplicaci\u00f3n spymaster pro<\/h3>\r\n\t\t\t\t<p>El uso de la aplicaci\u00f3n spymaster pro tiene numerosas ventajas que se mencionan a continuaci\u00f3n:<\/p>\r\n\r\n\t\t\t\t<ol>\r\n\t\t\t\t\t<li><strong> Recibe alertas en tiempo real: <\/strong>Con esta app de rastreo, recibir\u00e1s alertas cada vez que se produzca un chat o una llamada de WhatsApp, lo que te permitir\u00e1 tomar medidas inmediatas si es necesario.<\/li>\r\n\t\t\t\t\t<li><strong> Ver registros de llamadas: <\/strong>Esta app de rastreo te permitir\u00e1 ver todos los registros de llamadas de WhatsApp, permiti\u00e9ndote ver qui\u00e9n hizo la llamada, cu\u00e1ndo se hizo y cu\u00e1nto dur\u00f3 la conversaci\u00f3n.<\/li>\r\n\t\t\t\t\t<li><strong> F\u00e1cil de usar: <\/strong>Estas apps de rastreo suelen ser sencillas de configurar y utilizar, por lo que podr\u00e1s empezar a rastrear la actividad de WhatsApp en poco tiempo.<\/li>\r\n\t\t\t\t\t<li><strong> Informaci\u00f3n sobre la ubicaci\u00f3n: <\/strong>Con el rastreo por GPS y el Geo-Fencing se puede conocer informaci\u00f3n detallada sobre la ubicaci\u00f3n.<\/li>\r\n\t\t\t\t<\/ol>\r\n\r\n\t\t\t\t<h3>Algunas cosas que hay que buscar en las aplicaciones de seguimiento<\/h3>\r\n\r\n\t\t\t\t<p>Sea cual sea el motivo, algunas caracter\u00edsticas que hay que buscar en una aplicaci\u00f3n de seguimiento de WhatsApp antes de elegir una.<\/p>\r\n\r\n\t\t\t\t<ul>\r\n\t\t\t\t\t<li>En primer lugar, la aplicaci\u00f3n debe ser f\u00e1cil de usar. No debe requerir que el usuario sea un genio de la tecnolog\u00eda para su funcionamiento.<\/li>\r\n\t\t\t\t\t<li>En segundo lugar, la aplicaci\u00f3n debe estar oculta para la persona que est\u00e1 siendo rastreada. La otra persona no deber\u00eda saber que la est\u00e1s espiando. En tercer lugar, la aplicaci\u00f3n debe supervisar toda la actividad de WhatsApp, como las llamadas, los mensajes e incluso las fotos y los v\u00eddeos que se env\u00edan y reciben.<\/li>\r\n\t\t\t\t<\/ul>\r\n\r\n\t\t\t\t<h3>La aplicaci\u00f3n Spymaster pro cubre todas las cosas esenciales que son muy importantes en las aplicaciones de rastreo<\/h3>\r\n\r\n\t\t\t\t<p>Diga no al ciberacoso y evite que los dispositivos de sus hijos tengan contenidos perjudiciales. Desh\u00e1gase de los estafadores y mantenga siempre un ojo en las actividades en l\u00ednea de su hijo. Spymaster pro es la respuesta a todas sus necesidades de rastreo, y cons\u00edgalo hoy.<\/p>\r\n\t\t\t<\/div> \r\n\t\t\t<button id=\"showbtn\" type=\"button\" class=\"btnS blue_btn collapsed\" data-toggle=\"collapse\" data-target=\"#boom\">Mostrar m\u00e1s<\/button>\r\n\t\t<\/div>\r\n\t<\/div>\r\n<\/div>\r\n\r\n<div class=\"container \">\r\n\t<div class=\"showmlcontent\">\r\n\t<h3 class=\"mt-3\">FAQs<\/h3>\r\n\t<\/div>\r\n\t\r\n\t\r\n\t<div class=\"accordion\" id=\"faqAccordion\">\r\n\t  <div class=\"accordion-item\">\r\n\t\t<h2 class=\"accordion-header\" id=\"headingOne\">\r\n\t\t  <button class=\"accordion-button\" type=\"button\" data-bs-toggle=\"collapse\" data-bs-target=\"#collapseOne\" aria-expanded=\"true\" aria-controls=\"collapseOne\">\r\n\t\t\t<i class=\"fa fa-question-circle\">&nbsp;<\/i> \u00bfQu\u00e9 es el software WhatsApp Spy?\r\n\t\t  <\/button>\r\n\t\t<\/h2>\r\n\t\t<div id=\"collapseOne\" class=\"accordion-collapse collapse show\" aria-labelledby=\"headingOne\" data-bs-parent=\"#faqAccordion\">\r\n\t\t  <div class=\"accordion-body\">\r\n\t\t\tEl software WhatsApp Spy le permite monitorear, rastrear y espiar las actividades de WhatsApp de otras personas\r\n\t\t  <\/div>\r\n\t\t<\/div>\r\n\t  <\/div>\r\n\t  <div class=\"accordion-item\">\r\n\t\t<h2 class=\"accordion-header\" id=\"headingTwo\">\r\n\t\t  <button class=\"accordion-button collapsed\" type=\"button\" data-bs-toggle=\"collapse\" data-bs-target=\"#collapseTwo\" aria-expanded=\"false\" aria-controls=\"collapseTwo\">\r\n\t\t\t<i class=\"fa fa-question-circle\">&nbsp;<\/i> \u00bfC\u00f3mo funciona el software WhatsApp Spy?\r\n\t\t  <\/button>\r\n\t\t<\/h2>\r\n\t\t<div id=\"collapseTwo\" class=\"accordion-collapse collapse\" aria-labelledby=\"headingTwo\" data-bs-parent=\"#faqAccordion\">\r\n\t\t  <div class=\"accordion-body\">\r\n\t\t\tEl software WhatsApp Spy se instala en el tel\u00e9fono objetivo y se sincroniza con su tel\u00e9fono (o con un ordenador). Una vez hecho esto, puede ver toda la actividad de WhatsApp en el tel\u00e9fono de destino en tiempo real\r\n\t\t  <\/div>\r\n\t\t<\/div>\r\n\t  <\/div>\r\n\t  <div class=\"accordion-item\">\r\n\t\t<h2 class=\"accordion-header\" id=\"headingThree\">\r\n\t\t  <button class=\"accordion-button collapsed\" type=\"button\" data-bs-toggle=\"collapse\" data-bs-target=\"#collapseThree\" aria-expanded=\"false\" aria-controls=\"collapseThree\">\r\n\t\t\t<i class=\"fa fa-question-circle\">&nbsp;<\/i> \u00bfC\u00f3mo puedo utilizar el software WhatsApp Spy para espiar a alguien?\r\n\t\t  <\/button>\r\n\t\t<\/h2>\r\n\t\t<div id=\"collapseThree\" class=\"accordion-collapse collapse\" aria-labelledby=\"headingThree\" data-bs-parent=\"#faqAccordion\">\r\n\t\t  <div class=\"accordion-body\">\r\n\t\t\tTodo lo que necesita hacer es instalar el software WhatsApp Spy en el tel\u00e9fono objetivo, y entonces usted ser\u00e1 capaz de ver todo lo que sucede en su cuenta de WhatsApp. Para la instalaci\u00f3n de Spymaster Pro en Android o la instalaci\u00f3n en iOS puede visitar el sitio web oficial de spymaster pro.\r\n\t\t  <\/div>\r\n\t\t<\/div>\r\n\t  <\/div>\r\n\t  \r\n\t  <div class=\"accordion-item\">\r\n\t\t<h2 class=\"accordion-header\" id=\"heading4\">\r\n\t\t  <button class=\"accordion-button collapsed\" type=\"button\" data-bs-toggle=\"collapse\" data-bs-target=\"#collapse4\" aria-expanded=\"false\" aria-controls=\"collapse4\">\r\n\t\t\t<i class=\"fa fa-question-circle\">&nbsp;<\/i> \u00bfEs legal el software WhatsApp Spy?\r\n\t\t  <\/button>\r\n\t\t<\/h2>\r\n\t\t<div id=\"collapse4\" class=\"accordion-collapse collapse\" aria-labelledby=\"heading4\" data-bs-parent=\"#faqAccordion\">\r\n\t\t  <div class=\"accordion-body\">\r\n\t\t\tLa respuesta a esta pregunta depende de muchos factores diferentes, incluyendo las leyes de su jurisdicci\u00f3n y la aplicaci\u00f3n espec\u00edfica que est\u00e1 utilizando. Sin embargo, es seguro decir que la mayor\u00eda de estas apps son probablemente legales.\r\n\t\t  <\/div>\r\n\t\t<\/div>\r\n\t  <\/div>\r\n\t  \r\n\t  <div class=\"accordion-item\">\r\n\t\t<h2 class=\"accordion-header\" id=\"heading5\">\r\n\t\t  <button class=\"accordion-button collapsed\" type=\"button\" data-bs-toggle=\"collapse\" data-bs-target=\"#collapse5\" aria-expanded=\"false\" aria-controls=\"collapse5\">\r\n\t\t\t<i class=\"fa fa-question-circle\">&nbsp;<\/i> \u00bfPuedo utilizar Spymaster Pro en Android 13 sin root?\r\n\t\t  <\/button>\r\n\t\t<\/h2>\r\n\t\t<div id=\"collapse5\" class=\"accordion-collapse collapse\" aria-labelledby=\"heading5\" data-bs-parent=\"#faqAccordion\">\r\n\t\t  <div class=\"accordion-body\">\r\n\t\t\tS\u00ed, Spymaster Pro soporta todas las \u00faltimas actualizaciones de Android hasta Android 13. Y lo bueno de spymaster pro, es que puedes rastrear android 13 sin root.\r\n\t\t  <\/div>\r\n\t\t<\/div>\r\n\t  <\/div>\t  \r\n\t<\/div>\r\n\t<!--\/panel-group-->\r\n<\/div>\r\n\r\n\r\n<script type=\"application\/ld+json\">\r\n{\r\n  \"@context\": \"https:\/\/schema.org\",\r\n  \"@type\": \"SoftwareApplication\",\r\n  \"name\" : \"Spymaster Pro\",\r\n  \"image\" : \"https:\/\/www.spymasterpro.com\/es\/wp-content\/uploads\/2017\/02\/phone_banner.png\",\r\n  \"operatingSystem\": \"Windows 7, OSX 10.6, Android 1.6\",\r\n  \"applicationCategory\": \"BusinessApplication\",\r\n  \"featureList\": \"WhatsApp, Facebook, Instagram\",\r\n  \"aggregateRating\": {\r\n\t\"@type\": \"AggregateRating\",\r\n\t\"ratingValue\": \"4.8\",\r\n\t\"ratingCount\": \"32365\"\r\n  },\r\n  \"offers\": {\r\n\t\"@type\": \"Offer\",\r\n\t\"price\": \"7.99\",\r\n\t\"priceCurrency\": \"USD\"\r\n  }\r\n}\r\n<\/script>","protected":false},"excerpt":{"rendered":"<p>Banner Monitoreo de WhatsApp Usar Whatsapp caracter\u00edstica de spymasterpro de seguimiento para leer chats todo secretamente. Ver registros de llamada, localizaci\u00f3n, Whatsapp y muchos m\u00e1s. Compatible con tel\u00e9fono Android y iPhone. Accesible desde cualquier navegador Web Soporte multiling\u00fce 24\/7 100% seguro y exitoso Caracteristicas Demo Whatsapp Monitoring Monitorice el WhatsApp para iPhone Para supervisar los &hellip; <a href=\"https:\/\/www.spymasterpro.com\/es\/espiar-whatsapp\/\" class=\"more-link\">Continue reading<span class=\"screen-reader-text\"> &#8220;Espiar WhatsApp&#8221;<\/span><\/a><\/p>\n","protected":false},"author":1,"featured_media":0,"parent":0,"menu_order":0,"comment_status":"closed","ping_status":"closed","template":"page-full.php","meta":{"_acf_changed":false,"footnotes":""},"class_list":["post-724","page","type-page","status-publish","hentry"],"acf":[],"aioseo_notices":[],"_links":{"self":[{"href":"https:\/\/www.spymasterpro.com\/es\/wp-json\/wp\/v2\/pages\/724","targetHints":{"allow":["GET"]}}],"collection":[{"href":"https:\/\/www.spymasterpro.com\/es\/wp-json\/wp\/v2\/pages"}],"about":[{"href":"https:\/\/www.spymasterpro.com\/es\/wp-json\/wp\/v2\/types\/page"}],"author":[{"embeddable":true,"href":"https:\/\/www.spymasterpro.com\/es\/wp-json\/wp\/v2\/users\/1"}],"replies":[{"embeddable":true,"href":"https:\/\/www.spymasterpro.com\/es\/wp-json\/wp\/v2\/comments?post=724"}],"version-history":[{"count":12,"href":"https:\/\/www.spymasterpro.com\/es\/wp-json\/wp\/v2\/pages\/724\/revisions"}],"predecessor-version":[{"id":3846,"href":"https:\/\/www.spymasterpro.com\/es\/wp-json\/wp\/v2\/pages\/724\/revisions\/3846"}],"wp:attachment":[{"href":"https:\/\/www.spymasterpro.com\/es\/wp-json\/wp\/v2\/media?parent=724"}],"curies":[{"name":"wp","href":"https:\/\/api.w.org\/{rel}","templated":true}]}}