{"id":677,"date":"2016-01-20T13:22:22","date_gmt":"2016-01-20T13:22:22","guid":{"rendered":"https:\/\/www.spymasterpro.com\/es\/?page_id=677"},"modified":"2022-08-09T09:59:47","modified_gmt":"2022-08-09T09:59:47","slug":"monitorizacion-del-telefono-de-los-ninos","status":"publish","type":"page","link":"https:\/\/www.spymasterpro.com\/es\/monitorizacion-del-telefono-de-los-ninos\/","title":{"rendered":"Monitorizaci\u00f3n Del Tel\u00e9fono De Los Ni\u00f1os"},"content":{"rendered":"<h2 style=\"color:black; margin-top: 20px;\">Conozca exactamente donde se encuentra su hijo en cada momento del d\u00eda con el Seguimiento GPS<\/h2>\r\n<div class=\"spy-viber-it-change\">\r\n<ul>\r\n \t<li>Compruebe la gu\u00eda telef\u00f3nica por si hubiera personas potencialmente da\u00f1inos.<\/li>\r\n \t<li>Mant\u00e9ngase actualizado con el contenido del m\u00f3vil de su hijo para ver si \u00e9l o ella tiene ning\u00fan contenido ilegal.<\/li>\r\n \t<li>Proteja a su hijo de cualquier tipo de da\u00f1o o acoso cibern\u00e9tico yendo a la ra\u00edz de los problemas con el servicio de espionaje de sms.<\/li>\r\n \t<li>Siga el informe Time LOG para saber si su hijo est\u00e1 usando el m\u00f3vil en momentos inadecuados, como al conducir o en horas intempestivas de la noche.<\/li>\r\n \t<li>Averig\u00fce acerca de la participaci\u00f3n de su hijo en actividades ilegales o peligrosas como el sexting.<\/li>\r\n<\/ul>\r\n<\/div>\r\n<p>Como padre de familia va a hacer todo lo posible para mantener a su hijo alejado de cualquier tipo de actividades ilegales. Pero en la mayor\u00eda de los casos, su hijo podr\u00eda estar escondiendo todas las partes oscuras de su vida. Esto hace que sea extremadamente dif\u00edcil para ayudarle, incluso cuando se enfrenta a una situaci\u00f3n que tiene el potencial de arruinar su carrera.<\/p>\r\n\r\n<h4>Mant\u00e9ngase informado sobre las actividades de su Hijo<\/h4>\r\n<p>Su coraz\u00f3n da un vuelco cuando ve o escucha acerca de un ni\u00f1o atrapado en alguna circunstancia desafortunada. Probablemente, la idea de que su hijo se enrede en la misma situaci\u00f3n es muy alarmante. Para evitar que ocurra esto, comience a proteger a su hijo, averiguado acerca de todas las actividades que est\u00e1 involucrado usando Spymaster pro.<\/p>\r\n\r\n<h4>Proteja a su Hijo Todo el Tiempo<\/h4>\r\n<p>La p\u00e9rdida de los tel\u00e9fonos m\u00f3viles puede ser una fuente de gran verg\u00fcenza no s\u00f3lo para su hijo, sino tambi\u00e9n para toda su familia. Este gran da\u00f1o puede aumentar si sus hijos se convierten en objetivo de los intentos maliciosos de depredadores sexuales. En primer lugar, los depredadores se hacen amigos y luego se hacen con ellos a trav\u00e9s del tel\u00e9fono. (sexting) Con el fin de proteger a su hijo de cualquiera de dichas conductas, debe utilizar Spymaster pro para rastrear de forma din\u00e1mica todas las comunicaciones entrantes y salientes desde el m\u00f3vil de su hijo<\/p>\r\n\r\n<h4>Presentaci\u00f3n de una revolucionaria soluci\u00f3n para Monitorizar a sus Hijos<\/h4>\r\n<p>Con la incre\u00edble nuevo Spymaster pro no s\u00f3lo se puede controlar el m\u00f3vil de su hijo todo el tiempo, tambi\u00e9n puede permanecer indetectable mientras lo hace. Todas las llamadas y SMS de registro, se registran y se env\u00edan a una cuenta Spymaster Pro segura creada de acuerdo con sus especificaciones, para que usted compruebe en cualquier momento que considere oportuno. Usted puede ver y volver a ver los registros para averiguar acerca de las posibles amenazas que su hijo podr\u00eda tener, pudiendo actuar sobre ella inmediatamente. Lo que realmente diferencia a este software, es su interfaz de usuario muy interactivo y eficaz. Nuestro equipo de I + D tambi\u00e9n est\u00e1 trabajando continuamente en mejoras adecuadas para hacer el software m\u00e1s f\u00e1cil de usar.<\/p>\r\n\r\n<h4>Incre\u00edbles Funcionalidades de Spymaster Pro<\/h4>\r\n<p>Spymaster Pro viene con una amplia gama de <a href=\"https:\/\/www.spymasterpro.com\/es\/caracteristicas\/\" target=\"_blank\" rel=\"noopener noreferrer\"><strong>caracter\u00edsticas alucinantes<\/strong><\/a> para ayudar a vigilar a su hijo de manera encubierta. Elija entre la versi\u00f3n Pro o b\u00e1sico dependiendo de las caracter\u00edsticas que usted necesita.<\/p>\r\n\r\n<h2 style=\"color:black;\">Funcionalidades de la versi\u00f3n b\u00e1sica<\/h2>\r\n\r\n<h4>Seguimiento SMS<\/h4>\r\n<p>Esta caracter\u00edstica es especialmente importante para los j\u00f3venes de la \u00e9poca actual. La mayor\u00eda de los j\u00f3venes prefieren los mensajes que las llamadas de voz para comunicarse por mensaje privado. Con nuestro software usted no s\u00f3lo podr\u00e1 obtener los n\u00fameros de contacto del remitente y el receptor, sino que tambi\u00e9n tendr\u00e1 cada palabra y los detalles de los mensajes enviados y recibidos.<\/p>\r\n<h4>Localizaci\u00f3n y Rastreo Con GPS<\/h4>\r\n<p>Prohibir a su hijo de ir a un lugar generalmente no funciona bien, los j\u00f3venes tienen una actitud rebelde. Muy a menudo, mienten sobre su paradero y van a los lugares prohibidos. Con el fin de asegurarse de que nada de eso suceda, es necesario mantener un seguimiento constante de sus movimientos. Con nuestro rastreador GPS puede realizar un <a href=\"https:\/\/www.spymasterpro.com\/es\/seguimiento-gps-del-telefono\/\" target=\"_blank\" rel=\"noopener noreferrer\"><strong>seguimiento de su hijo<\/strong><\/a>, cada movimiento a lo largo del d\u00eda.<\/p>\r\n<h4>Acceso a la Agenda de Contactos<\/h4>\r\n<p>Descubre toda la red de personas con las que su hijo s ha estado comunicando y tome acciones en consecuencia si encuentra algo sospechoso.<\/p>\r\n<h4>Rastreo de Email y Fotos<\/h4>\r\n<p>Otro modo privilegiado de la comunicaci\u00f3n para los j\u00f3venes de hoy en d\u00eda es a trav\u00e9s de correo electr\u00f3nico. Con esta funci\u00f3n todas las comunicaciones de correo se registrar\u00e1n en su espacio, usted podr\u00e1 ver cuando desee. Todas las fotos del tel\u00e9fono de su hijo tambi\u00e9n se cargan en la p\u00e1gina web donde se puede ver desde el \u00e1rea de miembros.<\/p>\r\n<div class=\"bigtext-red\">\r\nAhora Compre Spymaster Pro Android B\u00e1sico Con Un 50% De Descuento A Solo $ 4.4\/ Mes\r\n<\/div>\r\n<div class=\"big-button\">\r\n<a class=\"blue_btnandroid\" href=\"https:\/\/www.spymasterpro.com\/es\/comprar-ahora\/\">Comprar ahora<\/a>\r\n<\/div>\r\n<h2 style=\"color:black;\">Funcionalidades de la versi\u00f3n Pro<\/h2>\r\n<h4>Rastreo de WhatsApp<\/h4>\r\n<p>Through the help of Spymaster pro You can read whole conversation threads of your teens or your cheating spouse. It will also track shared photos and videos with their date and time.<\/p>\r\n\r\n<h4>Seguimiento de Facebook Messenger<\/h4>\r\n<p>Spymaster Pro le permite <a href=\"https:\/\/www.spymasterpro.com\/es\/facebook-spia\/\" target=\"_blank\" rel=\"noopener noreferrer\"><strong>rastrear todas las conversaciones del chat de Facebook<\/strong><\/a> con su fecha y hora exacta.<\/p>\r\n\r\n<div class=\"bigtext-red\">\r\nAhora Compre iPhone Spymaster Pro Con Un 50% De Descuento A Solo $ 7.05\/ Mes\r\n<\/div>\r\n<div class=\"big-button\">\r\n<a class=\"blue_btnandroid\" href=\"https:\/\/www.spymasterpro.com\/es\/comprar-ahora\/\">Comprar ahora<\/a>\r\n<\/div>\r\n<p><\/p>\r\n<script type=\"application\/ld+json\">\r\n    {\r\n      \"@context\": \"https:\/\/schema.org\",\r\n      \"@type\": \"SoftwareApplication\",\r\n      \"name\" : \"Spymaster Pro\",\r\n  \t  \"image\" : \"https:\/\/www.spymasterpro.com\/es\/wp-content\/uploads\/2018\/07\/Monitorizaci%C3%B3n-Del-Tel%C3%A9fono-De-Los-Ni%C3%B1os.jpg\",\r\n  \t  \"operatingSystem\": \"Windows 7, OSX 10.6, Android 1.6\",\r\n      \"applicationCategory\": \"BusinessApplication\",\r\n      \"featureList\": \"WhatsApp, Facebook, Instagram\",\r\n      \"aggregateRating\": {\r\n        \"@type\": \"AggregateRating\",\r\n        \"ratingValue\": \"4.9\",\r\n        \"ratingCount\": \"67523\"\r\n      },\r\n      \"offers\": {\r\n        \"@type\": \"Offer\",\r\n        \"price\": \"7.99\",\r\n        \"priceCurrency\": \"USD\"\r\n      }\r\n    }\r\n    <\/script>","protected":false},"excerpt":{"rendered":"<p>Conozca exactamente donde se encuentra su hijo en cada momento del d\u00eda con el Seguimiento GPS Compruebe la gu\u00eda telef\u00f3nica por si hubiera personas potencialmente da\u00f1inos. Mant\u00e9ngase actualizado con el contenido del m\u00f3vil de su hijo para ver si \u00e9l o ella tiene ning\u00fan contenido ilegal. Proteja a su hijo de cualquier tipo de da\u00f1o &hellip; <a href=\"https:\/\/www.spymasterpro.com\/es\/monitorizacion-del-telefono-de-los-ninos\/\" class=\"more-link\">Continue reading<span class=\"screen-reader-text\"> &#8220;Monitorizaci\u00f3n Del Tel\u00e9fono De Los Ni\u00f1os&#8221;<\/span><\/a><\/p>\n","protected":false},"author":1,"featured_media":1526,"parent":0,"menu_order":0,"comment_status":"closed","ping_status":"closed","template":"","meta":{"_acf_changed":false,"footnotes":""},"class_list":["post-677","page","type-page","status-publish","has-post-thumbnail","hentry"],"acf":[],"aioseo_notices":[],"_links":{"self":[{"href":"https:\/\/www.spymasterpro.com\/es\/wp-json\/wp\/v2\/pages\/677","targetHints":{"allow":["GET"]}}],"collection":[{"href":"https:\/\/www.spymasterpro.com\/es\/wp-json\/wp\/v2\/pages"}],"about":[{"href":"https:\/\/www.spymasterpro.com\/es\/wp-json\/wp\/v2\/types\/page"}],"author":[{"embeddable":true,"href":"https:\/\/www.spymasterpro.com\/es\/wp-json\/wp\/v2\/users\/1"}],"replies":[{"embeddable":true,"href":"https:\/\/www.spymasterpro.com\/es\/wp-json\/wp\/v2\/comments?post=677"}],"version-history":[{"count":2,"href":"https:\/\/www.spymasterpro.com\/es\/wp-json\/wp\/v2\/pages\/677\/revisions"}],"predecessor-version":[{"id":3733,"href":"https:\/\/www.spymasterpro.com\/es\/wp-json\/wp\/v2\/pages\/677\/revisions\/3733"}],"wp:featuredmedia":[{"embeddable":true,"href":"https:\/\/www.spymasterpro.com\/es\/wp-json\/wp\/v2\/media\/1526"}],"wp:attachment":[{"href":"https:\/\/www.spymasterpro.com\/es\/wp-json\/wp\/v2\/media?parent=677"}],"curies":[{"name":"wp","href":"https:\/\/api.w.org\/{rel}","templated":true}]}}