{"id":672,"date":"2016-01-20T13:01:34","date_gmt":"2016-01-20T13:01:34","guid":{"rendered":"https:\/\/www.spymasterpro.com\/es\/?page_id=672"},"modified":"2022-08-09T10:19:18","modified_gmt":"2022-08-09T10:19:18","slug":"rastreo-del-telefono-movil","status":"publish","type":"page","link":"https:\/\/www.spymasterpro.com\/es\/rastreo-del-telefono-movil\/","title":{"rendered":"Rastreo del Tel\u00e9fono M\u00f3vil"},"content":{"rendered":"<p style=\"text-align: justify;\">Spymaster Pro es una de las plataformas de rastreo de tel\u00e9fonos m\u00f3viles de m\u00e1s confianza y eficientes, que garantizan el seguimiento de la ubicaci\u00f3n incluso en aplicaciones basadas en GPS que fallan. Sumado a esto, Spymaster Pro le da ventaja con la provisi\u00f3n de herramientas de seguimiento adicionales con el fin de asegurar que tiene los registros completos de todas las actividades que han existido en el m\u00f3vil y as\u00ed garantizar su vigilancia.<\/p>\r\n<p style=\"text-align: justify;\">El Software de seguimiento del tel\u00e9fono m\u00f3vil registrar\u00e1 todas las actividades paralelas y adjuntar\u00e1 los datos de las mismas actividades en su cuenta de usuario del jefe de Spymaster Pro. Esta aplicaci\u00f3n de seguimiento es compatible con todos los tipos de tel\u00e9fonos inteligentes como el iPhone, Nokia, Samsung, Sony, etc. Micro Max. Spymaster Pro se identifica como el software m\u00e1s completo de seguimiento del tel\u00e9fono m\u00f3vil, adem\u00e1s puede realizar estas tareas:<\/p>\r\n\r\n<div class=\"spy-viber-it-change\" style=\"text-align: justify;\">\r\n<ul>\r\n \t<li>Examinar todos los correos electr\u00f3nicos, SMS entrantes \/ salientes,<\/li>\r\n \t<li>Revise historial de navegaci\u00f3n web<\/li>\r\n \t<li>Cada llamada realizada o recibida podr\u00e1 ser escuchada<\/li>\r\n \t<li>Hacer Escuchas en Ambiente<\/li>\r\n \t<li>Ver todas las fotograf\u00edas y v\u00eddeos<\/li>\r\n \t<li>Incluso donde GPS tradicional falla, se puede rastrear el tel\u00e9fono m\u00f3vil via GPS<\/li>\r\n \t<li><a href=\"https:\/\/www.spymasterpro.com\/es\/espiar-whatsapp\/\" target=\"_blank\" rel=\"noopener noreferrer\"><strong>Rastrear chat de WhatsApp con Fecha y hora exacta<\/strong><\/a><\/li>\r\n \t<li>Seguir el chat Facebook Messenger<\/li>\r\n<\/ul>\r\n<\/div>\r\n<div class=\"first_content-bottom strip_space\" style=\"text-align: justify;\">\r\n<div class=\"col-xl-12 col-xs-12 col-sm-12 col-md-12 strip_txt text-xs-center bigtext-red\">Obtener esp\u00eda Pro Android b\u00e1sico de $6.66 \/ mes<\/div>\r\n<div class=\"buy_panel text-xs-center hidden-sm-down\"><a class=\"blue_btn\" href=\"https:\/\/www.spymasterpro.com\/demo\/index.php\">Demo<\/a> <a class=\"blue_btn demo_btn\" href=\"https:\/\/www.spymasterpro.com\/es\/comprar-ahora\/\">CONSIGALO AQU\u00cd<\/a> <a class=\"blue_btn \" href=\"https:\/\/www.spymasterpro.com\/es\/seguro-de-usar\/\">Seguro De Usar <\/a><\/div>\r\n<div class=\"buy_panel text-xs-center hidden-md-up\"><a class=\"blue_btn\" href=\"#\">Mais recursos<\/a> <a class=\"blue_btn demo_btn\" href=\"#\">Compre Agora<\/a><\/div>\r\n<\/div>\r\n<p style=\"text-align: justify;\"><\/p>\r\n<script type=\"application\/ld+json\">\r\n    {\r\n      \"@context\": \"https:\/\/schema.org\",\r\n      \"@type\": \"SoftwareApplication\",\r\n      \"name\" : \"Spymaster Pro\",\r\n  \t  \"image\" : \"https:\/\/www.spymasterpro.com\/es\/wp-content\/uploads\/2019\/12\/Seguimiento-de-telefon%C3%ADa-m%C3%B3vil-1024x536.jpg\",\r\n  \t  \"operatingSystem\": \"Windows 7, OSX 10.6, Android 1.6\",\r\n      \"applicationCategory\": \"BusinessApplication\",\r\n      \"featureList\": \"WhatsApp, Facebook, Instagram\",\r\n      \"aggregateRating\": {\r\n        \"@type\": \"AggregateRating\",\r\n        \"ratingValue\": \"4.9\",\r\n        \"ratingCount\": \"23658\"\r\n      },\r\n      \"offers\": {\r\n        \"@type\": \"Offer\",\r\n        \"price\": \"7.99\",\r\n        \"priceCurrency\": \"USD\"\r\n      }\r\n    }\r\n    <\/script>","protected":false},"excerpt":{"rendered":"<p>Spymaster Pro es una de las plataformas de rastreo de tel\u00e9fonos m\u00f3viles de m\u00e1s confianza y eficientes, que garantizan el seguimiento de la ubicaci\u00f3n incluso en aplicaciones basadas en GPS que fallan. Sumado a esto, Spymaster Pro le da ventaja con la provisi\u00f3n de herramientas de seguimiento adicionales con el fin de asegurar que tiene &hellip; <a href=\"https:\/\/www.spymasterpro.com\/es\/rastreo-del-telefono-movil\/\" class=\"more-link\">Continue reading<span class=\"screen-reader-text\"> &#8220;Rastreo del Tel\u00e9fono M\u00f3vil&#8221;<\/span><\/a><\/p>\n","protected":false},"author":1,"featured_media":1989,"parent":0,"menu_order":0,"comment_status":"closed","ping_status":"closed","template":"","meta":{"_acf_changed":false,"footnotes":""},"class_list":["post-672","page","type-page","status-publish","has-post-thumbnail","hentry"],"acf":[],"aioseo_notices":[],"_links":{"self":[{"href":"https:\/\/www.spymasterpro.com\/es\/wp-json\/wp\/v2\/pages\/672","targetHints":{"allow":["GET"]}}],"collection":[{"href":"https:\/\/www.spymasterpro.com\/es\/wp-json\/wp\/v2\/pages"}],"about":[{"href":"https:\/\/www.spymasterpro.com\/es\/wp-json\/wp\/v2\/types\/page"}],"author":[{"embeddable":true,"href":"https:\/\/www.spymasterpro.com\/es\/wp-json\/wp\/v2\/users\/1"}],"replies":[{"embeddable":true,"href":"https:\/\/www.spymasterpro.com\/es\/wp-json\/wp\/v2\/comments?post=672"}],"version-history":[{"count":2,"href":"https:\/\/www.spymasterpro.com\/es\/wp-json\/wp\/v2\/pages\/672\/revisions"}],"predecessor-version":[{"id":3759,"href":"https:\/\/www.spymasterpro.com\/es\/wp-json\/wp\/v2\/pages\/672\/revisions\/3759"}],"wp:featuredmedia":[{"embeddable":true,"href":"https:\/\/www.spymasterpro.com\/es\/wp-json\/wp\/v2\/media\/1989"}],"wp:attachment":[{"href":"https:\/\/www.spymasterpro.com\/es\/wp-json\/wp\/v2\/media?parent=672"}],"curies":[{"name":"wp","href":"https:\/\/api.w.org\/{rel}","templated":true}]}}