{"id":669,"date":"2016-01-20T12:52:27","date_gmt":"2016-01-20T12:52:27","guid":{"rendered":"https:\/\/www.spymasterpro.com\/es\/?page_id=669"},"modified":"2022-08-09T10:00:21","modified_gmt":"2022-08-09T10:00:21","slug":"monitorice-a-sus-empleados","status":"publish","type":"page","link":"https:\/\/www.spymasterpro.com\/es\/monitorice-a-sus-empleados\/","title":{"rendered":"Monitorice a Sus Empleados"},"content":{"rendered":"<img loading=\"lazy\" decoding=\"async\" class=\"wp-image-1819 size-full\" title=\"Monitorice a Sus Empleados\" src=\"https:\/\/www.spymasterpro.com\/es\/wp-content\/uploads\/2019\/06\/Logiciel-de-surveillance-des-employ\u00e9s.jpg\" alt=\"Monitorice a Sus Empleados\" width=\"650\" height=\"350\" srcset=\"https:\/\/www.spymasterpro.com\/es\/wp-content\/uploads\/2019\/06\/Logiciel-de-surveillance-des-employ\u00e9s.jpg 650w, https:\/\/www.spymasterpro.com\/es\/wp-content\/uploads\/2019\/06\/Logiciel-de-surveillance-des-employ\u00e9s-600x323.jpg 600w, https:\/\/www.spymasterpro.com\/es\/wp-content\/uploads\/2019\/06\/Logiciel-de-surveillance-des-employ\u00e9s-300x162.jpg 300w, https:\/\/www.spymasterpro.com\/es\/wp-content\/uploads\/2019\/06\/Logiciel-de-surveillance-des-employ\u00e9s-20x11.jpg 20w\" sizes=\"auto, (max-width: 650px) 85vw, 650px\" \/>\r\n<h2 style=\"text-align: justify;\">Monitorice a sus empleados con Spymaster Pro<\/h2>\r\n<p style=\"text-align: justify;\">Spymaster Pro es un software de espionaje muy potente que te permite rastrear cada informaci\u00f3n del tel\u00e9fono deseado, ya sea Android o iOS. Le da 100% de datos relevantes sin tocar el tel\u00e9fono. Puede acceder a todo remotamente, sentado en la comodidad de su hogar. S\u00f3lo tienes que obtener el software y comenzar a <a href=\"https:\/\/www.spymasterpro.com\/es\/espiar-whatsapp\/\" target=\"_blank\" rel=\"noopener noreferrer\"><strong>rastrear chats de WhatsApp<\/strong><\/a>, mensajes de Facebook, registros de llamadas, fotos y muchos m\u00e1s, en un solo clic.<\/p>\r\n\r\n<h2 style=\"text-align: justify;\">Funcionalidades<\/h2>\r\n<ol style=\"text-align: justify;\">\r\n \t<li><strong>SEGUIMIENTO DE LLAMADAS<\/strong><\/li>\r\n<\/ol>\r\n<p style=\"text-align: justify;\">Compruebe las llamadas que su hijo, empleado o su c\u00f3nyuge han hecho o de qu\u00e9 n\u00fameros han recibido las llamadas, adem\u00e1s tambi\u00e9n puede ver el n\u00famero de llamadas marcadas o recibidas de cada n\u00famero en cualquier intervalo de fechas en particular. Tambi\u00e9n puede comprobar la duraci\u00f3n de cada llamada y el nombre de la persona.<\/p>\r\n\r\n<ol style=\"text-align: justify;\">\r\n \t<li><strong>Seguimiento SMS<\/strong><\/li>\r\n<\/ol>\r\n<p style=\"text-align: justify;\">Registro completo de los sms del tel\u00e9fono de su empleado. Incluso despu\u00e9s de ser eliminados del tel\u00e9fono recibir\u00e1 el registro de los sms junto con el contenido de cada sms.<\/p>\r\n\r\n<ol style=\"text-align: justify;\">\r\n \t<li><strong>Seguimiento de la Localizaci\u00f3n con GPS<\/strong><\/li>\r\n<\/ol>\r\n<p style=\"text-align: justify;\">Puede averiguar exactamente d\u00f3nde est\u00e1 su empleado en cualquier momento utilizando el software de <a href=\"https:\/\/www.spymasterpro.com\/es\/seguimiento-gps-del-telefono\/\" target=\"_blank\" rel=\"noopener noreferrer\"><strong>rastreo GPS<\/strong><\/a>. Esto puede ser muy \u00fatil para el seguimiento de un tipo de ventas cuyo paradero exacto se puede seguir.<\/p>\r\n\r\n<ol style=\"text-align: justify;\">\r\n \t<li><strong>Seguimiento de Email y Tel\u00e9fono<\/strong><\/li>\r\n<\/ol>\r\n<p style=\"text-align: justify;\">Obtenga acceso a los contenidos de cada uno y todos los correos electr\u00f3nicos enviados desde el tel\u00e9fono de su empleado. Fotos realizadas por sus empleados, se almacenar\u00e1n lejos en un lugar seguro desde donde se puede recuperar en caso de necesidad.<\/p>\r\n\r\n<ol style=\"text-align: justify;\">\r\n \t<li><strong>Acceso a la Agenda de Contactos<\/strong><\/li>\r\n<\/ol>\r\n<p style=\"text-align: justify;\">Tenga acceso completo a la libreta de contactos de sus empleados y averiguar si son amigos o personas que puedan resultar perjudiciales para su empresa.<\/p>\r\n\r\n<ol style=\"text-align: justify;\">\r\n \t<li><strong>SEGUIMIENTO DE LA URL<\/strong><\/li>\r\n<\/ol>\r\n<p style=\"text-align: justify;\">Todos los sitios web que visitas de usuario tambi\u00e9n se registran con nuestro Spymaster Pro Software. Cada detalle de la URL se almacena en la cuenta de Spymaster Pro.<\/p>\r\n\r\n<ol style=\"text-align: justify;\">\r\n \t<li><strong>SEGUIMIENTO DE LAS FOTOS<\/strong><\/li>\r\n<\/ol>\r\n<p style=\"text-align: justify;\">Spymaster Pro mantiene una pista en las fotos que se est\u00e1n siendo enviadas \/ recibidas en el tel\u00e9fono. Cada detalle de la foto se almacena en la cuenta de Spymaster Pro.<\/p>\r\n\r\n<div class=\"strip_space\" style=\"text-align: justify;\">\r\n<div class=\"col-xl-12 col-xs-12 col-sm-12 col-md-12 strip_txt text-xs-center bigtext-red\">\r\n\r\nAhora Compre Spymaster Pro Android B\u00e1sico Con Un 50% De Descuento A Solo $ 4.4\/ Mes\r\n\r\n<\/div>\r\n<div class=\"strip_btn feature_bottom text-xs-center\"><a class=\"blue_btn\" href=\"https:\/\/www.spymasterpro.com\/demo\/index.php\">Demo<\/a> <a class=\"white_btn demo_btn\" href=\"https:\/\/www.spymasterpro.com\/es\/comprar-ahora\/\">CONSIGALO AQU\u00cd<\/a><\/div>\r\n<\/div>\r\n<ol style=\"text-align: justify;\">\r\n \t<li><strong>Seguimiento De WhatsApp<\/strong><\/li>\r\n<\/ol>\r\n<p style=\"text-align: justify;\">A trav\u00e9s de Spymaster pro puedes leer hilos de conversaciones enteras de sus hijos adolescentes o su c\u00f3nyuge infiel. Tambi\u00e9n har\u00e1 un seguimiento de las fotos compartidas y v\u00eddeos con su fecha y hora.<\/p>\r\n\r\n<ol style=\"text-align: justify;\">\r\n \t<li><strong>Seguimiento de Facebook Messenger<\/strong><\/li>\r\n<\/ol>\r\n<p style=\"text-align: justify;\">Spymaster Pro le permite<a href=\"https:\/\/www.spymasterpro.com\/es\/blog\/2017\/08\/17\/como-espiar-conversaciones-de-chat-en-facebook\/\" target=\"_blank\" rel=\"noopener noreferrer\"><strong> rastrear el chat de Facebook<\/strong><\/a> de forma remota con su fecha y hora exactas.<\/p>\r\n\r\n<div class=\"strip_space\" style=\"text-align: justify;\">\r\n<div class=\"col-xl-12 col-xs-12 col-sm-12 col-md-12 strip_txt text-xs-center bigtext-red\" style=\"text-align: justify;\">Ahora Compre iPhone Spymaster Pro Con Un 50% De Descuento A Solo $ 7.05\/ Mes<\/div>\r\n<div class=\"strip_btn feature_bottom text-xs-center\" style=\"text-align: justify;\"><a class=\"blue_btn\" href=\"https:\/\/www.spymasterpro.com\/es\/tour-rapido\/\"> Tour Rapido <\/a> <a class=\"white_btn demo_btn\" href=\"https:\/\/www.spymasterpro.com\/es\/comprar-ahora\/\">CONS\u00cdGUELO AQU\u00cd<\/a><\/div>\r\n<\/div>\r\n<p style=\"text-align: justify;\"><\/p>\r\n<script type=\"application\/ld+json\">\r\n    {\r\n      \"@context\": \"https:\/\/schema.org\",\r\n      \"@type\": \"SoftwareApplication\",\r\n      \"name\" : \"Spymaster Pro\",\r\n  \t  \"image\" : \"https:\/\/www.spymasterpro.com\/es\/wp-content\/uploads\/2019\/06\/Logiciel-de-surveillance-des-employ%C3%A9s.jpg\",\r\n  \t  \"operatingSystem\": \"Windows 7, OSX 10.6, Android 1.6\",\r\n      \"applicationCategory\": \"BusinessApplication\",\r\n      \"featureList\": \"WhatsApp, Facebook, Instagram\",\r\n      \"aggregateRating\": {\r\n        \"@type\": \"AggregateRating\",\r\n        \"ratingValue\": \"4.9\",\r\n        \"ratingCount\": \"83523\"\r\n      },\r\n      \"offers\": {\r\n        \"@type\": \"Offer\",\r\n        \"price\": \"7.99\",\r\n        \"priceCurrency\": \"USD\"\r\n      }\r\n    }\r\n    <\/script>","protected":false},"excerpt":{"rendered":"<p>Monitorice a sus empleados con Spymaster Pro Spymaster Pro es un software de espionaje muy potente que te permite rastrear cada informaci\u00f3n del tel\u00e9fono deseado, ya sea Android o iOS. Le da 100% de datos relevantes sin tocar el tel\u00e9fono. Puede acceder a todo remotamente, sentado en la comodidad de su hogar. S\u00f3lo tienes que &hellip; <a href=\"https:\/\/www.spymasterpro.com\/es\/monitorice-a-sus-empleados\/\" class=\"more-link\">Continue reading<span class=\"screen-reader-text\"> &#8220;Monitorice a Sus Empleados&#8221;<\/span><\/a><\/p>\n","protected":false},"author":1,"featured_media":0,"parent":0,"menu_order":0,"comment_status":"closed","ping_status":"closed","template":"","meta":{"_acf_changed":false,"footnotes":""},"class_list":["post-669","page","type-page","status-publish","hentry"],"acf":[],"aioseo_notices":[],"_links":{"self":[{"href":"https:\/\/www.spymasterpro.com\/es\/wp-json\/wp\/v2\/pages\/669","targetHints":{"allow":["GET"]}}],"collection":[{"href":"https:\/\/www.spymasterpro.com\/es\/wp-json\/wp\/v2\/pages"}],"about":[{"href":"https:\/\/www.spymasterpro.com\/es\/wp-json\/wp\/v2\/types\/page"}],"author":[{"embeddable":true,"href":"https:\/\/www.spymasterpro.com\/es\/wp-json\/wp\/v2\/users\/1"}],"replies":[{"embeddable":true,"href":"https:\/\/www.spymasterpro.com\/es\/wp-json\/wp\/v2\/comments?post=669"}],"version-history":[{"count":2,"href":"https:\/\/www.spymasterpro.com\/es\/wp-json\/wp\/v2\/pages\/669\/revisions"}],"predecessor-version":[{"id":3734,"href":"https:\/\/www.spymasterpro.com\/es\/wp-json\/wp\/v2\/pages\/669\/revisions\/3734"}],"wp:attachment":[{"href":"https:\/\/www.spymasterpro.com\/es\/wp-json\/wp\/v2\/media?parent=669"}],"curies":[{"name":"wp","href":"https:\/\/api.w.org\/{rel}","templated":true}]}}