{"id":399,"date":"2015-03-20T10:20:08","date_gmt":"2015-03-20T10:20:08","guid":{"rendered":"https:\/\/www.spymasterpro.com\/es\/?page_id=399"},"modified":"2020-03-07T10:35:41","modified_gmt":"2020-03-07T10:35:41","slug":"espiar-chats","status":"publish","type":"page","link":"https:\/\/www.spymasterpro.com\/es\/espiar-chats\/","title":{"rendered":"Espiar Chats"},"content":{"rendered":"<h4 style=\"text-align: justify;\">Rastreo de WhatsApp<\/h4>\r\n<p style=\"text-align: justify;\">Spymaster Pro puede controlar y rastrear todas las conversaciones de WhatsApp del tel\u00e9fono m\u00f3vil monitoreado! Tendr\u00e1 la oportunidad de leer todos los chats y ver otros tipos de archivos compartidos a lo largo de la charla con la ayuda del software de <a href=\"https:\/\/www.spymasterpro.com\/es\/espiar-whatsapp\/\" target=\"_blank\" rel=\"noopener noreferrer\"><strong>seguimiento de WhatsApp.<\/strong><\/a><\/p>\r\n\r\n<div class=\"spy-viber-it-change\" style=\"text-align: justify;\">\r\n<ul>\r\n \t<li>Leer conversaciones enteras de WhatsApp.<\/li>\r\n \t<li>Revisar los contactos de Whatsapp.<\/li>\r\n \t<li>Ver el d\u00eda y la hora.<\/li>\r\n \t<li>Ver archivos multimedia ej. im\u00e1genes, audio, video y la localizaci\u00f3n.<\/li>\r\n<\/ul>\r\n<\/div>\r\n<h4 style=\"text-align: justify;\">\u00bfPor que lo necesita?<\/h4>\r\n<p style=\"text-align: justify;\">WhatsApp puede desvelar la verdad oculta, por lo tanto, explore todas las charlas que tienen lugar en WhatsApp del m\u00f3vil del usuario monitoreado. Llegue hasta el fondo y conozca la verdad de sus seres queridos que, le han estado escondiendo desde hace mucho tiempo.<\/p>\r\n\r\n<h4 style=\"text-align: justify;\">Rastreo de Viber<\/h4>\r\n<p style=\"text-align: justify;\">Esp\u00ede sin esfuerzo Viber en el tel\u00e9fono m\u00f3vil monitorizado con la ayuda de Spymaster Pro. Usted puede leer f\u00e1cilmente los chats, escuchar las llamadas, en fin todas, las actividades que ocurren en Viber. El usuario puede :-<\/p>\r\n\r\n<div class=\"spy-viber-it-change\" style=\"text-align: justify;\">\r\n<ul>\r\n \t<li>Leer los Chats de Viber.<\/li>\r\n \t<li>Escuchar las llamadas de Viber.<\/li>\r\n \t<li>Ver los contactos de Viber.<\/li>\r\n<\/ul>\r\n<\/div>\r\n<h4 style=\"text-align: justify;\">\u00bfPor que lo necesita?<\/h4>\r\n<p style=\"text-align: justify;\">Eso s\u00ed, no se quede sentado y espere a que la verdad aparezca por s\u00ed sola, si tiene dudas, debe de acabar con ellas!. Instale Spymaster Pro y obtenga los detalles de la aplicaci\u00f3n Viber del tel\u00e9fono m\u00f3vil monitorizado.<\/p>\r\n\r\n<h4 style=\"text-align: justify;\">Seguimiento del Messenger de Facebook<\/h4>\r\n<p style=\"text-align: justify;\">Spymaster Pro le permite ver chats de Facebook. Es f\u00e1cil <a href=\"https:\/\/www.spymasterpro.com\/es\/facebook-spia\/\" target=\"_blank\" rel=\"noopener noreferrer\"><strong>espiar Facebook<\/strong><\/a> Messenger con la ayuda de Spymaster Pro. El usuario puede: &#8211;<\/p>\r\n\r\n<div class=\"spy-viber-it-change\" style=\"text-align: justify;\">\r\n<ul>\r\n \t<li>Explorar todos los chats.<\/li>\r\n \t<li>Consultar los destinatarios del chat.<\/li>\r\n \t<li>Ver el d\u00eda y la hora del chat.<\/li>\r\n<\/ul>\r\n<\/div>\r\n<h4 style=\"text-align: justify;\">\u00bfPor que lo necesita?<\/h4>\r\n<p style=\"text-align: justify;\">Si su hijo est\u00e1 siempre conectado, golpeando las teclas de tel\u00e9fono m\u00f3vil, es buen momento para saber lo que est\u00e1 haciendo. Instale Spymaster Pro en su tel\u00e9fono m\u00f3vil, y lea todos los chats del Messenger de Facebook.<\/p>\r\n\r\n<div class=\"bigtext-red\" style=\"text-align: justify;\">Obtener el Spymaster Pro solo de <del datetime=\"2016-01-23T05:56:07+00:00\">$10.41<\/del> $8.33 por mes<\/div>\r\n<div class=\"big-button\" style=\"text-align: justify;\"><a class=\"blue_btnandroid\" href=\"https:\/\/www.spymasterpro.com\/es\/comprar-ahora\/\">Comprar ahora<\/a><\/div>\r\n<p style=\"text-align: justify;\"><!-- .entry-content --><\/p>\r\n<p style=\"text-align: justify;\"><\/p>","protected":false},"excerpt":{"rendered":"<p>Rastreo de WhatsApp Spymaster Pro puede controlar y rastrear todas las conversaciones de WhatsApp del tel\u00e9fono m\u00f3vil monitoreado! Tendr\u00e1 la oportunidad de leer todos los chats y ver otros tipos de archivos compartidos a lo largo de la charla con la ayuda del software de seguimiento de WhatsApp. Leer conversaciones enteras de WhatsApp. Revisar los &hellip; <a href=\"https:\/\/www.spymasterpro.com\/es\/espiar-chats\/\" class=\"more-link\">Continue reading<span class=\"screen-reader-text\"> &#8220;Espiar Chats&#8221;<\/span><\/a><\/p>\n","protected":false},"author":1,"featured_media":0,"parent":0,"menu_order":0,"comment_status":"open","ping_status":"open","template":"","meta":{"_acf_changed":false,"footnotes":""},"class_list":["post-399","page","type-page","status-publish","hentry"],"acf":[],"aioseo_notices":[],"_links":{"self":[{"href":"https:\/\/www.spymasterpro.com\/es\/wp-json\/wp\/v2\/pages\/399","targetHints":{"allow":["GET"]}}],"collection":[{"href":"https:\/\/www.spymasterpro.com\/es\/wp-json\/wp\/v2\/pages"}],"about":[{"href":"https:\/\/www.spymasterpro.com\/es\/wp-json\/wp\/v2\/types\/page"}],"author":[{"embeddable":true,"href":"https:\/\/www.spymasterpro.com\/es\/wp-json\/wp\/v2\/users\/1"}],"replies":[{"embeddable":true,"href":"https:\/\/www.spymasterpro.com\/es\/wp-json\/wp\/v2\/comments?post=399"}],"version-history":[{"count":0,"href":"https:\/\/www.spymasterpro.com\/es\/wp-json\/wp\/v2\/pages\/399\/revisions"}],"wp:attachment":[{"href":"https:\/\/www.spymasterpro.com\/es\/wp-json\/wp\/v2\/media?parent=399"}],"curies":[{"name":"wp","href":"https:\/\/api.w.org\/{rel}","templated":true}]}}