{"id":331,"date":"2015-01-22T12:02:50","date_gmt":"2015-01-22T12:02:50","guid":{"rendered":"https:\/\/www.spymasterpro.com\/es\/?page_id=331"},"modified":"2025-03-03T11:19:51","modified_gmt":"2025-03-03T11:19:51","slug":"como-funciona-spymaster-pro","status":"publish","type":"page","link":"https:\/\/www.spymasterpro.com\/es\/como-funciona-spymaster-pro\/","title":{"rendered":"Como Funciona Spymaster Pro"},"content":{"rendered":"<p>\u00bfNo es imposible mantener continuamente un control sobre alguien? Pero si hay necesidad de ello, entonces uno debe buscar cualquiera de las opciones que figuran a continuaci\u00f3n.<\/p>\r\n\r\n<div class=\"spy-viber-it-change\">\r\n<ul>\r\n \t<li>Preguntar a amigos.<\/li>\r\n \t<li>Comprobar el tema del que duda.<\/li>\r\n \t<li>Usar sistemas de vigilancia.<\/li>\r\n<\/ul>\r\n<\/div>\r\n<p>Usted podr\u00eda tomar uno de sus tel\u00e9fonos y mirar pues sabe que los tel\u00e9fonos tienen mucha informaci\u00f3n relevantee. Hay una mejor posibilidad tambi\u00e9n que es la comprobaci\u00f3n completa del tel\u00e9fono m\u00f3vil del que sospechamos. Esto tambi\u00e9n se puede hacer de muchas maneras inteligentes al dejar atr\u00e1s el miedo de ser atrapado. Aunque parece ser totalmente imposible, con la ayuda de cierto tipo de software se puede espiar a los tel\u00e9fonos de los que queremos. Mientras est\u00e9 en modo remoto siempre conocer\u00f1a todo lo que pase en el tel\u00e9fono en el que instal\u00f3 el software. Mientras hace algo como tomar un caf\u00e9 puede pasar por todos los detalles de las actividades del tel\u00e9fono de su inter\u00e9s. Algunos lo llamar\u00e1n una sorpresa pero la gente tecnol\u00f3gica tiene sus formas de definirlo.<\/p>\r\n<p><strong>1. C\u00f3mo empezar<\/strong><\/p>\r\n<p>Asegurar primero la compatibilidad del tel\u00e9fono en el que se opta por utilizar el software. A pesar de que no hay necesidad de preocuparse si se va a utilizar en cualquier modelo de iPhone y Android. Todas las redes tambi\u00e9n apoyan el uso del software.<\/p>\r\n<p>Si a\u00fan as\u00ed quiere comprobar la compatibilidad del tel\u00e9fono con el software, entonces puede visitar la p\u00e1gina de <strong><a href=\"https:\/\/www.spymasterpro.com\/es\/moviles-compatibles\/\" target=\"_blank\" rel=\"noopener noreferrer\">tel\u00e9fonos compatibles<\/a><\/strong>.<\/p>\r\n<p>Una vez convencido de la compatibilidad puede comprar el software. <a href=\"https:\/\/www.spymasterpro.com\/es\/comprar-ahora\/\" target=\"_blank\" rel=\"noopener noreferrer\"><strong>Compre ahora<\/strong><\/a> para comprar el software Spymaster Pro.<\/p>\r\n<p>Una vez que el software se compra puede instalarlo en el tel\u00e9fono a espiar.<\/p>\r\n<p>Siga el procedimiento de la instalaci\u00f3n al llegar a la p\u00e1gina de <strong><a href=\"https:\/\/www.spymasterpro.com\/es\/instalacion-android\/\" target=\"_blank\" rel=\"noopener noreferrer\">C\u00f3mo instalar Spymaster Pro.<\/a><\/strong><\/p>\r\n<p><strong>2. C\u00f3mo funciona<\/strong><\/p>\r\n<p>1.La instalaci\u00f3n se lleva a cabo recopilando algunos datos para el servidor. Esto lleva algunos minutos.<\/p>\r\n<p>2.Adem\u00e1s de los datos guardados en los tel\u00e9fonos los ajustes se guardar\u00e1n en nuestros servidores. Cualquier nueva actividad que suceda en el tel\u00e9fono objetivo queda guardada en los servidores en tiempo real.<\/p>\r\n<p>3.Puede comprobar los detalles en cualquier momento entrando en su cuenta<\/p>\r\n<p><strong>3. Entre Spymaster Pro as\u00ed:<\/strong><\/p>\r\n<p>Introduzca el usuario y contrase\u00f1a y luego dele a <a title=\"Login\" href=\"https:\/\/senseye.spymasterpro.com\/main_admin\/login.php\" target=\"_blank\" rel=\"noopener noreferrer\"><strong>Login<\/strong><\/a>.<\/p>\r\n<p><strong>Inicio:<\/strong><\/p>\r\n<p>Las pesta\u00f1as como SMS Logs, Emails, Phonebook, Geo Location, URL Tracking, Photos Tracking Call Logs est\u00e1n disponibles aqu\u00ed. Cada pesta\u00f1a tiene datos actualizados del tel\u00e9fono objetivo en tiempo real en relaci\u00f3n a las caracter\u00edsticas ofrecidas.<\/p>\r\n<p><img loading=\"lazy\" decoding=\"async\" class=\"aligncenter wp-image-658 size-large\" src=\"https:\/\/www.spymasterpro.com\/es\/wp-content\/uploads\/2015\/01\/dashboard-1024x667.png\" alt=\"dashboard\" width=\"840\" height=\"547\" srcset=\"https:\/\/www.spymasterpro.com\/es\/wp-content\/uploads\/2015\/01\/dashboard-1024x667.png 1024w, https:\/\/www.spymasterpro.com\/es\/wp-content\/uploads\/2015\/01\/dashboard-600x391.png 600w, https:\/\/www.spymasterpro.com\/es\/wp-content\/uploads\/2015\/01\/dashboard-300x195.png 300w, https:\/\/www.spymasterpro.com\/es\/wp-content\/uploads\/2015\/01\/dashboard-768x500.png 768w, https:\/\/www.spymasterpro.com\/es\/wp-content\/uploads\/2015\/01\/dashboard-1200x781.png 1200w, https:\/\/www.spymasterpro.com\/es\/wp-content\/uploads\/2015\/01\/dashboard.png 1287w\" sizes=\"auto, (max-width: 709px) 85vw, (max-width: 909px) 67vw, (max-width: 1362px) 62vw, 840px\" \/><\/p>\r\n<p><strong><span style=\"font-size: 19px; font-family: bold;\">Registro de llamadas:<\/span><\/strong><\/p>\r\n<p>Le llevar\u00e1 a los registros de todos los contactos e incluso otros detalles.<\/p>\r\n<p><strong><span style=\"font-size: 19px; font-family: bold;\">Registro de SMS:<\/span><\/strong><\/p>\r\n<p>Le mostrar\u00e1 todos los detalles relacionados con mensajes de texto incluso si fueron borrados por el usuario.<\/p>\r\n<p><strong><span style=\"font-size: 19px; font-family: bold;\">WhatsApp:<\/span><\/strong><\/p>\r\n<p>Spymaster Pro controla las <a title=\"Whatsapp\" href=\"https:\/\/www.spymasterpro.com\/es\/espia-de-whatsapp\/\" target=\"_blank\" rel=\"noopener noreferrer\"><strong>WhatsApp<\/strong><\/a> conversaciones y mesajes entrantes y salientes, im\u00e1genes y v\u00eddeos as\u00ed como hora y fecha.<\/p>\r\n<p><strong><span style=\"font-size: 19px; font-family: bold;\">Registro de email:<\/span><\/strong><\/p>\r\n<p>Incluye datos como fecha, hora, nombre, asunto y el contenido as\u00ed como los archivos adjuntos si hubiese alguno.<\/p>\r\n<p><strong><span style=\"font-size: 19px; font-family: bold;\">Contactos:<\/span><\/strong><\/p>\r\n<p>Todos los contactos de la lista de contactos aparecen con detalles as\u00ed como los n\u00fameros adicionales del usuario.<\/p>\r\n<p><strong><span style=\"font-size: 19px; font-family: bold;\">URL Historial:<\/span><\/strong><\/p>\r\n<p>Cada detalle individual de la navegaci\u00f3n del tel\u00e9fono objtivo se mostrar\u00f1a aqu\u00ed as\u00ed como fecha y n\u00famero de visitas.<\/p>\r\n<p><strong><span style=\"font-size: 19px; font-family: bold;\">Registro de llamadas:<\/span><\/strong><\/p>\r\n<p>Detalles de las llamadas ser\u00e1n recogidos incluyendo tiempo, duraci\u00f3n y hora.<\/p>\r\n<p><strong><span style=\"font-size: 19px; font-family: bold;\">Fotos:<\/span><\/strong><\/p>\r\n<p>Las fotos de cualquier tama\u00f1o que fuesen compartidas desde el tel\u00e9fono tambi\u00e9n estar\u00e1n disponibles para usted.<\/p>\r\n<p><strong><span style=\"font-size: 19px; font-family: bold;\">Geolocalizaci\u00f3n:<\/span><\/strong><\/p>\r\n<p>Todas las direcciones y lugares as\u00ed como el historial de localizaci\u00f3n del tel\u00e9fono estar\u00e1n disponibles a trav\u00e9s del GPS de Spymaster Pro. Encuentre tambi\u00e9n localizaci\u00f3n en tiempo real.<strong>.<\/strong><\/p>\r\n<p align=\"justify\"><img loading=\"lazy\" decoding=\"async\" class=\"alignright wp-image-647 size-large\" src=\"https:\/\/www.spymasterpro.com\/es\/wp-content\/uploads\/2015\/01\/^3FAC83535F7A588B33180E65878F6F9345DC357D1F5AF27E98^pimgpsh_fullsize_distr-1024x827.png\" alt=\"\" width=\"840\" height=\"678\" srcset=\"https:\/\/www.spymasterpro.com\/es\/wp-content\/uploads\/2015\/01\/^3FAC83535F7A588B33180E65878F6F9345DC357D1F5AF27E98^pimgpsh_fullsize_distr-1024x827.png 1024w, https:\/\/www.spymasterpro.com\/es\/wp-content\/uploads\/2015\/01\/^3FAC83535F7A588B33180E65878F6F9345DC357D1F5AF27E98^pimgpsh_fullsize_distr-600x485.png 600w, https:\/\/www.spymasterpro.com\/es\/wp-content\/uploads\/2015\/01\/^3FAC83535F7A588B33180E65878F6F9345DC357D1F5AF27E98^pimgpsh_fullsize_distr-300x242.png 300w, https:\/\/www.spymasterpro.com\/es\/wp-content\/uploads\/2015\/01\/^3FAC83535F7A588B33180E65878F6F9345DC357D1F5AF27E98^pimgpsh_fullsize_distr-768x621.png 768w, https:\/\/www.spymasterpro.com\/es\/wp-content\/uploads\/2015\/01\/^3FAC83535F7A588B33180E65878F6F9345DC357D1F5AF27E98^pimgpsh_fullsize_distr-1200x970.png 1200w, https:\/\/www.spymasterpro.com\/es\/wp-content\/uploads\/2015\/01\/^3FAC83535F7A588B33180E65878F6F9345DC357D1F5AF27E98^pimgpsh_fullsize_distr.png 1287w\" sizes=\"auto, (max-width: 709px) 85vw, (max-width: 909px) 67vw, (max-width: 1362px) 62vw, 840px\" \/><\/p>\r\n<p><strong><span style=\"font-size: 19px; font-family: bold;\">Facebook:<\/span><\/strong><\/p>\r\n<p>SI su hijo es un adicto de Facebook y quiere pararlo no se preocupe. Ahora la aplicaci\u00f3n recoge datos del Messenger de Facebook con todo lujo de detalles.<\/p>\r\n<p><img loading=\"lazy\" decoding=\"async\" class=\"alignright wp-image-659 size-large\" src=\"https:\/\/www.spymasterpro.com\/es\/wp-content\/uploads\/2015\/01\/facebook-1024x667.png\" alt=\"facebook\" width=\"840\" height=\"547\" srcset=\"https:\/\/www.spymasterpro.com\/es\/wp-content\/uploads\/2015\/01\/facebook-1024x667.png 1024w, https:\/\/www.spymasterpro.com\/es\/wp-content\/uploads\/2015\/01\/facebook-600x391.png 600w, https:\/\/www.spymasterpro.com\/es\/wp-content\/uploads\/2015\/01\/facebook-300x195.png 300w, https:\/\/www.spymasterpro.com\/es\/wp-content\/uploads\/2015\/01\/facebook-768x500.png 768w, https:\/\/www.spymasterpro.com\/es\/wp-content\/uploads\/2015\/01\/facebook-1200x781.png 1200w, https:\/\/www.spymasterpro.com\/es\/wp-content\/uploads\/2015\/01\/facebook.png 1287w\" sizes=\"auto, (max-width: 709px) 85vw, (max-width: 909px) 67vw, (max-width: 1362px) 62vw, 840px\" \/><\/p>\r\n<p><strong><span style=\"font-size: 19px; font-family: bold;\">Viber:<\/span><\/strong><\/p>\r\n<p>No se preocupe pues Spymaster Pro puede recoger datos de todas las llamadas entrantes y salientes desde Viber con fecha y hora exactas.<\/p>\r\n<p><strong>Soporte:<\/strong><\/p>\r\n<p>Para cualquier pregunta mande un email a <strong>support@spymasterpro.com<\/strong><\/p>\r\n\r\n<h4><strong>Spymaster Pro le permite escuchar las llamadas al tel\u00e9fono objetivo.<\/strong><\/h4>\r\n<div class=\"spy-viber-it-change\">\r\n<ul>\r\n \t<li>Escuche las llamdas en tiempo real tanto entrantes como salientes.<\/li>\r\n \t<li>Una vez active el software podr\u00e1 oir las llamadas con su propio tel\u00e9fono. Para ello deber\u00e1 emparejar su tel\u00e9fono con el objetivo haciendo una llamada desde el tel\u00e9fono objetivo durante menos de 30 segundos.<\/li>\r\n \t<li>El tel\u00e9fono objetivo nunca sabr\u00e1 nada acerca de estos hechos.<\/li>\r\n<\/ul>\r\n<\/div>\r\n<h4 style=\"margin-top: 15px; text-align: justify;\"><strong>Por qu\u00e9 necesita esta caracter\u00edstica<\/strong><\/h4>\r\n<div class=\"spy-viber-it-change\">\r\n<ul>\r\n \t<li>Estas necesidades surgen cuando descubre que sus hijos no est\u00e1n comodos hablando por tel\u00e9fono con usted delante.<\/li>\r\n \t<li>Puede sentir la necesidad de saber de que hablan.<\/li>\r\n \t<li>Puede ser que dude del uso que sus empleados le dan a los tel\u00e9fonos que les da para uso oficial.<\/li>\r\n \t<li>En estos casos cuando les vea hablando por tel\u00e9fono solo tiene que marcar su n\u00famero y sabra de que hablan.<\/li>\r\n<\/ul>\r\n<\/div>\r\n<script type=\"application\/ld+json\">\r\n    {\r\n      \"@context\": \"https:\/\/schema.org\",\r\n      \"@type\": \"SoftwareApplication\",\r\n      \"name\" : \"Spymaster Pro\",\r\n  \t  \"image\" : \"https:\/\/www.spymasterpro.com\/es\/wp-content\/uploads\/2015\/01\/dashboard-768x500.png\",\r\n  \t  \"operatingSystem\": \"Windows 7, OSX 10.6, Android 1.6\",\r\n      \"applicationCategory\": \"BusinessApplication\",\r\n      \"featureList\": \"WhatsApp, Facebook, Instagram\",\r\n      \"aggregateRating\": {\r\n        \"@type\": \"AggregateRating\",\r\n        \"ratingValue\": \"4.8\",\r\n        \"ratingCount\": \"63527\"\r\n      },\r\n      \"offers\": {\r\n        \"@type\": \"Offer\",\r\n        \"price\": \"7.99\",\r\n        \"priceCurrency\": \"USD\"\r\n      }\r\n    }\r\n    <\/script>","protected":false},"excerpt":{"rendered":"<p>\u00bfNo es imposible mantener continuamente un control sobre alguien? Pero si hay necesidad de ello, entonces uno debe buscar cualquiera de las opciones que figuran a continuaci\u00f3n. Preguntar a amigos. Comprobar el tema del que duda. Usar sistemas de vigilancia. Usted podr\u00eda tomar uno de sus tel\u00e9fonos y mirar pues sabe que los tel\u00e9fonos tienen &hellip; <a href=\"https:\/\/www.spymasterpro.com\/es\/como-funciona-spymaster-pro\/\" class=\"more-link\">Continue reading<span class=\"screen-reader-text\"> &#8220;Como Funciona Spymaster Pro&#8221;<\/span><\/a><\/p>\n","protected":false},"author":1,"featured_media":0,"parent":0,"menu_order":0,"comment_status":"open","ping_status":"open","template":"","meta":{"_acf_changed":false,"footnotes":""},"class_list":["post-331","page","type-page","status-publish","hentry"],"acf":[],"aioseo_notices":[],"_links":{"self":[{"href":"https:\/\/www.spymasterpro.com\/es\/wp-json\/wp\/v2\/pages\/331","targetHints":{"allow":["GET"]}}],"collection":[{"href":"https:\/\/www.spymasterpro.com\/es\/wp-json\/wp\/v2\/pages"}],"about":[{"href":"https:\/\/www.spymasterpro.com\/es\/wp-json\/wp\/v2\/types\/page"}],"author":[{"embeddable":true,"href":"https:\/\/www.spymasterpro.com\/es\/wp-json\/wp\/v2\/users\/1"}],"replies":[{"embeddable":true,"href":"https:\/\/www.spymasterpro.com\/es\/wp-json\/wp\/v2\/comments?post=331"}],"version-history":[{"count":3,"href":"https:\/\/www.spymasterpro.com\/es\/wp-json\/wp\/v2\/pages\/331\/revisions"}],"predecessor-version":[{"id":3914,"href":"https:\/\/www.spymasterpro.com\/es\/wp-json\/wp\/v2\/pages\/331\/revisions\/3914"}],"wp:attachment":[{"href":"https:\/\/www.spymasterpro.com\/es\/wp-json\/wp\/v2\/media?parent=331"}],"curies":[{"name":"wp","href":"https:\/\/api.w.org\/{rel}","templated":true}]}}