{"id":21,"date":"2013-04-15T11:59:04","date_gmt":"2013-04-15T11:59:04","guid":{"rendered":"https:\/\/www.spymasterpro.com\/es\/?page_id=21"},"modified":"2023-03-09T08:03:27","modified_gmt":"2023-03-09T08:03:27","slug":"android-espia","status":"publish","type":"page","link":"https:\/\/www.spymasterpro.com\/es\/android-espia\/","title":{"rendered":"Android Espia"},"content":{"rendered":"<section id=\"android_spy_banner\">\r\n<div class=\"container\">\r\n<div class=\"row\">\r\n<div class=\"col-xl-8 col-lg-8 col-md-8 col-sm-12 iphone_right_point\">\r\n<h4>Monitorizaci\u00f3n Android<\/h4>\r\n<h6>EL MONITOREO DE ANDROID ES MUY ACCESIBLE<\/h6>\r\n<ul>\r\n \t<li>Busque en Mensajes eliminados, WhatsApp, Facebook Chat, GPS y muchos m\u00e1s.<\/li>\r\n \t<li>Caracter\u00edsticas esenciales con el precio m\u00ednimo garantizado<\/li>\r\n \t<li>Spymaster es compatible con Android 6 Marshmallow to Android 11<\/li>\r\n \t<li>Accesible desde cualquier navegador Web<\/li>\r\n \t<li>100% seguro y exitoso<\/li>\r\n \t<li>Soporte multiling\u00fce 24\/7<\/li>\r\n<\/ul>\r\n<div class=\"slider_btn\"><a class=\"blue_btn\" href=\"https:\/\/www.spymasterpro.com\/demo\/index.php\"><i class=\"fa fa-play\"><\/i> Demo <\/a> <a class=\"blue_btn demo_btn\" href=\"https:\/\/www.spymasterpro.com\/es\/comprar-ahora\/\">CONSIGALO AQU\u00cd<\/a><\/div>\r\n<\/div>\r\n<div class=\"col-xl-4 col-lg-4 col-md-4 hidden-sm-down iphone_left_img\"><img loading=\"lazy\" decoding=\"async\" class=\"alignnone\" title=\"Monitorizaci\u00f3n Android\" src=\"..\/wp-content\/uploads\/2017\/02\/android_spy_phone_img.png\" alt=\"Monitorizaci\u00f3n Android\" width=\"340\" height=\"377\" \/><\/div>\r\n<\/div>\r\n<\/div>\r\n<\/section>\r\n\r\n<section id=\"android_spy\">\r\n<div class=\"container\">\r\n<div class=\"row\">\r\n<div class=\"col-xs-12\">\r\n<h2>Esp\u00eda tel\u00e9fonos Android con Spymaster Pro!<\/h2>\r\n&nbsp;\r\n<\/div>\r\n\r\n<div class=\"col-xl-5 col-lg-5 col-sm-5 col-md-5 col-sm-12 col-xs-12\">\r\n\r\n<img loading=\"lazy\" decoding=\"async\" class=\"alignnone\" title=\"Esp\u00eda tel\u00e9fonos Android con Spymaster Pro!\" src=\"..\/wp-content\/uploads\/2017\/02\/androind_spy_img.png\" alt=\"Esp\u00eda tel\u00e9fonos Android con Spymaster Pro!\" width=\"477\" height=\"241\" \/>\r\n\r\n<\/div>\r\n<div class=\"col-xl-7 col-lg-7 col-sm-7 col-md-7 col-sm-12 col-xs-12\">\r\n\r\nSpymaster Pro le ayuda a realizar un seguimiento de cada registro del tel\u00e9fono Android deseado. No hay necesidad de tocar el tel\u00e9fono y es posible acceder a todos los datos de forma remota. Obtenga este software esp\u00eda y comience a seguir a sus seres queridos o empleados dudosos. Este software esp\u00eda es muy f\u00e1cil de usar, funciona desde cualquier ubicaci\u00f3n. Es 100% seguro de usar, la persona objetivo nunca llega a saber acerca de su presencia.\r\n\r\n<\/div>\r\n\r\n<\/div>\r\n<\/div>\r\n<\/section>\r\n\r\n<section id=\"android_spy_feature\">\r\n<div class=\"container\">\r\n<div class=\"row\">\r\n<div class=\"col-xs-12 feature_heading text-xs-center\">\r\n<h3>Spymaster Pro caracter\u00edstica<\/h3>\r\n<\/div>\r\n\r\n<div class=\"col-xl-6 col-lg-6 col-sm-6 col-md-6 col-xs-6 android_spy_points\">\r\n<h5><img loading=\"lazy\" decoding=\"async\" class=\"alignnone\" title=\"Seguimiento de llamadas\" src=\"..\/wp-content\/uploads\/2017\/02\/android_icon.png\" alt=\"Seguimiento de llamadas\" width=\"31\" height=\"25\" \/> Seguimiento de llamadas<\/h5>\r\nEl software de espionaje Android tiene seguimiento de llamadas que le da acceso a los n\u00fameros de tel\u00e9fono que se marcan y reciben incluso la duraci\u00f3n de las llamadas.\r\n\r\n<\/div>\r\n<div class=\"col-xl-6 col-lg-6 col-sm-6 col-md-6 col-xs-6 android_spy_points\">\r\n<h5><img loading=\"lazy\" decoding=\"async\" class=\"alignnone\" title=\"RASTREO MENSAJES DE TEXTO\" src=\"..\/wp-content\/uploads\/2017\/02\/feature_icon2.png\" alt=\"RASTREO MENSAJES DE TEXTO\" width=\"48\" height=\"38\" \/> RASTREO MENSAJES DE TEXTO<\/h5>\r\nCon nuestra Tecnologia de rastreo de mensajes usted podra leer todos los mensajes entrantes y salientes de de telefono que se esta espiando aun cuando los mensajes hallan sido borrados.\r\n\r\n<\/div>\r\n<div class=\"col-xl-6 col-lg-6 col-sm-6 col-md-6 col-xs-6 android_spy_points\">\r\n<h5><img loading=\"lazy\" decoding=\"async\" class=\"alignnone\" title=\"RASTREO EN TIEMPO REAL VIA GPS\" src=\"..\/wp-content\/uploads\/2017\/02\/feature_icon3.png\" alt=\"RASTREO EN TIEMPO REAL VIA GPS\" width=\"45\" height=\"56\" \/> RASTREO EN TIEMPO REAL VIA GPS<\/h5>\r\n<a href=\"https:\/\/www.spymasterpro.com\/es\/seguimiento-gps-del-telefono\/\" target=\"_blank\" rel=\"noopener noreferrer\"><strong>Rastreo GPS<\/strong> <\/a>es una de las herramientas mas utiles de este programa, al toque de un boton usted podra saber la locacion exacta del telefono asi podra ver si sus hijos estan en la escuela no en el parque o si su pareja es donde dice que va estar.\r\n\r\n<\/div>\r\n<div class=\"col-xl-6 col-lg-6 col-sm-6 col-md-6 col-xs-6 android_spy_points\">\r\n<h5><img loading=\"lazy\" decoding=\"async\" class=\"alignnone\" title=\"RASTREO DE FOTOS TOMADAS\" src=\"..\/wp-content\/uploads\/2017\/02\/feature_icon10.png\" alt=\"RASTREO DE FOTOS TOMADAS\" width=\"52\" height=\"42\" \/> RASTREO DE FOTOS TOMADAS<\/h5>\r\nEl programa spy master pro le permite ver todas las fotos tomadas por el telefono rastreado aun aquellas que han sido borradas, si usted prodra optener informacion confidencial the las fotos tomadas por la persona que quiere espiar!\r\n\r\n<\/div>\r\n<div class=\"col-xl-6 col-lg-6 col-sm-6 col-md-6 col-xs-6 android_spy_points\">\r\n<h5><img loading=\"lazy\" decoding=\"async\" class=\"alignnone\" title=\"RASTREO DE PAGINAS WEB VISITADAS\" src=\"..\/wp-content\/uploads\/2017\/02\/android_icon2.png\" alt=\"RASTREO DE PAGINAS WEB VISITADAS\" width=\"27\" height=\"27\" \/> RASTREO DE PAGINAS WEB VISITADAS<\/h5>\r\nNuestro prgrama le dara acceso a todas las pagianas visitadas por el telefono que usted esta espiando esto le permitira saber que su hijo , empleado u esposo es viendo en el internet desde su celular.\r\n\r\n<\/div>\r\n<div class=\"col-xl-6 col-lg-6 col-sm-6 col-md-6 col-xs-6 android_spy_points\">\r\n<h5><img loading=\"lazy\" decoding=\"async\" class=\"alignnone\" title=\"RASTREO DE LA LIBRERIA DE NUMERO TELEFONICOS\" src=\"..\/wp-content\/uploads\/2017\/02\/feature_icon6.png\" alt=\"RASTREO DE LA LIBRERIA DE NUMERO TELEFONICOS\" width=\"48\" height=\"43\" \/> RASTREO DE LA LIBRERIA DE NUMERO TELEFONICOS<\/h5>\r\nCon nuestro programa usted podra ver todos los telefono que han sido grabado en movil que espia..\r\n\r\n<\/div>\r\n<div class=\"col-xl-6 col-lg-6 col-sm-6 col-md-6 col-xs-6 android_spy_points\">\r\n<h5><img loading=\"lazy\" decoding=\"async\" class=\"alignnone\" title=\"RASTREO DE LA LIBRERIA DE NUMERO TELEFONICOS\" src=\"..\/wp-content\/uploads\/2017\/02\/feature_icon6.png\" alt=\"RASTREO DE LA LIBRERIA DE NUMERO TELEFONICOS\" width=\"48\" height=\"43\" \/> RASTREO DE LA LIBRERIA DE NUMERO TELEFONICOS<\/h5>\r\nCon nuestro programa usted podra ver todos los telefono que han sido grabado en movil que espia..\r\n\r\n<\/div>\r\n<div class=\"col-xl-6 col-lg-6 col-sm-6 col-md-6 col-xs-6 android_spy_points\">\r\n<h5><img loading=\"lazy\" decoding=\"async\" class=\"alignnone\" title=\"Contacto whtasapp\" src=\"https:\/\/www.spymasterpro.com\/es\/wp-content\/uploads\/2017\/02\/feature_icon8.png\" alt=\"Contacto whtasapp\" width=\"50\" height=\"50\" \/> Contacto whtasapp<\/h5>\r\nVer toda la lista de contactos de WhatsApp del tel\u00e9fono m\u00f3vil iOS \/ Android con su nombre y n\u00famero de contacto. Incluso puede controlar todos los chats del tel\u00e9fono con la fecha y hora exactas.\r\n\r\n<\/div>\r\n<div class=\"col-xl-12 col-xs-12 col-sm-12 col-md-12 strip_txt text-xs-center web_strip\">Ahora Compre Spymaster Pro Android Premium Con Un 50% De Descuento A Solo $ 5.29\/ Mes<\/div>\r\n<div class=\"col-xl-12 col-xs-12 col-sm-12 col-md-12 strip_btn feature_bottom spy_btn text-xs-center hidden-md-up\">\r\n\r\n<a class=\"blue_btn\" href=\"https:\/\/www.spymasterpro.com\/demo\/index.php\">Tour Rapido<\/a>\r\n\r\n<a class=\"white_btn demo_btn\" href=\"https:\/\/www.spymasterpro.com\/es\/comprar-ahora\/\">CONSIGALO AQU\u00cd<\/a>\r\n\r\n<\/div>\r\n<div class=\"col-xl-6 col-lg-6 col-sm-6 col-md-6 col-xs-6 android_spy_points\">\r\n<h5><img loading=\"lazy\" decoding=\"async\" class=\"alignnone\" title=\"Suivi WhatsApp\" src=\"..\/wp-content\/uploads\/2017\/02\/feature_icon8.png\" alt=\"Suivi WhatsApp\" width=\"50\" height=\"50\" \/> Suivi WhatsApp<\/h5>\r\nSpymaster pro le permite leer o ver las conversaciones de texto enteras que sus adolescentes est\u00e1n llevando a cabo. Las im\u00e1genes compartidas, v\u00eddeos y audios tambi\u00e9n pueden ser monitorizadas junto con sus sellos temporales exactos.\r\n\r\n<\/div>\r\n<div class=\"col-xl-6 col-lg-6 col-sm-6 col-md-6 col-xs-6 android_spy_points\">\r\n<h5><img loading=\"lazy\" decoding=\"async\" class=\"alignnone\" title=\"Snapchat\" src=\"https:\/\/www.spymasterpro.com\/es\/wp-content\/uploads\/2017\/08\/snapchat_icon.png\" alt=\"Snapchat\" width=\"19\" height=\"17\" \/> Snapchat<\/h5>\r\nCon esta funci\u00f3n, puede tener control total sobre los mensajes de texto que se intercambian desde el tel\u00e9fono de destino. Aparte de ello, puede acceder a informaci\u00f3n completa como la fecha exacta y la hora de los chats se intercambiaron.\r\n\r\n<\/div>\r\n<div class=\"col-xl-6 col-lg-6 col-sm-6 col-md-6 col-xs-6 android_spy_points\">\r\n<h5><img loading=\"lazy\" decoding=\"async\" class=\"alignnone\" title=\"Suivi Facebook Messenger\" src=\"..\/wp-content\/uploads\/2017\/02\/feature_icon9.png\" alt=\"Suivi Facebook Messenger\" width=\"44\" height=\"44\" \/> Suivi Facebook Messenger<\/h5>\r\nLos registros de los chats de Facebook pueden ser le\u00eddos o consultados a distancia en cualquier momento. As\u00ed que consulte con qui\u00e9n est\u00e1n hablando sus hijos y quienes son sus amigos con Facebook: un sitio web de redes sociales. Spymaster Pro le permite <a href=\"https:\/\/www.spymasterpro.com\/es\/facebook-spia\/\" target=\"_blank\" rel=\"noopener noreferrer\"><strong>rastrear todos los registros del chat de Facebook<\/strong><\/a> de forma remota con los detalles espec\u00edficos de tiempo y hora.\r\n\r\n<\/div>\r\n<div class=\"col-xl-6 col-lg-6 col-sm-6 col-md-6 col-xs-6 android_spy_points\">\r\n<h5><img loading=\"lazy\" decoding=\"async\" class=\"alignnone\" title=\"Instagram\" src=\"https:\/\/www.spymasterpro.com\/es\/wp-content\/uploads\/2017\/08\/instagram_icon.png\" alt=\"Instagram\" width=\"19\" height=\"17\" \/>Instagram<\/h5>\r\nCon Spymaster Pro, puede leer los mensajes de chat y tiene un control total sobre los archivos multimedia (fotos y videos) que se intercambian desde el dispositivo iOS \/ Android de destino.\r\n\r\n<\/div>\r\n<div class=\"col-xl-12 col-xs-12 col-sm-12 col-md-12 strip_txt text-xs-center\">El precio comienza desde $ 4.4 solamente\/ mes con un 50% de descuento<\/div>\r\n<div class=\"col-xl-12 col-xs-12 col-sm-12 col-md-12 strip_btn spy_btn feature_bottom text-xs-center\">\r\n\r\n<a class=\"white_btn demo_btn hidden-md-up\" href=\"https:\/\/www.spymasterpro.com\/es\/seguro-de-usar\/\">Seguro De Usar<\/a>\r\n\r\n<a class=\"blue_btn hidden-sm-down\" href=\"https:\/\/www.spymasterpro.com\/es\/tour-rapido\/\">Tour Rapido<\/a>\r\n\r\n<a class=\"white_btn demo_btn\" href=\"https:\/\/www.spymasterpro.com\/es\/comprar-ahora\/\">CONSIGALO AQU\u00cd<\/a>\r\n\r\n<\/div>\r\n<\/div>\r\n<\/div>\r\n<\/section>\r\n<script type=\"application\/ld+json\">\r\n{\r\n  \"@context\": \"https:\/\/schema.org\",\r\n  \"@type\": \"SoftwareApplication\",\r\n  \"name\" : \"Spymaster Pro\",\r\n  \"image\" : \"https:\/\/www.spymasterpro.com\/es\/wp-content\/uploads\/2017\/02\/android_spy_phone_img.png\",\r\n  \"operatingSystem\": \"Windows 7, OSX 10.6, Android 1.6\",\r\n  \"applicationCategory\": \"BusinessApplication\",\r\n  \"featureList\": \"WhatsApp, Facebook, Instagram\",\r\n  \"aggregateRating\": {\r\n\t\"@type\": \"AggregateRating\",\r\n\t\"ratingValue\": \"4.9\",\r\n\t\"ratingCount\": \"67523\"\r\n  },\r\n  \"offers\": {\r\n\t\"@type\": \"Offer\",\r\n\t\"price\": \"7.99\",\r\n\t\"priceCurrency\": \"USD\"\r\n  }\r\n}\r\n<\/script>","protected":false},"excerpt":{"rendered":"<p>Monitorizaci\u00f3n Android EL MONITOREO DE ANDROID ES MUY ACCESIBLE Busque en Mensajes eliminados, WhatsApp, Facebook Chat, GPS y muchos m\u00e1s. Caracter\u00edsticas esenciales con el precio m\u00ednimo garantizado Spymaster es compatible con Android 6 Marshmallow to Android 11 Accesible desde cualquier navegador Web 100% seguro y exitoso Soporte multiling\u00fce 24\/7 Demo CONSIGALO AQU\u00cd Esp\u00eda tel\u00e9fonos Android &hellip; <a href=\"https:\/\/www.spymasterpro.com\/es\/android-espia\/\" class=\"more-link\">Continue reading<span class=\"screen-reader-text\"> &#8220;Android Espia&#8221;<\/span><\/a><\/p>\n","protected":false},"author":1,"featured_media":0,"parent":0,"menu_order":0,"comment_status":"open","ping_status":"open","template":"page-full.php","meta":{"_acf_changed":false,"footnotes":""},"class_list":["post-21","page","type-page","status-publish","hentry"],"acf":[],"aioseo_notices":[],"_links":{"self":[{"href":"https:\/\/www.spymasterpro.com\/es\/wp-json\/wp\/v2\/pages\/21","targetHints":{"allow":["GET"]}}],"collection":[{"href":"https:\/\/www.spymasterpro.com\/es\/wp-json\/wp\/v2\/pages"}],"about":[{"href":"https:\/\/www.spymasterpro.com\/es\/wp-json\/wp\/v2\/types\/page"}],"author":[{"embeddable":true,"href":"https:\/\/www.spymasterpro.com\/es\/wp-json\/wp\/v2\/users\/1"}],"replies":[{"embeddable":true,"href":"https:\/\/www.spymasterpro.com\/es\/wp-json\/wp\/v2\/comments?post=21"}],"version-history":[{"count":3,"href":"https:\/\/www.spymasterpro.com\/es\/wp-json\/wp\/v2\/pages\/21\/revisions"}],"predecessor-version":[{"id":3838,"href":"https:\/\/www.spymasterpro.com\/es\/wp-json\/wp\/v2\/pages\/21\/revisions\/3838"}],"wp:attachment":[{"href":"https:\/\/www.spymasterpro.com\/es\/wp-json\/wp\/v2\/media?parent=21"}],"curies":[{"name":"wp","href":"https:\/\/api.w.org\/{rel}","templated":true}]}}