{"id":200,"date":"2015-01-22T12:43:40","date_gmt":"2015-01-22T12:43:40","guid":{"rendered":"https:\/\/www.spymasterpro.com\/es\/?page_id=200"},"modified":"2022-08-09T10:13:26","modified_gmt":"2022-08-09T10:13:26","slug":"espionaje-del-telefono-movil","status":"publish","type":"page","link":"https:\/\/www.spymasterpro.com\/es\/espionaje-del-telefono-movil\/","title":{"rendered":"Espionaje del tel\u00e9fono m\u00f3vil"},"content":{"rendered":"<h4>Esp\u00eda el tel\u00e9fono m\u00f3vil usando Pro Spymaster Pro<\/h4>\r\n<img loading=\"lazy\" decoding=\"async\" class=\"aligncenter wp-image-823 size-full\" title=\"Espionaje del tel\u00e9fono m\u00f3vil\" src=\"https:\/\/www.spymasterpro.com\/es\/wp-content\/uploads\/2015\/01\/image.png\" alt=\"Espionaje del tel\u00e9fono m\u00f3vil\" width=\"605\" height=\"287\" srcset=\"https:\/\/www.spymasterpro.com\/es\/wp-content\/uploads\/2015\/01\/image.png 605w, https:\/\/www.spymasterpro.com\/es\/wp-content\/uploads\/2015\/01\/image-600x285.png 600w, https:\/\/www.spymasterpro.com\/es\/wp-content\/uploads\/2015\/01\/image-300x142.png 300w\" sizes=\"auto, (max-width: 605px) 85vw, 605px\" \/>\r\n\r\nSpymaster Pro es un potente software esp\u00eda que le permite realizar un seguimiento de todos los datos del tel\u00e9fono deseado ya sea en su Android o iOS. Le da el 100% de datos relevantes sin tocar el tel\u00e9fono. Se puede acceder a todo de manera remota, sentado en la comodidad de su hogar. Acaba de obtener el software y comience a comprobar los chats de WhatsApp, mensajes de Facebook, registros de llamadas, fotos y mucho m\u00e1s en un solo clic.\r\n<h2 style=\"color: black;\">Spymaster Pro incluye una variedad de aplicaciones<\/h2>\r\n<h4 class=\"tracking\"><strong><img decoding=\"async\" src=\"https:\/\/www.spymasterpro.com\/wp-content\/uploads\/2015\/04\/sms.png\" alt=\"\" \/>Rastreo de SMS<\/strong><\/h4>\r\nGuarda un <a href=\"https:\/\/www.spymasterpro.com\/es\/seguimiento-de-sms\/\" target=\"_blank\" rel=\"noopener noreferrer\"><strong>registro de los SMS<\/strong><\/a> que se env\u00edan\/reciben. Todos los mensajes se guardan en una cuenta de Spymaster Pro. Aunque la persona tenga el h\u00e1bito de borrar los mensajes de texto, usted seguir\u00e1 disponiendo del registro de estos mensajes en su cuenta.\r\n<h4>Rastreo de localizaci\u00f3n GPS<\/h4>\r\nAhora, con la ayuda de Google, usted puede conocer la ubicaci\u00f3n exacta del tel\u00e9fono. Simplemente accede a su cuenta y podr\u00e1 saber si su hijo est\u00e1 estudiando en la biblioteca o de fiesta con sus amigos. Toda esta informaci\u00f3n ser\u00e1 enviada en el servidor en tiempo real.\r\n<h4>Rastreo del correo electr\u00f3nico<\/h4>\r\nSpymaster Pro registra los mensajes entrantes y enviados de correo electr\u00f3nico para que as\u00ed pueda comprobar el contenido de ellos. Todos los mensajes de correo quedan almacenados en la cuenta de Spymaster Pro.\r\n<h4>Acceso a la Gu\u00eda de Contactos<\/h4>\r\nCon Spymaster Pro podr\u00e1 comprobar los n\u00fameros almacenados en su gu\u00eda de tel\u00e9fonos.\r\n<h4>Rastreo de Url<\/h4>\r\nEn Spymaster Pro tambi\u00e9n se registran todas las p\u00e1ginas web que visite el usuario. Se guardar\u00e1 cada detalle de las URL en su cuenta de Spymaster Pro.\r\n<h4>Rastreo de Fotos<\/h4>\r\nSpymaster Pro mantiene un registro de las fotos que se env\u00edan o reciben en el tel\u00e9fono. Cada detalle de la foto se almacena en su cuenta de Spymaster Pro.\r\n<div class=\"bigtext-red\">Obtener el Spymaster Pro solo de $8.32 $6.66 por mes<\/div>\r\n<div class=\"big-button\"><a class=\"blue_btnandroid\" href=\"https:\/\/www.spymasterpro.com\/es\/comprar-ahora\/\">Comprar ahora<\/a><\/div>\r\n<h4>Rastreo de Whats App<\/h4>\r\nA trav\u00e9s de la ayuda de Spymaster Pro, puede seguir el hilo de todas las conversaciones que mantienen sus hijos o su c\u00f3nyuge. Tambi\u00e9n se rastrean todas las fotos y videos compartidos con su fecha y hora.\r\n<h4>Rastreo de Viber<\/h4>\r\nSpymaster Pro <a href=\"https:\/\/www.spymasterpro.com\/es\/viber-espia\/\" target=\"_blank\" rel=\"noopener noreferrer\"><strong>rastrea las conversas de Viber,<\/strong><\/a> as\u00ed como las llamadas y las fotos enviadas y recibidas con la data y la hora. Es compatible con iPhone y Android.\r\n<h4>Rastreo de Facebook Messenger<\/h4>\r\nSpymaster Pro le permite rastrear todas las conversas de Facebook guardadas de forma remota con su fecha y hora exactas.\r\n<div class=\"bigtext-red\">Obtener el Spymaster Pro solo de $10.41 $8.33 por mes<\/div>\r\n<div class=\"big-button\"><a class=\"blue_btnandroid\" href=\"https:\/\/www.spymasterpro.com\/es\/comprar-ahora\/\">Comprar ahora<\/a><\/div>\r\n<script type=\"application\/ld+json\">\r\n    {\r\n      \"@context\": \"https:\/\/schema.org\",\r\n      \"@type\": \"SoftwareApplication\",\r\n      \"name\" : \"Spymaster Pro\",\r\n  \t  \"image\" : \"https:\/\/www.spymasterpro.com\/es\/wp-content\/uploads\/2015\/01\/image.png<span data-mce-type=\"bookmark\" style=\"display: inline-block; width: 0px; overflow: hidden; line-height: 0;\" class=\"mce_SELRES_start\">\ufeff<\/span>\",\r\n  \t  \"operatingSystem\": \"Windows 7, OSX 10.6, Android 1.6\",\r\n      \"applicationCategory\": \"BusinessApplication\",\r\n      \"featureList\": \"WhatsApp, Facebook, Instagram\",\r\n      \"aggregateRating\": {\r\n        \"@type\": \"AggregateRating\",\r\n        \"ratingValue\": \"4.8\",\r\n        \"ratingCount\": \"36523\"\r\n      },\r\n      \"offers\": {\r\n        \"@type\": \"Offer\",\r\n        \"price\": \"7.99\",\r\n        \"priceCurrency\": \"USD\"\r\n      }\r\n    }\r\n    <\/script>","protected":false},"excerpt":{"rendered":"<p>Esp\u00eda el tel\u00e9fono m\u00f3vil usando Pro Spymaster Pro Spymaster Pro es un potente software esp\u00eda que le permite realizar un seguimiento de todos los datos del tel\u00e9fono deseado ya sea en su Android o iOS. Le da el 100% de datos relevantes sin tocar el tel\u00e9fono. Se puede acceder a todo de manera remota, sentado &hellip; <a href=\"https:\/\/www.spymasterpro.com\/es\/espionaje-del-telefono-movil\/\" class=\"more-link\">Continue reading<span class=\"screen-reader-text\"> &#8220;Espionaje del tel\u00e9fono m\u00f3vil&#8221;<\/span><\/a><\/p>\n","protected":false},"author":1,"featured_media":0,"parent":0,"menu_order":0,"comment_status":"open","ping_status":"open","template":"","meta":{"_acf_changed":false,"footnotes":""},"class_list":["post-200","page","type-page","status-publish","hentry"],"acf":[],"aioseo_notices":[],"_links":{"self":[{"href":"https:\/\/www.spymasterpro.com\/es\/wp-json\/wp\/v2\/pages\/200","targetHints":{"allow":["GET"]}}],"collection":[{"href":"https:\/\/www.spymasterpro.com\/es\/wp-json\/wp\/v2\/pages"}],"about":[{"href":"https:\/\/www.spymasterpro.com\/es\/wp-json\/wp\/v2\/types\/page"}],"author":[{"embeddable":true,"href":"https:\/\/www.spymasterpro.com\/es\/wp-json\/wp\/v2\/users\/1"}],"replies":[{"embeddable":true,"href":"https:\/\/www.spymasterpro.com\/es\/wp-json\/wp\/v2\/comments?post=200"}],"version-history":[{"count":2,"href":"https:\/\/www.spymasterpro.com\/es\/wp-json\/wp\/v2\/pages\/200\/revisions"}],"predecessor-version":[{"id":3745,"href":"https:\/\/www.spymasterpro.com\/es\/wp-json\/wp\/v2\/pages\/200\/revisions\/3745"}],"wp:attachment":[{"href":"https:\/\/www.spymasterpro.com\/es\/wp-json\/wp\/v2\/media?parent=200"}],"curies":[{"name":"wp","href":"https:\/\/api.w.org\/{rel}","templated":true}]}}